{"id":218567,"date":"2024-07-28T09:26:00","date_gmt":"2024-07-28T07:26:00","guid":{"rendered":"https:\/\/marktxxl.de\/markt\/produkt\/aurzen-eazze-d1-beamer-official-netfiix-doiby-audio-autofokus-trapezkorrektur-wifi-bluetooth\/"},"modified":"2024-07-28T09:26:00","modified_gmt":"2024-07-28T07:26:00","slug":"aurzen-eazze-d1-beamer-official-netfiix-doiby-audio-autofokus-trapezkorrektur-wifi-bluetooth","status":"publish","type":"product","link":"https:\/\/marktxxl.de\/markt\/produkt\/aurzen-eazze-d1-beamer-official-netfiix-doiby-audio-autofokus-trapezkorrektur-wifi-bluetooth\/","title":{"rendered":"Aurzen Eazze D1 Beamer, Official-NetfIix &amp; DoIby Audio, Autofokus\/Trapezkorrektur WiFi Bluetooth"},"content":{"rendered":"<p>Kosteng\u00fcnstigster intelligenter 4K-Projektor: Der Aurzen D1 Mini-Projektor ist mit offiziell lizenzierten NetfIix, Prime Video- und YouTube-Programmen vorinstalliert. Mit nur einem Klick k\u00f6nnen wir \u00fcber 1.000.000 Videos erreichen. Dar\u00fcber hinaus k\u00f6nnen wir unsere Lieblings-Apps in \u201eBrowser \u00f6ffnen\u201c, \u201eMeine App\u201c und \u201eAPP STORE\u201c herunterladen. Sie m\u00fcssen sich nicht mit dem Anschlie\u00dfen anderer Ger\u00e4te wie einem TV-Stick herumschlagen.<br \/>\nAutofokus &amp; automatische Trapezkorrektur &amp; 2 zus\u00e4tzliche Auto-Techniken: Die Autofokus- und Trapezkorrekturfunktion dieses Filmprojektors ist sehr praktisch. Egal, wo wir den Projektor aufstellen, wir erhalten ein klares, gut ausgerichtetes Bild. Dar\u00fcber hinaus verf\u00fcgt er \u00fcber die einzigartigen Funktionen zur automatischen Hindernisvermeidung und automatischen Bildschirmausrichtung. Egal, wie Sie den Projektor bewegen, das Bild passt gut auf den Bildschirm. Au\u00dferdem passt er das Bild automatisch f\u00fcr eine bessere Anzeige an, wenn er ein Hindernis erkennt. Diese Funktionen sparen wirklich Zeit.<br \/>\nZwei 8-W-Lautsprecher und DoIby Audio-Sound: Mit internen 2 x 8-W-Stereolautsprechern und autorisierter DoIby Audio-Unterst\u00fctzung k\u00f6nnen Sie mit diesem Heimkinoprojektor auch ohne Anschluss externer Lautsprecher vollst\u00e4ndig in die 3D-Stereo-Soundumgebung eintauchen.<br \/>\nNative 1080P- und 4K-Unterst\u00fctzung und HDR10: Die native 1080P-Unterst\u00fctzung f\u00fcr 4K-Aufl\u00f6sung sorgt daf\u00fcr, dass jedes Detail mit atemberaubender Klarheit heraussticht. Au\u00dferdem liefern 99 % NTSC und echtes HDR 10 scharfe und lebensechte Bilder mit lebendigen Farben und tiefem Kontrast, sodass Sie vollst\u00e4ndig in das eintauchen k\u00f6nnen, was Sie gerade sehen.<br \/>\nSchnelleres WLAN und bidirektionales Bluetooth 5.2: Genie\u00dfen Sie schnelle und stabile Verbindungen mit den neuesten WLAN- und Bluetooth-Funktionen unseres Projektors. Es unterst\u00fctzt die bidirektionale Bluetooth 5.2-Audio\u00fcbertragung, kann entweder an ein Mobilger\u00e4t angeschlossen werden, um es als eigenst\u00e4ndiger Stereolautsprecher zu verwenden, oder mit einem externen Bluetooth-Lautsprecher\/Kopfh\u00f6rer\/Soundbar gekoppelt werden, um die Audioeffekte f\u00fcr Heimprojektoren jederzeit und \u00fcberall zu verbessern. Bitte beachten: Die Bluetooth-Funktion unterst\u00fctzt nur die Audio\u00fcbertragung, nicht die Video\u00fcbertragung.<br \/>\n50 % Zoom und 200 Zoll gro\u00dfes Display:Der Heimprojektor von AURZEN verf\u00fcgt \u00fcber eine 100 %-50 % Zoomfunktion. Und er kann 50-200 Zoll gro\u00dfe Bildschirme projizieren. Er ist die beste Wahl f\u00fcr ein begrenztes Budget. Holen Sie sich einen Smart-TV mit gro\u00dfem Bildschirm, erstaunlichem Sound, hervorragender Bildqualit\u00e4t und einem intelligenten System mit fortschrittlicher Automatisierungstechnologie, das Ihnen ein echtes Privatkino bietet.<br \/>\nMehrere Installationsmethoden und verschiedene Ger\u00e4teverbindungen: Der D1-TV-Projektor unterst\u00fctzt Deckenmontage, Tischmontage, Stativmontage und Wandmontage mit 1\/4-Zoll-Schraubloch an der Unterseite und erf\u00fcllt so unterschiedliche Projektionsanforderungen. Dar\u00fcber hinaus verf\u00fcgt es \u00fcber 2 HDMI-Anschl\u00fcsse, 2 USB-Anschl\u00fcsse und eine 3,5-mm-Kopfh\u00f6rerbuchse und ist somit mit Fire TV Stick, Roku, Laptop, iPhone, Android, iPad, USB-Laufwerk, Switch\/PS5 und mehr kompatibel. Perfekt f\u00fcr Filme drinnen und drau\u00dfen, kleine Meetings, Camping im Freien, Gaming, Partys, Lernen und Business.<br \/>\n<div class=\"main-cross-sell\" data-asin=\"B0D3TZTWYN\">\n\n\t<div class=\"WooZone-cross-sell-loader\">\n\t\t<div>\n\t\t\t<div id=\"floatingBarsG\">\n\t\t\t\t<div class=\"blockG\" id=\"rotateG_01\"><\/div>\n\t\t\t\t<div class=\"blockG\" id=\"rotateG_02\"><\/div>\n\t\t\t\t<div class=\"blockG\" id=\"rotateG_03\"><\/div>\n\t\t\t\t<div class=\"blockG\" id=\"rotateG_04\"><\/div>\n\t\t\t\t<div class=\"blockG\" id=\"rotateG_05\"><\/div>\n\t\t\t\t<div class=\"blockG\" id=\"rotateG_06\"><\/div>\n\t\t\t\t<div class=\"blockG\" id=\"rotateG_07\"><\/div>\n\t\t\t\t<div class=\"blockG\" id=\"rotateG_08\"><\/div>\n\t\t\t<\/div>\n\t\t\t<div class=\"WooZone-cross-sell-loader-text\"><\/div>\n\t\t<\/div>\n\t<\/div>\n\n\t\t\n<\/div>\n<div style=\"clear:both;\"><\/div><\/p>\n","protected":false},"excerpt":{"rendered":"<p>Kosteng\u00fcnstigster intelligenter 4K-Projektor: Der Aurzen D1 Mini-Projektor ist mit offiziell lizenzierten NetfIix, Prime Video- und YouTube-Programmen vorinstalliert. Mit nur einem Klick k\u00f6nnen wir \u00fcber 1.000.000 Videos erreichen. Dar\u00fcber hinaus k\u00f6nnen wir unsere Lieblings-Apps in \u201eBrowser \u00f6ffnen\u201c, \u201eMeine App\u201c und \u201eAPP STORE\u201c herunterladen. Sie m\u00fcssen sich nicht mit dem Anschlie\u00dfen anderer Ger\u00e4te wie einem TV-Stick herumschlagen.<br \/>\nAutofokus &amp; automatische Trapezkorrektur &amp; 2 zus\u00e4tzliche Auto-Techniken: Die Autofokus- und Trapezkorrekturfunktion dieses Filmprojektors ist sehr praktisch. Egal, wo wir den Projektor aufstellen, wir erhalten ein klares, gut ausgerichtetes Bild. Dar\u00fcber hinaus verf\u00fcgt er \u00fcber die einzigartigen Funktionen zur automatischen Hindernisvermeidung und automatischen Bildschirmausrichtung. Egal, wie Sie den Projektor bewegen, das Bild passt gut auf den Bildschirm. Au\u00dferdem passt er das Bild automatisch f\u00fcr eine bessere Anzeige an, wenn er ein Hindernis erkennt. Diese Funktionen sparen wirklich Zeit.<br \/>\nZwei 8-W-Lautsprecher und DoIby Audio-Sound: Mit internen 2 x 8-W-Stereolautsprechern und autorisierter DoIby Audio-Unterst\u00fctzung k\u00f6nnen Sie mit diesem Heimkinoprojektor auch ohne Anschluss externer Lautsprecher vollst\u00e4ndig in die 3D-Stereo-Soundumgebung eintauchen.<\/p>\n","protected":false},"featured_media":218568,"comment_status":"open","ping_status":"closed","template":"","meta":[],"product_brand":[],"product_cat":[504,8208],"product_tag":[],"class_list":{"0":"post-218567","1":"product","2":"type-product","3":"status-publish","4":"has-post-thumbnail","6":"product_cat-buerobedarf-schreibwaren","7":"product_cat-bueroelektronik","8":"pa_binding-elektronik","9":"pa_brand-aurzen","10":"pa_color-gold","11":"pa_height-9-1338582584-zoll","12":"pa_length-6-8897637725-zoll","13":"pa_manufacturer-aurzen","14":"pa_width-3-3464566895-zoll","16":"first","17":"instock","18":"shipping-taxable","19":"purchasable","20":"product-type-simple","21":"customify-col","22":"product-has-gallery"},"yoast_head":"<!-- This site is optimized with the Yoast SEO plugin v27.3 - https:\/\/yoast.com\/product\/yoast-seo-wordpress\/ -->\n<title>Aurzen Eazze D1 Beamer, Official-NetfIix &amp; DoIby Audio, Autofokus\/Trapezkorrektur WiFi Bluetooth - Markt-XXL<\/title>\n<meta name=\"description\" content=\"Markt-XXL Aurzen Eazze D1 Beamer, Official-NetfIix &amp; DoIby Audio, Autofokus\/Trapezkorrektur WiFi Bluetooth\" \/>\n<meta name=\"robots\" content=\"index, follow, max-snippet:-1, max-image-preview:large, max-video-preview:-1\" \/>\n<link rel=\"canonical\" href=\"https:\/\/marktxxl.de\/markt\/produkt\/aurzen-eazze-d1-beamer-official-netfiix-doiby-audio-autofokus-trapezkorrektur-wifi-bluetooth\/\" \/>\n<meta property=\"og:locale\" content=\"de_DE\" \/>\n<meta property=\"og:type\" content=\"article\" \/>\n<meta property=\"og:title\" content=\"Aurzen Eazze D1 Beamer, Official-NetfIix &amp; DoIby Audio, Autofokus\/Trapezkorrektur WiFi Bluetooth - Markt-XXL\" \/>\n<meta property=\"og:description\" content=\"Markt-XXL Aurzen Eazze D1 Beamer, Official-NetfIix &amp; DoIby Audio, Autofokus\/Trapezkorrektur WiFi Bluetooth\" \/>\n<meta property=\"og:url\" content=\"https:\/\/marktxxl.de\/markt\/produkt\/aurzen-eazze-d1-beamer-official-netfiix-doiby-audio-autofokus-trapezkorrektur-wifi-bluetooth\/\" \/>\n<meta property=\"og:site_name\" content=\"Markt-XXL\" \/>\n<meta name=\"twitter:card\" content=\"summary_large_image\" \/>\n<meta name=\"twitter:label1\" content=\"Gesch\u00e4tzte Lesezeit\" \/>\n\t<meta name=\"twitter:data1\" content=\"2\u00a0Minuten\" \/>\n<script type=\"application\/ld+json\" class=\"yoast-schema-graph\">{\"@context\":\"https:\\\/\\\/schema.org\",\"@graph\":[{\"@type\":\"WebPage\",\"@id\":\"https:\\\/\\\/marktxxl.de\\\/markt\\\/produkt\\\/aurzen-eazze-d1-beamer-official-netfiix-doiby-audio-autofokus-trapezkorrektur-wifi-bluetooth\\\/\",\"url\":\"https:\\\/\\\/marktxxl.de\\\/markt\\\/produkt\\\/aurzen-eazze-d1-beamer-official-netfiix-doiby-audio-autofokus-trapezkorrektur-wifi-bluetooth\\\/\",\"name\":\"Aurzen Eazze D1 Beamer, Official-NetfIix &amp; DoIby Audio, Autofokus\\\/Trapezkorrektur WiFi Bluetooth - Markt-XXL\",\"isPartOf\":{\"@id\":\"https:\\\/\\\/marktxxl.de\\\/markt\\\/#website\"},\"primaryImageOfPage\":{\"@id\":\"https:\\\/\\\/marktxxl.de\\\/markt\\\/produkt\\\/aurzen-eazze-d1-beamer-official-netfiix-doiby-audio-autofokus-trapezkorrektur-wifi-bluetooth\\\/#primaryimage\"},\"image\":{\"@id\":\"https:\\\/\\\/marktxxl.de\\\/markt\\\/produkt\\\/aurzen-eazze-d1-beamer-official-netfiix-doiby-audio-autofokus-trapezkorrektur-wifi-bluetooth\\\/#primaryimage\"},\"thumbnailUrl\":\"https:\\\/\\\/m.media-amazon.com\\\/images\\\/I\\\/41+AQoMPupL._SL500_.jpg\",\"datePublished\":\"2024-07-28T07:26:00+00:00\",\"description\":\"Markt-XXL Aurzen Eazze D1 Beamer, Official-NetfIix &amp; DoIby Audio, Autofokus\\\/Trapezkorrektur WiFi Bluetooth\",\"breadcrumb\":{\"@id\":\"https:\\\/\\\/marktxxl.de\\\/markt\\\/produkt\\\/aurzen-eazze-d1-beamer-official-netfiix-doiby-audio-autofokus-trapezkorrektur-wifi-bluetooth\\\/#breadcrumb\"},\"inLanguage\":\"de\",\"potentialAction\":[{\"@type\":\"ReadAction\",\"target\":[\"https:\\\/\\\/marktxxl.de\\\/markt\\\/produkt\\\/aurzen-eazze-d1-beamer-official-netfiix-doiby-audio-autofokus-trapezkorrektur-wifi-bluetooth\\\/\"]}]},{\"@type\":\"ImageObject\",\"inLanguage\":\"de\",\"@id\":\"https:\\\/\\\/marktxxl.de\\\/markt\\\/produkt\\\/aurzen-eazze-d1-beamer-official-netfiix-doiby-audio-autofokus-trapezkorrektur-wifi-bluetooth\\\/#primaryimage\",\"url\":\"https:\\\/\\\/m.media-amazon.com\\\/images\\\/I\\\/41+AQoMPupL._SL500_.jpg\",\"contentUrl\":\"https:\\\/\\\/m.media-amazon.com\\\/images\\\/I\\\/41+AQoMPupL._SL500_.jpg\",\"width\":500,\"height\":500},{\"@type\":\"BreadcrumbList\",\"@id\":\"https:\\\/\\\/marktxxl.de\\\/markt\\\/produkt\\\/aurzen-eazze-d1-beamer-official-netfiix-doiby-audio-autofokus-trapezkorrektur-wifi-bluetooth\\\/#breadcrumb\",\"itemListElement\":[{\"@type\":\"ListItem\",\"position\":1,\"name\":\"Startseite\",\"item\":\"https:\\\/\\\/marktxxl.de\\\/markt\\\/\"},{\"@type\":\"ListItem\",\"position\":2,\"name\":\"Markt\",\"item\":\"https:\\\/\\\/marktxxl.de\\\/markt\\\/\"},{\"@type\":\"ListItem\",\"position\":3,\"name\":\"Aurzen Eazze D1 Beamer, Official-NetfIix &amp; DoIby Audio, Autofokus\\\/Trapezkorrektur WiFi Bluetooth\"}]},{\"@type\":\"WebSite\",\"@id\":\"https:\\\/\\\/marktxxl.de\\\/markt\\\/#website\",\"url\":\"https:\\\/\\\/marktxxl.de\\\/markt\\\/\",\"name\":\"Markt-XXL\",\"description\":\"Ihr Markt Online\",\"publisher\":{\"@id\":\"https:\\\/\\\/marktxxl.de\\\/markt\\\/#organization\"},\"potentialAction\":[{\"@type\":\"SearchAction\",\"target\":{\"@type\":\"EntryPoint\",\"urlTemplate\":\"https:\\\/\\\/marktxxl.de\\\/markt\\\/?s={search_term_string}\"},\"query-input\":{\"@type\":\"PropertyValueSpecification\",\"valueRequired\":true,\"valueName\":\"search_term_string\"}}],\"inLanguage\":\"de\"},{\"@type\":\"Organization\",\"@id\":\"https:\\\/\\\/marktxxl.de\\\/markt\\\/#organization\",\"name\":\"Markt-XXL\",\"url\":\"https:\\\/\\\/marktxxl.de\\\/markt\\\/\",\"logo\":{\"@type\":\"ImageObject\",\"inLanguage\":\"de\",\"@id\":\"https:\\\/\\\/marktxxl.de\\\/markt\\\/#\\\/schema\\\/logo\\\/image\\\/\",\"url\":\"https:\\\/\\\/marktxxl.de\\\/markt\\\/wp-content\\\/uploads\\\/sites\\\/3\\\/2020\\\/12\\\/logo.png\",\"contentUrl\":\"https:\\\/\\\/marktxxl.de\\\/markt\\\/wp-content\\\/uploads\\\/sites\\\/3\\\/2020\\\/12\\\/logo.png\",\"width\":200,\"height\":70,\"caption\":\"Markt-XXL\"},\"image\":{\"@id\":\"https:\\\/\\\/marktxxl.de\\\/markt\\\/#\\\/schema\\\/logo\\\/image\\\/\"}}]}<\/script>\n<!-- \/ Yoast SEO plugin. -->","yoast_head_json":{"title":"Aurzen Eazze D1 Beamer, Official-NetfIix &amp; DoIby Audio, Autofokus\/Trapezkorrektur WiFi Bluetooth - Markt-XXL","description":"Markt-XXL Aurzen Eazze D1 Beamer, Official-NetfIix &amp; DoIby Audio, Autofokus\/Trapezkorrektur WiFi Bluetooth","robots":{"index":"index","follow":"follow","max-snippet":"max-snippet:-1","max-image-preview":"max-image-preview:large","max-video-preview":"max-video-preview:-1"},"canonical":"https:\/\/marktxxl.de\/markt\/produkt\/aurzen-eazze-d1-beamer-official-netfiix-doiby-audio-autofokus-trapezkorrektur-wifi-bluetooth\/","og_locale":"de_DE","og_type":"article","og_title":"Aurzen Eazze D1 Beamer, Official-NetfIix &amp; DoIby Audio, Autofokus\/Trapezkorrektur WiFi Bluetooth - Markt-XXL","og_description":"Markt-XXL Aurzen Eazze D1 Beamer, Official-NetfIix &amp; DoIby Audio, Autofokus\/Trapezkorrektur WiFi Bluetooth","og_url":"https:\/\/marktxxl.de\/markt\/produkt\/aurzen-eazze-d1-beamer-official-netfiix-doiby-audio-autofokus-trapezkorrektur-wifi-bluetooth\/","og_site_name":"Markt-XXL","twitter_card":"summary_large_image","twitter_misc":{"Gesch\u00e4tzte Lesezeit":"2\u00a0Minuten"},"schema":{"@context":"https:\/\/schema.org","@graph":[{"@type":"WebPage","@id":"https:\/\/marktxxl.de\/markt\/produkt\/aurzen-eazze-d1-beamer-official-netfiix-doiby-audio-autofokus-trapezkorrektur-wifi-bluetooth\/","url":"https:\/\/marktxxl.de\/markt\/produkt\/aurzen-eazze-d1-beamer-official-netfiix-doiby-audio-autofokus-trapezkorrektur-wifi-bluetooth\/","name":"Aurzen Eazze D1 Beamer, Official-NetfIix &amp; DoIby Audio, Autofokus\/Trapezkorrektur WiFi Bluetooth - Markt-XXL","isPartOf":{"@id":"https:\/\/marktxxl.de\/markt\/#website"},"primaryImageOfPage":{"@id":"https:\/\/marktxxl.de\/markt\/produkt\/aurzen-eazze-d1-beamer-official-netfiix-doiby-audio-autofokus-trapezkorrektur-wifi-bluetooth\/#primaryimage"},"image":{"@id":"https:\/\/marktxxl.de\/markt\/produkt\/aurzen-eazze-d1-beamer-official-netfiix-doiby-audio-autofokus-trapezkorrektur-wifi-bluetooth\/#primaryimage"},"thumbnailUrl":"https:\/\/m.media-amazon.com\/images\/I\/41+AQoMPupL._SL500_.jpg","datePublished":"2024-07-28T07:26:00+00:00","description":"Markt-XXL Aurzen Eazze D1 Beamer, Official-NetfIix &amp; DoIby Audio, Autofokus\/Trapezkorrektur WiFi Bluetooth","breadcrumb":{"@id":"https:\/\/marktxxl.de\/markt\/produkt\/aurzen-eazze-d1-beamer-official-netfiix-doiby-audio-autofokus-trapezkorrektur-wifi-bluetooth\/#breadcrumb"},"inLanguage":"de","potentialAction":[{"@type":"ReadAction","target":["https:\/\/marktxxl.de\/markt\/produkt\/aurzen-eazze-d1-beamer-official-netfiix-doiby-audio-autofokus-trapezkorrektur-wifi-bluetooth\/"]}]},{"@type":"ImageObject","inLanguage":"de","@id":"https:\/\/marktxxl.de\/markt\/produkt\/aurzen-eazze-d1-beamer-official-netfiix-doiby-audio-autofokus-trapezkorrektur-wifi-bluetooth\/#primaryimage","url":"https:\/\/m.media-amazon.com\/images\/I\/41+AQoMPupL._SL500_.jpg","contentUrl":"https:\/\/m.media-amazon.com\/images\/I\/41+AQoMPupL._SL500_.jpg","width":500,"height":500},{"@type":"BreadcrumbList","@id":"https:\/\/marktxxl.de\/markt\/produkt\/aurzen-eazze-d1-beamer-official-netfiix-doiby-audio-autofokus-trapezkorrektur-wifi-bluetooth\/#breadcrumb","itemListElement":[{"@type":"ListItem","position":1,"name":"Startseite","item":"https:\/\/marktxxl.de\/markt\/"},{"@type":"ListItem","position":2,"name":"Markt","item":"https:\/\/marktxxl.de\/markt\/"},{"@type":"ListItem","position":3,"name":"Aurzen Eazze D1 Beamer, Official-NetfIix &amp; DoIby Audio, Autofokus\/Trapezkorrektur WiFi Bluetooth"}]},{"@type":"WebSite","@id":"https:\/\/marktxxl.de\/markt\/#website","url":"https:\/\/marktxxl.de\/markt\/","name":"Markt-XXL","description":"Ihr Markt Online","publisher":{"@id":"https:\/\/marktxxl.de\/markt\/#organization"},"potentialAction":[{"@type":"SearchAction","target":{"@type":"EntryPoint","urlTemplate":"https:\/\/marktxxl.de\/markt\/?s={search_term_string}"},"query-input":{"@type":"PropertyValueSpecification","valueRequired":true,"valueName":"search_term_string"}}],"inLanguage":"de"},{"@type":"Organization","@id":"https:\/\/marktxxl.de\/markt\/#organization","name":"Markt-XXL","url":"https:\/\/marktxxl.de\/markt\/","logo":{"@type":"ImageObject","inLanguage":"de","@id":"https:\/\/marktxxl.de\/markt\/#\/schema\/logo\/image\/","url":"https:\/\/marktxxl.de\/markt\/wp-content\/uploads\/sites\/3\/2020\/12\/logo.png","contentUrl":"https:\/\/marktxxl.de\/markt\/wp-content\/uploads\/sites\/3\/2020\/12\/logo.png","width":200,"height":70,"caption":"Markt-XXL"},"image":{"@id":"https:\/\/marktxxl.de\/markt\/#\/schema\/logo\/image\/"}}]}},"_links":{"self":[{"href":"https:\/\/marktxxl.de\/markt\/wp-json\/wp\/v2\/product\/218567","targetHints":{"allow":["GET"]}}],"collection":[{"href":"https:\/\/marktxxl.de\/markt\/wp-json\/wp\/v2\/product"}],"about":[{"href":"https:\/\/marktxxl.de\/markt\/wp-json\/wp\/v2\/types\/product"}],"replies":[{"embeddable":true,"href":"https:\/\/marktxxl.de\/markt\/wp-json\/wp\/v2\/comments?post=218567"}],"wp:featuredmedia":[{"embeddable":true,"href":"https:\/\/marktxxl.de\/markt\/wp-json\/wp\/v2\/media\/218568"}],"wp:attachment":[{"href":"https:\/\/marktxxl.de\/markt\/wp-json\/wp\/v2\/media?parent=218567"}],"wp:term":[{"taxonomy":"product_brand","embeddable":true,"href":"https:\/\/marktxxl.de\/markt\/wp-json\/wp\/v2\/product_brand?post=218567"},{"taxonomy":"product_cat","embeddable":true,"href":"https:\/\/marktxxl.de\/markt\/wp-json\/wp\/v2\/product_cat?post=218567"},{"taxonomy":"product_tag","embeddable":true,"href":"https:\/\/marktxxl.de\/markt\/wp-json\/wp\/v2\/product_tag?post=218567"}],"curies":[{"name":"wp","href":"https:\/\/api.w.org\/{rel}","templated":true}]}}