{"id":218551,"date":"2024-07-28T09:25:53","date_gmt":"2024-07-28T07:25:53","guid":{"rendered":"https:\/\/marktxxl.de\/markt\/produkt\/christbaumbeleuchtung-mit-ring-400-leds-lichterkette-weihnachtsbaum-mit-16-traenge-1-75m-tannenbaum-lichterkette-fairy-lights-christmas-led-tree-fuer-150cm-240cm-baum-weihnachten-party-hochzeitbunt\/"},"modified":"2024-07-28T09:25:53","modified_gmt":"2024-07-28T07:25:53","slug":"christbaumbeleuchtung-mit-ring-400-leds-lichterkette-weihnachtsbaum-mit-16-traenge-1-75m-tannenbaum-lichterkette-fairy-lights-christmas-led-tree-fuer-150cm-240cm-baum-weihnachten-party-hochzeitbunt","status":"publish","type":"product","link":"https:\/\/marktxxl.de\/markt\/produkt\/christbaumbeleuchtung-mit-ring-400-leds-lichterkette-weihnachtsbaum-mit-16-traenge-1-75m-tannenbaum-lichterkette-fairy-lights-christmas-led-tree-fuer-150cm-240cm-baum-weihnachten-party-hochzeitbunt\/","title":{"rendered":"Christbaumbeleuchtung mit Ring, 400 LEDs Lichterkette Weihnachtsbaum mit 16 tr\u00e4nge 1.75m Tannenbaum lichterkette, Fairy Lights Christmas LED Tree f\u00fcr 150cm-240cm Baum Weihnachten\/Party\/Hochzeit,Bunt"},"content":{"rendered":"<p>\ud83c\udf84\u3010Ideal zum Dekorieren von Weihnachtsb\u00e4umen\u3011\uff1aWeihnachtsbaumlichter: 1,75 m Weihnachtsbaumringlichter, 5 m Netzkabel, insgesamt 16 Gruppen Ringlampen, jede Gruppe von 25 Lampenperlen, 2 Meter lang, 400 LED-Lampen. Der eingebaute Speicherchip kann Ihre endg\u00fcltigen Moduseinstellungen speichern, Sie m\u00fcssen diesen Weihnachtslichtmodus nicht jeden Tag zur\u00fccksetzen.<br \/>\n\ud83c\udf84\u3010Einfach zu installieren\u3011\uff1a Die LED Tree Coat ist eine spezielle Weihnachtsbaumdekoration. Platzieren Sie Lights Christmas Tree Ring Light einfach auf der Spitze des Weihnachtsbaums. Legen Sie einen einzelnen Faden ohne aufw\u00e4ndiges Wickeln sanft auf den Baum, das spart Zeit und Energie. 5 m lange Stromkabel erm\u00f6glichen es Ihnen, Weihnachtsbeleuchtung \u00fcberall einfach zu platzieren, was sehr praktisch ist.<br \/>\n\ud83c\udf84\u30108 Beleuchtungsmodi\u3011 \uff1aDr\u00fccken Sie die untere Taste des Steckers, um den Beleuchtungsmodus nach Belieben zu wechseln. Es gibt 8 Transformationsmodi in der Christmas Light Net Tree Curtain: Kombination \/ Welle \/ Sequenz \/ langsame Lampe \/ Chase \/ langsame D\u00e4mpfung \/ Blitz \/ konstantes Licht. Erstellen Sie eine Beleuchtung f\u00fcr Ihre Familie, Kinder und Freunde mit einer festlichen Atmosph\u00e4re.<br \/>\n\ud83c\udf84\u3010Sicherheit und Wasserdicht\u3011\uff1aDie Fairy Lights Christmas Tree sind Niederdruckenergie, sparen Energie und haben eine lange Lebensdauer, wodurch die Wartungskosten f\u00fcr h\u00e4ufigen Austausch gesenkt werden k\u00f6nnen. Das IP44 Wasserdichtigkeitsniveau der Weihnachtsbeleuchtung kann durch Regenwetter nicht leicht beeintr\u00e4chtigt werden. Sie k\u00f6nnen Baumlampen im Innen- und Au\u00dfenbereich aufh\u00e4ngen.<br \/>\n\ud83c\udf84\u3010Perfektes Weihnachtsgeschenk\u3011\uff1a Sehr gut geeignet f\u00fcr die Schaffung einer Lichtumgebung, Party, Hochzeit, Geburtstag, Weihnachten und andere Jubil\u00e4en, G\u00e4rten, Terrassen und Balkone. Bieten Sie Ihrer Familie, Ihren Kindern und Freunden ein perfektes Weihnachtsgeschenk. Wenn Sie auf Probleme sto\u00dfen, setzen Sie sich bitte rechtzeitig mit uns in Verbindung.<br \/>\n<div class=\"main-cross-sell\" data-asin=\"B0B888RJGH\">\n\n\t<div class=\"WooZone-cross-sell-loader\">\n\t\t<div>\n\t\t\t<div id=\"floatingBarsG\">\n\t\t\t\t<div class=\"blockG\" id=\"rotateG_01\"><\/div>\n\t\t\t\t<div class=\"blockG\" id=\"rotateG_02\"><\/div>\n\t\t\t\t<div class=\"blockG\" id=\"rotateG_03\"><\/div>\n\t\t\t\t<div class=\"blockG\" id=\"rotateG_04\"><\/div>\n\t\t\t\t<div class=\"blockG\" id=\"rotateG_05\"><\/div>\n\t\t\t\t<div class=\"blockG\" id=\"rotateG_06\"><\/div>\n\t\t\t\t<div class=\"blockG\" id=\"rotateG_07\"><\/div>\n\t\t\t\t<div class=\"blockG\" id=\"rotateG_08\"><\/div>\n\t\t\t<\/div>\n\t\t\t<div class=\"WooZone-cross-sell-loader-text\"><\/div>\n\t\t<\/div>\n\t<\/div>\n\n\t\t\n<\/div>\n<div style=\"clear:both;\"><\/div><\/p>\n","protected":false},"excerpt":{"rendered":"<p>\ud83c\udf84\u3010Ideal zum Dekorieren von Weihnachtsb\u00e4umen\u3011\uff1aWeihnachtsbaumlichter: 1,75 m Weihnachtsbaumringlichter, 5 m Netzkabel, insgesamt 16 Gruppen Ringlampen, jede Gruppe von 25 Lampenperlen, 2 Meter lang, 400 LED-Lampen. Der eingebaute Speicherchip kann Ihre endg\u00fcltigen Moduseinstellungen speichern, Sie m\u00fcssen diesen Weihnachtslichtmodus nicht jeden Tag zur\u00fccksetzen.<br \/>\n\ud83c\udf84\u3010Einfach zu installieren\u3011\uff1a Die LED Tree Coat ist eine spezielle Weihnachtsbaumdekoration. Platzieren Sie Lights Christmas Tree Ring Light einfach auf der Spitze des Weihnachtsbaums. Legen Sie einen einzelnen Faden ohne aufw\u00e4ndiges Wickeln sanft auf den Baum, das spart Zeit und Energie. 5 m lange Stromkabel erm\u00f6glichen es Ihnen, Weihnachtsbeleuchtung \u00fcberall einfach zu platzieren, was sehr praktisch ist.<br \/>\n\ud83c\udf84\u30108 Beleuchtungsmodi\u3011 \uff1aDr\u00fccken Sie die untere Taste des Steckers, um den Beleuchtungsmodus nach Belieben zu wechseln. Es gibt 8 Transformationsmodi in der Christmas Light Net Tree Curtain: Kombination \/ Welle \/ Sequenz \/ langsame Lampe \/ Chase \/ langsame D\u00e4mpfung \/ Blitz \/ konstantes Licht. Erstellen Sie eine Beleuchtung f\u00fcr Ihre Familie, Kinder und Freunde mit einer festlichen Atmosph\u00e4re.<\/p>\n","protected":false},"featured_media":218552,"comment_status":"open","ping_status":"closed","template":"","meta":[],"product_brand":[],"product_cat":[2108,11521],"product_tag":[],"class_list":{"0":"post-218551","1":"product","2":"type-product","3":"status-publish","4":"has-post-thumbnail","6":"product_cat-beleuchtung","7":"product_cat-leuchtmittel","8":"pa_binding-haushaltswaren","9":"pa_brand-kiclbd","10":"pa_color-bunt","11":"pa_height-7-2047244021-zoll","12":"pa_length-4-0157480274-zoll","13":"pa_manufacturer-taizhou-rongxiang-lighting-co-ltd","14":"pa_model-rx-83","15":"pa_weight-1-1904962148-pfund","16":"pa_width-4-4881889718-zoll","18":"first","19":"instock","20":"shipping-taxable","21":"purchasable","22":"product-type-simple","23":"customify-col","24":"product-has-gallery"},"yoast_head":"<!-- This site is optimized with the Yoast SEO plugin v27.4 - https:\/\/yoast.com\/product\/yoast-seo-wordpress\/ -->\n<title>Christbaumbeleuchtung mit Ring, 400 LEDs Lichterkette Weihnachtsbaum mit 16 tr\u00e4nge 1.75m Tannenbaum lichterkette, Fairy Lights Christmas LED Tree f\u00fcr 150cm-240cm Baum Weihnachten\/Party\/Hochzeit,Bunt - Markt-XXL<\/title>\n<meta name=\"description\" content=\"Markt-XXL Christbaumbeleuchtung mit Ring, 400 LEDs Lichterkette Weihnachtsbaum mit 16 tr\u00e4nge 1.75m Tannenbaum lichterkette, Fairy Lights Christmas LED Tree f\u00fcr 150cm-240cm Baum Weihnachten\/Party\/Hochzeit,Bunt\" \/>\n<meta name=\"robots\" content=\"index, follow, max-snippet:-1, max-image-preview:large, max-video-preview:-1\" \/>\n<link rel=\"canonical\" href=\"https:\/\/marktxxl.de\/markt\/produkt\/christbaumbeleuchtung-mit-ring-400-leds-lichterkette-weihnachtsbaum-mit-16-traenge-1-75m-tannenbaum-lichterkette-fairy-lights-christmas-led-tree-fuer-150cm-240cm-baum-weihnachten-party-hochzeitbunt\/\" \/>\n<meta property=\"og:locale\" content=\"de_DE\" \/>\n<meta property=\"og:type\" content=\"article\" \/>\n<meta property=\"og:title\" content=\"Christbaumbeleuchtung mit Ring, 400 LEDs Lichterkette Weihnachtsbaum mit 16 tr\u00e4nge 1.75m Tannenbaum lichterkette, Fairy Lights Christmas LED Tree f\u00fcr 150cm-240cm Baum Weihnachten\/Party\/Hochzeit,Bunt - Markt-XXL\" \/>\n<meta property=\"og:description\" content=\"Markt-XXL Christbaumbeleuchtung mit Ring, 400 LEDs Lichterkette Weihnachtsbaum mit 16 tr\u00e4nge 1.75m Tannenbaum lichterkette, Fairy Lights Christmas LED Tree f\u00fcr 150cm-240cm Baum Weihnachten\/Party\/Hochzeit,Bunt\" \/>\n<meta property=\"og:url\" content=\"https:\/\/marktxxl.de\/markt\/produkt\/christbaumbeleuchtung-mit-ring-400-leds-lichterkette-weihnachtsbaum-mit-16-traenge-1-75m-tannenbaum-lichterkette-fairy-lights-christmas-led-tree-fuer-150cm-240cm-baum-weihnachten-party-hochzeitbunt\/\" \/>\n<meta property=\"og:site_name\" content=\"Markt-XXL\" \/>\n<meta name=\"twitter:card\" content=\"summary_large_image\" \/>\n<meta name=\"twitter:label1\" content=\"Gesch\u00e4tzte Lesezeit\" \/>\n\t<meta name=\"twitter:data1\" content=\"1\u00a0Minute\" \/>\n<script type=\"application\/ld+json\" class=\"yoast-schema-graph\">{\"@context\":\"https:\\\/\\\/schema.org\",\"@graph\":[{\"@type\":\"WebPage\",\"@id\":\"https:\\\/\\\/marktxxl.de\\\/markt\\\/produkt\\\/christbaumbeleuchtung-mit-ring-400-leds-lichterkette-weihnachtsbaum-mit-16-traenge-1-75m-tannenbaum-lichterkette-fairy-lights-christmas-led-tree-fuer-150cm-240cm-baum-weihnachten-party-hochzeitbunt\\\/\",\"url\":\"https:\\\/\\\/marktxxl.de\\\/markt\\\/produkt\\\/christbaumbeleuchtung-mit-ring-400-leds-lichterkette-weihnachtsbaum-mit-16-traenge-1-75m-tannenbaum-lichterkette-fairy-lights-christmas-led-tree-fuer-150cm-240cm-baum-weihnachten-party-hochzeitbunt\\\/\",\"name\":\"Christbaumbeleuchtung mit Ring, 400 LEDs Lichterkette Weihnachtsbaum mit 16 tr\u00e4nge 1.75m Tannenbaum lichterkette, Fairy Lights Christmas LED Tree f\u00fcr 150cm-240cm Baum Weihnachten\\\/Party\\\/Hochzeit,Bunt - Markt-XXL\",\"isPartOf\":{\"@id\":\"https:\\\/\\\/marktxxl.de\\\/markt\\\/#website\"},\"primaryImageOfPage\":{\"@id\":\"https:\\\/\\\/marktxxl.de\\\/markt\\\/produkt\\\/christbaumbeleuchtung-mit-ring-400-leds-lichterkette-weihnachtsbaum-mit-16-traenge-1-75m-tannenbaum-lichterkette-fairy-lights-christmas-led-tree-fuer-150cm-240cm-baum-weihnachten-party-hochzeitbunt\\\/#primaryimage\"},\"image\":{\"@id\":\"https:\\\/\\\/marktxxl.de\\\/markt\\\/produkt\\\/christbaumbeleuchtung-mit-ring-400-leds-lichterkette-weihnachtsbaum-mit-16-traenge-1-75m-tannenbaum-lichterkette-fairy-lights-christmas-led-tree-fuer-150cm-240cm-baum-weihnachten-party-hochzeitbunt\\\/#primaryimage\"},\"thumbnailUrl\":\"https:\\\/\\\/m.media-amazon.com\\\/images\\\/I\\\/51+l1dI8lML._SL500_.jpg\",\"datePublished\":\"2024-07-28T07:25:53+00:00\",\"description\":\"Markt-XXL Christbaumbeleuchtung mit Ring, 400 LEDs Lichterkette Weihnachtsbaum mit 16 tr\u00e4nge 1.75m Tannenbaum lichterkette, Fairy Lights Christmas LED Tree f\u00fcr 150cm-240cm Baum Weihnachten\\\/Party\\\/Hochzeit,Bunt\",\"breadcrumb\":{\"@id\":\"https:\\\/\\\/marktxxl.de\\\/markt\\\/produkt\\\/christbaumbeleuchtung-mit-ring-400-leds-lichterkette-weihnachtsbaum-mit-16-traenge-1-75m-tannenbaum-lichterkette-fairy-lights-christmas-led-tree-fuer-150cm-240cm-baum-weihnachten-party-hochzeitbunt\\\/#breadcrumb\"},\"inLanguage\":\"de\",\"potentialAction\":[{\"@type\":\"ReadAction\",\"target\":[\"https:\\\/\\\/marktxxl.de\\\/markt\\\/produkt\\\/christbaumbeleuchtung-mit-ring-400-leds-lichterkette-weihnachtsbaum-mit-16-traenge-1-75m-tannenbaum-lichterkette-fairy-lights-christmas-led-tree-fuer-150cm-240cm-baum-weihnachten-party-hochzeitbunt\\\/\"]}]},{\"@type\":\"ImageObject\",\"inLanguage\":\"de\",\"@id\":\"https:\\\/\\\/marktxxl.de\\\/markt\\\/produkt\\\/christbaumbeleuchtung-mit-ring-400-leds-lichterkette-weihnachtsbaum-mit-16-traenge-1-75m-tannenbaum-lichterkette-fairy-lights-christmas-led-tree-fuer-150cm-240cm-baum-weihnachten-party-hochzeitbunt\\\/#primaryimage\",\"url\":\"https:\\\/\\\/m.media-amazon.com\\\/images\\\/I\\\/51+l1dI8lML._SL500_.jpg\",\"contentUrl\":\"https:\\\/\\\/m.media-amazon.com\\\/images\\\/I\\\/51+l1dI8lML._SL500_.jpg\",\"width\":500,\"height\":500},{\"@type\":\"BreadcrumbList\",\"@id\":\"https:\\\/\\\/marktxxl.de\\\/markt\\\/produkt\\\/christbaumbeleuchtung-mit-ring-400-leds-lichterkette-weihnachtsbaum-mit-16-traenge-1-75m-tannenbaum-lichterkette-fairy-lights-christmas-led-tree-fuer-150cm-240cm-baum-weihnachten-party-hochzeitbunt\\\/#breadcrumb\",\"itemListElement\":[{\"@type\":\"ListItem\",\"position\":1,\"name\":\"Startseite\",\"item\":\"https:\\\/\\\/marktxxl.de\\\/markt\\\/\"},{\"@type\":\"ListItem\",\"position\":2,\"name\":\"Markt\",\"item\":\"https:\\\/\\\/marktxxl.de\\\/markt\\\/\"},{\"@type\":\"ListItem\",\"position\":3,\"name\":\"Christbaumbeleuchtung mit Ring, 400 LEDs Lichterkette Weihnachtsbaum mit 16 tr\u00e4nge 1.75m Tannenbaum lichterkette, Fairy Lights Christmas LED Tree f\u00fcr 150cm-240cm Baum Weihnachten\\\/Party\\\/Hochzeit,Bunt\"}]},{\"@type\":\"WebSite\",\"@id\":\"https:\\\/\\\/marktxxl.de\\\/markt\\\/#website\",\"url\":\"https:\\\/\\\/marktxxl.de\\\/markt\\\/\",\"name\":\"Markt-XXL\",\"description\":\"Ihr Markt Online\",\"publisher\":{\"@id\":\"https:\\\/\\\/marktxxl.de\\\/markt\\\/#organization\"},\"potentialAction\":[{\"@type\":\"SearchAction\",\"target\":{\"@type\":\"EntryPoint\",\"urlTemplate\":\"https:\\\/\\\/marktxxl.de\\\/markt\\\/?s={search_term_string}\"},\"query-input\":{\"@type\":\"PropertyValueSpecification\",\"valueRequired\":true,\"valueName\":\"search_term_string\"}}],\"inLanguage\":\"de\"},{\"@type\":\"Organization\",\"@id\":\"https:\\\/\\\/marktxxl.de\\\/markt\\\/#organization\",\"name\":\"Markt-XXL\",\"url\":\"https:\\\/\\\/marktxxl.de\\\/markt\\\/\",\"logo\":{\"@type\":\"ImageObject\",\"inLanguage\":\"de\",\"@id\":\"https:\\\/\\\/marktxxl.de\\\/markt\\\/#\\\/schema\\\/logo\\\/image\\\/\",\"url\":\"https:\\\/\\\/marktxxl.de\\\/markt\\\/wp-content\\\/uploads\\\/sites\\\/3\\\/2020\\\/12\\\/logo.png\",\"contentUrl\":\"https:\\\/\\\/marktxxl.de\\\/markt\\\/wp-content\\\/uploads\\\/sites\\\/3\\\/2020\\\/12\\\/logo.png\",\"width\":200,\"height\":70,\"caption\":\"Markt-XXL\"},\"image\":{\"@id\":\"https:\\\/\\\/marktxxl.de\\\/markt\\\/#\\\/schema\\\/logo\\\/image\\\/\"}}]}<\/script>\n<!-- \/ Yoast SEO plugin. -->","yoast_head_json":{"title":"Christbaumbeleuchtung mit Ring, 400 LEDs Lichterkette Weihnachtsbaum mit 16 tr\u00e4nge 1.75m Tannenbaum lichterkette, Fairy Lights Christmas LED Tree f\u00fcr 150cm-240cm Baum Weihnachten\/Party\/Hochzeit,Bunt - Markt-XXL","description":"Markt-XXL Christbaumbeleuchtung mit Ring, 400 LEDs Lichterkette Weihnachtsbaum mit 16 tr\u00e4nge 1.75m Tannenbaum lichterkette, Fairy Lights Christmas LED Tree f\u00fcr 150cm-240cm Baum Weihnachten\/Party\/Hochzeit,Bunt","robots":{"index":"index","follow":"follow","max-snippet":"max-snippet:-1","max-image-preview":"max-image-preview:large","max-video-preview":"max-video-preview:-1"},"canonical":"https:\/\/marktxxl.de\/markt\/produkt\/christbaumbeleuchtung-mit-ring-400-leds-lichterkette-weihnachtsbaum-mit-16-traenge-1-75m-tannenbaum-lichterkette-fairy-lights-christmas-led-tree-fuer-150cm-240cm-baum-weihnachten-party-hochzeitbunt\/","og_locale":"de_DE","og_type":"article","og_title":"Christbaumbeleuchtung mit Ring, 400 LEDs Lichterkette Weihnachtsbaum mit 16 tr\u00e4nge 1.75m Tannenbaum lichterkette, Fairy Lights Christmas LED Tree f\u00fcr 150cm-240cm Baum Weihnachten\/Party\/Hochzeit,Bunt - Markt-XXL","og_description":"Markt-XXL Christbaumbeleuchtung mit Ring, 400 LEDs Lichterkette Weihnachtsbaum mit 16 tr\u00e4nge 1.75m Tannenbaum lichterkette, Fairy Lights Christmas LED Tree f\u00fcr 150cm-240cm Baum Weihnachten\/Party\/Hochzeit,Bunt","og_url":"https:\/\/marktxxl.de\/markt\/produkt\/christbaumbeleuchtung-mit-ring-400-leds-lichterkette-weihnachtsbaum-mit-16-traenge-1-75m-tannenbaum-lichterkette-fairy-lights-christmas-led-tree-fuer-150cm-240cm-baum-weihnachten-party-hochzeitbunt\/","og_site_name":"Markt-XXL","twitter_card":"summary_large_image","twitter_misc":{"Gesch\u00e4tzte Lesezeit":"1\u00a0Minute"},"schema":{"@context":"https:\/\/schema.org","@graph":[{"@type":"WebPage","@id":"https:\/\/marktxxl.de\/markt\/produkt\/christbaumbeleuchtung-mit-ring-400-leds-lichterkette-weihnachtsbaum-mit-16-traenge-1-75m-tannenbaum-lichterkette-fairy-lights-christmas-led-tree-fuer-150cm-240cm-baum-weihnachten-party-hochzeitbunt\/","url":"https:\/\/marktxxl.de\/markt\/produkt\/christbaumbeleuchtung-mit-ring-400-leds-lichterkette-weihnachtsbaum-mit-16-traenge-1-75m-tannenbaum-lichterkette-fairy-lights-christmas-led-tree-fuer-150cm-240cm-baum-weihnachten-party-hochzeitbunt\/","name":"Christbaumbeleuchtung mit Ring, 400 LEDs Lichterkette Weihnachtsbaum mit 16 tr\u00e4nge 1.75m Tannenbaum lichterkette, Fairy Lights Christmas LED Tree f\u00fcr 150cm-240cm Baum Weihnachten\/Party\/Hochzeit,Bunt - Markt-XXL","isPartOf":{"@id":"https:\/\/marktxxl.de\/markt\/#website"},"primaryImageOfPage":{"@id":"https:\/\/marktxxl.de\/markt\/produkt\/christbaumbeleuchtung-mit-ring-400-leds-lichterkette-weihnachtsbaum-mit-16-traenge-1-75m-tannenbaum-lichterkette-fairy-lights-christmas-led-tree-fuer-150cm-240cm-baum-weihnachten-party-hochzeitbunt\/#primaryimage"},"image":{"@id":"https:\/\/marktxxl.de\/markt\/produkt\/christbaumbeleuchtung-mit-ring-400-leds-lichterkette-weihnachtsbaum-mit-16-traenge-1-75m-tannenbaum-lichterkette-fairy-lights-christmas-led-tree-fuer-150cm-240cm-baum-weihnachten-party-hochzeitbunt\/#primaryimage"},"thumbnailUrl":"https:\/\/m.media-amazon.com\/images\/I\/51+l1dI8lML._SL500_.jpg","datePublished":"2024-07-28T07:25:53+00:00","description":"Markt-XXL Christbaumbeleuchtung mit Ring, 400 LEDs Lichterkette Weihnachtsbaum mit 16 tr\u00e4nge 1.75m Tannenbaum lichterkette, Fairy Lights Christmas LED Tree f\u00fcr 150cm-240cm Baum Weihnachten\/Party\/Hochzeit,Bunt","breadcrumb":{"@id":"https:\/\/marktxxl.de\/markt\/produkt\/christbaumbeleuchtung-mit-ring-400-leds-lichterkette-weihnachtsbaum-mit-16-traenge-1-75m-tannenbaum-lichterkette-fairy-lights-christmas-led-tree-fuer-150cm-240cm-baum-weihnachten-party-hochzeitbunt\/#breadcrumb"},"inLanguage":"de","potentialAction":[{"@type":"ReadAction","target":["https:\/\/marktxxl.de\/markt\/produkt\/christbaumbeleuchtung-mit-ring-400-leds-lichterkette-weihnachtsbaum-mit-16-traenge-1-75m-tannenbaum-lichterkette-fairy-lights-christmas-led-tree-fuer-150cm-240cm-baum-weihnachten-party-hochzeitbunt\/"]}]},{"@type":"ImageObject","inLanguage":"de","@id":"https:\/\/marktxxl.de\/markt\/produkt\/christbaumbeleuchtung-mit-ring-400-leds-lichterkette-weihnachtsbaum-mit-16-traenge-1-75m-tannenbaum-lichterkette-fairy-lights-christmas-led-tree-fuer-150cm-240cm-baum-weihnachten-party-hochzeitbunt\/#primaryimage","url":"https:\/\/m.media-amazon.com\/images\/I\/51+l1dI8lML._SL500_.jpg","contentUrl":"https:\/\/m.media-amazon.com\/images\/I\/51+l1dI8lML._SL500_.jpg","width":500,"height":500},{"@type":"BreadcrumbList","@id":"https:\/\/marktxxl.de\/markt\/produkt\/christbaumbeleuchtung-mit-ring-400-leds-lichterkette-weihnachtsbaum-mit-16-traenge-1-75m-tannenbaum-lichterkette-fairy-lights-christmas-led-tree-fuer-150cm-240cm-baum-weihnachten-party-hochzeitbunt\/#breadcrumb","itemListElement":[{"@type":"ListItem","position":1,"name":"Startseite","item":"https:\/\/marktxxl.de\/markt\/"},{"@type":"ListItem","position":2,"name":"Markt","item":"https:\/\/marktxxl.de\/markt\/"},{"@type":"ListItem","position":3,"name":"Christbaumbeleuchtung mit Ring, 400 LEDs Lichterkette Weihnachtsbaum mit 16 tr\u00e4nge 1.75m Tannenbaum lichterkette, Fairy Lights Christmas LED Tree f\u00fcr 150cm-240cm Baum Weihnachten\/Party\/Hochzeit,Bunt"}]},{"@type":"WebSite","@id":"https:\/\/marktxxl.de\/markt\/#website","url":"https:\/\/marktxxl.de\/markt\/","name":"Markt-XXL","description":"Ihr Markt Online","publisher":{"@id":"https:\/\/marktxxl.de\/markt\/#organization"},"potentialAction":[{"@type":"SearchAction","target":{"@type":"EntryPoint","urlTemplate":"https:\/\/marktxxl.de\/markt\/?s={search_term_string}"},"query-input":{"@type":"PropertyValueSpecification","valueRequired":true,"valueName":"search_term_string"}}],"inLanguage":"de"},{"@type":"Organization","@id":"https:\/\/marktxxl.de\/markt\/#organization","name":"Markt-XXL","url":"https:\/\/marktxxl.de\/markt\/","logo":{"@type":"ImageObject","inLanguage":"de","@id":"https:\/\/marktxxl.de\/markt\/#\/schema\/logo\/image\/","url":"https:\/\/marktxxl.de\/markt\/wp-content\/uploads\/sites\/3\/2020\/12\/logo.png","contentUrl":"https:\/\/marktxxl.de\/markt\/wp-content\/uploads\/sites\/3\/2020\/12\/logo.png","width":200,"height":70,"caption":"Markt-XXL"},"image":{"@id":"https:\/\/marktxxl.de\/markt\/#\/schema\/logo\/image\/"}}]}},"_links":{"self":[{"href":"https:\/\/marktxxl.de\/markt\/wp-json\/wp\/v2\/product\/218551","targetHints":{"allow":["GET"]}}],"collection":[{"href":"https:\/\/marktxxl.de\/markt\/wp-json\/wp\/v2\/product"}],"about":[{"href":"https:\/\/marktxxl.de\/markt\/wp-json\/wp\/v2\/types\/product"}],"replies":[{"embeddable":true,"href":"https:\/\/marktxxl.de\/markt\/wp-json\/wp\/v2\/comments?post=218551"}],"wp:featuredmedia":[{"embeddable":true,"href":"https:\/\/marktxxl.de\/markt\/wp-json\/wp\/v2\/media\/218552"}],"wp:attachment":[{"href":"https:\/\/marktxxl.de\/markt\/wp-json\/wp\/v2\/media?parent=218551"}],"wp:term":[{"taxonomy":"product_brand","embeddable":true,"href":"https:\/\/marktxxl.de\/markt\/wp-json\/wp\/v2\/product_brand?post=218551"},{"taxonomy":"product_cat","embeddable":true,"href":"https:\/\/marktxxl.de\/markt\/wp-json\/wp\/v2\/product_cat?post=218551"},{"taxonomy":"product_tag","embeddable":true,"href":"https:\/\/marktxxl.de\/markt\/wp-json\/wp\/v2\/product_tag?post=218551"}],"curies":[{"name":"wp","href":"https:\/\/api.w.org\/{rel}","templated":true}]}}