{"id":218434,"date":"2024-07-28T09:04:21","date_gmt":"2024-07-28T07:04:21","guid":{"rendered":"https:\/\/marktxxl.de\/markt\/produkt\/elias-schimmel-dry-schimmelentferner-wand-bad-ohne-chemie-fuer-immer-schimmelfrei-die-alternative-zum-schimmelspray-und-zur-schimmelfarbe-innen-weiss-anti-schimmel-jeden-raum\/"},"modified":"2024-07-28T09:04:21","modified_gmt":"2024-07-28T07:04:21","slug":"elias-schimmel-dry-schimmelentferner-wand-bad-ohne-chemie-fuer-immer-schimmelfrei-die-alternative-zum-schimmelspray-und-zur-schimmelfarbe-innen-weiss-anti-schimmel-jeden-raum","status":"publish","type":"product","link":"https:\/\/marktxxl.de\/markt\/produkt\/elias-schimmel-dry-schimmelentferner-wand-bad-ohne-chemie-fuer-immer-schimmelfrei-die-alternative-zum-schimmelspray-und-zur-schimmelfarbe-innen-weiss-anti-schimmel-jeden-raum\/","title":{"rendered":"ELIAS Schimmel Dry &#8211; Schimmelentferner Wand &amp; Bad -ohne Chemie f\u00fcr immer Schimmelfrei &#8211; Die Alternative zum Schimmelspray und zur Schimmelfarbe innen Wei\u00df &#8211; Anti Schimmel jeden Raum"},"content":{"rendered":"<p>\ud835\udc12\ud835\udc02\ud835\udc07\ud835\udc08\ud835\udc0c\ud835\udc0c\ud835\udc04\ud835\udc0b\ud835\udc12\ud835\udc13\ud835\udc0e\ud835\udc0f &#8211; Idealer Schimmelentferner Wand innen. Mit dem Basismodul geht es gegen Schimmel in der Wohnung. Sie k\u00f6nnen gr\u00f6\u00dfere und feuchte Wandfl\u00e4chen mittels w\u00e4rmender Infrarotstrahlung trocknen und Schimmelsporen effektiv beseitigen.<br \/>\n\ud835\udc04\ud835\udc08\ud835\udc0d\ud835\udc0c\ud835\udc00\ud835\udc0b\ud835\udc08\ud835\udc06\ud835\udc04 \ud835\udc08\ud835\udc0d\ud835\udc15\ud835\udc04\ud835\udc12\ud835\udc13\ud835\udc08\ud835\udc13\ud835\udc08\ud835\udc0e\ud835\udc0d &#8211; Der Schimmel Entferner kann in allen R\u00e4umen verwendet werden und trocknet W\u00e4nde komplett durch daher u.a. Perfekt als Schimmelentferner Tapete. Ihre nachhaltige Alternative, um Feuchtigkeit um beseitigen, somit besser als jedes anti Schimmelspray.<br \/>\n\ud835\udc12\ud835\udc0f\ud835\udc00\ud835\udc11\ud835\udc12\ud835\udc00\ud835\udc0c &amp; \ud835\udc04\ud835\udc05\ud835\udc05\ud835\udc08\ud835\udc19\ud835\udc08\ud835\udc04\ud835\udc0d\ud835\udc13 &#8211; Der Schimmel Vernichter ist extrem sparsam und verbraucht weniger Strom als eine Gl\u00fchbirne. Schimmel Dry bietet dauerhaften Schutz gegen Schimmel und schont Ihren Geldbeutel!<br \/>\n\ud835\udc0d\ud835\udc00\ud835\udc02\ud835\udc07\ud835\udc07\ud835\udc00\ud835\udc0b\ud835\udc13\ud835\udc08\ud835\udc06 &amp; \ud835\udc02\ud835\udc07\ud835\udc04\ud835\udc0c\ud835\udc08\ud835\udc04\ud835\udc05\ud835\udc11\ud835\udc04\ud835\udc08 &#8211; Schimmelentferner Chlorfrei! Wir verzichten auf chemische und chlorhaltige Schimmelentferner, wie Schimmelspray oder \u2013 Schimmel Gel. Ihren Kinder und Haustieren zuliebe. Und auch die Umwelt wird es uns allen danken!<br \/>\n\ud835\udc0f\ud835\udc00\ud835\udc13\ud835\udc04\ud835\udc0d\ud835\udc13\ud835\udc08\ud835\udc04\ud835\udc11\ud835\udc13\ud835\udc04 \ud835\udc13\ud835\udc04\ud835\udc02\ud835\udc07\ud835\udc0d\ud835\udc0e\ud835\udc0b\ud835\udc0e\ud835\udc06\ud835\udc08\ud835\udc04 &#8211; v\u00f6llig anders als mellerud schimmelentferner. Die einzigartige Schichttechnologie wurde vom Frauenhofer-Institut entwickelt und begeistert bereits mehr als 10.000 zufriedene Kunden. Auch bekannt aus 2 Minuten 2 Millionen.<br \/>\n\ud835\udc12\ud835\udc02\ud835\udc07\ud835\udc08\ud835\udc0c\ud835\udc0c\ud835\udc04\ud835\udc0b \ud835\udc04\ud835\udc17 &#8211; Nach dem Schimmeltest das antischimmel Schimmelspray Wand ausprobiert ? ohne Ergebnis? Unser Schimmelentferner ohne Chlor l\u00e4sst mittles W\u00e4rmestrahlung in die Wand den Schimmel entfernen daher auch optimal als schimmelentferner Fenster geeignet. Eben der absolute Schimmel Killer<br \/>\n<div class=\"main-cross-sell\" data-asin=\"B0D79JK41D\">\n\n\t<div class=\"WooZone-cross-sell-loader\">\n\t\t<div>\n\t\t\t<div id=\"floatingBarsG\">\n\t\t\t\t<div class=\"blockG\" id=\"rotateG_01\"><\/div>\n\t\t\t\t<div class=\"blockG\" id=\"rotateG_02\"><\/div>\n\t\t\t\t<div class=\"blockG\" id=\"rotateG_03\"><\/div>\n\t\t\t\t<div class=\"blockG\" id=\"rotateG_04\"><\/div>\n\t\t\t\t<div class=\"blockG\" id=\"rotateG_05\"><\/div>\n\t\t\t\t<div class=\"blockG\" id=\"rotateG_06\"><\/div>\n\t\t\t\t<div class=\"blockG\" id=\"rotateG_07\"><\/div>\n\t\t\t\t<div class=\"blockG\" id=\"rotateG_08\"><\/div>\n\t\t\t<\/div>\n\t\t\t<div class=\"WooZone-cross-sell-loader-text\"><\/div>\n\t\t<\/div>\n\t<\/div>\n\n\t\t\n<\/div>\n<div style=\"clear:both;\"><\/div><\/p>\n","protected":false},"excerpt":{"rendered":"<p>\ud835\udc12\ud835\udc02\ud835\udc07\ud835\udc08\ud835\udc0c\ud835\udc0c\ud835\udc04\ud835\udc0b\ud835\udc12\ud835\udc13\ud835\udc0e\ud835\udc0f &#8211; Idealer Schimmelentferner Wand innen. Mit dem Basismodul geht es gegen Schimmel in der Wohnung. Sie k\u00f6nnen gr\u00f6\u00dfere und feuchte Wandfl\u00e4chen mittels w\u00e4rmender Infrarotstrahlung trocknen und Schimmelsporen effektiv beseitigen.<br \/>\n\ud835\udc04\ud835\udc08\ud835\udc0d\ud835\udc0c\ud835\udc00\ud835\udc0b\ud835\udc08\ud835\udc06\ud835\udc04 \ud835\udc08\ud835\udc0d\ud835\udc15\ud835\udc04\ud835\udc12\ud835\udc13\ud835\udc08\ud835\udc13\ud835\udc08\ud835\udc0e\ud835\udc0d &#8211; Der Schimmel Entferner kann in allen R\u00e4umen verwendet werden und trocknet W\u00e4nde komplett durch daher u.a. Perfekt als Schimmelentferner Tapete. Ihre nachhaltige Alternative, um Feuchtigkeit um beseitigen, somit besser als jedes anti Schimmelspray.<br \/>\n\ud835\udc12\ud835\udc0f\ud835\udc00\ud835\udc11\ud835\udc12\ud835\udc00\ud835\udc0c &amp; \ud835\udc04\ud835\udc05\ud835\udc05\ud835\udc08\ud835\udc19\ud835\udc08\ud835\udc04\ud835\udc0d\ud835\udc13 &#8211; Der Schimmel Vernichter ist extrem sparsam und verbraucht weniger Strom als eine Gl\u00fchbirne. Schimmel Dry bietet dauerhaften Schutz gegen Schimmel und schont Ihren Geldbeutel!<\/p>\n","protected":false},"featured_media":218435,"comment_status":"open","ping_status":"closed","template":"","meta":[],"product_brand":[],"product_cat":[2108,11521],"product_tag":[],"class_list":{"0":"post-218434","1":"product","2":"type-product","3":"status-publish","4":"has-post-thumbnail","6":"product_cat-beleuchtung","7":"product_cat-leuchtmittel","8":"pa_brand-elias","9":"pa_manufacturer-elias","10":"pa_size-1-stueck-3er-pack","11":"pa_weight-3-30693393-pfund","13":"first","14":"instock","15":"shipping-taxable","16":"product-type-simple","17":"customify-col","18":"product-has-gallery"},"yoast_head":"<!-- This site is optimized with the Yoast SEO plugin v27.4 - https:\/\/yoast.com\/product\/yoast-seo-wordpress\/ -->\n<title>ELIAS Schimmel Dry - Schimmelentferner Wand &amp; Bad -ohne Chemie f\u00fcr immer Schimmelfrei - Die Alternative zum Schimmelspray und zur Schimmelfarbe innen Wei\u00df - Anti Schimmel jeden Raum - Markt-XXL<\/title>\n<meta name=\"description\" content=\"Markt-XXL ELIAS Schimmel Dry - Schimmelentferner Wand &amp; Bad -ohne Chemie f\u00fcr immer Schimmelfrei - Die Alternative zum Schimmelspray und zur Schimmelfarbe innen Wei\u00df - Anti Schimmel jeden Raum\" \/>\n<meta name=\"robots\" content=\"index, follow, max-snippet:-1, max-image-preview:large, max-video-preview:-1\" \/>\n<link rel=\"canonical\" href=\"https:\/\/marktxxl.de\/markt\/produkt\/elias-schimmel-dry-schimmelentferner-wand-bad-ohne-chemie-fuer-immer-schimmelfrei-die-alternative-zum-schimmelspray-und-zur-schimmelfarbe-innen-weiss-anti-schimmel-jeden-raum\/\" \/>\n<meta property=\"og:locale\" content=\"de_DE\" \/>\n<meta property=\"og:type\" content=\"article\" \/>\n<meta property=\"og:title\" content=\"ELIAS Schimmel Dry - Schimmelentferner Wand &amp; Bad -ohne Chemie f\u00fcr immer Schimmelfrei - Die Alternative zum Schimmelspray und zur Schimmelfarbe innen Wei\u00df - Anti Schimmel jeden Raum - Markt-XXL\" \/>\n<meta property=\"og:description\" content=\"Markt-XXL ELIAS Schimmel Dry - Schimmelentferner Wand &amp; Bad -ohne Chemie f\u00fcr immer Schimmelfrei - Die Alternative zum Schimmelspray und zur Schimmelfarbe innen Wei\u00df - Anti Schimmel jeden Raum\" \/>\n<meta property=\"og:url\" content=\"https:\/\/marktxxl.de\/markt\/produkt\/elias-schimmel-dry-schimmelentferner-wand-bad-ohne-chemie-fuer-immer-schimmelfrei-die-alternative-zum-schimmelspray-und-zur-schimmelfarbe-innen-weiss-anti-schimmel-jeden-raum\/\" \/>\n<meta property=\"og:site_name\" content=\"Markt-XXL\" \/>\n<meta name=\"twitter:card\" content=\"summary_large_image\" \/>\n<meta name=\"twitter:label1\" content=\"Gesch\u00e4tzte Lesezeit\" \/>\n\t<meta name=\"twitter:data1\" content=\"1\u00a0Minute\" \/>\n<script type=\"application\/ld+json\" class=\"yoast-schema-graph\">{\"@context\":\"https:\\\/\\\/schema.org\",\"@graph\":[{\"@type\":\"WebPage\",\"@id\":\"https:\\\/\\\/marktxxl.de\\\/markt\\\/produkt\\\/elias-schimmel-dry-schimmelentferner-wand-bad-ohne-chemie-fuer-immer-schimmelfrei-die-alternative-zum-schimmelspray-und-zur-schimmelfarbe-innen-weiss-anti-schimmel-jeden-raum\\\/\",\"url\":\"https:\\\/\\\/marktxxl.de\\\/markt\\\/produkt\\\/elias-schimmel-dry-schimmelentferner-wand-bad-ohne-chemie-fuer-immer-schimmelfrei-die-alternative-zum-schimmelspray-und-zur-schimmelfarbe-innen-weiss-anti-schimmel-jeden-raum\\\/\",\"name\":\"ELIAS Schimmel Dry - Schimmelentferner Wand &amp; Bad -ohne Chemie f\u00fcr immer Schimmelfrei - Die Alternative zum Schimmelspray und zur Schimmelfarbe innen Wei\u00df - Anti Schimmel jeden Raum - Markt-XXL\",\"isPartOf\":{\"@id\":\"https:\\\/\\\/marktxxl.de\\\/markt\\\/#website\"},\"primaryImageOfPage\":{\"@id\":\"https:\\\/\\\/marktxxl.de\\\/markt\\\/produkt\\\/elias-schimmel-dry-schimmelentferner-wand-bad-ohne-chemie-fuer-immer-schimmelfrei-die-alternative-zum-schimmelspray-und-zur-schimmelfarbe-innen-weiss-anti-schimmel-jeden-raum\\\/#primaryimage\"},\"image\":{\"@id\":\"https:\\\/\\\/marktxxl.de\\\/markt\\\/produkt\\\/elias-schimmel-dry-schimmelentferner-wand-bad-ohne-chemie-fuer-immer-schimmelfrei-die-alternative-zum-schimmelspray-und-zur-schimmelfarbe-innen-weiss-anti-schimmel-jeden-raum\\\/#primaryimage\"},\"thumbnailUrl\":\"https:\\\/\\\/m.media-amazon.com\\\/images\\\/I\\\/41RnBHKob1L._SL500_.jpg\",\"datePublished\":\"2024-07-28T07:04:21+00:00\",\"description\":\"Markt-XXL ELIAS Schimmel Dry - Schimmelentferner Wand &amp; Bad -ohne Chemie f\u00fcr immer Schimmelfrei - Die Alternative zum Schimmelspray und zur Schimmelfarbe innen Wei\u00df - Anti Schimmel jeden Raum\",\"breadcrumb\":{\"@id\":\"https:\\\/\\\/marktxxl.de\\\/markt\\\/produkt\\\/elias-schimmel-dry-schimmelentferner-wand-bad-ohne-chemie-fuer-immer-schimmelfrei-die-alternative-zum-schimmelspray-und-zur-schimmelfarbe-innen-weiss-anti-schimmel-jeden-raum\\\/#breadcrumb\"},\"inLanguage\":\"de\",\"potentialAction\":[{\"@type\":\"ReadAction\",\"target\":[\"https:\\\/\\\/marktxxl.de\\\/markt\\\/produkt\\\/elias-schimmel-dry-schimmelentferner-wand-bad-ohne-chemie-fuer-immer-schimmelfrei-die-alternative-zum-schimmelspray-und-zur-schimmelfarbe-innen-weiss-anti-schimmel-jeden-raum\\\/\"]}]},{\"@type\":\"ImageObject\",\"inLanguage\":\"de\",\"@id\":\"https:\\\/\\\/marktxxl.de\\\/markt\\\/produkt\\\/elias-schimmel-dry-schimmelentferner-wand-bad-ohne-chemie-fuer-immer-schimmelfrei-die-alternative-zum-schimmelspray-und-zur-schimmelfarbe-innen-weiss-anti-schimmel-jeden-raum\\\/#primaryimage\",\"url\":\"https:\\\/\\\/m.media-amazon.com\\\/images\\\/I\\\/41RnBHKob1L._SL500_.jpg\",\"contentUrl\":\"https:\\\/\\\/m.media-amazon.com\\\/images\\\/I\\\/41RnBHKob1L._SL500_.jpg\",\"width\":500,\"height\":500},{\"@type\":\"BreadcrumbList\",\"@id\":\"https:\\\/\\\/marktxxl.de\\\/markt\\\/produkt\\\/elias-schimmel-dry-schimmelentferner-wand-bad-ohne-chemie-fuer-immer-schimmelfrei-die-alternative-zum-schimmelspray-und-zur-schimmelfarbe-innen-weiss-anti-schimmel-jeden-raum\\\/#breadcrumb\",\"itemListElement\":[{\"@type\":\"ListItem\",\"position\":1,\"name\":\"Startseite\",\"item\":\"https:\\\/\\\/marktxxl.de\\\/markt\\\/\"},{\"@type\":\"ListItem\",\"position\":2,\"name\":\"Markt\",\"item\":\"https:\\\/\\\/marktxxl.de\\\/markt\\\/\"},{\"@type\":\"ListItem\",\"position\":3,\"name\":\"ELIAS Schimmel Dry &#8211; Schimmelentferner Wand &amp; Bad -ohne Chemie f\u00fcr immer Schimmelfrei &#8211; Die Alternative zum Schimmelspray und zur Schimmelfarbe innen Wei\u00df &#8211; Anti Schimmel jeden Raum\"}]},{\"@type\":\"WebSite\",\"@id\":\"https:\\\/\\\/marktxxl.de\\\/markt\\\/#website\",\"url\":\"https:\\\/\\\/marktxxl.de\\\/markt\\\/\",\"name\":\"Markt-XXL\",\"description\":\"Ihr Markt Online\",\"publisher\":{\"@id\":\"https:\\\/\\\/marktxxl.de\\\/markt\\\/#organization\"},\"potentialAction\":[{\"@type\":\"SearchAction\",\"target\":{\"@type\":\"EntryPoint\",\"urlTemplate\":\"https:\\\/\\\/marktxxl.de\\\/markt\\\/?s={search_term_string}\"},\"query-input\":{\"@type\":\"PropertyValueSpecification\",\"valueRequired\":true,\"valueName\":\"search_term_string\"}}],\"inLanguage\":\"de\"},{\"@type\":\"Organization\",\"@id\":\"https:\\\/\\\/marktxxl.de\\\/markt\\\/#organization\",\"name\":\"Markt-XXL\",\"url\":\"https:\\\/\\\/marktxxl.de\\\/markt\\\/\",\"logo\":{\"@type\":\"ImageObject\",\"inLanguage\":\"de\",\"@id\":\"https:\\\/\\\/marktxxl.de\\\/markt\\\/#\\\/schema\\\/logo\\\/image\\\/\",\"url\":\"https:\\\/\\\/marktxxl.de\\\/markt\\\/wp-content\\\/uploads\\\/sites\\\/3\\\/2020\\\/12\\\/logo.png\",\"contentUrl\":\"https:\\\/\\\/marktxxl.de\\\/markt\\\/wp-content\\\/uploads\\\/sites\\\/3\\\/2020\\\/12\\\/logo.png\",\"width\":200,\"height\":70,\"caption\":\"Markt-XXL\"},\"image\":{\"@id\":\"https:\\\/\\\/marktxxl.de\\\/markt\\\/#\\\/schema\\\/logo\\\/image\\\/\"}}]}<\/script>\n<!-- \/ Yoast SEO plugin. -->","yoast_head_json":{"title":"ELIAS Schimmel Dry - Schimmelentferner Wand &amp; Bad -ohne Chemie f\u00fcr immer Schimmelfrei - Die Alternative zum Schimmelspray und zur Schimmelfarbe innen Wei\u00df - Anti Schimmel jeden Raum - Markt-XXL","description":"Markt-XXL ELIAS Schimmel Dry - Schimmelentferner Wand &amp; Bad -ohne Chemie f\u00fcr immer Schimmelfrei - Die Alternative zum Schimmelspray und zur Schimmelfarbe innen Wei\u00df - Anti Schimmel jeden Raum","robots":{"index":"index","follow":"follow","max-snippet":"max-snippet:-1","max-image-preview":"max-image-preview:large","max-video-preview":"max-video-preview:-1"},"canonical":"https:\/\/marktxxl.de\/markt\/produkt\/elias-schimmel-dry-schimmelentferner-wand-bad-ohne-chemie-fuer-immer-schimmelfrei-die-alternative-zum-schimmelspray-und-zur-schimmelfarbe-innen-weiss-anti-schimmel-jeden-raum\/","og_locale":"de_DE","og_type":"article","og_title":"ELIAS Schimmel Dry - Schimmelentferner Wand &amp; Bad -ohne Chemie f\u00fcr immer Schimmelfrei - Die Alternative zum Schimmelspray und zur Schimmelfarbe innen Wei\u00df - Anti Schimmel jeden Raum - Markt-XXL","og_description":"Markt-XXL ELIAS Schimmel Dry - Schimmelentferner Wand &amp; Bad -ohne Chemie f\u00fcr immer Schimmelfrei - Die Alternative zum Schimmelspray und zur Schimmelfarbe innen Wei\u00df - Anti Schimmel jeden Raum","og_url":"https:\/\/marktxxl.de\/markt\/produkt\/elias-schimmel-dry-schimmelentferner-wand-bad-ohne-chemie-fuer-immer-schimmelfrei-die-alternative-zum-schimmelspray-und-zur-schimmelfarbe-innen-weiss-anti-schimmel-jeden-raum\/","og_site_name":"Markt-XXL","twitter_card":"summary_large_image","twitter_misc":{"Gesch\u00e4tzte Lesezeit":"1\u00a0Minute"},"schema":{"@context":"https:\/\/schema.org","@graph":[{"@type":"WebPage","@id":"https:\/\/marktxxl.de\/markt\/produkt\/elias-schimmel-dry-schimmelentferner-wand-bad-ohne-chemie-fuer-immer-schimmelfrei-die-alternative-zum-schimmelspray-und-zur-schimmelfarbe-innen-weiss-anti-schimmel-jeden-raum\/","url":"https:\/\/marktxxl.de\/markt\/produkt\/elias-schimmel-dry-schimmelentferner-wand-bad-ohne-chemie-fuer-immer-schimmelfrei-die-alternative-zum-schimmelspray-und-zur-schimmelfarbe-innen-weiss-anti-schimmel-jeden-raum\/","name":"ELIAS Schimmel Dry - Schimmelentferner Wand &amp; Bad -ohne Chemie f\u00fcr immer Schimmelfrei - Die Alternative zum Schimmelspray und zur Schimmelfarbe innen Wei\u00df - Anti Schimmel jeden Raum - Markt-XXL","isPartOf":{"@id":"https:\/\/marktxxl.de\/markt\/#website"},"primaryImageOfPage":{"@id":"https:\/\/marktxxl.de\/markt\/produkt\/elias-schimmel-dry-schimmelentferner-wand-bad-ohne-chemie-fuer-immer-schimmelfrei-die-alternative-zum-schimmelspray-und-zur-schimmelfarbe-innen-weiss-anti-schimmel-jeden-raum\/#primaryimage"},"image":{"@id":"https:\/\/marktxxl.de\/markt\/produkt\/elias-schimmel-dry-schimmelentferner-wand-bad-ohne-chemie-fuer-immer-schimmelfrei-die-alternative-zum-schimmelspray-und-zur-schimmelfarbe-innen-weiss-anti-schimmel-jeden-raum\/#primaryimage"},"thumbnailUrl":"https:\/\/m.media-amazon.com\/images\/I\/41RnBHKob1L._SL500_.jpg","datePublished":"2024-07-28T07:04:21+00:00","description":"Markt-XXL ELIAS Schimmel Dry - Schimmelentferner Wand &amp; Bad -ohne Chemie f\u00fcr immer Schimmelfrei - Die Alternative zum Schimmelspray und zur Schimmelfarbe innen Wei\u00df - Anti Schimmel jeden Raum","breadcrumb":{"@id":"https:\/\/marktxxl.de\/markt\/produkt\/elias-schimmel-dry-schimmelentferner-wand-bad-ohne-chemie-fuer-immer-schimmelfrei-die-alternative-zum-schimmelspray-und-zur-schimmelfarbe-innen-weiss-anti-schimmel-jeden-raum\/#breadcrumb"},"inLanguage":"de","potentialAction":[{"@type":"ReadAction","target":["https:\/\/marktxxl.de\/markt\/produkt\/elias-schimmel-dry-schimmelentferner-wand-bad-ohne-chemie-fuer-immer-schimmelfrei-die-alternative-zum-schimmelspray-und-zur-schimmelfarbe-innen-weiss-anti-schimmel-jeden-raum\/"]}]},{"@type":"ImageObject","inLanguage":"de","@id":"https:\/\/marktxxl.de\/markt\/produkt\/elias-schimmel-dry-schimmelentferner-wand-bad-ohne-chemie-fuer-immer-schimmelfrei-die-alternative-zum-schimmelspray-und-zur-schimmelfarbe-innen-weiss-anti-schimmel-jeden-raum\/#primaryimage","url":"https:\/\/m.media-amazon.com\/images\/I\/41RnBHKob1L._SL500_.jpg","contentUrl":"https:\/\/m.media-amazon.com\/images\/I\/41RnBHKob1L._SL500_.jpg","width":500,"height":500},{"@type":"BreadcrumbList","@id":"https:\/\/marktxxl.de\/markt\/produkt\/elias-schimmel-dry-schimmelentferner-wand-bad-ohne-chemie-fuer-immer-schimmelfrei-die-alternative-zum-schimmelspray-und-zur-schimmelfarbe-innen-weiss-anti-schimmel-jeden-raum\/#breadcrumb","itemListElement":[{"@type":"ListItem","position":1,"name":"Startseite","item":"https:\/\/marktxxl.de\/markt\/"},{"@type":"ListItem","position":2,"name":"Markt","item":"https:\/\/marktxxl.de\/markt\/"},{"@type":"ListItem","position":3,"name":"ELIAS Schimmel Dry &#8211; Schimmelentferner Wand &amp; Bad -ohne Chemie f\u00fcr immer Schimmelfrei &#8211; Die Alternative zum Schimmelspray und zur Schimmelfarbe innen Wei\u00df &#8211; Anti Schimmel jeden Raum"}]},{"@type":"WebSite","@id":"https:\/\/marktxxl.de\/markt\/#website","url":"https:\/\/marktxxl.de\/markt\/","name":"Markt-XXL","description":"Ihr Markt Online","publisher":{"@id":"https:\/\/marktxxl.de\/markt\/#organization"},"potentialAction":[{"@type":"SearchAction","target":{"@type":"EntryPoint","urlTemplate":"https:\/\/marktxxl.de\/markt\/?s={search_term_string}"},"query-input":{"@type":"PropertyValueSpecification","valueRequired":true,"valueName":"search_term_string"}}],"inLanguage":"de"},{"@type":"Organization","@id":"https:\/\/marktxxl.de\/markt\/#organization","name":"Markt-XXL","url":"https:\/\/marktxxl.de\/markt\/","logo":{"@type":"ImageObject","inLanguage":"de","@id":"https:\/\/marktxxl.de\/markt\/#\/schema\/logo\/image\/","url":"https:\/\/marktxxl.de\/markt\/wp-content\/uploads\/sites\/3\/2020\/12\/logo.png","contentUrl":"https:\/\/marktxxl.de\/markt\/wp-content\/uploads\/sites\/3\/2020\/12\/logo.png","width":200,"height":70,"caption":"Markt-XXL"},"image":{"@id":"https:\/\/marktxxl.de\/markt\/#\/schema\/logo\/image\/"}}]}},"_links":{"self":[{"href":"https:\/\/marktxxl.de\/markt\/wp-json\/wp\/v2\/product\/218434","targetHints":{"allow":["GET"]}}],"collection":[{"href":"https:\/\/marktxxl.de\/markt\/wp-json\/wp\/v2\/product"}],"about":[{"href":"https:\/\/marktxxl.de\/markt\/wp-json\/wp\/v2\/types\/product"}],"replies":[{"embeddable":true,"href":"https:\/\/marktxxl.de\/markt\/wp-json\/wp\/v2\/comments?post=218434"}],"wp:featuredmedia":[{"embeddable":true,"href":"https:\/\/marktxxl.de\/markt\/wp-json\/wp\/v2\/media\/218435"}],"wp:attachment":[{"href":"https:\/\/marktxxl.de\/markt\/wp-json\/wp\/v2\/media?parent=218434"}],"wp:term":[{"taxonomy":"product_brand","embeddable":true,"href":"https:\/\/marktxxl.de\/markt\/wp-json\/wp\/v2\/product_brand?post=218434"},{"taxonomy":"product_cat","embeddable":true,"href":"https:\/\/marktxxl.de\/markt\/wp-json\/wp\/v2\/product_cat?post=218434"},{"taxonomy":"product_tag","embeddable":true,"href":"https:\/\/marktxxl.de\/markt\/wp-json\/wp\/v2\/product_tag?post=218434"}],"curies":[{"name":"wp","href":"https:\/\/api.w.org\/{rel}","templated":true}]}}