{"id":218371,"date":"2024-07-28T08:43:47","date_gmt":"2024-07-28T06:43:47","guid":{"rendered":"https:\/\/marktxxl.de\/markt\/produkt\/philips-hue-white-ambiance-gu10-led-spots-2-er-pack-350-lm-dimmbare-led-lampen-fuer-das-hue-lichtsystem-mit-allen-weisstoenen-smarte-lichtsteuerung-ueber-sprache-und-app\/"},"modified":"2024-07-28T08:43:47","modified_gmt":"2024-07-28T06:43:47","slug":"philips-hue-white-ambiance-gu10-led-spots-2-er-pack-350-lm-dimmbare-led-lampen-fuer-das-hue-lichtsystem-mit-allen-weisstoenen-smarte-lichtsteuerung-ueber-sprache-und-app","status":"publish","type":"product","link":"https:\/\/marktxxl.de\/markt\/produkt\/philips-hue-white-ambiance-gu10-led-spots-2-er-pack-350-lm-dimmbare-led-lampen-fuer-das-hue-lichtsystem-mit-allen-weisstoenen-smarte-lichtsteuerung-ueber-sprache-und-app\/","title":{"rendered":"Philips Hue White Ambiance GU10 LED Spots 2-er Pack (350 lm), dimmbare LED Lampen f\u00fcr das Hue Lichtsystem mit allen Wei\u00dft\u00f6nen, smarte Lichtsteuerung \u00fcber Sprache und App"},"content":{"rendered":"<p>Ihr Zuhause gestalten: Als Wand- oder Deckenleuchte tauchen die zwei Erweiterungslampen von Hue jedes Zuhause in einladendes Licht und setzen tolle Akzente<br \/>\nIndividuelle Wei\u00dfschattierungen: Dank 50.000 Wei\u00dft\u00f6nen von k\u00fchl bis warm schafft das anpassbare, dimmbare LED Licht f\u00fcr jeden Anlass das passende Ambiente<br \/>\nBequeme Lichtsteuerung: Kompatibel mit dem Amazon Echo Dot (3.Generation), Echo Plus und Echo Show (2.Generation) l\u00e4sst sich die Hue LED Beleuchtung mit einem Klick oder einem Wort steuern<br \/>\nSmarte Erweiterung: Die separat erh\u00e4ltliche Hue Bridge Steuerungszentrale kann die LED Spots zusammen mit anderen Lampen oder Zubeh\u00f6r steuern, automatisieren und von \u00fcberall auf der Welt bedienen<br \/>\nEinfache Installation: Die GU10 Gl\u00fchbirnen sind leicht selbst zu installieren, funktionieren in jedem Zuhause und passen in alle Leuchten mit GU10 Fassung<br \/>\n<div class=\"main-cross-sell\" data-asin=\"B099NP74Q7\">\n\n\t<div class=\"WooZone-cross-sell-loader\">\n\t\t<div>\n\t\t\t<div id=\"floatingBarsG\">\n\t\t\t\t<div class=\"blockG\" id=\"rotateG_01\"><\/div>\n\t\t\t\t<div class=\"blockG\" id=\"rotateG_02\"><\/div>\n\t\t\t\t<div class=\"blockG\" id=\"rotateG_03\"><\/div>\n\t\t\t\t<div class=\"blockG\" id=\"rotateG_04\"><\/div>\n\t\t\t\t<div class=\"blockG\" id=\"rotateG_05\"><\/div>\n\t\t\t\t<div class=\"blockG\" id=\"rotateG_06\"><\/div>\n\t\t\t\t<div class=\"blockG\" id=\"rotateG_07\"><\/div>\n\t\t\t\t<div class=\"blockG\" id=\"rotateG_08\"><\/div>\n\t\t\t<\/div>\n\t\t\t<div class=\"WooZone-cross-sell-loader-text\"><\/div>\n\t\t<\/div>\n\t<\/div>\n\n\t\t\n<\/div>\n<div style=\"clear:both;\"><\/div><\/p>\n","protected":false},"excerpt":{"rendered":"<p>Ihr Zuhause gestalten: Als Wand- oder Deckenleuchte tauchen die zwei Erweiterungslampen von Hue jedes Zuhause in einladendes Licht und setzen tolle Akzente<br \/>\nIndividuelle Wei\u00dfschattierungen: Dank 50.000 Wei\u00dft\u00f6nen von k\u00fchl bis warm schafft das anpassbare, dimmbare LED Licht f\u00fcr jeden Anlass das passende Ambiente<br \/>\nBequeme Lichtsteuerung: Kompatibel mit dem Amazon Echo Dot (3.Generation), Echo Plus und Echo Show (2.Generation) l\u00e4sst sich die Hue LED Beleuchtung mit einem Klick oder einem Wort steuern<\/p>\n","protected":false},"featured_media":218372,"comment_status":"open","ping_status":"closed","template":"","meta":[],"product_brand":[],"product_cat":[2108,11521],"product_tag":[],"class_list":{"0":"post-218371","1":"product","2":"type-product","3":"status-publish","4":"has-post-thumbnail","6":"product_cat-beleuchtung","7":"product_cat-leuchtmittel","8":"pa_binding-home","9":"pa_brand-philips-hue","10":"pa_color-weiss","11":"pa_height-2-2834645646-zoll","12":"pa_languages-unbekannt-schwedisch-unbekannt-schwedisch-unbekannt-schwedisch","13":"pa_length-1-968503935-zoll","14":"pa_manufacturer-signify","15":"pa_model-54945","16":"pa_size-2-stueck-1er-pack","17":"pa_weight-0-22487150724-pounds","18":"pa_width-1-968503935-zoll","20":"first","21":"instock","22":"sale","23":"shipping-taxable","24":"purchasable","25":"product-type-simple","26":"customify-col","27":"product-has-gallery"},"yoast_head":"<!-- This site is optimized with the Yoast SEO plugin v27.4 - https:\/\/yoast.com\/product\/yoast-seo-wordpress\/ -->\n<title>Philips Hue White Ambiance GU10 LED Spots 2-er Pack (350 lm), dimmbare LED Lampen f\u00fcr das Hue Lichtsystem mit allen Wei\u00dft\u00f6nen, smarte Lichtsteuerung \u00fcber Sprache und App - Markt-XXL<\/title>\n<meta name=\"description\" content=\"Markt-XXL Philips Hue White Ambiance GU10 LED Spots 2-er Pack (350 lm), dimmbare LED Lampen f\u00fcr das Hue Lichtsystem mit allen Wei\u00dft\u00f6nen, smarte Lichtsteuerung \u00fcber Sprache und App\" \/>\n<meta name=\"robots\" content=\"index, follow, max-snippet:-1, max-image-preview:large, max-video-preview:-1\" \/>\n<link rel=\"canonical\" href=\"https:\/\/marktxxl.de\/markt\/produkt\/philips-hue-white-ambiance-gu10-led-spots-2-er-pack-350-lm-dimmbare-led-lampen-fuer-das-hue-lichtsystem-mit-allen-weisstoenen-smarte-lichtsteuerung-ueber-sprache-und-app\/\" \/>\n<meta property=\"og:locale\" content=\"de_DE\" \/>\n<meta property=\"og:type\" content=\"article\" \/>\n<meta property=\"og:title\" content=\"Philips Hue White Ambiance GU10 LED Spots 2-er Pack (350 lm), dimmbare LED Lampen f\u00fcr das Hue Lichtsystem mit allen Wei\u00dft\u00f6nen, smarte Lichtsteuerung \u00fcber Sprache und App - Markt-XXL\" \/>\n<meta property=\"og:description\" content=\"Markt-XXL Philips Hue White Ambiance GU10 LED Spots 2-er Pack (350 lm), dimmbare LED Lampen f\u00fcr das Hue Lichtsystem mit allen Wei\u00dft\u00f6nen, smarte Lichtsteuerung \u00fcber Sprache und App\" \/>\n<meta property=\"og:url\" content=\"https:\/\/marktxxl.de\/markt\/produkt\/philips-hue-white-ambiance-gu10-led-spots-2-er-pack-350-lm-dimmbare-led-lampen-fuer-das-hue-lichtsystem-mit-allen-weisstoenen-smarte-lichtsteuerung-ueber-sprache-und-app\/\" \/>\n<meta property=\"og:site_name\" content=\"Markt-XXL\" \/>\n<meta name=\"twitter:card\" content=\"summary_large_image\" \/>\n<meta name=\"twitter:label1\" content=\"Gesch\u00e4tzte Lesezeit\" \/>\n\t<meta name=\"twitter:data1\" content=\"1\u00a0Minute\" \/>\n<script type=\"application\/ld+json\" class=\"yoast-schema-graph\">{\"@context\":\"https:\\\/\\\/schema.org\",\"@graph\":[{\"@type\":\"WebPage\",\"@id\":\"https:\\\/\\\/marktxxl.de\\\/markt\\\/produkt\\\/philips-hue-white-ambiance-gu10-led-spots-2-er-pack-350-lm-dimmbare-led-lampen-fuer-das-hue-lichtsystem-mit-allen-weisstoenen-smarte-lichtsteuerung-ueber-sprache-und-app\\\/\",\"url\":\"https:\\\/\\\/marktxxl.de\\\/markt\\\/produkt\\\/philips-hue-white-ambiance-gu10-led-spots-2-er-pack-350-lm-dimmbare-led-lampen-fuer-das-hue-lichtsystem-mit-allen-weisstoenen-smarte-lichtsteuerung-ueber-sprache-und-app\\\/\",\"name\":\"Philips Hue White Ambiance GU10 LED Spots 2-er Pack (350 lm), dimmbare LED Lampen f\u00fcr das Hue Lichtsystem mit allen Wei\u00dft\u00f6nen, smarte Lichtsteuerung \u00fcber Sprache und App - Markt-XXL\",\"isPartOf\":{\"@id\":\"https:\\\/\\\/marktxxl.de\\\/markt\\\/#website\"},\"primaryImageOfPage\":{\"@id\":\"https:\\\/\\\/marktxxl.de\\\/markt\\\/produkt\\\/philips-hue-white-ambiance-gu10-led-spots-2-er-pack-350-lm-dimmbare-led-lampen-fuer-das-hue-lichtsystem-mit-allen-weisstoenen-smarte-lichtsteuerung-ueber-sprache-und-app\\\/#primaryimage\"},\"image\":{\"@id\":\"https:\\\/\\\/marktxxl.de\\\/markt\\\/produkt\\\/philips-hue-white-ambiance-gu10-led-spots-2-er-pack-350-lm-dimmbare-led-lampen-fuer-das-hue-lichtsystem-mit-allen-weisstoenen-smarte-lichtsteuerung-ueber-sprache-und-app\\\/#primaryimage\"},\"thumbnailUrl\":\"https:\\\/\\\/m.media-amazon.com\\\/images\\\/I\\\/41vW1l+xQ9L._SL500_.jpg\",\"datePublished\":\"2024-07-28T06:43:47+00:00\",\"description\":\"Markt-XXL Philips Hue White Ambiance GU10 LED Spots 2-er Pack (350 lm), dimmbare LED Lampen f\u00fcr das Hue Lichtsystem mit allen Wei\u00dft\u00f6nen, smarte Lichtsteuerung \u00fcber Sprache und App\",\"breadcrumb\":{\"@id\":\"https:\\\/\\\/marktxxl.de\\\/markt\\\/produkt\\\/philips-hue-white-ambiance-gu10-led-spots-2-er-pack-350-lm-dimmbare-led-lampen-fuer-das-hue-lichtsystem-mit-allen-weisstoenen-smarte-lichtsteuerung-ueber-sprache-und-app\\\/#breadcrumb\"},\"inLanguage\":\"de\",\"potentialAction\":[{\"@type\":\"ReadAction\",\"target\":[\"https:\\\/\\\/marktxxl.de\\\/markt\\\/produkt\\\/philips-hue-white-ambiance-gu10-led-spots-2-er-pack-350-lm-dimmbare-led-lampen-fuer-das-hue-lichtsystem-mit-allen-weisstoenen-smarte-lichtsteuerung-ueber-sprache-und-app\\\/\"]}]},{\"@type\":\"ImageObject\",\"inLanguage\":\"de\",\"@id\":\"https:\\\/\\\/marktxxl.de\\\/markt\\\/produkt\\\/philips-hue-white-ambiance-gu10-led-spots-2-er-pack-350-lm-dimmbare-led-lampen-fuer-das-hue-lichtsystem-mit-allen-weisstoenen-smarte-lichtsteuerung-ueber-sprache-und-app\\\/#primaryimage\",\"url\":\"https:\\\/\\\/m.media-amazon.com\\\/images\\\/I\\\/41vW1l+xQ9L._SL500_.jpg\",\"contentUrl\":\"https:\\\/\\\/m.media-amazon.com\\\/images\\\/I\\\/41vW1l+xQ9L._SL500_.jpg\",\"width\":338,\"height\":500},{\"@type\":\"BreadcrumbList\",\"@id\":\"https:\\\/\\\/marktxxl.de\\\/markt\\\/produkt\\\/philips-hue-white-ambiance-gu10-led-spots-2-er-pack-350-lm-dimmbare-led-lampen-fuer-das-hue-lichtsystem-mit-allen-weisstoenen-smarte-lichtsteuerung-ueber-sprache-und-app\\\/#breadcrumb\",\"itemListElement\":[{\"@type\":\"ListItem\",\"position\":1,\"name\":\"Startseite\",\"item\":\"https:\\\/\\\/marktxxl.de\\\/markt\\\/\"},{\"@type\":\"ListItem\",\"position\":2,\"name\":\"Markt\",\"item\":\"https:\\\/\\\/marktxxl.de\\\/markt\\\/\"},{\"@type\":\"ListItem\",\"position\":3,\"name\":\"Philips Hue White Ambiance GU10 LED Spots 2-er Pack (350 lm), dimmbare LED Lampen f\u00fcr das Hue Lichtsystem mit allen Wei\u00dft\u00f6nen, smarte Lichtsteuerung \u00fcber Sprache und App\"}]},{\"@type\":\"WebSite\",\"@id\":\"https:\\\/\\\/marktxxl.de\\\/markt\\\/#website\",\"url\":\"https:\\\/\\\/marktxxl.de\\\/markt\\\/\",\"name\":\"Markt-XXL\",\"description\":\"Ihr Markt Online\",\"publisher\":{\"@id\":\"https:\\\/\\\/marktxxl.de\\\/markt\\\/#organization\"},\"potentialAction\":[{\"@type\":\"SearchAction\",\"target\":{\"@type\":\"EntryPoint\",\"urlTemplate\":\"https:\\\/\\\/marktxxl.de\\\/markt\\\/?s={search_term_string}\"},\"query-input\":{\"@type\":\"PropertyValueSpecification\",\"valueRequired\":true,\"valueName\":\"search_term_string\"}}],\"inLanguage\":\"de\"},{\"@type\":\"Organization\",\"@id\":\"https:\\\/\\\/marktxxl.de\\\/markt\\\/#organization\",\"name\":\"Markt-XXL\",\"url\":\"https:\\\/\\\/marktxxl.de\\\/markt\\\/\",\"logo\":{\"@type\":\"ImageObject\",\"inLanguage\":\"de\",\"@id\":\"https:\\\/\\\/marktxxl.de\\\/markt\\\/#\\\/schema\\\/logo\\\/image\\\/\",\"url\":\"https:\\\/\\\/marktxxl.de\\\/markt\\\/wp-content\\\/uploads\\\/sites\\\/3\\\/2020\\\/12\\\/logo.png\",\"contentUrl\":\"https:\\\/\\\/marktxxl.de\\\/markt\\\/wp-content\\\/uploads\\\/sites\\\/3\\\/2020\\\/12\\\/logo.png\",\"width\":200,\"height\":70,\"caption\":\"Markt-XXL\"},\"image\":{\"@id\":\"https:\\\/\\\/marktxxl.de\\\/markt\\\/#\\\/schema\\\/logo\\\/image\\\/\"}}]}<\/script>\n<!-- \/ Yoast SEO plugin. -->","yoast_head_json":{"title":"Philips Hue White Ambiance GU10 LED Spots 2-er Pack (350 lm), dimmbare LED Lampen f\u00fcr das Hue Lichtsystem mit allen Wei\u00dft\u00f6nen, smarte Lichtsteuerung \u00fcber Sprache und App - Markt-XXL","description":"Markt-XXL Philips Hue White Ambiance GU10 LED Spots 2-er Pack (350 lm), dimmbare LED Lampen f\u00fcr das Hue Lichtsystem mit allen Wei\u00dft\u00f6nen, smarte Lichtsteuerung \u00fcber Sprache und App","robots":{"index":"index","follow":"follow","max-snippet":"max-snippet:-1","max-image-preview":"max-image-preview:large","max-video-preview":"max-video-preview:-1"},"canonical":"https:\/\/marktxxl.de\/markt\/produkt\/philips-hue-white-ambiance-gu10-led-spots-2-er-pack-350-lm-dimmbare-led-lampen-fuer-das-hue-lichtsystem-mit-allen-weisstoenen-smarte-lichtsteuerung-ueber-sprache-und-app\/","og_locale":"de_DE","og_type":"article","og_title":"Philips Hue White Ambiance GU10 LED Spots 2-er Pack (350 lm), dimmbare LED Lampen f\u00fcr das Hue Lichtsystem mit allen Wei\u00dft\u00f6nen, smarte Lichtsteuerung \u00fcber Sprache und App - Markt-XXL","og_description":"Markt-XXL Philips Hue White Ambiance GU10 LED Spots 2-er Pack (350 lm), dimmbare LED Lampen f\u00fcr das Hue Lichtsystem mit allen Wei\u00dft\u00f6nen, smarte Lichtsteuerung \u00fcber Sprache und App","og_url":"https:\/\/marktxxl.de\/markt\/produkt\/philips-hue-white-ambiance-gu10-led-spots-2-er-pack-350-lm-dimmbare-led-lampen-fuer-das-hue-lichtsystem-mit-allen-weisstoenen-smarte-lichtsteuerung-ueber-sprache-und-app\/","og_site_name":"Markt-XXL","twitter_card":"summary_large_image","twitter_misc":{"Gesch\u00e4tzte Lesezeit":"1\u00a0Minute"},"schema":{"@context":"https:\/\/schema.org","@graph":[{"@type":"WebPage","@id":"https:\/\/marktxxl.de\/markt\/produkt\/philips-hue-white-ambiance-gu10-led-spots-2-er-pack-350-lm-dimmbare-led-lampen-fuer-das-hue-lichtsystem-mit-allen-weisstoenen-smarte-lichtsteuerung-ueber-sprache-und-app\/","url":"https:\/\/marktxxl.de\/markt\/produkt\/philips-hue-white-ambiance-gu10-led-spots-2-er-pack-350-lm-dimmbare-led-lampen-fuer-das-hue-lichtsystem-mit-allen-weisstoenen-smarte-lichtsteuerung-ueber-sprache-und-app\/","name":"Philips Hue White Ambiance GU10 LED Spots 2-er Pack (350 lm), dimmbare LED Lampen f\u00fcr das Hue Lichtsystem mit allen Wei\u00dft\u00f6nen, smarte Lichtsteuerung \u00fcber Sprache und App - Markt-XXL","isPartOf":{"@id":"https:\/\/marktxxl.de\/markt\/#website"},"primaryImageOfPage":{"@id":"https:\/\/marktxxl.de\/markt\/produkt\/philips-hue-white-ambiance-gu10-led-spots-2-er-pack-350-lm-dimmbare-led-lampen-fuer-das-hue-lichtsystem-mit-allen-weisstoenen-smarte-lichtsteuerung-ueber-sprache-und-app\/#primaryimage"},"image":{"@id":"https:\/\/marktxxl.de\/markt\/produkt\/philips-hue-white-ambiance-gu10-led-spots-2-er-pack-350-lm-dimmbare-led-lampen-fuer-das-hue-lichtsystem-mit-allen-weisstoenen-smarte-lichtsteuerung-ueber-sprache-und-app\/#primaryimage"},"thumbnailUrl":"https:\/\/m.media-amazon.com\/images\/I\/41vW1l+xQ9L._SL500_.jpg","datePublished":"2024-07-28T06:43:47+00:00","description":"Markt-XXL Philips Hue White Ambiance GU10 LED Spots 2-er Pack (350 lm), dimmbare LED Lampen f\u00fcr das Hue Lichtsystem mit allen Wei\u00dft\u00f6nen, smarte Lichtsteuerung \u00fcber Sprache und App","breadcrumb":{"@id":"https:\/\/marktxxl.de\/markt\/produkt\/philips-hue-white-ambiance-gu10-led-spots-2-er-pack-350-lm-dimmbare-led-lampen-fuer-das-hue-lichtsystem-mit-allen-weisstoenen-smarte-lichtsteuerung-ueber-sprache-und-app\/#breadcrumb"},"inLanguage":"de","potentialAction":[{"@type":"ReadAction","target":["https:\/\/marktxxl.de\/markt\/produkt\/philips-hue-white-ambiance-gu10-led-spots-2-er-pack-350-lm-dimmbare-led-lampen-fuer-das-hue-lichtsystem-mit-allen-weisstoenen-smarte-lichtsteuerung-ueber-sprache-und-app\/"]}]},{"@type":"ImageObject","inLanguage":"de","@id":"https:\/\/marktxxl.de\/markt\/produkt\/philips-hue-white-ambiance-gu10-led-spots-2-er-pack-350-lm-dimmbare-led-lampen-fuer-das-hue-lichtsystem-mit-allen-weisstoenen-smarte-lichtsteuerung-ueber-sprache-und-app\/#primaryimage","url":"https:\/\/m.media-amazon.com\/images\/I\/41vW1l+xQ9L._SL500_.jpg","contentUrl":"https:\/\/m.media-amazon.com\/images\/I\/41vW1l+xQ9L._SL500_.jpg","width":338,"height":500},{"@type":"BreadcrumbList","@id":"https:\/\/marktxxl.de\/markt\/produkt\/philips-hue-white-ambiance-gu10-led-spots-2-er-pack-350-lm-dimmbare-led-lampen-fuer-das-hue-lichtsystem-mit-allen-weisstoenen-smarte-lichtsteuerung-ueber-sprache-und-app\/#breadcrumb","itemListElement":[{"@type":"ListItem","position":1,"name":"Startseite","item":"https:\/\/marktxxl.de\/markt\/"},{"@type":"ListItem","position":2,"name":"Markt","item":"https:\/\/marktxxl.de\/markt\/"},{"@type":"ListItem","position":3,"name":"Philips Hue White Ambiance GU10 LED Spots 2-er Pack (350 lm), dimmbare LED Lampen f\u00fcr das Hue Lichtsystem mit allen Wei\u00dft\u00f6nen, smarte Lichtsteuerung \u00fcber Sprache und App"}]},{"@type":"WebSite","@id":"https:\/\/marktxxl.de\/markt\/#website","url":"https:\/\/marktxxl.de\/markt\/","name":"Markt-XXL","description":"Ihr Markt Online","publisher":{"@id":"https:\/\/marktxxl.de\/markt\/#organization"},"potentialAction":[{"@type":"SearchAction","target":{"@type":"EntryPoint","urlTemplate":"https:\/\/marktxxl.de\/markt\/?s={search_term_string}"},"query-input":{"@type":"PropertyValueSpecification","valueRequired":true,"valueName":"search_term_string"}}],"inLanguage":"de"},{"@type":"Organization","@id":"https:\/\/marktxxl.de\/markt\/#organization","name":"Markt-XXL","url":"https:\/\/marktxxl.de\/markt\/","logo":{"@type":"ImageObject","inLanguage":"de","@id":"https:\/\/marktxxl.de\/markt\/#\/schema\/logo\/image\/","url":"https:\/\/marktxxl.de\/markt\/wp-content\/uploads\/sites\/3\/2020\/12\/logo.png","contentUrl":"https:\/\/marktxxl.de\/markt\/wp-content\/uploads\/sites\/3\/2020\/12\/logo.png","width":200,"height":70,"caption":"Markt-XXL"},"image":{"@id":"https:\/\/marktxxl.de\/markt\/#\/schema\/logo\/image\/"}}]}},"_links":{"self":[{"href":"https:\/\/marktxxl.de\/markt\/wp-json\/wp\/v2\/product\/218371","targetHints":{"allow":["GET"]}}],"collection":[{"href":"https:\/\/marktxxl.de\/markt\/wp-json\/wp\/v2\/product"}],"about":[{"href":"https:\/\/marktxxl.de\/markt\/wp-json\/wp\/v2\/types\/product"}],"replies":[{"embeddable":true,"href":"https:\/\/marktxxl.de\/markt\/wp-json\/wp\/v2\/comments?post=218371"}],"wp:featuredmedia":[{"embeddable":true,"href":"https:\/\/marktxxl.de\/markt\/wp-json\/wp\/v2\/media\/218372"}],"wp:attachment":[{"href":"https:\/\/marktxxl.de\/markt\/wp-json\/wp\/v2\/media?parent=218371"}],"wp:term":[{"taxonomy":"product_brand","embeddable":true,"href":"https:\/\/marktxxl.de\/markt\/wp-json\/wp\/v2\/product_brand?post=218371"},{"taxonomy":"product_cat","embeddable":true,"href":"https:\/\/marktxxl.de\/markt\/wp-json\/wp\/v2\/product_cat?post=218371"},{"taxonomy":"product_tag","embeddable":true,"href":"https:\/\/marktxxl.de\/markt\/wp-json\/wp\/v2\/product_tag?post=218371"}],"curies":[{"name":"wp","href":"https:\/\/api.w.org\/{rel}","templated":true}]}}