{"id":218049,"date":"2024-07-28T08:30:03","date_gmt":"2024-07-28T06:30:03","guid":{"rendered":"https:\/\/marktxxl.de\/markt\/produkt\/rena-chris-gua-sha-gesichtswerkzeuge-aus-edelstahl-akupressur-gua-sha-fuer-gesichtsmassage-kieferformung-schwellungsreduzierung-inklusive-tragetasche-und-reinigungstuch-ha\/"},"modified":"2024-07-28T08:30:03","modified_gmt":"2024-07-28T06:30:03","slug":"rena-chris-gua-sha-gesichtswerkzeuge-aus-edelstahl-akupressur-gua-sha-fuer-gesichtsmassage-kieferformung-schwellungsreduzierung-inklusive-tragetasche-und-reinigungstuch-ha","status":"publish","type":"product","link":"https:\/\/marktxxl.de\/markt\/produkt\/rena-chris-gua-sha-gesichtswerkzeuge-aus-edelstahl-akupressur-gua-sha-fuer-gesichtsmassage-kieferformung-schwellungsreduzierung-inklusive-tragetasche-und-reinigungstuch-ha\/","title":{"rendered":"Rena Chris Gua Sha Gesichtswerkzeuge aus Edelstahl \u2013 Akupressur &amp; Gua Sha f\u00fcr Gesichtsmassage, Kieferformung, Schwellungsreduzierung. Inklusive Tragetasche und Reinigungstuch \u2013 Hautpflege-Geschenk"},"content":{"rendered":"<p>\u3010Gesichts-Gua-Sha-Spezialist\u3011Rena Chris Gua Sha Gesichtswerkzeuge mit mehreren Kurven, die sich verschiedenen Konturen anpassen, pr\u00e4zise Akupressur bieten, den Gesichtskontakt verbessern und ein k\u00fchleres, komfortableres Guasha-Erlebnis bieten.<br \/>\n\u3010Gua Sha &amp; Akupressur\u3011Gua Sha formt Ihr Gesicht, beseitigt Schwellungen. Akupunktmassage l\u00f6st Verspannungen und f\u00f6rdert die Durchblutung um Akupunkte. Erleben Sie doppelte Vorteile, verj\u00fcngen Sie Ihre Vitalit\u00e4t!<br \/>\n\u3010Ideal f\u00fcr Gro\u00dfe\u3011 Ideal f\u00fcr Anf\u00e4nger und Fortgeschrittene gleicherma\u00dfen, dieses Gua-Sha-Werkzeug aus Edelstahl bietet eine hautfreundliche Haptik, Haltbarkeit, Geschmeidigkeit und K\u00fchlung.<br \/>\n\u3010Reisebereit\u3011Dieses Gua-Sha-Gesichtswerkzeug aus Edelstahl enth\u00e4lt eine Reisetasche und ein Reinigungstuch f\u00fcr Entspannung und Wartung unterwegs. Anleitung zur einfachen Verwendung zur Verf\u00fcgung gestellt.<br \/>\n\u3010Geschenke &amp; Selbstgebrauch\u3011 Umfassen Sie Orchideen-inspirierte Eleganz, genie\u00dfen Sie Gua Shas beruhigende Vorteile und schenken Sie strahlende, entspannende Haut f\u00fcr Sie und Ihre Lieben.<br \/>\n<div class=\"main-cross-sell\" data-asin=\"B0CXDQSZNQ\">\n\n\t<div class=\"WooZone-cross-sell-loader\">\n\t\t<div>\n\t\t\t<div id=\"floatingBarsG\">\n\t\t\t\t<div class=\"blockG\" id=\"rotateG_01\"><\/div>\n\t\t\t\t<div class=\"blockG\" id=\"rotateG_02\"><\/div>\n\t\t\t\t<div class=\"blockG\" id=\"rotateG_03\"><\/div>\n\t\t\t\t<div class=\"blockG\" id=\"rotateG_04\"><\/div>\n\t\t\t\t<div class=\"blockG\" id=\"rotateG_05\"><\/div>\n\t\t\t\t<div class=\"blockG\" id=\"rotateG_06\"><\/div>\n\t\t\t\t<div class=\"blockG\" id=\"rotateG_07\"><\/div>\n\t\t\t\t<div class=\"blockG\" id=\"rotateG_08\"><\/div>\n\t\t\t<\/div>\n\t\t\t<div class=\"WooZone-cross-sell-loader-text\"><\/div>\n\t\t<\/div>\n\t<\/div>\n\n\t\t\n<\/div>\n<div style=\"clear:both;\"><\/div><\/p>\n","protected":false},"excerpt":{"rendered":"<p>\u3010Gesichts-Gua-Sha-Spezialist\u3011Rena Chris Gua Sha Gesichtswerkzeuge mit mehreren Kurven, die sich verschiedenen Konturen anpassen, pr\u00e4zise Akupressur bieten, den Gesichtskontakt verbessern und ein k\u00fchleres, komfortableres Guasha-Erlebnis bieten.<br \/>\n\u3010Gua Sha &amp; Akupressur\u3011Gua Sha formt Ihr Gesicht, beseitigt Schwellungen. Akupunktmassage l\u00f6st Verspannungen und f\u00f6rdert die Durchblutung um Akupunkte. Erleben Sie doppelte Vorteile, verj\u00fcngen Sie Ihre Vitalit\u00e4t!<br \/>\n\u3010Ideal f\u00fcr Gro\u00dfe\u3011 Ideal f\u00fcr Anf\u00e4nger und Fortgeschrittene gleicherma\u00dfen, dieses Gua-Sha-Werkzeug aus Edelstahl bietet eine hautfreundliche Haptik, Haltbarkeit, Geschmeidigkeit und K\u00fchlung.<\/p>\n","protected":false},"featured_media":218050,"comment_status":"open","ping_status":"closed","template":"","meta":[],"product_brand":[],"product_cat":[2858,6994],"product_tag":[],"class_list":{"0":"post-218049","1":"product","2":"type-product","3":"status-publish","4":"has-post-thumbnail","6":"product_cat-beauty","7":"product_cat-haarpflege-styling","8":"pa_brand-busch-jaeger-3","9":"pa_brand-rena-chris","10":"pa_height-0-7086614166-zoll","11":"pa_length-7-0078740086-zoll","12":"pa_manufacturer-rena-chris","13":"pa_model-b0cxdqsznq","14":"pa_weight-0-50926782522-pounds","15":"pa_width-4-2519684996-zoll","17":"first","18":"instock","19":"shipping-taxable","20":"purchasable","21":"product-type-simple","22":"customify-col","23":"product-has-gallery"},"yoast_head":"<!-- This site is optimized with the Yoast SEO plugin v27.4 - https:\/\/yoast.com\/product\/yoast-seo-wordpress\/ -->\n<title>Rena Chris Gua Sha Gesichtswerkzeuge aus Edelstahl \u2013 Akupressur &amp; Gua Sha f\u00fcr Gesichtsmassage, Kieferformung, Schwellungsreduzierung. Inklusive Tragetasche und Reinigungstuch \u2013 Hautpflege-Geschenk - Markt-XXL<\/title>\n<meta name=\"description\" content=\"Markt-XXL Rena Chris Gua Sha Gesichtswerkzeuge aus Edelstahl \u2013 Akupressur &amp; Gua Sha f\u00fcr Gesichtsmassage, Kieferformung, Schwellungsreduzierung. Inklusive Tragetasche und Reinigungstuch \u2013 Hautpflege-Geschenk\" \/>\n<meta name=\"robots\" content=\"index, follow, max-snippet:-1, max-image-preview:large, max-video-preview:-1\" \/>\n<link rel=\"canonical\" href=\"https:\/\/marktxxl.de\/markt\/produkt\/rena-chris-gua-sha-gesichtswerkzeuge-aus-edelstahl-akupressur-gua-sha-fuer-gesichtsmassage-kieferformung-schwellungsreduzierung-inklusive-tragetasche-und-reinigungstuch-ha\/\" \/>\n<meta property=\"og:locale\" content=\"de_DE\" \/>\n<meta property=\"og:type\" content=\"article\" \/>\n<meta property=\"og:title\" content=\"Rena Chris Gua Sha Gesichtswerkzeuge aus Edelstahl \u2013 Akupressur &amp; Gua Sha f\u00fcr Gesichtsmassage, Kieferformung, Schwellungsreduzierung. Inklusive Tragetasche und Reinigungstuch \u2013 Hautpflege-Geschenk - Markt-XXL\" \/>\n<meta property=\"og:description\" content=\"Markt-XXL Rena Chris Gua Sha Gesichtswerkzeuge aus Edelstahl \u2013 Akupressur &amp; Gua Sha f\u00fcr Gesichtsmassage, Kieferformung, Schwellungsreduzierung. Inklusive Tragetasche und Reinigungstuch \u2013 Hautpflege-Geschenk\" \/>\n<meta property=\"og:url\" content=\"https:\/\/marktxxl.de\/markt\/produkt\/rena-chris-gua-sha-gesichtswerkzeuge-aus-edelstahl-akupressur-gua-sha-fuer-gesichtsmassage-kieferformung-schwellungsreduzierung-inklusive-tragetasche-und-reinigungstuch-ha\/\" \/>\n<meta property=\"og:site_name\" content=\"Markt-XXL\" \/>\n<meta name=\"twitter:card\" content=\"summary_large_image\" \/>\n<meta name=\"twitter:label1\" content=\"Gesch\u00e4tzte Lesezeit\" \/>\n\t<meta name=\"twitter:data1\" content=\"1\u00a0Minute\" \/>\n<script type=\"application\/ld+json\" class=\"yoast-schema-graph\">{\"@context\":\"https:\\\/\\\/schema.org\",\"@graph\":[{\"@type\":\"WebPage\",\"@id\":\"https:\\\/\\\/marktxxl.de\\\/markt\\\/produkt\\\/rena-chris-gua-sha-gesichtswerkzeuge-aus-edelstahl-akupressur-gua-sha-fuer-gesichtsmassage-kieferformung-schwellungsreduzierung-inklusive-tragetasche-und-reinigungstuch-ha\\\/\",\"url\":\"https:\\\/\\\/marktxxl.de\\\/markt\\\/produkt\\\/rena-chris-gua-sha-gesichtswerkzeuge-aus-edelstahl-akupressur-gua-sha-fuer-gesichtsmassage-kieferformung-schwellungsreduzierung-inklusive-tragetasche-und-reinigungstuch-ha\\\/\",\"name\":\"Rena Chris Gua Sha Gesichtswerkzeuge aus Edelstahl \u2013 Akupressur &amp; Gua Sha f\u00fcr Gesichtsmassage, Kieferformung, Schwellungsreduzierung. Inklusive Tragetasche und Reinigungstuch \u2013 Hautpflege-Geschenk - Markt-XXL\",\"isPartOf\":{\"@id\":\"https:\\\/\\\/marktxxl.de\\\/markt\\\/#website\"},\"primaryImageOfPage\":{\"@id\":\"https:\\\/\\\/marktxxl.de\\\/markt\\\/produkt\\\/rena-chris-gua-sha-gesichtswerkzeuge-aus-edelstahl-akupressur-gua-sha-fuer-gesichtsmassage-kieferformung-schwellungsreduzierung-inklusive-tragetasche-und-reinigungstuch-ha\\\/#primaryimage\"},\"image\":{\"@id\":\"https:\\\/\\\/marktxxl.de\\\/markt\\\/produkt\\\/rena-chris-gua-sha-gesichtswerkzeuge-aus-edelstahl-akupressur-gua-sha-fuer-gesichtsmassage-kieferformung-schwellungsreduzierung-inklusive-tragetasche-und-reinigungstuch-ha\\\/#primaryimage\"},\"thumbnailUrl\":\"https:\\\/\\\/m.media-amazon.com\\\/images\\\/I\\\/413Lk-73nmL._SL500_.jpg\",\"datePublished\":\"2024-07-28T06:30:03+00:00\",\"description\":\"Markt-XXL Rena Chris Gua Sha Gesichtswerkzeuge aus Edelstahl \u2013 Akupressur &amp; Gua Sha f\u00fcr Gesichtsmassage, Kieferformung, Schwellungsreduzierung. Inklusive Tragetasche und Reinigungstuch \u2013 Hautpflege-Geschenk\",\"breadcrumb\":{\"@id\":\"https:\\\/\\\/marktxxl.de\\\/markt\\\/produkt\\\/rena-chris-gua-sha-gesichtswerkzeuge-aus-edelstahl-akupressur-gua-sha-fuer-gesichtsmassage-kieferformung-schwellungsreduzierung-inklusive-tragetasche-und-reinigungstuch-ha\\\/#breadcrumb\"},\"inLanguage\":\"de\",\"potentialAction\":[{\"@type\":\"ReadAction\",\"target\":[\"https:\\\/\\\/marktxxl.de\\\/markt\\\/produkt\\\/rena-chris-gua-sha-gesichtswerkzeuge-aus-edelstahl-akupressur-gua-sha-fuer-gesichtsmassage-kieferformung-schwellungsreduzierung-inklusive-tragetasche-und-reinigungstuch-ha\\\/\"]}]},{\"@type\":\"ImageObject\",\"inLanguage\":\"de\",\"@id\":\"https:\\\/\\\/marktxxl.de\\\/markt\\\/produkt\\\/rena-chris-gua-sha-gesichtswerkzeuge-aus-edelstahl-akupressur-gua-sha-fuer-gesichtsmassage-kieferformung-schwellungsreduzierung-inklusive-tragetasche-und-reinigungstuch-ha\\\/#primaryimage\",\"url\":\"https:\\\/\\\/m.media-amazon.com\\\/images\\\/I\\\/413Lk-73nmL._SL500_.jpg\",\"contentUrl\":\"https:\\\/\\\/m.media-amazon.com\\\/images\\\/I\\\/413Lk-73nmL._SL500_.jpg\",\"width\":500,\"height\":500},{\"@type\":\"BreadcrumbList\",\"@id\":\"https:\\\/\\\/marktxxl.de\\\/markt\\\/produkt\\\/rena-chris-gua-sha-gesichtswerkzeuge-aus-edelstahl-akupressur-gua-sha-fuer-gesichtsmassage-kieferformung-schwellungsreduzierung-inklusive-tragetasche-und-reinigungstuch-ha\\\/#breadcrumb\",\"itemListElement\":[{\"@type\":\"ListItem\",\"position\":1,\"name\":\"Startseite\",\"item\":\"https:\\\/\\\/marktxxl.de\\\/markt\\\/\"},{\"@type\":\"ListItem\",\"position\":2,\"name\":\"Markt\",\"item\":\"https:\\\/\\\/marktxxl.de\\\/markt\\\/\"},{\"@type\":\"ListItem\",\"position\":3,\"name\":\"Rena Chris Gua Sha Gesichtswerkzeuge aus Edelstahl \u2013 Akupressur &amp; Gua Sha f\u00fcr Gesichtsmassage, Kieferformung, Schwellungsreduzierung. Inklusive Tragetasche und Reinigungstuch \u2013 Hautpflege-Geschenk\"}]},{\"@type\":\"WebSite\",\"@id\":\"https:\\\/\\\/marktxxl.de\\\/markt\\\/#website\",\"url\":\"https:\\\/\\\/marktxxl.de\\\/markt\\\/\",\"name\":\"Markt-XXL\",\"description\":\"Ihr Markt Online\",\"publisher\":{\"@id\":\"https:\\\/\\\/marktxxl.de\\\/markt\\\/#organization\"},\"potentialAction\":[{\"@type\":\"SearchAction\",\"target\":{\"@type\":\"EntryPoint\",\"urlTemplate\":\"https:\\\/\\\/marktxxl.de\\\/markt\\\/?s={search_term_string}\"},\"query-input\":{\"@type\":\"PropertyValueSpecification\",\"valueRequired\":true,\"valueName\":\"search_term_string\"}}],\"inLanguage\":\"de\"},{\"@type\":\"Organization\",\"@id\":\"https:\\\/\\\/marktxxl.de\\\/markt\\\/#organization\",\"name\":\"Markt-XXL\",\"url\":\"https:\\\/\\\/marktxxl.de\\\/markt\\\/\",\"logo\":{\"@type\":\"ImageObject\",\"inLanguage\":\"de\",\"@id\":\"https:\\\/\\\/marktxxl.de\\\/markt\\\/#\\\/schema\\\/logo\\\/image\\\/\",\"url\":\"https:\\\/\\\/marktxxl.de\\\/markt\\\/wp-content\\\/uploads\\\/sites\\\/3\\\/2020\\\/12\\\/logo.png\",\"contentUrl\":\"https:\\\/\\\/marktxxl.de\\\/markt\\\/wp-content\\\/uploads\\\/sites\\\/3\\\/2020\\\/12\\\/logo.png\",\"width\":200,\"height\":70,\"caption\":\"Markt-XXL\"},\"image\":{\"@id\":\"https:\\\/\\\/marktxxl.de\\\/markt\\\/#\\\/schema\\\/logo\\\/image\\\/\"}}]}<\/script>\n<!-- \/ Yoast SEO plugin. -->","yoast_head_json":{"title":"Rena Chris Gua Sha Gesichtswerkzeuge aus Edelstahl \u2013 Akupressur &amp; Gua Sha f\u00fcr Gesichtsmassage, Kieferformung, Schwellungsreduzierung. Inklusive Tragetasche und Reinigungstuch \u2013 Hautpflege-Geschenk - Markt-XXL","description":"Markt-XXL Rena Chris Gua Sha Gesichtswerkzeuge aus Edelstahl \u2013 Akupressur &amp; Gua Sha f\u00fcr Gesichtsmassage, Kieferformung, Schwellungsreduzierung. Inklusive Tragetasche und Reinigungstuch \u2013 Hautpflege-Geschenk","robots":{"index":"index","follow":"follow","max-snippet":"max-snippet:-1","max-image-preview":"max-image-preview:large","max-video-preview":"max-video-preview:-1"},"canonical":"https:\/\/marktxxl.de\/markt\/produkt\/rena-chris-gua-sha-gesichtswerkzeuge-aus-edelstahl-akupressur-gua-sha-fuer-gesichtsmassage-kieferformung-schwellungsreduzierung-inklusive-tragetasche-und-reinigungstuch-ha\/","og_locale":"de_DE","og_type":"article","og_title":"Rena Chris Gua Sha Gesichtswerkzeuge aus Edelstahl \u2013 Akupressur &amp; Gua Sha f\u00fcr Gesichtsmassage, Kieferformung, Schwellungsreduzierung. Inklusive Tragetasche und Reinigungstuch \u2013 Hautpflege-Geschenk - Markt-XXL","og_description":"Markt-XXL Rena Chris Gua Sha Gesichtswerkzeuge aus Edelstahl \u2013 Akupressur &amp; Gua Sha f\u00fcr Gesichtsmassage, Kieferformung, Schwellungsreduzierung. Inklusive Tragetasche und Reinigungstuch \u2013 Hautpflege-Geschenk","og_url":"https:\/\/marktxxl.de\/markt\/produkt\/rena-chris-gua-sha-gesichtswerkzeuge-aus-edelstahl-akupressur-gua-sha-fuer-gesichtsmassage-kieferformung-schwellungsreduzierung-inklusive-tragetasche-und-reinigungstuch-ha\/","og_site_name":"Markt-XXL","twitter_card":"summary_large_image","twitter_misc":{"Gesch\u00e4tzte Lesezeit":"1\u00a0Minute"},"schema":{"@context":"https:\/\/schema.org","@graph":[{"@type":"WebPage","@id":"https:\/\/marktxxl.de\/markt\/produkt\/rena-chris-gua-sha-gesichtswerkzeuge-aus-edelstahl-akupressur-gua-sha-fuer-gesichtsmassage-kieferformung-schwellungsreduzierung-inklusive-tragetasche-und-reinigungstuch-ha\/","url":"https:\/\/marktxxl.de\/markt\/produkt\/rena-chris-gua-sha-gesichtswerkzeuge-aus-edelstahl-akupressur-gua-sha-fuer-gesichtsmassage-kieferformung-schwellungsreduzierung-inklusive-tragetasche-und-reinigungstuch-ha\/","name":"Rena Chris Gua Sha Gesichtswerkzeuge aus Edelstahl \u2013 Akupressur &amp; Gua Sha f\u00fcr Gesichtsmassage, Kieferformung, Schwellungsreduzierung. Inklusive Tragetasche und Reinigungstuch \u2013 Hautpflege-Geschenk - Markt-XXL","isPartOf":{"@id":"https:\/\/marktxxl.de\/markt\/#website"},"primaryImageOfPage":{"@id":"https:\/\/marktxxl.de\/markt\/produkt\/rena-chris-gua-sha-gesichtswerkzeuge-aus-edelstahl-akupressur-gua-sha-fuer-gesichtsmassage-kieferformung-schwellungsreduzierung-inklusive-tragetasche-und-reinigungstuch-ha\/#primaryimage"},"image":{"@id":"https:\/\/marktxxl.de\/markt\/produkt\/rena-chris-gua-sha-gesichtswerkzeuge-aus-edelstahl-akupressur-gua-sha-fuer-gesichtsmassage-kieferformung-schwellungsreduzierung-inklusive-tragetasche-und-reinigungstuch-ha\/#primaryimage"},"thumbnailUrl":"https:\/\/m.media-amazon.com\/images\/I\/413Lk-73nmL._SL500_.jpg","datePublished":"2024-07-28T06:30:03+00:00","description":"Markt-XXL Rena Chris Gua Sha Gesichtswerkzeuge aus Edelstahl \u2013 Akupressur &amp; Gua Sha f\u00fcr Gesichtsmassage, Kieferformung, Schwellungsreduzierung. Inklusive Tragetasche und Reinigungstuch \u2013 Hautpflege-Geschenk","breadcrumb":{"@id":"https:\/\/marktxxl.de\/markt\/produkt\/rena-chris-gua-sha-gesichtswerkzeuge-aus-edelstahl-akupressur-gua-sha-fuer-gesichtsmassage-kieferformung-schwellungsreduzierung-inklusive-tragetasche-und-reinigungstuch-ha\/#breadcrumb"},"inLanguage":"de","potentialAction":[{"@type":"ReadAction","target":["https:\/\/marktxxl.de\/markt\/produkt\/rena-chris-gua-sha-gesichtswerkzeuge-aus-edelstahl-akupressur-gua-sha-fuer-gesichtsmassage-kieferformung-schwellungsreduzierung-inklusive-tragetasche-und-reinigungstuch-ha\/"]}]},{"@type":"ImageObject","inLanguage":"de","@id":"https:\/\/marktxxl.de\/markt\/produkt\/rena-chris-gua-sha-gesichtswerkzeuge-aus-edelstahl-akupressur-gua-sha-fuer-gesichtsmassage-kieferformung-schwellungsreduzierung-inklusive-tragetasche-und-reinigungstuch-ha\/#primaryimage","url":"https:\/\/m.media-amazon.com\/images\/I\/413Lk-73nmL._SL500_.jpg","contentUrl":"https:\/\/m.media-amazon.com\/images\/I\/413Lk-73nmL._SL500_.jpg","width":500,"height":500},{"@type":"BreadcrumbList","@id":"https:\/\/marktxxl.de\/markt\/produkt\/rena-chris-gua-sha-gesichtswerkzeuge-aus-edelstahl-akupressur-gua-sha-fuer-gesichtsmassage-kieferformung-schwellungsreduzierung-inklusive-tragetasche-und-reinigungstuch-ha\/#breadcrumb","itemListElement":[{"@type":"ListItem","position":1,"name":"Startseite","item":"https:\/\/marktxxl.de\/markt\/"},{"@type":"ListItem","position":2,"name":"Markt","item":"https:\/\/marktxxl.de\/markt\/"},{"@type":"ListItem","position":3,"name":"Rena Chris Gua Sha Gesichtswerkzeuge aus Edelstahl \u2013 Akupressur &amp; Gua Sha f\u00fcr Gesichtsmassage, Kieferformung, Schwellungsreduzierung. Inklusive Tragetasche und Reinigungstuch \u2013 Hautpflege-Geschenk"}]},{"@type":"WebSite","@id":"https:\/\/marktxxl.de\/markt\/#website","url":"https:\/\/marktxxl.de\/markt\/","name":"Markt-XXL","description":"Ihr Markt Online","publisher":{"@id":"https:\/\/marktxxl.de\/markt\/#organization"},"potentialAction":[{"@type":"SearchAction","target":{"@type":"EntryPoint","urlTemplate":"https:\/\/marktxxl.de\/markt\/?s={search_term_string}"},"query-input":{"@type":"PropertyValueSpecification","valueRequired":true,"valueName":"search_term_string"}}],"inLanguage":"de"},{"@type":"Organization","@id":"https:\/\/marktxxl.de\/markt\/#organization","name":"Markt-XXL","url":"https:\/\/marktxxl.de\/markt\/","logo":{"@type":"ImageObject","inLanguage":"de","@id":"https:\/\/marktxxl.de\/markt\/#\/schema\/logo\/image\/","url":"https:\/\/marktxxl.de\/markt\/wp-content\/uploads\/sites\/3\/2020\/12\/logo.png","contentUrl":"https:\/\/marktxxl.de\/markt\/wp-content\/uploads\/sites\/3\/2020\/12\/logo.png","width":200,"height":70,"caption":"Markt-XXL"},"image":{"@id":"https:\/\/marktxxl.de\/markt\/#\/schema\/logo\/image\/"}}]}},"_links":{"self":[{"href":"https:\/\/marktxxl.de\/markt\/wp-json\/wp\/v2\/product\/218049","targetHints":{"allow":["GET"]}}],"collection":[{"href":"https:\/\/marktxxl.de\/markt\/wp-json\/wp\/v2\/product"}],"about":[{"href":"https:\/\/marktxxl.de\/markt\/wp-json\/wp\/v2\/types\/product"}],"replies":[{"embeddable":true,"href":"https:\/\/marktxxl.de\/markt\/wp-json\/wp\/v2\/comments?post=218049"}],"wp:featuredmedia":[{"embeddable":true,"href":"https:\/\/marktxxl.de\/markt\/wp-json\/wp\/v2\/media\/218050"}],"wp:attachment":[{"href":"https:\/\/marktxxl.de\/markt\/wp-json\/wp\/v2\/media?parent=218049"}],"wp:term":[{"taxonomy":"product_brand","embeddable":true,"href":"https:\/\/marktxxl.de\/markt\/wp-json\/wp\/v2\/product_brand?post=218049"},{"taxonomy":"product_cat","embeddable":true,"href":"https:\/\/marktxxl.de\/markt\/wp-json\/wp\/v2\/product_cat?post=218049"},{"taxonomy":"product_tag","embeddable":true,"href":"https:\/\/marktxxl.de\/markt\/wp-json\/wp\/v2\/product_tag?post=218049"}],"curies":[{"name":"wp","href":"https:\/\/api.w.org\/{rel}","templated":true}]}}