{"id":218012,"date":"2024-07-28T08:27:27","date_gmt":"2024-07-28T06:27:27","guid":{"rendered":"https:\/\/marktxxl.de\/markt\/produkt\/mysocks-unisex-regenbogensocken\/"},"modified":"2024-07-28T08:27:27","modified_gmt":"2024-07-28T06:27:27","slug":"mysocks-unisex-regenbogensocken","status":"publish","type":"product","link":"https:\/\/marktxxl.de\/markt\/produkt\/mysocks-unisex-regenbogensocken\/","title":{"rendered":"Mysocks Unisex Regenbogensocken"},"content":{"rendered":"<p>\u2705 Bequemer elastischer Verschluss \u2013 f\u00fcr den Komfort des t\u00e4glichen Tragens bieten die Regenbogen-Socken f\u00fcr Frauen ein weiches Netz-Design, das aus Gummi besteht. Kniestr\u00fcmpfe f\u00fcr M\u00e4dchen sind nicht zu eng, um Verstopfungen zu verursachen, noch zu locker, um ein Herunterrutschen zu verursachen. Diese bunten Socken sind mit der Zehennaht gestaltet, die mit einem einzigen Faden verbunden ist, sodass sich die Zehe weniger sperrig anf\u00fchlt<br \/>\n\u2705 Rutschfeste, lange Damensocken \u2013 Das Y-Fersen-Design erm\u00f6glicht es den Damen-Socken den ganzen Tag an Ort und Stelle zu bleiben und verhindert, dass die Socken Ihren Fu\u00df herunterrutschen. Bunte Socken f\u00fcr M\u00e4nner und Frauen sind so konzipiert, dass sie auf halber H\u00f6he Ihrer Wade sitzen, ohne zu verrutschen. Passend zu den Regenbogensocken f\u00fcr Herren mit allen Sneakern, Sport- und Sportschuhen, Loafern und Oxfords, Freizeit- und Anzugschuhen<br \/>\n\u2705 Hochwertiges Material \u2013 3 Paar hochwertige, extra fein gek\u00e4mmte Regenbogen-Socken, um Ihre Schritte angenehmer zu machen. Unsere elastischen Damen- und Herrensocken bestehen aus 80 % Baumwolle, 17 % Polyamid, 3 % Elastan. Die gek\u00e4mmte Baumwolle ist st\u00e4rker und weicher auf der Haut als herk\u00f6mmliche Kniestr\u00fcmpfe<br \/>\nMaximaler Komfort und Haltbarkeit: Mysocks Damen- und Herren-Baumwollsocken sind gek\u00e4mmt, um Unvollkommenheiten und kurze Fasern zu entfernen. Pride-Socken bieten lange Haltbarkeit mit verst\u00e4rkter Ferse und Zehen. Die Sohle der Herren-Socken macht Ihre F\u00fc\u00dfe atmungsaktiv. Unsere Baumwollsocken f\u00fcr Damen sind sehr geeignet f\u00fcr alle Jahreszeiten<br \/>\nBunte Stolz-Socken als Geschenk \u2013 Der Stil unserer nahtlosen Herrensocken ist klassisch und dezent, geeignet f\u00fcr den t\u00e4glichen Gebrauch. Diese atmungsaktiven Regenbogensocken f\u00fcr M\u00e4nner und Frauen sind auch eine tolle Geschenkidee, um Ihre Freunde zufrieden zu stellen und ein unvergessliches Geschenk zu genie\u00dfen. Mysocks Basic Daily Lightweight Gay Pride Socken sind eine geeignete Option f\u00fcr Sommer und Winter<br \/>\n<div class=\"main-cross-sell\" data-asin=\"B0CLVM8LCD\">\n\n\t<div class=\"WooZone-cross-sell-loader\">\n\t\t<div>\n\t\t\t<div id=\"floatingBarsG\">\n\t\t\t\t<div class=\"blockG\" id=\"rotateG_01\"><\/div>\n\t\t\t\t<div class=\"blockG\" id=\"rotateG_02\"><\/div>\n\t\t\t\t<div class=\"blockG\" id=\"rotateG_03\"><\/div>\n\t\t\t\t<div class=\"blockG\" id=\"rotateG_04\"><\/div>\n\t\t\t\t<div class=\"blockG\" id=\"rotateG_05\"><\/div>\n\t\t\t\t<div class=\"blockG\" id=\"rotateG_06\"><\/div>\n\t\t\t\t<div class=\"blockG\" id=\"rotateG_07\"><\/div>\n\t\t\t\t<div class=\"blockG\" id=\"rotateG_08\"><\/div>\n\t\t\t<\/div>\n\t\t\t<div class=\"WooZone-cross-sell-loader-text\"><\/div>\n\t\t<\/div>\n\t<\/div>\n\n\t\t\n<\/div>\n<div style=\"clear:both;\"><\/div><\/p>\n","protected":false},"excerpt":{"rendered":"<p>\u2705 Bequemer elastischer Verschluss \u2013 f\u00fcr den Komfort des t\u00e4glichen Tragens bieten die Regenbogen-Socken f\u00fcr Frauen ein weiches Netz-Design, das aus Gummi besteht. Kniestr\u00fcmpfe f\u00fcr M\u00e4dchen sind nicht zu eng, um Verstopfungen zu verursachen, noch zu locker, um ein Herunterrutschen zu verursachen. Diese bunten Socken sind mit der Zehennaht gestaltet, die mit einem einzigen Faden verbunden ist, sodass sich die Zehe weniger sperrig anf\u00fchlt<br \/>\n\u2705 Rutschfeste, lange Damensocken \u2013 Das Y-Fersen-Design erm\u00f6glicht es den Damen-Socken den ganzen Tag an Ort und Stelle zu bleiben und verhindert, dass die Socken Ihren Fu\u00df herunterrutschen. Bunte Socken f\u00fcr M\u00e4nner und Frauen sind so konzipiert, dass sie auf halber H\u00f6he Ihrer Wade sitzen, ohne zu verrutschen. Passend zu den Regenbogensocken f\u00fcr Herren mit allen Sneakern, Sport- und Sportschuhen, Loafern und Oxfords, Freizeit- und Anzugschuhen<br \/>\n\u2705 Hochwertiges Material \u2013 3 Paar hochwertige, extra fein gek\u00e4mmte Regenbogen-Socken, um Ihre Schritte angenehmer zu machen. Unsere elastischen Damen- und Herrensocken bestehen aus 80 % Baumwolle, 17 % Polyamid, 3 % Elastan. Die gek\u00e4mmte Baumwolle ist st\u00e4rker und weicher auf der Haut als herk\u00f6mmliche Kniestr\u00fcmpfe<\/p>\n","protected":false},"featured_media":218013,"comment_status":"open","ping_status":"closed","template":"","meta":[],"product_brand":[],"product_cat":[1186,3920],"product_tag":[],"class_list":{"0":"post-218012","1":"product","2":"type-product","3":"status-publish","4":"has-post-thumbnail","6":"product_cat-bekleidung","7":"product_cat-damen","8":"pa_brand-mysocks","9":"pa_manufacturer-mysocks","10":"pa_model-multicolourz","12":"first","13":"instock","14":"shipping-taxable","15":"product-type-simple","16":"customify-col","17":"product-has-gallery"},"yoast_head":"<!-- This site is optimized with the Yoast SEO plugin v27.4 - https:\/\/yoast.com\/product\/yoast-seo-wordpress\/ -->\n<title>Mysocks Unisex Regenbogensocken - Markt-XXL<\/title>\n<meta name=\"description\" content=\"Markt-XXL Mysocks Unisex Regenbogensocken\" \/>\n<meta name=\"robots\" content=\"index, follow, max-snippet:-1, max-image-preview:large, max-video-preview:-1\" \/>\n<link rel=\"canonical\" href=\"https:\/\/marktxxl.de\/markt\/produkt\/mysocks-unisex-regenbogensocken\/\" \/>\n<meta property=\"og:locale\" content=\"de_DE\" \/>\n<meta property=\"og:type\" content=\"article\" \/>\n<meta property=\"og:title\" content=\"Mysocks Unisex Regenbogensocken - Markt-XXL\" \/>\n<meta property=\"og:description\" content=\"Markt-XXL Mysocks Unisex Regenbogensocken\" \/>\n<meta property=\"og:url\" content=\"https:\/\/marktxxl.de\/markt\/produkt\/mysocks-unisex-regenbogensocken\/\" \/>\n<meta property=\"og:site_name\" content=\"Markt-XXL\" \/>\n<meta name=\"twitter:card\" content=\"summary_large_image\" \/>\n<meta name=\"twitter:label1\" content=\"Gesch\u00e4tzte Lesezeit\" \/>\n\t<meta name=\"twitter:data1\" content=\"2\u00a0Minuten\" \/>\n<script type=\"application\/ld+json\" class=\"yoast-schema-graph\">{\"@context\":\"https:\\\/\\\/schema.org\",\"@graph\":[{\"@type\":\"WebPage\",\"@id\":\"https:\\\/\\\/marktxxl.de\\\/markt\\\/produkt\\\/mysocks-unisex-regenbogensocken\\\/\",\"url\":\"https:\\\/\\\/marktxxl.de\\\/markt\\\/produkt\\\/mysocks-unisex-regenbogensocken\\\/\",\"name\":\"Mysocks Unisex Regenbogensocken - Markt-XXL\",\"isPartOf\":{\"@id\":\"https:\\\/\\\/marktxxl.de\\\/markt\\\/#website\"},\"primaryImageOfPage\":{\"@id\":\"https:\\\/\\\/marktxxl.de\\\/markt\\\/produkt\\\/mysocks-unisex-regenbogensocken\\\/#primaryimage\"},\"image\":{\"@id\":\"https:\\\/\\\/marktxxl.de\\\/markt\\\/produkt\\\/mysocks-unisex-regenbogensocken\\\/#primaryimage\"},\"thumbnailUrl\":\"https:\\\/\\\/m.media-amazon.com\\\/images\\\/I\\\/51DGQWlbxlL._SL500_.jpg\",\"datePublished\":\"2024-07-28T06:27:27+00:00\",\"description\":\"Markt-XXL Mysocks Unisex Regenbogensocken\",\"breadcrumb\":{\"@id\":\"https:\\\/\\\/marktxxl.de\\\/markt\\\/produkt\\\/mysocks-unisex-regenbogensocken\\\/#breadcrumb\"},\"inLanguage\":\"de\",\"potentialAction\":[{\"@type\":\"ReadAction\",\"target\":[\"https:\\\/\\\/marktxxl.de\\\/markt\\\/produkt\\\/mysocks-unisex-regenbogensocken\\\/\"]}]},{\"@type\":\"ImageObject\",\"inLanguage\":\"de\",\"@id\":\"https:\\\/\\\/marktxxl.de\\\/markt\\\/produkt\\\/mysocks-unisex-regenbogensocken\\\/#primaryimage\",\"url\":\"https:\\\/\\\/m.media-amazon.com\\\/images\\\/I\\\/51DGQWlbxlL._SL500_.jpg\",\"contentUrl\":\"https:\\\/\\\/m.media-amazon.com\\\/images\\\/I\\\/51DGQWlbxlL._SL500_.jpg\",\"width\":500,\"height\":500},{\"@type\":\"BreadcrumbList\",\"@id\":\"https:\\\/\\\/marktxxl.de\\\/markt\\\/produkt\\\/mysocks-unisex-regenbogensocken\\\/#breadcrumb\",\"itemListElement\":[{\"@type\":\"ListItem\",\"position\":1,\"name\":\"Startseite\",\"item\":\"https:\\\/\\\/marktxxl.de\\\/markt\\\/\"},{\"@type\":\"ListItem\",\"position\":2,\"name\":\"Markt\",\"item\":\"https:\\\/\\\/marktxxl.de\\\/markt\\\/\"},{\"@type\":\"ListItem\",\"position\":3,\"name\":\"Mysocks Unisex Regenbogensocken\"}]},{\"@type\":\"WebSite\",\"@id\":\"https:\\\/\\\/marktxxl.de\\\/markt\\\/#website\",\"url\":\"https:\\\/\\\/marktxxl.de\\\/markt\\\/\",\"name\":\"Markt-XXL\",\"description\":\"Ihr Markt Online\",\"publisher\":{\"@id\":\"https:\\\/\\\/marktxxl.de\\\/markt\\\/#organization\"},\"potentialAction\":[{\"@type\":\"SearchAction\",\"target\":{\"@type\":\"EntryPoint\",\"urlTemplate\":\"https:\\\/\\\/marktxxl.de\\\/markt\\\/?s={search_term_string}\"},\"query-input\":{\"@type\":\"PropertyValueSpecification\",\"valueRequired\":true,\"valueName\":\"search_term_string\"}}],\"inLanguage\":\"de\"},{\"@type\":\"Organization\",\"@id\":\"https:\\\/\\\/marktxxl.de\\\/markt\\\/#organization\",\"name\":\"Markt-XXL\",\"url\":\"https:\\\/\\\/marktxxl.de\\\/markt\\\/\",\"logo\":{\"@type\":\"ImageObject\",\"inLanguage\":\"de\",\"@id\":\"https:\\\/\\\/marktxxl.de\\\/markt\\\/#\\\/schema\\\/logo\\\/image\\\/\",\"url\":\"https:\\\/\\\/marktxxl.de\\\/markt\\\/wp-content\\\/uploads\\\/sites\\\/3\\\/2020\\\/12\\\/logo.png\",\"contentUrl\":\"https:\\\/\\\/marktxxl.de\\\/markt\\\/wp-content\\\/uploads\\\/sites\\\/3\\\/2020\\\/12\\\/logo.png\",\"width\":200,\"height\":70,\"caption\":\"Markt-XXL\"},\"image\":{\"@id\":\"https:\\\/\\\/marktxxl.de\\\/markt\\\/#\\\/schema\\\/logo\\\/image\\\/\"}}]}<\/script>\n<!-- \/ Yoast SEO plugin. -->","yoast_head_json":{"title":"Mysocks Unisex Regenbogensocken - Markt-XXL","description":"Markt-XXL Mysocks Unisex Regenbogensocken","robots":{"index":"index","follow":"follow","max-snippet":"max-snippet:-1","max-image-preview":"max-image-preview:large","max-video-preview":"max-video-preview:-1"},"canonical":"https:\/\/marktxxl.de\/markt\/produkt\/mysocks-unisex-regenbogensocken\/","og_locale":"de_DE","og_type":"article","og_title":"Mysocks Unisex Regenbogensocken - Markt-XXL","og_description":"Markt-XXL Mysocks Unisex Regenbogensocken","og_url":"https:\/\/marktxxl.de\/markt\/produkt\/mysocks-unisex-regenbogensocken\/","og_site_name":"Markt-XXL","twitter_card":"summary_large_image","twitter_misc":{"Gesch\u00e4tzte Lesezeit":"2\u00a0Minuten"},"schema":{"@context":"https:\/\/schema.org","@graph":[{"@type":"WebPage","@id":"https:\/\/marktxxl.de\/markt\/produkt\/mysocks-unisex-regenbogensocken\/","url":"https:\/\/marktxxl.de\/markt\/produkt\/mysocks-unisex-regenbogensocken\/","name":"Mysocks Unisex Regenbogensocken - Markt-XXL","isPartOf":{"@id":"https:\/\/marktxxl.de\/markt\/#website"},"primaryImageOfPage":{"@id":"https:\/\/marktxxl.de\/markt\/produkt\/mysocks-unisex-regenbogensocken\/#primaryimage"},"image":{"@id":"https:\/\/marktxxl.de\/markt\/produkt\/mysocks-unisex-regenbogensocken\/#primaryimage"},"thumbnailUrl":"https:\/\/m.media-amazon.com\/images\/I\/51DGQWlbxlL._SL500_.jpg","datePublished":"2024-07-28T06:27:27+00:00","description":"Markt-XXL Mysocks Unisex Regenbogensocken","breadcrumb":{"@id":"https:\/\/marktxxl.de\/markt\/produkt\/mysocks-unisex-regenbogensocken\/#breadcrumb"},"inLanguage":"de","potentialAction":[{"@type":"ReadAction","target":["https:\/\/marktxxl.de\/markt\/produkt\/mysocks-unisex-regenbogensocken\/"]}]},{"@type":"ImageObject","inLanguage":"de","@id":"https:\/\/marktxxl.de\/markt\/produkt\/mysocks-unisex-regenbogensocken\/#primaryimage","url":"https:\/\/m.media-amazon.com\/images\/I\/51DGQWlbxlL._SL500_.jpg","contentUrl":"https:\/\/m.media-amazon.com\/images\/I\/51DGQWlbxlL._SL500_.jpg","width":500,"height":500},{"@type":"BreadcrumbList","@id":"https:\/\/marktxxl.de\/markt\/produkt\/mysocks-unisex-regenbogensocken\/#breadcrumb","itemListElement":[{"@type":"ListItem","position":1,"name":"Startseite","item":"https:\/\/marktxxl.de\/markt\/"},{"@type":"ListItem","position":2,"name":"Markt","item":"https:\/\/marktxxl.de\/markt\/"},{"@type":"ListItem","position":3,"name":"Mysocks Unisex Regenbogensocken"}]},{"@type":"WebSite","@id":"https:\/\/marktxxl.de\/markt\/#website","url":"https:\/\/marktxxl.de\/markt\/","name":"Markt-XXL","description":"Ihr Markt Online","publisher":{"@id":"https:\/\/marktxxl.de\/markt\/#organization"},"potentialAction":[{"@type":"SearchAction","target":{"@type":"EntryPoint","urlTemplate":"https:\/\/marktxxl.de\/markt\/?s={search_term_string}"},"query-input":{"@type":"PropertyValueSpecification","valueRequired":true,"valueName":"search_term_string"}}],"inLanguage":"de"},{"@type":"Organization","@id":"https:\/\/marktxxl.de\/markt\/#organization","name":"Markt-XXL","url":"https:\/\/marktxxl.de\/markt\/","logo":{"@type":"ImageObject","inLanguage":"de","@id":"https:\/\/marktxxl.de\/markt\/#\/schema\/logo\/image\/","url":"https:\/\/marktxxl.de\/markt\/wp-content\/uploads\/sites\/3\/2020\/12\/logo.png","contentUrl":"https:\/\/marktxxl.de\/markt\/wp-content\/uploads\/sites\/3\/2020\/12\/logo.png","width":200,"height":70,"caption":"Markt-XXL"},"image":{"@id":"https:\/\/marktxxl.de\/markt\/#\/schema\/logo\/image\/"}}]}},"_links":{"self":[{"href":"https:\/\/marktxxl.de\/markt\/wp-json\/wp\/v2\/product\/218012","targetHints":{"allow":["GET"]}}],"collection":[{"href":"https:\/\/marktxxl.de\/markt\/wp-json\/wp\/v2\/product"}],"about":[{"href":"https:\/\/marktxxl.de\/markt\/wp-json\/wp\/v2\/types\/product"}],"replies":[{"embeddable":true,"href":"https:\/\/marktxxl.de\/markt\/wp-json\/wp\/v2\/comments?post=218012"}],"wp:featuredmedia":[{"embeddable":true,"href":"https:\/\/marktxxl.de\/markt\/wp-json\/wp\/v2\/media\/218013"}],"wp:attachment":[{"href":"https:\/\/marktxxl.de\/markt\/wp-json\/wp\/v2\/media?parent=218012"}],"wp:term":[{"taxonomy":"product_brand","embeddable":true,"href":"https:\/\/marktxxl.de\/markt\/wp-json\/wp\/v2\/product_brand?post=218012"},{"taxonomy":"product_cat","embeddable":true,"href":"https:\/\/marktxxl.de\/markt\/wp-json\/wp\/v2\/product_cat?post=218012"},{"taxonomy":"product_tag","embeddable":true,"href":"https:\/\/marktxxl.de\/markt\/wp-json\/wp\/v2\/product_tag?post=218012"}],"curies":[{"name":"wp","href":"https:\/\/api.w.org\/{rel}","templated":true}]}}