{"id":218003,"date":"2024-07-28T08:27:21","date_gmt":"2024-07-28T06:27:21","guid":{"rendered":"https:\/\/marktxxl.de\/markt\/produkt\/ilovdaisy-sneaker-socken-damen-sportsocken-35-38-39-42-5-paar-sneakersocken-laufsocken-atmungsaktiv-kurze-knoechelsocken-aus-baumwolle\/"},"modified":"2024-07-28T08:27:21","modified_gmt":"2024-07-28T06:27:21","slug":"ilovdaisy-sneaker-socken-damen-sportsocken-35-38-39-42-5-paar-sneakersocken-laufsocken-atmungsaktiv-kurze-knoechelsocken-aus-baumwolle","status":"publish","type":"product","link":"https:\/\/marktxxl.de\/markt\/produkt\/ilovdaisy-sneaker-socken-damen-sportsocken-35-38-39-42-5-paar-sneakersocken-laufsocken-atmungsaktiv-kurze-knoechelsocken-aus-baumwolle\/","title":{"rendered":"ILovDaisy Sneaker Socken Damen Sportsocken 35-38\/39-42, 5 Paar Sneakersocken Laufsocken Atmungsaktiv Kurze Kn\u00f6chelsocken aus Baumwolle"},"content":{"rendered":"<p>Kn\u00f6chel- und Sohlenschutz: Volle Sohlen sind mit weichen Frottees gefertigt. Ein Fersensteg verhindert die Reibung an der Ferse. Die Frotteesohlen lassen diese Sneaker Socken sowohl weicher als auch haltbarer werden und entlasten Ihre Knie beim Training<br \/>\nDamen Sneakersocken: Aus 80% hochwertiger gek\u00e4mmter Baumwolle bestehende Socken sind super bequem und elastisch. Sportsocken passen perfekt zu Ihren F\u00fc\u00dfen und tragen sich deshalb den ganzen Tag angenehm. Wenn Sie lange zu stehen brauchen, sind diese Socken die beste Option<br \/>\nAtmungsaktive Laufsocken: Die Oberseite der Socken ist mit Mesh-Eins\u00e4tzen gefertigt, was f\u00fcr gute Atmungsaktivit\u00e4t sorgt. Selbst wenn Sie mit den Socken laufen oder wandern, lassen diese atmungsaktiven Laufsocken Ihre F\u00fc\u00dfe nicht leicht schwitzen und lange trocken bleiben, so sind sie perfekt f\u00fcr Fr\u00fchling, Sommer und Herbst<br \/>\nFu\u00dfgew\u00f6lbeunterst\u00fctzung-Design: Wegen des ausgezeichneten Designs sind diese kurzen Socken ergonomisch. Unsere Socken bieten den F\u00fc\u00dfen eine st\u00e4rkere Sohlenst\u00fctze beim Stehen und gleichzeitig bauen die Belastung der Fu\u00dfgew\u00f6lbe ab, w\u00e4hrend sie beim Training Ihre Flexibilit\u00e4t und Gleichgewicht garantieren und die m\u00fcde F\u00fc\u00dfe entlasten<br \/>\nViele Farben zur Auswahl: Klassische Schwarz und Wei\u00df, moderne bunte Farbkombination &#8211; wir bieten Ihnen Baumwolle Socken in verschiedenen Farben. Mit diesen Socken k\u00f6nnen Sie beim Training mehr Spa\u00df haben. Dies k\u00f6nnen Ihre F\u00fc\u00dfe effektiv sch\u00fctzen und sind geeignet f\u00fcr viele Anl\u00e4sse, wie etwa Jogging, Radfahren und Klettern<br \/>\n<div class=\"main-cross-sell\" data-asin=\"B0BRSMFSH7\">\n\n\t<div class=\"WooZone-cross-sell-loader\">\n\t\t<div>\n\t\t\t<div id=\"floatingBarsG\">\n\t\t\t\t<div class=\"blockG\" id=\"rotateG_01\"><\/div>\n\t\t\t\t<div class=\"blockG\" id=\"rotateG_02\"><\/div>\n\t\t\t\t<div class=\"blockG\" id=\"rotateG_03\"><\/div>\n\t\t\t\t<div class=\"blockG\" id=\"rotateG_04\"><\/div>\n\t\t\t\t<div class=\"blockG\" id=\"rotateG_05\"><\/div>\n\t\t\t\t<div class=\"blockG\" id=\"rotateG_06\"><\/div>\n\t\t\t\t<div class=\"blockG\" id=\"rotateG_07\"><\/div>\n\t\t\t\t<div class=\"blockG\" id=\"rotateG_08\"><\/div>\n\t\t\t<\/div>\n\t\t\t<div class=\"WooZone-cross-sell-loader-text\"><\/div>\n\t\t<\/div>\n\t<\/div>\n\n\t\t\n<\/div>\n<div style=\"clear:both;\"><\/div><\/p>\n","protected":false},"excerpt":{"rendered":"<p>Kn\u00f6chel- und Sohlenschutz: Volle Sohlen sind mit weichen Frottees gefertigt. Ein Fersensteg verhindert die Reibung an der Ferse. Die Frotteesohlen lassen diese Sneaker Socken sowohl weicher als auch haltbarer werden und entlasten Ihre Knie beim Training<br \/>\nDamen Sneakersocken: Aus 80% hochwertiger gek\u00e4mmter Baumwolle bestehende Socken sind super bequem und elastisch. Sportsocken passen perfekt zu Ihren F\u00fc\u00dfen und tragen sich deshalb den ganzen Tag angenehm. Wenn Sie lange zu stehen brauchen, sind diese Socken die beste Option<br \/>\nAtmungsaktive Laufsocken: Die Oberseite der Socken ist mit Mesh-Eins\u00e4tzen gefertigt, was f\u00fcr gute Atmungsaktivit\u00e4t sorgt. Selbst wenn Sie mit den Socken laufen oder wandern, lassen diese atmungsaktiven Laufsocken Ihre F\u00fc\u00dfe nicht leicht schwitzen und lange trocken bleiben, so sind sie perfekt f\u00fcr Fr\u00fchling, Sommer und Herbst<\/p>\n","protected":false},"featured_media":218004,"comment_status":"open","ping_status":"closed","template":"","meta":[],"product_brand":[],"product_cat":[1186,3920],"product_tag":[],"class_list":{"0":"post-218003","1":"product","2":"type-product","3":"status-publish","4":"has-post-thumbnail","6":"product_cat-bekleidung","7":"product_cat-damen","8":"pa_brand-ilovdaisy","9":"pa_manufacturer-ilovdaisy","11":"first","12":"instock","13":"shipping-taxable","14":"product-type-simple","15":"customify-col","16":"product-has-gallery"},"yoast_head":"<!-- This site is optimized with the Yoast SEO plugin v27.4 - https:\/\/yoast.com\/product\/yoast-seo-wordpress\/ -->\n<title>ILovDaisy Sneaker Socken Damen Sportsocken 35-38\/39-42, 5 Paar Sneakersocken Laufsocken Atmungsaktiv Kurze Kn\u00f6chelsocken aus Baumwolle - Markt-XXL<\/title>\n<meta name=\"description\" content=\"Markt-XXL ILovDaisy Sneaker Socken Damen Sportsocken 35-38\/39-42, 5 Paar Sneakersocken Laufsocken Atmungsaktiv Kurze Kn\u00f6chelsocken aus Baumwolle\" \/>\n<meta name=\"robots\" content=\"index, follow, max-snippet:-1, max-image-preview:large, max-video-preview:-1\" \/>\n<link rel=\"canonical\" href=\"https:\/\/marktxxl.de\/markt\/produkt\/ilovdaisy-sneaker-socken-damen-sportsocken-35-38-39-42-5-paar-sneakersocken-laufsocken-atmungsaktiv-kurze-knoechelsocken-aus-baumwolle\/\" \/>\n<meta property=\"og:locale\" content=\"de_DE\" \/>\n<meta property=\"og:type\" content=\"article\" \/>\n<meta property=\"og:title\" content=\"ILovDaisy Sneaker Socken Damen Sportsocken 35-38\/39-42, 5 Paar Sneakersocken Laufsocken Atmungsaktiv Kurze Kn\u00f6chelsocken aus Baumwolle - Markt-XXL\" \/>\n<meta property=\"og:description\" content=\"Markt-XXL ILovDaisy Sneaker Socken Damen Sportsocken 35-38\/39-42, 5 Paar Sneakersocken Laufsocken Atmungsaktiv Kurze Kn\u00f6chelsocken aus Baumwolle\" \/>\n<meta property=\"og:url\" content=\"https:\/\/marktxxl.de\/markt\/produkt\/ilovdaisy-sneaker-socken-damen-sportsocken-35-38-39-42-5-paar-sneakersocken-laufsocken-atmungsaktiv-kurze-knoechelsocken-aus-baumwolle\/\" \/>\n<meta property=\"og:site_name\" content=\"Markt-XXL\" \/>\n<meta name=\"twitter:card\" content=\"summary_large_image\" \/>\n<meta name=\"twitter:label1\" content=\"Gesch\u00e4tzte Lesezeit\" \/>\n\t<meta name=\"twitter:data1\" content=\"1\u00a0Minute\" \/>\n<script type=\"application\/ld+json\" class=\"yoast-schema-graph\">{\"@context\":\"https:\\\/\\\/schema.org\",\"@graph\":[{\"@type\":\"WebPage\",\"@id\":\"https:\\\/\\\/marktxxl.de\\\/markt\\\/produkt\\\/ilovdaisy-sneaker-socken-damen-sportsocken-35-38-39-42-5-paar-sneakersocken-laufsocken-atmungsaktiv-kurze-knoechelsocken-aus-baumwolle\\\/\",\"url\":\"https:\\\/\\\/marktxxl.de\\\/markt\\\/produkt\\\/ilovdaisy-sneaker-socken-damen-sportsocken-35-38-39-42-5-paar-sneakersocken-laufsocken-atmungsaktiv-kurze-knoechelsocken-aus-baumwolle\\\/\",\"name\":\"ILovDaisy Sneaker Socken Damen Sportsocken 35-38\\\/39-42, 5 Paar Sneakersocken Laufsocken Atmungsaktiv Kurze Kn\u00f6chelsocken aus Baumwolle - Markt-XXL\",\"isPartOf\":{\"@id\":\"https:\\\/\\\/marktxxl.de\\\/markt\\\/#website\"},\"primaryImageOfPage\":{\"@id\":\"https:\\\/\\\/marktxxl.de\\\/markt\\\/produkt\\\/ilovdaisy-sneaker-socken-damen-sportsocken-35-38-39-42-5-paar-sneakersocken-laufsocken-atmungsaktiv-kurze-knoechelsocken-aus-baumwolle\\\/#primaryimage\"},\"image\":{\"@id\":\"https:\\\/\\\/marktxxl.de\\\/markt\\\/produkt\\\/ilovdaisy-sneaker-socken-damen-sportsocken-35-38-39-42-5-paar-sneakersocken-laufsocken-atmungsaktiv-kurze-knoechelsocken-aus-baumwolle\\\/#primaryimage\"},\"thumbnailUrl\":\"https:\\\/\\\/m.media-amazon.com\\\/images\\\/I\\\/410EbeoRAKL._SL500_.jpg\",\"datePublished\":\"2024-07-28T06:27:21+00:00\",\"description\":\"Markt-XXL ILovDaisy Sneaker Socken Damen Sportsocken 35-38\\\/39-42, 5 Paar Sneakersocken Laufsocken Atmungsaktiv Kurze Kn\u00f6chelsocken aus Baumwolle\",\"breadcrumb\":{\"@id\":\"https:\\\/\\\/marktxxl.de\\\/markt\\\/produkt\\\/ilovdaisy-sneaker-socken-damen-sportsocken-35-38-39-42-5-paar-sneakersocken-laufsocken-atmungsaktiv-kurze-knoechelsocken-aus-baumwolle\\\/#breadcrumb\"},\"inLanguage\":\"de\",\"potentialAction\":[{\"@type\":\"ReadAction\",\"target\":[\"https:\\\/\\\/marktxxl.de\\\/markt\\\/produkt\\\/ilovdaisy-sneaker-socken-damen-sportsocken-35-38-39-42-5-paar-sneakersocken-laufsocken-atmungsaktiv-kurze-knoechelsocken-aus-baumwolle\\\/\"]}]},{\"@type\":\"ImageObject\",\"inLanguage\":\"de\",\"@id\":\"https:\\\/\\\/marktxxl.de\\\/markt\\\/produkt\\\/ilovdaisy-sneaker-socken-damen-sportsocken-35-38-39-42-5-paar-sneakersocken-laufsocken-atmungsaktiv-kurze-knoechelsocken-aus-baumwolle\\\/#primaryimage\",\"url\":\"https:\\\/\\\/m.media-amazon.com\\\/images\\\/I\\\/410EbeoRAKL._SL500_.jpg\",\"contentUrl\":\"https:\\\/\\\/m.media-amazon.com\\\/images\\\/I\\\/410EbeoRAKL._SL500_.jpg\",\"width\":500,\"height\":500},{\"@type\":\"BreadcrumbList\",\"@id\":\"https:\\\/\\\/marktxxl.de\\\/markt\\\/produkt\\\/ilovdaisy-sneaker-socken-damen-sportsocken-35-38-39-42-5-paar-sneakersocken-laufsocken-atmungsaktiv-kurze-knoechelsocken-aus-baumwolle\\\/#breadcrumb\",\"itemListElement\":[{\"@type\":\"ListItem\",\"position\":1,\"name\":\"Startseite\",\"item\":\"https:\\\/\\\/marktxxl.de\\\/markt\\\/\"},{\"@type\":\"ListItem\",\"position\":2,\"name\":\"Markt\",\"item\":\"https:\\\/\\\/marktxxl.de\\\/markt\\\/\"},{\"@type\":\"ListItem\",\"position\":3,\"name\":\"ILovDaisy Sneaker Socken Damen Sportsocken 35-38\\\/39-42, 5 Paar Sneakersocken Laufsocken Atmungsaktiv Kurze Kn\u00f6chelsocken aus Baumwolle\"}]},{\"@type\":\"WebSite\",\"@id\":\"https:\\\/\\\/marktxxl.de\\\/markt\\\/#website\",\"url\":\"https:\\\/\\\/marktxxl.de\\\/markt\\\/\",\"name\":\"Markt-XXL\",\"description\":\"Ihr Markt Online\",\"publisher\":{\"@id\":\"https:\\\/\\\/marktxxl.de\\\/markt\\\/#organization\"},\"potentialAction\":[{\"@type\":\"SearchAction\",\"target\":{\"@type\":\"EntryPoint\",\"urlTemplate\":\"https:\\\/\\\/marktxxl.de\\\/markt\\\/?s={search_term_string}\"},\"query-input\":{\"@type\":\"PropertyValueSpecification\",\"valueRequired\":true,\"valueName\":\"search_term_string\"}}],\"inLanguage\":\"de\"},{\"@type\":\"Organization\",\"@id\":\"https:\\\/\\\/marktxxl.de\\\/markt\\\/#organization\",\"name\":\"Markt-XXL\",\"url\":\"https:\\\/\\\/marktxxl.de\\\/markt\\\/\",\"logo\":{\"@type\":\"ImageObject\",\"inLanguage\":\"de\",\"@id\":\"https:\\\/\\\/marktxxl.de\\\/markt\\\/#\\\/schema\\\/logo\\\/image\\\/\",\"url\":\"https:\\\/\\\/marktxxl.de\\\/markt\\\/wp-content\\\/uploads\\\/sites\\\/3\\\/2020\\\/12\\\/logo.png\",\"contentUrl\":\"https:\\\/\\\/marktxxl.de\\\/markt\\\/wp-content\\\/uploads\\\/sites\\\/3\\\/2020\\\/12\\\/logo.png\",\"width\":200,\"height\":70,\"caption\":\"Markt-XXL\"},\"image\":{\"@id\":\"https:\\\/\\\/marktxxl.de\\\/markt\\\/#\\\/schema\\\/logo\\\/image\\\/\"}}]}<\/script>\n<!-- \/ Yoast SEO plugin. -->","yoast_head_json":{"title":"ILovDaisy Sneaker Socken Damen Sportsocken 35-38\/39-42, 5 Paar Sneakersocken Laufsocken Atmungsaktiv Kurze Kn\u00f6chelsocken aus Baumwolle - Markt-XXL","description":"Markt-XXL ILovDaisy Sneaker Socken Damen Sportsocken 35-38\/39-42, 5 Paar Sneakersocken Laufsocken Atmungsaktiv Kurze Kn\u00f6chelsocken aus Baumwolle","robots":{"index":"index","follow":"follow","max-snippet":"max-snippet:-1","max-image-preview":"max-image-preview:large","max-video-preview":"max-video-preview:-1"},"canonical":"https:\/\/marktxxl.de\/markt\/produkt\/ilovdaisy-sneaker-socken-damen-sportsocken-35-38-39-42-5-paar-sneakersocken-laufsocken-atmungsaktiv-kurze-knoechelsocken-aus-baumwolle\/","og_locale":"de_DE","og_type":"article","og_title":"ILovDaisy Sneaker Socken Damen Sportsocken 35-38\/39-42, 5 Paar Sneakersocken Laufsocken Atmungsaktiv Kurze Kn\u00f6chelsocken aus Baumwolle - Markt-XXL","og_description":"Markt-XXL ILovDaisy Sneaker Socken Damen Sportsocken 35-38\/39-42, 5 Paar Sneakersocken Laufsocken Atmungsaktiv Kurze Kn\u00f6chelsocken aus Baumwolle","og_url":"https:\/\/marktxxl.de\/markt\/produkt\/ilovdaisy-sneaker-socken-damen-sportsocken-35-38-39-42-5-paar-sneakersocken-laufsocken-atmungsaktiv-kurze-knoechelsocken-aus-baumwolle\/","og_site_name":"Markt-XXL","twitter_card":"summary_large_image","twitter_misc":{"Gesch\u00e4tzte Lesezeit":"1\u00a0Minute"},"schema":{"@context":"https:\/\/schema.org","@graph":[{"@type":"WebPage","@id":"https:\/\/marktxxl.de\/markt\/produkt\/ilovdaisy-sneaker-socken-damen-sportsocken-35-38-39-42-5-paar-sneakersocken-laufsocken-atmungsaktiv-kurze-knoechelsocken-aus-baumwolle\/","url":"https:\/\/marktxxl.de\/markt\/produkt\/ilovdaisy-sneaker-socken-damen-sportsocken-35-38-39-42-5-paar-sneakersocken-laufsocken-atmungsaktiv-kurze-knoechelsocken-aus-baumwolle\/","name":"ILovDaisy Sneaker Socken Damen Sportsocken 35-38\/39-42, 5 Paar Sneakersocken Laufsocken Atmungsaktiv Kurze Kn\u00f6chelsocken aus Baumwolle - Markt-XXL","isPartOf":{"@id":"https:\/\/marktxxl.de\/markt\/#website"},"primaryImageOfPage":{"@id":"https:\/\/marktxxl.de\/markt\/produkt\/ilovdaisy-sneaker-socken-damen-sportsocken-35-38-39-42-5-paar-sneakersocken-laufsocken-atmungsaktiv-kurze-knoechelsocken-aus-baumwolle\/#primaryimage"},"image":{"@id":"https:\/\/marktxxl.de\/markt\/produkt\/ilovdaisy-sneaker-socken-damen-sportsocken-35-38-39-42-5-paar-sneakersocken-laufsocken-atmungsaktiv-kurze-knoechelsocken-aus-baumwolle\/#primaryimage"},"thumbnailUrl":"https:\/\/m.media-amazon.com\/images\/I\/410EbeoRAKL._SL500_.jpg","datePublished":"2024-07-28T06:27:21+00:00","description":"Markt-XXL ILovDaisy Sneaker Socken Damen Sportsocken 35-38\/39-42, 5 Paar Sneakersocken Laufsocken Atmungsaktiv Kurze Kn\u00f6chelsocken aus Baumwolle","breadcrumb":{"@id":"https:\/\/marktxxl.de\/markt\/produkt\/ilovdaisy-sneaker-socken-damen-sportsocken-35-38-39-42-5-paar-sneakersocken-laufsocken-atmungsaktiv-kurze-knoechelsocken-aus-baumwolle\/#breadcrumb"},"inLanguage":"de","potentialAction":[{"@type":"ReadAction","target":["https:\/\/marktxxl.de\/markt\/produkt\/ilovdaisy-sneaker-socken-damen-sportsocken-35-38-39-42-5-paar-sneakersocken-laufsocken-atmungsaktiv-kurze-knoechelsocken-aus-baumwolle\/"]}]},{"@type":"ImageObject","inLanguage":"de","@id":"https:\/\/marktxxl.de\/markt\/produkt\/ilovdaisy-sneaker-socken-damen-sportsocken-35-38-39-42-5-paar-sneakersocken-laufsocken-atmungsaktiv-kurze-knoechelsocken-aus-baumwolle\/#primaryimage","url":"https:\/\/m.media-amazon.com\/images\/I\/410EbeoRAKL._SL500_.jpg","contentUrl":"https:\/\/m.media-amazon.com\/images\/I\/410EbeoRAKL._SL500_.jpg","width":500,"height":500},{"@type":"BreadcrumbList","@id":"https:\/\/marktxxl.de\/markt\/produkt\/ilovdaisy-sneaker-socken-damen-sportsocken-35-38-39-42-5-paar-sneakersocken-laufsocken-atmungsaktiv-kurze-knoechelsocken-aus-baumwolle\/#breadcrumb","itemListElement":[{"@type":"ListItem","position":1,"name":"Startseite","item":"https:\/\/marktxxl.de\/markt\/"},{"@type":"ListItem","position":2,"name":"Markt","item":"https:\/\/marktxxl.de\/markt\/"},{"@type":"ListItem","position":3,"name":"ILovDaisy Sneaker Socken Damen Sportsocken 35-38\/39-42, 5 Paar Sneakersocken Laufsocken Atmungsaktiv Kurze Kn\u00f6chelsocken aus Baumwolle"}]},{"@type":"WebSite","@id":"https:\/\/marktxxl.de\/markt\/#website","url":"https:\/\/marktxxl.de\/markt\/","name":"Markt-XXL","description":"Ihr Markt Online","publisher":{"@id":"https:\/\/marktxxl.de\/markt\/#organization"},"potentialAction":[{"@type":"SearchAction","target":{"@type":"EntryPoint","urlTemplate":"https:\/\/marktxxl.de\/markt\/?s={search_term_string}"},"query-input":{"@type":"PropertyValueSpecification","valueRequired":true,"valueName":"search_term_string"}}],"inLanguage":"de"},{"@type":"Organization","@id":"https:\/\/marktxxl.de\/markt\/#organization","name":"Markt-XXL","url":"https:\/\/marktxxl.de\/markt\/","logo":{"@type":"ImageObject","inLanguage":"de","@id":"https:\/\/marktxxl.de\/markt\/#\/schema\/logo\/image\/","url":"https:\/\/marktxxl.de\/markt\/wp-content\/uploads\/sites\/3\/2020\/12\/logo.png","contentUrl":"https:\/\/marktxxl.de\/markt\/wp-content\/uploads\/sites\/3\/2020\/12\/logo.png","width":200,"height":70,"caption":"Markt-XXL"},"image":{"@id":"https:\/\/marktxxl.de\/markt\/#\/schema\/logo\/image\/"}}]}},"_links":{"self":[{"href":"https:\/\/marktxxl.de\/markt\/wp-json\/wp\/v2\/product\/218003","targetHints":{"allow":["GET"]}}],"collection":[{"href":"https:\/\/marktxxl.de\/markt\/wp-json\/wp\/v2\/product"}],"about":[{"href":"https:\/\/marktxxl.de\/markt\/wp-json\/wp\/v2\/types\/product"}],"replies":[{"embeddable":true,"href":"https:\/\/marktxxl.de\/markt\/wp-json\/wp\/v2\/comments?post=218003"}],"wp:featuredmedia":[{"embeddable":true,"href":"https:\/\/marktxxl.de\/markt\/wp-json\/wp\/v2\/media\/218004"}],"wp:attachment":[{"href":"https:\/\/marktxxl.de\/markt\/wp-json\/wp\/v2\/media?parent=218003"}],"wp:term":[{"taxonomy":"product_brand","embeddable":true,"href":"https:\/\/marktxxl.de\/markt\/wp-json\/wp\/v2\/product_brand?post=218003"},{"taxonomy":"product_cat","embeddable":true,"href":"https:\/\/marktxxl.de\/markt\/wp-json\/wp\/v2\/product_cat?post=218003"},{"taxonomy":"product_tag","embeddable":true,"href":"https:\/\/marktxxl.de\/markt\/wp-json\/wp\/v2\/product_tag?post=218003"}],"curies":[{"name":"wp","href":"https:\/\/api.w.org\/{rel}","templated":true}]}}