{"id":217960,"date":"2024-07-28T08:26:43","date_gmt":"2024-07-28T06:26:43","guid":{"rendered":"https:\/\/marktxxl.de\/markt\/produkt\/dedoles-socken-unisex-damen-herren-kinder-baumwolle-viele-lustige-designs-fussball-fahrrad-pferde-pflanzen-feuerwehr-geschenk-links-rechts-verschieden\/"},"modified":"2024-07-28T08:26:43","modified_gmt":"2024-07-28T06:26:43","slug":"dedoles-socken-unisex-damen-herren-kinder-baumwolle-viele-lustige-designs-fussball-fahrrad-pferde-pflanzen-feuerwehr-geschenk-links-rechts-verschieden","status":"publish","type":"product","link":"https:\/\/marktxxl.de\/markt\/produkt\/dedoles-socken-unisex-damen-herren-kinder-baumwolle-viele-lustige-designs-fussball-fahrrad-pferde-pflanzen-feuerwehr-geschenk-links-rechts-verschieden\/","title":{"rendered":"Dedoles Socken Unisex Damen Herren &amp; Kinder Baumwolle viele lustige Designs Fussball Fahrrad Pferde Pflanzen Feuerwehr Geschenk links rechts verschieden"},"content":{"rendered":"<p>Das Paket enth\u00e4lt 1 Paar lustige Socken.<br \/>\nMaterial: Die lustigen Socken f\u00fcr Erwachsene sind aus einer klassischen Baumwoll-Polyamid-Mischung hergestellt. Dank Elastan ist das Material dehnbar und sorgt f\u00fcr einen bequemen Sitz ohne Druckstellen.<br \/>\nMotiv: Die Socken von Dedoles haben bunte Motive, die von allem inspiriert sind, was uns umgibt &#8211; Natur, Essen, Alltagsaktivit\u00e4ten oder Hobbys. Ihre Motive passen auch zu den anderen lustigen Produkten.<br \/>\nProduktvarianten: Die Socken eignen sich sowohl f\u00fcr M\u00e4nner als auch f\u00fcr Frauen. Neben den hohen Socken sind auch Kn\u00f6chelsocken mit einer geringeren L\u00e4nge erh\u00e4ltlich. Sie werden gew\u00f6hnlich in drei Gr\u00f6\u00dfen verkauft, n\u00e4mlich 35-38, 39-42 und 43-46.<br \/>\nVerwendung: Hohe Socken eignen sich ideal f\u00fcr k\u00e4ltere Tage. Dank ihrer leuchtenden Farben k\u00f6nnen sie mit dem restlichen Outfit kombiniert werden, um einen stilvollen Look zu erzielen.<br \/>\nProduktion und Technologie: Die lustigen Socken werden mit den neuesten Technologien hergestellt und durchlaufen eine Reihe von Tests, bevor sie f\u00fcr den Verkauf bereit sind. Sie wurden von slowakischen Textildesignern von Dedoles entworfen.<br \/>\n<div class=\"main-cross-sell\" data-asin=\"B0944BHZX6\">\n\n\t<div class=\"WooZone-cross-sell-loader\">\n\t\t<div>\n\t\t\t<div id=\"floatingBarsG\">\n\t\t\t\t<div class=\"blockG\" id=\"rotateG_01\"><\/div>\n\t\t\t\t<div class=\"blockG\" id=\"rotateG_02\"><\/div>\n\t\t\t\t<div class=\"blockG\" id=\"rotateG_03\"><\/div>\n\t\t\t\t<div class=\"blockG\" id=\"rotateG_04\"><\/div>\n\t\t\t\t<div class=\"blockG\" id=\"rotateG_05\"><\/div>\n\t\t\t\t<div class=\"blockG\" id=\"rotateG_06\"><\/div>\n\t\t\t\t<div class=\"blockG\" id=\"rotateG_07\"><\/div>\n\t\t\t\t<div class=\"blockG\" id=\"rotateG_08\"><\/div>\n\t\t\t<\/div>\n\t\t\t<div class=\"WooZone-cross-sell-loader-text\"><\/div>\n\t\t<\/div>\n\t<\/div>\n\n\t\t\n<\/div>\n<div style=\"clear:both;\"><\/div><\/p>\n","protected":false},"excerpt":{"rendered":"<p>Das Paket enth\u00e4lt 1 Paar lustige Socken.<br \/>\nMaterial: Die lustigen Socken f\u00fcr Erwachsene sind aus einer klassischen Baumwoll-Polyamid-Mischung hergestellt. Dank Elastan ist das Material dehnbar und sorgt f\u00fcr einen bequemen Sitz ohne Druckstellen.<br \/>\nMotiv: Die Socken von Dedoles haben bunte Motive, die von allem inspiriert sind, was uns umgibt &#8211; Natur, Essen, Alltagsaktivit\u00e4ten oder Hobbys. Ihre Motive passen auch zu den anderen lustigen Produkten.<\/p>\n","protected":false},"featured_media":217961,"comment_status":"open","ping_status":"closed","template":"","meta":[],"product_brand":[],"product_cat":[1186,3920],"product_tag":[],"class_list":{"0":"post-217960","1":"product","2":"type-product","3":"status-publish","4":"has-post-thumbnail","6":"product_cat-bekleidung","7":"product_cat-damen","8":"pa_binding-textilien","9":"pa_brand-dedoles","10":"pa_brand-thames-hudson","11":"pa_manufacturer-dedoles","12":"pa_model-dedoles-crazy-socks","14":"first","15":"instock","16":"shipping-taxable","17":"product-type-simple","18":"customify-col","19":"product-has-gallery"},"yoast_head":"<!-- This site is optimized with the Yoast SEO plugin v27.4 - https:\/\/yoast.com\/product\/yoast-seo-wordpress\/ -->\n<title>Dedoles Socken Unisex Damen Herren &amp; Kinder Baumwolle viele lustige Designs Fussball Fahrrad Pferde Pflanzen Feuerwehr Geschenk links rechts verschieden - Markt-XXL<\/title>\n<meta name=\"description\" content=\"Markt-XXL Dedoles Socken Unisex Damen Herren &amp; Kinder Baumwolle viele lustige Designs Fussball Fahrrad Pferde Pflanzen Feuerwehr Geschenk links rechts verschieden\" \/>\n<meta name=\"robots\" content=\"index, follow, max-snippet:-1, max-image-preview:large, max-video-preview:-1\" \/>\n<link rel=\"canonical\" href=\"https:\/\/marktxxl.de\/markt\/produkt\/dedoles-socken-unisex-damen-herren-kinder-baumwolle-viele-lustige-designs-fussball-fahrrad-pferde-pflanzen-feuerwehr-geschenk-links-rechts-verschieden\/\" \/>\n<meta property=\"og:locale\" content=\"de_DE\" \/>\n<meta property=\"og:type\" content=\"article\" \/>\n<meta property=\"og:title\" content=\"Dedoles Socken Unisex Damen Herren &amp; Kinder Baumwolle viele lustige Designs Fussball Fahrrad Pferde Pflanzen Feuerwehr Geschenk links rechts verschieden - Markt-XXL\" \/>\n<meta property=\"og:description\" content=\"Markt-XXL Dedoles Socken Unisex Damen Herren &amp; Kinder Baumwolle viele lustige Designs Fussball Fahrrad Pferde Pflanzen Feuerwehr Geschenk links rechts verschieden\" \/>\n<meta property=\"og:url\" content=\"https:\/\/marktxxl.de\/markt\/produkt\/dedoles-socken-unisex-damen-herren-kinder-baumwolle-viele-lustige-designs-fussball-fahrrad-pferde-pflanzen-feuerwehr-geschenk-links-rechts-verschieden\/\" \/>\n<meta property=\"og:site_name\" content=\"Markt-XXL\" \/>\n<meta name=\"twitter:card\" content=\"summary_large_image\" \/>\n<meta name=\"twitter:label1\" content=\"Gesch\u00e4tzte Lesezeit\" \/>\n\t<meta name=\"twitter:data1\" content=\"1\u00a0Minute\" \/>\n<script type=\"application\/ld+json\" class=\"yoast-schema-graph\">{\"@context\":\"https:\\\/\\\/schema.org\",\"@graph\":[{\"@type\":\"WebPage\",\"@id\":\"https:\\\/\\\/marktxxl.de\\\/markt\\\/produkt\\\/dedoles-socken-unisex-damen-herren-kinder-baumwolle-viele-lustige-designs-fussball-fahrrad-pferde-pflanzen-feuerwehr-geschenk-links-rechts-verschieden\\\/\",\"url\":\"https:\\\/\\\/marktxxl.de\\\/markt\\\/produkt\\\/dedoles-socken-unisex-damen-herren-kinder-baumwolle-viele-lustige-designs-fussball-fahrrad-pferde-pflanzen-feuerwehr-geschenk-links-rechts-verschieden\\\/\",\"name\":\"Dedoles Socken Unisex Damen Herren &amp; Kinder Baumwolle viele lustige Designs Fussball Fahrrad Pferde Pflanzen Feuerwehr Geschenk links rechts verschieden - Markt-XXL\",\"isPartOf\":{\"@id\":\"https:\\\/\\\/marktxxl.de\\\/markt\\\/#website\"},\"primaryImageOfPage\":{\"@id\":\"https:\\\/\\\/marktxxl.de\\\/markt\\\/produkt\\\/dedoles-socken-unisex-damen-herren-kinder-baumwolle-viele-lustige-designs-fussball-fahrrad-pferde-pflanzen-feuerwehr-geschenk-links-rechts-verschieden\\\/#primaryimage\"},\"image\":{\"@id\":\"https:\\\/\\\/marktxxl.de\\\/markt\\\/produkt\\\/dedoles-socken-unisex-damen-herren-kinder-baumwolle-viele-lustige-designs-fussball-fahrrad-pferde-pflanzen-feuerwehr-geschenk-links-rechts-verschieden\\\/#primaryimage\"},\"thumbnailUrl\":\"https:\\\/\\\/m.media-amazon.com\\\/images\\\/I\\\/41CVuzTo4LL._SL500_.jpg\",\"datePublished\":\"2024-07-28T06:26:43+00:00\",\"description\":\"Markt-XXL Dedoles Socken Unisex Damen Herren &amp; Kinder Baumwolle viele lustige Designs Fussball Fahrrad Pferde Pflanzen Feuerwehr Geschenk links rechts verschieden\",\"breadcrumb\":{\"@id\":\"https:\\\/\\\/marktxxl.de\\\/markt\\\/produkt\\\/dedoles-socken-unisex-damen-herren-kinder-baumwolle-viele-lustige-designs-fussball-fahrrad-pferde-pflanzen-feuerwehr-geschenk-links-rechts-verschieden\\\/#breadcrumb\"},\"inLanguage\":\"de\",\"potentialAction\":[{\"@type\":\"ReadAction\",\"target\":[\"https:\\\/\\\/marktxxl.de\\\/markt\\\/produkt\\\/dedoles-socken-unisex-damen-herren-kinder-baumwolle-viele-lustige-designs-fussball-fahrrad-pferde-pflanzen-feuerwehr-geschenk-links-rechts-verschieden\\\/\"]}]},{\"@type\":\"ImageObject\",\"inLanguage\":\"de\",\"@id\":\"https:\\\/\\\/marktxxl.de\\\/markt\\\/produkt\\\/dedoles-socken-unisex-damen-herren-kinder-baumwolle-viele-lustige-designs-fussball-fahrrad-pferde-pflanzen-feuerwehr-geschenk-links-rechts-verschieden\\\/#primaryimage\",\"url\":\"https:\\\/\\\/m.media-amazon.com\\\/images\\\/I\\\/41CVuzTo4LL._SL500_.jpg\",\"contentUrl\":\"https:\\\/\\\/m.media-amazon.com\\\/images\\\/I\\\/41CVuzTo4LL._SL500_.jpg\",\"width\":500,\"height\":500},{\"@type\":\"BreadcrumbList\",\"@id\":\"https:\\\/\\\/marktxxl.de\\\/markt\\\/produkt\\\/dedoles-socken-unisex-damen-herren-kinder-baumwolle-viele-lustige-designs-fussball-fahrrad-pferde-pflanzen-feuerwehr-geschenk-links-rechts-verschieden\\\/#breadcrumb\",\"itemListElement\":[{\"@type\":\"ListItem\",\"position\":1,\"name\":\"Startseite\",\"item\":\"https:\\\/\\\/marktxxl.de\\\/markt\\\/\"},{\"@type\":\"ListItem\",\"position\":2,\"name\":\"Markt\",\"item\":\"https:\\\/\\\/marktxxl.de\\\/markt\\\/\"},{\"@type\":\"ListItem\",\"position\":3,\"name\":\"Dedoles Socken Unisex Damen Herren &amp; Kinder Baumwolle viele lustige Designs Fussball Fahrrad Pferde Pflanzen Feuerwehr Geschenk links rechts verschieden\"}]},{\"@type\":\"WebSite\",\"@id\":\"https:\\\/\\\/marktxxl.de\\\/markt\\\/#website\",\"url\":\"https:\\\/\\\/marktxxl.de\\\/markt\\\/\",\"name\":\"Markt-XXL\",\"description\":\"Ihr Markt Online\",\"publisher\":{\"@id\":\"https:\\\/\\\/marktxxl.de\\\/markt\\\/#organization\"},\"potentialAction\":[{\"@type\":\"SearchAction\",\"target\":{\"@type\":\"EntryPoint\",\"urlTemplate\":\"https:\\\/\\\/marktxxl.de\\\/markt\\\/?s={search_term_string}\"},\"query-input\":{\"@type\":\"PropertyValueSpecification\",\"valueRequired\":true,\"valueName\":\"search_term_string\"}}],\"inLanguage\":\"de\"},{\"@type\":\"Organization\",\"@id\":\"https:\\\/\\\/marktxxl.de\\\/markt\\\/#organization\",\"name\":\"Markt-XXL\",\"url\":\"https:\\\/\\\/marktxxl.de\\\/markt\\\/\",\"logo\":{\"@type\":\"ImageObject\",\"inLanguage\":\"de\",\"@id\":\"https:\\\/\\\/marktxxl.de\\\/markt\\\/#\\\/schema\\\/logo\\\/image\\\/\",\"url\":\"https:\\\/\\\/marktxxl.de\\\/markt\\\/wp-content\\\/uploads\\\/sites\\\/3\\\/2020\\\/12\\\/logo.png\",\"contentUrl\":\"https:\\\/\\\/marktxxl.de\\\/markt\\\/wp-content\\\/uploads\\\/sites\\\/3\\\/2020\\\/12\\\/logo.png\",\"width\":200,\"height\":70,\"caption\":\"Markt-XXL\"},\"image\":{\"@id\":\"https:\\\/\\\/marktxxl.de\\\/markt\\\/#\\\/schema\\\/logo\\\/image\\\/\"}}]}<\/script>\n<!-- \/ Yoast SEO plugin. -->","yoast_head_json":{"title":"Dedoles Socken Unisex Damen Herren &amp; Kinder Baumwolle viele lustige Designs Fussball Fahrrad Pferde Pflanzen Feuerwehr Geschenk links rechts verschieden - Markt-XXL","description":"Markt-XXL Dedoles Socken Unisex Damen Herren &amp; Kinder Baumwolle viele lustige Designs Fussball Fahrrad Pferde Pflanzen Feuerwehr Geschenk links rechts verschieden","robots":{"index":"index","follow":"follow","max-snippet":"max-snippet:-1","max-image-preview":"max-image-preview:large","max-video-preview":"max-video-preview:-1"},"canonical":"https:\/\/marktxxl.de\/markt\/produkt\/dedoles-socken-unisex-damen-herren-kinder-baumwolle-viele-lustige-designs-fussball-fahrrad-pferde-pflanzen-feuerwehr-geschenk-links-rechts-verschieden\/","og_locale":"de_DE","og_type":"article","og_title":"Dedoles Socken Unisex Damen Herren &amp; Kinder Baumwolle viele lustige Designs Fussball Fahrrad Pferde Pflanzen Feuerwehr Geschenk links rechts verschieden - Markt-XXL","og_description":"Markt-XXL Dedoles Socken Unisex Damen Herren &amp; Kinder Baumwolle viele lustige Designs Fussball Fahrrad Pferde Pflanzen Feuerwehr Geschenk links rechts verschieden","og_url":"https:\/\/marktxxl.de\/markt\/produkt\/dedoles-socken-unisex-damen-herren-kinder-baumwolle-viele-lustige-designs-fussball-fahrrad-pferde-pflanzen-feuerwehr-geschenk-links-rechts-verschieden\/","og_site_name":"Markt-XXL","twitter_card":"summary_large_image","twitter_misc":{"Gesch\u00e4tzte Lesezeit":"1\u00a0Minute"},"schema":{"@context":"https:\/\/schema.org","@graph":[{"@type":"WebPage","@id":"https:\/\/marktxxl.de\/markt\/produkt\/dedoles-socken-unisex-damen-herren-kinder-baumwolle-viele-lustige-designs-fussball-fahrrad-pferde-pflanzen-feuerwehr-geschenk-links-rechts-verschieden\/","url":"https:\/\/marktxxl.de\/markt\/produkt\/dedoles-socken-unisex-damen-herren-kinder-baumwolle-viele-lustige-designs-fussball-fahrrad-pferde-pflanzen-feuerwehr-geschenk-links-rechts-verschieden\/","name":"Dedoles Socken Unisex Damen Herren &amp; Kinder Baumwolle viele lustige Designs Fussball Fahrrad Pferde Pflanzen Feuerwehr Geschenk links rechts verschieden - Markt-XXL","isPartOf":{"@id":"https:\/\/marktxxl.de\/markt\/#website"},"primaryImageOfPage":{"@id":"https:\/\/marktxxl.de\/markt\/produkt\/dedoles-socken-unisex-damen-herren-kinder-baumwolle-viele-lustige-designs-fussball-fahrrad-pferde-pflanzen-feuerwehr-geschenk-links-rechts-verschieden\/#primaryimage"},"image":{"@id":"https:\/\/marktxxl.de\/markt\/produkt\/dedoles-socken-unisex-damen-herren-kinder-baumwolle-viele-lustige-designs-fussball-fahrrad-pferde-pflanzen-feuerwehr-geschenk-links-rechts-verschieden\/#primaryimage"},"thumbnailUrl":"https:\/\/m.media-amazon.com\/images\/I\/41CVuzTo4LL._SL500_.jpg","datePublished":"2024-07-28T06:26:43+00:00","description":"Markt-XXL Dedoles Socken Unisex Damen Herren &amp; Kinder Baumwolle viele lustige Designs Fussball Fahrrad Pferde Pflanzen Feuerwehr Geschenk links rechts verschieden","breadcrumb":{"@id":"https:\/\/marktxxl.de\/markt\/produkt\/dedoles-socken-unisex-damen-herren-kinder-baumwolle-viele-lustige-designs-fussball-fahrrad-pferde-pflanzen-feuerwehr-geschenk-links-rechts-verschieden\/#breadcrumb"},"inLanguage":"de","potentialAction":[{"@type":"ReadAction","target":["https:\/\/marktxxl.de\/markt\/produkt\/dedoles-socken-unisex-damen-herren-kinder-baumwolle-viele-lustige-designs-fussball-fahrrad-pferde-pflanzen-feuerwehr-geschenk-links-rechts-verschieden\/"]}]},{"@type":"ImageObject","inLanguage":"de","@id":"https:\/\/marktxxl.de\/markt\/produkt\/dedoles-socken-unisex-damen-herren-kinder-baumwolle-viele-lustige-designs-fussball-fahrrad-pferde-pflanzen-feuerwehr-geschenk-links-rechts-verschieden\/#primaryimage","url":"https:\/\/m.media-amazon.com\/images\/I\/41CVuzTo4LL._SL500_.jpg","contentUrl":"https:\/\/m.media-amazon.com\/images\/I\/41CVuzTo4LL._SL500_.jpg","width":500,"height":500},{"@type":"BreadcrumbList","@id":"https:\/\/marktxxl.de\/markt\/produkt\/dedoles-socken-unisex-damen-herren-kinder-baumwolle-viele-lustige-designs-fussball-fahrrad-pferde-pflanzen-feuerwehr-geschenk-links-rechts-verschieden\/#breadcrumb","itemListElement":[{"@type":"ListItem","position":1,"name":"Startseite","item":"https:\/\/marktxxl.de\/markt\/"},{"@type":"ListItem","position":2,"name":"Markt","item":"https:\/\/marktxxl.de\/markt\/"},{"@type":"ListItem","position":3,"name":"Dedoles Socken Unisex Damen Herren &amp; Kinder Baumwolle viele lustige Designs Fussball Fahrrad Pferde Pflanzen Feuerwehr Geschenk links rechts verschieden"}]},{"@type":"WebSite","@id":"https:\/\/marktxxl.de\/markt\/#website","url":"https:\/\/marktxxl.de\/markt\/","name":"Markt-XXL","description":"Ihr Markt Online","publisher":{"@id":"https:\/\/marktxxl.de\/markt\/#organization"},"potentialAction":[{"@type":"SearchAction","target":{"@type":"EntryPoint","urlTemplate":"https:\/\/marktxxl.de\/markt\/?s={search_term_string}"},"query-input":{"@type":"PropertyValueSpecification","valueRequired":true,"valueName":"search_term_string"}}],"inLanguage":"de"},{"@type":"Organization","@id":"https:\/\/marktxxl.de\/markt\/#organization","name":"Markt-XXL","url":"https:\/\/marktxxl.de\/markt\/","logo":{"@type":"ImageObject","inLanguage":"de","@id":"https:\/\/marktxxl.de\/markt\/#\/schema\/logo\/image\/","url":"https:\/\/marktxxl.de\/markt\/wp-content\/uploads\/sites\/3\/2020\/12\/logo.png","contentUrl":"https:\/\/marktxxl.de\/markt\/wp-content\/uploads\/sites\/3\/2020\/12\/logo.png","width":200,"height":70,"caption":"Markt-XXL"},"image":{"@id":"https:\/\/marktxxl.de\/markt\/#\/schema\/logo\/image\/"}}]}},"_links":{"self":[{"href":"https:\/\/marktxxl.de\/markt\/wp-json\/wp\/v2\/product\/217960","targetHints":{"allow":["GET"]}}],"collection":[{"href":"https:\/\/marktxxl.de\/markt\/wp-json\/wp\/v2\/product"}],"about":[{"href":"https:\/\/marktxxl.de\/markt\/wp-json\/wp\/v2\/types\/product"}],"replies":[{"embeddable":true,"href":"https:\/\/marktxxl.de\/markt\/wp-json\/wp\/v2\/comments?post=217960"}],"wp:featuredmedia":[{"embeddable":true,"href":"https:\/\/marktxxl.de\/markt\/wp-json\/wp\/v2\/media\/217961"}],"wp:attachment":[{"href":"https:\/\/marktxxl.de\/markt\/wp-json\/wp\/v2\/media?parent=217960"}],"wp:term":[{"taxonomy":"product_brand","embeddable":true,"href":"https:\/\/marktxxl.de\/markt\/wp-json\/wp\/v2\/product_brand?post=217960"},{"taxonomy":"product_cat","embeddable":true,"href":"https:\/\/marktxxl.de\/markt\/wp-json\/wp\/v2\/product_cat?post=217960"},{"taxonomy":"product_tag","embeddable":true,"href":"https:\/\/marktxxl.de\/markt\/wp-json\/wp\/v2\/product_tag?post=217960"}],"curies":[{"name":"wp","href":"https:\/\/api.w.org\/{rel}","templated":true}]}}