{"id":217953,"date":"2024-07-28T08:26:36","date_gmt":"2024-07-28T06:26:36","guid":{"rendered":"https:\/\/marktxxl.de\/markt\/produkt\/ewedoos-sporthose-damen-kurz-mit-taschen-laufhose-damen-kurz-high-waist-gym-shorts-damen-kurze-hose-sport-shorts-blickicht\/"},"modified":"2024-07-28T08:26:36","modified_gmt":"2024-07-28T06:26:36","slug":"ewedoos-sporthose-damen-kurz-mit-taschen-laufhose-damen-kurz-high-waist-gym-shorts-damen-kurze-hose-sport-shorts-blickicht","status":"publish","type":"product","link":"https:\/\/marktxxl.de\/markt\/produkt\/ewedoos-sporthose-damen-kurz-mit-taschen-laufhose-damen-kurz-high-waist-gym-shorts-damen-kurze-hose-sport-shorts-blickicht\/","title":{"rendered":"Ewedoos Sporthose Damen kurz mit Taschen Laufhose Damen kurz High Waist Gym Shorts Damen kurze Hose Sport Shorts Blickicht"},"content":{"rendered":"<p>[Ein guter Begleiter f\u00fcr Sport] Ewedoos Sporthose Damen kurz ist atmungsaktiv, super bequem und h\u00e4ltet Sie k\u00fchl und trocken w\u00e4hrend Training. In diesen dehnbaren, figurbetonten Sport Shorts Damen aus weichem Material und mit tailliertem Schnitt k\u00f6nnen Sie sich frei bewegen, ohne dass sie sich eng oder unbequem anf\u00fchlen.<br \/>\n[Langlebige &amp; Umweltfreundlichen] Ewedoos Sporthose Damen kurz besteht aus hochwertigen, blickdichten Materialien und sind gut verarbeitet, damit sie undurchsichtig bei jeder dehnbaren Bewegung bleibt. Sie bleiben auch nach vielen W\u00e4schen in guter Form, egal ob man sie mit der Hand oder in der Maschine w\u00e4scht.<br \/>\n[3 Praktische Taschen] Die Ewedoos Laufhose Damen kurz haben 2 gro\u00dfe Seitentaschen, in der Sie Ihr Handy verstauen k\u00f6nnen. Au\u00dferdem gibt es eine kleine Tasche im Bund f\u00fcr Ihre Schl\u00fcsseln oder andere kleine Gegenst\u00e4nde. So k\u00f6nnen Sie sich auf Ihr Training konzentrieren, ohne sich Sorgen um Ihre Wertsachen zu machen.<br \/>\n[High Waist &amp; Tummy Control] Laufhose Damen kurz Sport Leggings mit hoher Taille und elastischem G\u00fcrtel bieten zus\u00e4tzlichen Halt im Bauchbereich und betont Ihre Silhouette. Mit der bequemen Schnittform verrutschen diese Sporthose Damen kurz in jeder Bewegung nicht.<br \/>\n[Vielseitig f\u00fcr verschiedene Anl\u00e4sse] Sie k\u00f6nnen die Ewedoos kurze Sporthose Damen mit Taschen nicht nur im Fitnessstudio oder auf dem Sportplatz tragen, sondern auch in der Freizeit. Sie sind perfekt f\u00fcr den Picknick im Park oder ein Treffen mit Freunden. Kombinieren diese Radlerhose einfach mit einem Ewedoos Sonnenshirt f\u00fcr einen bequemen und entspannten Look.<br \/>\n<div class=\"main-cross-sell\" data-asin=\"B09TQ6BBY9\">\n\n\t<div class=\"WooZone-cross-sell-loader\">\n\t\t<div>\n\t\t\t<div id=\"floatingBarsG\">\n\t\t\t\t<div class=\"blockG\" id=\"rotateG_01\"><\/div>\n\t\t\t\t<div class=\"blockG\" id=\"rotateG_02\"><\/div>\n\t\t\t\t<div class=\"blockG\" id=\"rotateG_03\"><\/div>\n\t\t\t\t<div class=\"blockG\" id=\"rotateG_04\"><\/div>\n\t\t\t\t<div class=\"blockG\" id=\"rotateG_05\"><\/div>\n\t\t\t\t<div class=\"blockG\" id=\"rotateG_06\"><\/div>\n\t\t\t\t<div class=\"blockG\" id=\"rotateG_07\"><\/div>\n\t\t\t\t<div class=\"blockG\" id=\"rotateG_08\"><\/div>\n\t\t\t<\/div>\n\t\t\t<div class=\"WooZone-cross-sell-loader-text\"><\/div>\n\t\t<\/div>\n\t<\/div>\n\n\t\t\n<\/div>\n<div style=\"clear:both;\"><\/div><\/p>\n","protected":false},"excerpt":{"rendered":"<p>[Ein guter Begleiter f\u00fcr Sport] Ewedoos Sporthose Damen kurz ist atmungsaktiv, super bequem und h\u00e4ltet Sie k\u00fchl und trocken w\u00e4hrend Training. In diesen dehnbaren, figurbetonten Sport Shorts Damen aus weichem Material und mit tailliertem Schnitt k\u00f6nnen Sie sich frei bewegen, ohne dass sie sich eng oder unbequem anf\u00fchlen.<br \/>\n[Langlebige &amp; Umweltfreundlichen] Ewedoos Sporthose Damen kurz besteht aus hochwertigen, blickdichten Materialien und sind gut verarbeitet, damit sie undurchsichtig bei jeder dehnbaren Bewegung bleibt. Sie bleiben auch nach vielen W\u00e4schen in guter Form, egal ob man sie mit der Hand oder in der Maschine w\u00e4scht.<br \/>\n[3 Praktische Taschen] Die Ewedoos Laufhose Damen kurz haben 2 gro\u00dfe Seitentaschen, in der Sie Ihr Handy verstauen k\u00f6nnen. Au\u00dferdem gibt es eine kleine Tasche im Bund f\u00fcr Ihre Schl\u00fcsseln oder andere kleine Gegenst\u00e4nde. So k\u00f6nnen Sie sich auf Ihr Training konzentrieren, ohne sich Sorgen um Ihre Wertsachen zu machen.<\/p>\n","protected":false},"featured_media":217954,"comment_status":"open","ping_status":"closed","template":"","meta":[],"product_brand":[],"product_cat":[1186,3920],"product_tag":[],"class_list":{"0":"post-217953","1":"product","2":"type-product","3":"status-publish","4":"has-post-thumbnail","6":"product_cat-bekleidung","7":"product_cat-damen","8":"pa_binding-textilien","9":"pa_brand-ewedoos","10":"pa_manufacturer-ewedoos","12":"first","13":"instock","14":"shipping-taxable","15":"product-type-simple","16":"customify-col","17":"product-has-gallery"},"yoast_head":"<!-- This site is optimized with the Yoast SEO plugin v27.4 - https:\/\/yoast.com\/product\/yoast-seo-wordpress\/ -->\n<title>Ewedoos Sporthose Damen kurz mit Taschen Laufhose Damen kurz High Waist Gym Shorts Damen kurze Hose Sport Shorts Blickicht - Markt-XXL<\/title>\n<meta name=\"description\" content=\"Markt-XXL Ewedoos Sporthose Damen kurz mit Taschen Laufhose Damen kurz High Waist Gym Shorts Damen kurze Hose Sport Shorts Blickicht\" \/>\n<meta name=\"robots\" content=\"index, follow, max-snippet:-1, max-image-preview:large, max-video-preview:-1\" \/>\n<link rel=\"canonical\" href=\"https:\/\/marktxxl.de\/markt\/produkt\/ewedoos-sporthose-damen-kurz-mit-taschen-laufhose-damen-kurz-high-waist-gym-shorts-damen-kurze-hose-sport-shorts-blickicht\/\" \/>\n<meta property=\"og:locale\" content=\"de_DE\" \/>\n<meta property=\"og:type\" content=\"article\" \/>\n<meta property=\"og:title\" content=\"Ewedoos Sporthose Damen kurz mit Taschen Laufhose Damen kurz High Waist Gym Shorts Damen kurze Hose Sport Shorts Blickicht - Markt-XXL\" \/>\n<meta property=\"og:description\" content=\"Markt-XXL Ewedoos Sporthose Damen kurz mit Taschen Laufhose Damen kurz High Waist Gym Shorts Damen kurze Hose Sport Shorts Blickicht\" \/>\n<meta property=\"og:url\" content=\"https:\/\/marktxxl.de\/markt\/produkt\/ewedoos-sporthose-damen-kurz-mit-taschen-laufhose-damen-kurz-high-waist-gym-shorts-damen-kurze-hose-sport-shorts-blickicht\/\" \/>\n<meta property=\"og:site_name\" content=\"Markt-XXL\" \/>\n<meta name=\"twitter:card\" content=\"summary_large_image\" \/>\n<meta name=\"twitter:label1\" content=\"Gesch\u00e4tzte Lesezeit\" \/>\n\t<meta name=\"twitter:data1\" content=\"1\u00a0Minute\" \/>\n<script type=\"application\/ld+json\" class=\"yoast-schema-graph\">{\"@context\":\"https:\\\/\\\/schema.org\",\"@graph\":[{\"@type\":\"WebPage\",\"@id\":\"https:\\\/\\\/marktxxl.de\\\/markt\\\/produkt\\\/ewedoos-sporthose-damen-kurz-mit-taschen-laufhose-damen-kurz-high-waist-gym-shorts-damen-kurze-hose-sport-shorts-blickicht\\\/\",\"url\":\"https:\\\/\\\/marktxxl.de\\\/markt\\\/produkt\\\/ewedoos-sporthose-damen-kurz-mit-taschen-laufhose-damen-kurz-high-waist-gym-shorts-damen-kurze-hose-sport-shorts-blickicht\\\/\",\"name\":\"Ewedoos Sporthose Damen kurz mit Taschen Laufhose Damen kurz High Waist Gym Shorts Damen kurze Hose Sport Shorts Blickicht - Markt-XXL\",\"isPartOf\":{\"@id\":\"https:\\\/\\\/marktxxl.de\\\/markt\\\/#website\"},\"primaryImageOfPage\":{\"@id\":\"https:\\\/\\\/marktxxl.de\\\/markt\\\/produkt\\\/ewedoos-sporthose-damen-kurz-mit-taschen-laufhose-damen-kurz-high-waist-gym-shorts-damen-kurze-hose-sport-shorts-blickicht\\\/#primaryimage\"},\"image\":{\"@id\":\"https:\\\/\\\/marktxxl.de\\\/markt\\\/produkt\\\/ewedoos-sporthose-damen-kurz-mit-taschen-laufhose-damen-kurz-high-waist-gym-shorts-damen-kurze-hose-sport-shorts-blickicht\\\/#primaryimage\"},\"thumbnailUrl\":\"https:\\\/\\\/m.media-amazon.com\\\/images\\\/I\\\/31Yigi1SF4L._SL500_.jpg\",\"datePublished\":\"2024-07-28T06:26:36+00:00\",\"description\":\"Markt-XXL Ewedoos Sporthose Damen kurz mit Taschen Laufhose Damen kurz High Waist Gym Shorts Damen kurze Hose Sport Shorts Blickicht\",\"breadcrumb\":{\"@id\":\"https:\\\/\\\/marktxxl.de\\\/markt\\\/produkt\\\/ewedoos-sporthose-damen-kurz-mit-taschen-laufhose-damen-kurz-high-waist-gym-shorts-damen-kurze-hose-sport-shorts-blickicht\\\/#breadcrumb\"},\"inLanguage\":\"de\",\"potentialAction\":[{\"@type\":\"ReadAction\",\"target\":[\"https:\\\/\\\/marktxxl.de\\\/markt\\\/produkt\\\/ewedoos-sporthose-damen-kurz-mit-taschen-laufhose-damen-kurz-high-waist-gym-shorts-damen-kurze-hose-sport-shorts-blickicht\\\/\"]}]},{\"@type\":\"ImageObject\",\"inLanguage\":\"de\",\"@id\":\"https:\\\/\\\/marktxxl.de\\\/markt\\\/produkt\\\/ewedoos-sporthose-damen-kurz-mit-taschen-laufhose-damen-kurz-high-waist-gym-shorts-damen-kurze-hose-sport-shorts-blickicht\\\/#primaryimage\",\"url\":\"https:\\\/\\\/m.media-amazon.com\\\/images\\\/I\\\/31Yigi1SF4L._SL500_.jpg\",\"contentUrl\":\"https:\\\/\\\/m.media-amazon.com\\\/images\\\/I\\\/31Yigi1SF4L._SL500_.jpg\",\"width\":385,\"height\":500},{\"@type\":\"BreadcrumbList\",\"@id\":\"https:\\\/\\\/marktxxl.de\\\/markt\\\/produkt\\\/ewedoos-sporthose-damen-kurz-mit-taschen-laufhose-damen-kurz-high-waist-gym-shorts-damen-kurze-hose-sport-shorts-blickicht\\\/#breadcrumb\",\"itemListElement\":[{\"@type\":\"ListItem\",\"position\":1,\"name\":\"Startseite\",\"item\":\"https:\\\/\\\/marktxxl.de\\\/markt\\\/\"},{\"@type\":\"ListItem\",\"position\":2,\"name\":\"Markt\",\"item\":\"https:\\\/\\\/marktxxl.de\\\/markt\\\/\"},{\"@type\":\"ListItem\",\"position\":3,\"name\":\"Ewedoos Sporthose Damen kurz mit Taschen Laufhose Damen kurz High Waist Gym Shorts Damen kurze Hose Sport Shorts Blickicht\"}]},{\"@type\":\"WebSite\",\"@id\":\"https:\\\/\\\/marktxxl.de\\\/markt\\\/#website\",\"url\":\"https:\\\/\\\/marktxxl.de\\\/markt\\\/\",\"name\":\"Markt-XXL\",\"description\":\"Ihr Markt Online\",\"publisher\":{\"@id\":\"https:\\\/\\\/marktxxl.de\\\/markt\\\/#organization\"},\"potentialAction\":[{\"@type\":\"SearchAction\",\"target\":{\"@type\":\"EntryPoint\",\"urlTemplate\":\"https:\\\/\\\/marktxxl.de\\\/markt\\\/?s={search_term_string}\"},\"query-input\":{\"@type\":\"PropertyValueSpecification\",\"valueRequired\":true,\"valueName\":\"search_term_string\"}}],\"inLanguage\":\"de\"},{\"@type\":\"Organization\",\"@id\":\"https:\\\/\\\/marktxxl.de\\\/markt\\\/#organization\",\"name\":\"Markt-XXL\",\"url\":\"https:\\\/\\\/marktxxl.de\\\/markt\\\/\",\"logo\":{\"@type\":\"ImageObject\",\"inLanguage\":\"de\",\"@id\":\"https:\\\/\\\/marktxxl.de\\\/markt\\\/#\\\/schema\\\/logo\\\/image\\\/\",\"url\":\"https:\\\/\\\/marktxxl.de\\\/markt\\\/wp-content\\\/uploads\\\/sites\\\/3\\\/2020\\\/12\\\/logo.png\",\"contentUrl\":\"https:\\\/\\\/marktxxl.de\\\/markt\\\/wp-content\\\/uploads\\\/sites\\\/3\\\/2020\\\/12\\\/logo.png\",\"width\":200,\"height\":70,\"caption\":\"Markt-XXL\"},\"image\":{\"@id\":\"https:\\\/\\\/marktxxl.de\\\/markt\\\/#\\\/schema\\\/logo\\\/image\\\/\"}}]}<\/script>\n<!-- \/ Yoast SEO plugin. -->","yoast_head_json":{"title":"Ewedoos Sporthose Damen kurz mit Taschen Laufhose Damen kurz High Waist Gym Shorts Damen kurze Hose Sport Shorts Blickicht - Markt-XXL","description":"Markt-XXL Ewedoos Sporthose Damen kurz mit Taschen Laufhose Damen kurz High Waist Gym Shorts Damen kurze Hose Sport Shorts Blickicht","robots":{"index":"index","follow":"follow","max-snippet":"max-snippet:-1","max-image-preview":"max-image-preview:large","max-video-preview":"max-video-preview:-1"},"canonical":"https:\/\/marktxxl.de\/markt\/produkt\/ewedoos-sporthose-damen-kurz-mit-taschen-laufhose-damen-kurz-high-waist-gym-shorts-damen-kurze-hose-sport-shorts-blickicht\/","og_locale":"de_DE","og_type":"article","og_title":"Ewedoos Sporthose Damen kurz mit Taschen Laufhose Damen kurz High Waist Gym Shorts Damen kurze Hose Sport Shorts Blickicht - Markt-XXL","og_description":"Markt-XXL Ewedoos Sporthose Damen kurz mit Taschen Laufhose Damen kurz High Waist Gym Shorts Damen kurze Hose Sport Shorts Blickicht","og_url":"https:\/\/marktxxl.de\/markt\/produkt\/ewedoos-sporthose-damen-kurz-mit-taschen-laufhose-damen-kurz-high-waist-gym-shorts-damen-kurze-hose-sport-shorts-blickicht\/","og_site_name":"Markt-XXL","twitter_card":"summary_large_image","twitter_misc":{"Gesch\u00e4tzte Lesezeit":"1\u00a0Minute"},"schema":{"@context":"https:\/\/schema.org","@graph":[{"@type":"WebPage","@id":"https:\/\/marktxxl.de\/markt\/produkt\/ewedoos-sporthose-damen-kurz-mit-taschen-laufhose-damen-kurz-high-waist-gym-shorts-damen-kurze-hose-sport-shorts-blickicht\/","url":"https:\/\/marktxxl.de\/markt\/produkt\/ewedoos-sporthose-damen-kurz-mit-taschen-laufhose-damen-kurz-high-waist-gym-shorts-damen-kurze-hose-sport-shorts-blickicht\/","name":"Ewedoos Sporthose Damen kurz mit Taschen Laufhose Damen kurz High Waist Gym Shorts Damen kurze Hose Sport Shorts Blickicht - Markt-XXL","isPartOf":{"@id":"https:\/\/marktxxl.de\/markt\/#website"},"primaryImageOfPage":{"@id":"https:\/\/marktxxl.de\/markt\/produkt\/ewedoos-sporthose-damen-kurz-mit-taschen-laufhose-damen-kurz-high-waist-gym-shorts-damen-kurze-hose-sport-shorts-blickicht\/#primaryimage"},"image":{"@id":"https:\/\/marktxxl.de\/markt\/produkt\/ewedoos-sporthose-damen-kurz-mit-taschen-laufhose-damen-kurz-high-waist-gym-shorts-damen-kurze-hose-sport-shorts-blickicht\/#primaryimage"},"thumbnailUrl":"https:\/\/m.media-amazon.com\/images\/I\/31Yigi1SF4L._SL500_.jpg","datePublished":"2024-07-28T06:26:36+00:00","description":"Markt-XXL Ewedoos Sporthose Damen kurz mit Taschen Laufhose Damen kurz High Waist Gym Shorts Damen kurze Hose Sport Shorts Blickicht","breadcrumb":{"@id":"https:\/\/marktxxl.de\/markt\/produkt\/ewedoos-sporthose-damen-kurz-mit-taschen-laufhose-damen-kurz-high-waist-gym-shorts-damen-kurze-hose-sport-shorts-blickicht\/#breadcrumb"},"inLanguage":"de","potentialAction":[{"@type":"ReadAction","target":["https:\/\/marktxxl.de\/markt\/produkt\/ewedoos-sporthose-damen-kurz-mit-taschen-laufhose-damen-kurz-high-waist-gym-shorts-damen-kurze-hose-sport-shorts-blickicht\/"]}]},{"@type":"ImageObject","inLanguage":"de","@id":"https:\/\/marktxxl.de\/markt\/produkt\/ewedoos-sporthose-damen-kurz-mit-taschen-laufhose-damen-kurz-high-waist-gym-shorts-damen-kurze-hose-sport-shorts-blickicht\/#primaryimage","url":"https:\/\/m.media-amazon.com\/images\/I\/31Yigi1SF4L._SL500_.jpg","contentUrl":"https:\/\/m.media-amazon.com\/images\/I\/31Yigi1SF4L._SL500_.jpg","width":385,"height":500},{"@type":"BreadcrumbList","@id":"https:\/\/marktxxl.de\/markt\/produkt\/ewedoos-sporthose-damen-kurz-mit-taschen-laufhose-damen-kurz-high-waist-gym-shorts-damen-kurze-hose-sport-shorts-blickicht\/#breadcrumb","itemListElement":[{"@type":"ListItem","position":1,"name":"Startseite","item":"https:\/\/marktxxl.de\/markt\/"},{"@type":"ListItem","position":2,"name":"Markt","item":"https:\/\/marktxxl.de\/markt\/"},{"@type":"ListItem","position":3,"name":"Ewedoos Sporthose Damen kurz mit Taschen Laufhose Damen kurz High Waist Gym Shorts Damen kurze Hose Sport Shorts Blickicht"}]},{"@type":"WebSite","@id":"https:\/\/marktxxl.de\/markt\/#website","url":"https:\/\/marktxxl.de\/markt\/","name":"Markt-XXL","description":"Ihr Markt Online","publisher":{"@id":"https:\/\/marktxxl.de\/markt\/#organization"},"potentialAction":[{"@type":"SearchAction","target":{"@type":"EntryPoint","urlTemplate":"https:\/\/marktxxl.de\/markt\/?s={search_term_string}"},"query-input":{"@type":"PropertyValueSpecification","valueRequired":true,"valueName":"search_term_string"}}],"inLanguage":"de"},{"@type":"Organization","@id":"https:\/\/marktxxl.de\/markt\/#organization","name":"Markt-XXL","url":"https:\/\/marktxxl.de\/markt\/","logo":{"@type":"ImageObject","inLanguage":"de","@id":"https:\/\/marktxxl.de\/markt\/#\/schema\/logo\/image\/","url":"https:\/\/marktxxl.de\/markt\/wp-content\/uploads\/sites\/3\/2020\/12\/logo.png","contentUrl":"https:\/\/marktxxl.de\/markt\/wp-content\/uploads\/sites\/3\/2020\/12\/logo.png","width":200,"height":70,"caption":"Markt-XXL"},"image":{"@id":"https:\/\/marktxxl.de\/markt\/#\/schema\/logo\/image\/"}}]}},"_links":{"self":[{"href":"https:\/\/marktxxl.de\/markt\/wp-json\/wp\/v2\/product\/217953","targetHints":{"allow":["GET"]}}],"collection":[{"href":"https:\/\/marktxxl.de\/markt\/wp-json\/wp\/v2\/product"}],"about":[{"href":"https:\/\/marktxxl.de\/markt\/wp-json\/wp\/v2\/types\/product"}],"replies":[{"embeddable":true,"href":"https:\/\/marktxxl.de\/markt\/wp-json\/wp\/v2\/comments?post=217953"}],"wp:featuredmedia":[{"embeddable":true,"href":"https:\/\/marktxxl.de\/markt\/wp-json\/wp\/v2\/media\/217954"}],"wp:attachment":[{"href":"https:\/\/marktxxl.de\/markt\/wp-json\/wp\/v2\/media?parent=217953"}],"wp:term":[{"taxonomy":"product_brand","embeddable":true,"href":"https:\/\/marktxxl.de\/markt\/wp-json\/wp\/v2\/product_brand?post=217953"},{"taxonomy":"product_cat","embeddable":true,"href":"https:\/\/marktxxl.de\/markt\/wp-json\/wp\/v2\/product_cat?post=217953"},{"taxonomy":"product_tag","embeddable":true,"href":"https:\/\/marktxxl.de\/markt\/wp-json\/wp\/v2\/product_tag?post=217953"}],"curies":[{"name":"wp","href":"https:\/\/api.w.org\/{rel}","templated":true}]}}