{"id":217939,"date":"2024-07-28T08:21:00","date_gmt":"2024-07-28T06:21:00","guid":{"rendered":"https:\/\/marktxxl.de\/markt\/produkt\/trekki-oversized-hoodie-decke-pluesch-flanell-decken-hoodie-weicher-und-warmer-decken-pullover-uebergrosse-kuschel-pulli-mit-reissverschluss-oversized-hoodie-herren-und-damen-blanket-hoodie\/"},"modified":"2024-07-28T08:21:00","modified_gmt":"2024-07-28T06:21:00","slug":"trekki-oversized-hoodie-decke-pluesch-flanell-decken-hoodie-weicher-und-warmer-decken-pullover-uebergrosse-kuschel-pulli-mit-reissverschluss-oversized-hoodie-herren-und-damen-blanket-hoodie","status":"publish","type":"product","link":"https:\/\/marktxxl.de\/markt\/produkt\/trekki-oversized-hoodie-decke-pluesch-flanell-decken-hoodie-weicher-und-warmer-decken-pullover-uebergrosse-kuschel-pulli-mit-reissverschluss-oversized-hoodie-herren-und-damen-blanket-hoodie\/","title":{"rendered":"trekki Oversized Hoodie Decke, Pl\u00fcsch Flanell Decken Hoodie, Weicher und Warmer Decken Pullover, \u00dcbergro\u00dfe Kuschel Pulli mit Rei\u00dfverschluss, Oversized Hoodie Herren und Damen, Blanket Hoodie"},"content":{"rendered":"<p>Jetzt noch Dicker und l\u00e4nger \u2013 Der Big Softy Blanket Hoodie verleiht ein superweiches Luxusgef\u00fchl dank samtigem Fleece und einem flauschigen Sherpa-Futter, das sofort warm und bequem ist. Im Gegensatz zu g\u00fcnstigeren Alternativen ist er ganze 97 cm lang und man passt komplett hinein, wenn Sie Ihre Beine hineinziehen. Mit 250 g\/m\u00b2 Fleece und 230 g\/m\u00b2 Sherpa ist er au\u00dferdem einer der f\u00fclligsten, den es auf dem Markt gibt!<br \/>\nTragen Sie ihn nach Ihrem Geschmack \u2013 unser hochwertiger, hoodie decke ist wendbar und weist keine sichtbaren N\u00e4hte auf der Innenseite auf. Sie k\u00f6nnen die \u00c4rmel hochziehen, um sich einen Snack zuzubereiten, und Ihr Handy oder die TV-Fernbedienung in den integrierten Taschen verstauen. Au\u00dferdem ist er die erste tragbare Decke mit Rei\u00dfverschlusskragen. Also ziehen Sie den Rei\u00dfverschluss zu, drehen Sie ihn auf links, ziehen Sie die Kapuze hoch oder lassen Sie sie unten \u2013 Sie haben die Wahl!<br \/>\nKuscheln Sie sich drinnen oder drau\u00dfen ein \u2013 egal, ob Sie zu Hause faulenzen oder drau\u00dfen der K\u00e4lte trotzen, unsere decken hoodie h\u00e4lt Sie kuschelig warm und gem\u00fctlich. Nutzen Sie ihn beim fernsehen, lernen, Videospiele spielen oder beim arbeiten von zu Hause aus! Oder nehmen Sie ihn zum Camping, Grillen, Strandbesuchen oder zu Festivals. Waschen Sie den pulli decke einfach in der Waschmaschine bei niedriger Temperatur und trocknen Sie ihn dann separat bei niedriger Temperatur im Trockner.<br \/>\nEinheitsgr\u00f6\u00dfe \/ Ideales Geschenk \u2013 Das gro\u00dfe, bequeme Design dieses oversized hoodie passt hervorragend zu fast allen Formen und Gr\u00f6\u00dfen von Erwachsenen Herren, Damen, und Teenagern. Decken pullover sind tolle Geschenke f\u00fcr Frauen oder M\u00e4nner zu Weihnachten, Geburtstagen, Muttertag, Vatertag oder Valentinstag. Universit\u00e4tsstudenten werden sie als Geschenk zum Semesteranfang oder zum Abschluss lieben.<br \/>\n100 % Qualit\u00e4tszufriedenheit \u2013 Wir sind \u00fcberzeugt, dass Sie diesen deckenpullover lieben werden! Sollte sich bei unseren Pr\u00fcfungen jedoch ein Defekt herausstellen, erhalten Sie kostenlosen Ersatz. Wenn Sie Ihre Meinung aus irgendeinem Grund \u00e4ndern, bieten wir Ihnen eine 30-t\u00e4gige Geld-zur\u00fcck-Garantie. Bestellen Sie ihn jetzt risikofrei!<br \/>\n<div class=\"main-cross-sell\" data-asin=\"B08GYJSBNT\">\n\n\t<div class=\"WooZone-cross-sell-loader\">\n\t\t<div>\n\t\t\t<div id=\"floatingBarsG\">\n\t\t\t\t<div class=\"blockG\" id=\"rotateG_01\"><\/div>\n\t\t\t\t<div class=\"blockG\" id=\"rotateG_02\"><\/div>\n\t\t\t\t<div class=\"blockG\" id=\"rotateG_03\"><\/div>\n\t\t\t\t<div class=\"blockG\" id=\"rotateG_04\"><\/div>\n\t\t\t\t<div class=\"blockG\" id=\"rotateG_05\"><\/div>\n\t\t\t\t<div class=\"blockG\" id=\"rotateG_06\"><\/div>\n\t\t\t\t<div class=\"blockG\" id=\"rotateG_07\"><\/div>\n\t\t\t\t<div class=\"blockG\" id=\"rotateG_08\"><\/div>\n\t\t\t<\/div>\n\t\t\t<div class=\"WooZone-cross-sell-loader-text\"><\/div>\n\t\t<\/div>\n\t<\/div>\n\n\t\t\n<\/div>\n<div style=\"clear:both;\"><\/div><\/p>\n","protected":false},"excerpt":{"rendered":"<p>Jetzt noch Dicker und l\u00e4nger \u2013 Der Big Softy Blanket Hoodie verleiht ein superweiches Luxusgef\u00fchl dank samtigem Fleece und einem flauschigen Sherpa-Futter, das sofort warm und bequem ist. Im Gegensatz zu g\u00fcnstigeren Alternativen ist er ganze 97 cm lang und man passt komplett hinein, wenn Sie Ihre Beine hineinziehen. Mit 250 g\/m\u00b2 Fleece und 230 g\/m\u00b2 Sherpa ist er au\u00dferdem einer der f\u00fclligsten, den es auf dem Markt gibt!<br \/>\nTragen Sie ihn nach Ihrem Geschmack \u2013 unser hochwertiger, hoodie decke ist wendbar und weist keine sichtbaren N\u00e4hte auf der Innenseite auf. Sie k\u00f6nnen die \u00c4rmel hochziehen, um sich einen Snack zuzubereiten, und Ihr Handy oder die TV-Fernbedienung in den integrierten Taschen verstauen. Au\u00dferdem ist er die erste tragbare Decke mit Rei\u00dfverschlusskragen. Also ziehen Sie den Rei\u00dfverschluss zu, drehen Sie ihn auf links, ziehen Sie die Kapuze hoch oder lassen Sie sie unten \u2013 Sie haben die Wahl!<br \/>\nKuscheln Sie sich drinnen oder drau\u00dfen ein \u2013 egal, ob Sie zu Hause faulenzen oder drau\u00dfen der K\u00e4lte trotzen, unsere decken hoodie h\u00e4lt Sie kuschelig warm und gem\u00fctlich. Nutzen Sie ihn beim fernsehen, lernen, Videospiele spielen oder beim arbeiten von zu Hause aus! Oder nehmen Sie ihn zum Camping, Grillen, Strandbesuchen oder zu Festivals. Waschen Sie den pulli decke einfach in der Waschmaschine bei niedriger Temperatur und trocknen Sie ihn dann separat bei niedriger Temperatur im Trockner.<\/p>\n","protected":false},"featured_media":217940,"comment_status":"open","ping_status":"closed","template":"","meta":[],"product_brand":[],"product_cat":[1186,3920],"product_tag":[],"class_list":{"0":"post-217939","1":"product","2":"type-product","3":"status-publish","4":"has-post-thumbnail","6":"product_cat-bekleidung","7":"product_cat-damen","8":"pa_binding-textilien","9":"pa_brand-trekki","10":"pa_color-blau","11":"pa_manufacturer-trekki","12":"pa_model-oversized-blanket-hoodie-quarter-zip","13":"pa_size-2646","15":"first","16":"instock","17":"shipping-taxable","18":"product-type-simple","19":"customify-col","20":"product-has-gallery"},"yoast_head":"<!-- This site is optimized with the Yoast SEO plugin v27.4 - https:\/\/yoast.com\/product\/yoast-seo-wordpress\/ -->\n<title>trekki Oversized Hoodie Decke, Pl\u00fcsch Flanell Decken Hoodie, Weicher und Warmer Decken Pullover, \u00dcbergro\u00dfe Kuschel Pulli mit Rei\u00dfverschluss, Oversized Hoodie Herren und Damen, Blanket Hoodie - Markt-XXL<\/title>\n<meta name=\"description\" content=\"Markt-XXL trekki Oversized Hoodie Decke, Pl\u00fcsch Flanell Decken Hoodie, Weicher und Warmer Decken Pullover, \u00dcbergro\u00dfe Kuschel Pulli mit Rei\u00dfverschluss, Oversized Hoodie Herren und Damen, Blanket Hoodie\" \/>\n<meta name=\"robots\" content=\"index, follow, max-snippet:-1, max-image-preview:large, max-video-preview:-1\" \/>\n<link rel=\"canonical\" href=\"https:\/\/marktxxl.de\/markt\/produkt\/trekki-oversized-hoodie-decke-pluesch-flanell-decken-hoodie-weicher-und-warmer-decken-pullover-uebergrosse-kuschel-pulli-mit-reissverschluss-oversized-hoodie-herren-und-damen-blanket-hoodie\/\" \/>\n<meta property=\"og:locale\" content=\"de_DE\" \/>\n<meta property=\"og:type\" content=\"article\" \/>\n<meta property=\"og:title\" content=\"trekki Oversized Hoodie Decke, Pl\u00fcsch Flanell Decken Hoodie, Weicher und Warmer Decken Pullover, \u00dcbergro\u00dfe Kuschel Pulli mit Rei\u00dfverschluss, Oversized Hoodie Herren und Damen, Blanket Hoodie - Markt-XXL\" \/>\n<meta property=\"og:description\" content=\"Markt-XXL trekki Oversized Hoodie Decke, Pl\u00fcsch Flanell Decken Hoodie, Weicher und Warmer Decken Pullover, \u00dcbergro\u00dfe Kuschel Pulli mit Rei\u00dfverschluss, Oversized Hoodie Herren und Damen, Blanket Hoodie\" \/>\n<meta property=\"og:url\" content=\"https:\/\/marktxxl.de\/markt\/produkt\/trekki-oversized-hoodie-decke-pluesch-flanell-decken-hoodie-weicher-und-warmer-decken-pullover-uebergrosse-kuschel-pulli-mit-reissverschluss-oversized-hoodie-herren-und-damen-blanket-hoodie\/\" \/>\n<meta property=\"og:site_name\" content=\"Markt-XXL\" \/>\n<meta name=\"twitter:card\" content=\"summary_large_image\" \/>\n<meta name=\"twitter:label1\" content=\"Gesch\u00e4tzte Lesezeit\" \/>\n\t<meta name=\"twitter:data1\" content=\"2\u00a0Minuten\" \/>\n<script type=\"application\/ld+json\" class=\"yoast-schema-graph\">{\"@context\":\"https:\\\/\\\/schema.org\",\"@graph\":[{\"@type\":\"WebPage\",\"@id\":\"https:\\\/\\\/marktxxl.de\\\/markt\\\/produkt\\\/trekki-oversized-hoodie-decke-pluesch-flanell-decken-hoodie-weicher-und-warmer-decken-pullover-uebergrosse-kuschel-pulli-mit-reissverschluss-oversized-hoodie-herren-und-damen-blanket-hoodie\\\/\",\"url\":\"https:\\\/\\\/marktxxl.de\\\/markt\\\/produkt\\\/trekki-oversized-hoodie-decke-pluesch-flanell-decken-hoodie-weicher-und-warmer-decken-pullover-uebergrosse-kuschel-pulli-mit-reissverschluss-oversized-hoodie-herren-und-damen-blanket-hoodie\\\/\",\"name\":\"trekki Oversized Hoodie Decke, Pl\u00fcsch Flanell Decken Hoodie, Weicher und Warmer Decken Pullover, \u00dcbergro\u00dfe Kuschel Pulli mit Rei\u00dfverschluss, Oversized Hoodie Herren und Damen, Blanket Hoodie - Markt-XXL\",\"isPartOf\":{\"@id\":\"https:\\\/\\\/marktxxl.de\\\/markt\\\/#website\"},\"primaryImageOfPage\":{\"@id\":\"https:\\\/\\\/marktxxl.de\\\/markt\\\/produkt\\\/trekki-oversized-hoodie-decke-pluesch-flanell-decken-hoodie-weicher-und-warmer-decken-pullover-uebergrosse-kuschel-pulli-mit-reissverschluss-oversized-hoodie-herren-und-damen-blanket-hoodie\\\/#primaryimage\"},\"image\":{\"@id\":\"https:\\\/\\\/marktxxl.de\\\/markt\\\/produkt\\\/trekki-oversized-hoodie-decke-pluesch-flanell-decken-hoodie-weicher-und-warmer-decken-pullover-uebergrosse-kuschel-pulli-mit-reissverschluss-oversized-hoodie-herren-und-damen-blanket-hoodie\\\/#primaryimage\"},\"thumbnailUrl\":\"https:\\\/\\\/m.media-amazon.com\\\/images\\\/I\\\/41vU65QKyPL._SL500_.jpg\",\"datePublished\":\"2024-07-28T06:21:00+00:00\",\"description\":\"Markt-XXL trekki Oversized Hoodie Decke, Pl\u00fcsch Flanell Decken Hoodie, Weicher und Warmer Decken Pullover, \u00dcbergro\u00dfe Kuschel Pulli mit Rei\u00dfverschluss, Oversized Hoodie Herren und Damen, Blanket Hoodie\",\"breadcrumb\":{\"@id\":\"https:\\\/\\\/marktxxl.de\\\/markt\\\/produkt\\\/trekki-oversized-hoodie-decke-pluesch-flanell-decken-hoodie-weicher-und-warmer-decken-pullover-uebergrosse-kuschel-pulli-mit-reissverschluss-oversized-hoodie-herren-und-damen-blanket-hoodie\\\/#breadcrumb\"},\"inLanguage\":\"de\",\"potentialAction\":[{\"@type\":\"ReadAction\",\"target\":[\"https:\\\/\\\/marktxxl.de\\\/markt\\\/produkt\\\/trekki-oversized-hoodie-decke-pluesch-flanell-decken-hoodie-weicher-und-warmer-decken-pullover-uebergrosse-kuschel-pulli-mit-reissverschluss-oversized-hoodie-herren-und-damen-blanket-hoodie\\\/\"]}]},{\"@type\":\"ImageObject\",\"inLanguage\":\"de\",\"@id\":\"https:\\\/\\\/marktxxl.de\\\/markt\\\/produkt\\\/trekki-oversized-hoodie-decke-pluesch-flanell-decken-hoodie-weicher-und-warmer-decken-pullover-uebergrosse-kuschel-pulli-mit-reissverschluss-oversized-hoodie-herren-und-damen-blanket-hoodie\\\/#primaryimage\",\"url\":\"https:\\\/\\\/m.media-amazon.com\\\/images\\\/I\\\/41vU65QKyPL._SL500_.jpg\",\"contentUrl\":\"https:\\\/\\\/m.media-amazon.com\\\/images\\\/I\\\/41vU65QKyPL._SL500_.jpg\",\"width\":500,\"height\":500},{\"@type\":\"BreadcrumbList\",\"@id\":\"https:\\\/\\\/marktxxl.de\\\/markt\\\/produkt\\\/trekki-oversized-hoodie-decke-pluesch-flanell-decken-hoodie-weicher-und-warmer-decken-pullover-uebergrosse-kuschel-pulli-mit-reissverschluss-oversized-hoodie-herren-und-damen-blanket-hoodie\\\/#breadcrumb\",\"itemListElement\":[{\"@type\":\"ListItem\",\"position\":1,\"name\":\"Startseite\",\"item\":\"https:\\\/\\\/marktxxl.de\\\/markt\\\/\"},{\"@type\":\"ListItem\",\"position\":2,\"name\":\"Markt\",\"item\":\"https:\\\/\\\/marktxxl.de\\\/markt\\\/\"},{\"@type\":\"ListItem\",\"position\":3,\"name\":\"trekki Oversized Hoodie Decke, Pl\u00fcsch Flanell Decken Hoodie, Weicher und Warmer Decken Pullover, \u00dcbergro\u00dfe Kuschel Pulli mit Rei\u00dfverschluss, Oversized Hoodie Herren und Damen, Blanket Hoodie\"}]},{\"@type\":\"WebSite\",\"@id\":\"https:\\\/\\\/marktxxl.de\\\/markt\\\/#website\",\"url\":\"https:\\\/\\\/marktxxl.de\\\/markt\\\/\",\"name\":\"Markt-XXL\",\"description\":\"Ihr Markt Online\",\"publisher\":{\"@id\":\"https:\\\/\\\/marktxxl.de\\\/markt\\\/#organization\"},\"potentialAction\":[{\"@type\":\"SearchAction\",\"target\":{\"@type\":\"EntryPoint\",\"urlTemplate\":\"https:\\\/\\\/marktxxl.de\\\/markt\\\/?s={search_term_string}\"},\"query-input\":{\"@type\":\"PropertyValueSpecification\",\"valueRequired\":true,\"valueName\":\"search_term_string\"}}],\"inLanguage\":\"de\"},{\"@type\":\"Organization\",\"@id\":\"https:\\\/\\\/marktxxl.de\\\/markt\\\/#organization\",\"name\":\"Markt-XXL\",\"url\":\"https:\\\/\\\/marktxxl.de\\\/markt\\\/\",\"logo\":{\"@type\":\"ImageObject\",\"inLanguage\":\"de\",\"@id\":\"https:\\\/\\\/marktxxl.de\\\/markt\\\/#\\\/schema\\\/logo\\\/image\\\/\",\"url\":\"https:\\\/\\\/marktxxl.de\\\/markt\\\/wp-content\\\/uploads\\\/sites\\\/3\\\/2020\\\/12\\\/logo.png\",\"contentUrl\":\"https:\\\/\\\/marktxxl.de\\\/markt\\\/wp-content\\\/uploads\\\/sites\\\/3\\\/2020\\\/12\\\/logo.png\",\"width\":200,\"height\":70,\"caption\":\"Markt-XXL\"},\"image\":{\"@id\":\"https:\\\/\\\/marktxxl.de\\\/markt\\\/#\\\/schema\\\/logo\\\/image\\\/\"}}]}<\/script>\n<!-- \/ Yoast SEO plugin. -->","yoast_head_json":{"title":"trekki Oversized Hoodie Decke, Pl\u00fcsch Flanell Decken Hoodie, Weicher und Warmer Decken Pullover, \u00dcbergro\u00dfe Kuschel Pulli mit Rei\u00dfverschluss, Oversized Hoodie Herren und Damen, Blanket Hoodie - Markt-XXL","description":"Markt-XXL trekki Oversized Hoodie Decke, Pl\u00fcsch Flanell Decken Hoodie, Weicher und Warmer Decken Pullover, \u00dcbergro\u00dfe Kuschel Pulli mit Rei\u00dfverschluss, Oversized Hoodie Herren und Damen, Blanket Hoodie","robots":{"index":"index","follow":"follow","max-snippet":"max-snippet:-1","max-image-preview":"max-image-preview:large","max-video-preview":"max-video-preview:-1"},"canonical":"https:\/\/marktxxl.de\/markt\/produkt\/trekki-oversized-hoodie-decke-pluesch-flanell-decken-hoodie-weicher-und-warmer-decken-pullover-uebergrosse-kuschel-pulli-mit-reissverschluss-oversized-hoodie-herren-und-damen-blanket-hoodie\/","og_locale":"de_DE","og_type":"article","og_title":"trekki Oversized Hoodie Decke, Pl\u00fcsch Flanell Decken Hoodie, Weicher und Warmer Decken Pullover, \u00dcbergro\u00dfe Kuschel Pulli mit Rei\u00dfverschluss, Oversized Hoodie Herren und Damen, Blanket Hoodie - Markt-XXL","og_description":"Markt-XXL trekki Oversized Hoodie Decke, Pl\u00fcsch Flanell Decken Hoodie, Weicher und Warmer Decken Pullover, \u00dcbergro\u00dfe Kuschel Pulli mit Rei\u00dfverschluss, Oversized Hoodie Herren und Damen, Blanket Hoodie","og_url":"https:\/\/marktxxl.de\/markt\/produkt\/trekki-oversized-hoodie-decke-pluesch-flanell-decken-hoodie-weicher-und-warmer-decken-pullover-uebergrosse-kuschel-pulli-mit-reissverschluss-oversized-hoodie-herren-und-damen-blanket-hoodie\/","og_site_name":"Markt-XXL","twitter_card":"summary_large_image","twitter_misc":{"Gesch\u00e4tzte Lesezeit":"2\u00a0Minuten"},"schema":{"@context":"https:\/\/schema.org","@graph":[{"@type":"WebPage","@id":"https:\/\/marktxxl.de\/markt\/produkt\/trekki-oversized-hoodie-decke-pluesch-flanell-decken-hoodie-weicher-und-warmer-decken-pullover-uebergrosse-kuschel-pulli-mit-reissverschluss-oversized-hoodie-herren-und-damen-blanket-hoodie\/","url":"https:\/\/marktxxl.de\/markt\/produkt\/trekki-oversized-hoodie-decke-pluesch-flanell-decken-hoodie-weicher-und-warmer-decken-pullover-uebergrosse-kuschel-pulli-mit-reissverschluss-oversized-hoodie-herren-und-damen-blanket-hoodie\/","name":"trekki Oversized Hoodie Decke, Pl\u00fcsch Flanell Decken Hoodie, Weicher und Warmer Decken Pullover, \u00dcbergro\u00dfe Kuschel Pulli mit Rei\u00dfverschluss, Oversized Hoodie Herren und Damen, Blanket Hoodie - Markt-XXL","isPartOf":{"@id":"https:\/\/marktxxl.de\/markt\/#website"},"primaryImageOfPage":{"@id":"https:\/\/marktxxl.de\/markt\/produkt\/trekki-oversized-hoodie-decke-pluesch-flanell-decken-hoodie-weicher-und-warmer-decken-pullover-uebergrosse-kuschel-pulli-mit-reissverschluss-oversized-hoodie-herren-und-damen-blanket-hoodie\/#primaryimage"},"image":{"@id":"https:\/\/marktxxl.de\/markt\/produkt\/trekki-oversized-hoodie-decke-pluesch-flanell-decken-hoodie-weicher-und-warmer-decken-pullover-uebergrosse-kuschel-pulli-mit-reissverschluss-oversized-hoodie-herren-und-damen-blanket-hoodie\/#primaryimage"},"thumbnailUrl":"https:\/\/m.media-amazon.com\/images\/I\/41vU65QKyPL._SL500_.jpg","datePublished":"2024-07-28T06:21:00+00:00","description":"Markt-XXL trekki Oversized Hoodie Decke, Pl\u00fcsch Flanell Decken Hoodie, Weicher und Warmer Decken Pullover, \u00dcbergro\u00dfe Kuschel Pulli mit Rei\u00dfverschluss, Oversized Hoodie Herren und Damen, Blanket Hoodie","breadcrumb":{"@id":"https:\/\/marktxxl.de\/markt\/produkt\/trekki-oversized-hoodie-decke-pluesch-flanell-decken-hoodie-weicher-und-warmer-decken-pullover-uebergrosse-kuschel-pulli-mit-reissverschluss-oversized-hoodie-herren-und-damen-blanket-hoodie\/#breadcrumb"},"inLanguage":"de","potentialAction":[{"@type":"ReadAction","target":["https:\/\/marktxxl.de\/markt\/produkt\/trekki-oversized-hoodie-decke-pluesch-flanell-decken-hoodie-weicher-und-warmer-decken-pullover-uebergrosse-kuschel-pulli-mit-reissverschluss-oversized-hoodie-herren-und-damen-blanket-hoodie\/"]}]},{"@type":"ImageObject","inLanguage":"de","@id":"https:\/\/marktxxl.de\/markt\/produkt\/trekki-oversized-hoodie-decke-pluesch-flanell-decken-hoodie-weicher-und-warmer-decken-pullover-uebergrosse-kuschel-pulli-mit-reissverschluss-oversized-hoodie-herren-und-damen-blanket-hoodie\/#primaryimage","url":"https:\/\/m.media-amazon.com\/images\/I\/41vU65QKyPL._SL500_.jpg","contentUrl":"https:\/\/m.media-amazon.com\/images\/I\/41vU65QKyPL._SL500_.jpg","width":500,"height":500},{"@type":"BreadcrumbList","@id":"https:\/\/marktxxl.de\/markt\/produkt\/trekki-oversized-hoodie-decke-pluesch-flanell-decken-hoodie-weicher-und-warmer-decken-pullover-uebergrosse-kuschel-pulli-mit-reissverschluss-oversized-hoodie-herren-und-damen-blanket-hoodie\/#breadcrumb","itemListElement":[{"@type":"ListItem","position":1,"name":"Startseite","item":"https:\/\/marktxxl.de\/markt\/"},{"@type":"ListItem","position":2,"name":"Markt","item":"https:\/\/marktxxl.de\/markt\/"},{"@type":"ListItem","position":3,"name":"trekki Oversized Hoodie Decke, Pl\u00fcsch Flanell Decken Hoodie, Weicher und Warmer Decken Pullover, \u00dcbergro\u00dfe Kuschel Pulli mit Rei\u00dfverschluss, Oversized Hoodie Herren und Damen, Blanket Hoodie"}]},{"@type":"WebSite","@id":"https:\/\/marktxxl.de\/markt\/#website","url":"https:\/\/marktxxl.de\/markt\/","name":"Markt-XXL","description":"Ihr Markt Online","publisher":{"@id":"https:\/\/marktxxl.de\/markt\/#organization"},"potentialAction":[{"@type":"SearchAction","target":{"@type":"EntryPoint","urlTemplate":"https:\/\/marktxxl.de\/markt\/?s={search_term_string}"},"query-input":{"@type":"PropertyValueSpecification","valueRequired":true,"valueName":"search_term_string"}}],"inLanguage":"de"},{"@type":"Organization","@id":"https:\/\/marktxxl.de\/markt\/#organization","name":"Markt-XXL","url":"https:\/\/marktxxl.de\/markt\/","logo":{"@type":"ImageObject","inLanguage":"de","@id":"https:\/\/marktxxl.de\/markt\/#\/schema\/logo\/image\/","url":"https:\/\/marktxxl.de\/markt\/wp-content\/uploads\/sites\/3\/2020\/12\/logo.png","contentUrl":"https:\/\/marktxxl.de\/markt\/wp-content\/uploads\/sites\/3\/2020\/12\/logo.png","width":200,"height":70,"caption":"Markt-XXL"},"image":{"@id":"https:\/\/marktxxl.de\/markt\/#\/schema\/logo\/image\/"}}]}},"_links":{"self":[{"href":"https:\/\/marktxxl.de\/markt\/wp-json\/wp\/v2\/product\/217939","targetHints":{"allow":["GET"]}}],"collection":[{"href":"https:\/\/marktxxl.de\/markt\/wp-json\/wp\/v2\/product"}],"about":[{"href":"https:\/\/marktxxl.de\/markt\/wp-json\/wp\/v2\/types\/product"}],"replies":[{"embeddable":true,"href":"https:\/\/marktxxl.de\/markt\/wp-json\/wp\/v2\/comments?post=217939"}],"wp:featuredmedia":[{"embeddable":true,"href":"https:\/\/marktxxl.de\/markt\/wp-json\/wp\/v2\/media\/217940"}],"wp:attachment":[{"href":"https:\/\/marktxxl.de\/markt\/wp-json\/wp\/v2\/media?parent=217939"}],"wp:term":[{"taxonomy":"product_brand","embeddable":true,"href":"https:\/\/marktxxl.de\/markt\/wp-json\/wp\/v2\/product_brand?post=217939"},{"taxonomy":"product_cat","embeddable":true,"href":"https:\/\/marktxxl.de\/markt\/wp-json\/wp\/v2\/product_cat?post=217939"},{"taxonomy":"product_tag","embeddable":true,"href":"https:\/\/marktxxl.de\/markt\/wp-json\/wp\/v2\/product_tag?post=217939"}],"curies":[{"name":"wp","href":"https:\/\/api.w.org\/{rel}","templated":true}]}}