{"id":217901,"date":"2024-07-28T08:20:22","date_gmt":"2024-07-28T06:20:22","guid":{"rendered":"https:\/\/marktxxl.de\/markt\/produkt\/opssaker-thermo-leggings-damen-high-waist-gefuettert-fleece-leggings-damen-warm-thermohose-leggins-blickdicht-winter\/"},"modified":"2024-07-28T08:20:22","modified_gmt":"2024-07-28T06:20:22","slug":"opssaker-thermo-leggings-damen-high-waist-gefuettert-fleece-leggings-damen-warm-thermohose-leggins-blickdicht-winter","status":"publish","type":"product","link":"https:\/\/marktxxl.de\/markt\/produkt\/opssaker-thermo-leggings-damen-high-waist-gefuettert-fleece-leggings-damen-warm-thermohose-leggins-blickdicht-winter\/","title":{"rendered":"Opssaker Thermo Leggings Damen High Waist Gef\u00fcttert Fleece Leggings Damen Warm Thermohose Leggins Blickdicht Winter"},"content":{"rendered":"<p>Ideal f\u00fcr den Winter &#8211; Opssaker thermo Leggings f\u00fcr Damen sind ideal f\u00fcr kaltes Wetter. Sie passen gut zu Tops, Blusen, Pullovern und Hoodies. Du kannst sie f\u00fcr l\u00e4ssige Ausfl\u00fcge, zum Entspannen zu Hause oder f\u00fcr jede t\u00e4gliche Routine tragen. Ob du mit dem Hund in der K\u00e4lte spazieren gehst oder einfach deinen Tag verbringst, Opssaker Thermoleggings sind die perfekte Wahl.<br \/>\nThermo Leggings Damen &#8211; Unsere Fleece Leggings haben ein weiches, flauschiges Futter, das dich im Winter warm h\u00e4lt. Sie sind perfekt f\u00fcr Tage, an denen du es gem\u00fctlich haben m\u00f6chtest, ohne zu hei\u00df zu werden, und bieten genau die richtige Menge an W\u00e4rme.<br \/>\nLeggings Damen High Waist &#8211; Diese warmen Leggings sind sehr dehnbar, aber trotzdem fest und bieten dir die richtige Mischung aus Komfort und Unterst\u00fctzung. Das High-Waist-Design sorgt daf\u00fcr, dass sie sicher und stilvoll sitzen, ohne dass L\u00fccken entstehen, wenn du dich b\u00fcckst oder streckst. Sie vereinen Mode und Funktion, und bieten dir das Beste aus beiden Welten in einem einzigen Paar.<br \/>\nLeggins Gef\u00fcttert Damen &#8211; Hergestellt aus weichem und dehnbarem Material, sind diese Winterleggings f\u00fcr Frauen sanft zur Haut und verursachen keine Reizungen. Der Stoff ist flexibel und nicht durchsichtig, was f\u00fcr eine bequeme Passform sorgt. Das Design passt sich verschiedenen K\u00f6rperformen an, unsere fleece leggings sind so konzipiert, dass sie jedem perfekt passen.<br \/>\nWenn Sie nach einer Wintergarderoben-Aktualisierung suchen, die Praktikabilit\u00e4t mit Stil vereint, sind diese Thermoleggings f\u00fcr Frauen die perfekte Wahl.<br \/>\n<div class=\"main-cross-sell\" data-asin=\"B0D53XWV24\">\n\n\t<div class=\"WooZone-cross-sell-loader\">\n\t\t<div>\n\t\t\t<div id=\"floatingBarsG\">\n\t\t\t\t<div class=\"blockG\" id=\"rotateG_01\"><\/div>\n\t\t\t\t<div class=\"blockG\" id=\"rotateG_02\"><\/div>\n\t\t\t\t<div class=\"blockG\" id=\"rotateG_03\"><\/div>\n\t\t\t\t<div class=\"blockG\" id=\"rotateG_04\"><\/div>\n\t\t\t\t<div class=\"blockG\" id=\"rotateG_05\"><\/div>\n\t\t\t\t<div class=\"blockG\" id=\"rotateG_06\"><\/div>\n\t\t\t\t<div class=\"blockG\" id=\"rotateG_07\"><\/div>\n\t\t\t\t<div class=\"blockG\" id=\"rotateG_08\"><\/div>\n\t\t\t<\/div>\n\t\t\t<div class=\"WooZone-cross-sell-loader-text\"><\/div>\n\t\t<\/div>\n\t<\/div>\n\n\t\t\n<\/div>\n<div style=\"clear:both;\"><\/div><\/p>\n","protected":false},"excerpt":{"rendered":"<p>Ideal f\u00fcr den Winter &#8211; Opssaker thermo Leggings f\u00fcr Damen sind ideal f\u00fcr kaltes Wetter. Sie passen gut zu Tops, Blusen, Pullovern und Hoodies. Du kannst sie f\u00fcr l\u00e4ssige Ausfl\u00fcge, zum Entspannen zu Hause oder f\u00fcr jede t\u00e4gliche Routine tragen. Ob du mit dem Hund in der K\u00e4lte spazieren gehst oder einfach deinen Tag verbringst, Opssaker Thermoleggings sind die perfekte Wahl.<br \/>\nThermo Leggings Damen &#8211; Unsere Fleece Leggings haben ein weiches, flauschiges Futter, das dich im Winter warm h\u00e4lt. Sie sind perfekt f\u00fcr Tage, an denen du es gem\u00fctlich haben m\u00f6chtest, ohne zu hei\u00df zu werden, und bieten genau die richtige Menge an W\u00e4rme.<br \/>\nLeggings Damen High Waist &#8211; Diese warmen Leggings sind sehr dehnbar, aber trotzdem fest und bieten dir die richtige Mischung aus Komfort und Unterst\u00fctzung. Das High-Waist-Design sorgt daf\u00fcr, dass sie sicher und stilvoll sitzen, ohne dass L\u00fccken entstehen, wenn du dich b\u00fcckst oder streckst. Sie vereinen Mode und Funktion, und bieten dir das Beste aus beiden Welten in einem einzigen Paar.<\/p>\n","protected":false},"featured_media":217902,"comment_status":"open","ping_status":"closed","template":"","meta":[],"product_brand":[],"product_cat":[1186,3920],"product_tag":[],"class_list":{"0":"post-217901","1":"product","2":"type-product","3":"status-publish","4":"has-post-thumbnail","6":"product_cat-bekleidung","7":"product_cat-damen","8":"pa_binding-textilien","9":"pa_brand-opssaker","11":"first","12":"instock","13":"shipping-taxable","14":"product-type-simple","15":"customify-col","16":"product-has-gallery"},"yoast_head":"<!-- This site is optimized with the Yoast SEO plugin v27.3 - https:\/\/yoast.com\/product\/yoast-seo-wordpress\/ -->\n<title>Opssaker Thermo Leggings Damen High Waist Gef\u00fcttert Fleece Leggings Damen Warm Thermohose Leggins Blickdicht Winter - Markt-XXL<\/title>\n<meta name=\"description\" content=\"Markt-XXL Opssaker Thermo Leggings Damen High Waist Gef\u00fcttert Fleece Leggings Damen Warm Thermohose Leggins Blickdicht Winter\" \/>\n<meta name=\"robots\" content=\"index, follow, max-snippet:-1, max-image-preview:large, max-video-preview:-1\" \/>\n<link rel=\"canonical\" href=\"https:\/\/marktxxl.de\/markt\/produkt\/opssaker-thermo-leggings-damen-high-waist-gefuettert-fleece-leggings-damen-warm-thermohose-leggins-blickdicht-winter\/\" \/>\n<meta property=\"og:locale\" content=\"de_DE\" \/>\n<meta property=\"og:type\" content=\"article\" \/>\n<meta property=\"og:title\" content=\"Opssaker Thermo Leggings Damen High Waist Gef\u00fcttert Fleece Leggings Damen Warm Thermohose Leggins Blickdicht Winter - Markt-XXL\" \/>\n<meta property=\"og:description\" content=\"Markt-XXL Opssaker Thermo Leggings Damen High Waist Gef\u00fcttert Fleece Leggings Damen Warm Thermohose Leggins Blickdicht Winter\" \/>\n<meta property=\"og:url\" content=\"https:\/\/marktxxl.de\/markt\/produkt\/opssaker-thermo-leggings-damen-high-waist-gefuettert-fleece-leggings-damen-warm-thermohose-leggins-blickdicht-winter\/\" \/>\n<meta property=\"og:site_name\" content=\"Markt-XXL\" \/>\n<meta name=\"twitter:card\" content=\"summary_large_image\" \/>\n<meta name=\"twitter:label1\" content=\"Gesch\u00e4tzte Lesezeit\" \/>\n\t<meta name=\"twitter:data1\" content=\"1\u00a0Minute\" \/>\n<script type=\"application\/ld+json\" class=\"yoast-schema-graph\">{\"@context\":\"https:\\\/\\\/schema.org\",\"@graph\":[{\"@type\":\"WebPage\",\"@id\":\"https:\\\/\\\/marktxxl.de\\\/markt\\\/produkt\\\/opssaker-thermo-leggings-damen-high-waist-gefuettert-fleece-leggings-damen-warm-thermohose-leggins-blickdicht-winter\\\/\",\"url\":\"https:\\\/\\\/marktxxl.de\\\/markt\\\/produkt\\\/opssaker-thermo-leggings-damen-high-waist-gefuettert-fleece-leggings-damen-warm-thermohose-leggins-blickdicht-winter\\\/\",\"name\":\"Opssaker Thermo Leggings Damen High Waist Gef\u00fcttert Fleece Leggings Damen Warm Thermohose Leggins Blickdicht Winter - Markt-XXL\",\"isPartOf\":{\"@id\":\"https:\\\/\\\/marktxxl.de\\\/markt\\\/#website\"},\"primaryImageOfPage\":{\"@id\":\"https:\\\/\\\/marktxxl.de\\\/markt\\\/produkt\\\/opssaker-thermo-leggings-damen-high-waist-gefuettert-fleece-leggings-damen-warm-thermohose-leggins-blickdicht-winter\\\/#primaryimage\"},\"image\":{\"@id\":\"https:\\\/\\\/marktxxl.de\\\/markt\\\/produkt\\\/opssaker-thermo-leggings-damen-high-waist-gefuettert-fleece-leggings-damen-warm-thermohose-leggins-blickdicht-winter\\\/#primaryimage\"},\"thumbnailUrl\":\"https:\\\/\\\/m.media-amazon.com\\\/images\\\/I\\\/31qDgGSjmIL._SL500_.jpg\",\"datePublished\":\"2024-07-28T06:20:22+00:00\",\"description\":\"Markt-XXL Opssaker Thermo Leggings Damen High Waist Gef\u00fcttert Fleece Leggings Damen Warm Thermohose Leggins Blickdicht Winter\",\"breadcrumb\":{\"@id\":\"https:\\\/\\\/marktxxl.de\\\/markt\\\/produkt\\\/opssaker-thermo-leggings-damen-high-waist-gefuettert-fleece-leggings-damen-warm-thermohose-leggins-blickdicht-winter\\\/#breadcrumb\"},\"inLanguage\":\"de\",\"potentialAction\":[{\"@type\":\"ReadAction\",\"target\":[\"https:\\\/\\\/marktxxl.de\\\/markt\\\/produkt\\\/opssaker-thermo-leggings-damen-high-waist-gefuettert-fleece-leggings-damen-warm-thermohose-leggins-blickdicht-winter\\\/\"]}]},{\"@type\":\"ImageObject\",\"inLanguage\":\"de\",\"@id\":\"https:\\\/\\\/marktxxl.de\\\/markt\\\/produkt\\\/opssaker-thermo-leggings-damen-high-waist-gefuettert-fleece-leggings-damen-warm-thermohose-leggins-blickdicht-winter\\\/#primaryimage\",\"url\":\"https:\\\/\\\/m.media-amazon.com\\\/images\\\/I\\\/31qDgGSjmIL._SL500_.jpg\",\"contentUrl\":\"https:\\\/\\\/m.media-amazon.com\\\/images\\\/I\\\/31qDgGSjmIL._SL500_.jpg\",\"width\":500,\"height\":500},{\"@type\":\"BreadcrumbList\",\"@id\":\"https:\\\/\\\/marktxxl.de\\\/markt\\\/produkt\\\/opssaker-thermo-leggings-damen-high-waist-gefuettert-fleece-leggings-damen-warm-thermohose-leggins-blickdicht-winter\\\/#breadcrumb\",\"itemListElement\":[{\"@type\":\"ListItem\",\"position\":1,\"name\":\"Startseite\",\"item\":\"https:\\\/\\\/marktxxl.de\\\/markt\\\/\"},{\"@type\":\"ListItem\",\"position\":2,\"name\":\"Markt\",\"item\":\"https:\\\/\\\/marktxxl.de\\\/markt\\\/\"},{\"@type\":\"ListItem\",\"position\":3,\"name\":\"Opssaker Thermo Leggings Damen High Waist Gef\u00fcttert Fleece Leggings Damen Warm Thermohose Leggins Blickdicht Winter\"}]},{\"@type\":\"WebSite\",\"@id\":\"https:\\\/\\\/marktxxl.de\\\/markt\\\/#website\",\"url\":\"https:\\\/\\\/marktxxl.de\\\/markt\\\/\",\"name\":\"Markt-XXL\",\"description\":\"Ihr Markt Online\",\"publisher\":{\"@id\":\"https:\\\/\\\/marktxxl.de\\\/markt\\\/#organization\"},\"potentialAction\":[{\"@type\":\"SearchAction\",\"target\":{\"@type\":\"EntryPoint\",\"urlTemplate\":\"https:\\\/\\\/marktxxl.de\\\/markt\\\/?s={search_term_string}\"},\"query-input\":{\"@type\":\"PropertyValueSpecification\",\"valueRequired\":true,\"valueName\":\"search_term_string\"}}],\"inLanguage\":\"de\"},{\"@type\":\"Organization\",\"@id\":\"https:\\\/\\\/marktxxl.de\\\/markt\\\/#organization\",\"name\":\"Markt-XXL\",\"url\":\"https:\\\/\\\/marktxxl.de\\\/markt\\\/\",\"logo\":{\"@type\":\"ImageObject\",\"inLanguage\":\"de\",\"@id\":\"https:\\\/\\\/marktxxl.de\\\/markt\\\/#\\\/schema\\\/logo\\\/image\\\/\",\"url\":\"https:\\\/\\\/marktxxl.de\\\/markt\\\/wp-content\\\/uploads\\\/sites\\\/3\\\/2020\\\/12\\\/logo.png\",\"contentUrl\":\"https:\\\/\\\/marktxxl.de\\\/markt\\\/wp-content\\\/uploads\\\/sites\\\/3\\\/2020\\\/12\\\/logo.png\",\"width\":200,\"height\":70,\"caption\":\"Markt-XXL\"},\"image\":{\"@id\":\"https:\\\/\\\/marktxxl.de\\\/markt\\\/#\\\/schema\\\/logo\\\/image\\\/\"}}]}<\/script>\n<!-- \/ Yoast SEO plugin. -->","yoast_head_json":{"title":"Opssaker Thermo Leggings Damen High Waist Gef\u00fcttert Fleece Leggings Damen Warm Thermohose Leggins Blickdicht Winter - Markt-XXL","description":"Markt-XXL Opssaker Thermo Leggings Damen High Waist Gef\u00fcttert Fleece Leggings Damen Warm Thermohose Leggins Blickdicht Winter","robots":{"index":"index","follow":"follow","max-snippet":"max-snippet:-1","max-image-preview":"max-image-preview:large","max-video-preview":"max-video-preview:-1"},"canonical":"https:\/\/marktxxl.de\/markt\/produkt\/opssaker-thermo-leggings-damen-high-waist-gefuettert-fleece-leggings-damen-warm-thermohose-leggins-blickdicht-winter\/","og_locale":"de_DE","og_type":"article","og_title":"Opssaker Thermo Leggings Damen High Waist Gef\u00fcttert Fleece Leggings Damen Warm Thermohose Leggins Blickdicht Winter - Markt-XXL","og_description":"Markt-XXL Opssaker Thermo Leggings Damen High Waist Gef\u00fcttert Fleece Leggings Damen Warm Thermohose Leggins Blickdicht Winter","og_url":"https:\/\/marktxxl.de\/markt\/produkt\/opssaker-thermo-leggings-damen-high-waist-gefuettert-fleece-leggings-damen-warm-thermohose-leggins-blickdicht-winter\/","og_site_name":"Markt-XXL","twitter_card":"summary_large_image","twitter_misc":{"Gesch\u00e4tzte Lesezeit":"1\u00a0Minute"},"schema":{"@context":"https:\/\/schema.org","@graph":[{"@type":"WebPage","@id":"https:\/\/marktxxl.de\/markt\/produkt\/opssaker-thermo-leggings-damen-high-waist-gefuettert-fleece-leggings-damen-warm-thermohose-leggins-blickdicht-winter\/","url":"https:\/\/marktxxl.de\/markt\/produkt\/opssaker-thermo-leggings-damen-high-waist-gefuettert-fleece-leggings-damen-warm-thermohose-leggins-blickdicht-winter\/","name":"Opssaker Thermo Leggings Damen High Waist Gef\u00fcttert Fleece Leggings Damen Warm Thermohose Leggins Blickdicht Winter - Markt-XXL","isPartOf":{"@id":"https:\/\/marktxxl.de\/markt\/#website"},"primaryImageOfPage":{"@id":"https:\/\/marktxxl.de\/markt\/produkt\/opssaker-thermo-leggings-damen-high-waist-gefuettert-fleece-leggings-damen-warm-thermohose-leggins-blickdicht-winter\/#primaryimage"},"image":{"@id":"https:\/\/marktxxl.de\/markt\/produkt\/opssaker-thermo-leggings-damen-high-waist-gefuettert-fleece-leggings-damen-warm-thermohose-leggins-blickdicht-winter\/#primaryimage"},"thumbnailUrl":"https:\/\/m.media-amazon.com\/images\/I\/31qDgGSjmIL._SL500_.jpg","datePublished":"2024-07-28T06:20:22+00:00","description":"Markt-XXL Opssaker Thermo Leggings Damen High Waist Gef\u00fcttert Fleece Leggings Damen Warm Thermohose Leggins Blickdicht Winter","breadcrumb":{"@id":"https:\/\/marktxxl.de\/markt\/produkt\/opssaker-thermo-leggings-damen-high-waist-gefuettert-fleece-leggings-damen-warm-thermohose-leggins-blickdicht-winter\/#breadcrumb"},"inLanguage":"de","potentialAction":[{"@type":"ReadAction","target":["https:\/\/marktxxl.de\/markt\/produkt\/opssaker-thermo-leggings-damen-high-waist-gefuettert-fleece-leggings-damen-warm-thermohose-leggins-blickdicht-winter\/"]}]},{"@type":"ImageObject","inLanguage":"de","@id":"https:\/\/marktxxl.de\/markt\/produkt\/opssaker-thermo-leggings-damen-high-waist-gefuettert-fleece-leggings-damen-warm-thermohose-leggins-blickdicht-winter\/#primaryimage","url":"https:\/\/m.media-amazon.com\/images\/I\/31qDgGSjmIL._SL500_.jpg","contentUrl":"https:\/\/m.media-amazon.com\/images\/I\/31qDgGSjmIL._SL500_.jpg","width":500,"height":500},{"@type":"BreadcrumbList","@id":"https:\/\/marktxxl.de\/markt\/produkt\/opssaker-thermo-leggings-damen-high-waist-gefuettert-fleece-leggings-damen-warm-thermohose-leggins-blickdicht-winter\/#breadcrumb","itemListElement":[{"@type":"ListItem","position":1,"name":"Startseite","item":"https:\/\/marktxxl.de\/markt\/"},{"@type":"ListItem","position":2,"name":"Markt","item":"https:\/\/marktxxl.de\/markt\/"},{"@type":"ListItem","position":3,"name":"Opssaker Thermo Leggings Damen High Waist Gef\u00fcttert Fleece Leggings Damen Warm Thermohose Leggins Blickdicht Winter"}]},{"@type":"WebSite","@id":"https:\/\/marktxxl.de\/markt\/#website","url":"https:\/\/marktxxl.de\/markt\/","name":"Markt-XXL","description":"Ihr Markt Online","publisher":{"@id":"https:\/\/marktxxl.de\/markt\/#organization"},"potentialAction":[{"@type":"SearchAction","target":{"@type":"EntryPoint","urlTemplate":"https:\/\/marktxxl.de\/markt\/?s={search_term_string}"},"query-input":{"@type":"PropertyValueSpecification","valueRequired":true,"valueName":"search_term_string"}}],"inLanguage":"de"},{"@type":"Organization","@id":"https:\/\/marktxxl.de\/markt\/#organization","name":"Markt-XXL","url":"https:\/\/marktxxl.de\/markt\/","logo":{"@type":"ImageObject","inLanguage":"de","@id":"https:\/\/marktxxl.de\/markt\/#\/schema\/logo\/image\/","url":"https:\/\/marktxxl.de\/markt\/wp-content\/uploads\/sites\/3\/2020\/12\/logo.png","contentUrl":"https:\/\/marktxxl.de\/markt\/wp-content\/uploads\/sites\/3\/2020\/12\/logo.png","width":200,"height":70,"caption":"Markt-XXL"},"image":{"@id":"https:\/\/marktxxl.de\/markt\/#\/schema\/logo\/image\/"}}]}},"_links":{"self":[{"href":"https:\/\/marktxxl.de\/markt\/wp-json\/wp\/v2\/product\/217901","targetHints":{"allow":["GET"]}}],"collection":[{"href":"https:\/\/marktxxl.de\/markt\/wp-json\/wp\/v2\/product"}],"about":[{"href":"https:\/\/marktxxl.de\/markt\/wp-json\/wp\/v2\/types\/product"}],"replies":[{"embeddable":true,"href":"https:\/\/marktxxl.de\/markt\/wp-json\/wp\/v2\/comments?post=217901"}],"wp:featuredmedia":[{"embeddable":true,"href":"https:\/\/marktxxl.de\/markt\/wp-json\/wp\/v2\/media\/217902"}],"wp:attachment":[{"href":"https:\/\/marktxxl.de\/markt\/wp-json\/wp\/v2\/media?parent=217901"}],"wp:term":[{"taxonomy":"product_brand","embeddable":true,"href":"https:\/\/marktxxl.de\/markt\/wp-json\/wp\/v2\/product_brand?post=217901"},{"taxonomy":"product_cat","embeddable":true,"href":"https:\/\/marktxxl.de\/markt\/wp-json\/wp\/v2\/product_cat?post=217901"},{"taxonomy":"product_tag","embeddable":true,"href":"https:\/\/marktxxl.de\/markt\/wp-json\/wp\/v2\/product_tag?post=217901"}],"curies":[{"name":"wp","href":"https:\/\/api.w.org\/{rel}","templated":true}]}}