{"id":217870,"date":"2024-07-28T08:14:26","date_gmt":"2024-07-28T06:14:26","guid":{"rendered":"https:\/\/marktxxl.de\/markt\/produkt\/stycizom-silikon-nipplepadsnipple-cover-fuer-damenwiederverwendbares-nipple-padsultraduenne-selbstkleb-unsichtbar-atmungsaktivsilikon-nipplepads-nipple-kleber-fuer-abendkleider\/"},"modified":"2024-07-28T08:14:26","modified_gmt":"2024-07-28T06:14:26","slug":"stycizom-silikon-nipplepadsnipple-cover-fuer-damenwiederverwendbares-nipple-padsultraduenne-selbstkleb-unsichtbar-atmungsaktivsilikon-nipplepads-nipple-kleber-fuer-abendkleider","status":"publish","type":"product","link":"https:\/\/marktxxl.de\/markt\/produkt\/stycizom-silikon-nipplepadsnipple-cover-fuer-damenwiederverwendbares-nipple-padsultraduenne-selbstkleb-unsichtbar-atmungsaktivsilikon-nipplepads-nipple-kleber-fuer-abendkleider\/","title":{"rendered":"Stycizom Silikon Nipplepads,Nipple Cover f\u00fcr Damen,Wiederverwendbares Nipple Pads,Ultrad\u00fcnne Selbstkleb Unsichtbar Atmungsaktiv,Silikon Nipplepads Nipple Kleber f\u00fcr Abendkleider"},"content":{"rendered":"<p>\u3010Hautfreundliches Material\u3011Diese Brustwarzenpads sind aus hautfreundlichem Silikon hergestellt, das sicher, weich und schwei\u00dffest ist. Ihre hypoallergenen Eigenschaften sind sehr geeignet f\u00fcr verschiedene Hauttypen.<br \/>\n\u3010Einfach zu Benutzen\u3011Unsere Brustwarzenauflagen sind klebstofffrei und bedecken den Brustwarzenbereich f\u00fcr 10 Sekunden zu tragen. Sie passen sich gut an Ihre Brust f\u00fcr eine lange Zeit und fallen nicht ab, sch\u00fctzen Ihre Brust vor Vibration und Reibung w\u00e4hrend intensiver Aktivit\u00e4t.<br \/>\n\u3010Perfekte Gr\u00f6\u00dfe\u3011Die Gr\u00f6\u00dfe ist 8 cm, geeignet f\u00fcr a-e Cups. Cupid Pads unsichtbarer BH kann die Brust besser heben und Durchh\u00e4ngen verhindern und die Kaninchenohren k\u00f6nnen frei nach Ihren Bed\u00fcrfnissen geschnitten werden<br \/>\n\u3010Wiederverwendbar und Waschbar\u3011Nach dem Tragen, bitte waschen Sie den r\u00fcckenfreien BH sanft mit Wasser. Setzen Sie ihn nicht dem Sonnenlicht aus, lassen Sie ihn nat\u00fcrlich trocknen. Gesundes Bio-Silica kann sicherstellen, dass die Haftung nach wiederholtem Waschen nicht deformiert wird. (Hinweis: Bringen Sie die Plastikschutzh\u00fclle rechtzeitig nach der Reinigung an)<br \/>\n\u3010Passende Gelegenheit\u3011Strapless unsichtbarer BH ist f\u00fcr fast alle Gelegenheiten geeignet, besonders f\u00fcr einige besondere Anl\u00e4sse. Zum Beispiel beim Tragen von Hochzeitskleidern, r\u00fcckenfreien Kleidern, Strapsen oder sogar Badeanz\u00fcgen.<br \/>\n<div class=\"main-cross-sell\" data-asin=\"B0D11V2D9F\">\n\n\t<div class=\"WooZone-cross-sell-loader\">\n\t\t<div>\n\t\t\t<div id=\"floatingBarsG\">\n\t\t\t\t<div class=\"blockG\" id=\"rotateG_01\"><\/div>\n\t\t\t\t<div class=\"blockG\" id=\"rotateG_02\"><\/div>\n\t\t\t\t<div class=\"blockG\" id=\"rotateG_03\"><\/div>\n\t\t\t\t<div class=\"blockG\" id=\"rotateG_04\"><\/div>\n\t\t\t\t<div class=\"blockG\" id=\"rotateG_05\"><\/div>\n\t\t\t\t<div class=\"blockG\" id=\"rotateG_06\"><\/div>\n\t\t\t\t<div class=\"blockG\" id=\"rotateG_07\"><\/div>\n\t\t\t\t<div class=\"blockG\" id=\"rotateG_08\"><\/div>\n\t\t\t<\/div>\n\t\t\t<div class=\"WooZone-cross-sell-loader-text\"><\/div>\n\t\t<\/div>\n\t<\/div>\n\n\t\t\n<\/div>\n<div style=\"clear:both;\"><\/div><\/p>\n","protected":false},"excerpt":{"rendered":"<p>\u3010Hautfreundliches Material\u3011Diese Brustwarzenpads sind aus hautfreundlichem Silikon hergestellt, das sicher, weich und schwei\u00dffest ist. Ihre hypoallergenen Eigenschaften sind sehr geeignet f\u00fcr verschiedene Hauttypen.<br \/>\n\u3010Einfach zu Benutzen\u3011Unsere Brustwarzenauflagen sind klebstofffrei und bedecken den Brustwarzenbereich f\u00fcr 10 Sekunden zu tragen. Sie passen sich gut an Ihre Brust f\u00fcr eine lange Zeit und fallen nicht ab, sch\u00fctzen Ihre Brust vor Vibration und Reibung w\u00e4hrend intensiver Aktivit\u00e4t.<br \/>\n\u3010Perfekte Gr\u00f6\u00dfe\u3011Die Gr\u00f6\u00dfe ist 8 cm, geeignet f\u00fcr a-e Cups. Cupid Pads unsichtbarer BH kann die Brust besser heben und Durchh\u00e4ngen verhindern und die Kaninchenohren k\u00f6nnen frei nach Ihren Bed\u00fcrfnissen geschnitten werden<\/p>\n","protected":false},"featured_media":217871,"comment_status":"open","ping_status":"closed","template":"","meta":[],"product_brand":[],"product_cat":[1186,3920],"product_tag":[],"class_list":{"0":"post-217870","1":"product","2":"type-product","3":"status-publish","4":"has-post-thumbnail","6":"product_cat-bekleidung","7":"product_cat-damen","8":"pa_brand-stycizom","10":"first","11":"instock","12":"shipping-taxable","13":"product-type-simple","14":"customify-col","15":"product-has-gallery"},"yoast_head":"<!-- This site is optimized with the Yoast SEO plugin v27.4 - https:\/\/yoast.com\/product\/yoast-seo-wordpress\/ -->\n<title>Stycizom Silikon Nipplepads,Nipple Cover f\u00fcr Damen,Wiederverwendbares Nipple Pads,Ultrad\u00fcnne Selbstkleb Unsichtbar Atmungsaktiv,Silikon Nipplepads Nipple Kleber f\u00fcr Abendkleider - Markt-XXL<\/title>\n<meta name=\"description\" content=\"Markt-XXL Stycizom Silikon Nipplepads,Nipple Cover f\u00fcr Damen,Wiederverwendbares Nipple Pads,Ultrad\u00fcnne Selbstkleb Unsichtbar Atmungsaktiv,Silikon Nipplepads Nipple Kleber f\u00fcr Abendkleider\" \/>\n<meta name=\"robots\" content=\"index, follow, max-snippet:-1, max-image-preview:large, max-video-preview:-1\" \/>\n<link rel=\"canonical\" href=\"https:\/\/marktxxl.de\/markt\/produkt\/stycizom-silikon-nipplepadsnipple-cover-fuer-damenwiederverwendbares-nipple-padsultraduenne-selbstkleb-unsichtbar-atmungsaktivsilikon-nipplepads-nipple-kleber-fuer-abendkleider\/\" \/>\n<meta property=\"og:locale\" content=\"de_DE\" \/>\n<meta property=\"og:type\" content=\"article\" \/>\n<meta property=\"og:title\" content=\"Stycizom Silikon Nipplepads,Nipple Cover f\u00fcr Damen,Wiederverwendbares Nipple Pads,Ultrad\u00fcnne Selbstkleb Unsichtbar Atmungsaktiv,Silikon Nipplepads Nipple Kleber f\u00fcr Abendkleider - Markt-XXL\" \/>\n<meta property=\"og:description\" content=\"Markt-XXL Stycizom Silikon Nipplepads,Nipple Cover f\u00fcr Damen,Wiederverwendbares Nipple Pads,Ultrad\u00fcnne Selbstkleb Unsichtbar Atmungsaktiv,Silikon Nipplepads Nipple Kleber f\u00fcr Abendkleider\" \/>\n<meta property=\"og:url\" content=\"https:\/\/marktxxl.de\/markt\/produkt\/stycizom-silikon-nipplepadsnipple-cover-fuer-damenwiederverwendbares-nipple-padsultraduenne-selbstkleb-unsichtbar-atmungsaktivsilikon-nipplepads-nipple-kleber-fuer-abendkleider\/\" \/>\n<meta property=\"og:site_name\" content=\"Markt-XXL\" \/>\n<meta name=\"twitter:card\" content=\"summary_large_image\" \/>\n<meta name=\"twitter:label1\" content=\"Gesch\u00e4tzte Lesezeit\" \/>\n\t<meta name=\"twitter:data1\" content=\"1\u00a0Minute\" \/>\n<script type=\"application\/ld+json\" class=\"yoast-schema-graph\">{\"@context\":\"https:\\\/\\\/schema.org\",\"@graph\":[{\"@type\":\"WebPage\",\"@id\":\"https:\\\/\\\/marktxxl.de\\\/markt\\\/produkt\\\/stycizom-silikon-nipplepadsnipple-cover-fuer-damenwiederverwendbares-nipple-padsultraduenne-selbstkleb-unsichtbar-atmungsaktivsilikon-nipplepads-nipple-kleber-fuer-abendkleider\\\/\",\"url\":\"https:\\\/\\\/marktxxl.de\\\/markt\\\/produkt\\\/stycizom-silikon-nipplepadsnipple-cover-fuer-damenwiederverwendbares-nipple-padsultraduenne-selbstkleb-unsichtbar-atmungsaktivsilikon-nipplepads-nipple-kleber-fuer-abendkleider\\\/\",\"name\":\"Stycizom Silikon Nipplepads,Nipple Cover f\u00fcr Damen,Wiederverwendbares Nipple Pads,Ultrad\u00fcnne Selbstkleb Unsichtbar Atmungsaktiv,Silikon Nipplepads Nipple Kleber f\u00fcr Abendkleider - Markt-XXL\",\"isPartOf\":{\"@id\":\"https:\\\/\\\/marktxxl.de\\\/markt\\\/#website\"},\"primaryImageOfPage\":{\"@id\":\"https:\\\/\\\/marktxxl.de\\\/markt\\\/produkt\\\/stycizom-silikon-nipplepadsnipple-cover-fuer-damenwiederverwendbares-nipple-padsultraduenne-selbstkleb-unsichtbar-atmungsaktivsilikon-nipplepads-nipple-kleber-fuer-abendkleider\\\/#primaryimage\"},\"image\":{\"@id\":\"https:\\\/\\\/marktxxl.de\\\/markt\\\/produkt\\\/stycizom-silikon-nipplepadsnipple-cover-fuer-damenwiederverwendbares-nipple-padsultraduenne-selbstkleb-unsichtbar-atmungsaktivsilikon-nipplepads-nipple-kleber-fuer-abendkleider\\\/#primaryimage\"},\"thumbnailUrl\":\"https:\\\/\\\/m.media-amazon.com\\\/images\\\/I\\\/31fgo7OTjpL._SL500_.jpg\",\"datePublished\":\"2024-07-28T06:14:26+00:00\",\"description\":\"Markt-XXL Stycizom Silikon Nipplepads,Nipple Cover f\u00fcr Damen,Wiederverwendbares Nipple Pads,Ultrad\u00fcnne Selbstkleb Unsichtbar Atmungsaktiv,Silikon Nipplepads Nipple Kleber f\u00fcr Abendkleider\",\"breadcrumb\":{\"@id\":\"https:\\\/\\\/marktxxl.de\\\/markt\\\/produkt\\\/stycizom-silikon-nipplepadsnipple-cover-fuer-damenwiederverwendbares-nipple-padsultraduenne-selbstkleb-unsichtbar-atmungsaktivsilikon-nipplepads-nipple-kleber-fuer-abendkleider\\\/#breadcrumb\"},\"inLanguage\":\"de\",\"potentialAction\":[{\"@type\":\"ReadAction\",\"target\":[\"https:\\\/\\\/marktxxl.de\\\/markt\\\/produkt\\\/stycizom-silikon-nipplepadsnipple-cover-fuer-damenwiederverwendbares-nipple-padsultraduenne-selbstkleb-unsichtbar-atmungsaktivsilikon-nipplepads-nipple-kleber-fuer-abendkleider\\\/\"]}]},{\"@type\":\"ImageObject\",\"inLanguage\":\"de\",\"@id\":\"https:\\\/\\\/marktxxl.de\\\/markt\\\/produkt\\\/stycizom-silikon-nipplepadsnipple-cover-fuer-damenwiederverwendbares-nipple-padsultraduenne-selbstkleb-unsichtbar-atmungsaktivsilikon-nipplepads-nipple-kleber-fuer-abendkleider\\\/#primaryimage\",\"url\":\"https:\\\/\\\/m.media-amazon.com\\\/images\\\/I\\\/31fgo7OTjpL._SL500_.jpg\",\"contentUrl\":\"https:\\\/\\\/m.media-amazon.com\\\/images\\\/I\\\/31fgo7OTjpL._SL500_.jpg\",\"width\":500,\"height\":500},{\"@type\":\"BreadcrumbList\",\"@id\":\"https:\\\/\\\/marktxxl.de\\\/markt\\\/produkt\\\/stycizom-silikon-nipplepadsnipple-cover-fuer-damenwiederverwendbares-nipple-padsultraduenne-selbstkleb-unsichtbar-atmungsaktivsilikon-nipplepads-nipple-kleber-fuer-abendkleider\\\/#breadcrumb\",\"itemListElement\":[{\"@type\":\"ListItem\",\"position\":1,\"name\":\"Startseite\",\"item\":\"https:\\\/\\\/marktxxl.de\\\/markt\\\/\"},{\"@type\":\"ListItem\",\"position\":2,\"name\":\"Markt\",\"item\":\"https:\\\/\\\/marktxxl.de\\\/markt\\\/\"},{\"@type\":\"ListItem\",\"position\":3,\"name\":\"Stycizom Silikon Nipplepads,Nipple Cover f\u00fcr Damen,Wiederverwendbares Nipple Pads,Ultrad\u00fcnne Selbstkleb Unsichtbar Atmungsaktiv,Silikon Nipplepads Nipple Kleber f\u00fcr Abendkleider\"}]},{\"@type\":\"WebSite\",\"@id\":\"https:\\\/\\\/marktxxl.de\\\/markt\\\/#website\",\"url\":\"https:\\\/\\\/marktxxl.de\\\/markt\\\/\",\"name\":\"Markt-XXL\",\"description\":\"Ihr Markt Online\",\"publisher\":{\"@id\":\"https:\\\/\\\/marktxxl.de\\\/markt\\\/#organization\"},\"potentialAction\":[{\"@type\":\"SearchAction\",\"target\":{\"@type\":\"EntryPoint\",\"urlTemplate\":\"https:\\\/\\\/marktxxl.de\\\/markt\\\/?s={search_term_string}\"},\"query-input\":{\"@type\":\"PropertyValueSpecification\",\"valueRequired\":true,\"valueName\":\"search_term_string\"}}],\"inLanguage\":\"de\"},{\"@type\":\"Organization\",\"@id\":\"https:\\\/\\\/marktxxl.de\\\/markt\\\/#organization\",\"name\":\"Markt-XXL\",\"url\":\"https:\\\/\\\/marktxxl.de\\\/markt\\\/\",\"logo\":{\"@type\":\"ImageObject\",\"inLanguage\":\"de\",\"@id\":\"https:\\\/\\\/marktxxl.de\\\/markt\\\/#\\\/schema\\\/logo\\\/image\\\/\",\"url\":\"https:\\\/\\\/marktxxl.de\\\/markt\\\/wp-content\\\/uploads\\\/sites\\\/3\\\/2020\\\/12\\\/logo.png\",\"contentUrl\":\"https:\\\/\\\/marktxxl.de\\\/markt\\\/wp-content\\\/uploads\\\/sites\\\/3\\\/2020\\\/12\\\/logo.png\",\"width\":200,\"height\":70,\"caption\":\"Markt-XXL\"},\"image\":{\"@id\":\"https:\\\/\\\/marktxxl.de\\\/markt\\\/#\\\/schema\\\/logo\\\/image\\\/\"}}]}<\/script>\n<!-- \/ Yoast SEO plugin. -->","yoast_head_json":{"title":"Stycizom Silikon Nipplepads,Nipple Cover f\u00fcr Damen,Wiederverwendbares Nipple Pads,Ultrad\u00fcnne Selbstkleb Unsichtbar Atmungsaktiv,Silikon Nipplepads Nipple Kleber f\u00fcr Abendkleider - Markt-XXL","description":"Markt-XXL Stycizom Silikon Nipplepads,Nipple Cover f\u00fcr Damen,Wiederverwendbares Nipple Pads,Ultrad\u00fcnne Selbstkleb Unsichtbar Atmungsaktiv,Silikon Nipplepads Nipple Kleber f\u00fcr Abendkleider","robots":{"index":"index","follow":"follow","max-snippet":"max-snippet:-1","max-image-preview":"max-image-preview:large","max-video-preview":"max-video-preview:-1"},"canonical":"https:\/\/marktxxl.de\/markt\/produkt\/stycizom-silikon-nipplepadsnipple-cover-fuer-damenwiederverwendbares-nipple-padsultraduenne-selbstkleb-unsichtbar-atmungsaktivsilikon-nipplepads-nipple-kleber-fuer-abendkleider\/","og_locale":"de_DE","og_type":"article","og_title":"Stycizom Silikon Nipplepads,Nipple Cover f\u00fcr Damen,Wiederverwendbares Nipple Pads,Ultrad\u00fcnne Selbstkleb Unsichtbar Atmungsaktiv,Silikon Nipplepads Nipple Kleber f\u00fcr Abendkleider - Markt-XXL","og_description":"Markt-XXL Stycizom Silikon Nipplepads,Nipple Cover f\u00fcr Damen,Wiederverwendbares Nipple Pads,Ultrad\u00fcnne Selbstkleb Unsichtbar Atmungsaktiv,Silikon Nipplepads Nipple Kleber f\u00fcr Abendkleider","og_url":"https:\/\/marktxxl.de\/markt\/produkt\/stycizom-silikon-nipplepadsnipple-cover-fuer-damenwiederverwendbares-nipple-padsultraduenne-selbstkleb-unsichtbar-atmungsaktivsilikon-nipplepads-nipple-kleber-fuer-abendkleider\/","og_site_name":"Markt-XXL","twitter_card":"summary_large_image","twitter_misc":{"Gesch\u00e4tzte Lesezeit":"1\u00a0Minute"},"schema":{"@context":"https:\/\/schema.org","@graph":[{"@type":"WebPage","@id":"https:\/\/marktxxl.de\/markt\/produkt\/stycizom-silikon-nipplepadsnipple-cover-fuer-damenwiederverwendbares-nipple-padsultraduenne-selbstkleb-unsichtbar-atmungsaktivsilikon-nipplepads-nipple-kleber-fuer-abendkleider\/","url":"https:\/\/marktxxl.de\/markt\/produkt\/stycizom-silikon-nipplepadsnipple-cover-fuer-damenwiederverwendbares-nipple-padsultraduenne-selbstkleb-unsichtbar-atmungsaktivsilikon-nipplepads-nipple-kleber-fuer-abendkleider\/","name":"Stycizom Silikon Nipplepads,Nipple Cover f\u00fcr Damen,Wiederverwendbares Nipple Pads,Ultrad\u00fcnne Selbstkleb Unsichtbar Atmungsaktiv,Silikon Nipplepads Nipple Kleber f\u00fcr Abendkleider - Markt-XXL","isPartOf":{"@id":"https:\/\/marktxxl.de\/markt\/#website"},"primaryImageOfPage":{"@id":"https:\/\/marktxxl.de\/markt\/produkt\/stycizom-silikon-nipplepadsnipple-cover-fuer-damenwiederverwendbares-nipple-padsultraduenne-selbstkleb-unsichtbar-atmungsaktivsilikon-nipplepads-nipple-kleber-fuer-abendkleider\/#primaryimage"},"image":{"@id":"https:\/\/marktxxl.de\/markt\/produkt\/stycizom-silikon-nipplepadsnipple-cover-fuer-damenwiederverwendbares-nipple-padsultraduenne-selbstkleb-unsichtbar-atmungsaktivsilikon-nipplepads-nipple-kleber-fuer-abendkleider\/#primaryimage"},"thumbnailUrl":"https:\/\/m.media-amazon.com\/images\/I\/31fgo7OTjpL._SL500_.jpg","datePublished":"2024-07-28T06:14:26+00:00","description":"Markt-XXL Stycizom Silikon Nipplepads,Nipple Cover f\u00fcr Damen,Wiederverwendbares Nipple Pads,Ultrad\u00fcnne Selbstkleb Unsichtbar Atmungsaktiv,Silikon Nipplepads Nipple Kleber f\u00fcr Abendkleider","breadcrumb":{"@id":"https:\/\/marktxxl.de\/markt\/produkt\/stycizom-silikon-nipplepadsnipple-cover-fuer-damenwiederverwendbares-nipple-padsultraduenne-selbstkleb-unsichtbar-atmungsaktivsilikon-nipplepads-nipple-kleber-fuer-abendkleider\/#breadcrumb"},"inLanguage":"de","potentialAction":[{"@type":"ReadAction","target":["https:\/\/marktxxl.de\/markt\/produkt\/stycizom-silikon-nipplepadsnipple-cover-fuer-damenwiederverwendbares-nipple-padsultraduenne-selbstkleb-unsichtbar-atmungsaktivsilikon-nipplepads-nipple-kleber-fuer-abendkleider\/"]}]},{"@type":"ImageObject","inLanguage":"de","@id":"https:\/\/marktxxl.de\/markt\/produkt\/stycizom-silikon-nipplepadsnipple-cover-fuer-damenwiederverwendbares-nipple-padsultraduenne-selbstkleb-unsichtbar-atmungsaktivsilikon-nipplepads-nipple-kleber-fuer-abendkleider\/#primaryimage","url":"https:\/\/m.media-amazon.com\/images\/I\/31fgo7OTjpL._SL500_.jpg","contentUrl":"https:\/\/m.media-amazon.com\/images\/I\/31fgo7OTjpL._SL500_.jpg","width":500,"height":500},{"@type":"BreadcrumbList","@id":"https:\/\/marktxxl.de\/markt\/produkt\/stycizom-silikon-nipplepadsnipple-cover-fuer-damenwiederverwendbares-nipple-padsultraduenne-selbstkleb-unsichtbar-atmungsaktivsilikon-nipplepads-nipple-kleber-fuer-abendkleider\/#breadcrumb","itemListElement":[{"@type":"ListItem","position":1,"name":"Startseite","item":"https:\/\/marktxxl.de\/markt\/"},{"@type":"ListItem","position":2,"name":"Markt","item":"https:\/\/marktxxl.de\/markt\/"},{"@type":"ListItem","position":3,"name":"Stycizom Silikon Nipplepads,Nipple Cover f\u00fcr Damen,Wiederverwendbares Nipple Pads,Ultrad\u00fcnne Selbstkleb Unsichtbar Atmungsaktiv,Silikon Nipplepads Nipple Kleber f\u00fcr Abendkleider"}]},{"@type":"WebSite","@id":"https:\/\/marktxxl.de\/markt\/#website","url":"https:\/\/marktxxl.de\/markt\/","name":"Markt-XXL","description":"Ihr Markt Online","publisher":{"@id":"https:\/\/marktxxl.de\/markt\/#organization"},"potentialAction":[{"@type":"SearchAction","target":{"@type":"EntryPoint","urlTemplate":"https:\/\/marktxxl.de\/markt\/?s={search_term_string}"},"query-input":{"@type":"PropertyValueSpecification","valueRequired":true,"valueName":"search_term_string"}}],"inLanguage":"de"},{"@type":"Organization","@id":"https:\/\/marktxxl.de\/markt\/#organization","name":"Markt-XXL","url":"https:\/\/marktxxl.de\/markt\/","logo":{"@type":"ImageObject","inLanguage":"de","@id":"https:\/\/marktxxl.de\/markt\/#\/schema\/logo\/image\/","url":"https:\/\/marktxxl.de\/markt\/wp-content\/uploads\/sites\/3\/2020\/12\/logo.png","contentUrl":"https:\/\/marktxxl.de\/markt\/wp-content\/uploads\/sites\/3\/2020\/12\/logo.png","width":200,"height":70,"caption":"Markt-XXL"},"image":{"@id":"https:\/\/marktxxl.de\/markt\/#\/schema\/logo\/image\/"}}]}},"_links":{"self":[{"href":"https:\/\/marktxxl.de\/markt\/wp-json\/wp\/v2\/product\/217870","targetHints":{"allow":["GET"]}}],"collection":[{"href":"https:\/\/marktxxl.de\/markt\/wp-json\/wp\/v2\/product"}],"about":[{"href":"https:\/\/marktxxl.de\/markt\/wp-json\/wp\/v2\/types\/product"}],"replies":[{"embeddable":true,"href":"https:\/\/marktxxl.de\/markt\/wp-json\/wp\/v2\/comments?post=217870"}],"wp:featuredmedia":[{"embeddable":true,"href":"https:\/\/marktxxl.de\/markt\/wp-json\/wp\/v2\/media\/217871"}],"wp:attachment":[{"href":"https:\/\/marktxxl.de\/markt\/wp-json\/wp\/v2\/media?parent=217870"}],"wp:term":[{"taxonomy":"product_brand","embeddable":true,"href":"https:\/\/marktxxl.de\/markt\/wp-json\/wp\/v2\/product_brand?post=217870"},{"taxonomy":"product_cat","embeddable":true,"href":"https:\/\/marktxxl.de\/markt\/wp-json\/wp\/v2\/product_cat?post=217870"},{"taxonomy":"product_tag","embeddable":true,"href":"https:\/\/marktxxl.de\/markt\/wp-json\/wp\/v2\/product_tag?post=217870"}],"curies":[{"name":"wp","href":"https:\/\/api.w.org\/{rel}","templated":true}]}}