{"id":217862,"date":"2024-07-28T08:14:20","date_gmt":"2024-07-28T06:14:20","guid":{"rendered":"https:\/\/marktxxl.de\/markt\/produkt\/qggqdd-kurze-umstandsleggings-damen-umstands-radlerhose-umstandshose-kurz-schwangerschaft-fuer-schwangere\/"},"modified":"2024-07-28T08:14:20","modified_gmt":"2024-07-28T06:14:20","slug":"qggqdd-kurze-umstandsleggings-damen-umstands-radlerhose-umstandshose-kurz-schwangerschaft-fuer-schwangere","status":"publish","type":"product","link":"https:\/\/marktxxl.de\/markt\/produkt\/qggqdd-kurze-umstandsleggings-damen-umstands-radlerhose-umstandshose-kurz-schwangerschaft-fuer-schwangere\/","title":{"rendered":"QGGQDD Kurze Umstandsleggings Damen Umstands Radlerhose Umstandshose Kurz Schwangerschaft F\u00fcr Schwangere"},"content":{"rendered":"<p>Umarme jede Bewegung der werdenden Mutter: Die Umstands Radlerhose Damen von QGGQDD bieten dir volle Bauchabdeckung und eine bequeme, sichere Passform, die sich mit dir und deinem wachsenden Babybauch streckt. Der weiche, blickdichte zweilagige Stoff sorgt f\u00fcr optimalen Komfort in allen Phasen der Schwangerschaft.<br \/>\nR\u00fcckenst\u00fctze und viel Platz: Die Radlerhose Umstandsmode haben ein Design mit einem hohen Bauchfalt-Panel, wodurch ausreichend Platz f\u00fcr deinen wachsenden Bauch und R\u00fcckenst\u00fctze geboten wird, ohne Druck auf deinen Beckenboden auszu\u00fcben.<br \/>\nVielzahl von Auswahlm\u00f6glichkeiten: Erh\u00e4ltlich in Gr\u00f6\u00dfen von Small bis X-Large bieten unsere Kurze Umstandsleggings eine schmeichelhafte Passform f\u00fcr Frauen aller K\u00f6rperformen gew\u00e4hrleisten. F\u00fcr das zweite und dritte Trimester empfehlen wir jedoch eine Gr\u00f6\u00dfe gr\u00f6\u00dfer zu bestellen.<br \/>\nIdeal f\u00fcr deinen Kleiderschrank: Unsere Shorts F\u00fcr Schwangere sind in unterschiedlichen Farben von klassischem Schwarz bis Nude und Grau erh\u00e4ltlich und perfekt f\u00fcr jedes Outfit. Ob bei einem gem\u00fctlichen Abend zuhause oder bei deinem Training &#8211; kombiniere die Umstandshose Kurz einfach mit einem Top und flachen Schuhen f\u00fcr einen l\u00e4ssigen Look. Diese Kurze Hose Schwangerschaft geh\u00f6ren zur Garderobe jeder werdenden Mutter.<br \/>\nUnsere Markenkultur: QGGQDD steht f\u00fcr Komfort und Sorgenfreiheit von zuk\u00fcnftigen M\u00fcttern. Wenn du Fragen zu unseren Umstandsleggings Kurz, wende dich bitte an unser Kundenservice Team, wir helfen dir gerne und bieten dir schnelle Hilfe und Unterst\u00fctzung.<br \/>\n<div class=\"main-cross-sell\" data-asin=\"B0CV3RGP71\">\n\n\t<div class=\"WooZone-cross-sell-loader\">\n\t\t<div>\n\t\t\t<div id=\"floatingBarsG\">\n\t\t\t\t<div class=\"blockG\" id=\"rotateG_01\"><\/div>\n\t\t\t\t<div class=\"blockG\" id=\"rotateG_02\"><\/div>\n\t\t\t\t<div class=\"blockG\" id=\"rotateG_03\"><\/div>\n\t\t\t\t<div class=\"blockG\" id=\"rotateG_04\"><\/div>\n\t\t\t\t<div class=\"blockG\" id=\"rotateG_05\"><\/div>\n\t\t\t\t<div class=\"blockG\" id=\"rotateG_06\"><\/div>\n\t\t\t\t<div class=\"blockG\" id=\"rotateG_07\"><\/div>\n\t\t\t\t<div class=\"blockG\" id=\"rotateG_08\"><\/div>\n\t\t\t<\/div>\n\t\t\t<div class=\"WooZone-cross-sell-loader-text\"><\/div>\n\t\t<\/div>\n\t<\/div>\n\n\t\t\n<\/div>\n<div style=\"clear:both;\"><\/div><\/p>\n","protected":false},"excerpt":{"rendered":"<p>Umarme jede Bewegung der werdenden Mutter: Die Umstands Radlerhose Damen von QGGQDD bieten dir volle Bauchabdeckung und eine bequeme, sichere Passform, die sich mit dir und deinem wachsenden Babybauch streckt. Der weiche, blickdichte zweilagige Stoff sorgt f\u00fcr optimalen Komfort in allen Phasen der Schwangerschaft.<br \/>\nR\u00fcckenst\u00fctze und viel Platz: Die Radlerhose Umstandsmode haben ein Design mit einem hohen Bauchfalt-Panel, wodurch ausreichend Platz f\u00fcr deinen wachsenden Bauch und R\u00fcckenst\u00fctze geboten wird, ohne Druck auf deinen Beckenboden auszu\u00fcben.<br \/>\nVielzahl von Auswahlm\u00f6glichkeiten: Erh\u00e4ltlich in Gr\u00f6\u00dfen von Small bis X-Large bieten unsere Kurze Umstandsleggings eine schmeichelhafte Passform f\u00fcr Frauen aller K\u00f6rperformen gew\u00e4hrleisten. F\u00fcr das zweite und dritte Trimester empfehlen wir jedoch eine Gr\u00f6\u00dfe gr\u00f6\u00dfer zu bestellen.<\/p>\n","protected":false},"featured_media":217863,"comment_status":"open","ping_status":"closed","template":"","meta":[],"product_brand":[],"product_cat":[1186,3920],"product_tag":[],"class_list":{"0":"post-217862","1":"product","2":"type-product","3":"status-publish","4":"has-post-thumbnail","6":"product_cat-bekleidung","7":"product_cat-damen","8":"pa_binding-textilien","9":"pa_brand-qggqdd","11":"first","12":"instock","13":"shipping-taxable","14":"product-type-simple","15":"customify-col","16":"product-has-gallery"},"yoast_head":"<!-- This site is optimized with the Yoast SEO plugin v27.4 - https:\/\/yoast.com\/product\/yoast-seo-wordpress\/ -->\n<title>QGGQDD Kurze Umstandsleggings Damen Umstands Radlerhose Umstandshose Kurz Schwangerschaft F\u00fcr Schwangere - Markt-XXL<\/title>\n<meta name=\"description\" content=\"Markt-XXL QGGQDD Kurze Umstandsleggings Damen Umstands Radlerhose Umstandshose Kurz Schwangerschaft F\u00fcr Schwangere\" \/>\n<meta name=\"robots\" content=\"index, follow, max-snippet:-1, max-image-preview:large, max-video-preview:-1\" \/>\n<link rel=\"canonical\" href=\"https:\/\/marktxxl.de\/markt\/produkt\/qggqdd-kurze-umstandsleggings-damen-umstands-radlerhose-umstandshose-kurz-schwangerschaft-fuer-schwangere\/\" \/>\n<meta property=\"og:locale\" content=\"de_DE\" \/>\n<meta property=\"og:type\" content=\"article\" \/>\n<meta property=\"og:title\" content=\"QGGQDD Kurze Umstandsleggings Damen Umstands Radlerhose Umstandshose Kurz Schwangerschaft F\u00fcr Schwangere - Markt-XXL\" \/>\n<meta property=\"og:description\" content=\"Markt-XXL QGGQDD Kurze Umstandsleggings Damen Umstands Radlerhose Umstandshose Kurz Schwangerschaft F\u00fcr Schwangere\" \/>\n<meta property=\"og:url\" content=\"https:\/\/marktxxl.de\/markt\/produkt\/qggqdd-kurze-umstandsleggings-damen-umstands-radlerhose-umstandshose-kurz-schwangerschaft-fuer-schwangere\/\" \/>\n<meta property=\"og:site_name\" content=\"Markt-XXL\" \/>\n<meta name=\"twitter:card\" content=\"summary_large_image\" \/>\n<meta name=\"twitter:label1\" content=\"Gesch\u00e4tzte Lesezeit\" \/>\n\t<meta name=\"twitter:data1\" content=\"1\u00a0Minute\" \/>\n<script type=\"application\/ld+json\" class=\"yoast-schema-graph\">{\"@context\":\"https:\\\/\\\/schema.org\",\"@graph\":[{\"@type\":\"WebPage\",\"@id\":\"https:\\\/\\\/marktxxl.de\\\/markt\\\/produkt\\\/qggqdd-kurze-umstandsleggings-damen-umstands-radlerhose-umstandshose-kurz-schwangerschaft-fuer-schwangere\\\/\",\"url\":\"https:\\\/\\\/marktxxl.de\\\/markt\\\/produkt\\\/qggqdd-kurze-umstandsleggings-damen-umstands-radlerhose-umstandshose-kurz-schwangerschaft-fuer-schwangere\\\/\",\"name\":\"QGGQDD Kurze Umstandsleggings Damen Umstands Radlerhose Umstandshose Kurz Schwangerschaft F\u00fcr Schwangere - Markt-XXL\",\"isPartOf\":{\"@id\":\"https:\\\/\\\/marktxxl.de\\\/markt\\\/#website\"},\"primaryImageOfPage\":{\"@id\":\"https:\\\/\\\/marktxxl.de\\\/markt\\\/produkt\\\/qggqdd-kurze-umstandsleggings-damen-umstands-radlerhose-umstandshose-kurz-schwangerschaft-fuer-schwangere\\\/#primaryimage\"},\"image\":{\"@id\":\"https:\\\/\\\/marktxxl.de\\\/markt\\\/produkt\\\/qggqdd-kurze-umstandsleggings-damen-umstands-radlerhose-umstandshose-kurz-schwangerschaft-fuer-schwangere\\\/#primaryimage\"},\"thumbnailUrl\":\"https:\\\/\\\/m.media-amazon.com\\\/images\\\/I\\\/31MJkkdCTGL._SL500_.jpg\",\"datePublished\":\"2024-07-28T06:14:20+00:00\",\"description\":\"Markt-XXL QGGQDD Kurze Umstandsleggings Damen Umstands Radlerhose Umstandshose Kurz Schwangerschaft F\u00fcr Schwangere\",\"breadcrumb\":{\"@id\":\"https:\\\/\\\/marktxxl.de\\\/markt\\\/produkt\\\/qggqdd-kurze-umstandsleggings-damen-umstands-radlerhose-umstandshose-kurz-schwangerschaft-fuer-schwangere\\\/#breadcrumb\"},\"inLanguage\":\"de\",\"potentialAction\":[{\"@type\":\"ReadAction\",\"target\":[\"https:\\\/\\\/marktxxl.de\\\/markt\\\/produkt\\\/qggqdd-kurze-umstandsleggings-damen-umstands-radlerhose-umstandshose-kurz-schwangerschaft-fuer-schwangere\\\/\"]}]},{\"@type\":\"ImageObject\",\"inLanguage\":\"de\",\"@id\":\"https:\\\/\\\/marktxxl.de\\\/markt\\\/produkt\\\/qggqdd-kurze-umstandsleggings-damen-umstands-radlerhose-umstandshose-kurz-schwangerschaft-fuer-schwangere\\\/#primaryimage\",\"url\":\"https:\\\/\\\/m.media-amazon.com\\\/images\\\/I\\\/31MJkkdCTGL._SL500_.jpg\",\"contentUrl\":\"https:\\\/\\\/m.media-amazon.com\\\/images\\\/I\\\/31MJkkdCTGL._SL500_.jpg\",\"width\":409,\"height\":500},{\"@type\":\"BreadcrumbList\",\"@id\":\"https:\\\/\\\/marktxxl.de\\\/markt\\\/produkt\\\/qggqdd-kurze-umstandsleggings-damen-umstands-radlerhose-umstandshose-kurz-schwangerschaft-fuer-schwangere\\\/#breadcrumb\",\"itemListElement\":[{\"@type\":\"ListItem\",\"position\":1,\"name\":\"Startseite\",\"item\":\"https:\\\/\\\/marktxxl.de\\\/markt\\\/\"},{\"@type\":\"ListItem\",\"position\":2,\"name\":\"Markt\",\"item\":\"https:\\\/\\\/marktxxl.de\\\/markt\\\/\"},{\"@type\":\"ListItem\",\"position\":3,\"name\":\"QGGQDD Kurze Umstandsleggings Damen Umstands Radlerhose Umstandshose Kurz Schwangerschaft F\u00fcr Schwangere\"}]},{\"@type\":\"WebSite\",\"@id\":\"https:\\\/\\\/marktxxl.de\\\/markt\\\/#website\",\"url\":\"https:\\\/\\\/marktxxl.de\\\/markt\\\/\",\"name\":\"Markt-XXL\",\"description\":\"Ihr Markt Online\",\"publisher\":{\"@id\":\"https:\\\/\\\/marktxxl.de\\\/markt\\\/#organization\"},\"potentialAction\":[{\"@type\":\"SearchAction\",\"target\":{\"@type\":\"EntryPoint\",\"urlTemplate\":\"https:\\\/\\\/marktxxl.de\\\/markt\\\/?s={search_term_string}\"},\"query-input\":{\"@type\":\"PropertyValueSpecification\",\"valueRequired\":true,\"valueName\":\"search_term_string\"}}],\"inLanguage\":\"de\"},{\"@type\":\"Organization\",\"@id\":\"https:\\\/\\\/marktxxl.de\\\/markt\\\/#organization\",\"name\":\"Markt-XXL\",\"url\":\"https:\\\/\\\/marktxxl.de\\\/markt\\\/\",\"logo\":{\"@type\":\"ImageObject\",\"inLanguage\":\"de\",\"@id\":\"https:\\\/\\\/marktxxl.de\\\/markt\\\/#\\\/schema\\\/logo\\\/image\\\/\",\"url\":\"https:\\\/\\\/marktxxl.de\\\/markt\\\/wp-content\\\/uploads\\\/sites\\\/3\\\/2020\\\/12\\\/logo.png\",\"contentUrl\":\"https:\\\/\\\/marktxxl.de\\\/markt\\\/wp-content\\\/uploads\\\/sites\\\/3\\\/2020\\\/12\\\/logo.png\",\"width\":200,\"height\":70,\"caption\":\"Markt-XXL\"},\"image\":{\"@id\":\"https:\\\/\\\/marktxxl.de\\\/markt\\\/#\\\/schema\\\/logo\\\/image\\\/\"}}]}<\/script>\n<!-- \/ Yoast SEO plugin. -->","yoast_head_json":{"title":"QGGQDD Kurze Umstandsleggings Damen Umstands Radlerhose Umstandshose Kurz Schwangerschaft F\u00fcr Schwangere - Markt-XXL","description":"Markt-XXL QGGQDD Kurze Umstandsleggings Damen Umstands Radlerhose Umstandshose Kurz Schwangerschaft F\u00fcr Schwangere","robots":{"index":"index","follow":"follow","max-snippet":"max-snippet:-1","max-image-preview":"max-image-preview:large","max-video-preview":"max-video-preview:-1"},"canonical":"https:\/\/marktxxl.de\/markt\/produkt\/qggqdd-kurze-umstandsleggings-damen-umstands-radlerhose-umstandshose-kurz-schwangerschaft-fuer-schwangere\/","og_locale":"de_DE","og_type":"article","og_title":"QGGQDD Kurze Umstandsleggings Damen Umstands Radlerhose Umstandshose Kurz Schwangerschaft F\u00fcr Schwangere - Markt-XXL","og_description":"Markt-XXL QGGQDD Kurze Umstandsleggings Damen Umstands Radlerhose Umstandshose Kurz Schwangerschaft F\u00fcr Schwangere","og_url":"https:\/\/marktxxl.de\/markt\/produkt\/qggqdd-kurze-umstandsleggings-damen-umstands-radlerhose-umstandshose-kurz-schwangerschaft-fuer-schwangere\/","og_site_name":"Markt-XXL","twitter_card":"summary_large_image","twitter_misc":{"Gesch\u00e4tzte Lesezeit":"1\u00a0Minute"},"schema":{"@context":"https:\/\/schema.org","@graph":[{"@type":"WebPage","@id":"https:\/\/marktxxl.de\/markt\/produkt\/qggqdd-kurze-umstandsleggings-damen-umstands-radlerhose-umstandshose-kurz-schwangerschaft-fuer-schwangere\/","url":"https:\/\/marktxxl.de\/markt\/produkt\/qggqdd-kurze-umstandsleggings-damen-umstands-radlerhose-umstandshose-kurz-schwangerschaft-fuer-schwangere\/","name":"QGGQDD Kurze Umstandsleggings Damen Umstands Radlerhose Umstandshose Kurz Schwangerschaft F\u00fcr Schwangere - Markt-XXL","isPartOf":{"@id":"https:\/\/marktxxl.de\/markt\/#website"},"primaryImageOfPage":{"@id":"https:\/\/marktxxl.de\/markt\/produkt\/qggqdd-kurze-umstandsleggings-damen-umstands-radlerhose-umstandshose-kurz-schwangerschaft-fuer-schwangere\/#primaryimage"},"image":{"@id":"https:\/\/marktxxl.de\/markt\/produkt\/qggqdd-kurze-umstandsleggings-damen-umstands-radlerhose-umstandshose-kurz-schwangerschaft-fuer-schwangere\/#primaryimage"},"thumbnailUrl":"https:\/\/m.media-amazon.com\/images\/I\/31MJkkdCTGL._SL500_.jpg","datePublished":"2024-07-28T06:14:20+00:00","description":"Markt-XXL QGGQDD Kurze Umstandsleggings Damen Umstands Radlerhose Umstandshose Kurz Schwangerschaft F\u00fcr Schwangere","breadcrumb":{"@id":"https:\/\/marktxxl.de\/markt\/produkt\/qggqdd-kurze-umstandsleggings-damen-umstands-radlerhose-umstandshose-kurz-schwangerschaft-fuer-schwangere\/#breadcrumb"},"inLanguage":"de","potentialAction":[{"@type":"ReadAction","target":["https:\/\/marktxxl.de\/markt\/produkt\/qggqdd-kurze-umstandsleggings-damen-umstands-radlerhose-umstandshose-kurz-schwangerschaft-fuer-schwangere\/"]}]},{"@type":"ImageObject","inLanguage":"de","@id":"https:\/\/marktxxl.de\/markt\/produkt\/qggqdd-kurze-umstandsleggings-damen-umstands-radlerhose-umstandshose-kurz-schwangerschaft-fuer-schwangere\/#primaryimage","url":"https:\/\/m.media-amazon.com\/images\/I\/31MJkkdCTGL._SL500_.jpg","contentUrl":"https:\/\/m.media-amazon.com\/images\/I\/31MJkkdCTGL._SL500_.jpg","width":409,"height":500},{"@type":"BreadcrumbList","@id":"https:\/\/marktxxl.de\/markt\/produkt\/qggqdd-kurze-umstandsleggings-damen-umstands-radlerhose-umstandshose-kurz-schwangerschaft-fuer-schwangere\/#breadcrumb","itemListElement":[{"@type":"ListItem","position":1,"name":"Startseite","item":"https:\/\/marktxxl.de\/markt\/"},{"@type":"ListItem","position":2,"name":"Markt","item":"https:\/\/marktxxl.de\/markt\/"},{"@type":"ListItem","position":3,"name":"QGGQDD Kurze Umstandsleggings Damen Umstands Radlerhose Umstandshose Kurz Schwangerschaft F\u00fcr Schwangere"}]},{"@type":"WebSite","@id":"https:\/\/marktxxl.de\/markt\/#website","url":"https:\/\/marktxxl.de\/markt\/","name":"Markt-XXL","description":"Ihr Markt Online","publisher":{"@id":"https:\/\/marktxxl.de\/markt\/#organization"},"potentialAction":[{"@type":"SearchAction","target":{"@type":"EntryPoint","urlTemplate":"https:\/\/marktxxl.de\/markt\/?s={search_term_string}"},"query-input":{"@type":"PropertyValueSpecification","valueRequired":true,"valueName":"search_term_string"}}],"inLanguage":"de"},{"@type":"Organization","@id":"https:\/\/marktxxl.de\/markt\/#organization","name":"Markt-XXL","url":"https:\/\/marktxxl.de\/markt\/","logo":{"@type":"ImageObject","inLanguage":"de","@id":"https:\/\/marktxxl.de\/markt\/#\/schema\/logo\/image\/","url":"https:\/\/marktxxl.de\/markt\/wp-content\/uploads\/sites\/3\/2020\/12\/logo.png","contentUrl":"https:\/\/marktxxl.de\/markt\/wp-content\/uploads\/sites\/3\/2020\/12\/logo.png","width":200,"height":70,"caption":"Markt-XXL"},"image":{"@id":"https:\/\/marktxxl.de\/markt\/#\/schema\/logo\/image\/"}}]}},"_links":{"self":[{"href":"https:\/\/marktxxl.de\/markt\/wp-json\/wp\/v2\/product\/217862","targetHints":{"allow":["GET"]}}],"collection":[{"href":"https:\/\/marktxxl.de\/markt\/wp-json\/wp\/v2\/product"}],"about":[{"href":"https:\/\/marktxxl.de\/markt\/wp-json\/wp\/v2\/types\/product"}],"replies":[{"embeddable":true,"href":"https:\/\/marktxxl.de\/markt\/wp-json\/wp\/v2\/comments?post=217862"}],"wp:featuredmedia":[{"embeddable":true,"href":"https:\/\/marktxxl.de\/markt\/wp-json\/wp\/v2\/media\/217863"}],"wp:attachment":[{"href":"https:\/\/marktxxl.de\/markt\/wp-json\/wp\/v2\/media?parent=217862"}],"wp:term":[{"taxonomy":"product_brand","embeddable":true,"href":"https:\/\/marktxxl.de\/markt\/wp-json\/wp\/v2\/product_brand?post=217862"},{"taxonomy":"product_cat","embeddable":true,"href":"https:\/\/marktxxl.de\/markt\/wp-json\/wp\/v2\/product_cat?post=217862"},{"taxonomy":"product_tag","embeddable":true,"href":"https:\/\/marktxxl.de\/markt\/wp-json\/wp\/v2\/product_tag?post=217862"}],"curies":[{"name":"wp","href":"https:\/\/api.w.org\/{rel}","templated":true}]}}