{"id":217827,"date":"2024-07-28T08:13:48","date_gmt":"2024-07-28T06:13:48","guid":{"rendered":"https:\/\/marktxxl.de\/markt\/produkt\/vertast-uebergrosse-hoodie-sweatshirt-warmer-kuschelpullover-decken-blanket-hoodie-weicher-sherpa-deckenpullover-mit-kapuze-pullover-sweatshirt-pulli-decke-schlafanzug-fuer-damen-herren\/"},"modified":"2024-07-28T08:13:48","modified_gmt":"2024-07-28T06:13:48","slug":"vertast-uebergrosse-hoodie-sweatshirt-warmer-kuschelpullover-decken-blanket-hoodie-weicher-sherpa-deckenpullover-mit-kapuze-pullover-sweatshirt-pulli-decke-schlafanzug-fuer-damen-herren","status":"publish","type":"product","link":"https:\/\/marktxxl.de\/markt\/produkt\/vertast-uebergrosse-hoodie-sweatshirt-warmer-kuschelpullover-decken-blanket-hoodie-weicher-sherpa-deckenpullover-mit-kapuze-pullover-sweatshirt-pulli-decke-schlafanzug-fuer-damen-herren\/","title":{"rendered":"VERTAST \u00dcbergro\u00dfe Hoodie Sweatshirt, Warmer Kuschelpullover Decken Blanket Hoodie, Weicher Sherpa Deckenpullover mit Kapuze Pullover Sweatshirt, Pulli Decke Schlafanzug f\u00fcr Damen Herren"},"content":{"rendered":"<p>Warmer, flauschiger Sherpa und ultraweich: Der \u00fcbergro\u00dfe Hoodie ist sehr dick und extrem gro\u00df, Sie k\u00f6nnen Arme und Beine hineinziehen und Sie vollst\u00e4ndig abdecken, was Sie warm und bequem h\u00e4lt, w\u00e4hrend Sie auf Ihrem Laptop arbeiten, beim Entspannen im Haus, beim Fernsehen, Spielen von Videospielen oder Lesen auf dem Bett, Sofa Couch usw.<br \/>\nGr\u00f6\u00dfen passend f\u00fcr Erwachsene passt sowohl f\u00fcr M\u00e4nner als auch Frauen. Das bequeme \u00fcbergro\u00dfe Design ist sehr gro\u00df und ger\u00e4umig, und die \u00c4rmel sind Manschetten, Sie k\u00f6nnen immer noch leicht beide H\u00e4nde verwenden.<br \/>\n\u3010Gr\u00f6\u00dfere Tasche\u3011Das gro\u00dfe Taschendesign des l\u00e4ssigen Oversize-Hoodie kann nicht nur Ihre H\u00e4nde vollst\u00e4ndig bedecken, sondern kann auch viele Dinge halten, wie Handys, Brieftaschen, TV-Fernbedienung, Telefon, Snacks und mehr mit Leichtigkeit des Zugriffs. Sie k\u00f6nnen Ihre H\u00e4nde f\u00fcr zus\u00e4tzliche W\u00e4rme nach innen ziehen und Ihre W\u00e4rme \u00fcberall hin mitnehmen.<br \/>\nPflegeleicht: Maschinenwaschbar in kaltem Wasser mit \u00e4hnlichen Farben, trocknergeeignet bei niedriger Temperatur, kein B\u00fcgeln oder teure Reinigung erforderlich. Diese \u00fcbergro\u00dfe Kapuzenjacke bleibt nach jeder W\u00e4sche gleich.<br \/>\nEin tolles und s\u00fc\u00dfes Geschenk: f\u00fcr Ehefrau, Ehemann, M\u00fctter, V\u00e4ter, Freundin, Freund, Tochter, Sohn, Freunde. Perfekt f\u00fcr Weihnachten, Geburtstag, Erntedankfest, Muttertag, Vatertag, Valentinstag, Erntedankfest, Silvester Wenn Sie Zweifel haben, k\u00f6nnen Sie sich gerne an uns wenden.<br \/>\n<div class=\"main-cross-sell\" data-asin=\"B09T5TGX21\">\n\n\t<div class=\"WooZone-cross-sell-loader\">\n\t\t<div>\n\t\t\t<div id=\"floatingBarsG\">\n\t\t\t\t<div class=\"blockG\" id=\"rotateG_01\"><\/div>\n\t\t\t\t<div class=\"blockG\" id=\"rotateG_02\"><\/div>\n\t\t\t\t<div class=\"blockG\" id=\"rotateG_03\"><\/div>\n\t\t\t\t<div class=\"blockG\" id=\"rotateG_04\"><\/div>\n\t\t\t\t<div class=\"blockG\" id=\"rotateG_05\"><\/div>\n\t\t\t\t<div class=\"blockG\" id=\"rotateG_06\"><\/div>\n\t\t\t\t<div class=\"blockG\" id=\"rotateG_07\"><\/div>\n\t\t\t\t<div class=\"blockG\" id=\"rotateG_08\"><\/div>\n\t\t\t<\/div>\n\t\t\t<div class=\"WooZone-cross-sell-loader-text\"><\/div>\n\t\t<\/div>\n\t<\/div>\n\n\t\t\n<\/div>\n<div style=\"clear:both;\"><\/div><\/p>\n","protected":false},"excerpt":{"rendered":"<p>Warmer, flauschiger Sherpa und ultraweich: Der \u00fcbergro\u00dfe Hoodie ist sehr dick und extrem gro\u00df, Sie k\u00f6nnen Arme und Beine hineinziehen und Sie vollst\u00e4ndig abdecken, was Sie warm und bequem h\u00e4lt, w\u00e4hrend Sie auf Ihrem Laptop arbeiten, beim Entspannen im Haus, beim Fernsehen, Spielen von Videospielen oder Lesen auf dem Bett, Sofa Couch usw.<br \/>\nGr\u00f6\u00dfen passend f\u00fcr Erwachsene passt sowohl f\u00fcr M\u00e4nner als auch Frauen. Das bequeme \u00fcbergro\u00dfe Design ist sehr gro\u00df und ger\u00e4umig, und die \u00c4rmel sind Manschetten, Sie k\u00f6nnen immer noch leicht beide H\u00e4nde verwenden.<br \/>\n\u3010Gr\u00f6\u00dfere Tasche\u3011Das gro\u00dfe Taschendesign des l\u00e4ssigen Oversize-Hoodie kann nicht nur Ihre H\u00e4nde vollst\u00e4ndig bedecken, sondern kann auch viele Dinge halten, wie Handys, Brieftaschen, TV-Fernbedienung, Telefon, Snacks und mehr mit Leichtigkeit des Zugriffs. Sie k\u00f6nnen Ihre H\u00e4nde f\u00fcr zus\u00e4tzliche W\u00e4rme nach innen ziehen und Ihre W\u00e4rme \u00fcberall hin mitnehmen.<\/p>\n","protected":false},"featured_media":217828,"comment_status":"open","ping_status":"closed","template":"","meta":[],"product_brand":[],"product_cat":[1186,3920],"product_tag":[],"class_list":{"0":"post-217827","1":"product","2":"type-product","3":"status-publish","4":"has-post-thumbnail","6":"product_cat-bekleidung","7":"product_cat-damen","8":"pa_binding-textilien","9":"pa_brand-vertast","11":"first","12":"instock","13":"shipping-taxable","14":"product-type-simple","15":"customify-col","16":"product-has-gallery"},"yoast_head":"<!-- This site is optimized with the Yoast SEO plugin v27.4 - https:\/\/yoast.com\/product\/yoast-seo-wordpress\/ -->\n<title>VERTAST \u00dcbergro\u00dfe Hoodie Sweatshirt, Warmer Kuschelpullover Decken Blanket Hoodie, Weicher Sherpa Deckenpullover mit Kapuze Pullover Sweatshirt, Pulli Decke Schlafanzug f\u00fcr Damen Herren - Markt-XXL<\/title>\n<meta name=\"description\" content=\"Markt-XXL VERTAST \u00dcbergro\u00dfe Hoodie Sweatshirt, Warmer Kuschelpullover Decken Blanket Hoodie, Weicher Sherpa Deckenpullover mit Kapuze Pullover Sweatshirt, Pulli Decke Schlafanzug f\u00fcr Damen Herren\" \/>\n<meta name=\"robots\" content=\"index, follow, max-snippet:-1, max-image-preview:large, max-video-preview:-1\" \/>\n<link rel=\"canonical\" href=\"https:\/\/marktxxl.de\/markt\/produkt\/vertast-uebergrosse-hoodie-sweatshirt-warmer-kuschelpullover-decken-blanket-hoodie-weicher-sherpa-deckenpullover-mit-kapuze-pullover-sweatshirt-pulli-decke-schlafanzug-fuer-damen-herren\/\" \/>\n<meta property=\"og:locale\" content=\"de_DE\" \/>\n<meta property=\"og:type\" content=\"article\" \/>\n<meta property=\"og:title\" content=\"VERTAST \u00dcbergro\u00dfe Hoodie Sweatshirt, Warmer Kuschelpullover Decken Blanket Hoodie, Weicher Sherpa Deckenpullover mit Kapuze Pullover Sweatshirt, Pulli Decke Schlafanzug f\u00fcr Damen Herren - Markt-XXL\" \/>\n<meta property=\"og:description\" content=\"Markt-XXL VERTAST \u00dcbergro\u00dfe Hoodie Sweatshirt, Warmer Kuschelpullover Decken Blanket Hoodie, Weicher Sherpa Deckenpullover mit Kapuze Pullover Sweatshirt, Pulli Decke Schlafanzug f\u00fcr Damen Herren\" \/>\n<meta property=\"og:url\" content=\"https:\/\/marktxxl.de\/markt\/produkt\/vertast-uebergrosse-hoodie-sweatshirt-warmer-kuschelpullover-decken-blanket-hoodie-weicher-sherpa-deckenpullover-mit-kapuze-pullover-sweatshirt-pulli-decke-schlafanzug-fuer-damen-herren\/\" \/>\n<meta property=\"og:site_name\" content=\"Markt-XXL\" \/>\n<meta name=\"twitter:card\" content=\"summary_large_image\" \/>\n<meta name=\"twitter:label1\" content=\"Gesch\u00e4tzte Lesezeit\" \/>\n\t<meta name=\"twitter:data1\" content=\"1\u00a0Minute\" \/>\n<script type=\"application\/ld+json\" class=\"yoast-schema-graph\">{\"@context\":\"https:\\\/\\\/schema.org\",\"@graph\":[{\"@type\":\"WebPage\",\"@id\":\"https:\\\/\\\/marktxxl.de\\\/markt\\\/produkt\\\/vertast-uebergrosse-hoodie-sweatshirt-warmer-kuschelpullover-decken-blanket-hoodie-weicher-sherpa-deckenpullover-mit-kapuze-pullover-sweatshirt-pulli-decke-schlafanzug-fuer-damen-herren\\\/\",\"url\":\"https:\\\/\\\/marktxxl.de\\\/markt\\\/produkt\\\/vertast-uebergrosse-hoodie-sweatshirt-warmer-kuschelpullover-decken-blanket-hoodie-weicher-sherpa-deckenpullover-mit-kapuze-pullover-sweatshirt-pulli-decke-schlafanzug-fuer-damen-herren\\\/\",\"name\":\"VERTAST \u00dcbergro\u00dfe Hoodie Sweatshirt, Warmer Kuschelpullover Decken Blanket Hoodie, Weicher Sherpa Deckenpullover mit Kapuze Pullover Sweatshirt, Pulli Decke Schlafanzug f\u00fcr Damen Herren - Markt-XXL\",\"isPartOf\":{\"@id\":\"https:\\\/\\\/marktxxl.de\\\/markt\\\/#website\"},\"primaryImageOfPage\":{\"@id\":\"https:\\\/\\\/marktxxl.de\\\/markt\\\/produkt\\\/vertast-uebergrosse-hoodie-sweatshirt-warmer-kuschelpullover-decken-blanket-hoodie-weicher-sherpa-deckenpullover-mit-kapuze-pullover-sweatshirt-pulli-decke-schlafanzug-fuer-damen-herren\\\/#primaryimage\"},\"image\":{\"@id\":\"https:\\\/\\\/marktxxl.de\\\/markt\\\/produkt\\\/vertast-uebergrosse-hoodie-sweatshirt-warmer-kuschelpullover-decken-blanket-hoodie-weicher-sherpa-deckenpullover-mit-kapuze-pullover-sweatshirt-pulli-decke-schlafanzug-fuer-damen-herren\\\/#primaryimage\"},\"thumbnailUrl\":\"https:\\\/\\\/m.media-amazon.com\\\/images\\\/I\\\/31P+DJ3GWRL._SL500_.jpg\",\"datePublished\":\"2024-07-28T06:13:48+00:00\",\"description\":\"Markt-XXL VERTAST \u00dcbergro\u00dfe Hoodie Sweatshirt, Warmer Kuschelpullover Decken Blanket Hoodie, Weicher Sherpa Deckenpullover mit Kapuze Pullover Sweatshirt, Pulli Decke Schlafanzug f\u00fcr Damen Herren\",\"breadcrumb\":{\"@id\":\"https:\\\/\\\/marktxxl.de\\\/markt\\\/produkt\\\/vertast-uebergrosse-hoodie-sweatshirt-warmer-kuschelpullover-decken-blanket-hoodie-weicher-sherpa-deckenpullover-mit-kapuze-pullover-sweatshirt-pulli-decke-schlafanzug-fuer-damen-herren\\\/#breadcrumb\"},\"inLanguage\":\"de\",\"potentialAction\":[{\"@type\":\"ReadAction\",\"target\":[\"https:\\\/\\\/marktxxl.de\\\/markt\\\/produkt\\\/vertast-uebergrosse-hoodie-sweatshirt-warmer-kuschelpullover-decken-blanket-hoodie-weicher-sherpa-deckenpullover-mit-kapuze-pullover-sweatshirt-pulli-decke-schlafanzug-fuer-damen-herren\\\/\"]}]},{\"@type\":\"ImageObject\",\"inLanguage\":\"de\",\"@id\":\"https:\\\/\\\/marktxxl.de\\\/markt\\\/produkt\\\/vertast-uebergrosse-hoodie-sweatshirt-warmer-kuschelpullover-decken-blanket-hoodie-weicher-sherpa-deckenpullover-mit-kapuze-pullover-sweatshirt-pulli-decke-schlafanzug-fuer-damen-herren\\\/#primaryimage\",\"url\":\"https:\\\/\\\/m.media-amazon.com\\\/images\\\/I\\\/31P+DJ3GWRL._SL500_.jpg\",\"contentUrl\":\"https:\\\/\\\/m.media-amazon.com\\\/images\\\/I\\\/31P+DJ3GWRL._SL500_.jpg\",\"width\":334,\"height\":500},{\"@type\":\"BreadcrumbList\",\"@id\":\"https:\\\/\\\/marktxxl.de\\\/markt\\\/produkt\\\/vertast-uebergrosse-hoodie-sweatshirt-warmer-kuschelpullover-decken-blanket-hoodie-weicher-sherpa-deckenpullover-mit-kapuze-pullover-sweatshirt-pulli-decke-schlafanzug-fuer-damen-herren\\\/#breadcrumb\",\"itemListElement\":[{\"@type\":\"ListItem\",\"position\":1,\"name\":\"Startseite\",\"item\":\"https:\\\/\\\/marktxxl.de\\\/markt\\\/\"},{\"@type\":\"ListItem\",\"position\":2,\"name\":\"Markt\",\"item\":\"https:\\\/\\\/marktxxl.de\\\/markt\\\/\"},{\"@type\":\"ListItem\",\"position\":3,\"name\":\"VERTAST \u00dcbergro\u00dfe Hoodie Sweatshirt, Warmer Kuschelpullover Decken Blanket Hoodie, Weicher Sherpa Deckenpullover mit Kapuze Pullover Sweatshirt, Pulli Decke Schlafanzug f\u00fcr Damen Herren\"}]},{\"@type\":\"WebSite\",\"@id\":\"https:\\\/\\\/marktxxl.de\\\/markt\\\/#website\",\"url\":\"https:\\\/\\\/marktxxl.de\\\/markt\\\/\",\"name\":\"Markt-XXL\",\"description\":\"Ihr Markt Online\",\"publisher\":{\"@id\":\"https:\\\/\\\/marktxxl.de\\\/markt\\\/#organization\"},\"potentialAction\":[{\"@type\":\"SearchAction\",\"target\":{\"@type\":\"EntryPoint\",\"urlTemplate\":\"https:\\\/\\\/marktxxl.de\\\/markt\\\/?s={search_term_string}\"},\"query-input\":{\"@type\":\"PropertyValueSpecification\",\"valueRequired\":true,\"valueName\":\"search_term_string\"}}],\"inLanguage\":\"de\"},{\"@type\":\"Organization\",\"@id\":\"https:\\\/\\\/marktxxl.de\\\/markt\\\/#organization\",\"name\":\"Markt-XXL\",\"url\":\"https:\\\/\\\/marktxxl.de\\\/markt\\\/\",\"logo\":{\"@type\":\"ImageObject\",\"inLanguage\":\"de\",\"@id\":\"https:\\\/\\\/marktxxl.de\\\/markt\\\/#\\\/schema\\\/logo\\\/image\\\/\",\"url\":\"https:\\\/\\\/marktxxl.de\\\/markt\\\/wp-content\\\/uploads\\\/sites\\\/3\\\/2020\\\/12\\\/logo.png\",\"contentUrl\":\"https:\\\/\\\/marktxxl.de\\\/markt\\\/wp-content\\\/uploads\\\/sites\\\/3\\\/2020\\\/12\\\/logo.png\",\"width\":200,\"height\":70,\"caption\":\"Markt-XXL\"},\"image\":{\"@id\":\"https:\\\/\\\/marktxxl.de\\\/markt\\\/#\\\/schema\\\/logo\\\/image\\\/\"}}]}<\/script>\n<!-- \/ Yoast SEO plugin. -->","yoast_head_json":{"title":"VERTAST \u00dcbergro\u00dfe Hoodie Sweatshirt, Warmer Kuschelpullover Decken Blanket Hoodie, Weicher Sherpa Deckenpullover mit Kapuze Pullover Sweatshirt, Pulli Decke Schlafanzug f\u00fcr Damen Herren - Markt-XXL","description":"Markt-XXL VERTAST \u00dcbergro\u00dfe Hoodie Sweatshirt, Warmer Kuschelpullover Decken Blanket Hoodie, Weicher Sherpa Deckenpullover mit Kapuze Pullover Sweatshirt, Pulli Decke Schlafanzug f\u00fcr Damen Herren","robots":{"index":"index","follow":"follow","max-snippet":"max-snippet:-1","max-image-preview":"max-image-preview:large","max-video-preview":"max-video-preview:-1"},"canonical":"https:\/\/marktxxl.de\/markt\/produkt\/vertast-uebergrosse-hoodie-sweatshirt-warmer-kuschelpullover-decken-blanket-hoodie-weicher-sherpa-deckenpullover-mit-kapuze-pullover-sweatshirt-pulli-decke-schlafanzug-fuer-damen-herren\/","og_locale":"de_DE","og_type":"article","og_title":"VERTAST \u00dcbergro\u00dfe Hoodie Sweatshirt, Warmer Kuschelpullover Decken Blanket Hoodie, Weicher Sherpa Deckenpullover mit Kapuze Pullover Sweatshirt, Pulli Decke Schlafanzug f\u00fcr Damen Herren - Markt-XXL","og_description":"Markt-XXL VERTAST \u00dcbergro\u00dfe Hoodie Sweatshirt, Warmer Kuschelpullover Decken Blanket Hoodie, Weicher Sherpa Deckenpullover mit Kapuze Pullover Sweatshirt, Pulli Decke Schlafanzug f\u00fcr Damen Herren","og_url":"https:\/\/marktxxl.de\/markt\/produkt\/vertast-uebergrosse-hoodie-sweatshirt-warmer-kuschelpullover-decken-blanket-hoodie-weicher-sherpa-deckenpullover-mit-kapuze-pullover-sweatshirt-pulli-decke-schlafanzug-fuer-damen-herren\/","og_site_name":"Markt-XXL","twitter_card":"summary_large_image","twitter_misc":{"Gesch\u00e4tzte Lesezeit":"1\u00a0Minute"},"schema":{"@context":"https:\/\/schema.org","@graph":[{"@type":"WebPage","@id":"https:\/\/marktxxl.de\/markt\/produkt\/vertast-uebergrosse-hoodie-sweatshirt-warmer-kuschelpullover-decken-blanket-hoodie-weicher-sherpa-deckenpullover-mit-kapuze-pullover-sweatshirt-pulli-decke-schlafanzug-fuer-damen-herren\/","url":"https:\/\/marktxxl.de\/markt\/produkt\/vertast-uebergrosse-hoodie-sweatshirt-warmer-kuschelpullover-decken-blanket-hoodie-weicher-sherpa-deckenpullover-mit-kapuze-pullover-sweatshirt-pulli-decke-schlafanzug-fuer-damen-herren\/","name":"VERTAST \u00dcbergro\u00dfe Hoodie Sweatshirt, Warmer Kuschelpullover Decken Blanket Hoodie, Weicher Sherpa Deckenpullover mit Kapuze Pullover Sweatshirt, Pulli Decke Schlafanzug f\u00fcr Damen Herren - Markt-XXL","isPartOf":{"@id":"https:\/\/marktxxl.de\/markt\/#website"},"primaryImageOfPage":{"@id":"https:\/\/marktxxl.de\/markt\/produkt\/vertast-uebergrosse-hoodie-sweatshirt-warmer-kuschelpullover-decken-blanket-hoodie-weicher-sherpa-deckenpullover-mit-kapuze-pullover-sweatshirt-pulli-decke-schlafanzug-fuer-damen-herren\/#primaryimage"},"image":{"@id":"https:\/\/marktxxl.de\/markt\/produkt\/vertast-uebergrosse-hoodie-sweatshirt-warmer-kuschelpullover-decken-blanket-hoodie-weicher-sherpa-deckenpullover-mit-kapuze-pullover-sweatshirt-pulli-decke-schlafanzug-fuer-damen-herren\/#primaryimage"},"thumbnailUrl":"https:\/\/m.media-amazon.com\/images\/I\/31P+DJ3GWRL._SL500_.jpg","datePublished":"2024-07-28T06:13:48+00:00","description":"Markt-XXL VERTAST \u00dcbergro\u00dfe Hoodie Sweatshirt, Warmer Kuschelpullover Decken Blanket Hoodie, Weicher Sherpa Deckenpullover mit Kapuze Pullover Sweatshirt, Pulli Decke Schlafanzug f\u00fcr Damen Herren","breadcrumb":{"@id":"https:\/\/marktxxl.de\/markt\/produkt\/vertast-uebergrosse-hoodie-sweatshirt-warmer-kuschelpullover-decken-blanket-hoodie-weicher-sherpa-deckenpullover-mit-kapuze-pullover-sweatshirt-pulli-decke-schlafanzug-fuer-damen-herren\/#breadcrumb"},"inLanguage":"de","potentialAction":[{"@type":"ReadAction","target":["https:\/\/marktxxl.de\/markt\/produkt\/vertast-uebergrosse-hoodie-sweatshirt-warmer-kuschelpullover-decken-blanket-hoodie-weicher-sherpa-deckenpullover-mit-kapuze-pullover-sweatshirt-pulli-decke-schlafanzug-fuer-damen-herren\/"]}]},{"@type":"ImageObject","inLanguage":"de","@id":"https:\/\/marktxxl.de\/markt\/produkt\/vertast-uebergrosse-hoodie-sweatshirt-warmer-kuschelpullover-decken-blanket-hoodie-weicher-sherpa-deckenpullover-mit-kapuze-pullover-sweatshirt-pulli-decke-schlafanzug-fuer-damen-herren\/#primaryimage","url":"https:\/\/m.media-amazon.com\/images\/I\/31P+DJ3GWRL._SL500_.jpg","contentUrl":"https:\/\/m.media-amazon.com\/images\/I\/31P+DJ3GWRL._SL500_.jpg","width":334,"height":500},{"@type":"BreadcrumbList","@id":"https:\/\/marktxxl.de\/markt\/produkt\/vertast-uebergrosse-hoodie-sweatshirt-warmer-kuschelpullover-decken-blanket-hoodie-weicher-sherpa-deckenpullover-mit-kapuze-pullover-sweatshirt-pulli-decke-schlafanzug-fuer-damen-herren\/#breadcrumb","itemListElement":[{"@type":"ListItem","position":1,"name":"Startseite","item":"https:\/\/marktxxl.de\/markt\/"},{"@type":"ListItem","position":2,"name":"Markt","item":"https:\/\/marktxxl.de\/markt\/"},{"@type":"ListItem","position":3,"name":"VERTAST \u00dcbergro\u00dfe Hoodie Sweatshirt, Warmer Kuschelpullover Decken Blanket Hoodie, Weicher Sherpa Deckenpullover mit Kapuze Pullover Sweatshirt, Pulli Decke Schlafanzug f\u00fcr Damen Herren"}]},{"@type":"WebSite","@id":"https:\/\/marktxxl.de\/markt\/#website","url":"https:\/\/marktxxl.de\/markt\/","name":"Markt-XXL","description":"Ihr Markt Online","publisher":{"@id":"https:\/\/marktxxl.de\/markt\/#organization"},"potentialAction":[{"@type":"SearchAction","target":{"@type":"EntryPoint","urlTemplate":"https:\/\/marktxxl.de\/markt\/?s={search_term_string}"},"query-input":{"@type":"PropertyValueSpecification","valueRequired":true,"valueName":"search_term_string"}}],"inLanguage":"de"},{"@type":"Organization","@id":"https:\/\/marktxxl.de\/markt\/#organization","name":"Markt-XXL","url":"https:\/\/marktxxl.de\/markt\/","logo":{"@type":"ImageObject","inLanguage":"de","@id":"https:\/\/marktxxl.de\/markt\/#\/schema\/logo\/image\/","url":"https:\/\/marktxxl.de\/markt\/wp-content\/uploads\/sites\/3\/2020\/12\/logo.png","contentUrl":"https:\/\/marktxxl.de\/markt\/wp-content\/uploads\/sites\/3\/2020\/12\/logo.png","width":200,"height":70,"caption":"Markt-XXL"},"image":{"@id":"https:\/\/marktxxl.de\/markt\/#\/schema\/logo\/image\/"}}]}},"_links":{"self":[{"href":"https:\/\/marktxxl.de\/markt\/wp-json\/wp\/v2\/product\/217827","targetHints":{"allow":["GET"]}}],"collection":[{"href":"https:\/\/marktxxl.de\/markt\/wp-json\/wp\/v2\/product"}],"about":[{"href":"https:\/\/marktxxl.de\/markt\/wp-json\/wp\/v2\/types\/product"}],"replies":[{"embeddable":true,"href":"https:\/\/marktxxl.de\/markt\/wp-json\/wp\/v2\/comments?post=217827"}],"wp:featuredmedia":[{"embeddable":true,"href":"https:\/\/marktxxl.de\/markt\/wp-json\/wp\/v2\/media\/217828"}],"wp:attachment":[{"href":"https:\/\/marktxxl.de\/markt\/wp-json\/wp\/v2\/media?parent=217827"}],"wp:term":[{"taxonomy":"product_brand","embeddable":true,"href":"https:\/\/marktxxl.de\/markt\/wp-json\/wp\/v2\/product_brand?post=217827"},{"taxonomy":"product_cat","embeddable":true,"href":"https:\/\/marktxxl.de\/markt\/wp-json\/wp\/v2\/product_cat?post=217827"},{"taxonomy":"product_tag","embeddable":true,"href":"https:\/\/marktxxl.de\/markt\/wp-json\/wp\/v2\/product_tag?post=217827"}],"curies":[{"name":"wp","href":"https:\/\/api.w.org\/{rel}","templated":true}]}}