{"id":217814,"date":"2024-07-28T08:13:35","date_gmt":"2024-07-28T06:13:35","guid":{"rendered":"https:\/\/marktxxl.de\/markt\/produkt\/cupshe-damen-tankini-set-neckholder-tiefer-v-ausschnitt-mid-waist-tankini-bademode-wasserfallausschnitt-rueckenfrei-zweiteiliger-badeanzug-swimsuit\/"},"modified":"2024-07-28T08:13:35","modified_gmt":"2024-07-28T06:13:35","slug":"cupshe-damen-tankini-set-neckholder-tiefer-v-ausschnitt-mid-waist-tankini-bademode-wasserfallausschnitt-rueckenfrei-zweiteiliger-badeanzug-swimsuit","status":"publish","type":"product","link":"https:\/\/marktxxl.de\/markt\/produkt\/cupshe-damen-tankini-set-neckholder-tiefer-v-ausschnitt-mid-waist-tankini-bademode-wasserfallausschnitt-rueckenfrei-zweiteiliger-badeanzug-swimsuit\/","title":{"rendered":"CUPSHE Damen Tankini Set Neckholder Tiefer V-Ausschnitt Mid Waist Tankini Bademode Wasserfallausschnitt R\u00fcckenfrei Zweiteiliger Badeanzug Swimsuit"},"content":{"rendered":"<p>\u00dcBER MICH: Zweiteiliger Tankini, Tiefer Ausschnitt mit Riemendesign, Neckholderstil, Wasserfallausschnitt, Mid Waist Bikinihose im trendigen Druck<br \/>\nDieses elegante Tankini-Set verbindet ein klassisches Oberteil mit herausnehmbaren Softpads f\u00fcr optimalen Tragekomfort und perfekte Passform mit einer figurschmeichelnden Bikinihose. Der Zweiteiler bietet nicht nur einen stilvollen Look, sondern auch vielseitige Kombinationsm\u00f6glichkeiten mit anderen St\u00fccken Ihrer Bademodenkollection<br \/>\nEntdecken Sie die perfekte Mischung aus verf\u00fchrerischem Charm und trendigem Design mit unserem zweiteiligen Tankini. Der tiefe Ausschnitt mit Riemendesign zieht alle Blicke auf sich und verleiht Ihrem Strandlook eine aufregende, feminine Note. Der raffinierte Wasserfallausschnitt sorgt f\u00fcr einen eleganten Look und schmeichelt Ihrer Silhouette auf vorteilhafte Weise. Die dazu passende Mid Waist Bikinihose im trendigen Druck setzt modische Akzente und komplettiert Ihren stilvollen Strandlook<br \/>\nEgal, ob Sie einen entspannten Tag am Meer verbringen oder einen erfrischenden Cocktail an der Poolbar genie\u00dfen &#8211; mit diesem zweiteiligen Tankini sind Sie immer modisch und bequem gekleidet. Tauchen Sie ein in die Welt der Sommermoden und genie\u00dfen Sie das Gef\u00fchl von Sonne auf Ihrer Haut &#8211; mit unserem zweiteiligen Tankini, der Sie garantiert zum Hingucker an jedem Strand oder Pool macht!<br \/>\nBitte beachten Sie die Gr\u00f6\u00dfentabelle, um Ihre optimale Gr\u00f6\u00dfe zu finden<br \/>\n<div class=\"main-cross-sell\" data-asin=\"B0CL9LZ768\">\n\n\t<div class=\"WooZone-cross-sell-loader\">\n\t\t<div>\n\t\t\t<div id=\"floatingBarsG\">\n\t\t\t\t<div class=\"blockG\" id=\"rotateG_01\"><\/div>\n\t\t\t\t<div class=\"blockG\" id=\"rotateG_02\"><\/div>\n\t\t\t\t<div class=\"blockG\" id=\"rotateG_03\"><\/div>\n\t\t\t\t<div class=\"blockG\" id=\"rotateG_04\"><\/div>\n\t\t\t\t<div class=\"blockG\" id=\"rotateG_05\"><\/div>\n\t\t\t\t<div class=\"blockG\" id=\"rotateG_06\"><\/div>\n\t\t\t\t<div class=\"blockG\" id=\"rotateG_07\"><\/div>\n\t\t\t\t<div class=\"blockG\" id=\"rotateG_08\"><\/div>\n\t\t\t<\/div>\n\t\t\t<div class=\"WooZone-cross-sell-loader-text\"><\/div>\n\t\t<\/div>\n\t<\/div>\n\n\t\t\n<\/div>\n<div style=\"clear:both;\"><\/div><\/p>\n","protected":false},"excerpt":{"rendered":"<p>\u00dcBER MICH: Zweiteiliger Tankini, Tiefer Ausschnitt mit Riemendesign, Neckholderstil, Wasserfallausschnitt, Mid Waist Bikinihose im trendigen Druck<br \/>\nDieses elegante Tankini-Set verbindet ein klassisches Oberteil mit herausnehmbaren Softpads f\u00fcr optimalen Tragekomfort und perfekte Passform mit einer figurschmeichelnden Bikinihose. Der Zweiteiler bietet nicht nur einen stilvollen Look, sondern auch vielseitige Kombinationsm\u00f6glichkeiten mit anderen St\u00fccken Ihrer Bademodenkollection<br \/>\nEntdecken Sie die perfekte Mischung aus verf\u00fchrerischem Charm und trendigem Design mit unserem zweiteiligen Tankini. Der tiefe Ausschnitt mit Riemendesign zieht alle Blicke auf sich und verleiht Ihrem Strandlook eine aufregende, feminine Note. Der raffinierte Wasserfallausschnitt sorgt f\u00fcr einen eleganten Look und schmeichelt Ihrer Silhouette auf vorteilhafte Weise. Die dazu passende Mid Waist Bikinihose im trendigen Druck setzt modische Akzente und komplettiert Ihren stilvollen Strandlook<\/p>\n","protected":false},"featured_media":217815,"comment_status":"open","ping_status":"closed","template":"","meta":[],"product_brand":[],"product_cat":[1186,3920],"product_tag":[],"class_list":{"0":"post-217814","1":"product","2":"type-product","3":"status-publish","4":"has-post-thumbnail","6":"product_cat-bekleidung","7":"product_cat-damen","8":"pa_binding-textilien","9":"pa_brand-cupshe","10":"pa_manufacturer-cupshe","11":"pa_model-caa12d3e10uu","13":"first","14":"instock","15":"shipping-taxable","16":"product-type-simple","17":"customify-col","18":"product-has-gallery"},"yoast_head":"<!-- This site is optimized with the Yoast SEO plugin v27.4 - https:\/\/yoast.com\/product\/yoast-seo-wordpress\/ -->\n<title>CUPSHE Damen Tankini Set Neckholder Tiefer V-Ausschnitt Mid Waist Tankini Bademode Wasserfallausschnitt R\u00fcckenfrei Zweiteiliger Badeanzug Swimsuit - Markt-XXL<\/title>\n<meta name=\"description\" content=\"Markt-XXL CUPSHE Damen Tankini Set Neckholder Tiefer V-Ausschnitt Mid Waist Tankini Bademode Wasserfallausschnitt R\u00fcckenfrei Zweiteiliger Badeanzug Swimsuit\" \/>\n<meta name=\"robots\" content=\"index, follow, max-snippet:-1, max-image-preview:large, max-video-preview:-1\" \/>\n<link rel=\"canonical\" href=\"https:\/\/marktxxl.de\/markt\/produkt\/cupshe-damen-tankini-set-neckholder-tiefer-v-ausschnitt-mid-waist-tankini-bademode-wasserfallausschnitt-rueckenfrei-zweiteiliger-badeanzug-swimsuit\/\" \/>\n<meta property=\"og:locale\" content=\"de_DE\" \/>\n<meta property=\"og:type\" content=\"article\" \/>\n<meta property=\"og:title\" content=\"CUPSHE Damen Tankini Set Neckholder Tiefer V-Ausschnitt Mid Waist Tankini Bademode Wasserfallausschnitt R\u00fcckenfrei Zweiteiliger Badeanzug Swimsuit - Markt-XXL\" \/>\n<meta property=\"og:description\" content=\"Markt-XXL CUPSHE Damen Tankini Set Neckholder Tiefer V-Ausschnitt Mid Waist Tankini Bademode Wasserfallausschnitt R\u00fcckenfrei Zweiteiliger Badeanzug Swimsuit\" \/>\n<meta property=\"og:url\" content=\"https:\/\/marktxxl.de\/markt\/produkt\/cupshe-damen-tankini-set-neckholder-tiefer-v-ausschnitt-mid-waist-tankini-bademode-wasserfallausschnitt-rueckenfrei-zweiteiliger-badeanzug-swimsuit\/\" \/>\n<meta property=\"og:site_name\" content=\"Markt-XXL\" \/>\n<meta name=\"twitter:card\" content=\"summary_large_image\" \/>\n<meta name=\"twitter:label1\" content=\"Gesch\u00e4tzte Lesezeit\" \/>\n\t<meta name=\"twitter:data1\" content=\"1\u00a0Minute\" \/>\n<script type=\"application\/ld+json\" class=\"yoast-schema-graph\">{\"@context\":\"https:\\\/\\\/schema.org\",\"@graph\":[{\"@type\":\"WebPage\",\"@id\":\"https:\\\/\\\/marktxxl.de\\\/markt\\\/produkt\\\/cupshe-damen-tankini-set-neckholder-tiefer-v-ausschnitt-mid-waist-tankini-bademode-wasserfallausschnitt-rueckenfrei-zweiteiliger-badeanzug-swimsuit\\\/\",\"url\":\"https:\\\/\\\/marktxxl.de\\\/markt\\\/produkt\\\/cupshe-damen-tankini-set-neckholder-tiefer-v-ausschnitt-mid-waist-tankini-bademode-wasserfallausschnitt-rueckenfrei-zweiteiliger-badeanzug-swimsuit\\\/\",\"name\":\"CUPSHE Damen Tankini Set Neckholder Tiefer V-Ausschnitt Mid Waist Tankini Bademode Wasserfallausschnitt R\u00fcckenfrei Zweiteiliger Badeanzug Swimsuit - Markt-XXL\",\"isPartOf\":{\"@id\":\"https:\\\/\\\/marktxxl.de\\\/markt\\\/#website\"},\"primaryImageOfPage\":{\"@id\":\"https:\\\/\\\/marktxxl.de\\\/markt\\\/produkt\\\/cupshe-damen-tankini-set-neckholder-tiefer-v-ausschnitt-mid-waist-tankini-bademode-wasserfallausschnitt-rueckenfrei-zweiteiliger-badeanzug-swimsuit\\\/#primaryimage\"},\"image\":{\"@id\":\"https:\\\/\\\/marktxxl.de\\\/markt\\\/produkt\\\/cupshe-damen-tankini-set-neckholder-tiefer-v-ausschnitt-mid-waist-tankini-bademode-wasserfallausschnitt-rueckenfrei-zweiteiliger-badeanzug-swimsuit\\\/#primaryimage\"},\"thumbnailUrl\":\"https:\\\/\\\/m.media-amazon.com\\\/images\\\/I\\\/41f4QAjwkAL._SL500_.jpg\",\"datePublished\":\"2024-07-28T06:13:35+00:00\",\"description\":\"Markt-XXL CUPSHE Damen Tankini Set Neckholder Tiefer V-Ausschnitt Mid Waist Tankini Bademode Wasserfallausschnitt R\u00fcckenfrei Zweiteiliger Badeanzug Swimsuit\",\"breadcrumb\":{\"@id\":\"https:\\\/\\\/marktxxl.de\\\/markt\\\/produkt\\\/cupshe-damen-tankini-set-neckholder-tiefer-v-ausschnitt-mid-waist-tankini-bademode-wasserfallausschnitt-rueckenfrei-zweiteiliger-badeanzug-swimsuit\\\/#breadcrumb\"},\"inLanguage\":\"de\",\"potentialAction\":[{\"@type\":\"ReadAction\",\"target\":[\"https:\\\/\\\/marktxxl.de\\\/markt\\\/produkt\\\/cupshe-damen-tankini-set-neckholder-tiefer-v-ausschnitt-mid-waist-tankini-bademode-wasserfallausschnitt-rueckenfrei-zweiteiliger-badeanzug-swimsuit\\\/\"]}]},{\"@type\":\"ImageObject\",\"inLanguage\":\"de\",\"@id\":\"https:\\\/\\\/marktxxl.de\\\/markt\\\/produkt\\\/cupshe-damen-tankini-set-neckholder-tiefer-v-ausschnitt-mid-waist-tankini-bademode-wasserfallausschnitt-rueckenfrei-zweiteiliger-badeanzug-swimsuit\\\/#primaryimage\",\"url\":\"https:\\\/\\\/m.media-amazon.com\\\/images\\\/I\\\/41f4QAjwkAL._SL500_.jpg\",\"contentUrl\":\"https:\\\/\\\/m.media-amazon.com\\\/images\\\/I\\\/41f4QAjwkAL._SL500_.jpg\",\"width\":375,\"height\":500},{\"@type\":\"BreadcrumbList\",\"@id\":\"https:\\\/\\\/marktxxl.de\\\/markt\\\/produkt\\\/cupshe-damen-tankini-set-neckholder-tiefer-v-ausschnitt-mid-waist-tankini-bademode-wasserfallausschnitt-rueckenfrei-zweiteiliger-badeanzug-swimsuit\\\/#breadcrumb\",\"itemListElement\":[{\"@type\":\"ListItem\",\"position\":1,\"name\":\"Startseite\",\"item\":\"https:\\\/\\\/marktxxl.de\\\/markt\\\/\"},{\"@type\":\"ListItem\",\"position\":2,\"name\":\"Markt\",\"item\":\"https:\\\/\\\/marktxxl.de\\\/markt\\\/\"},{\"@type\":\"ListItem\",\"position\":3,\"name\":\"CUPSHE Damen Tankini Set Neckholder Tiefer V-Ausschnitt Mid Waist Tankini Bademode Wasserfallausschnitt R\u00fcckenfrei Zweiteiliger Badeanzug Swimsuit\"}]},{\"@type\":\"WebSite\",\"@id\":\"https:\\\/\\\/marktxxl.de\\\/markt\\\/#website\",\"url\":\"https:\\\/\\\/marktxxl.de\\\/markt\\\/\",\"name\":\"Markt-XXL\",\"description\":\"Ihr Markt Online\",\"publisher\":{\"@id\":\"https:\\\/\\\/marktxxl.de\\\/markt\\\/#organization\"},\"potentialAction\":[{\"@type\":\"SearchAction\",\"target\":{\"@type\":\"EntryPoint\",\"urlTemplate\":\"https:\\\/\\\/marktxxl.de\\\/markt\\\/?s={search_term_string}\"},\"query-input\":{\"@type\":\"PropertyValueSpecification\",\"valueRequired\":true,\"valueName\":\"search_term_string\"}}],\"inLanguage\":\"de\"},{\"@type\":\"Organization\",\"@id\":\"https:\\\/\\\/marktxxl.de\\\/markt\\\/#organization\",\"name\":\"Markt-XXL\",\"url\":\"https:\\\/\\\/marktxxl.de\\\/markt\\\/\",\"logo\":{\"@type\":\"ImageObject\",\"inLanguage\":\"de\",\"@id\":\"https:\\\/\\\/marktxxl.de\\\/markt\\\/#\\\/schema\\\/logo\\\/image\\\/\",\"url\":\"https:\\\/\\\/marktxxl.de\\\/markt\\\/wp-content\\\/uploads\\\/sites\\\/3\\\/2020\\\/12\\\/logo.png\",\"contentUrl\":\"https:\\\/\\\/marktxxl.de\\\/markt\\\/wp-content\\\/uploads\\\/sites\\\/3\\\/2020\\\/12\\\/logo.png\",\"width\":200,\"height\":70,\"caption\":\"Markt-XXL\"},\"image\":{\"@id\":\"https:\\\/\\\/marktxxl.de\\\/markt\\\/#\\\/schema\\\/logo\\\/image\\\/\"}}]}<\/script>\n<!-- \/ Yoast SEO plugin. -->","yoast_head_json":{"title":"CUPSHE Damen Tankini Set Neckholder Tiefer V-Ausschnitt Mid Waist Tankini Bademode Wasserfallausschnitt R\u00fcckenfrei Zweiteiliger Badeanzug Swimsuit - Markt-XXL","description":"Markt-XXL CUPSHE Damen Tankini Set Neckholder Tiefer V-Ausschnitt Mid Waist Tankini Bademode Wasserfallausschnitt R\u00fcckenfrei Zweiteiliger Badeanzug Swimsuit","robots":{"index":"index","follow":"follow","max-snippet":"max-snippet:-1","max-image-preview":"max-image-preview:large","max-video-preview":"max-video-preview:-1"},"canonical":"https:\/\/marktxxl.de\/markt\/produkt\/cupshe-damen-tankini-set-neckholder-tiefer-v-ausschnitt-mid-waist-tankini-bademode-wasserfallausschnitt-rueckenfrei-zweiteiliger-badeanzug-swimsuit\/","og_locale":"de_DE","og_type":"article","og_title":"CUPSHE Damen Tankini Set Neckholder Tiefer V-Ausschnitt Mid Waist Tankini Bademode Wasserfallausschnitt R\u00fcckenfrei Zweiteiliger Badeanzug Swimsuit - Markt-XXL","og_description":"Markt-XXL CUPSHE Damen Tankini Set Neckholder Tiefer V-Ausschnitt Mid Waist Tankini Bademode Wasserfallausschnitt R\u00fcckenfrei Zweiteiliger Badeanzug Swimsuit","og_url":"https:\/\/marktxxl.de\/markt\/produkt\/cupshe-damen-tankini-set-neckholder-tiefer-v-ausschnitt-mid-waist-tankini-bademode-wasserfallausschnitt-rueckenfrei-zweiteiliger-badeanzug-swimsuit\/","og_site_name":"Markt-XXL","twitter_card":"summary_large_image","twitter_misc":{"Gesch\u00e4tzte Lesezeit":"1\u00a0Minute"},"schema":{"@context":"https:\/\/schema.org","@graph":[{"@type":"WebPage","@id":"https:\/\/marktxxl.de\/markt\/produkt\/cupshe-damen-tankini-set-neckholder-tiefer-v-ausschnitt-mid-waist-tankini-bademode-wasserfallausschnitt-rueckenfrei-zweiteiliger-badeanzug-swimsuit\/","url":"https:\/\/marktxxl.de\/markt\/produkt\/cupshe-damen-tankini-set-neckholder-tiefer-v-ausschnitt-mid-waist-tankini-bademode-wasserfallausschnitt-rueckenfrei-zweiteiliger-badeanzug-swimsuit\/","name":"CUPSHE Damen Tankini Set Neckholder Tiefer V-Ausschnitt Mid Waist Tankini Bademode Wasserfallausschnitt R\u00fcckenfrei Zweiteiliger Badeanzug Swimsuit - Markt-XXL","isPartOf":{"@id":"https:\/\/marktxxl.de\/markt\/#website"},"primaryImageOfPage":{"@id":"https:\/\/marktxxl.de\/markt\/produkt\/cupshe-damen-tankini-set-neckholder-tiefer-v-ausschnitt-mid-waist-tankini-bademode-wasserfallausschnitt-rueckenfrei-zweiteiliger-badeanzug-swimsuit\/#primaryimage"},"image":{"@id":"https:\/\/marktxxl.de\/markt\/produkt\/cupshe-damen-tankini-set-neckholder-tiefer-v-ausschnitt-mid-waist-tankini-bademode-wasserfallausschnitt-rueckenfrei-zweiteiliger-badeanzug-swimsuit\/#primaryimage"},"thumbnailUrl":"https:\/\/m.media-amazon.com\/images\/I\/41f4QAjwkAL._SL500_.jpg","datePublished":"2024-07-28T06:13:35+00:00","description":"Markt-XXL CUPSHE Damen Tankini Set Neckholder Tiefer V-Ausschnitt Mid Waist Tankini Bademode Wasserfallausschnitt R\u00fcckenfrei Zweiteiliger Badeanzug Swimsuit","breadcrumb":{"@id":"https:\/\/marktxxl.de\/markt\/produkt\/cupshe-damen-tankini-set-neckholder-tiefer-v-ausschnitt-mid-waist-tankini-bademode-wasserfallausschnitt-rueckenfrei-zweiteiliger-badeanzug-swimsuit\/#breadcrumb"},"inLanguage":"de","potentialAction":[{"@type":"ReadAction","target":["https:\/\/marktxxl.de\/markt\/produkt\/cupshe-damen-tankini-set-neckholder-tiefer-v-ausschnitt-mid-waist-tankini-bademode-wasserfallausschnitt-rueckenfrei-zweiteiliger-badeanzug-swimsuit\/"]}]},{"@type":"ImageObject","inLanguage":"de","@id":"https:\/\/marktxxl.de\/markt\/produkt\/cupshe-damen-tankini-set-neckholder-tiefer-v-ausschnitt-mid-waist-tankini-bademode-wasserfallausschnitt-rueckenfrei-zweiteiliger-badeanzug-swimsuit\/#primaryimage","url":"https:\/\/m.media-amazon.com\/images\/I\/41f4QAjwkAL._SL500_.jpg","contentUrl":"https:\/\/m.media-amazon.com\/images\/I\/41f4QAjwkAL._SL500_.jpg","width":375,"height":500},{"@type":"BreadcrumbList","@id":"https:\/\/marktxxl.de\/markt\/produkt\/cupshe-damen-tankini-set-neckholder-tiefer-v-ausschnitt-mid-waist-tankini-bademode-wasserfallausschnitt-rueckenfrei-zweiteiliger-badeanzug-swimsuit\/#breadcrumb","itemListElement":[{"@type":"ListItem","position":1,"name":"Startseite","item":"https:\/\/marktxxl.de\/markt\/"},{"@type":"ListItem","position":2,"name":"Markt","item":"https:\/\/marktxxl.de\/markt\/"},{"@type":"ListItem","position":3,"name":"CUPSHE Damen Tankini Set Neckholder Tiefer V-Ausschnitt Mid Waist Tankini Bademode Wasserfallausschnitt R\u00fcckenfrei Zweiteiliger Badeanzug Swimsuit"}]},{"@type":"WebSite","@id":"https:\/\/marktxxl.de\/markt\/#website","url":"https:\/\/marktxxl.de\/markt\/","name":"Markt-XXL","description":"Ihr Markt Online","publisher":{"@id":"https:\/\/marktxxl.de\/markt\/#organization"},"potentialAction":[{"@type":"SearchAction","target":{"@type":"EntryPoint","urlTemplate":"https:\/\/marktxxl.de\/markt\/?s={search_term_string}"},"query-input":{"@type":"PropertyValueSpecification","valueRequired":true,"valueName":"search_term_string"}}],"inLanguage":"de"},{"@type":"Organization","@id":"https:\/\/marktxxl.de\/markt\/#organization","name":"Markt-XXL","url":"https:\/\/marktxxl.de\/markt\/","logo":{"@type":"ImageObject","inLanguage":"de","@id":"https:\/\/marktxxl.de\/markt\/#\/schema\/logo\/image\/","url":"https:\/\/marktxxl.de\/markt\/wp-content\/uploads\/sites\/3\/2020\/12\/logo.png","contentUrl":"https:\/\/marktxxl.de\/markt\/wp-content\/uploads\/sites\/3\/2020\/12\/logo.png","width":200,"height":70,"caption":"Markt-XXL"},"image":{"@id":"https:\/\/marktxxl.de\/markt\/#\/schema\/logo\/image\/"}}]}},"_links":{"self":[{"href":"https:\/\/marktxxl.de\/markt\/wp-json\/wp\/v2\/product\/217814","targetHints":{"allow":["GET"]}}],"collection":[{"href":"https:\/\/marktxxl.de\/markt\/wp-json\/wp\/v2\/product"}],"about":[{"href":"https:\/\/marktxxl.de\/markt\/wp-json\/wp\/v2\/types\/product"}],"replies":[{"embeddable":true,"href":"https:\/\/marktxxl.de\/markt\/wp-json\/wp\/v2\/comments?post=217814"}],"wp:featuredmedia":[{"embeddable":true,"href":"https:\/\/marktxxl.de\/markt\/wp-json\/wp\/v2\/media\/217815"}],"wp:attachment":[{"href":"https:\/\/marktxxl.de\/markt\/wp-json\/wp\/v2\/media?parent=217814"}],"wp:term":[{"taxonomy":"product_brand","embeddable":true,"href":"https:\/\/marktxxl.de\/markt\/wp-json\/wp\/v2\/product_brand?post=217814"},{"taxonomy":"product_cat","embeddable":true,"href":"https:\/\/marktxxl.de\/markt\/wp-json\/wp\/v2\/product_cat?post=217814"},{"taxonomy":"product_tag","embeddable":true,"href":"https:\/\/marktxxl.de\/markt\/wp-json\/wp\/v2\/product_tag?post=217814"}],"curies":[{"name":"wp","href":"https:\/\/api.w.org\/{rel}","templated":true}]}}