{"id":217370,"date":"2024-07-28T07:28:59","date_gmt":"2024-07-28T05:28:59","guid":{"rendered":"https:\/\/marktxxl.de\/markt\/produkt\/muocobu-koffein-augenserum-20ml-augencreme-gegen-augenringe-und-schwellungen-augenpflege-anti-aging-augenserum\/"},"modified":"2024-07-28T07:28:59","modified_gmt":"2024-07-28T05:28:59","slug":"muocobu-koffein-augenserum-20ml-augencreme-gegen-augenringe-und-schwellungen-augenpflege-anti-aging-augenserum","status":"publish","type":"product","link":"https:\/\/marktxxl.de\/markt\/produkt\/muocobu-koffein-augenserum-20ml-augencreme-gegen-augenringe-und-schwellungen-augenpflege-anti-aging-augenserum\/","title":{"rendered":"MUOCOBU Koffein Augenserum, 20ML Augencreme Gegen Augenringe und Schwellungen, Augenpflege, Anti-Aging-Augenserum"},"content":{"rendered":"<p>\u3010Reduziert Augenringe mit Koffein-Serum\u3011: MUOCOBU Koffein-Augencreme enth\u00e4lt Koffein, kann die Durchblutung steigern und wirkt sich wirksam auf das Erscheinungsbild von Augenringen aus, die durch Schlafmangel verursacht werden.<br \/>\n\u3010Anti-Aging-Augenpflege\u3011: Unser Koffein-Augenserum ist reich an Acetylhexapeptid und macht die Haut j\u00fcnger. Gl\u00e4ttet Falten und strafft die Haut um die Augen.<br \/>\n\u3010Augenerm\u00fcdung vermeiden\u3011: Dieses koffeinhaltige Augenserum kann dazu beitragen, die Hautzellen um die Augen herum zu stimulieren und den Stoffwechsel der Haut zu verbessern, wodurch unsere Augen weniger Augenerm\u00fcdung und andere Probleme haben. Die h\u00e4ufige Verwendung von Smartphones, Computern und anderen elektronischen Produkten kann leicht zu Augensch\u00e4den f\u00fchren M\u00fcdigkeit, Sehverlust und andere Probleme. In diesem Fall k\u00f6nnen Sie unsere Koffein-Augencreme verwenden.<br \/>\n\u3010Augencreme mit intensiver Feuchtigkeitsversorgung\u3011: Diese koffeinhaltige Augencreme spendet Feuchtigkeit, reduziert die Wasserverdunstung und h\u00e4lt die Haut weich und elastisch.<br \/>\n\u3010360\u00b0-Massageball\u3011: Mit einem einzigartigen 360\u00b0-K\u00fchl-Rollerball-Applikator aus Edelstahl kann das Augenserum gleichm\u00e4\u00dfig um die Augenpartie verteilt werden und sorgt f\u00fcr eine umfassende Massage der Augenkontur. Falten gl\u00e4tten und Festigkeit wiederherstellen.<br \/>\n<div class=\"main-cross-sell\" data-asin=\"B0D9YD97KK\">\n\n\t<div class=\"WooZone-cross-sell-loader\">\n\t\t<div>\n\t\t\t<div id=\"floatingBarsG\">\n\t\t\t\t<div class=\"blockG\" id=\"rotateG_01\"><\/div>\n\t\t\t\t<div class=\"blockG\" id=\"rotateG_02\"><\/div>\n\t\t\t\t<div class=\"blockG\" id=\"rotateG_03\"><\/div>\n\t\t\t\t<div class=\"blockG\" id=\"rotateG_04\"><\/div>\n\t\t\t\t<div class=\"blockG\" id=\"rotateG_05\"><\/div>\n\t\t\t\t<div class=\"blockG\" id=\"rotateG_06\"><\/div>\n\t\t\t\t<div class=\"blockG\" id=\"rotateG_07\"><\/div>\n\t\t\t\t<div class=\"blockG\" id=\"rotateG_08\"><\/div>\n\t\t\t<\/div>\n\t\t\t<div class=\"WooZone-cross-sell-loader-text\"><\/div>\n\t\t<\/div>\n\t<\/div>\n\n\t\t\n<\/div>\n<div style=\"clear:both;\"><\/div><\/p>\n","protected":false},"excerpt":{"rendered":"<p>\u3010Reduziert Augenringe mit Koffein-Serum\u3011: MUOCOBU Koffein-Augencreme enth\u00e4lt Koffein, kann die Durchblutung steigern und wirkt sich wirksam auf das Erscheinungsbild von Augenringen aus, die durch Schlafmangel verursacht werden.<br \/>\n\u3010Anti-Aging-Augenpflege\u3011: Unser Koffein-Augenserum ist reich an Acetylhexapeptid und macht die Haut j\u00fcnger. Gl\u00e4ttet Falten und strafft die Haut um die Augen.<br \/>\n\u3010Augenerm\u00fcdung vermeiden\u3011: Dieses koffeinhaltige Augenserum kann dazu beitragen, die Hautzellen um die Augen herum zu stimulieren und den Stoffwechsel der Haut zu verbessern, wodurch unsere Augen weniger Augenerm\u00fcdung und andere Probleme haben. Die h\u00e4ufige Verwendung von Smartphones, Computern und anderen elektronischen Produkten kann leicht zu Augensch\u00e4den f\u00fchren M\u00fcdigkeit, Sehverlust und andere Probleme. In diesem Fall k\u00f6nnen Sie unsere Koffein-Augencreme verwenden.<\/p>\n","protected":false},"featured_media":217371,"comment_status":"open","ping_status":"closed","template":"","meta":[],"product_brand":[],"product_cat":[2858],"product_tag":[],"class_list":{"0":"post-217370","1":"product","2":"type-product","3":"status-publish","4":"has-post-thumbnail","6":"product_cat-beauty","7":"pa_brand-muocobu","8":"pa_manufacturer-muocobu","9":"pa_size-20-ml-1er-pack","11":"first","12":"instock","13":"shipping-taxable","14":"product-type-simple","15":"customify-col","16":"product-has-gallery"},"yoast_head":"<!-- This site is optimized with the Yoast SEO plugin v27.4 - https:\/\/yoast.com\/product\/yoast-seo-wordpress\/ -->\n<title>MUOCOBU Koffein Augenserum, 20ML Augencreme Gegen Augenringe und Schwellungen, Augenpflege, Anti-Aging-Augenserum - Markt-XXL<\/title>\n<meta name=\"description\" content=\"Markt-XXL MUOCOBU Koffein Augenserum, 20ML Augencreme Gegen Augenringe und Schwellungen, Augenpflege, Anti-Aging-Augenserum\" \/>\n<meta name=\"robots\" content=\"index, follow, max-snippet:-1, max-image-preview:large, max-video-preview:-1\" \/>\n<link rel=\"canonical\" href=\"https:\/\/marktxxl.de\/markt\/produkt\/muocobu-koffein-augenserum-20ml-augencreme-gegen-augenringe-und-schwellungen-augenpflege-anti-aging-augenserum\/\" \/>\n<meta property=\"og:locale\" content=\"de_DE\" \/>\n<meta property=\"og:type\" content=\"article\" \/>\n<meta property=\"og:title\" content=\"MUOCOBU Koffein Augenserum, 20ML Augencreme Gegen Augenringe und Schwellungen, Augenpflege, Anti-Aging-Augenserum - Markt-XXL\" \/>\n<meta property=\"og:description\" content=\"Markt-XXL MUOCOBU Koffein Augenserum, 20ML Augencreme Gegen Augenringe und Schwellungen, Augenpflege, Anti-Aging-Augenserum\" \/>\n<meta property=\"og:url\" content=\"https:\/\/marktxxl.de\/markt\/produkt\/muocobu-koffein-augenserum-20ml-augencreme-gegen-augenringe-und-schwellungen-augenpflege-anti-aging-augenserum\/\" \/>\n<meta property=\"og:site_name\" content=\"Markt-XXL\" \/>\n<meta name=\"twitter:card\" content=\"summary_large_image\" \/>\n<meta name=\"twitter:label1\" content=\"Gesch\u00e4tzte Lesezeit\" \/>\n\t<meta name=\"twitter:data1\" content=\"1\u00a0Minute\" \/>\n<script type=\"application\/ld+json\" class=\"yoast-schema-graph\">{\"@context\":\"https:\\\/\\\/schema.org\",\"@graph\":[{\"@type\":\"WebPage\",\"@id\":\"https:\\\/\\\/marktxxl.de\\\/markt\\\/produkt\\\/muocobu-koffein-augenserum-20ml-augencreme-gegen-augenringe-und-schwellungen-augenpflege-anti-aging-augenserum\\\/\",\"url\":\"https:\\\/\\\/marktxxl.de\\\/markt\\\/produkt\\\/muocobu-koffein-augenserum-20ml-augencreme-gegen-augenringe-und-schwellungen-augenpflege-anti-aging-augenserum\\\/\",\"name\":\"MUOCOBU Koffein Augenserum, 20ML Augencreme Gegen Augenringe und Schwellungen, Augenpflege, Anti-Aging-Augenserum - Markt-XXL\",\"isPartOf\":{\"@id\":\"https:\\\/\\\/marktxxl.de\\\/markt\\\/#website\"},\"primaryImageOfPage\":{\"@id\":\"https:\\\/\\\/marktxxl.de\\\/markt\\\/produkt\\\/muocobu-koffein-augenserum-20ml-augencreme-gegen-augenringe-und-schwellungen-augenpflege-anti-aging-augenserum\\\/#primaryimage\"},\"image\":{\"@id\":\"https:\\\/\\\/marktxxl.de\\\/markt\\\/produkt\\\/muocobu-koffein-augenserum-20ml-augencreme-gegen-augenringe-und-schwellungen-augenpflege-anti-aging-augenserum\\\/#primaryimage\"},\"thumbnailUrl\":\"https:\\\/\\\/m.media-amazon.com\\\/images\\\/I\\\/41Ei-Iwvz7L._SL500_.jpg\",\"datePublished\":\"2024-07-28T05:28:59+00:00\",\"description\":\"Markt-XXL MUOCOBU Koffein Augenserum, 20ML Augencreme Gegen Augenringe und Schwellungen, Augenpflege, Anti-Aging-Augenserum\",\"breadcrumb\":{\"@id\":\"https:\\\/\\\/marktxxl.de\\\/markt\\\/produkt\\\/muocobu-koffein-augenserum-20ml-augencreme-gegen-augenringe-und-schwellungen-augenpflege-anti-aging-augenserum\\\/#breadcrumb\"},\"inLanguage\":\"de\",\"potentialAction\":[{\"@type\":\"ReadAction\",\"target\":[\"https:\\\/\\\/marktxxl.de\\\/markt\\\/produkt\\\/muocobu-koffein-augenserum-20ml-augencreme-gegen-augenringe-und-schwellungen-augenpflege-anti-aging-augenserum\\\/\"]}]},{\"@type\":\"ImageObject\",\"inLanguage\":\"de\",\"@id\":\"https:\\\/\\\/marktxxl.de\\\/markt\\\/produkt\\\/muocobu-koffein-augenserum-20ml-augencreme-gegen-augenringe-und-schwellungen-augenpflege-anti-aging-augenserum\\\/#primaryimage\",\"url\":\"https:\\\/\\\/m.media-amazon.com\\\/images\\\/I\\\/41Ei-Iwvz7L._SL500_.jpg\",\"contentUrl\":\"https:\\\/\\\/m.media-amazon.com\\\/images\\\/I\\\/41Ei-Iwvz7L._SL500_.jpg\",\"width\":500,\"height\":500},{\"@type\":\"BreadcrumbList\",\"@id\":\"https:\\\/\\\/marktxxl.de\\\/markt\\\/produkt\\\/muocobu-koffein-augenserum-20ml-augencreme-gegen-augenringe-und-schwellungen-augenpflege-anti-aging-augenserum\\\/#breadcrumb\",\"itemListElement\":[{\"@type\":\"ListItem\",\"position\":1,\"name\":\"Startseite\",\"item\":\"https:\\\/\\\/marktxxl.de\\\/markt\\\/\"},{\"@type\":\"ListItem\",\"position\":2,\"name\":\"Markt\",\"item\":\"https:\\\/\\\/marktxxl.de\\\/markt\\\/\"},{\"@type\":\"ListItem\",\"position\":3,\"name\":\"MUOCOBU Koffein Augenserum, 20ML Augencreme Gegen Augenringe und Schwellungen, Augenpflege, Anti-Aging-Augenserum\"}]},{\"@type\":\"WebSite\",\"@id\":\"https:\\\/\\\/marktxxl.de\\\/markt\\\/#website\",\"url\":\"https:\\\/\\\/marktxxl.de\\\/markt\\\/\",\"name\":\"Markt-XXL\",\"description\":\"Ihr Markt Online\",\"publisher\":{\"@id\":\"https:\\\/\\\/marktxxl.de\\\/markt\\\/#organization\"},\"potentialAction\":[{\"@type\":\"SearchAction\",\"target\":{\"@type\":\"EntryPoint\",\"urlTemplate\":\"https:\\\/\\\/marktxxl.de\\\/markt\\\/?s={search_term_string}\"},\"query-input\":{\"@type\":\"PropertyValueSpecification\",\"valueRequired\":true,\"valueName\":\"search_term_string\"}}],\"inLanguage\":\"de\"},{\"@type\":\"Organization\",\"@id\":\"https:\\\/\\\/marktxxl.de\\\/markt\\\/#organization\",\"name\":\"Markt-XXL\",\"url\":\"https:\\\/\\\/marktxxl.de\\\/markt\\\/\",\"logo\":{\"@type\":\"ImageObject\",\"inLanguage\":\"de\",\"@id\":\"https:\\\/\\\/marktxxl.de\\\/markt\\\/#\\\/schema\\\/logo\\\/image\\\/\",\"url\":\"https:\\\/\\\/marktxxl.de\\\/markt\\\/wp-content\\\/uploads\\\/sites\\\/3\\\/2020\\\/12\\\/logo.png\",\"contentUrl\":\"https:\\\/\\\/marktxxl.de\\\/markt\\\/wp-content\\\/uploads\\\/sites\\\/3\\\/2020\\\/12\\\/logo.png\",\"width\":200,\"height\":70,\"caption\":\"Markt-XXL\"},\"image\":{\"@id\":\"https:\\\/\\\/marktxxl.de\\\/markt\\\/#\\\/schema\\\/logo\\\/image\\\/\"}}]}<\/script>\n<!-- \/ Yoast SEO plugin. -->","yoast_head_json":{"title":"MUOCOBU Koffein Augenserum, 20ML Augencreme Gegen Augenringe und Schwellungen, Augenpflege, Anti-Aging-Augenserum - Markt-XXL","description":"Markt-XXL MUOCOBU Koffein Augenserum, 20ML Augencreme Gegen Augenringe und Schwellungen, Augenpflege, Anti-Aging-Augenserum","robots":{"index":"index","follow":"follow","max-snippet":"max-snippet:-1","max-image-preview":"max-image-preview:large","max-video-preview":"max-video-preview:-1"},"canonical":"https:\/\/marktxxl.de\/markt\/produkt\/muocobu-koffein-augenserum-20ml-augencreme-gegen-augenringe-und-schwellungen-augenpflege-anti-aging-augenserum\/","og_locale":"de_DE","og_type":"article","og_title":"MUOCOBU Koffein Augenserum, 20ML Augencreme Gegen Augenringe und Schwellungen, Augenpflege, Anti-Aging-Augenserum - Markt-XXL","og_description":"Markt-XXL MUOCOBU Koffein Augenserum, 20ML Augencreme Gegen Augenringe und Schwellungen, Augenpflege, Anti-Aging-Augenserum","og_url":"https:\/\/marktxxl.de\/markt\/produkt\/muocobu-koffein-augenserum-20ml-augencreme-gegen-augenringe-und-schwellungen-augenpflege-anti-aging-augenserum\/","og_site_name":"Markt-XXL","twitter_card":"summary_large_image","twitter_misc":{"Gesch\u00e4tzte Lesezeit":"1\u00a0Minute"},"schema":{"@context":"https:\/\/schema.org","@graph":[{"@type":"WebPage","@id":"https:\/\/marktxxl.de\/markt\/produkt\/muocobu-koffein-augenserum-20ml-augencreme-gegen-augenringe-und-schwellungen-augenpflege-anti-aging-augenserum\/","url":"https:\/\/marktxxl.de\/markt\/produkt\/muocobu-koffein-augenserum-20ml-augencreme-gegen-augenringe-und-schwellungen-augenpflege-anti-aging-augenserum\/","name":"MUOCOBU Koffein Augenserum, 20ML Augencreme Gegen Augenringe und Schwellungen, Augenpflege, Anti-Aging-Augenserum - Markt-XXL","isPartOf":{"@id":"https:\/\/marktxxl.de\/markt\/#website"},"primaryImageOfPage":{"@id":"https:\/\/marktxxl.de\/markt\/produkt\/muocobu-koffein-augenserum-20ml-augencreme-gegen-augenringe-und-schwellungen-augenpflege-anti-aging-augenserum\/#primaryimage"},"image":{"@id":"https:\/\/marktxxl.de\/markt\/produkt\/muocobu-koffein-augenserum-20ml-augencreme-gegen-augenringe-und-schwellungen-augenpflege-anti-aging-augenserum\/#primaryimage"},"thumbnailUrl":"https:\/\/m.media-amazon.com\/images\/I\/41Ei-Iwvz7L._SL500_.jpg","datePublished":"2024-07-28T05:28:59+00:00","description":"Markt-XXL MUOCOBU Koffein Augenserum, 20ML Augencreme Gegen Augenringe und Schwellungen, Augenpflege, Anti-Aging-Augenserum","breadcrumb":{"@id":"https:\/\/marktxxl.de\/markt\/produkt\/muocobu-koffein-augenserum-20ml-augencreme-gegen-augenringe-und-schwellungen-augenpflege-anti-aging-augenserum\/#breadcrumb"},"inLanguage":"de","potentialAction":[{"@type":"ReadAction","target":["https:\/\/marktxxl.de\/markt\/produkt\/muocobu-koffein-augenserum-20ml-augencreme-gegen-augenringe-und-schwellungen-augenpflege-anti-aging-augenserum\/"]}]},{"@type":"ImageObject","inLanguage":"de","@id":"https:\/\/marktxxl.de\/markt\/produkt\/muocobu-koffein-augenserum-20ml-augencreme-gegen-augenringe-und-schwellungen-augenpflege-anti-aging-augenserum\/#primaryimage","url":"https:\/\/m.media-amazon.com\/images\/I\/41Ei-Iwvz7L._SL500_.jpg","contentUrl":"https:\/\/m.media-amazon.com\/images\/I\/41Ei-Iwvz7L._SL500_.jpg","width":500,"height":500},{"@type":"BreadcrumbList","@id":"https:\/\/marktxxl.de\/markt\/produkt\/muocobu-koffein-augenserum-20ml-augencreme-gegen-augenringe-und-schwellungen-augenpflege-anti-aging-augenserum\/#breadcrumb","itemListElement":[{"@type":"ListItem","position":1,"name":"Startseite","item":"https:\/\/marktxxl.de\/markt\/"},{"@type":"ListItem","position":2,"name":"Markt","item":"https:\/\/marktxxl.de\/markt\/"},{"@type":"ListItem","position":3,"name":"MUOCOBU Koffein Augenserum, 20ML Augencreme Gegen Augenringe und Schwellungen, Augenpflege, Anti-Aging-Augenserum"}]},{"@type":"WebSite","@id":"https:\/\/marktxxl.de\/markt\/#website","url":"https:\/\/marktxxl.de\/markt\/","name":"Markt-XXL","description":"Ihr Markt Online","publisher":{"@id":"https:\/\/marktxxl.de\/markt\/#organization"},"potentialAction":[{"@type":"SearchAction","target":{"@type":"EntryPoint","urlTemplate":"https:\/\/marktxxl.de\/markt\/?s={search_term_string}"},"query-input":{"@type":"PropertyValueSpecification","valueRequired":true,"valueName":"search_term_string"}}],"inLanguage":"de"},{"@type":"Organization","@id":"https:\/\/marktxxl.de\/markt\/#organization","name":"Markt-XXL","url":"https:\/\/marktxxl.de\/markt\/","logo":{"@type":"ImageObject","inLanguage":"de","@id":"https:\/\/marktxxl.de\/markt\/#\/schema\/logo\/image\/","url":"https:\/\/marktxxl.de\/markt\/wp-content\/uploads\/sites\/3\/2020\/12\/logo.png","contentUrl":"https:\/\/marktxxl.de\/markt\/wp-content\/uploads\/sites\/3\/2020\/12\/logo.png","width":200,"height":70,"caption":"Markt-XXL"},"image":{"@id":"https:\/\/marktxxl.de\/markt\/#\/schema\/logo\/image\/"}}]}},"_links":{"self":[{"href":"https:\/\/marktxxl.de\/markt\/wp-json\/wp\/v2\/product\/217370","targetHints":{"allow":["GET"]}}],"collection":[{"href":"https:\/\/marktxxl.de\/markt\/wp-json\/wp\/v2\/product"}],"about":[{"href":"https:\/\/marktxxl.de\/markt\/wp-json\/wp\/v2\/types\/product"}],"replies":[{"embeddable":true,"href":"https:\/\/marktxxl.de\/markt\/wp-json\/wp\/v2\/comments?post=217370"}],"wp:featuredmedia":[{"embeddable":true,"href":"https:\/\/marktxxl.de\/markt\/wp-json\/wp\/v2\/media\/217371"}],"wp:attachment":[{"href":"https:\/\/marktxxl.de\/markt\/wp-json\/wp\/v2\/media?parent=217370"}],"wp:term":[{"taxonomy":"product_brand","embeddable":true,"href":"https:\/\/marktxxl.de\/markt\/wp-json\/wp\/v2\/product_brand?post=217370"},{"taxonomy":"product_cat","embeddable":true,"href":"https:\/\/marktxxl.de\/markt\/wp-json\/wp\/v2\/product_cat?post=217370"},{"taxonomy":"product_tag","embeddable":true,"href":"https:\/\/marktxxl.de\/markt\/wp-json\/wp\/v2\/product_tag?post=217370"}],"curies":[{"name":"wp","href":"https:\/\/api.w.org\/{rel}","templated":true}]}}