{"id":217292,"date":"2024-07-28T07:27:25","date_gmt":"2024-07-28T05:27:25","guid":{"rendered":"https:\/\/marktxxl.de\/markt\/produkt\/tobcharm-akne-creme-fuer-den-ruecken-anti-pickel-creme-am-gesaess-behandlung-von-akne-am-koerper-mit-azelainsaeure-100-ml-acne-creme-behandlung-von-pickel-creme-gegen-pickel-ruecken-akne-behandlu\/"},"modified":"2024-07-28T07:27:25","modified_gmt":"2024-07-28T05:27:25","slug":"tobcharm-akne-creme-fuer-den-ruecken-anti-pickel-creme-am-gesaess-behandlung-von-akne-am-koerper-mit-azelainsaeure-100-ml-acne-creme-behandlung-von-pickel-creme-gegen-pickel-ruecken-akne-behandlu","status":"publish","type":"product","link":"https:\/\/marktxxl.de\/markt\/produkt\/tobcharm-akne-creme-fuer-den-ruecken-anti-pickel-creme-am-gesaess-behandlung-von-akne-am-koerper-mit-azelainsaeure-100-ml-acne-creme-behandlung-von-pickel-creme-gegen-pickel-ruecken-akne-behandlu\/","title":{"rendered":"Tobcharm Akne Creme f\u00fcr den R\u00fccken, Anti Pickel Creme am Ges\u00e4\u00df, Behandlung von Akne am K\u00f6rper mit Azelains\u00e4ure 100 ml, Acne Creme Behandlung von Pickel, Creme gegen Pickel, R\u00fccken-Akne-Behandlung"},"content":{"rendered":"<p>Ganzk\u00f6rper-Akne behandlung \u2013 Diese Anti Pickel Creme kann mehr als nur Akne am R\u00fccken und Ges\u00e4\u00df beseitigen. Sie kann auch bei Akne an anderen K\u00f6rperstellen verwendet werden, wie zum Beispiel an den Innenseiten der Oberschenkel, am Kinn, an den Armen und eignet sich sogar zur Behandlung von Akne im Gesicht.<br \/>\nVerhindert Ausbr\u00fcche von Akne \u2013 Unsere Akne-Reinigungscreme tr\u00e4gt nicht nur dazu bei, bestehende Akne-Ausbr\u00fcche zu lindern, sondern kann auch zur Vorbeugung von neue Pickel, Mitesser und zystischer Akne eingesetzt werden.<br \/>\nSchnelle &amp; parf\u00fcmfreie Hilfe \u2013 Die Formel dieser Ges\u00e4\u00df-Aknebehandlungscreme mit Teebaum\u00f6l und Azelains\u00e4ure zieht schnell in die Haut ein und hinterl\u00e4sst keine R\u00fcckst\u00e4nde, sodass sie w\u00e4hrend der Arbeit oder dem Training anwendbar ist.<br \/>\nFeuchtigkeitsspendend \u2013 Neben der Bek\u00e4mpfung von Akne am K\u00f6rper hilft unsere beruhigende Aknebehandlung auch dabei, die Haut zu reparieren, zu n\u00e4hren und mit Feuchtigkeit zu versorgen, sodass Akne weicher und geschmeidiger werden.<br \/>\nHypoallergen &amp; hautvertr\u00e4glich \u2013 Wir verwenden hochwertige Inhaltsstoffe in unserer fortschrittlichen Creme zur Aknebehandlung bei Ges\u00e4\u00df- und R\u00fcckenmalen, um sie bei empfindlicher Haut sicher zu machen und alle Behandlungen von Akne zu unterst\u00fctzen.<br \/>\n<div class=\"main-cross-sell\" data-asin=\"B0BRT5D3L4\">\n\n\t<div class=\"WooZone-cross-sell-loader\">\n\t\t<div>\n\t\t\t<div id=\"floatingBarsG\">\n\t\t\t\t<div class=\"blockG\" id=\"rotateG_01\"><\/div>\n\t\t\t\t<div class=\"blockG\" id=\"rotateG_02\"><\/div>\n\t\t\t\t<div class=\"blockG\" id=\"rotateG_03\"><\/div>\n\t\t\t\t<div class=\"blockG\" id=\"rotateG_04\"><\/div>\n\t\t\t\t<div class=\"blockG\" id=\"rotateG_05\"><\/div>\n\t\t\t\t<div class=\"blockG\" id=\"rotateG_06\"><\/div>\n\t\t\t\t<div class=\"blockG\" id=\"rotateG_07\"><\/div>\n\t\t\t\t<div class=\"blockG\" id=\"rotateG_08\"><\/div>\n\t\t\t<\/div>\n\t\t\t<div class=\"WooZone-cross-sell-loader-text\"><\/div>\n\t\t<\/div>\n\t<\/div>\n\n\t\t\n<\/div>\n<div style=\"clear:both;\"><\/div><\/p>\n","protected":false},"excerpt":{"rendered":"<p>Ganzk\u00f6rper-Akne behandlung \u2013 Diese Anti Pickel Creme kann mehr als nur Akne am R\u00fccken und Ges\u00e4\u00df beseitigen. Sie kann auch bei Akne an anderen K\u00f6rperstellen verwendet werden, wie zum Beispiel an den Innenseiten der Oberschenkel, am Kinn, an den Armen und eignet sich sogar zur Behandlung von Akne im Gesicht.<br \/>\nVerhindert Ausbr\u00fcche von Akne \u2013 Unsere Akne-Reinigungscreme tr\u00e4gt nicht nur dazu bei, bestehende Akne-Ausbr\u00fcche zu lindern, sondern kann auch zur Vorbeugung von neue Pickel, Mitesser und zystischer Akne eingesetzt werden.<br \/>\nSchnelle &amp; parf\u00fcmfreie Hilfe \u2013 Die Formel dieser Ges\u00e4\u00df-Aknebehandlungscreme mit Teebaum\u00f6l und Azelains\u00e4ure zieht schnell in die Haut ein und hinterl\u00e4sst keine R\u00fcckst\u00e4nde, sodass sie w\u00e4hrend der Arbeit oder dem Training anwendbar ist.<\/p>\n","protected":false},"featured_media":217293,"comment_status":"open","ping_status":"closed","template":"","meta":[],"product_brand":[],"product_cat":[2858],"product_tag":[],"class_list":{"0":"post-217292","1":"product","2":"type-product","3":"status-publish","4":"has-post-thumbnail","6":"product_cat-beauty","7":"pa_brand-tobcharm","8":"pa_color-white","9":"pa_manufacturer-tobcharm","11":"first","12":"instock","13":"shipping-taxable","14":"purchasable","15":"product-type-simple","16":"customify-col","17":"product-has-gallery"},"yoast_head":"<!-- This site is optimized with the Yoast SEO plugin v27.4 - https:\/\/yoast.com\/product\/yoast-seo-wordpress\/ -->\n<title>Tobcharm Akne Creme f\u00fcr den R\u00fccken, Anti Pickel Creme am Ges\u00e4\u00df, Behandlung von Akne am K\u00f6rper mit Azelains\u00e4ure 100 ml, Acne Creme Behandlung von Pickel, Creme gegen Pickel, R\u00fccken-Akne-Behandlung - Markt-XXL<\/title>\n<meta name=\"description\" content=\"Markt-XXL Tobcharm Akne Creme f\u00fcr den R\u00fccken, Anti Pickel Creme am Ges\u00e4\u00df, Behandlung von Akne am K\u00f6rper mit Azelains\u00e4ure 100 ml, Acne Creme Behandlung von Pickel, Creme gegen Pickel, R\u00fccken-Akne-Behandlung\" \/>\n<meta name=\"robots\" content=\"index, follow, max-snippet:-1, max-image-preview:large, max-video-preview:-1\" \/>\n<link rel=\"canonical\" href=\"https:\/\/marktxxl.de\/markt\/produkt\/tobcharm-akne-creme-fuer-den-ruecken-anti-pickel-creme-am-gesaess-behandlung-von-akne-am-koerper-mit-azelainsaeure-100-ml-acne-creme-behandlung-von-pickel-creme-gegen-pickel-ruecken-akne-behandlu\/\" \/>\n<meta property=\"og:locale\" content=\"de_DE\" \/>\n<meta property=\"og:type\" content=\"article\" \/>\n<meta property=\"og:title\" content=\"Tobcharm Akne Creme f\u00fcr den R\u00fccken, Anti Pickel Creme am Ges\u00e4\u00df, Behandlung von Akne am K\u00f6rper mit Azelains\u00e4ure 100 ml, Acne Creme Behandlung von Pickel, Creme gegen Pickel, R\u00fccken-Akne-Behandlung - Markt-XXL\" \/>\n<meta property=\"og:description\" content=\"Markt-XXL Tobcharm Akne Creme f\u00fcr den R\u00fccken, Anti Pickel Creme am Ges\u00e4\u00df, Behandlung von Akne am K\u00f6rper mit Azelains\u00e4ure 100 ml, Acne Creme Behandlung von Pickel, Creme gegen Pickel, R\u00fccken-Akne-Behandlung\" \/>\n<meta property=\"og:url\" content=\"https:\/\/marktxxl.de\/markt\/produkt\/tobcharm-akne-creme-fuer-den-ruecken-anti-pickel-creme-am-gesaess-behandlung-von-akne-am-koerper-mit-azelainsaeure-100-ml-acne-creme-behandlung-von-pickel-creme-gegen-pickel-ruecken-akne-behandlu\/\" \/>\n<meta property=\"og:site_name\" content=\"Markt-XXL\" \/>\n<meta name=\"twitter:card\" content=\"summary_large_image\" \/>\n<meta name=\"twitter:label1\" content=\"Gesch\u00e4tzte Lesezeit\" \/>\n\t<meta name=\"twitter:data1\" content=\"1\u00a0Minute\" \/>\n<script type=\"application\/ld+json\" class=\"yoast-schema-graph\">{\"@context\":\"https:\\\/\\\/schema.org\",\"@graph\":[{\"@type\":\"WebPage\",\"@id\":\"https:\\\/\\\/marktxxl.de\\\/markt\\\/produkt\\\/tobcharm-akne-creme-fuer-den-ruecken-anti-pickel-creme-am-gesaess-behandlung-von-akne-am-koerper-mit-azelainsaeure-100-ml-acne-creme-behandlung-von-pickel-creme-gegen-pickel-ruecken-akne-behandlu\\\/\",\"url\":\"https:\\\/\\\/marktxxl.de\\\/markt\\\/produkt\\\/tobcharm-akne-creme-fuer-den-ruecken-anti-pickel-creme-am-gesaess-behandlung-von-akne-am-koerper-mit-azelainsaeure-100-ml-acne-creme-behandlung-von-pickel-creme-gegen-pickel-ruecken-akne-behandlu\\\/\",\"name\":\"Tobcharm Akne Creme f\u00fcr den R\u00fccken, Anti Pickel Creme am Ges\u00e4\u00df, Behandlung von Akne am K\u00f6rper mit Azelains\u00e4ure 100 ml, Acne Creme Behandlung von Pickel, Creme gegen Pickel, R\u00fccken-Akne-Behandlung - Markt-XXL\",\"isPartOf\":{\"@id\":\"https:\\\/\\\/marktxxl.de\\\/markt\\\/#website\"},\"primaryImageOfPage\":{\"@id\":\"https:\\\/\\\/marktxxl.de\\\/markt\\\/produkt\\\/tobcharm-akne-creme-fuer-den-ruecken-anti-pickel-creme-am-gesaess-behandlung-von-akne-am-koerper-mit-azelainsaeure-100-ml-acne-creme-behandlung-von-pickel-creme-gegen-pickel-ruecken-akne-behandlu\\\/#primaryimage\"},\"image\":{\"@id\":\"https:\\\/\\\/marktxxl.de\\\/markt\\\/produkt\\\/tobcharm-akne-creme-fuer-den-ruecken-anti-pickel-creme-am-gesaess-behandlung-von-akne-am-koerper-mit-azelainsaeure-100-ml-acne-creme-behandlung-von-pickel-creme-gegen-pickel-ruecken-akne-behandlu\\\/#primaryimage\"},\"thumbnailUrl\":\"https:\\\/\\\/m.media-amazon.com\\\/images\\\/I\\\/41IvAYpekqL._SL500_.jpg\",\"datePublished\":\"2024-07-28T05:27:25+00:00\",\"description\":\"Markt-XXL Tobcharm Akne Creme f\u00fcr den R\u00fccken, Anti Pickel Creme am Ges\u00e4\u00df, Behandlung von Akne am K\u00f6rper mit Azelains\u00e4ure 100 ml, Acne Creme Behandlung von Pickel, Creme gegen Pickel, R\u00fccken-Akne-Behandlung\",\"breadcrumb\":{\"@id\":\"https:\\\/\\\/marktxxl.de\\\/markt\\\/produkt\\\/tobcharm-akne-creme-fuer-den-ruecken-anti-pickel-creme-am-gesaess-behandlung-von-akne-am-koerper-mit-azelainsaeure-100-ml-acne-creme-behandlung-von-pickel-creme-gegen-pickel-ruecken-akne-behandlu\\\/#breadcrumb\"},\"inLanguage\":\"de\",\"potentialAction\":[{\"@type\":\"ReadAction\",\"target\":[\"https:\\\/\\\/marktxxl.de\\\/markt\\\/produkt\\\/tobcharm-akne-creme-fuer-den-ruecken-anti-pickel-creme-am-gesaess-behandlung-von-akne-am-koerper-mit-azelainsaeure-100-ml-acne-creme-behandlung-von-pickel-creme-gegen-pickel-ruecken-akne-behandlu\\\/\"]}]},{\"@type\":\"ImageObject\",\"inLanguage\":\"de\",\"@id\":\"https:\\\/\\\/marktxxl.de\\\/markt\\\/produkt\\\/tobcharm-akne-creme-fuer-den-ruecken-anti-pickel-creme-am-gesaess-behandlung-von-akne-am-koerper-mit-azelainsaeure-100-ml-acne-creme-behandlung-von-pickel-creme-gegen-pickel-ruecken-akne-behandlu\\\/#primaryimage\",\"url\":\"https:\\\/\\\/m.media-amazon.com\\\/images\\\/I\\\/41IvAYpekqL._SL500_.jpg\",\"contentUrl\":\"https:\\\/\\\/m.media-amazon.com\\\/images\\\/I\\\/41IvAYpekqL._SL500_.jpg\",\"width\":500,\"height\":500},{\"@type\":\"BreadcrumbList\",\"@id\":\"https:\\\/\\\/marktxxl.de\\\/markt\\\/produkt\\\/tobcharm-akne-creme-fuer-den-ruecken-anti-pickel-creme-am-gesaess-behandlung-von-akne-am-koerper-mit-azelainsaeure-100-ml-acne-creme-behandlung-von-pickel-creme-gegen-pickel-ruecken-akne-behandlu\\\/#breadcrumb\",\"itemListElement\":[{\"@type\":\"ListItem\",\"position\":1,\"name\":\"Startseite\",\"item\":\"https:\\\/\\\/marktxxl.de\\\/markt\\\/\"},{\"@type\":\"ListItem\",\"position\":2,\"name\":\"Markt\",\"item\":\"https:\\\/\\\/marktxxl.de\\\/markt\\\/\"},{\"@type\":\"ListItem\",\"position\":3,\"name\":\"Tobcharm Akne Creme f\u00fcr den R\u00fccken, Anti Pickel Creme am Ges\u00e4\u00df, Behandlung von Akne am K\u00f6rper mit Azelains\u00e4ure 100 ml, Acne Creme Behandlung von Pickel, Creme gegen Pickel, R\u00fccken-Akne-Behandlung\"}]},{\"@type\":\"WebSite\",\"@id\":\"https:\\\/\\\/marktxxl.de\\\/markt\\\/#website\",\"url\":\"https:\\\/\\\/marktxxl.de\\\/markt\\\/\",\"name\":\"Markt-XXL\",\"description\":\"Ihr Markt Online\",\"publisher\":{\"@id\":\"https:\\\/\\\/marktxxl.de\\\/markt\\\/#organization\"},\"potentialAction\":[{\"@type\":\"SearchAction\",\"target\":{\"@type\":\"EntryPoint\",\"urlTemplate\":\"https:\\\/\\\/marktxxl.de\\\/markt\\\/?s={search_term_string}\"},\"query-input\":{\"@type\":\"PropertyValueSpecification\",\"valueRequired\":true,\"valueName\":\"search_term_string\"}}],\"inLanguage\":\"de\"},{\"@type\":\"Organization\",\"@id\":\"https:\\\/\\\/marktxxl.de\\\/markt\\\/#organization\",\"name\":\"Markt-XXL\",\"url\":\"https:\\\/\\\/marktxxl.de\\\/markt\\\/\",\"logo\":{\"@type\":\"ImageObject\",\"inLanguage\":\"de\",\"@id\":\"https:\\\/\\\/marktxxl.de\\\/markt\\\/#\\\/schema\\\/logo\\\/image\\\/\",\"url\":\"https:\\\/\\\/marktxxl.de\\\/markt\\\/wp-content\\\/uploads\\\/sites\\\/3\\\/2020\\\/12\\\/logo.png\",\"contentUrl\":\"https:\\\/\\\/marktxxl.de\\\/markt\\\/wp-content\\\/uploads\\\/sites\\\/3\\\/2020\\\/12\\\/logo.png\",\"width\":200,\"height\":70,\"caption\":\"Markt-XXL\"},\"image\":{\"@id\":\"https:\\\/\\\/marktxxl.de\\\/markt\\\/#\\\/schema\\\/logo\\\/image\\\/\"}}]}<\/script>\n<!-- \/ Yoast SEO plugin. -->","yoast_head_json":{"title":"Tobcharm Akne Creme f\u00fcr den R\u00fccken, Anti Pickel Creme am Ges\u00e4\u00df, Behandlung von Akne am K\u00f6rper mit Azelains\u00e4ure 100 ml, Acne Creme Behandlung von Pickel, Creme gegen Pickel, R\u00fccken-Akne-Behandlung - Markt-XXL","description":"Markt-XXL Tobcharm Akne Creme f\u00fcr den R\u00fccken, Anti Pickel Creme am Ges\u00e4\u00df, Behandlung von Akne am K\u00f6rper mit Azelains\u00e4ure 100 ml, Acne Creme Behandlung von Pickel, Creme gegen Pickel, R\u00fccken-Akne-Behandlung","robots":{"index":"index","follow":"follow","max-snippet":"max-snippet:-1","max-image-preview":"max-image-preview:large","max-video-preview":"max-video-preview:-1"},"canonical":"https:\/\/marktxxl.de\/markt\/produkt\/tobcharm-akne-creme-fuer-den-ruecken-anti-pickel-creme-am-gesaess-behandlung-von-akne-am-koerper-mit-azelainsaeure-100-ml-acne-creme-behandlung-von-pickel-creme-gegen-pickel-ruecken-akne-behandlu\/","og_locale":"de_DE","og_type":"article","og_title":"Tobcharm Akne Creme f\u00fcr den R\u00fccken, Anti Pickel Creme am Ges\u00e4\u00df, Behandlung von Akne am K\u00f6rper mit Azelains\u00e4ure 100 ml, Acne Creme Behandlung von Pickel, Creme gegen Pickel, R\u00fccken-Akne-Behandlung - Markt-XXL","og_description":"Markt-XXL Tobcharm Akne Creme f\u00fcr den R\u00fccken, Anti Pickel Creme am Ges\u00e4\u00df, Behandlung von Akne am K\u00f6rper mit Azelains\u00e4ure 100 ml, Acne Creme Behandlung von Pickel, Creme gegen Pickel, R\u00fccken-Akne-Behandlung","og_url":"https:\/\/marktxxl.de\/markt\/produkt\/tobcharm-akne-creme-fuer-den-ruecken-anti-pickel-creme-am-gesaess-behandlung-von-akne-am-koerper-mit-azelainsaeure-100-ml-acne-creme-behandlung-von-pickel-creme-gegen-pickel-ruecken-akne-behandlu\/","og_site_name":"Markt-XXL","twitter_card":"summary_large_image","twitter_misc":{"Gesch\u00e4tzte Lesezeit":"1\u00a0Minute"},"schema":{"@context":"https:\/\/schema.org","@graph":[{"@type":"WebPage","@id":"https:\/\/marktxxl.de\/markt\/produkt\/tobcharm-akne-creme-fuer-den-ruecken-anti-pickel-creme-am-gesaess-behandlung-von-akne-am-koerper-mit-azelainsaeure-100-ml-acne-creme-behandlung-von-pickel-creme-gegen-pickel-ruecken-akne-behandlu\/","url":"https:\/\/marktxxl.de\/markt\/produkt\/tobcharm-akne-creme-fuer-den-ruecken-anti-pickel-creme-am-gesaess-behandlung-von-akne-am-koerper-mit-azelainsaeure-100-ml-acne-creme-behandlung-von-pickel-creme-gegen-pickel-ruecken-akne-behandlu\/","name":"Tobcharm Akne Creme f\u00fcr den R\u00fccken, Anti Pickel Creme am Ges\u00e4\u00df, Behandlung von Akne am K\u00f6rper mit Azelains\u00e4ure 100 ml, Acne Creme Behandlung von Pickel, Creme gegen Pickel, R\u00fccken-Akne-Behandlung - Markt-XXL","isPartOf":{"@id":"https:\/\/marktxxl.de\/markt\/#website"},"primaryImageOfPage":{"@id":"https:\/\/marktxxl.de\/markt\/produkt\/tobcharm-akne-creme-fuer-den-ruecken-anti-pickel-creme-am-gesaess-behandlung-von-akne-am-koerper-mit-azelainsaeure-100-ml-acne-creme-behandlung-von-pickel-creme-gegen-pickel-ruecken-akne-behandlu\/#primaryimage"},"image":{"@id":"https:\/\/marktxxl.de\/markt\/produkt\/tobcharm-akne-creme-fuer-den-ruecken-anti-pickel-creme-am-gesaess-behandlung-von-akne-am-koerper-mit-azelainsaeure-100-ml-acne-creme-behandlung-von-pickel-creme-gegen-pickel-ruecken-akne-behandlu\/#primaryimage"},"thumbnailUrl":"https:\/\/m.media-amazon.com\/images\/I\/41IvAYpekqL._SL500_.jpg","datePublished":"2024-07-28T05:27:25+00:00","description":"Markt-XXL Tobcharm Akne Creme f\u00fcr den R\u00fccken, Anti Pickel Creme am Ges\u00e4\u00df, Behandlung von Akne am K\u00f6rper mit Azelains\u00e4ure 100 ml, Acne Creme Behandlung von Pickel, Creme gegen Pickel, R\u00fccken-Akne-Behandlung","breadcrumb":{"@id":"https:\/\/marktxxl.de\/markt\/produkt\/tobcharm-akne-creme-fuer-den-ruecken-anti-pickel-creme-am-gesaess-behandlung-von-akne-am-koerper-mit-azelainsaeure-100-ml-acne-creme-behandlung-von-pickel-creme-gegen-pickel-ruecken-akne-behandlu\/#breadcrumb"},"inLanguage":"de","potentialAction":[{"@type":"ReadAction","target":["https:\/\/marktxxl.de\/markt\/produkt\/tobcharm-akne-creme-fuer-den-ruecken-anti-pickel-creme-am-gesaess-behandlung-von-akne-am-koerper-mit-azelainsaeure-100-ml-acne-creme-behandlung-von-pickel-creme-gegen-pickel-ruecken-akne-behandlu\/"]}]},{"@type":"ImageObject","inLanguage":"de","@id":"https:\/\/marktxxl.de\/markt\/produkt\/tobcharm-akne-creme-fuer-den-ruecken-anti-pickel-creme-am-gesaess-behandlung-von-akne-am-koerper-mit-azelainsaeure-100-ml-acne-creme-behandlung-von-pickel-creme-gegen-pickel-ruecken-akne-behandlu\/#primaryimage","url":"https:\/\/m.media-amazon.com\/images\/I\/41IvAYpekqL._SL500_.jpg","contentUrl":"https:\/\/m.media-amazon.com\/images\/I\/41IvAYpekqL._SL500_.jpg","width":500,"height":500},{"@type":"BreadcrumbList","@id":"https:\/\/marktxxl.de\/markt\/produkt\/tobcharm-akne-creme-fuer-den-ruecken-anti-pickel-creme-am-gesaess-behandlung-von-akne-am-koerper-mit-azelainsaeure-100-ml-acne-creme-behandlung-von-pickel-creme-gegen-pickel-ruecken-akne-behandlu\/#breadcrumb","itemListElement":[{"@type":"ListItem","position":1,"name":"Startseite","item":"https:\/\/marktxxl.de\/markt\/"},{"@type":"ListItem","position":2,"name":"Markt","item":"https:\/\/marktxxl.de\/markt\/"},{"@type":"ListItem","position":3,"name":"Tobcharm Akne Creme f\u00fcr den R\u00fccken, Anti Pickel Creme am Ges\u00e4\u00df, Behandlung von Akne am K\u00f6rper mit Azelains\u00e4ure 100 ml, Acne Creme Behandlung von Pickel, Creme gegen Pickel, R\u00fccken-Akne-Behandlung"}]},{"@type":"WebSite","@id":"https:\/\/marktxxl.de\/markt\/#website","url":"https:\/\/marktxxl.de\/markt\/","name":"Markt-XXL","description":"Ihr Markt Online","publisher":{"@id":"https:\/\/marktxxl.de\/markt\/#organization"},"potentialAction":[{"@type":"SearchAction","target":{"@type":"EntryPoint","urlTemplate":"https:\/\/marktxxl.de\/markt\/?s={search_term_string}"},"query-input":{"@type":"PropertyValueSpecification","valueRequired":true,"valueName":"search_term_string"}}],"inLanguage":"de"},{"@type":"Organization","@id":"https:\/\/marktxxl.de\/markt\/#organization","name":"Markt-XXL","url":"https:\/\/marktxxl.de\/markt\/","logo":{"@type":"ImageObject","inLanguage":"de","@id":"https:\/\/marktxxl.de\/markt\/#\/schema\/logo\/image\/","url":"https:\/\/marktxxl.de\/markt\/wp-content\/uploads\/sites\/3\/2020\/12\/logo.png","contentUrl":"https:\/\/marktxxl.de\/markt\/wp-content\/uploads\/sites\/3\/2020\/12\/logo.png","width":200,"height":70,"caption":"Markt-XXL"},"image":{"@id":"https:\/\/marktxxl.de\/markt\/#\/schema\/logo\/image\/"}}]}},"_links":{"self":[{"href":"https:\/\/marktxxl.de\/markt\/wp-json\/wp\/v2\/product\/217292","targetHints":{"allow":["GET"]}}],"collection":[{"href":"https:\/\/marktxxl.de\/markt\/wp-json\/wp\/v2\/product"}],"about":[{"href":"https:\/\/marktxxl.de\/markt\/wp-json\/wp\/v2\/types\/product"}],"replies":[{"embeddable":true,"href":"https:\/\/marktxxl.de\/markt\/wp-json\/wp\/v2\/comments?post=217292"}],"wp:featuredmedia":[{"embeddable":true,"href":"https:\/\/marktxxl.de\/markt\/wp-json\/wp\/v2\/media\/217293"}],"wp:attachment":[{"href":"https:\/\/marktxxl.de\/markt\/wp-json\/wp\/v2\/media?parent=217292"}],"wp:term":[{"taxonomy":"product_brand","embeddable":true,"href":"https:\/\/marktxxl.de\/markt\/wp-json\/wp\/v2\/product_brand?post=217292"},{"taxonomy":"product_cat","embeddable":true,"href":"https:\/\/marktxxl.de\/markt\/wp-json\/wp\/v2\/product_cat?post=217292"},{"taxonomy":"product_tag","embeddable":true,"href":"https:\/\/marktxxl.de\/markt\/wp-json\/wp\/v2\/product_tag?post=217292"}],"curies":[{"name":"wp","href":"https:\/\/api.w.org\/{rel}","templated":true}]}}