{"id":217248,"date":"2024-07-28T07:22:51","date_gmt":"2024-07-28T05:22:51","guid":{"rendered":"https:\/\/marktxxl.de\/markt\/produkt\/yara-rose\/"},"modified":"2024-07-28T07:22:51","modified_gmt":"2024-07-28T05:22:51","slug":"yara-rose","status":"publish","type":"product","link":"https:\/\/marktxxl.de\/markt\/produkt\/yara-rose\/","title":{"rendered":"YARA ROSE"},"content":{"rendered":"<p>Yara ist ein exquisites High-End-arabisches Parf\u00fcm, weckt Ihre gewagten Sinne unter tropischen Aromen, eleganten aphrodisierenden Noten, und im Laufe der Minuten werden Sie helle s\u00fc\u00dfe und warme T\u00f6ne mit einem frischen pulverf\u00f6rmigen Siegel sp\u00fcren. Oberteil: Heliotrop, Orchidee, Mandarine. Mittel: Gourmand Akkord, tropische Fr\u00fcchte. Basis: Vanille, Sandelholz, Moschus<br \/>\nYara Moi, genannt Yara White, ist eine der neuesten Nachrichten des Jahres 2022 der neuesten Lattafa-Parfums. Ein bernsteinfarbener Duft, der Noten von Jasmin und Pfirsich enth\u00fcllt, gemischt mit Karamell auf Sandelholzbasis. Oberseite: Jasmin, Pfirsich. Mittel: Bernstein, Karamell. Basis: Sandelholz, Patschuli<br \/>\nYara Parf\u00fcm-Spray-200 ml \u2013 Yara Parfums sind ein wirklich exklusives Parf\u00fcmspray, das zu allen Gelegenheiten passt und sehr lang anhaltenden Duft bietet. Der Duft beider Parfums ist wirklich einzigartig und magisch. Kopfnote: Orange, Mandarine. Herznote: Blume, Rose. Basisnote: Jasmin, frisch, blumig. Riechsignatur: Orange, Mandarine, Jasmin, Blume, Rose<br \/>\n<div class=\"main-cross-sell\" data-asin=\"B09C8VNWBP\">\n\n\t<div class=\"WooZone-cross-sell-loader\">\n\t\t<div>\n\t\t\t<div id=\"floatingBarsG\">\n\t\t\t\t<div class=\"blockG\" id=\"rotateG_01\"><\/div>\n\t\t\t\t<div class=\"blockG\" id=\"rotateG_02\"><\/div>\n\t\t\t\t<div class=\"blockG\" id=\"rotateG_03\"><\/div>\n\t\t\t\t<div class=\"blockG\" id=\"rotateG_04\"><\/div>\n\t\t\t\t<div class=\"blockG\" id=\"rotateG_05\"><\/div>\n\t\t\t\t<div class=\"blockG\" id=\"rotateG_06\"><\/div>\n\t\t\t\t<div class=\"blockG\" id=\"rotateG_07\"><\/div>\n\t\t\t\t<div class=\"blockG\" id=\"rotateG_08\"><\/div>\n\t\t\t<\/div>\n\t\t\t<div class=\"WooZone-cross-sell-loader-text\"><\/div>\n\t\t<\/div>\n\t<\/div>\n\n\t\t\n<\/div>\n<div style=\"clear:both;\"><\/div><\/p>\n","protected":false},"excerpt":{"rendered":"<p>Yara ist ein exquisites High-End-arabisches Parf\u00fcm, weckt Ihre gewagten Sinne unter tropischen Aromen, eleganten aphrodisierenden Noten, und im Laufe der Minuten werden Sie helle s\u00fc\u00dfe und warme T\u00f6ne mit einem frischen pulverf\u00f6rmigen Siegel sp\u00fcren. Oberteil: Heliotrop, Orchidee, Mandarine. Mittel: Gourmand Akkord, tropische Fr\u00fcchte. Basis: Vanille, Sandelholz, Moschus<br \/>\nYara Moi, genannt Yara White, ist eine der neuesten Nachrichten des Jahres 2022 der neuesten Lattafa-Parfums. Ein bernsteinfarbener Duft, der Noten von Jasmin und Pfirsich enth\u00fcllt, gemischt mit Karamell auf Sandelholzbasis. Oberseite: Jasmin, Pfirsich. Mittel: Bernstein, Karamell. Basis: Sandelholz, Patschuli<br \/>\nYara Parf\u00fcm-Spray-200 ml \u2013 Yara Parfums sind ein wirklich exklusives Parf\u00fcmspray, das zu allen Gelegenheiten passt und sehr lang anhaltenden Duft bietet. Der Duft beider Parfums ist wirklich einzigartig und magisch. Kopfnote: Orange, Mandarine. Herznote: Blume, Rose. Basisnote: Jasmin, frisch, blumig. Riechsignatur: Orange, Mandarine, Jasmin, Blume, Rose<\/p>\n","protected":false},"featured_media":217249,"comment_status":"open","ping_status":"closed","template":"","meta":[],"product_brand":[],"product_cat":[84],"product_tag":[],"class_list":{"0":"post-217248","1":"product","2":"type-product","3":"status-publish","4":"has-post-thumbnail","6":"product_cat-buecher","7":"pa_binding-badartikel","8":"pa_brand-lattafa","9":"pa_height-5-94-zoll","10":"pa_languages-veroeffentlicht-franzoesisch-originalsprache-franzoesisch-unbekannt-franzoesisch","11":"pa_length-3-56-zoll","12":"pa_manufacturer-lattafa","13":"pa_model-yara-100-ml","14":"pa_size-100-ml-1er-pack","15":"pa_weight-0-2125-pounds","16":"pa_width-3-56-zoll","18":"first","19":"instock","20":"shipping-taxable","21":"purchasable","22":"product-type-simple","23":"customify-col","24":"product-has-gallery"},"yoast_head":"<!-- This site is optimized with the Yoast SEO plugin v27.3 - https:\/\/yoast.com\/product\/yoast-seo-wordpress\/ -->\n<title>YARA ROSE - Markt-XXL<\/title>\n<meta name=\"description\" content=\"Markt-XXL YARA ROSE\" \/>\n<meta name=\"robots\" content=\"index, follow, max-snippet:-1, max-image-preview:large, max-video-preview:-1\" \/>\n<link rel=\"canonical\" href=\"https:\/\/marktxxl.de\/markt\/produkt\/yara-rose\/\" \/>\n<meta property=\"og:locale\" content=\"de_DE\" \/>\n<meta property=\"og:type\" content=\"article\" \/>\n<meta property=\"og:title\" content=\"YARA ROSE - Markt-XXL\" \/>\n<meta property=\"og:description\" content=\"Markt-XXL YARA ROSE\" \/>\n<meta property=\"og:url\" content=\"https:\/\/marktxxl.de\/markt\/produkt\/yara-rose\/\" \/>\n<meta property=\"og:site_name\" content=\"Markt-XXL\" \/>\n<meta name=\"twitter:card\" content=\"summary_large_image\" \/>\n<meta name=\"twitter:label1\" content=\"Gesch\u00e4tzte Lesezeit\" \/>\n\t<meta name=\"twitter:data1\" content=\"1\u00a0Minute\" \/>\n<script type=\"application\/ld+json\" class=\"yoast-schema-graph\">{\"@context\":\"https:\\\/\\\/schema.org\",\"@graph\":[{\"@type\":\"WebPage\",\"@id\":\"https:\\\/\\\/marktxxl.de\\\/markt\\\/produkt\\\/yara-rose\\\/\",\"url\":\"https:\\\/\\\/marktxxl.de\\\/markt\\\/produkt\\\/yara-rose\\\/\",\"name\":\"YARA ROSE - Markt-XXL\",\"isPartOf\":{\"@id\":\"https:\\\/\\\/marktxxl.de\\\/markt\\\/#website\"},\"primaryImageOfPage\":{\"@id\":\"https:\\\/\\\/marktxxl.de\\\/markt\\\/produkt\\\/yara-rose\\\/#primaryimage\"},\"image\":{\"@id\":\"https:\\\/\\\/marktxxl.de\\\/markt\\\/produkt\\\/yara-rose\\\/#primaryimage\"},\"thumbnailUrl\":\"https:\\\/\\\/m.media-amazon.com\\\/images\\\/I\\\/31ObnTRpJ5L._SL500_.jpg\",\"datePublished\":\"2024-07-28T05:22:51+00:00\",\"description\":\"Markt-XXL YARA ROSE\",\"breadcrumb\":{\"@id\":\"https:\\\/\\\/marktxxl.de\\\/markt\\\/produkt\\\/yara-rose\\\/#breadcrumb\"},\"inLanguage\":\"de\",\"potentialAction\":[{\"@type\":\"ReadAction\",\"target\":[\"https:\\\/\\\/marktxxl.de\\\/markt\\\/produkt\\\/yara-rose\\\/\"]}]},{\"@type\":\"ImageObject\",\"inLanguage\":\"de\",\"@id\":\"https:\\\/\\\/marktxxl.de\\\/markt\\\/produkt\\\/yara-rose\\\/#primaryimage\",\"url\":\"https:\\\/\\\/m.media-amazon.com\\\/images\\\/I\\\/31ObnTRpJ5L._SL500_.jpg\",\"contentUrl\":\"https:\\\/\\\/m.media-amazon.com\\\/images\\\/I\\\/31ObnTRpJ5L._SL500_.jpg\",\"width\":500,\"height\":500},{\"@type\":\"BreadcrumbList\",\"@id\":\"https:\\\/\\\/marktxxl.de\\\/markt\\\/produkt\\\/yara-rose\\\/#breadcrumb\",\"itemListElement\":[{\"@type\":\"ListItem\",\"position\":1,\"name\":\"Startseite\",\"item\":\"https:\\\/\\\/marktxxl.de\\\/markt\\\/\"},{\"@type\":\"ListItem\",\"position\":2,\"name\":\"Markt\",\"item\":\"https:\\\/\\\/marktxxl.de\\\/markt\\\/\"},{\"@type\":\"ListItem\",\"position\":3,\"name\":\"YARA ROSE\"}]},{\"@type\":\"WebSite\",\"@id\":\"https:\\\/\\\/marktxxl.de\\\/markt\\\/#website\",\"url\":\"https:\\\/\\\/marktxxl.de\\\/markt\\\/\",\"name\":\"Markt-XXL\",\"description\":\"Ihr Markt Online\",\"publisher\":{\"@id\":\"https:\\\/\\\/marktxxl.de\\\/markt\\\/#organization\"},\"potentialAction\":[{\"@type\":\"SearchAction\",\"target\":{\"@type\":\"EntryPoint\",\"urlTemplate\":\"https:\\\/\\\/marktxxl.de\\\/markt\\\/?s={search_term_string}\"},\"query-input\":{\"@type\":\"PropertyValueSpecification\",\"valueRequired\":true,\"valueName\":\"search_term_string\"}}],\"inLanguage\":\"de\"},{\"@type\":\"Organization\",\"@id\":\"https:\\\/\\\/marktxxl.de\\\/markt\\\/#organization\",\"name\":\"Markt-XXL\",\"url\":\"https:\\\/\\\/marktxxl.de\\\/markt\\\/\",\"logo\":{\"@type\":\"ImageObject\",\"inLanguage\":\"de\",\"@id\":\"https:\\\/\\\/marktxxl.de\\\/markt\\\/#\\\/schema\\\/logo\\\/image\\\/\",\"url\":\"https:\\\/\\\/marktxxl.de\\\/markt\\\/wp-content\\\/uploads\\\/sites\\\/3\\\/2020\\\/12\\\/logo.png\",\"contentUrl\":\"https:\\\/\\\/marktxxl.de\\\/markt\\\/wp-content\\\/uploads\\\/sites\\\/3\\\/2020\\\/12\\\/logo.png\",\"width\":200,\"height\":70,\"caption\":\"Markt-XXL\"},\"image\":{\"@id\":\"https:\\\/\\\/marktxxl.de\\\/markt\\\/#\\\/schema\\\/logo\\\/image\\\/\"}}]}<\/script>\n<!-- \/ Yoast SEO plugin. -->","yoast_head_json":{"title":"YARA ROSE - Markt-XXL","description":"Markt-XXL YARA ROSE","robots":{"index":"index","follow":"follow","max-snippet":"max-snippet:-1","max-image-preview":"max-image-preview:large","max-video-preview":"max-video-preview:-1"},"canonical":"https:\/\/marktxxl.de\/markt\/produkt\/yara-rose\/","og_locale":"de_DE","og_type":"article","og_title":"YARA ROSE - Markt-XXL","og_description":"Markt-XXL YARA ROSE","og_url":"https:\/\/marktxxl.de\/markt\/produkt\/yara-rose\/","og_site_name":"Markt-XXL","twitter_card":"summary_large_image","twitter_misc":{"Gesch\u00e4tzte Lesezeit":"1\u00a0Minute"},"schema":{"@context":"https:\/\/schema.org","@graph":[{"@type":"WebPage","@id":"https:\/\/marktxxl.de\/markt\/produkt\/yara-rose\/","url":"https:\/\/marktxxl.de\/markt\/produkt\/yara-rose\/","name":"YARA ROSE - Markt-XXL","isPartOf":{"@id":"https:\/\/marktxxl.de\/markt\/#website"},"primaryImageOfPage":{"@id":"https:\/\/marktxxl.de\/markt\/produkt\/yara-rose\/#primaryimage"},"image":{"@id":"https:\/\/marktxxl.de\/markt\/produkt\/yara-rose\/#primaryimage"},"thumbnailUrl":"https:\/\/m.media-amazon.com\/images\/I\/31ObnTRpJ5L._SL500_.jpg","datePublished":"2024-07-28T05:22:51+00:00","description":"Markt-XXL YARA ROSE","breadcrumb":{"@id":"https:\/\/marktxxl.de\/markt\/produkt\/yara-rose\/#breadcrumb"},"inLanguage":"de","potentialAction":[{"@type":"ReadAction","target":["https:\/\/marktxxl.de\/markt\/produkt\/yara-rose\/"]}]},{"@type":"ImageObject","inLanguage":"de","@id":"https:\/\/marktxxl.de\/markt\/produkt\/yara-rose\/#primaryimage","url":"https:\/\/m.media-amazon.com\/images\/I\/31ObnTRpJ5L._SL500_.jpg","contentUrl":"https:\/\/m.media-amazon.com\/images\/I\/31ObnTRpJ5L._SL500_.jpg","width":500,"height":500},{"@type":"BreadcrumbList","@id":"https:\/\/marktxxl.de\/markt\/produkt\/yara-rose\/#breadcrumb","itemListElement":[{"@type":"ListItem","position":1,"name":"Startseite","item":"https:\/\/marktxxl.de\/markt\/"},{"@type":"ListItem","position":2,"name":"Markt","item":"https:\/\/marktxxl.de\/markt\/"},{"@type":"ListItem","position":3,"name":"YARA ROSE"}]},{"@type":"WebSite","@id":"https:\/\/marktxxl.de\/markt\/#website","url":"https:\/\/marktxxl.de\/markt\/","name":"Markt-XXL","description":"Ihr Markt Online","publisher":{"@id":"https:\/\/marktxxl.de\/markt\/#organization"},"potentialAction":[{"@type":"SearchAction","target":{"@type":"EntryPoint","urlTemplate":"https:\/\/marktxxl.de\/markt\/?s={search_term_string}"},"query-input":{"@type":"PropertyValueSpecification","valueRequired":true,"valueName":"search_term_string"}}],"inLanguage":"de"},{"@type":"Organization","@id":"https:\/\/marktxxl.de\/markt\/#organization","name":"Markt-XXL","url":"https:\/\/marktxxl.de\/markt\/","logo":{"@type":"ImageObject","inLanguage":"de","@id":"https:\/\/marktxxl.de\/markt\/#\/schema\/logo\/image\/","url":"https:\/\/marktxxl.de\/markt\/wp-content\/uploads\/sites\/3\/2020\/12\/logo.png","contentUrl":"https:\/\/marktxxl.de\/markt\/wp-content\/uploads\/sites\/3\/2020\/12\/logo.png","width":200,"height":70,"caption":"Markt-XXL"},"image":{"@id":"https:\/\/marktxxl.de\/markt\/#\/schema\/logo\/image\/"}}]}},"_links":{"self":[{"href":"https:\/\/marktxxl.de\/markt\/wp-json\/wp\/v2\/product\/217248","targetHints":{"allow":["GET"]}}],"collection":[{"href":"https:\/\/marktxxl.de\/markt\/wp-json\/wp\/v2\/product"}],"about":[{"href":"https:\/\/marktxxl.de\/markt\/wp-json\/wp\/v2\/types\/product"}],"replies":[{"embeddable":true,"href":"https:\/\/marktxxl.de\/markt\/wp-json\/wp\/v2\/comments?post=217248"}],"wp:featuredmedia":[{"embeddable":true,"href":"https:\/\/marktxxl.de\/markt\/wp-json\/wp\/v2\/media\/217249"}],"wp:attachment":[{"href":"https:\/\/marktxxl.de\/markt\/wp-json\/wp\/v2\/media?parent=217248"}],"wp:term":[{"taxonomy":"product_brand","embeddable":true,"href":"https:\/\/marktxxl.de\/markt\/wp-json\/wp\/v2\/product_brand?post=217248"},{"taxonomy":"product_cat","embeddable":true,"href":"https:\/\/marktxxl.de\/markt\/wp-json\/wp\/v2\/product_cat?post=217248"},{"taxonomy":"product_tag","embeddable":true,"href":"https:\/\/marktxxl.de\/markt\/wp-json\/wp\/v2\/product_tag?post=217248"}],"curies":[{"name":"wp","href":"https:\/\/api.w.org\/{rel}","templated":true}]}}