{"id":217147,"date":"2024-07-28T07:16:14","date_gmt":"2024-07-28T05:16:14","guid":{"rendered":"https:\/\/marktxxl.de\/markt\/produkt\/timbera-cable-for-gardena-robotic-mower-smart-sileno-city-250-500-600-1000-life-750-1000-1250-1500-minimo-250-500\/"},"modified":"2024-07-28T07:16:14","modified_gmt":"2024-07-28T05:16:14","slug":"timbera-cable-for-gardena-robotic-mower-smart-sileno-city-250-500-600-1000-life-750-1000-1250-1500-minimo-250-500","status":"publish","type":"product","link":"https:\/\/marktxxl.de\/markt\/produkt\/timbera-cable-for-gardena-robotic-mower-smart-sileno-city-250-500-600-1000-life-750-1000-1250-1500-minimo-250-500\/","title":{"rendered":"Timbera Cable for Gardena Robotic Mower smart SILENO \u2013 City 250 500 600 1000 \u2013 Life 750 1000 1250 1500 \u2013 MINIMO 250 500"},"content":{"rendered":"<p>Entwickelt f\u00fcr Roboterm\u00e4her: GARDENA ROBOTIC mower smart SILENO \u2013 CITY 250, 500, 600, 1000 \u2013 LIFE 750, 1000, 1250, 1500 \u2013 MINIMO 250, 500 [Modelljahr: 2018 &#8211; 2022 models]<br \/>\nHergestellt in Europa; LEBENSLANGE GARANTIE! Dieser Artikel ist kein OEM, sondern ein hochwertiges Aftermarket-Teil.<br \/>\nNiederspannungs-Ladekabel &#8211; Verbessertes Qualit\u00e4tsersatzteil. Wasserdicht und langlebig. Doppelt isoliertes Kabel. Blanke Kupfer-Litze nach HAR-Norm. Aderisolation Gummimischung Typ EI4. Au\u00dfenmantel Gummimischung Typ EM2. Flammwidrig nach IEC 60332-1-2. \u00d6lbest\u00e4ndig nach EN 60811-404. K\u00e4ltebest\u00e4ndig, temperaturbereich: -25\u00b0C up to +60\u00b0C. Geeignet f\u00fcr permanente Verwendung im Freien ohne mechanisch un\u00fcbliche Beanspruchungen. UV-resistent.<br \/>\nKippen Sie die Schutzabdeckung der Ladestation nach vorne und schlie\u00dfen Sie das Niederspannungskabel an die Ladestation &amp; den Transformator-Netzadapter an. Verlegen Sie das Niederspannungskabel nicht in einer Spule oder unterhalb der Ladestationsplatte. Die Spule verursacht Interferenzen mit dem Signal der Ladestation.<br \/>\nVerlegen Sie das Niederspannungskabel so, dass die Messer am Messerteller es nicht ber\u00fchren k\u00f6nnen. Das Niederspannungskabel muss im Rasen verankert oder eingegraben werden. Verwenden Sie keinen Trimmer in der N\u00e4he des Niederspannungskabels.<br \/>\n<div class=\"main-cross-sell\" data-asin=\"B0936XK69S\">\n\n\t<div class=\"WooZone-cross-sell-loader\">\n\t\t<div>\n\t\t\t<div id=\"floatingBarsG\">\n\t\t\t\t<div class=\"blockG\" id=\"rotateG_01\"><\/div>\n\t\t\t\t<div class=\"blockG\" id=\"rotateG_02\"><\/div>\n\t\t\t\t<div class=\"blockG\" id=\"rotateG_03\"><\/div>\n\t\t\t\t<div class=\"blockG\" id=\"rotateG_04\"><\/div>\n\t\t\t\t<div class=\"blockG\" id=\"rotateG_05\"><\/div>\n\t\t\t\t<div class=\"blockG\" id=\"rotateG_06\"><\/div>\n\t\t\t\t<div class=\"blockG\" id=\"rotateG_07\"><\/div>\n\t\t\t\t<div class=\"blockG\" id=\"rotateG_08\"><\/div>\n\t\t\t<\/div>\n\t\t\t<div class=\"WooZone-cross-sell-loader-text\"><\/div>\n\t\t<\/div>\n\t<\/div>\n\n\t\t\n<\/div>\n<div style=\"clear:both;\"><\/div><\/p>\n","protected":false},"excerpt":{"rendered":"<p>Entwickelt f\u00fcr Roboterm\u00e4her: GARDENA ROBOTIC mower smart SILENO \u2013 CITY 250, 500, 600, 1000 \u2013 LIFE 750, 1000, 1250, 1500 \u2013 MINIMO 250, 500 [Modelljahr: 2018 &#8211; 2022 models]<br \/>\nHergestellt in Europa; LEBENSLANGE GARANTIE! Dieser Artikel ist kein OEM, sondern ein hochwertiges Aftermarket-Teil.<br \/>\nNiederspannungs-Ladekabel &#8211; Verbessertes Qualit\u00e4tsersatzteil. Wasserdicht und langlebig. Doppelt isoliertes Kabel. Blanke Kupfer-Litze nach HAR-Norm. Aderisolation Gummimischung Typ EI4. Au\u00dfenmantel Gummimischung Typ EM2. Flammwidrig nach IEC 60332-1-2. \u00d6lbest\u00e4ndig nach EN 60811-404. K\u00e4ltebest\u00e4ndig, temperaturbereich: -25\u00b0C up to +60\u00b0C. Geeignet f\u00fcr permanente Verwendung im Freien ohne mechanisch un\u00fcbliche Beanspruchungen. UV-resistent.<\/p>\n","protected":false},"featured_media":217148,"comment_status":"open","ping_status":"closed","template":"","meta":[],"product_brand":[],"product_cat":[1983,11235],"product_tag":[],"class_list":{"0":"post-217147","1":"product","2":"type-product","3":"status-publish","4":"has-post-thumbnail","6":"product_cat-baumarkt","7":"product_cat-rasenmaeher-elektrische-gartenwerkzeuge","8":"pa_binding-gartenartikel","9":"pa_brand-timbera","10":"pa_manufacturer-timbera","11":"pa_warranty-lebenslange-garantie","13":"first","14":"instock","15":"shipping-taxable","16":"product-type-simple","17":"customify-col","18":"product-has-gallery"},"yoast_head":"<!-- This site is optimized with the Yoast SEO plugin v27.4 - https:\/\/yoast.com\/product\/yoast-seo-wordpress\/ -->\n<title>Timbera Cable for Gardena Robotic Mower smart SILENO \u2013 City 250 500 600 1000 \u2013 Life 750 1000 1250 1500 \u2013 MINIMO 250 500 - Markt-XXL<\/title>\n<meta name=\"description\" content=\"Markt-XXL Timbera Cable for Gardena Robotic Mower smart SILENO \u2013 City 250 500 600 1000 \u2013 Life 750 1000 1250 1500 \u2013 MINIMO 250 500\" \/>\n<meta name=\"robots\" content=\"index, follow, max-snippet:-1, max-image-preview:large, max-video-preview:-1\" \/>\n<link rel=\"canonical\" href=\"https:\/\/marktxxl.de\/markt\/produkt\/timbera-cable-for-gardena-robotic-mower-smart-sileno-city-250-500-600-1000-life-750-1000-1250-1500-minimo-250-500\/\" \/>\n<meta property=\"og:locale\" content=\"de_DE\" \/>\n<meta property=\"og:type\" content=\"article\" \/>\n<meta property=\"og:title\" content=\"Timbera Cable for Gardena Robotic Mower smart SILENO \u2013 City 250 500 600 1000 \u2013 Life 750 1000 1250 1500 \u2013 MINIMO 250 500 - Markt-XXL\" \/>\n<meta property=\"og:description\" content=\"Markt-XXL Timbera Cable for Gardena Robotic Mower smart SILENO \u2013 City 250 500 600 1000 \u2013 Life 750 1000 1250 1500 \u2013 MINIMO 250 500\" \/>\n<meta property=\"og:url\" content=\"https:\/\/marktxxl.de\/markt\/produkt\/timbera-cable-for-gardena-robotic-mower-smart-sileno-city-250-500-600-1000-life-750-1000-1250-1500-minimo-250-500\/\" \/>\n<meta property=\"og:site_name\" content=\"Markt-XXL\" \/>\n<meta name=\"twitter:card\" content=\"summary_large_image\" \/>\n<meta name=\"twitter:label1\" content=\"Gesch\u00e4tzte Lesezeit\" \/>\n\t<meta name=\"twitter:data1\" content=\"1\u00a0Minute\" \/>\n<script type=\"application\/ld+json\" class=\"yoast-schema-graph\">{\"@context\":\"https:\\\/\\\/schema.org\",\"@graph\":[{\"@type\":\"WebPage\",\"@id\":\"https:\\\/\\\/marktxxl.de\\\/markt\\\/produkt\\\/timbera-cable-for-gardena-robotic-mower-smart-sileno-city-250-500-600-1000-life-750-1000-1250-1500-minimo-250-500\\\/\",\"url\":\"https:\\\/\\\/marktxxl.de\\\/markt\\\/produkt\\\/timbera-cable-for-gardena-robotic-mower-smart-sileno-city-250-500-600-1000-life-750-1000-1250-1500-minimo-250-500\\\/\",\"name\":\"Timbera Cable for Gardena Robotic Mower smart SILENO \u2013 City 250 500 600 1000 \u2013 Life 750 1000 1250 1500 \u2013 MINIMO 250 500 - Markt-XXL\",\"isPartOf\":{\"@id\":\"https:\\\/\\\/marktxxl.de\\\/markt\\\/#website\"},\"primaryImageOfPage\":{\"@id\":\"https:\\\/\\\/marktxxl.de\\\/markt\\\/produkt\\\/timbera-cable-for-gardena-robotic-mower-smart-sileno-city-250-500-600-1000-life-750-1000-1250-1500-minimo-250-500\\\/#primaryimage\"},\"image\":{\"@id\":\"https:\\\/\\\/marktxxl.de\\\/markt\\\/produkt\\\/timbera-cable-for-gardena-robotic-mower-smart-sileno-city-250-500-600-1000-life-750-1000-1250-1500-minimo-250-500\\\/#primaryimage\"},\"thumbnailUrl\":\"https:\\\/\\\/m.media-amazon.com\\\/images\\\/I\\\/21aCQjwD5rL._SL500_.jpg\",\"datePublished\":\"2024-07-28T05:16:14+00:00\",\"description\":\"Markt-XXL Timbera Cable for Gardena Robotic Mower smart SILENO \u2013 City 250 500 600 1000 \u2013 Life 750 1000 1250 1500 \u2013 MINIMO 250 500\",\"breadcrumb\":{\"@id\":\"https:\\\/\\\/marktxxl.de\\\/markt\\\/produkt\\\/timbera-cable-for-gardena-robotic-mower-smart-sileno-city-250-500-600-1000-life-750-1000-1250-1500-minimo-250-500\\\/#breadcrumb\"},\"inLanguage\":\"de\",\"potentialAction\":[{\"@type\":\"ReadAction\",\"target\":[\"https:\\\/\\\/marktxxl.de\\\/markt\\\/produkt\\\/timbera-cable-for-gardena-robotic-mower-smart-sileno-city-250-500-600-1000-life-750-1000-1250-1500-minimo-250-500\\\/\"]}]},{\"@type\":\"ImageObject\",\"inLanguage\":\"de\",\"@id\":\"https:\\\/\\\/marktxxl.de\\\/markt\\\/produkt\\\/timbera-cable-for-gardena-robotic-mower-smart-sileno-city-250-500-600-1000-life-750-1000-1250-1500-minimo-250-500\\\/#primaryimage\",\"url\":\"https:\\\/\\\/m.media-amazon.com\\\/images\\\/I\\\/21aCQjwD5rL._SL500_.jpg\",\"contentUrl\":\"https:\\\/\\\/m.media-amazon.com\\\/images\\\/I\\\/21aCQjwD5rL._SL500_.jpg\",\"width\":500,\"height\":500},{\"@type\":\"BreadcrumbList\",\"@id\":\"https:\\\/\\\/marktxxl.de\\\/markt\\\/produkt\\\/timbera-cable-for-gardena-robotic-mower-smart-sileno-city-250-500-600-1000-life-750-1000-1250-1500-minimo-250-500\\\/#breadcrumb\",\"itemListElement\":[{\"@type\":\"ListItem\",\"position\":1,\"name\":\"Startseite\",\"item\":\"https:\\\/\\\/marktxxl.de\\\/markt\\\/\"},{\"@type\":\"ListItem\",\"position\":2,\"name\":\"Markt\",\"item\":\"https:\\\/\\\/marktxxl.de\\\/markt\\\/\"},{\"@type\":\"ListItem\",\"position\":3,\"name\":\"Timbera Cable for Gardena Robotic Mower smart SILENO \u2013 City 250 500 600 1000 \u2013 Life 750 1000 1250 1500 \u2013 MINIMO 250 500\"}]},{\"@type\":\"WebSite\",\"@id\":\"https:\\\/\\\/marktxxl.de\\\/markt\\\/#website\",\"url\":\"https:\\\/\\\/marktxxl.de\\\/markt\\\/\",\"name\":\"Markt-XXL\",\"description\":\"Ihr Markt Online\",\"publisher\":{\"@id\":\"https:\\\/\\\/marktxxl.de\\\/markt\\\/#organization\"},\"potentialAction\":[{\"@type\":\"SearchAction\",\"target\":{\"@type\":\"EntryPoint\",\"urlTemplate\":\"https:\\\/\\\/marktxxl.de\\\/markt\\\/?s={search_term_string}\"},\"query-input\":{\"@type\":\"PropertyValueSpecification\",\"valueRequired\":true,\"valueName\":\"search_term_string\"}}],\"inLanguage\":\"de\"},{\"@type\":\"Organization\",\"@id\":\"https:\\\/\\\/marktxxl.de\\\/markt\\\/#organization\",\"name\":\"Markt-XXL\",\"url\":\"https:\\\/\\\/marktxxl.de\\\/markt\\\/\",\"logo\":{\"@type\":\"ImageObject\",\"inLanguage\":\"de\",\"@id\":\"https:\\\/\\\/marktxxl.de\\\/markt\\\/#\\\/schema\\\/logo\\\/image\\\/\",\"url\":\"https:\\\/\\\/marktxxl.de\\\/markt\\\/wp-content\\\/uploads\\\/sites\\\/3\\\/2020\\\/12\\\/logo.png\",\"contentUrl\":\"https:\\\/\\\/marktxxl.de\\\/markt\\\/wp-content\\\/uploads\\\/sites\\\/3\\\/2020\\\/12\\\/logo.png\",\"width\":200,\"height\":70,\"caption\":\"Markt-XXL\"},\"image\":{\"@id\":\"https:\\\/\\\/marktxxl.de\\\/markt\\\/#\\\/schema\\\/logo\\\/image\\\/\"}}]}<\/script>\n<!-- \/ Yoast SEO plugin. -->","yoast_head_json":{"title":"Timbera Cable for Gardena Robotic Mower smart SILENO \u2013 City 250 500 600 1000 \u2013 Life 750 1000 1250 1500 \u2013 MINIMO 250 500 - Markt-XXL","description":"Markt-XXL Timbera Cable for Gardena Robotic Mower smart SILENO \u2013 City 250 500 600 1000 \u2013 Life 750 1000 1250 1500 \u2013 MINIMO 250 500","robots":{"index":"index","follow":"follow","max-snippet":"max-snippet:-1","max-image-preview":"max-image-preview:large","max-video-preview":"max-video-preview:-1"},"canonical":"https:\/\/marktxxl.de\/markt\/produkt\/timbera-cable-for-gardena-robotic-mower-smart-sileno-city-250-500-600-1000-life-750-1000-1250-1500-minimo-250-500\/","og_locale":"de_DE","og_type":"article","og_title":"Timbera Cable for Gardena Robotic Mower smart SILENO \u2013 City 250 500 600 1000 \u2013 Life 750 1000 1250 1500 \u2013 MINIMO 250 500 - Markt-XXL","og_description":"Markt-XXL Timbera Cable for Gardena Robotic Mower smart SILENO \u2013 City 250 500 600 1000 \u2013 Life 750 1000 1250 1500 \u2013 MINIMO 250 500","og_url":"https:\/\/marktxxl.de\/markt\/produkt\/timbera-cable-for-gardena-robotic-mower-smart-sileno-city-250-500-600-1000-life-750-1000-1250-1500-minimo-250-500\/","og_site_name":"Markt-XXL","twitter_card":"summary_large_image","twitter_misc":{"Gesch\u00e4tzte Lesezeit":"1\u00a0Minute"},"schema":{"@context":"https:\/\/schema.org","@graph":[{"@type":"WebPage","@id":"https:\/\/marktxxl.de\/markt\/produkt\/timbera-cable-for-gardena-robotic-mower-smart-sileno-city-250-500-600-1000-life-750-1000-1250-1500-minimo-250-500\/","url":"https:\/\/marktxxl.de\/markt\/produkt\/timbera-cable-for-gardena-robotic-mower-smart-sileno-city-250-500-600-1000-life-750-1000-1250-1500-minimo-250-500\/","name":"Timbera Cable for Gardena Robotic Mower smart SILENO \u2013 City 250 500 600 1000 \u2013 Life 750 1000 1250 1500 \u2013 MINIMO 250 500 - Markt-XXL","isPartOf":{"@id":"https:\/\/marktxxl.de\/markt\/#website"},"primaryImageOfPage":{"@id":"https:\/\/marktxxl.de\/markt\/produkt\/timbera-cable-for-gardena-robotic-mower-smart-sileno-city-250-500-600-1000-life-750-1000-1250-1500-minimo-250-500\/#primaryimage"},"image":{"@id":"https:\/\/marktxxl.de\/markt\/produkt\/timbera-cable-for-gardena-robotic-mower-smart-sileno-city-250-500-600-1000-life-750-1000-1250-1500-minimo-250-500\/#primaryimage"},"thumbnailUrl":"https:\/\/m.media-amazon.com\/images\/I\/21aCQjwD5rL._SL500_.jpg","datePublished":"2024-07-28T05:16:14+00:00","description":"Markt-XXL Timbera Cable for Gardena Robotic Mower smart SILENO \u2013 City 250 500 600 1000 \u2013 Life 750 1000 1250 1500 \u2013 MINIMO 250 500","breadcrumb":{"@id":"https:\/\/marktxxl.de\/markt\/produkt\/timbera-cable-for-gardena-robotic-mower-smart-sileno-city-250-500-600-1000-life-750-1000-1250-1500-minimo-250-500\/#breadcrumb"},"inLanguage":"de","potentialAction":[{"@type":"ReadAction","target":["https:\/\/marktxxl.de\/markt\/produkt\/timbera-cable-for-gardena-robotic-mower-smart-sileno-city-250-500-600-1000-life-750-1000-1250-1500-minimo-250-500\/"]}]},{"@type":"ImageObject","inLanguage":"de","@id":"https:\/\/marktxxl.de\/markt\/produkt\/timbera-cable-for-gardena-robotic-mower-smart-sileno-city-250-500-600-1000-life-750-1000-1250-1500-minimo-250-500\/#primaryimage","url":"https:\/\/m.media-amazon.com\/images\/I\/21aCQjwD5rL._SL500_.jpg","contentUrl":"https:\/\/m.media-amazon.com\/images\/I\/21aCQjwD5rL._SL500_.jpg","width":500,"height":500},{"@type":"BreadcrumbList","@id":"https:\/\/marktxxl.de\/markt\/produkt\/timbera-cable-for-gardena-robotic-mower-smart-sileno-city-250-500-600-1000-life-750-1000-1250-1500-minimo-250-500\/#breadcrumb","itemListElement":[{"@type":"ListItem","position":1,"name":"Startseite","item":"https:\/\/marktxxl.de\/markt\/"},{"@type":"ListItem","position":2,"name":"Markt","item":"https:\/\/marktxxl.de\/markt\/"},{"@type":"ListItem","position":3,"name":"Timbera Cable for Gardena Robotic Mower smart SILENO \u2013 City 250 500 600 1000 \u2013 Life 750 1000 1250 1500 \u2013 MINIMO 250 500"}]},{"@type":"WebSite","@id":"https:\/\/marktxxl.de\/markt\/#website","url":"https:\/\/marktxxl.de\/markt\/","name":"Markt-XXL","description":"Ihr Markt Online","publisher":{"@id":"https:\/\/marktxxl.de\/markt\/#organization"},"potentialAction":[{"@type":"SearchAction","target":{"@type":"EntryPoint","urlTemplate":"https:\/\/marktxxl.de\/markt\/?s={search_term_string}"},"query-input":{"@type":"PropertyValueSpecification","valueRequired":true,"valueName":"search_term_string"}}],"inLanguage":"de"},{"@type":"Organization","@id":"https:\/\/marktxxl.de\/markt\/#organization","name":"Markt-XXL","url":"https:\/\/marktxxl.de\/markt\/","logo":{"@type":"ImageObject","inLanguage":"de","@id":"https:\/\/marktxxl.de\/markt\/#\/schema\/logo\/image\/","url":"https:\/\/marktxxl.de\/markt\/wp-content\/uploads\/sites\/3\/2020\/12\/logo.png","contentUrl":"https:\/\/marktxxl.de\/markt\/wp-content\/uploads\/sites\/3\/2020\/12\/logo.png","width":200,"height":70,"caption":"Markt-XXL"},"image":{"@id":"https:\/\/marktxxl.de\/markt\/#\/schema\/logo\/image\/"}}]}},"_links":{"self":[{"href":"https:\/\/marktxxl.de\/markt\/wp-json\/wp\/v2\/product\/217147","targetHints":{"allow":["GET"]}}],"collection":[{"href":"https:\/\/marktxxl.de\/markt\/wp-json\/wp\/v2\/product"}],"about":[{"href":"https:\/\/marktxxl.de\/markt\/wp-json\/wp\/v2\/types\/product"}],"replies":[{"embeddable":true,"href":"https:\/\/marktxxl.de\/markt\/wp-json\/wp\/v2\/comments?post=217147"}],"wp:featuredmedia":[{"embeddable":true,"href":"https:\/\/marktxxl.de\/markt\/wp-json\/wp\/v2\/media\/217148"}],"wp:attachment":[{"href":"https:\/\/marktxxl.de\/markt\/wp-json\/wp\/v2\/media?parent=217147"}],"wp:term":[{"taxonomy":"product_brand","embeddable":true,"href":"https:\/\/marktxxl.de\/markt\/wp-json\/wp\/v2\/product_brand?post=217147"},{"taxonomy":"product_cat","embeddable":true,"href":"https:\/\/marktxxl.de\/markt\/wp-json\/wp\/v2\/product_cat?post=217147"},{"taxonomy":"product_tag","embeddable":true,"href":"https:\/\/marktxxl.de\/markt\/wp-json\/wp\/v2\/product_tag?post=217147"}],"curies":[{"name":"wp","href":"https:\/\/api.w.org\/{rel}","templated":true}]}}