{"id":217004,"date":"2024-07-28T07:08:16","date_gmt":"2024-07-28T05:08:16","guid":{"rendered":"https:\/\/marktxxl.de\/markt\/produkt\/nhowin-duschkopf-mit-schlauch-1-8m-anti-verstopfung-duschkopf-wassersparend-mit-5-duschmodi-auslaufsicher-handbrause-duschbrause-mit-schlauch-regendusche-duschschlauch-mit-duschkopf\/"},"modified":"2024-07-28T07:08:16","modified_gmt":"2024-07-28T05:08:16","slug":"nhowin-duschkopf-mit-schlauch-1-8m-anti-verstopfung-duschkopf-wassersparend-mit-5-duschmodi-auslaufsicher-handbrause-duschbrause-mit-schlauch-regendusche-duschschlauch-mit-duschkopf","status":"publish","type":"product","link":"https:\/\/marktxxl.de\/markt\/produkt\/nhowin-duschkopf-mit-schlauch-1-8m-anti-verstopfung-duschkopf-wassersparend-mit-5-duschmodi-auslaufsicher-handbrause-duschbrause-mit-schlauch-regendusche-duschschlauch-mit-duschkopf\/","title":{"rendered":"NHOWIN Duschkopf mit Schlauch 1.8M, Anti-verstopfung Duschkopf Wassersparend mit 5 Duschmodi, Auslaufsicher Handbrause Duschbrause mit Schlauch Regendusche Duschschlauch mit Duschkopf"},"content":{"rendered":"<p>\u3010Anti-Verstopfungs Design\u3011Der Wasserauslass der Handbrause besteht aus hochwertigem Kieselgel, das die Bildung von Ablagerungen wirksam verhindern und verhindern kann, dass Ablagerungen den Wasserauslass verstopfen. Die Oberfl\u00e4che des Duschkopf besteht aus umweltfreundlichem ABS-Material, das nicht ausl\u00e4uft, sturzsicher und leicht zu reinigen ist, sodass Sie ein \u00e4u\u00dferst komfortables Duscherlebnis genie\u00dfen k\u00f6nnen.<br \/>\n\u3010Duschkopf mit 5 Duschmodi\u3011Massage, Duschspray, Regen, Regen &amp; Massage, Regen &amp; Duschspray, k\u00f6nnen Sie ganz einfach mit nur einer Hand in den gew\u00fcnschten Duschmodus wechseln. Er eignet sich f\u00fcr das t\u00e4gliche Duschen und Shampoonieren. G\u00f6nnen Sie Ihrem K\u00f6rper ein beispielloses, rundum angenehmes Duscherlebnis.<br \/>\n\u3010L\u00e4ngerer Auslaufsicherer Schlauch\u3011Im Vergleich zu anderen Kunststoffschl\u00e4uchen, die nur 1,5 Meter lang sind, ist unser Schlauch nicht nur auf 1,8 M L\u00e4nge aufger\u00fcstet, sondern auch aus hochwertigem Edelstahl gefertigt, der nicht leicht knickt oder bricht. Der Duschschlauch verf\u00fcgt \u00fcber einen eingebauten Ring aus Messing und Gummi, um zu verhindern, dass sich der Duschschlauch l\u00f6st oder ausl\u00e4uft. Wenn Sie das Badezimmer nicht reinigen k\u00f6nnen, weil der Schlauch nicht lang genug ist, kann unser Duschkopf mit Schlauch Ihre Probleme l\u00f6sen!<br \/>\n\u3010Gro\u00dfer Duschkopf\u3011Unser Handbrause hat einen Durchmesser von 105 mm, was eine gr\u00f6\u00dfere Duschfl\u00e4che bietet und daf\u00fcr sorgt, dass Ihr K\u00f6rper unter unserem Duschkopf vollst\u00e4ndig und gleichm\u00e4\u00dfig befeuchtet werden kann. Unser ergonomisch gestalteter Duschbrause mit Schlauch verf\u00fcgt \u00fcber eine ideale Balance und ein ideales Gewicht, da er nur 0,16 kg wiegt. Er hat das richtige Gewicht, um ihn in der Hand zu halten, ohne sich m\u00fcde zu f\u00fchlen, und bietet Ihnen das ultimative Duscherlebnis.<br \/>\n\u3010Einfache Installation\u3011Kein Werkzeug erforderlich, Sie m\u00fcssen keinen Fachmann anrufen. Schrauben Sie einfach Ihren veralteten Schlauch und Duschkopf ab und ersetzen Sie ihn durch unseren Duschbrause und Schlauch, der f\u00fcr die meisten Rohre mit G1\/2-Anschl\u00fcssen geeignet ist.<br \/>\n<div class=\"main-cross-sell\" data-asin=\"B0CRDN593S\">\n\n\t<div class=\"WooZone-cross-sell-loader\">\n\t\t<div>\n\t\t\t<div id=\"floatingBarsG\">\n\t\t\t\t<div class=\"blockG\" id=\"rotateG_01\"><\/div>\n\t\t\t\t<div class=\"blockG\" id=\"rotateG_02\"><\/div>\n\t\t\t\t<div class=\"blockG\" id=\"rotateG_03\"><\/div>\n\t\t\t\t<div class=\"blockG\" id=\"rotateG_04\"><\/div>\n\t\t\t\t<div class=\"blockG\" id=\"rotateG_05\"><\/div>\n\t\t\t\t<div class=\"blockG\" id=\"rotateG_06\"><\/div>\n\t\t\t\t<div class=\"blockG\" id=\"rotateG_07\"><\/div>\n\t\t\t\t<div class=\"blockG\" id=\"rotateG_08\"><\/div>\n\t\t\t<\/div>\n\t\t\t<div class=\"WooZone-cross-sell-loader-text\"><\/div>\n\t\t<\/div>\n\t<\/div>\n\n\t\t\n<\/div>\n<div style=\"clear:both;\"><\/div><\/p>\n","protected":false},"excerpt":{"rendered":"<p>\u3010Anti-Verstopfungs Design\u3011Der Wasserauslass der Handbrause besteht aus hochwertigem Kieselgel, das die Bildung von Ablagerungen wirksam verhindern und verhindern kann, dass Ablagerungen den Wasserauslass verstopfen. Die Oberfl\u00e4che des Duschkopf besteht aus umweltfreundlichem ABS-Material, das nicht ausl\u00e4uft, sturzsicher und leicht zu reinigen ist, sodass Sie ein \u00e4u\u00dferst komfortables Duscherlebnis genie\u00dfen k\u00f6nnen.<br \/>\n\u3010Duschkopf mit 5 Duschmodi\u3011Massage, Duschspray, Regen, Regen &amp; Massage, Regen &amp; Duschspray, k\u00f6nnen Sie ganz einfach mit nur einer Hand in den gew\u00fcnschten Duschmodus wechseln. Er eignet sich f\u00fcr das t\u00e4gliche Duschen und Shampoonieren. G\u00f6nnen Sie Ihrem K\u00f6rper ein beispielloses, rundum angenehmes Duscherlebnis.<br \/>\n\u3010L\u00e4ngerer Auslaufsicherer Schlauch\u3011Im Vergleich zu anderen Kunststoffschl\u00e4uchen, die nur 1,5 Meter lang sind, ist unser Schlauch nicht nur auf 1,8 M L\u00e4nge aufger\u00fcstet, sondern auch aus hochwertigem Edelstahl gefertigt, der nicht leicht knickt oder bricht. Der Duschschlauch verf\u00fcgt \u00fcber einen eingebauten Ring aus Messing und Gummi, um zu verhindern, dass sich der Duschschlauch l\u00f6st oder ausl\u00e4uft. Wenn Sie das Badezimmer nicht reinigen k\u00f6nnen, weil der Schlauch nicht lang genug ist, kann unser Duschkopf mit Schlauch Ihre Probleme l\u00f6sen!<\/p>\n","protected":false},"featured_media":217005,"comment_status":"open","ping_status":"closed","template":"","meta":[],"product_brand":[],"product_cat":[1983,11101],"product_tag":[],"class_list":{"0":"post-217004","1":"product","2":"type-product","3":"status-publish","4":"has-post-thumbnail","6":"product_cat-baumarkt","7":"product_cat-kuechen-badinstallation","8":"pa_brand-nhowin","9":"pa_color-silver","10":"pa_height-4-9999999949-zoll","11":"pa_length-10-0393700685-zoll","12":"pa_manufacturer-nhwoin","13":"pa_model-nh-shower-01","14":"pa_width-3-93700787-zoll","16":"first","17":"instock","18":"sale","19":"shipping-taxable","20":"purchasable","21":"product-type-simple","22":"customify-col","23":"product-has-gallery"},"yoast_head":"<!-- This site is optimized with the Yoast SEO plugin v27.4 - https:\/\/yoast.com\/product\/yoast-seo-wordpress\/ -->\n<title>NHOWIN Duschkopf mit Schlauch 1.8M, Anti-verstopfung Duschkopf Wassersparend mit 5 Duschmodi, Auslaufsicher Handbrause Duschbrause mit Schlauch Regendusche Duschschlauch mit Duschkopf - Markt-XXL<\/title>\n<meta name=\"description\" content=\"Markt-XXL NHOWIN Duschkopf mit Schlauch 1.8M, Anti-verstopfung Duschkopf Wassersparend mit 5 Duschmodi, Auslaufsicher Handbrause Duschbrause mit Schlauch Regendusche Duschschlauch mit Duschkopf\" \/>\n<meta name=\"robots\" content=\"index, follow, max-snippet:-1, max-image-preview:large, max-video-preview:-1\" \/>\n<link rel=\"canonical\" href=\"https:\/\/marktxxl.de\/markt\/produkt\/nhowin-duschkopf-mit-schlauch-1-8m-anti-verstopfung-duschkopf-wassersparend-mit-5-duschmodi-auslaufsicher-handbrause-duschbrause-mit-schlauch-regendusche-duschschlauch-mit-duschkopf\/\" \/>\n<meta property=\"og:locale\" content=\"de_DE\" \/>\n<meta property=\"og:type\" content=\"article\" \/>\n<meta property=\"og:title\" content=\"NHOWIN Duschkopf mit Schlauch 1.8M, Anti-verstopfung Duschkopf Wassersparend mit 5 Duschmodi, Auslaufsicher Handbrause Duschbrause mit Schlauch Regendusche Duschschlauch mit Duschkopf - Markt-XXL\" \/>\n<meta property=\"og:description\" content=\"Markt-XXL NHOWIN Duschkopf mit Schlauch 1.8M, Anti-verstopfung Duschkopf Wassersparend mit 5 Duschmodi, Auslaufsicher Handbrause Duschbrause mit Schlauch Regendusche Duschschlauch mit Duschkopf\" \/>\n<meta property=\"og:url\" content=\"https:\/\/marktxxl.de\/markt\/produkt\/nhowin-duschkopf-mit-schlauch-1-8m-anti-verstopfung-duschkopf-wassersparend-mit-5-duschmodi-auslaufsicher-handbrause-duschbrause-mit-schlauch-regendusche-duschschlauch-mit-duschkopf\/\" \/>\n<meta property=\"og:site_name\" content=\"Markt-XXL\" \/>\n<meta name=\"twitter:card\" content=\"summary_large_image\" \/>\n<meta name=\"twitter:label1\" content=\"Gesch\u00e4tzte Lesezeit\" \/>\n\t<meta name=\"twitter:data1\" content=\"2\u00a0Minuten\" \/>\n<script type=\"application\/ld+json\" class=\"yoast-schema-graph\">{\"@context\":\"https:\\\/\\\/schema.org\",\"@graph\":[{\"@type\":\"WebPage\",\"@id\":\"https:\\\/\\\/marktxxl.de\\\/markt\\\/produkt\\\/nhowin-duschkopf-mit-schlauch-1-8m-anti-verstopfung-duschkopf-wassersparend-mit-5-duschmodi-auslaufsicher-handbrause-duschbrause-mit-schlauch-regendusche-duschschlauch-mit-duschkopf\\\/\",\"url\":\"https:\\\/\\\/marktxxl.de\\\/markt\\\/produkt\\\/nhowin-duschkopf-mit-schlauch-1-8m-anti-verstopfung-duschkopf-wassersparend-mit-5-duschmodi-auslaufsicher-handbrause-duschbrause-mit-schlauch-regendusche-duschschlauch-mit-duschkopf\\\/\",\"name\":\"NHOWIN Duschkopf mit Schlauch 1.8M, Anti-verstopfung Duschkopf Wassersparend mit 5 Duschmodi, Auslaufsicher Handbrause Duschbrause mit Schlauch Regendusche Duschschlauch mit Duschkopf - Markt-XXL\",\"isPartOf\":{\"@id\":\"https:\\\/\\\/marktxxl.de\\\/markt\\\/#website\"},\"primaryImageOfPage\":{\"@id\":\"https:\\\/\\\/marktxxl.de\\\/markt\\\/produkt\\\/nhowin-duschkopf-mit-schlauch-1-8m-anti-verstopfung-duschkopf-wassersparend-mit-5-duschmodi-auslaufsicher-handbrause-duschbrause-mit-schlauch-regendusche-duschschlauch-mit-duschkopf\\\/#primaryimage\"},\"image\":{\"@id\":\"https:\\\/\\\/marktxxl.de\\\/markt\\\/produkt\\\/nhowin-duschkopf-mit-schlauch-1-8m-anti-verstopfung-duschkopf-wassersparend-mit-5-duschmodi-auslaufsicher-handbrause-duschbrause-mit-schlauch-regendusche-duschschlauch-mit-duschkopf\\\/#primaryimage\"},\"thumbnailUrl\":\"https:\\\/\\\/m.media-amazon.com\\\/images\\\/I\\\/51wssTQC6CL._SL500_.jpg\",\"datePublished\":\"2024-07-28T05:08:16+00:00\",\"description\":\"Markt-XXL NHOWIN Duschkopf mit Schlauch 1.8M, Anti-verstopfung Duschkopf Wassersparend mit 5 Duschmodi, Auslaufsicher Handbrause Duschbrause mit Schlauch Regendusche Duschschlauch mit Duschkopf\",\"breadcrumb\":{\"@id\":\"https:\\\/\\\/marktxxl.de\\\/markt\\\/produkt\\\/nhowin-duschkopf-mit-schlauch-1-8m-anti-verstopfung-duschkopf-wassersparend-mit-5-duschmodi-auslaufsicher-handbrause-duschbrause-mit-schlauch-regendusche-duschschlauch-mit-duschkopf\\\/#breadcrumb\"},\"inLanguage\":\"de\",\"potentialAction\":[{\"@type\":\"ReadAction\",\"target\":[\"https:\\\/\\\/marktxxl.de\\\/markt\\\/produkt\\\/nhowin-duschkopf-mit-schlauch-1-8m-anti-verstopfung-duschkopf-wassersparend-mit-5-duschmodi-auslaufsicher-handbrause-duschbrause-mit-schlauch-regendusche-duschschlauch-mit-duschkopf\\\/\"]}]},{\"@type\":\"ImageObject\",\"inLanguage\":\"de\",\"@id\":\"https:\\\/\\\/marktxxl.de\\\/markt\\\/produkt\\\/nhowin-duschkopf-mit-schlauch-1-8m-anti-verstopfung-duschkopf-wassersparend-mit-5-duschmodi-auslaufsicher-handbrause-duschbrause-mit-schlauch-regendusche-duschschlauch-mit-duschkopf\\\/#primaryimage\",\"url\":\"https:\\\/\\\/m.media-amazon.com\\\/images\\\/I\\\/51wssTQC6CL._SL500_.jpg\",\"contentUrl\":\"https:\\\/\\\/m.media-amazon.com\\\/images\\\/I\\\/51wssTQC6CL._SL500_.jpg\",\"width\":500,\"height\":500},{\"@type\":\"BreadcrumbList\",\"@id\":\"https:\\\/\\\/marktxxl.de\\\/markt\\\/produkt\\\/nhowin-duschkopf-mit-schlauch-1-8m-anti-verstopfung-duschkopf-wassersparend-mit-5-duschmodi-auslaufsicher-handbrause-duschbrause-mit-schlauch-regendusche-duschschlauch-mit-duschkopf\\\/#breadcrumb\",\"itemListElement\":[{\"@type\":\"ListItem\",\"position\":1,\"name\":\"Startseite\",\"item\":\"https:\\\/\\\/marktxxl.de\\\/markt\\\/\"},{\"@type\":\"ListItem\",\"position\":2,\"name\":\"Markt\",\"item\":\"https:\\\/\\\/marktxxl.de\\\/markt\\\/\"},{\"@type\":\"ListItem\",\"position\":3,\"name\":\"NHOWIN Duschkopf mit Schlauch 1.8M, Anti-verstopfung Duschkopf Wassersparend mit 5 Duschmodi, Auslaufsicher Handbrause Duschbrause mit Schlauch Regendusche Duschschlauch mit Duschkopf\"}]},{\"@type\":\"WebSite\",\"@id\":\"https:\\\/\\\/marktxxl.de\\\/markt\\\/#website\",\"url\":\"https:\\\/\\\/marktxxl.de\\\/markt\\\/\",\"name\":\"Markt-XXL\",\"description\":\"Ihr Markt Online\",\"publisher\":{\"@id\":\"https:\\\/\\\/marktxxl.de\\\/markt\\\/#organization\"},\"potentialAction\":[{\"@type\":\"SearchAction\",\"target\":{\"@type\":\"EntryPoint\",\"urlTemplate\":\"https:\\\/\\\/marktxxl.de\\\/markt\\\/?s={search_term_string}\"},\"query-input\":{\"@type\":\"PropertyValueSpecification\",\"valueRequired\":true,\"valueName\":\"search_term_string\"}}],\"inLanguage\":\"de\"},{\"@type\":\"Organization\",\"@id\":\"https:\\\/\\\/marktxxl.de\\\/markt\\\/#organization\",\"name\":\"Markt-XXL\",\"url\":\"https:\\\/\\\/marktxxl.de\\\/markt\\\/\",\"logo\":{\"@type\":\"ImageObject\",\"inLanguage\":\"de\",\"@id\":\"https:\\\/\\\/marktxxl.de\\\/markt\\\/#\\\/schema\\\/logo\\\/image\\\/\",\"url\":\"https:\\\/\\\/marktxxl.de\\\/markt\\\/wp-content\\\/uploads\\\/sites\\\/3\\\/2020\\\/12\\\/logo.png\",\"contentUrl\":\"https:\\\/\\\/marktxxl.de\\\/markt\\\/wp-content\\\/uploads\\\/sites\\\/3\\\/2020\\\/12\\\/logo.png\",\"width\":200,\"height\":70,\"caption\":\"Markt-XXL\"},\"image\":{\"@id\":\"https:\\\/\\\/marktxxl.de\\\/markt\\\/#\\\/schema\\\/logo\\\/image\\\/\"}}]}<\/script>\n<!-- \/ Yoast SEO plugin. -->","yoast_head_json":{"title":"NHOWIN Duschkopf mit Schlauch 1.8M, Anti-verstopfung Duschkopf Wassersparend mit 5 Duschmodi, Auslaufsicher Handbrause Duschbrause mit Schlauch Regendusche Duschschlauch mit Duschkopf - Markt-XXL","description":"Markt-XXL NHOWIN Duschkopf mit Schlauch 1.8M, Anti-verstopfung Duschkopf Wassersparend mit 5 Duschmodi, Auslaufsicher Handbrause Duschbrause mit Schlauch Regendusche Duschschlauch mit Duschkopf","robots":{"index":"index","follow":"follow","max-snippet":"max-snippet:-1","max-image-preview":"max-image-preview:large","max-video-preview":"max-video-preview:-1"},"canonical":"https:\/\/marktxxl.de\/markt\/produkt\/nhowin-duschkopf-mit-schlauch-1-8m-anti-verstopfung-duschkopf-wassersparend-mit-5-duschmodi-auslaufsicher-handbrause-duschbrause-mit-schlauch-regendusche-duschschlauch-mit-duschkopf\/","og_locale":"de_DE","og_type":"article","og_title":"NHOWIN Duschkopf mit Schlauch 1.8M, Anti-verstopfung Duschkopf Wassersparend mit 5 Duschmodi, Auslaufsicher Handbrause Duschbrause mit Schlauch Regendusche Duschschlauch mit Duschkopf - Markt-XXL","og_description":"Markt-XXL NHOWIN Duschkopf mit Schlauch 1.8M, Anti-verstopfung Duschkopf Wassersparend mit 5 Duschmodi, Auslaufsicher Handbrause Duschbrause mit Schlauch Regendusche Duschschlauch mit Duschkopf","og_url":"https:\/\/marktxxl.de\/markt\/produkt\/nhowin-duschkopf-mit-schlauch-1-8m-anti-verstopfung-duschkopf-wassersparend-mit-5-duschmodi-auslaufsicher-handbrause-duschbrause-mit-schlauch-regendusche-duschschlauch-mit-duschkopf\/","og_site_name":"Markt-XXL","twitter_card":"summary_large_image","twitter_misc":{"Gesch\u00e4tzte Lesezeit":"2\u00a0Minuten"},"schema":{"@context":"https:\/\/schema.org","@graph":[{"@type":"WebPage","@id":"https:\/\/marktxxl.de\/markt\/produkt\/nhowin-duschkopf-mit-schlauch-1-8m-anti-verstopfung-duschkopf-wassersparend-mit-5-duschmodi-auslaufsicher-handbrause-duschbrause-mit-schlauch-regendusche-duschschlauch-mit-duschkopf\/","url":"https:\/\/marktxxl.de\/markt\/produkt\/nhowin-duschkopf-mit-schlauch-1-8m-anti-verstopfung-duschkopf-wassersparend-mit-5-duschmodi-auslaufsicher-handbrause-duschbrause-mit-schlauch-regendusche-duschschlauch-mit-duschkopf\/","name":"NHOWIN Duschkopf mit Schlauch 1.8M, Anti-verstopfung Duschkopf Wassersparend mit 5 Duschmodi, Auslaufsicher Handbrause Duschbrause mit Schlauch Regendusche Duschschlauch mit Duschkopf - Markt-XXL","isPartOf":{"@id":"https:\/\/marktxxl.de\/markt\/#website"},"primaryImageOfPage":{"@id":"https:\/\/marktxxl.de\/markt\/produkt\/nhowin-duschkopf-mit-schlauch-1-8m-anti-verstopfung-duschkopf-wassersparend-mit-5-duschmodi-auslaufsicher-handbrause-duschbrause-mit-schlauch-regendusche-duschschlauch-mit-duschkopf\/#primaryimage"},"image":{"@id":"https:\/\/marktxxl.de\/markt\/produkt\/nhowin-duschkopf-mit-schlauch-1-8m-anti-verstopfung-duschkopf-wassersparend-mit-5-duschmodi-auslaufsicher-handbrause-duschbrause-mit-schlauch-regendusche-duschschlauch-mit-duschkopf\/#primaryimage"},"thumbnailUrl":"https:\/\/m.media-amazon.com\/images\/I\/51wssTQC6CL._SL500_.jpg","datePublished":"2024-07-28T05:08:16+00:00","description":"Markt-XXL NHOWIN Duschkopf mit Schlauch 1.8M, Anti-verstopfung Duschkopf Wassersparend mit 5 Duschmodi, Auslaufsicher Handbrause Duschbrause mit Schlauch Regendusche Duschschlauch mit Duschkopf","breadcrumb":{"@id":"https:\/\/marktxxl.de\/markt\/produkt\/nhowin-duschkopf-mit-schlauch-1-8m-anti-verstopfung-duschkopf-wassersparend-mit-5-duschmodi-auslaufsicher-handbrause-duschbrause-mit-schlauch-regendusche-duschschlauch-mit-duschkopf\/#breadcrumb"},"inLanguage":"de","potentialAction":[{"@type":"ReadAction","target":["https:\/\/marktxxl.de\/markt\/produkt\/nhowin-duschkopf-mit-schlauch-1-8m-anti-verstopfung-duschkopf-wassersparend-mit-5-duschmodi-auslaufsicher-handbrause-duschbrause-mit-schlauch-regendusche-duschschlauch-mit-duschkopf\/"]}]},{"@type":"ImageObject","inLanguage":"de","@id":"https:\/\/marktxxl.de\/markt\/produkt\/nhowin-duschkopf-mit-schlauch-1-8m-anti-verstopfung-duschkopf-wassersparend-mit-5-duschmodi-auslaufsicher-handbrause-duschbrause-mit-schlauch-regendusche-duschschlauch-mit-duschkopf\/#primaryimage","url":"https:\/\/m.media-amazon.com\/images\/I\/51wssTQC6CL._SL500_.jpg","contentUrl":"https:\/\/m.media-amazon.com\/images\/I\/51wssTQC6CL._SL500_.jpg","width":500,"height":500},{"@type":"BreadcrumbList","@id":"https:\/\/marktxxl.de\/markt\/produkt\/nhowin-duschkopf-mit-schlauch-1-8m-anti-verstopfung-duschkopf-wassersparend-mit-5-duschmodi-auslaufsicher-handbrause-duschbrause-mit-schlauch-regendusche-duschschlauch-mit-duschkopf\/#breadcrumb","itemListElement":[{"@type":"ListItem","position":1,"name":"Startseite","item":"https:\/\/marktxxl.de\/markt\/"},{"@type":"ListItem","position":2,"name":"Markt","item":"https:\/\/marktxxl.de\/markt\/"},{"@type":"ListItem","position":3,"name":"NHOWIN Duschkopf mit Schlauch 1.8M, Anti-verstopfung Duschkopf Wassersparend mit 5 Duschmodi, Auslaufsicher Handbrause Duschbrause mit Schlauch Regendusche Duschschlauch mit Duschkopf"}]},{"@type":"WebSite","@id":"https:\/\/marktxxl.de\/markt\/#website","url":"https:\/\/marktxxl.de\/markt\/","name":"Markt-XXL","description":"Ihr Markt Online","publisher":{"@id":"https:\/\/marktxxl.de\/markt\/#organization"},"potentialAction":[{"@type":"SearchAction","target":{"@type":"EntryPoint","urlTemplate":"https:\/\/marktxxl.de\/markt\/?s={search_term_string}"},"query-input":{"@type":"PropertyValueSpecification","valueRequired":true,"valueName":"search_term_string"}}],"inLanguage":"de"},{"@type":"Organization","@id":"https:\/\/marktxxl.de\/markt\/#organization","name":"Markt-XXL","url":"https:\/\/marktxxl.de\/markt\/","logo":{"@type":"ImageObject","inLanguage":"de","@id":"https:\/\/marktxxl.de\/markt\/#\/schema\/logo\/image\/","url":"https:\/\/marktxxl.de\/markt\/wp-content\/uploads\/sites\/3\/2020\/12\/logo.png","contentUrl":"https:\/\/marktxxl.de\/markt\/wp-content\/uploads\/sites\/3\/2020\/12\/logo.png","width":200,"height":70,"caption":"Markt-XXL"},"image":{"@id":"https:\/\/marktxxl.de\/markt\/#\/schema\/logo\/image\/"}}]}},"_links":{"self":[{"href":"https:\/\/marktxxl.de\/markt\/wp-json\/wp\/v2\/product\/217004","targetHints":{"allow":["GET"]}}],"collection":[{"href":"https:\/\/marktxxl.de\/markt\/wp-json\/wp\/v2\/product"}],"about":[{"href":"https:\/\/marktxxl.de\/markt\/wp-json\/wp\/v2\/types\/product"}],"replies":[{"embeddable":true,"href":"https:\/\/marktxxl.de\/markt\/wp-json\/wp\/v2\/comments?post=217004"}],"wp:featuredmedia":[{"embeddable":true,"href":"https:\/\/marktxxl.de\/markt\/wp-json\/wp\/v2\/media\/217005"}],"wp:attachment":[{"href":"https:\/\/marktxxl.de\/markt\/wp-json\/wp\/v2\/media?parent=217004"}],"wp:term":[{"taxonomy":"product_brand","embeddable":true,"href":"https:\/\/marktxxl.de\/markt\/wp-json\/wp\/v2\/product_brand?post=217004"},{"taxonomy":"product_cat","embeddable":true,"href":"https:\/\/marktxxl.de\/markt\/wp-json\/wp\/v2\/product_cat?post=217004"},{"taxonomy":"product_tag","embeddable":true,"href":"https:\/\/marktxxl.de\/markt\/wp-json\/wp\/v2\/product_tag?post=217004"}],"curies":[{"name":"wp","href":"https:\/\/api.w.org\/{rel}","templated":true}]}}