{"id":216991,"date":"2024-07-28T07:08:03","date_gmt":"2024-07-28T05:08:03","guid":{"rendered":"https:\/\/marktxxl.de\/markt\/produkt\/kraus-khu101-13-standart-pro-undermount-16-gauge-stainless-steel-single-bowl-bar-prep-kitchen-sink-13-inch\/"},"modified":"2024-07-28T07:08:03","modified_gmt":"2024-07-28T05:08:03","slug":"kraus-khu101-13-standart-pro-undermount-16-gauge-stainless-steel-single-bowl-bar-prep-kitchen-sink-13-inch","status":"publish","type":"product","link":"https:\/\/marktxxl.de\/markt\/produkt\/kraus-khu101-13-standart-pro-undermount-16-gauge-stainless-steel-single-bowl-bar-prep-kitchen-sink-13-inch\/","title":{"rendered":"Kraus KHU101-13 Standart PRO Undermount 16 Gauge Stainless Steel Single Bowl Bar Prep Kitchen Sink, 13 Inch"},"content":{"rendered":"<p>Vielseitiges Sp\u00fclbecken: Machen Sie das Beste aus Ihrer Bar, Vorbereitungs- oder Unterhaltungsbereich mit dem schlanken, modernen Design mit geraden W\u00e4nden und leicht zu reinigenden Ecken mit engen Radius \u2013 perfekte Erg\u00e4nzung f\u00fcr eine Hauptk\u00fcchensp\u00fcle aus der Standart Pro-Serie<br \/>\nDas Waschbecken-Set beinhaltet hochwertige Ablaufgarnitur, dekorative Ablaufkappe, K\u00fcchentuch aus 100 % Baumwolle und alle Befestigungsmaterialien \u2013 Au\u00dfenma\u00dfe: 33 cm. L x 15 Zoll B x 8 1\/2 Zoll D; Innenma\u00dfe: 27,9 cm. L x 13 Zoll B x 20,3 cm. D. Minimale Schrankgr\u00f6\u00dfe: 38,1 cm.<br \/>\nRobuster 16-Gauge-Stahl: Der propriet\u00e4re KRAUS TRU16 extra dicke echte 16-Gauge-Edelstahl bietet \u00fcberlegene Haltbarkeit und Beulenfestigkeit \u2013 Verschlei\u00dffeste Oberfl\u00e4che: rostet nicht und stumpf beim t\u00e4glichen Gebrauch, l\u00e4sst sich einfach reinigen und reinigen \u2013 Ultra-leise NoiseDefend-Technologie mit extra dicken super Schalld\u00e4mpfer-Pads bietet hervorragende Schalld\u00e4mmung, mit ungiftigem Schutz. Unterbeschichtung f\u00fcr W\u00e4rmed\u00e4mmung<br \/>\nMehr Arbeitsplatz: Optimierte Ecken und ein r\u00fcckseitiger Abfluss maximieren den nutzbaren Platz in der Sp\u00fclbecke. Entworfen f\u00fcr perfekten Abfluss mit r\u00fcckseitiger Ablauf\u00f6ffnung und sanft abgeschr\u00e4gter Unterseite mit Kanalrillen, die verhindern, dass Wasser in der Sp\u00fcle ansammelt \u2013 Leicht zu reinigende Ecken: Eng abgerundete Ecken f\u00fcr einen modernen Look und einfache Reinigung<br \/>\nUnterbau-Design schafft einen nahtlosen \u00dcbergang von der Arbeitsplatte zur Sp\u00fcle f\u00fcr eine einfache Reinigung \u2013 alles Montagezubeh\u00f6r im Lieferumfang enthalten \u2013 inklusive Ablaufgarnitur &amp; Abdeckung: Edelstahl-Ablaufmontage f\u00e4ngt den Abfluss auf, um den Abfluss klar zu halten; CapPro abnehmbare Ablaufabdeckung verdeckt die Ablauf\u00f6ffnung f\u00fcr ein sauberes, kontinuierliches Aussehen \u2013 lebenslange eingeschr\u00e4nkte Garantie mit erstklassigem Kundenservice zur Unterst\u00fctzung Ihrer Bed\u00fcrfnisse<br \/>\n<div class=\"main-cross-sell\" data-asin=\"B087QQL2Z6\">\n\n\t<div class=\"WooZone-cross-sell-loader\">\n\t\t<div>\n\t\t\t<div id=\"floatingBarsG\">\n\t\t\t\t<div class=\"blockG\" id=\"rotateG_01\"><\/div>\n\t\t\t\t<div class=\"blockG\" id=\"rotateG_02\"><\/div>\n\t\t\t\t<div class=\"blockG\" id=\"rotateG_03\"><\/div>\n\t\t\t\t<div class=\"blockG\" id=\"rotateG_04\"><\/div>\n\t\t\t\t<div class=\"blockG\" id=\"rotateG_05\"><\/div>\n\t\t\t\t<div class=\"blockG\" id=\"rotateG_06\"><\/div>\n\t\t\t\t<div class=\"blockG\" id=\"rotateG_07\"><\/div>\n\t\t\t\t<div class=\"blockG\" id=\"rotateG_08\"><\/div>\n\t\t\t<\/div>\n\t\t\t<div class=\"WooZone-cross-sell-loader-text\"><\/div>\n\t\t<\/div>\n\t<\/div>\n\n\t\t\n<\/div>\n<div style=\"clear:both;\"><\/div><\/p>\n","protected":false},"excerpt":{"rendered":"<p>Vielseitiges Sp\u00fclbecken: Machen Sie das Beste aus Ihrer Bar, Vorbereitungs- oder Unterhaltungsbereich mit dem schlanken, modernen Design mit geraden W\u00e4nden und leicht zu reinigenden Ecken mit engen Radius \u2013 perfekte Erg\u00e4nzung f\u00fcr eine Hauptk\u00fcchensp\u00fcle aus der Standart Pro-Serie<br \/>\nDas Waschbecken-Set beinhaltet hochwertige Ablaufgarnitur, dekorative Ablaufkappe, K\u00fcchentuch aus 100 % Baumwolle und alle Befestigungsmaterialien \u2013 Au\u00dfenma\u00dfe: 33 cm. L x 15 Zoll B x 8 1\/2 Zoll D; Innenma\u00dfe: 27,9 cm. L x 13 Zoll B x 20,3 cm. D. Minimale Schrankgr\u00f6\u00dfe: 38,1 cm.<br \/>\nRobuster 16-Gauge-Stahl: Der propriet\u00e4re KRAUS TRU16 extra dicke echte 16-Gauge-Edelstahl bietet \u00fcberlegene Haltbarkeit und Beulenfestigkeit \u2013 Verschlei\u00dffeste Oberfl\u00e4che: rostet nicht und stumpf beim t\u00e4glichen Gebrauch, l\u00e4sst sich einfach reinigen und reinigen \u2013 Ultra-leise NoiseDefend-Technologie mit extra dicken super Schalld\u00e4mpfer-Pads bietet hervorragende Schalld\u00e4mmung, mit ungiftigem Schutz. Unterbeschichtung f\u00fcr W\u00e4rmed\u00e4mmung<\/p>\n","protected":false},"featured_media":216992,"comment_status":"open","ping_status":"closed","template":"","meta":[],"product_brand":[],"product_cat":[1983,11101],"product_tag":[],"class_list":{"0":"post-216991","1":"product","2":"type-product","3":"status-publish","4":"has-post-thumbnail","6":"product_cat-baumarkt","7":"product_cat-kuechen-badinstallation","8":"pa_binding-werkzeug","9":"pa_brand-kraus","10":"pa_color-edelstahl","11":"pa_height-8-5-zoll","12":"pa_length-15-zoll","13":"pa_manufacturer-kraus","14":"pa_model-khu101-13","15":"pa_size-13-inch","16":"pa_weight-10-03-pounds","17":"pa_width-13-zoll","19":"first","20":"instock","21":"shipping-taxable","22":"purchasable","23":"product-type-simple","24":"customify-col","25":"product-has-gallery"},"yoast_head":"<!-- This site is optimized with the Yoast SEO plugin v27.4 - https:\/\/yoast.com\/product\/yoast-seo-wordpress\/ -->\n<title>Kraus KHU101-13 Standart PRO Undermount 16 Gauge Stainless Steel Single Bowl Bar Prep Kitchen Sink, 13 Inch - Markt-XXL<\/title>\n<meta name=\"description\" content=\"Markt-XXL Kraus KHU101-13 Standart PRO Undermount 16 Gauge Stainless Steel Single Bowl Bar Prep Kitchen Sink, 13 Inch\" \/>\n<meta name=\"robots\" content=\"index, follow, max-snippet:-1, max-image-preview:large, max-video-preview:-1\" \/>\n<link rel=\"canonical\" href=\"https:\/\/marktxxl.de\/markt\/produkt\/kraus-khu101-13-standart-pro-undermount-16-gauge-stainless-steel-single-bowl-bar-prep-kitchen-sink-13-inch\/\" \/>\n<meta property=\"og:locale\" content=\"de_DE\" \/>\n<meta property=\"og:type\" content=\"article\" \/>\n<meta property=\"og:title\" content=\"Kraus KHU101-13 Standart PRO Undermount 16 Gauge Stainless Steel Single Bowl Bar Prep Kitchen Sink, 13 Inch - Markt-XXL\" \/>\n<meta property=\"og:description\" content=\"Markt-XXL Kraus KHU101-13 Standart PRO Undermount 16 Gauge Stainless Steel Single Bowl Bar Prep Kitchen Sink, 13 Inch\" \/>\n<meta property=\"og:url\" content=\"https:\/\/marktxxl.de\/markt\/produkt\/kraus-khu101-13-standart-pro-undermount-16-gauge-stainless-steel-single-bowl-bar-prep-kitchen-sink-13-inch\/\" \/>\n<meta property=\"og:site_name\" content=\"Markt-XXL\" \/>\n<meta name=\"twitter:card\" content=\"summary_large_image\" \/>\n<meta name=\"twitter:label1\" content=\"Gesch\u00e4tzte Lesezeit\" \/>\n\t<meta name=\"twitter:data1\" content=\"1\u00a0Minute\" \/>\n<script type=\"application\/ld+json\" class=\"yoast-schema-graph\">{\"@context\":\"https:\\\/\\\/schema.org\",\"@graph\":[{\"@type\":\"WebPage\",\"@id\":\"https:\\\/\\\/marktxxl.de\\\/markt\\\/produkt\\\/kraus-khu101-13-standart-pro-undermount-16-gauge-stainless-steel-single-bowl-bar-prep-kitchen-sink-13-inch\\\/\",\"url\":\"https:\\\/\\\/marktxxl.de\\\/markt\\\/produkt\\\/kraus-khu101-13-standart-pro-undermount-16-gauge-stainless-steel-single-bowl-bar-prep-kitchen-sink-13-inch\\\/\",\"name\":\"Kraus KHU101-13 Standart PRO Undermount 16 Gauge Stainless Steel Single Bowl Bar Prep Kitchen Sink, 13 Inch - Markt-XXL\",\"isPartOf\":{\"@id\":\"https:\\\/\\\/marktxxl.de\\\/markt\\\/#website\"},\"primaryImageOfPage\":{\"@id\":\"https:\\\/\\\/marktxxl.de\\\/markt\\\/produkt\\\/kraus-khu101-13-standart-pro-undermount-16-gauge-stainless-steel-single-bowl-bar-prep-kitchen-sink-13-inch\\\/#primaryimage\"},\"image\":{\"@id\":\"https:\\\/\\\/marktxxl.de\\\/markt\\\/produkt\\\/kraus-khu101-13-standart-pro-undermount-16-gauge-stainless-steel-single-bowl-bar-prep-kitchen-sink-13-inch\\\/#primaryimage\"},\"thumbnailUrl\":\"https:\\\/\\\/m.media-amazon.com\\\/images\\\/I\\\/31EcpOFkHzL._SL500_.jpg\",\"datePublished\":\"2024-07-28T05:08:03+00:00\",\"description\":\"Markt-XXL Kraus KHU101-13 Standart PRO Undermount 16 Gauge Stainless Steel Single Bowl Bar Prep Kitchen Sink, 13 Inch\",\"breadcrumb\":{\"@id\":\"https:\\\/\\\/marktxxl.de\\\/markt\\\/produkt\\\/kraus-khu101-13-standart-pro-undermount-16-gauge-stainless-steel-single-bowl-bar-prep-kitchen-sink-13-inch\\\/#breadcrumb\"},\"inLanguage\":\"de\",\"potentialAction\":[{\"@type\":\"ReadAction\",\"target\":[\"https:\\\/\\\/marktxxl.de\\\/markt\\\/produkt\\\/kraus-khu101-13-standart-pro-undermount-16-gauge-stainless-steel-single-bowl-bar-prep-kitchen-sink-13-inch\\\/\"]}]},{\"@type\":\"ImageObject\",\"inLanguage\":\"de\",\"@id\":\"https:\\\/\\\/marktxxl.de\\\/markt\\\/produkt\\\/kraus-khu101-13-standart-pro-undermount-16-gauge-stainless-steel-single-bowl-bar-prep-kitchen-sink-13-inch\\\/#primaryimage\",\"url\":\"https:\\\/\\\/m.media-amazon.com\\\/images\\\/I\\\/31EcpOFkHzL._SL500_.jpg\",\"contentUrl\":\"https:\\\/\\\/m.media-amazon.com\\\/images\\\/I\\\/31EcpOFkHzL._SL500_.jpg\",\"width\":500,\"height\":500},{\"@type\":\"BreadcrumbList\",\"@id\":\"https:\\\/\\\/marktxxl.de\\\/markt\\\/produkt\\\/kraus-khu101-13-standart-pro-undermount-16-gauge-stainless-steel-single-bowl-bar-prep-kitchen-sink-13-inch\\\/#breadcrumb\",\"itemListElement\":[{\"@type\":\"ListItem\",\"position\":1,\"name\":\"Startseite\",\"item\":\"https:\\\/\\\/marktxxl.de\\\/markt\\\/\"},{\"@type\":\"ListItem\",\"position\":2,\"name\":\"Markt\",\"item\":\"https:\\\/\\\/marktxxl.de\\\/markt\\\/\"},{\"@type\":\"ListItem\",\"position\":3,\"name\":\"Kraus KHU101-13 Standart PRO Undermount 16 Gauge Stainless Steel Single Bowl Bar Prep Kitchen Sink, 13 Inch\"}]},{\"@type\":\"WebSite\",\"@id\":\"https:\\\/\\\/marktxxl.de\\\/markt\\\/#website\",\"url\":\"https:\\\/\\\/marktxxl.de\\\/markt\\\/\",\"name\":\"Markt-XXL\",\"description\":\"Ihr Markt Online\",\"publisher\":{\"@id\":\"https:\\\/\\\/marktxxl.de\\\/markt\\\/#organization\"},\"potentialAction\":[{\"@type\":\"SearchAction\",\"target\":{\"@type\":\"EntryPoint\",\"urlTemplate\":\"https:\\\/\\\/marktxxl.de\\\/markt\\\/?s={search_term_string}\"},\"query-input\":{\"@type\":\"PropertyValueSpecification\",\"valueRequired\":true,\"valueName\":\"search_term_string\"}}],\"inLanguage\":\"de\"},{\"@type\":\"Organization\",\"@id\":\"https:\\\/\\\/marktxxl.de\\\/markt\\\/#organization\",\"name\":\"Markt-XXL\",\"url\":\"https:\\\/\\\/marktxxl.de\\\/markt\\\/\",\"logo\":{\"@type\":\"ImageObject\",\"inLanguage\":\"de\",\"@id\":\"https:\\\/\\\/marktxxl.de\\\/markt\\\/#\\\/schema\\\/logo\\\/image\\\/\",\"url\":\"https:\\\/\\\/marktxxl.de\\\/markt\\\/wp-content\\\/uploads\\\/sites\\\/3\\\/2020\\\/12\\\/logo.png\",\"contentUrl\":\"https:\\\/\\\/marktxxl.de\\\/markt\\\/wp-content\\\/uploads\\\/sites\\\/3\\\/2020\\\/12\\\/logo.png\",\"width\":200,\"height\":70,\"caption\":\"Markt-XXL\"},\"image\":{\"@id\":\"https:\\\/\\\/marktxxl.de\\\/markt\\\/#\\\/schema\\\/logo\\\/image\\\/\"}}]}<\/script>\n<!-- \/ Yoast SEO plugin. -->","yoast_head_json":{"title":"Kraus KHU101-13 Standart PRO Undermount 16 Gauge Stainless Steel Single Bowl Bar Prep Kitchen Sink, 13 Inch - Markt-XXL","description":"Markt-XXL Kraus KHU101-13 Standart PRO Undermount 16 Gauge Stainless Steel Single Bowl Bar Prep Kitchen Sink, 13 Inch","robots":{"index":"index","follow":"follow","max-snippet":"max-snippet:-1","max-image-preview":"max-image-preview:large","max-video-preview":"max-video-preview:-1"},"canonical":"https:\/\/marktxxl.de\/markt\/produkt\/kraus-khu101-13-standart-pro-undermount-16-gauge-stainless-steel-single-bowl-bar-prep-kitchen-sink-13-inch\/","og_locale":"de_DE","og_type":"article","og_title":"Kraus KHU101-13 Standart PRO Undermount 16 Gauge Stainless Steel Single Bowl Bar Prep Kitchen Sink, 13 Inch - Markt-XXL","og_description":"Markt-XXL Kraus KHU101-13 Standart PRO Undermount 16 Gauge Stainless Steel Single Bowl Bar Prep Kitchen Sink, 13 Inch","og_url":"https:\/\/marktxxl.de\/markt\/produkt\/kraus-khu101-13-standart-pro-undermount-16-gauge-stainless-steel-single-bowl-bar-prep-kitchen-sink-13-inch\/","og_site_name":"Markt-XXL","twitter_card":"summary_large_image","twitter_misc":{"Gesch\u00e4tzte Lesezeit":"1\u00a0Minute"},"schema":{"@context":"https:\/\/schema.org","@graph":[{"@type":"WebPage","@id":"https:\/\/marktxxl.de\/markt\/produkt\/kraus-khu101-13-standart-pro-undermount-16-gauge-stainless-steel-single-bowl-bar-prep-kitchen-sink-13-inch\/","url":"https:\/\/marktxxl.de\/markt\/produkt\/kraus-khu101-13-standart-pro-undermount-16-gauge-stainless-steel-single-bowl-bar-prep-kitchen-sink-13-inch\/","name":"Kraus KHU101-13 Standart PRO Undermount 16 Gauge Stainless Steel Single Bowl Bar Prep Kitchen Sink, 13 Inch - Markt-XXL","isPartOf":{"@id":"https:\/\/marktxxl.de\/markt\/#website"},"primaryImageOfPage":{"@id":"https:\/\/marktxxl.de\/markt\/produkt\/kraus-khu101-13-standart-pro-undermount-16-gauge-stainless-steel-single-bowl-bar-prep-kitchen-sink-13-inch\/#primaryimage"},"image":{"@id":"https:\/\/marktxxl.de\/markt\/produkt\/kraus-khu101-13-standart-pro-undermount-16-gauge-stainless-steel-single-bowl-bar-prep-kitchen-sink-13-inch\/#primaryimage"},"thumbnailUrl":"https:\/\/m.media-amazon.com\/images\/I\/31EcpOFkHzL._SL500_.jpg","datePublished":"2024-07-28T05:08:03+00:00","description":"Markt-XXL Kraus KHU101-13 Standart PRO Undermount 16 Gauge Stainless Steel Single Bowl Bar Prep Kitchen Sink, 13 Inch","breadcrumb":{"@id":"https:\/\/marktxxl.de\/markt\/produkt\/kraus-khu101-13-standart-pro-undermount-16-gauge-stainless-steel-single-bowl-bar-prep-kitchen-sink-13-inch\/#breadcrumb"},"inLanguage":"de","potentialAction":[{"@type":"ReadAction","target":["https:\/\/marktxxl.de\/markt\/produkt\/kraus-khu101-13-standart-pro-undermount-16-gauge-stainless-steel-single-bowl-bar-prep-kitchen-sink-13-inch\/"]}]},{"@type":"ImageObject","inLanguage":"de","@id":"https:\/\/marktxxl.de\/markt\/produkt\/kraus-khu101-13-standart-pro-undermount-16-gauge-stainless-steel-single-bowl-bar-prep-kitchen-sink-13-inch\/#primaryimage","url":"https:\/\/m.media-amazon.com\/images\/I\/31EcpOFkHzL._SL500_.jpg","contentUrl":"https:\/\/m.media-amazon.com\/images\/I\/31EcpOFkHzL._SL500_.jpg","width":500,"height":500},{"@type":"BreadcrumbList","@id":"https:\/\/marktxxl.de\/markt\/produkt\/kraus-khu101-13-standart-pro-undermount-16-gauge-stainless-steel-single-bowl-bar-prep-kitchen-sink-13-inch\/#breadcrumb","itemListElement":[{"@type":"ListItem","position":1,"name":"Startseite","item":"https:\/\/marktxxl.de\/markt\/"},{"@type":"ListItem","position":2,"name":"Markt","item":"https:\/\/marktxxl.de\/markt\/"},{"@type":"ListItem","position":3,"name":"Kraus KHU101-13 Standart PRO Undermount 16 Gauge Stainless Steel Single Bowl Bar Prep Kitchen Sink, 13 Inch"}]},{"@type":"WebSite","@id":"https:\/\/marktxxl.de\/markt\/#website","url":"https:\/\/marktxxl.de\/markt\/","name":"Markt-XXL","description":"Ihr Markt Online","publisher":{"@id":"https:\/\/marktxxl.de\/markt\/#organization"},"potentialAction":[{"@type":"SearchAction","target":{"@type":"EntryPoint","urlTemplate":"https:\/\/marktxxl.de\/markt\/?s={search_term_string}"},"query-input":{"@type":"PropertyValueSpecification","valueRequired":true,"valueName":"search_term_string"}}],"inLanguage":"de"},{"@type":"Organization","@id":"https:\/\/marktxxl.de\/markt\/#organization","name":"Markt-XXL","url":"https:\/\/marktxxl.de\/markt\/","logo":{"@type":"ImageObject","inLanguage":"de","@id":"https:\/\/marktxxl.de\/markt\/#\/schema\/logo\/image\/","url":"https:\/\/marktxxl.de\/markt\/wp-content\/uploads\/sites\/3\/2020\/12\/logo.png","contentUrl":"https:\/\/marktxxl.de\/markt\/wp-content\/uploads\/sites\/3\/2020\/12\/logo.png","width":200,"height":70,"caption":"Markt-XXL"},"image":{"@id":"https:\/\/marktxxl.de\/markt\/#\/schema\/logo\/image\/"}}]}},"_links":{"self":[{"href":"https:\/\/marktxxl.de\/markt\/wp-json\/wp\/v2\/product\/216991","targetHints":{"allow":["GET"]}}],"collection":[{"href":"https:\/\/marktxxl.de\/markt\/wp-json\/wp\/v2\/product"}],"about":[{"href":"https:\/\/marktxxl.de\/markt\/wp-json\/wp\/v2\/types\/product"}],"replies":[{"embeddable":true,"href":"https:\/\/marktxxl.de\/markt\/wp-json\/wp\/v2\/comments?post=216991"}],"wp:featuredmedia":[{"embeddable":true,"href":"https:\/\/marktxxl.de\/markt\/wp-json\/wp\/v2\/media\/216992"}],"wp:attachment":[{"href":"https:\/\/marktxxl.de\/markt\/wp-json\/wp\/v2\/media?parent=216991"}],"wp:term":[{"taxonomy":"product_brand","embeddable":true,"href":"https:\/\/marktxxl.de\/markt\/wp-json\/wp\/v2\/product_brand?post=216991"},{"taxonomy":"product_cat","embeddable":true,"href":"https:\/\/marktxxl.de\/markt\/wp-json\/wp\/v2\/product_cat?post=216991"},{"taxonomy":"product_tag","embeddable":true,"href":"https:\/\/marktxxl.de\/markt\/wp-json\/wp\/v2\/product_tag?post=216991"}],"curies":[{"name":"wp","href":"https:\/\/api.w.org\/{rel}","templated":true}]}}