{"id":216910,"date":"2024-07-28T06:43:27","date_gmt":"2024-07-28T04:43:27","guid":{"rendered":"https:\/\/marktxxl.de\/markt\/produkt\/novara-plus-duroplast-wc-sitz-erhoehung-5-cm-mit-absenkautomatik-bis-250-kg-belastbar-bequem-sitzen-und-aufstehen-durch-erhoehte-sitzposition\/"},"modified":"2024-07-28T06:43:27","modified_gmt":"2024-07-28T04:43:27","slug":"novara-plus-duroplast-wc-sitz-erhoehung-5-cm-mit-absenkautomatik-bis-250-kg-belastbar-bequem-sitzen-und-aufstehen-durch-erhoehte-sitzposition","status":"publish","type":"product","link":"https:\/\/marktxxl.de\/markt\/produkt\/novara-plus-duroplast-wc-sitz-erhoehung-5-cm-mit-absenkautomatik-bis-250-kg-belastbar-bequem-sitzen-und-aufstehen-durch-erhoehte-sitzposition\/","title":{"rendered":"Novara Plus Duroplast WC Sitz Erh\u00f6hung 5 cm mit Absenkautomatik, bis 250 kg belastbar, bequem Sitzen und Aufstehen durch erh\u00f6hte Sitzposition"},"content":{"rendered":"<p>ACHTUNG: SOLLTE DER GELBE BUTTON RECHTS OBEN \u201e IN DEN EINKAUFSWAGEN \u201e ODER \u201eJETZT KAUFEN\u201c NICHT SICHTBAR SEIN, EINFACH DORT AUF \u201eALLE ANGEBOTE\u201c KLICKEN!!!!!!!!!!!!!!!!!! \u2705 Bequemes Sitzen f\u00fcr Jung und Alt durch 5 cm Sitzerh\u00f6hung bis 250 kg belastbar<br \/>\n\u2705Kompletter WC Sitz aus Duroplast mit komfortabler Absenkautomatik<br \/>\n\u2705Winkelpuffer fixieren den Sitzring im Vorderen Bereich<br \/>\n\u2705Barrierefrei auch f\u00fcr Rollstuhlfahrer geeignet<br \/>\n\u2705passend auf alle handels\u00fcblichen WC&#8217;s, die Verschraubung des WC Sitzes erfolgt klassisch von unterhalb der Keramik f\u00fcr besten Halt. ADOB, Ihr Partner seit 1920 aus Deutschland!<br \/>\n<div class=\"main-cross-sell\" data-asin=\"B00COJNIEU\">\n\n\t<div class=\"WooZone-cross-sell-loader\">\n\t\t<div>\n\t\t\t<div id=\"floatingBarsG\">\n\t\t\t\t<div class=\"blockG\" id=\"rotateG_01\"><\/div>\n\t\t\t\t<div class=\"blockG\" id=\"rotateG_02\"><\/div>\n\t\t\t\t<div class=\"blockG\" id=\"rotateG_03\"><\/div>\n\t\t\t\t<div class=\"blockG\" id=\"rotateG_04\"><\/div>\n\t\t\t\t<div class=\"blockG\" id=\"rotateG_05\"><\/div>\n\t\t\t\t<div class=\"blockG\" id=\"rotateG_06\"><\/div>\n\t\t\t\t<div class=\"blockG\" id=\"rotateG_07\"><\/div>\n\t\t\t\t<div class=\"blockG\" id=\"rotateG_08\"><\/div>\n\t\t\t<\/div>\n\t\t\t<div class=\"WooZone-cross-sell-loader-text\"><\/div>\n\t\t<\/div>\n\t<\/div>\n\n\t\t\n<\/div>\n<div style=\"clear:both;\"><\/div><\/p>\n","protected":false},"excerpt":{"rendered":"<p>ACHTUNG: SOLLTE DER GELBE BUTTON RECHTS OBEN \u201e IN DEN EINKAUFSWAGEN \u201e ODER \u201eJETZT KAUFEN\u201c NICHT SICHTBAR SEIN, EINFACH DORT AUF \u201eALLE ANGEBOTE\u201c KLICKEN!!!!!!!!!!!!!!!!!! \u2705 Bequemes Sitzen f\u00fcr Jung und Alt durch 5 cm Sitzerh\u00f6hung bis 250 kg belastbar<br \/>\n\u2705Kompletter WC Sitz aus Duroplast mit komfortabler Absenkautomatik<br \/>\n\u2705Winkelpuffer fixieren den Sitzring im Vorderen Bereich<\/p>\n","protected":false},"featured_media":216911,"comment_status":"open","ping_status":"closed","template":"","meta":[],"product_brand":[],"product_cat":[1983,11101],"product_tag":[],"class_list":{"0":"post-216910","1":"product","2":"type-product","3":"status-publish","4":"has-post-thumbnail","6":"product_cat-baumarkt","7":"product_cat-kuechen-badinstallation","8":"pa_binding-werkzeug","9":"pa_brand-adob","10":"pa_color-weiss","11":"pa_height-0-98818897537-zoll","12":"pa_length-21-4173228128-zoll","13":"pa_manufacturer-adob","14":"pa_model-54626","15":"pa_size-passend-auf-alle-standard-wcs","16":"pa_weight-7-71617917-pounds","17":"pa_width-17-2834645493-zoll","19":"first","20":"instock","21":"sale","22":"shipping-taxable","23":"purchasable","24":"product-type-simple","25":"customify-col","26":"product-has-gallery"},"yoast_head":"<!-- This site is optimized with the Yoast SEO plugin v27.3 - https:\/\/yoast.com\/product\/yoast-seo-wordpress\/ -->\n<title>Novara Plus Duroplast WC Sitz Erh\u00f6hung 5 cm mit Absenkautomatik, bis 250 kg belastbar, bequem Sitzen und Aufstehen durch erh\u00f6hte Sitzposition - Markt-XXL<\/title>\n<meta name=\"description\" content=\"Markt-XXL Novara Plus Duroplast WC Sitz Erh\u00f6hung 5 cm mit Absenkautomatik, bis 250 kg belastbar, bequem Sitzen und Aufstehen durch erh\u00f6hte Sitzposition\" \/>\n<meta name=\"robots\" content=\"index, follow, max-snippet:-1, max-image-preview:large, max-video-preview:-1\" \/>\n<link rel=\"canonical\" href=\"https:\/\/marktxxl.de\/markt\/produkt\/novara-plus-duroplast-wc-sitz-erhoehung-5-cm-mit-absenkautomatik-bis-250-kg-belastbar-bequem-sitzen-und-aufstehen-durch-erhoehte-sitzposition\/\" \/>\n<meta property=\"og:locale\" content=\"de_DE\" \/>\n<meta property=\"og:type\" content=\"article\" \/>\n<meta property=\"og:title\" content=\"Novara Plus Duroplast WC Sitz Erh\u00f6hung 5 cm mit Absenkautomatik, bis 250 kg belastbar, bequem Sitzen und Aufstehen durch erh\u00f6hte Sitzposition - Markt-XXL\" \/>\n<meta property=\"og:description\" content=\"Markt-XXL Novara Plus Duroplast WC Sitz Erh\u00f6hung 5 cm mit Absenkautomatik, bis 250 kg belastbar, bequem Sitzen und Aufstehen durch erh\u00f6hte Sitzposition\" \/>\n<meta property=\"og:url\" content=\"https:\/\/marktxxl.de\/markt\/produkt\/novara-plus-duroplast-wc-sitz-erhoehung-5-cm-mit-absenkautomatik-bis-250-kg-belastbar-bequem-sitzen-und-aufstehen-durch-erhoehte-sitzposition\/\" \/>\n<meta property=\"og:site_name\" content=\"Markt-XXL\" \/>\n<meta name=\"twitter:card\" content=\"summary_large_image\" \/>\n<script type=\"application\/ld+json\" class=\"yoast-schema-graph\">{\"@context\":\"https:\\\/\\\/schema.org\",\"@graph\":[{\"@type\":\"WebPage\",\"@id\":\"https:\\\/\\\/marktxxl.de\\\/markt\\\/produkt\\\/novara-plus-duroplast-wc-sitz-erhoehung-5-cm-mit-absenkautomatik-bis-250-kg-belastbar-bequem-sitzen-und-aufstehen-durch-erhoehte-sitzposition\\\/\",\"url\":\"https:\\\/\\\/marktxxl.de\\\/markt\\\/produkt\\\/novara-plus-duroplast-wc-sitz-erhoehung-5-cm-mit-absenkautomatik-bis-250-kg-belastbar-bequem-sitzen-und-aufstehen-durch-erhoehte-sitzposition\\\/\",\"name\":\"Novara Plus Duroplast WC Sitz Erh\u00f6hung 5 cm mit Absenkautomatik, bis 250 kg belastbar, bequem Sitzen und Aufstehen durch erh\u00f6hte Sitzposition - Markt-XXL\",\"isPartOf\":{\"@id\":\"https:\\\/\\\/marktxxl.de\\\/markt\\\/#website\"},\"primaryImageOfPage\":{\"@id\":\"https:\\\/\\\/marktxxl.de\\\/markt\\\/produkt\\\/novara-plus-duroplast-wc-sitz-erhoehung-5-cm-mit-absenkautomatik-bis-250-kg-belastbar-bequem-sitzen-und-aufstehen-durch-erhoehte-sitzposition\\\/#primaryimage\"},\"image\":{\"@id\":\"https:\\\/\\\/marktxxl.de\\\/markt\\\/produkt\\\/novara-plus-duroplast-wc-sitz-erhoehung-5-cm-mit-absenkautomatik-bis-250-kg-belastbar-bequem-sitzen-und-aufstehen-durch-erhoehte-sitzposition\\\/#primaryimage\"},\"thumbnailUrl\":\"https:\\\/\\\/m.media-amazon.com\\\/images\\\/I\\\/21PIBWwdkYL._SL500_.jpg\",\"datePublished\":\"2024-07-28T04:43:27+00:00\",\"description\":\"Markt-XXL Novara Plus Duroplast WC Sitz Erh\u00f6hung 5 cm mit Absenkautomatik, bis 250 kg belastbar, bequem Sitzen und Aufstehen durch erh\u00f6hte Sitzposition\",\"breadcrumb\":{\"@id\":\"https:\\\/\\\/marktxxl.de\\\/markt\\\/produkt\\\/novara-plus-duroplast-wc-sitz-erhoehung-5-cm-mit-absenkautomatik-bis-250-kg-belastbar-bequem-sitzen-und-aufstehen-durch-erhoehte-sitzposition\\\/#breadcrumb\"},\"inLanguage\":\"de\",\"potentialAction\":[{\"@type\":\"ReadAction\",\"target\":[\"https:\\\/\\\/marktxxl.de\\\/markt\\\/produkt\\\/novara-plus-duroplast-wc-sitz-erhoehung-5-cm-mit-absenkautomatik-bis-250-kg-belastbar-bequem-sitzen-und-aufstehen-durch-erhoehte-sitzposition\\\/\"]}]},{\"@type\":\"ImageObject\",\"inLanguage\":\"de\",\"@id\":\"https:\\\/\\\/marktxxl.de\\\/markt\\\/produkt\\\/novara-plus-duroplast-wc-sitz-erhoehung-5-cm-mit-absenkautomatik-bis-250-kg-belastbar-bequem-sitzen-und-aufstehen-durch-erhoehte-sitzposition\\\/#primaryimage\",\"url\":\"https:\\\/\\\/m.media-amazon.com\\\/images\\\/I\\\/21PIBWwdkYL._SL500_.jpg\",\"contentUrl\":\"https:\\\/\\\/m.media-amazon.com\\\/images\\\/I\\\/21PIBWwdkYL._SL500_.jpg\",\"width\":500,\"height\":345},{\"@type\":\"BreadcrumbList\",\"@id\":\"https:\\\/\\\/marktxxl.de\\\/markt\\\/produkt\\\/novara-plus-duroplast-wc-sitz-erhoehung-5-cm-mit-absenkautomatik-bis-250-kg-belastbar-bequem-sitzen-und-aufstehen-durch-erhoehte-sitzposition\\\/#breadcrumb\",\"itemListElement\":[{\"@type\":\"ListItem\",\"position\":1,\"name\":\"Startseite\",\"item\":\"https:\\\/\\\/marktxxl.de\\\/markt\\\/\"},{\"@type\":\"ListItem\",\"position\":2,\"name\":\"Markt\",\"item\":\"https:\\\/\\\/marktxxl.de\\\/markt\\\/\"},{\"@type\":\"ListItem\",\"position\":3,\"name\":\"Novara Plus Duroplast WC Sitz Erh\u00f6hung 5 cm mit Absenkautomatik, bis 250 kg belastbar, bequem Sitzen und Aufstehen durch erh\u00f6hte Sitzposition\"}]},{\"@type\":\"WebSite\",\"@id\":\"https:\\\/\\\/marktxxl.de\\\/markt\\\/#website\",\"url\":\"https:\\\/\\\/marktxxl.de\\\/markt\\\/\",\"name\":\"Markt-XXL\",\"description\":\"Ihr Markt Online\",\"publisher\":{\"@id\":\"https:\\\/\\\/marktxxl.de\\\/markt\\\/#organization\"},\"potentialAction\":[{\"@type\":\"SearchAction\",\"target\":{\"@type\":\"EntryPoint\",\"urlTemplate\":\"https:\\\/\\\/marktxxl.de\\\/markt\\\/?s={search_term_string}\"},\"query-input\":{\"@type\":\"PropertyValueSpecification\",\"valueRequired\":true,\"valueName\":\"search_term_string\"}}],\"inLanguage\":\"de\"},{\"@type\":\"Organization\",\"@id\":\"https:\\\/\\\/marktxxl.de\\\/markt\\\/#organization\",\"name\":\"Markt-XXL\",\"url\":\"https:\\\/\\\/marktxxl.de\\\/markt\\\/\",\"logo\":{\"@type\":\"ImageObject\",\"inLanguage\":\"de\",\"@id\":\"https:\\\/\\\/marktxxl.de\\\/markt\\\/#\\\/schema\\\/logo\\\/image\\\/\",\"url\":\"https:\\\/\\\/marktxxl.de\\\/markt\\\/wp-content\\\/uploads\\\/sites\\\/3\\\/2020\\\/12\\\/logo.png\",\"contentUrl\":\"https:\\\/\\\/marktxxl.de\\\/markt\\\/wp-content\\\/uploads\\\/sites\\\/3\\\/2020\\\/12\\\/logo.png\",\"width\":200,\"height\":70,\"caption\":\"Markt-XXL\"},\"image\":{\"@id\":\"https:\\\/\\\/marktxxl.de\\\/markt\\\/#\\\/schema\\\/logo\\\/image\\\/\"}}]}<\/script>\n<!-- \/ Yoast SEO plugin. -->","yoast_head_json":{"title":"Novara Plus Duroplast WC Sitz Erh\u00f6hung 5 cm mit Absenkautomatik, bis 250 kg belastbar, bequem Sitzen und Aufstehen durch erh\u00f6hte Sitzposition - Markt-XXL","description":"Markt-XXL Novara Plus Duroplast WC Sitz Erh\u00f6hung 5 cm mit Absenkautomatik, bis 250 kg belastbar, bequem Sitzen und Aufstehen durch erh\u00f6hte Sitzposition","robots":{"index":"index","follow":"follow","max-snippet":"max-snippet:-1","max-image-preview":"max-image-preview:large","max-video-preview":"max-video-preview:-1"},"canonical":"https:\/\/marktxxl.de\/markt\/produkt\/novara-plus-duroplast-wc-sitz-erhoehung-5-cm-mit-absenkautomatik-bis-250-kg-belastbar-bequem-sitzen-und-aufstehen-durch-erhoehte-sitzposition\/","og_locale":"de_DE","og_type":"article","og_title":"Novara Plus Duroplast WC Sitz Erh\u00f6hung 5 cm mit Absenkautomatik, bis 250 kg belastbar, bequem Sitzen und Aufstehen durch erh\u00f6hte Sitzposition - Markt-XXL","og_description":"Markt-XXL Novara Plus Duroplast WC Sitz Erh\u00f6hung 5 cm mit Absenkautomatik, bis 250 kg belastbar, bequem Sitzen und Aufstehen durch erh\u00f6hte Sitzposition","og_url":"https:\/\/marktxxl.de\/markt\/produkt\/novara-plus-duroplast-wc-sitz-erhoehung-5-cm-mit-absenkautomatik-bis-250-kg-belastbar-bequem-sitzen-und-aufstehen-durch-erhoehte-sitzposition\/","og_site_name":"Markt-XXL","twitter_card":"summary_large_image","schema":{"@context":"https:\/\/schema.org","@graph":[{"@type":"WebPage","@id":"https:\/\/marktxxl.de\/markt\/produkt\/novara-plus-duroplast-wc-sitz-erhoehung-5-cm-mit-absenkautomatik-bis-250-kg-belastbar-bequem-sitzen-und-aufstehen-durch-erhoehte-sitzposition\/","url":"https:\/\/marktxxl.de\/markt\/produkt\/novara-plus-duroplast-wc-sitz-erhoehung-5-cm-mit-absenkautomatik-bis-250-kg-belastbar-bequem-sitzen-und-aufstehen-durch-erhoehte-sitzposition\/","name":"Novara Plus Duroplast WC Sitz Erh\u00f6hung 5 cm mit Absenkautomatik, bis 250 kg belastbar, bequem Sitzen und Aufstehen durch erh\u00f6hte Sitzposition - Markt-XXL","isPartOf":{"@id":"https:\/\/marktxxl.de\/markt\/#website"},"primaryImageOfPage":{"@id":"https:\/\/marktxxl.de\/markt\/produkt\/novara-plus-duroplast-wc-sitz-erhoehung-5-cm-mit-absenkautomatik-bis-250-kg-belastbar-bequem-sitzen-und-aufstehen-durch-erhoehte-sitzposition\/#primaryimage"},"image":{"@id":"https:\/\/marktxxl.de\/markt\/produkt\/novara-plus-duroplast-wc-sitz-erhoehung-5-cm-mit-absenkautomatik-bis-250-kg-belastbar-bequem-sitzen-und-aufstehen-durch-erhoehte-sitzposition\/#primaryimage"},"thumbnailUrl":"https:\/\/m.media-amazon.com\/images\/I\/21PIBWwdkYL._SL500_.jpg","datePublished":"2024-07-28T04:43:27+00:00","description":"Markt-XXL Novara Plus Duroplast WC Sitz Erh\u00f6hung 5 cm mit Absenkautomatik, bis 250 kg belastbar, bequem Sitzen und Aufstehen durch erh\u00f6hte Sitzposition","breadcrumb":{"@id":"https:\/\/marktxxl.de\/markt\/produkt\/novara-plus-duroplast-wc-sitz-erhoehung-5-cm-mit-absenkautomatik-bis-250-kg-belastbar-bequem-sitzen-und-aufstehen-durch-erhoehte-sitzposition\/#breadcrumb"},"inLanguage":"de","potentialAction":[{"@type":"ReadAction","target":["https:\/\/marktxxl.de\/markt\/produkt\/novara-plus-duroplast-wc-sitz-erhoehung-5-cm-mit-absenkautomatik-bis-250-kg-belastbar-bequem-sitzen-und-aufstehen-durch-erhoehte-sitzposition\/"]}]},{"@type":"ImageObject","inLanguage":"de","@id":"https:\/\/marktxxl.de\/markt\/produkt\/novara-plus-duroplast-wc-sitz-erhoehung-5-cm-mit-absenkautomatik-bis-250-kg-belastbar-bequem-sitzen-und-aufstehen-durch-erhoehte-sitzposition\/#primaryimage","url":"https:\/\/m.media-amazon.com\/images\/I\/21PIBWwdkYL._SL500_.jpg","contentUrl":"https:\/\/m.media-amazon.com\/images\/I\/21PIBWwdkYL._SL500_.jpg","width":500,"height":345},{"@type":"BreadcrumbList","@id":"https:\/\/marktxxl.de\/markt\/produkt\/novara-plus-duroplast-wc-sitz-erhoehung-5-cm-mit-absenkautomatik-bis-250-kg-belastbar-bequem-sitzen-und-aufstehen-durch-erhoehte-sitzposition\/#breadcrumb","itemListElement":[{"@type":"ListItem","position":1,"name":"Startseite","item":"https:\/\/marktxxl.de\/markt\/"},{"@type":"ListItem","position":2,"name":"Markt","item":"https:\/\/marktxxl.de\/markt\/"},{"@type":"ListItem","position":3,"name":"Novara Plus Duroplast WC Sitz Erh\u00f6hung 5 cm mit Absenkautomatik, bis 250 kg belastbar, bequem Sitzen und Aufstehen durch erh\u00f6hte Sitzposition"}]},{"@type":"WebSite","@id":"https:\/\/marktxxl.de\/markt\/#website","url":"https:\/\/marktxxl.de\/markt\/","name":"Markt-XXL","description":"Ihr Markt Online","publisher":{"@id":"https:\/\/marktxxl.de\/markt\/#organization"},"potentialAction":[{"@type":"SearchAction","target":{"@type":"EntryPoint","urlTemplate":"https:\/\/marktxxl.de\/markt\/?s={search_term_string}"},"query-input":{"@type":"PropertyValueSpecification","valueRequired":true,"valueName":"search_term_string"}}],"inLanguage":"de"},{"@type":"Organization","@id":"https:\/\/marktxxl.de\/markt\/#organization","name":"Markt-XXL","url":"https:\/\/marktxxl.de\/markt\/","logo":{"@type":"ImageObject","inLanguage":"de","@id":"https:\/\/marktxxl.de\/markt\/#\/schema\/logo\/image\/","url":"https:\/\/marktxxl.de\/markt\/wp-content\/uploads\/sites\/3\/2020\/12\/logo.png","contentUrl":"https:\/\/marktxxl.de\/markt\/wp-content\/uploads\/sites\/3\/2020\/12\/logo.png","width":200,"height":70,"caption":"Markt-XXL"},"image":{"@id":"https:\/\/marktxxl.de\/markt\/#\/schema\/logo\/image\/"}}]}},"_links":{"self":[{"href":"https:\/\/marktxxl.de\/markt\/wp-json\/wp\/v2\/product\/216910","targetHints":{"allow":["GET"]}}],"collection":[{"href":"https:\/\/marktxxl.de\/markt\/wp-json\/wp\/v2\/product"}],"about":[{"href":"https:\/\/marktxxl.de\/markt\/wp-json\/wp\/v2\/types\/product"}],"replies":[{"embeddable":true,"href":"https:\/\/marktxxl.de\/markt\/wp-json\/wp\/v2\/comments?post=216910"}],"wp:featuredmedia":[{"embeddable":true,"href":"https:\/\/marktxxl.de\/markt\/wp-json\/wp\/v2\/media\/216911"}],"wp:attachment":[{"href":"https:\/\/marktxxl.de\/markt\/wp-json\/wp\/v2\/media?parent=216910"}],"wp:term":[{"taxonomy":"product_brand","embeddable":true,"href":"https:\/\/marktxxl.de\/markt\/wp-json\/wp\/v2\/product_brand?post=216910"},{"taxonomy":"product_cat","embeddable":true,"href":"https:\/\/marktxxl.de\/markt\/wp-json\/wp\/v2\/product_cat?post=216910"},{"taxonomy":"product_tag","embeddable":true,"href":"https:\/\/marktxxl.de\/markt\/wp-json\/wp\/v2\/product_tag?post=216910"}],"curies":[{"name":"wp","href":"https:\/\/api.w.org\/{rel}","templated":true}]}}