{"id":216867,"date":"2024-07-28T06:40:56","date_gmt":"2024-07-28T04:40:56","guid":{"rendered":"https:\/\/marktxxl.de\/markt\/produkt\/bernstein-duschwand-glas-duschabtrennung-walk-in-dusche\/"},"modified":"2024-07-28T06:40:56","modified_gmt":"2024-07-28T04:40:56","slug":"bernstein-duschwand-glas-duschabtrennung-walk-in-dusche","status":"publish","type":"product","link":"https:\/\/marktxxl.de\/markt\/produkt\/bernstein-duschwand-glas-duschabtrennung-walk-in-dusche\/","title":{"rendered":"BERNSTEIN Duschwand Glas Duschabtrennung Walk-In Dusche"},"content":{"rendered":"<p>BERNSTEIN Duschabtrennung EX101 Wave Muster: Stilvolles Design mit elegantem Milchglas Muster Wave auf der Innen- und Au\u00dfenseite. Graues ESG-Sicherheitsglas und Schwarzem Aluminium Profil. Das Muster gestaltet sich als interessanter Blickfang und bietet Sichtschutz!<br \/>\nDie Duschwand ist aus 10mm ESG Echtglas. Das Aluminium Wandprofil ist dezent und minimalistisch, erlaubt aber trotzdem einen Ausgleich von Wandunebenheiten von bis zu 15mm. Der Stabilisator ist im Set enthalten und hat einen Verstellbereich von 80-135cm<br \/>\nDie Montage ist dank der \u00fcbersichtlichen Anleitung schnell und einfach. Sie erhalten die Duschabtrennung in sechs verschiedenen Breiten. W\u00e4hlen Sie die f\u00fcr Sie passende! Die Dusche kann direkt auf dem Boden (Aufstellma\u00df an Duschwanne angepasst und r\u00fcckt daher ca. 5 &#8211; 10mm nach innen) oder auf einer Duschwanne montiert werden.<br \/>\nAluminium Wandprofile &amp; flexible Stabilisationsstange aus Edelstahl &#8211; beides in Schwarz<br \/>\nSie erhalten die Duschabtrennung mit dem Aluminium Wandprofil und dem Edelstahl Stabilisator in Schwarz.<br \/>\nVersand erfolgt per Spedition, bitte geben Sie Ihre Rufnummer an<br \/>\n<div class=\"main-cross-sell\" data-asin=\"B08QRBNJ1K\">\n\n\t<div class=\"WooZone-cross-sell-loader\">\n\t\t<div>\n\t\t\t<div id=\"floatingBarsG\">\n\t\t\t\t<div class=\"blockG\" id=\"rotateG_01\"><\/div>\n\t\t\t\t<div class=\"blockG\" id=\"rotateG_02\"><\/div>\n\t\t\t\t<div class=\"blockG\" id=\"rotateG_03\"><\/div>\n\t\t\t\t<div class=\"blockG\" id=\"rotateG_04\"><\/div>\n\t\t\t\t<div class=\"blockG\" id=\"rotateG_05\"><\/div>\n\t\t\t\t<div class=\"blockG\" id=\"rotateG_06\"><\/div>\n\t\t\t\t<div class=\"blockG\" id=\"rotateG_07\"><\/div>\n\t\t\t\t<div class=\"blockG\" id=\"rotateG_08\"><\/div>\n\t\t\t<\/div>\n\t\t\t<div class=\"WooZone-cross-sell-loader-text\"><\/div>\n\t\t<\/div>\n\t<\/div>\n\n\t\t\n<\/div>\n<div style=\"clear:both;\"><\/div><\/p>\n","protected":false},"excerpt":{"rendered":"<p>BERNSTEIN Duschabtrennung EX101 Wave Muster: Stilvolles Design mit elegantem Milchglas Muster Wave auf der Innen- und Au\u00dfenseite. Graues ESG-Sicherheitsglas und Schwarzem Aluminium Profil. Das Muster gestaltet sich als interessanter Blickfang und bietet Sichtschutz!<br \/>\nDie Duschwand ist aus 10mm ESG Echtglas. Das Aluminium Wandprofil ist dezent und minimalistisch, erlaubt aber trotzdem einen Ausgleich von Wandunebenheiten von bis zu 15mm. Der Stabilisator ist im Set enthalten und hat einen Verstellbereich von 80-135cm<br \/>\nDie Montage ist dank der \u00fcbersichtlichen Anleitung schnell und einfach. Sie erhalten die Duschabtrennung in sechs verschiedenen Breiten. W\u00e4hlen Sie die f\u00fcr Sie passende! Die Dusche kann direkt auf dem Boden (Aufstellma\u00df an Duschwanne angepasst und r\u00fcckt daher ca. 5 &#8211; 10mm nach innen) oder auf einer Duschwanne montiert werden.<\/p>\n","protected":false},"featured_media":216868,"comment_status":"open","ping_status":"closed","template":"","meta":[],"product_brand":[],"product_cat":[1983,11101],"product_tag":[],"class_list":{"0":"post-216867","1":"product","2":"type-product","3":"status-publish","4":"has-post-thumbnail","6":"product_cat-baumarkt","7":"product_cat-kuechen-badinstallation","8":"pa_brand-bernstein","9":"pa_color-grau","10":"pa_manufacturer-bernstein","12":"first","13":"instock","14":"shipping-taxable","15":"product-type-simple","16":"customify-col","17":"product-has-gallery"},"yoast_head":"<!-- This site is optimized with the Yoast SEO plugin v27.3 - https:\/\/yoast.com\/product\/yoast-seo-wordpress\/ -->\n<title>BERNSTEIN Duschwand Glas Duschabtrennung Walk-In Dusche - Markt-XXL<\/title>\n<meta name=\"description\" content=\"Markt-XXL BERNSTEIN Duschwand Glas Duschabtrennung Walk-In Dusche\" \/>\n<meta name=\"robots\" content=\"index, follow, max-snippet:-1, max-image-preview:large, max-video-preview:-1\" \/>\n<link rel=\"canonical\" href=\"https:\/\/marktxxl.de\/markt\/produkt\/bernstein-duschwand-glas-duschabtrennung-walk-in-dusche\/\" \/>\n<meta property=\"og:locale\" content=\"de_DE\" \/>\n<meta property=\"og:type\" content=\"article\" \/>\n<meta property=\"og:title\" content=\"BERNSTEIN Duschwand Glas Duschabtrennung Walk-In Dusche - Markt-XXL\" \/>\n<meta property=\"og:description\" content=\"Markt-XXL BERNSTEIN Duschwand Glas Duschabtrennung Walk-In Dusche\" \/>\n<meta property=\"og:url\" content=\"https:\/\/marktxxl.de\/markt\/produkt\/bernstein-duschwand-glas-duschabtrennung-walk-in-dusche\/\" \/>\n<meta property=\"og:site_name\" content=\"Markt-XXL\" \/>\n<meta name=\"twitter:card\" content=\"summary_large_image\" \/>\n<meta name=\"twitter:label1\" content=\"Gesch\u00e4tzte Lesezeit\" \/>\n\t<meta name=\"twitter:data1\" content=\"1\u00a0Minute\" \/>\n<script type=\"application\/ld+json\" class=\"yoast-schema-graph\">{\"@context\":\"https:\\\/\\\/schema.org\",\"@graph\":[{\"@type\":\"WebPage\",\"@id\":\"https:\\\/\\\/marktxxl.de\\\/markt\\\/produkt\\\/bernstein-duschwand-glas-duschabtrennung-walk-in-dusche\\\/\",\"url\":\"https:\\\/\\\/marktxxl.de\\\/markt\\\/produkt\\\/bernstein-duschwand-glas-duschabtrennung-walk-in-dusche\\\/\",\"name\":\"BERNSTEIN Duschwand Glas Duschabtrennung Walk-In Dusche - Markt-XXL\",\"isPartOf\":{\"@id\":\"https:\\\/\\\/marktxxl.de\\\/markt\\\/#website\"},\"primaryImageOfPage\":{\"@id\":\"https:\\\/\\\/marktxxl.de\\\/markt\\\/produkt\\\/bernstein-duschwand-glas-duschabtrennung-walk-in-dusche\\\/#primaryimage\"},\"image\":{\"@id\":\"https:\\\/\\\/marktxxl.de\\\/markt\\\/produkt\\\/bernstein-duschwand-glas-duschabtrennung-walk-in-dusche\\\/#primaryimage\"},\"thumbnailUrl\":\"https:\\\/\\\/m.media-amazon.com\\\/images\\\/I\\\/41HnT+SE9WL._SL500_.jpg\",\"datePublished\":\"2024-07-28T04:40:56+00:00\",\"description\":\"Markt-XXL BERNSTEIN Duschwand Glas Duschabtrennung Walk-In Dusche\",\"breadcrumb\":{\"@id\":\"https:\\\/\\\/marktxxl.de\\\/markt\\\/produkt\\\/bernstein-duschwand-glas-duschabtrennung-walk-in-dusche\\\/#breadcrumb\"},\"inLanguage\":\"de\",\"potentialAction\":[{\"@type\":\"ReadAction\",\"target\":[\"https:\\\/\\\/marktxxl.de\\\/markt\\\/produkt\\\/bernstein-duschwand-glas-duschabtrennung-walk-in-dusche\\\/\"]}]},{\"@type\":\"ImageObject\",\"inLanguage\":\"de\",\"@id\":\"https:\\\/\\\/marktxxl.de\\\/markt\\\/produkt\\\/bernstein-duschwand-glas-duschabtrennung-walk-in-dusche\\\/#primaryimage\",\"url\":\"https:\\\/\\\/m.media-amazon.com\\\/images\\\/I\\\/41HnT+SE9WL._SL500_.jpg\",\"contentUrl\":\"https:\\\/\\\/m.media-amazon.com\\\/images\\\/I\\\/41HnT+SE9WL._SL500_.jpg\",\"width\":500,\"height\":500},{\"@type\":\"BreadcrumbList\",\"@id\":\"https:\\\/\\\/marktxxl.de\\\/markt\\\/produkt\\\/bernstein-duschwand-glas-duschabtrennung-walk-in-dusche\\\/#breadcrumb\",\"itemListElement\":[{\"@type\":\"ListItem\",\"position\":1,\"name\":\"Startseite\",\"item\":\"https:\\\/\\\/marktxxl.de\\\/markt\\\/\"},{\"@type\":\"ListItem\",\"position\":2,\"name\":\"Markt\",\"item\":\"https:\\\/\\\/marktxxl.de\\\/markt\\\/\"},{\"@type\":\"ListItem\",\"position\":3,\"name\":\"BERNSTEIN Duschwand Glas Duschabtrennung Walk-In Dusche\"}]},{\"@type\":\"WebSite\",\"@id\":\"https:\\\/\\\/marktxxl.de\\\/markt\\\/#website\",\"url\":\"https:\\\/\\\/marktxxl.de\\\/markt\\\/\",\"name\":\"Markt-XXL\",\"description\":\"Ihr Markt Online\",\"publisher\":{\"@id\":\"https:\\\/\\\/marktxxl.de\\\/markt\\\/#organization\"},\"potentialAction\":[{\"@type\":\"SearchAction\",\"target\":{\"@type\":\"EntryPoint\",\"urlTemplate\":\"https:\\\/\\\/marktxxl.de\\\/markt\\\/?s={search_term_string}\"},\"query-input\":{\"@type\":\"PropertyValueSpecification\",\"valueRequired\":true,\"valueName\":\"search_term_string\"}}],\"inLanguage\":\"de\"},{\"@type\":\"Organization\",\"@id\":\"https:\\\/\\\/marktxxl.de\\\/markt\\\/#organization\",\"name\":\"Markt-XXL\",\"url\":\"https:\\\/\\\/marktxxl.de\\\/markt\\\/\",\"logo\":{\"@type\":\"ImageObject\",\"inLanguage\":\"de\",\"@id\":\"https:\\\/\\\/marktxxl.de\\\/markt\\\/#\\\/schema\\\/logo\\\/image\\\/\",\"url\":\"https:\\\/\\\/marktxxl.de\\\/markt\\\/wp-content\\\/uploads\\\/sites\\\/3\\\/2020\\\/12\\\/logo.png\",\"contentUrl\":\"https:\\\/\\\/marktxxl.de\\\/markt\\\/wp-content\\\/uploads\\\/sites\\\/3\\\/2020\\\/12\\\/logo.png\",\"width\":200,\"height\":70,\"caption\":\"Markt-XXL\"},\"image\":{\"@id\":\"https:\\\/\\\/marktxxl.de\\\/markt\\\/#\\\/schema\\\/logo\\\/image\\\/\"}}]}<\/script>\n<!-- \/ Yoast SEO plugin. -->","yoast_head_json":{"title":"BERNSTEIN Duschwand Glas Duschabtrennung Walk-In Dusche - Markt-XXL","description":"Markt-XXL BERNSTEIN Duschwand Glas Duschabtrennung Walk-In Dusche","robots":{"index":"index","follow":"follow","max-snippet":"max-snippet:-1","max-image-preview":"max-image-preview:large","max-video-preview":"max-video-preview:-1"},"canonical":"https:\/\/marktxxl.de\/markt\/produkt\/bernstein-duschwand-glas-duschabtrennung-walk-in-dusche\/","og_locale":"de_DE","og_type":"article","og_title":"BERNSTEIN Duschwand Glas Duschabtrennung Walk-In Dusche - Markt-XXL","og_description":"Markt-XXL BERNSTEIN Duschwand Glas Duschabtrennung Walk-In Dusche","og_url":"https:\/\/marktxxl.de\/markt\/produkt\/bernstein-duschwand-glas-duschabtrennung-walk-in-dusche\/","og_site_name":"Markt-XXL","twitter_card":"summary_large_image","twitter_misc":{"Gesch\u00e4tzte Lesezeit":"1\u00a0Minute"},"schema":{"@context":"https:\/\/schema.org","@graph":[{"@type":"WebPage","@id":"https:\/\/marktxxl.de\/markt\/produkt\/bernstein-duschwand-glas-duschabtrennung-walk-in-dusche\/","url":"https:\/\/marktxxl.de\/markt\/produkt\/bernstein-duschwand-glas-duschabtrennung-walk-in-dusche\/","name":"BERNSTEIN Duschwand Glas Duschabtrennung Walk-In Dusche - Markt-XXL","isPartOf":{"@id":"https:\/\/marktxxl.de\/markt\/#website"},"primaryImageOfPage":{"@id":"https:\/\/marktxxl.de\/markt\/produkt\/bernstein-duschwand-glas-duschabtrennung-walk-in-dusche\/#primaryimage"},"image":{"@id":"https:\/\/marktxxl.de\/markt\/produkt\/bernstein-duschwand-glas-duschabtrennung-walk-in-dusche\/#primaryimage"},"thumbnailUrl":"https:\/\/m.media-amazon.com\/images\/I\/41HnT+SE9WL._SL500_.jpg","datePublished":"2024-07-28T04:40:56+00:00","description":"Markt-XXL BERNSTEIN Duschwand Glas Duschabtrennung Walk-In Dusche","breadcrumb":{"@id":"https:\/\/marktxxl.de\/markt\/produkt\/bernstein-duschwand-glas-duschabtrennung-walk-in-dusche\/#breadcrumb"},"inLanguage":"de","potentialAction":[{"@type":"ReadAction","target":["https:\/\/marktxxl.de\/markt\/produkt\/bernstein-duschwand-glas-duschabtrennung-walk-in-dusche\/"]}]},{"@type":"ImageObject","inLanguage":"de","@id":"https:\/\/marktxxl.de\/markt\/produkt\/bernstein-duschwand-glas-duschabtrennung-walk-in-dusche\/#primaryimage","url":"https:\/\/m.media-amazon.com\/images\/I\/41HnT+SE9WL._SL500_.jpg","contentUrl":"https:\/\/m.media-amazon.com\/images\/I\/41HnT+SE9WL._SL500_.jpg","width":500,"height":500},{"@type":"BreadcrumbList","@id":"https:\/\/marktxxl.de\/markt\/produkt\/bernstein-duschwand-glas-duschabtrennung-walk-in-dusche\/#breadcrumb","itemListElement":[{"@type":"ListItem","position":1,"name":"Startseite","item":"https:\/\/marktxxl.de\/markt\/"},{"@type":"ListItem","position":2,"name":"Markt","item":"https:\/\/marktxxl.de\/markt\/"},{"@type":"ListItem","position":3,"name":"BERNSTEIN Duschwand Glas Duschabtrennung Walk-In Dusche"}]},{"@type":"WebSite","@id":"https:\/\/marktxxl.de\/markt\/#website","url":"https:\/\/marktxxl.de\/markt\/","name":"Markt-XXL","description":"Ihr Markt Online","publisher":{"@id":"https:\/\/marktxxl.de\/markt\/#organization"},"potentialAction":[{"@type":"SearchAction","target":{"@type":"EntryPoint","urlTemplate":"https:\/\/marktxxl.de\/markt\/?s={search_term_string}"},"query-input":{"@type":"PropertyValueSpecification","valueRequired":true,"valueName":"search_term_string"}}],"inLanguage":"de"},{"@type":"Organization","@id":"https:\/\/marktxxl.de\/markt\/#organization","name":"Markt-XXL","url":"https:\/\/marktxxl.de\/markt\/","logo":{"@type":"ImageObject","inLanguage":"de","@id":"https:\/\/marktxxl.de\/markt\/#\/schema\/logo\/image\/","url":"https:\/\/marktxxl.de\/markt\/wp-content\/uploads\/sites\/3\/2020\/12\/logo.png","contentUrl":"https:\/\/marktxxl.de\/markt\/wp-content\/uploads\/sites\/3\/2020\/12\/logo.png","width":200,"height":70,"caption":"Markt-XXL"},"image":{"@id":"https:\/\/marktxxl.de\/markt\/#\/schema\/logo\/image\/"}}]}},"_links":{"self":[{"href":"https:\/\/marktxxl.de\/markt\/wp-json\/wp\/v2\/product\/216867","targetHints":{"allow":["GET"]}}],"collection":[{"href":"https:\/\/marktxxl.de\/markt\/wp-json\/wp\/v2\/product"}],"about":[{"href":"https:\/\/marktxxl.de\/markt\/wp-json\/wp\/v2\/types\/product"}],"replies":[{"embeddable":true,"href":"https:\/\/marktxxl.de\/markt\/wp-json\/wp\/v2\/comments?post=216867"}],"wp:featuredmedia":[{"embeddable":true,"href":"https:\/\/marktxxl.de\/markt\/wp-json\/wp\/v2\/media\/216868"}],"wp:attachment":[{"href":"https:\/\/marktxxl.de\/markt\/wp-json\/wp\/v2\/media?parent=216867"}],"wp:term":[{"taxonomy":"product_brand","embeddable":true,"href":"https:\/\/marktxxl.de\/markt\/wp-json\/wp\/v2\/product_brand?post=216867"},{"taxonomy":"product_cat","embeddable":true,"href":"https:\/\/marktxxl.de\/markt\/wp-json\/wp\/v2\/product_cat?post=216867"},{"taxonomy":"product_tag","embeddable":true,"href":"https:\/\/marktxxl.de\/markt\/wp-json\/wp\/v2\/product_tag?post=216867"}],"curies":[{"name":"wp","href":"https:\/\/api.w.org\/{rel}","templated":true}]}}