{"id":216854,"date":"2024-07-28T06:40:43","date_gmt":"2024-07-28T04:40:43","guid":{"rendered":"https:\/\/marktxxl.de\/markt\/produkt\/welasol-saunasteine-20kg-olivin-diabas-prime\/"},"modified":"2024-07-28T06:40:43","modified_gmt":"2024-07-28T04:40:43","slug":"welasol-saunasteine-20kg-olivin-diabas-prime","status":"publish","type":"product","link":"https:\/\/marktxxl.de\/markt\/produkt\/welasol-saunasteine-20kg-olivin-diabas-prime\/","title":{"rendered":"WelaSol\u00ae Saunasteine 20kg Olivin Diabas Prime"},"content":{"rendered":"<p>GEPR\u00dcFTE, VORGEWASCHENE UND VERWITTERUNGSBEST\u00c4NDIGE Original WelaSol Olivin Diabas STEINE<br \/>\nNat\u00fcrlicher Stein, sehr lange Lebenszeit, gute W\u00e4rmeleitf\u00e4higkeit, ausgezeichnete W\u00e4rmespeicherungskapazit\u00e4t<br \/>\nfaustgro\u00dfe Brocken ideal geeignet f\u00fcr alle Saunaofen Fabrikate<br \/>\n&#8211; wird speziell f\u00fcr die anspruchsvollsten Eins\u00e4tze empfohlen: Saunaofen in \u00f6ffentlichen Anstalten, f\u00fcr privaten Bereich, Holz Sauna\u00f6fen<br \/>\nca. 20 kg im Versandkarton<br \/>\n<div class=\"main-cross-sell\" data-asin=\"B01N42W37O\">\n\n\t<div class=\"WooZone-cross-sell-loader\">\n\t\t<div>\n\t\t\t<div id=\"floatingBarsG\">\n\t\t\t\t<div class=\"blockG\" id=\"rotateG_01\"><\/div>\n\t\t\t\t<div class=\"blockG\" id=\"rotateG_02\"><\/div>\n\t\t\t\t<div class=\"blockG\" id=\"rotateG_03\"><\/div>\n\t\t\t\t<div class=\"blockG\" id=\"rotateG_04\"><\/div>\n\t\t\t\t<div class=\"blockG\" id=\"rotateG_05\"><\/div>\n\t\t\t\t<div class=\"blockG\" id=\"rotateG_06\"><\/div>\n\t\t\t\t<div class=\"blockG\" id=\"rotateG_07\"><\/div>\n\t\t\t\t<div class=\"blockG\" id=\"rotateG_08\"><\/div>\n\t\t\t<\/div>\n\t\t\t<div class=\"WooZone-cross-sell-loader-text\"><\/div>\n\t\t<\/div>\n\t<\/div>\n\n\t\t\n<\/div>\n<div style=\"clear:both;\"><\/div><\/p>\n","protected":false},"excerpt":{"rendered":"<p>GEPR\u00dcFTE, VORGEWASCHENE UND VERWITTERUNGSBEST\u00c4NDIGE Original WelaSol Olivin Diabas STEINE<br \/>\nNat\u00fcrlicher Stein, sehr lange Lebenszeit, gute W\u00e4rmeleitf\u00e4higkeit, ausgezeichnete W\u00e4rmespeicherungskapazit\u00e4t<br \/>\nfaustgro\u00dfe Brocken ideal geeignet f\u00fcr alle Saunaofen Fabrikate<\/p>\n","protected":false},"featured_media":216855,"comment_status":"open","ping_status":"closed","template":"","meta":[],"product_brand":[],"product_cat":[1983,11101],"product_tag":[],"class_list":{"0":"post-216854","1":"product","2":"type-product","3":"status-publish","4":"has-post-thumbnail","6":"product_cat-baumarkt","7":"product_cat-kuechen-badinstallation","8":"pa_binding-badartikel","9":"pa_brand-welasol","10":"pa_manufacturer-well-solutions","11":"pa_weight-44-0924524-pounds","13":"first","14":"instock","15":"shipping-taxable","16":"purchasable","17":"product-type-simple","18":"customify-col","19":"product-has-gallery"},"yoast_head":"<!-- This site is optimized with the Yoast SEO plugin v27.3 - https:\/\/yoast.com\/product\/yoast-seo-wordpress\/ -->\n<title>WelaSol\u00ae Saunasteine 20kg Olivin Diabas Prime - Markt-XXL<\/title>\n<meta name=\"description\" content=\"Markt-XXL WelaSol\u00ae Saunasteine 20kg Olivin Diabas Prime\" \/>\n<meta name=\"robots\" content=\"index, follow, max-snippet:-1, max-image-preview:large, max-video-preview:-1\" \/>\n<link rel=\"canonical\" href=\"https:\/\/marktxxl.de\/markt\/produkt\/welasol-saunasteine-20kg-olivin-diabas-prime\/\" \/>\n<meta property=\"og:locale\" content=\"de_DE\" \/>\n<meta property=\"og:type\" content=\"article\" \/>\n<meta property=\"og:title\" content=\"WelaSol\u00ae Saunasteine 20kg Olivin Diabas Prime - Markt-XXL\" \/>\n<meta property=\"og:description\" content=\"Markt-XXL WelaSol\u00ae Saunasteine 20kg Olivin Diabas Prime\" \/>\n<meta property=\"og:url\" content=\"https:\/\/marktxxl.de\/markt\/produkt\/welasol-saunasteine-20kg-olivin-diabas-prime\/\" \/>\n<meta property=\"og:site_name\" content=\"Markt-XXL\" \/>\n<meta name=\"twitter:card\" content=\"summary_large_image\" \/>\n<script type=\"application\/ld+json\" class=\"yoast-schema-graph\">{\"@context\":\"https:\\\/\\\/schema.org\",\"@graph\":[{\"@type\":\"WebPage\",\"@id\":\"https:\\\/\\\/marktxxl.de\\\/markt\\\/produkt\\\/welasol-saunasteine-20kg-olivin-diabas-prime\\\/\",\"url\":\"https:\\\/\\\/marktxxl.de\\\/markt\\\/produkt\\\/welasol-saunasteine-20kg-olivin-diabas-prime\\\/\",\"name\":\"WelaSol\u00ae Saunasteine 20kg Olivin Diabas Prime - Markt-XXL\",\"isPartOf\":{\"@id\":\"https:\\\/\\\/marktxxl.de\\\/markt\\\/#website\"},\"primaryImageOfPage\":{\"@id\":\"https:\\\/\\\/marktxxl.de\\\/markt\\\/produkt\\\/welasol-saunasteine-20kg-olivin-diabas-prime\\\/#primaryimage\"},\"image\":{\"@id\":\"https:\\\/\\\/marktxxl.de\\\/markt\\\/produkt\\\/welasol-saunasteine-20kg-olivin-diabas-prime\\\/#primaryimage\"},\"thumbnailUrl\":\"https:\\\/\\\/m.media-amazon.com\\\/images\\\/I\\\/41y4nTs6cSL._SL500_.jpg\",\"datePublished\":\"2024-07-28T04:40:43+00:00\",\"description\":\"Markt-XXL WelaSol\u00ae Saunasteine 20kg Olivin Diabas Prime\",\"breadcrumb\":{\"@id\":\"https:\\\/\\\/marktxxl.de\\\/markt\\\/produkt\\\/welasol-saunasteine-20kg-olivin-diabas-prime\\\/#breadcrumb\"},\"inLanguage\":\"de\",\"potentialAction\":[{\"@type\":\"ReadAction\",\"target\":[\"https:\\\/\\\/marktxxl.de\\\/markt\\\/produkt\\\/welasol-saunasteine-20kg-olivin-diabas-prime\\\/\"]}]},{\"@type\":\"ImageObject\",\"inLanguage\":\"de\",\"@id\":\"https:\\\/\\\/marktxxl.de\\\/markt\\\/produkt\\\/welasol-saunasteine-20kg-olivin-diabas-prime\\\/#primaryimage\",\"url\":\"https:\\\/\\\/m.media-amazon.com\\\/images\\\/I\\\/41y4nTs6cSL._SL500_.jpg\",\"contentUrl\":\"https:\\\/\\\/m.media-amazon.com\\\/images\\\/I\\\/41y4nTs6cSL._SL500_.jpg\",\"width\":500,\"height\":317},{\"@type\":\"BreadcrumbList\",\"@id\":\"https:\\\/\\\/marktxxl.de\\\/markt\\\/produkt\\\/welasol-saunasteine-20kg-olivin-diabas-prime\\\/#breadcrumb\",\"itemListElement\":[{\"@type\":\"ListItem\",\"position\":1,\"name\":\"Startseite\",\"item\":\"https:\\\/\\\/marktxxl.de\\\/markt\\\/\"},{\"@type\":\"ListItem\",\"position\":2,\"name\":\"Markt\",\"item\":\"https:\\\/\\\/marktxxl.de\\\/markt\\\/\"},{\"@type\":\"ListItem\",\"position\":3,\"name\":\"WelaSol\u00ae Saunasteine 20kg Olivin Diabas Prime\"}]},{\"@type\":\"WebSite\",\"@id\":\"https:\\\/\\\/marktxxl.de\\\/markt\\\/#website\",\"url\":\"https:\\\/\\\/marktxxl.de\\\/markt\\\/\",\"name\":\"Markt-XXL\",\"description\":\"Ihr Markt Online\",\"publisher\":{\"@id\":\"https:\\\/\\\/marktxxl.de\\\/markt\\\/#organization\"},\"potentialAction\":[{\"@type\":\"SearchAction\",\"target\":{\"@type\":\"EntryPoint\",\"urlTemplate\":\"https:\\\/\\\/marktxxl.de\\\/markt\\\/?s={search_term_string}\"},\"query-input\":{\"@type\":\"PropertyValueSpecification\",\"valueRequired\":true,\"valueName\":\"search_term_string\"}}],\"inLanguage\":\"de\"},{\"@type\":\"Organization\",\"@id\":\"https:\\\/\\\/marktxxl.de\\\/markt\\\/#organization\",\"name\":\"Markt-XXL\",\"url\":\"https:\\\/\\\/marktxxl.de\\\/markt\\\/\",\"logo\":{\"@type\":\"ImageObject\",\"inLanguage\":\"de\",\"@id\":\"https:\\\/\\\/marktxxl.de\\\/markt\\\/#\\\/schema\\\/logo\\\/image\\\/\",\"url\":\"https:\\\/\\\/marktxxl.de\\\/markt\\\/wp-content\\\/uploads\\\/sites\\\/3\\\/2020\\\/12\\\/logo.png\",\"contentUrl\":\"https:\\\/\\\/marktxxl.de\\\/markt\\\/wp-content\\\/uploads\\\/sites\\\/3\\\/2020\\\/12\\\/logo.png\",\"width\":200,\"height\":70,\"caption\":\"Markt-XXL\"},\"image\":{\"@id\":\"https:\\\/\\\/marktxxl.de\\\/markt\\\/#\\\/schema\\\/logo\\\/image\\\/\"}}]}<\/script>\n<!-- \/ Yoast SEO plugin. -->","yoast_head_json":{"title":"WelaSol\u00ae Saunasteine 20kg Olivin Diabas Prime - Markt-XXL","description":"Markt-XXL WelaSol\u00ae Saunasteine 20kg Olivin Diabas Prime","robots":{"index":"index","follow":"follow","max-snippet":"max-snippet:-1","max-image-preview":"max-image-preview:large","max-video-preview":"max-video-preview:-1"},"canonical":"https:\/\/marktxxl.de\/markt\/produkt\/welasol-saunasteine-20kg-olivin-diabas-prime\/","og_locale":"de_DE","og_type":"article","og_title":"WelaSol\u00ae Saunasteine 20kg Olivin Diabas Prime - Markt-XXL","og_description":"Markt-XXL WelaSol\u00ae Saunasteine 20kg Olivin Diabas Prime","og_url":"https:\/\/marktxxl.de\/markt\/produkt\/welasol-saunasteine-20kg-olivin-diabas-prime\/","og_site_name":"Markt-XXL","twitter_card":"summary_large_image","schema":{"@context":"https:\/\/schema.org","@graph":[{"@type":"WebPage","@id":"https:\/\/marktxxl.de\/markt\/produkt\/welasol-saunasteine-20kg-olivin-diabas-prime\/","url":"https:\/\/marktxxl.de\/markt\/produkt\/welasol-saunasteine-20kg-olivin-diabas-prime\/","name":"WelaSol\u00ae Saunasteine 20kg Olivin Diabas Prime - Markt-XXL","isPartOf":{"@id":"https:\/\/marktxxl.de\/markt\/#website"},"primaryImageOfPage":{"@id":"https:\/\/marktxxl.de\/markt\/produkt\/welasol-saunasteine-20kg-olivin-diabas-prime\/#primaryimage"},"image":{"@id":"https:\/\/marktxxl.de\/markt\/produkt\/welasol-saunasteine-20kg-olivin-diabas-prime\/#primaryimage"},"thumbnailUrl":"https:\/\/m.media-amazon.com\/images\/I\/41y4nTs6cSL._SL500_.jpg","datePublished":"2024-07-28T04:40:43+00:00","description":"Markt-XXL WelaSol\u00ae Saunasteine 20kg Olivin Diabas Prime","breadcrumb":{"@id":"https:\/\/marktxxl.de\/markt\/produkt\/welasol-saunasteine-20kg-olivin-diabas-prime\/#breadcrumb"},"inLanguage":"de","potentialAction":[{"@type":"ReadAction","target":["https:\/\/marktxxl.de\/markt\/produkt\/welasol-saunasteine-20kg-olivin-diabas-prime\/"]}]},{"@type":"ImageObject","inLanguage":"de","@id":"https:\/\/marktxxl.de\/markt\/produkt\/welasol-saunasteine-20kg-olivin-diabas-prime\/#primaryimage","url":"https:\/\/m.media-amazon.com\/images\/I\/41y4nTs6cSL._SL500_.jpg","contentUrl":"https:\/\/m.media-amazon.com\/images\/I\/41y4nTs6cSL._SL500_.jpg","width":500,"height":317},{"@type":"BreadcrumbList","@id":"https:\/\/marktxxl.de\/markt\/produkt\/welasol-saunasteine-20kg-olivin-diabas-prime\/#breadcrumb","itemListElement":[{"@type":"ListItem","position":1,"name":"Startseite","item":"https:\/\/marktxxl.de\/markt\/"},{"@type":"ListItem","position":2,"name":"Markt","item":"https:\/\/marktxxl.de\/markt\/"},{"@type":"ListItem","position":3,"name":"WelaSol\u00ae Saunasteine 20kg Olivin Diabas Prime"}]},{"@type":"WebSite","@id":"https:\/\/marktxxl.de\/markt\/#website","url":"https:\/\/marktxxl.de\/markt\/","name":"Markt-XXL","description":"Ihr Markt Online","publisher":{"@id":"https:\/\/marktxxl.de\/markt\/#organization"},"potentialAction":[{"@type":"SearchAction","target":{"@type":"EntryPoint","urlTemplate":"https:\/\/marktxxl.de\/markt\/?s={search_term_string}"},"query-input":{"@type":"PropertyValueSpecification","valueRequired":true,"valueName":"search_term_string"}}],"inLanguage":"de"},{"@type":"Organization","@id":"https:\/\/marktxxl.de\/markt\/#organization","name":"Markt-XXL","url":"https:\/\/marktxxl.de\/markt\/","logo":{"@type":"ImageObject","inLanguage":"de","@id":"https:\/\/marktxxl.de\/markt\/#\/schema\/logo\/image\/","url":"https:\/\/marktxxl.de\/markt\/wp-content\/uploads\/sites\/3\/2020\/12\/logo.png","contentUrl":"https:\/\/marktxxl.de\/markt\/wp-content\/uploads\/sites\/3\/2020\/12\/logo.png","width":200,"height":70,"caption":"Markt-XXL"},"image":{"@id":"https:\/\/marktxxl.de\/markt\/#\/schema\/logo\/image\/"}}]}},"_links":{"self":[{"href":"https:\/\/marktxxl.de\/markt\/wp-json\/wp\/v2\/product\/216854","targetHints":{"allow":["GET"]}}],"collection":[{"href":"https:\/\/marktxxl.de\/markt\/wp-json\/wp\/v2\/product"}],"about":[{"href":"https:\/\/marktxxl.de\/markt\/wp-json\/wp\/v2\/types\/product"}],"replies":[{"embeddable":true,"href":"https:\/\/marktxxl.de\/markt\/wp-json\/wp\/v2\/comments?post=216854"}],"wp:featuredmedia":[{"embeddable":true,"href":"https:\/\/marktxxl.de\/markt\/wp-json\/wp\/v2\/media\/216855"}],"wp:attachment":[{"href":"https:\/\/marktxxl.de\/markt\/wp-json\/wp\/v2\/media?parent=216854"}],"wp:term":[{"taxonomy":"product_brand","embeddable":true,"href":"https:\/\/marktxxl.de\/markt\/wp-json\/wp\/v2\/product_brand?post=216854"},{"taxonomy":"product_cat","embeddable":true,"href":"https:\/\/marktxxl.de\/markt\/wp-json\/wp\/v2\/product_cat?post=216854"},{"taxonomy":"product_tag","embeddable":true,"href":"https:\/\/marktxxl.de\/markt\/wp-json\/wp\/v2\/product_tag?post=216854"}],"curies":[{"name":"wp","href":"https:\/\/api.w.org\/{rel}","templated":true}]}}