{"id":216806,"date":"2024-07-28T06:37:08","date_gmt":"2024-07-28T04:37:08","guid":{"rendered":"https:\/\/marktxxl.de\/markt\/produkt\/balderia-elektrokamin-ladina-elektrischer-standkamin-mit-3d-flammeneffekt-elektro-heizung-2000w-led-beleuchtung-fernbedienung-timer-thermostat-weiss\/"},"modified":"2024-07-28T06:37:08","modified_gmt":"2024-07-28T04:37:08","slug":"balderia-elektrokamin-ladina-elektrischer-standkamin-mit-3d-flammeneffekt-elektro-heizung-2000w-led-beleuchtung-fernbedienung-timer-thermostat-weiss","status":"publish","type":"product","link":"https:\/\/marktxxl.de\/markt\/produkt\/balderia-elektrokamin-ladina-elektrischer-standkamin-mit-3d-flammeneffekt-elektro-heizung-2000w-led-beleuchtung-fernbedienung-timer-thermostat-weiss\/","title":{"rendered":"BALDERIA Elektrokamin Ladina | Elektrischer Standkamin mit 3D-Flammeneffekt | Elektro Heizung 2000W, LED-Beleuchtung, Fernbedienung, Timer &amp; Thermostat | Wei\u00df"},"content":{"rendered":"<p>ECHTES KAMINERLEBNIS: Der Elektrokamin erzeugt ein gem\u00fctlich wohliges Kamingef\u00fchl durch sein realistisches Kaminfeuer mit 3D-Flammeneffekt und naturgetreuer Darstellung von Holz und Glut. Die perfekte Entspannung nach anstrengenden Tagen.<br \/>\nELEKTRO HEIZUNG: Tolles W\u00e4rmeerlebnis und strombetriebene Heizalternative in einem. Die Heizleistung des Elektrokamins kann auch gr\u00f6\u00dfere R\u00e4ume problemlos erw\u00e4rmen. Genie\u00dfen Sie ein wohlig-warmes Kamingef\u00fchl.<br \/>\nDESIGN: Der BALDERIA E-Kamin Ladina ist zeitlos elegant und passt zu modernen und klassischen Einrichtungsstilen. Der MDF-Mantel ist Wei\u00df lackiert und nach Wunsch mit handels\u00fcblicher Farbe \u00fcberstreichbar. Wertig verarbeitet, steht der Kamin stabil und fest auf unterschiedlichen Untergr\u00fcnden. Die Oberfl\u00e4che ist robust und kratzfest.<br \/>\nBEDIENUNG: Einfache Installation und kinderleichte Bedienung machen die Nutzung zu einem Genuss. Alle Funktionen lassen sich bequem mit der mitgelieferten Fernbedienung steuern.<br \/>\nNACHHALTIG UND SICHER: Die vielseitig einsetzbaren Deko-Kamine erzeugen bei der Nutzung kein Ru\u00df und kein gef\u00e4hrliches Kohlenstoffmonoxid. Kein Feuer, keine Verbrennungsgefahr und somit ungef\u00e4hrlich f\u00fcr Kinder und Haustiere. Dank \u00dcberhitzungsschutz wird eine kritische W\u00e4rmeentwicklung vermieden.<br \/>\n<div class=\"main-cross-sell\" data-asin=\"B076M87V41\">\n\n\t<div class=\"WooZone-cross-sell-loader\">\n\t\t<div>\n\t\t\t<div id=\"floatingBarsG\">\n\t\t\t\t<div class=\"blockG\" id=\"rotateG_01\"><\/div>\n\t\t\t\t<div class=\"blockG\" id=\"rotateG_02\"><\/div>\n\t\t\t\t<div class=\"blockG\" id=\"rotateG_03\"><\/div>\n\t\t\t\t<div class=\"blockG\" id=\"rotateG_04\"><\/div>\n\t\t\t\t<div class=\"blockG\" id=\"rotateG_05\"><\/div>\n\t\t\t\t<div class=\"blockG\" id=\"rotateG_06\"><\/div>\n\t\t\t\t<div class=\"blockG\" id=\"rotateG_07\"><\/div>\n\t\t\t\t<div class=\"blockG\" id=\"rotateG_08\"><\/div>\n\t\t\t<\/div>\n\t\t\t<div class=\"WooZone-cross-sell-loader-text\"><\/div>\n\t\t<\/div>\n\t<\/div>\n\n\t\t\n<\/div>\n<div style=\"clear:both;\"><\/div><\/p>\n","protected":false},"excerpt":{"rendered":"<p>ECHTES KAMINERLEBNIS: Der Elektrokamin erzeugt ein gem\u00fctlich wohliges Kamingef\u00fchl durch sein realistisches Kaminfeuer mit 3D-Flammeneffekt und naturgetreuer Darstellung von Holz und Glut. Die perfekte Entspannung nach anstrengenden Tagen.<br \/>\nELEKTRO HEIZUNG: Tolles W\u00e4rmeerlebnis und strombetriebene Heizalternative in einem. Die Heizleistung des Elektrokamins kann auch gr\u00f6\u00dfere R\u00e4ume problemlos erw\u00e4rmen. Genie\u00dfen Sie ein wohlig-warmes Kamingef\u00fchl.<br \/>\nDESIGN: Der BALDERIA E-Kamin Ladina ist zeitlos elegant und passt zu modernen und klassischen Einrichtungsstilen. Der MDF-Mantel ist Wei\u00df lackiert und nach Wunsch mit handels\u00fcblicher Farbe \u00fcberstreichbar. Wertig verarbeitet, steht der Kamin stabil und fest auf unterschiedlichen Untergr\u00fcnden. Die Oberfl\u00e4che ist robust und kratzfest.<\/p>\n","protected":false},"featured_media":216807,"comment_status":"open","ping_status":"closed","template":"","meta":[],"product_brand":[],"product_cat":[1983,11036],"product_tag":[],"class_list":{"0":"post-216806","1":"product","2":"type-product","3":"status-publish","4":"has-post-thumbnail","6":"product_cat-baumarkt","7":"product_cat-kamine","8":"pa_binding-haushaltswaren","9":"pa_brand-balderia","10":"pa_color-weiss","11":"pa_height-36-6141-zoll","12":"pa_length-32-48025-zoll","13":"pa_manufacturer-richen","14":"pa_model-ladina","15":"pa_size-825-x-93-x-28-cm","16":"pa_weight-72-091159674-pounds","17":"pa_width-11-0236-zoll","19":"first","20":"instock","21":"shipping-taxable","22":"purchasable","23":"product-type-simple","24":"customify-col","25":"product-has-gallery"},"yoast_head":"<!-- This site is optimized with the Yoast SEO plugin v27.4 - https:\/\/yoast.com\/product\/yoast-seo-wordpress\/ -->\n<title>BALDERIA Elektrokamin Ladina | Elektrischer Standkamin mit 3D-Flammeneffekt | Elektro Heizung 2000W, LED-Beleuchtung, Fernbedienung, Timer &amp; Thermostat | Wei\u00df - Markt-XXL<\/title>\n<meta name=\"description\" content=\"Markt-XXL BALDERIA Elektrokamin Ladina | Elektrischer Standkamin mit 3D-Flammeneffekt | Elektro Heizung 2000W, LED-Beleuchtung, Fernbedienung, Timer &amp; Thermostat | Wei\u00df\" \/>\n<meta name=\"robots\" content=\"index, follow, max-snippet:-1, max-image-preview:large, max-video-preview:-1\" \/>\n<link rel=\"canonical\" href=\"https:\/\/marktxxl.de\/markt\/produkt\/balderia-elektrokamin-ladina-elektrischer-standkamin-mit-3d-flammeneffekt-elektro-heizung-2000w-led-beleuchtung-fernbedienung-timer-thermostat-weiss\/\" \/>\n<meta property=\"og:locale\" content=\"de_DE\" \/>\n<meta property=\"og:type\" content=\"article\" \/>\n<meta property=\"og:title\" content=\"BALDERIA Elektrokamin Ladina | Elektrischer Standkamin mit 3D-Flammeneffekt | Elektro Heizung 2000W, LED-Beleuchtung, Fernbedienung, Timer &amp; Thermostat | Wei\u00df - Markt-XXL\" \/>\n<meta property=\"og:description\" content=\"Markt-XXL BALDERIA Elektrokamin Ladina | Elektrischer Standkamin mit 3D-Flammeneffekt | Elektro Heizung 2000W, LED-Beleuchtung, Fernbedienung, Timer &amp; Thermostat | Wei\u00df\" \/>\n<meta property=\"og:url\" content=\"https:\/\/marktxxl.de\/markt\/produkt\/balderia-elektrokamin-ladina-elektrischer-standkamin-mit-3d-flammeneffekt-elektro-heizung-2000w-led-beleuchtung-fernbedienung-timer-thermostat-weiss\/\" \/>\n<meta property=\"og:site_name\" content=\"Markt-XXL\" \/>\n<meta name=\"twitter:card\" content=\"summary_large_image\" \/>\n<meta name=\"twitter:label1\" content=\"Gesch\u00e4tzte Lesezeit\" \/>\n\t<meta name=\"twitter:data1\" content=\"1\u00a0Minute\" \/>\n<script type=\"application\/ld+json\" class=\"yoast-schema-graph\">{\"@context\":\"https:\\\/\\\/schema.org\",\"@graph\":[{\"@type\":\"WebPage\",\"@id\":\"https:\\\/\\\/marktxxl.de\\\/markt\\\/produkt\\\/balderia-elektrokamin-ladina-elektrischer-standkamin-mit-3d-flammeneffekt-elektro-heizung-2000w-led-beleuchtung-fernbedienung-timer-thermostat-weiss\\\/\",\"url\":\"https:\\\/\\\/marktxxl.de\\\/markt\\\/produkt\\\/balderia-elektrokamin-ladina-elektrischer-standkamin-mit-3d-flammeneffekt-elektro-heizung-2000w-led-beleuchtung-fernbedienung-timer-thermostat-weiss\\\/\",\"name\":\"BALDERIA Elektrokamin Ladina | Elektrischer Standkamin mit 3D-Flammeneffekt | Elektro Heizung 2000W, LED-Beleuchtung, Fernbedienung, Timer &amp; Thermostat | Wei\u00df - Markt-XXL\",\"isPartOf\":{\"@id\":\"https:\\\/\\\/marktxxl.de\\\/markt\\\/#website\"},\"primaryImageOfPage\":{\"@id\":\"https:\\\/\\\/marktxxl.de\\\/markt\\\/produkt\\\/balderia-elektrokamin-ladina-elektrischer-standkamin-mit-3d-flammeneffekt-elektro-heizung-2000w-led-beleuchtung-fernbedienung-timer-thermostat-weiss\\\/#primaryimage\"},\"image\":{\"@id\":\"https:\\\/\\\/marktxxl.de\\\/markt\\\/produkt\\\/balderia-elektrokamin-ladina-elektrischer-standkamin-mit-3d-flammeneffekt-elektro-heizung-2000w-led-beleuchtung-fernbedienung-timer-thermostat-weiss\\\/#primaryimage\"},\"thumbnailUrl\":\"https:\\\/\\\/m.media-amazon.com\\\/images\\\/I\\\/41VOMn-uTyL._SL500_.jpg\",\"datePublished\":\"2024-07-28T04:37:08+00:00\",\"description\":\"Markt-XXL BALDERIA Elektrokamin Ladina | Elektrischer Standkamin mit 3D-Flammeneffekt | Elektro Heizung 2000W, LED-Beleuchtung, Fernbedienung, Timer &amp; Thermostat | Wei\u00df\",\"breadcrumb\":{\"@id\":\"https:\\\/\\\/marktxxl.de\\\/markt\\\/produkt\\\/balderia-elektrokamin-ladina-elektrischer-standkamin-mit-3d-flammeneffekt-elektro-heizung-2000w-led-beleuchtung-fernbedienung-timer-thermostat-weiss\\\/#breadcrumb\"},\"inLanguage\":\"de\",\"potentialAction\":[{\"@type\":\"ReadAction\",\"target\":[\"https:\\\/\\\/marktxxl.de\\\/markt\\\/produkt\\\/balderia-elektrokamin-ladina-elektrischer-standkamin-mit-3d-flammeneffekt-elektro-heizung-2000w-led-beleuchtung-fernbedienung-timer-thermostat-weiss\\\/\"]}]},{\"@type\":\"ImageObject\",\"inLanguage\":\"de\",\"@id\":\"https:\\\/\\\/marktxxl.de\\\/markt\\\/produkt\\\/balderia-elektrokamin-ladina-elektrischer-standkamin-mit-3d-flammeneffekt-elektro-heizung-2000w-led-beleuchtung-fernbedienung-timer-thermostat-weiss\\\/#primaryimage\",\"url\":\"https:\\\/\\\/m.media-amazon.com\\\/images\\\/I\\\/41VOMn-uTyL._SL500_.jpg\",\"contentUrl\":\"https:\\\/\\\/m.media-amazon.com\\\/images\\\/I\\\/41VOMn-uTyL._SL500_.jpg\",\"width\":500,\"height\":500},{\"@type\":\"BreadcrumbList\",\"@id\":\"https:\\\/\\\/marktxxl.de\\\/markt\\\/produkt\\\/balderia-elektrokamin-ladina-elektrischer-standkamin-mit-3d-flammeneffekt-elektro-heizung-2000w-led-beleuchtung-fernbedienung-timer-thermostat-weiss\\\/#breadcrumb\",\"itemListElement\":[{\"@type\":\"ListItem\",\"position\":1,\"name\":\"Startseite\",\"item\":\"https:\\\/\\\/marktxxl.de\\\/markt\\\/\"},{\"@type\":\"ListItem\",\"position\":2,\"name\":\"Markt\",\"item\":\"https:\\\/\\\/marktxxl.de\\\/markt\\\/\"},{\"@type\":\"ListItem\",\"position\":3,\"name\":\"BALDERIA Elektrokamin Ladina | Elektrischer Standkamin mit 3D-Flammeneffekt | Elektro Heizung 2000W, LED-Beleuchtung, Fernbedienung, Timer &amp; Thermostat | Wei\u00df\"}]},{\"@type\":\"WebSite\",\"@id\":\"https:\\\/\\\/marktxxl.de\\\/markt\\\/#website\",\"url\":\"https:\\\/\\\/marktxxl.de\\\/markt\\\/\",\"name\":\"Markt-XXL\",\"description\":\"Ihr Markt Online\",\"publisher\":{\"@id\":\"https:\\\/\\\/marktxxl.de\\\/markt\\\/#organization\"},\"potentialAction\":[{\"@type\":\"SearchAction\",\"target\":{\"@type\":\"EntryPoint\",\"urlTemplate\":\"https:\\\/\\\/marktxxl.de\\\/markt\\\/?s={search_term_string}\"},\"query-input\":{\"@type\":\"PropertyValueSpecification\",\"valueRequired\":true,\"valueName\":\"search_term_string\"}}],\"inLanguage\":\"de\"},{\"@type\":\"Organization\",\"@id\":\"https:\\\/\\\/marktxxl.de\\\/markt\\\/#organization\",\"name\":\"Markt-XXL\",\"url\":\"https:\\\/\\\/marktxxl.de\\\/markt\\\/\",\"logo\":{\"@type\":\"ImageObject\",\"inLanguage\":\"de\",\"@id\":\"https:\\\/\\\/marktxxl.de\\\/markt\\\/#\\\/schema\\\/logo\\\/image\\\/\",\"url\":\"https:\\\/\\\/marktxxl.de\\\/markt\\\/wp-content\\\/uploads\\\/sites\\\/3\\\/2020\\\/12\\\/logo.png\",\"contentUrl\":\"https:\\\/\\\/marktxxl.de\\\/markt\\\/wp-content\\\/uploads\\\/sites\\\/3\\\/2020\\\/12\\\/logo.png\",\"width\":200,\"height\":70,\"caption\":\"Markt-XXL\"},\"image\":{\"@id\":\"https:\\\/\\\/marktxxl.de\\\/markt\\\/#\\\/schema\\\/logo\\\/image\\\/\"}}]}<\/script>\n<!-- \/ Yoast SEO plugin. -->","yoast_head_json":{"title":"BALDERIA Elektrokamin Ladina | Elektrischer Standkamin mit 3D-Flammeneffekt | Elektro Heizung 2000W, LED-Beleuchtung, Fernbedienung, Timer &amp; Thermostat | Wei\u00df - Markt-XXL","description":"Markt-XXL BALDERIA Elektrokamin Ladina | Elektrischer Standkamin mit 3D-Flammeneffekt | Elektro Heizung 2000W, LED-Beleuchtung, Fernbedienung, Timer &amp; Thermostat | Wei\u00df","robots":{"index":"index","follow":"follow","max-snippet":"max-snippet:-1","max-image-preview":"max-image-preview:large","max-video-preview":"max-video-preview:-1"},"canonical":"https:\/\/marktxxl.de\/markt\/produkt\/balderia-elektrokamin-ladina-elektrischer-standkamin-mit-3d-flammeneffekt-elektro-heizung-2000w-led-beleuchtung-fernbedienung-timer-thermostat-weiss\/","og_locale":"de_DE","og_type":"article","og_title":"BALDERIA Elektrokamin Ladina | Elektrischer Standkamin mit 3D-Flammeneffekt | Elektro Heizung 2000W, LED-Beleuchtung, Fernbedienung, Timer &amp; Thermostat | Wei\u00df - Markt-XXL","og_description":"Markt-XXL BALDERIA Elektrokamin Ladina | Elektrischer Standkamin mit 3D-Flammeneffekt | Elektro Heizung 2000W, LED-Beleuchtung, Fernbedienung, Timer &amp; Thermostat | Wei\u00df","og_url":"https:\/\/marktxxl.de\/markt\/produkt\/balderia-elektrokamin-ladina-elektrischer-standkamin-mit-3d-flammeneffekt-elektro-heizung-2000w-led-beleuchtung-fernbedienung-timer-thermostat-weiss\/","og_site_name":"Markt-XXL","twitter_card":"summary_large_image","twitter_misc":{"Gesch\u00e4tzte Lesezeit":"1\u00a0Minute"},"schema":{"@context":"https:\/\/schema.org","@graph":[{"@type":"WebPage","@id":"https:\/\/marktxxl.de\/markt\/produkt\/balderia-elektrokamin-ladina-elektrischer-standkamin-mit-3d-flammeneffekt-elektro-heizung-2000w-led-beleuchtung-fernbedienung-timer-thermostat-weiss\/","url":"https:\/\/marktxxl.de\/markt\/produkt\/balderia-elektrokamin-ladina-elektrischer-standkamin-mit-3d-flammeneffekt-elektro-heizung-2000w-led-beleuchtung-fernbedienung-timer-thermostat-weiss\/","name":"BALDERIA Elektrokamin Ladina | Elektrischer Standkamin mit 3D-Flammeneffekt | Elektro Heizung 2000W, LED-Beleuchtung, Fernbedienung, Timer &amp; Thermostat | Wei\u00df - Markt-XXL","isPartOf":{"@id":"https:\/\/marktxxl.de\/markt\/#website"},"primaryImageOfPage":{"@id":"https:\/\/marktxxl.de\/markt\/produkt\/balderia-elektrokamin-ladina-elektrischer-standkamin-mit-3d-flammeneffekt-elektro-heizung-2000w-led-beleuchtung-fernbedienung-timer-thermostat-weiss\/#primaryimage"},"image":{"@id":"https:\/\/marktxxl.de\/markt\/produkt\/balderia-elektrokamin-ladina-elektrischer-standkamin-mit-3d-flammeneffekt-elektro-heizung-2000w-led-beleuchtung-fernbedienung-timer-thermostat-weiss\/#primaryimage"},"thumbnailUrl":"https:\/\/m.media-amazon.com\/images\/I\/41VOMn-uTyL._SL500_.jpg","datePublished":"2024-07-28T04:37:08+00:00","description":"Markt-XXL BALDERIA Elektrokamin Ladina | Elektrischer Standkamin mit 3D-Flammeneffekt | Elektro Heizung 2000W, LED-Beleuchtung, Fernbedienung, Timer &amp; Thermostat | Wei\u00df","breadcrumb":{"@id":"https:\/\/marktxxl.de\/markt\/produkt\/balderia-elektrokamin-ladina-elektrischer-standkamin-mit-3d-flammeneffekt-elektro-heizung-2000w-led-beleuchtung-fernbedienung-timer-thermostat-weiss\/#breadcrumb"},"inLanguage":"de","potentialAction":[{"@type":"ReadAction","target":["https:\/\/marktxxl.de\/markt\/produkt\/balderia-elektrokamin-ladina-elektrischer-standkamin-mit-3d-flammeneffekt-elektro-heizung-2000w-led-beleuchtung-fernbedienung-timer-thermostat-weiss\/"]}]},{"@type":"ImageObject","inLanguage":"de","@id":"https:\/\/marktxxl.de\/markt\/produkt\/balderia-elektrokamin-ladina-elektrischer-standkamin-mit-3d-flammeneffekt-elektro-heizung-2000w-led-beleuchtung-fernbedienung-timer-thermostat-weiss\/#primaryimage","url":"https:\/\/m.media-amazon.com\/images\/I\/41VOMn-uTyL._SL500_.jpg","contentUrl":"https:\/\/m.media-amazon.com\/images\/I\/41VOMn-uTyL._SL500_.jpg","width":500,"height":500},{"@type":"BreadcrumbList","@id":"https:\/\/marktxxl.de\/markt\/produkt\/balderia-elektrokamin-ladina-elektrischer-standkamin-mit-3d-flammeneffekt-elektro-heizung-2000w-led-beleuchtung-fernbedienung-timer-thermostat-weiss\/#breadcrumb","itemListElement":[{"@type":"ListItem","position":1,"name":"Startseite","item":"https:\/\/marktxxl.de\/markt\/"},{"@type":"ListItem","position":2,"name":"Markt","item":"https:\/\/marktxxl.de\/markt\/"},{"@type":"ListItem","position":3,"name":"BALDERIA Elektrokamin Ladina | Elektrischer Standkamin mit 3D-Flammeneffekt | Elektro Heizung 2000W, LED-Beleuchtung, Fernbedienung, Timer &amp; Thermostat | Wei\u00df"}]},{"@type":"WebSite","@id":"https:\/\/marktxxl.de\/markt\/#website","url":"https:\/\/marktxxl.de\/markt\/","name":"Markt-XXL","description":"Ihr Markt Online","publisher":{"@id":"https:\/\/marktxxl.de\/markt\/#organization"},"potentialAction":[{"@type":"SearchAction","target":{"@type":"EntryPoint","urlTemplate":"https:\/\/marktxxl.de\/markt\/?s={search_term_string}"},"query-input":{"@type":"PropertyValueSpecification","valueRequired":true,"valueName":"search_term_string"}}],"inLanguage":"de"},{"@type":"Organization","@id":"https:\/\/marktxxl.de\/markt\/#organization","name":"Markt-XXL","url":"https:\/\/marktxxl.de\/markt\/","logo":{"@type":"ImageObject","inLanguage":"de","@id":"https:\/\/marktxxl.de\/markt\/#\/schema\/logo\/image\/","url":"https:\/\/marktxxl.de\/markt\/wp-content\/uploads\/sites\/3\/2020\/12\/logo.png","contentUrl":"https:\/\/marktxxl.de\/markt\/wp-content\/uploads\/sites\/3\/2020\/12\/logo.png","width":200,"height":70,"caption":"Markt-XXL"},"image":{"@id":"https:\/\/marktxxl.de\/markt\/#\/schema\/logo\/image\/"}}]}},"_links":{"self":[{"href":"https:\/\/marktxxl.de\/markt\/wp-json\/wp\/v2\/product\/216806","targetHints":{"allow":["GET"]}}],"collection":[{"href":"https:\/\/marktxxl.de\/markt\/wp-json\/wp\/v2\/product"}],"about":[{"href":"https:\/\/marktxxl.de\/markt\/wp-json\/wp\/v2\/types\/product"}],"replies":[{"embeddable":true,"href":"https:\/\/marktxxl.de\/markt\/wp-json\/wp\/v2\/comments?post=216806"}],"wp:featuredmedia":[{"embeddable":true,"href":"https:\/\/marktxxl.de\/markt\/wp-json\/wp\/v2\/media\/216807"}],"wp:attachment":[{"href":"https:\/\/marktxxl.de\/markt\/wp-json\/wp\/v2\/media?parent=216806"}],"wp:term":[{"taxonomy":"product_brand","embeddable":true,"href":"https:\/\/marktxxl.de\/markt\/wp-json\/wp\/v2\/product_brand?post=216806"},{"taxonomy":"product_cat","embeddable":true,"href":"https:\/\/marktxxl.de\/markt\/wp-json\/wp\/v2\/product_cat?post=216806"},{"taxonomy":"product_tag","embeddable":true,"href":"https:\/\/marktxxl.de\/markt\/wp-json\/wp\/v2\/product_tag?post=216806"}],"curies":[{"name":"wp","href":"https:\/\/api.w.org\/{rel}","templated":true}]}}