{"id":216761,"date":"2024-07-28T06:35:48","date_gmt":"2024-07-28T04:35:48","guid":{"rendered":"https:\/\/marktxxl.de\/markt\/produkt\/amagabeli-tragetasche-fuer-brennholz-gewachstes-segeltuch-holztragetasche-mit-griffen-sicherheitsgurt-fuer-camping-innenbereich-brennholz-holzscheite-holzhalter-birkenholzstaender-grau\/"},"modified":"2024-07-28T06:35:48","modified_gmt":"2024-07-28T04:35:48","slug":"amagabeli-tragetasche-fuer-brennholz-gewachstes-segeltuch-holztragetasche-mit-griffen-sicherheitsgurt-fuer-camping-innenbereich-brennholz-holzscheite-holzhalter-birkenholzstaender-grau","status":"publish","type":"product","link":"https:\/\/marktxxl.de\/markt\/produkt\/amagabeli-tragetasche-fuer-brennholz-gewachstes-segeltuch-holztragetasche-mit-griffen-sicherheitsgurt-fuer-camping-innenbereich-brennholz-holzscheite-holzhalter-birkenholzstaender-grau\/","title":{"rendered":"Amagabeli Tragetasche f\u00fcr Brennholz, gewachstes Segeltuch, Holztragetasche, mit Griffen, Sicherheitsgurt f\u00fcr Camping, Innenbereich, Brennholz, Holzscheite, Holzhalter, Birkenholzst\u00e4nder, Grau"},"content":{"rendered":"<p>Gro\u00dfe Kapazit\u00e4t: Gro\u00dfe Tragetasche mit extra gro\u00dfen Abmessungen von 99,1 cm lang x 45,7 cm breit, hervorragende Gr\u00f6\u00dfe f\u00fcr den Transport von mehr Holzscheiten, Brennholz, Anz\u00fcndholz, H\u00f6lzer und Zweigen. Perfekt f\u00fcr den Transport und den Transport von mehr Holzscheiten vom Holzstapel zum Kamin. Kein erh\u00f6htes Rand-Design funktioniert hervorragend f\u00fcr den Transport von mehr Brennholz in jeder Gr\u00f6\u00dfe, ohne die L\u00e4nge der H\u00f6lzer einzuschr\u00e4nken.<br \/>\nLanglebig und wasserfest: Die Tragetasche ist gut verarbeitet, leicht und handlich, sorgt f\u00fcr einen sauberen und sauberen Prozess f\u00fcr den Transport von Brennholz in Ihrem Haus. Wasserdichtes, kratzfestes, kompaktes gewachstes Segeltuch-Material, haltbarer und tragf\u00e4higer, leicht zu reinigen und langlebig.<br \/>\nBequem zu bedienen: Der rutschfeste Griff macht das Tragen von mehr Holzscheiten einfach und bequem. Mit einem verstellbaren zentralen Riemen zum Sichern und Festziehen der Holzscheite w\u00e4hrend der Ladung. Es h\u00e4lt das B\u00fcndel sauber und fest im Inneren des Segeltuch-Holztr\u00e4gers. Tragetasche f\u00fcr Brennholz mit leichtem Gewicht und kompaktem Canvas-Material, praktisch f\u00fcr den Transport von H\u00f6lzern.<br \/>\nVielseitig einsetzbar: Feuerscheit-Tragetasche, einfach zusammenzufalten und zu verstauen. Als Kaminholztr\u00e4ger, um Holzsp\u00e4ne im Inneren zu halten und nicht auf dem Boden zu streuen, f\u00fcr Kamin, Grillen und so ziemlich alles rund um drau\u00dfen. Als normale Aufbewahrungstasche, zum Sammeln von Weihnachtsbaum, Festival-Artikeln, Gartenger\u00e4ten, Picknick- oder Camping-Zubeh\u00f6r, zum Verpacken von Kinderspielzeugen. Einfach zusammenzuklappen und platzsparend zu verstauen, wenn nicht in Gebrauch.<br \/>\nKundenbetreuung: Wir sind bestrebt, Premium-Produkte f\u00fcr Sie anzubieten und Ihnen eine tadellose Kundenbetreuung zu bieten. Warten Sie nicht l\u00e4nger und genie\u00dfen Sie einfach noch heute Ihre idealen Produkte<br \/>\n<div class=\"main-cross-sell\" data-asin=\"B08B3PCLPN\">\n\n\t<div class=\"WooZone-cross-sell-loader\">\n\t\t<div>\n\t\t\t<div id=\"floatingBarsG\">\n\t\t\t\t<div class=\"blockG\" id=\"rotateG_01\"><\/div>\n\t\t\t\t<div class=\"blockG\" id=\"rotateG_02\"><\/div>\n\t\t\t\t<div class=\"blockG\" id=\"rotateG_03\"><\/div>\n\t\t\t\t<div class=\"blockG\" id=\"rotateG_04\"><\/div>\n\t\t\t\t<div class=\"blockG\" id=\"rotateG_05\"><\/div>\n\t\t\t\t<div class=\"blockG\" id=\"rotateG_06\"><\/div>\n\t\t\t\t<div class=\"blockG\" id=\"rotateG_07\"><\/div>\n\t\t\t\t<div class=\"blockG\" id=\"rotateG_08\"><\/div>\n\t\t\t<\/div>\n\t\t\t<div class=\"WooZone-cross-sell-loader-text\"><\/div>\n\t\t<\/div>\n\t<\/div>\n\n\t\t\n<\/div>\n<div style=\"clear:both;\"><\/div><\/p>\n","protected":false},"excerpt":{"rendered":"<p>Gro\u00dfe Kapazit\u00e4t: Gro\u00dfe Tragetasche mit extra gro\u00dfen Abmessungen von 99,1 cm lang x 45,7 cm breit, hervorragende Gr\u00f6\u00dfe f\u00fcr den Transport von mehr Holzscheiten, Brennholz, Anz\u00fcndholz, H\u00f6lzer und Zweigen. Perfekt f\u00fcr den Transport und den Transport von mehr Holzscheiten vom Holzstapel zum Kamin. Kein erh\u00f6htes Rand-Design funktioniert hervorragend f\u00fcr den Transport von mehr Brennholz in jeder Gr\u00f6\u00dfe, ohne die L\u00e4nge der H\u00f6lzer einzuschr\u00e4nken.<br \/>\nLanglebig und wasserfest: Die Tragetasche ist gut verarbeitet, leicht und handlich, sorgt f\u00fcr einen sauberen und sauberen Prozess f\u00fcr den Transport von Brennholz in Ihrem Haus. Wasserdichtes, kratzfestes, kompaktes gewachstes Segeltuch-Material, haltbarer und tragf\u00e4higer, leicht zu reinigen und langlebig.<br \/>\nBequem zu bedienen: Der rutschfeste Griff macht das Tragen von mehr Holzscheiten einfach und bequem. Mit einem verstellbaren zentralen Riemen zum Sichern und Festziehen der Holzscheite w\u00e4hrend der Ladung. Es h\u00e4lt das B\u00fcndel sauber und fest im Inneren des Segeltuch-Holztr\u00e4gers. Tragetasche f\u00fcr Brennholz mit leichtem Gewicht und kompaktem Canvas-Material, praktisch f\u00fcr den Transport von H\u00f6lzern.<\/p>\n","protected":false},"featured_media":216762,"comment_status":"open","ping_status":"closed","template":"","meta":[],"product_brand":[],"product_cat":[1983,11036],"product_tag":[],"class_list":{"0":"post-216761","1":"product","2":"type-product","3":"status-publish","4":"has-post-thumbnail","6":"product_cat-baumarkt","7":"product_cat-kamine","8":"pa_binding-haushaltswaren","9":"pa_brand-amagabeli-garden-home","10":"pa_color-grau","11":"pa_height-10-zoll","12":"pa_length-10-zoll","13":"pa_manufacturer-amagabeli-garden-home","14":"pa_model-fireplace215","15":"pa_width-36-zoll","17":"first","18":"instock","19":"shipping-taxable","20":"purchasable","21":"product-type-simple","22":"customify-col","23":"product-has-gallery"},"yoast_head":"<!-- This site is optimized with the Yoast SEO plugin v27.4 - https:\/\/yoast.com\/product\/yoast-seo-wordpress\/ -->\n<title>Amagabeli Tragetasche f\u00fcr Brennholz, gewachstes Segeltuch, Holztragetasche, mit Griffen, Sicherheitsgurt f\u00fcr Camping, Innenbereich, Brennholz, Holzscheite, Holzhalter, Birkenholzst\u00e4nder, Grau - Markt-XXL<\/title>\n<meta name=\"description\" content=\"Markt-XXL Amagabeli Tragetasche f\u00fcr Brennholz, gewachstes Segeltuch, Holztragetasche, mit Griffen, Sicherheitsgurt f\u00fcr Camping, Innenbereich, Brennholz, Holzscheite, Holzhalter, Birkenholzst\u00e4nder, Grau\" \/>\n<meta name=\"robots\" content=\"index, follow, max-snippet:-1, max-image-preview:large, max-video-preview:-1\" \/>\n<link rel=\"canonical\" href=\"https:\/\/marktxxl.de\/markt\/produkt\/amagabeli-tragetasche-fuer-brennholz-gewachstes-segeltuch-holztragetasche-mit-griffen-sicherheitsgurt-fuer-camping-innenbereich-brennholz-holzscheite-holzhalter-birkenholzstaender-grau\/\" \/>\n<meta property=\"og:locale\" content=\"de_DE\" \/>\n<meta property=\"og:type\" content=\"article\" \/>\n<meta property=\"og:title\" content=\"Amagabeli Tragetasche f\u00fcr Brennholz, gewachstes Segeltuch, Holztragetasche, mit Griffen, Sicherheitsgurt f\u00fcr Camping, Innenbereich, Brennholz, Holzscheite, Holzhalter, Birkenholzst\u00e4nder, Grau - Markt-XXL\" \/>\n<meta property=\"og:description\" content=\"Markt-XXL Amagabeli Tragetasche f\u00fcr Brennholz, gewachstes Segeltuch, Holztragetasche, mit Griffen, Sicherheitsgurt f\u00fcr Camping, Innenbereich, Brennholz, Holzscheite, Holzhalter, Birkenholzst\u00e4nder, Grau\" \/>\n<meta property=\"og:url\" content=\"https:\/\/marktxxl.de\/markt\/produkt\/amagabeli-tragetasche-fuer-brennholz-gewachstes-segeltuch-holztragetasche-mit-griffen-sicherheitsgurt-fuer-camping-innenbereich-brennholz-holzscheite-holzhalter-birkenholzstaender-grau\/\" \/>\n<meta property=\"og:site_name\" content=\"Markt-XXL\" \/>\n<meta name=\"twitter:card\" content=\"summary_large_image\" \/>\n<meta name=\"twitter:label1\" content=\"Gesch\u00e4tzte Lesezeit\" \/>\n\t<meta name=\"twitter:data1\" content=\"1\u00a0Minute\" \/>\n<script type=\"application\/ld+json\" class=\"yoast-schema-graph\">{\"@context\":\"https:\\\/\\\/schema.org\",\"@graph\":[{\"@type\":\"WebPage\",\"@id\":\"https:\\\/\\\/marktxxl.de\\\/markt\\\/produkt\\\/amagabeli-tragetasche-fuer-brennholz-gewachstes-segeltuch-holztragetasche-mit-griffen-sicherheitsgurt-fuer-camping-innenbereich-brennholz-holzscheite-holzhalter-birkenholzstaender-grau\\\/\",\"url\":\"https:\\\/\\\/marktxxl.de\\\/markt\\\/produkt\\\/amagabeli-tragetasche-fuer-brennholz-gewachstes-segeltuch-holztragetasche-mit-griffen-sicherheitsgurt-fuer-camping-innenbereich-brennholz-holzscheite-holzhalter-birkenholzstaender-grau\\\/\",\"name\":\"Amagabeli Tragetasche f\u00fcr Brennholz, gewachstes Segeltuch, Holztragetasche, mit Griffen, Sicherheitsgurt f\u00fcr Camping, Innenbereich, Brennholz, Holzscheite, Holzhalter, Birkenholzst\u00e4nder, Grau - Markt-XXL\",\"isPartOf\":{\"@id\":\"https:\\\/\\\/marktxxl.de\\\/markt\\\/#website\"},\"primaryImageOfPage\":{\"@id\":\"https:\\\/\\\/marktxxl.de\\\/markt\\\/produkt\\\/amagabeli-tragetasche-fuer-brennholz-gewachstes-segeltuch-holztragetasche-mit-griffen-sicherheitsgurt-fuer-camping-innenbereich-brennholz-holzscheite-holzhalter-birkenholzstaender-grau\\\/#primaryimage\"},\"image\":{\"@id\":\"https:\\\/\\\/marktxxl.de\\\/markt\\\/produkt\\\/amagabeli-tragetasche-fuer-brennholz-gewachstes-segeltuch-holztragetasche-mit-griffen-sicherheitsgurt-fuer-camping-innenbereich-brennholz-holzscheite-holzhalter-birkenholzstaender-grau\\\/#primaryimage\"},\"thumbnailUrl\":\"https:\\\/\\\/m.media-amazon.com\\\/images\\\/I\\\/513Mk7XXRiL._SL500_.jpg\",\"datePublished\":\"2024-07-28T04:35:48+00:00\",\"description\":\"Markt-XXL Amagabeli Tragetasche f\u00fcr Brennholz, gewachstes Segeltuch, Holztragetasche, mit Griffen, Sicherheitsgurt f\u00fcr Camping, Innenbereich, Brennholz, Holzscheite, Holzhalter, Birkenholzst\u00e4nder, Grau\",\"breadcrumb\":{\"@id\":\"https:\\\/\\\/marktxxl.de\\\/markt\\\/produkt\\\/amagabeli-tragetasche-fuer-brennholz-gewachstes-segeltuch-holztragetasche-mit-griffen-sicherheitsgurt-fuer-camping-innenbereich-brennholz-holzscheite-holzhalter-birkenholzstaender-grau\\\/#breadcrumb\"},\"inLanguage\":\"de\",\"potentialAction\":[{\"@type\":\"ReadAction\",\"target\":[\"https:\\\/\\\/marktxxl.de\\\/markt\\\/produkt\\\/amagabeli-tragetasche-fuer-brennholz-gewachstes-segeltuch-holztragetasche-mit-griffen-sicherheitsgurt-fuer-camping-innenbereich-brennholz-holzscheite-holzhalter-birkenholzstaender-grau\\\/\"]}]},{\"@type\":\"ImageObject\",\"inLanguage\":\"de\",\"@id\":\"https:\\\/\\\/marktxxl.de\\\/markt\\\/produkt\\\/amagabeli-tragetasche-fuer-brennholz-gewachstes-segeltuch-holztragetasche-mit-griffen-sicherheitsgurt-fuer-camping-innenbereich-brennholz-holzscheite-holzhalter-birkenholzstaender-grau\\\/#primaryimage\",\"url\":\"https:\\\/\\\/m.media-amazon.com\\\/images\\\/I\\\/513Mk7XXRiL._SL500_.jpg\",\"contentUrl\":\"https:\\\/\\\/m.media-amazon.com\\\/images\\\/I\\\/513Mk7XXRiL._SL500_.jpg\",\"width\":500,\"height\":500},{\"@type\":\"BreadcrumbList\",\"@id\":\"https:\\\/\\\/marktxxl.de\\\/markt\\\/produkt\\\/amagabeli-tragetasche-fuer-brennholz-gewachstes-segeltuch-holztragetasche-mit-griffen-sicherheitsgurt-fuer-camping-innenbereich-brennholz-holzscheite-holzhalter-birkenholzstaender-grau\\\/#breadcrumb\",\"itemListElement\":[{\"@type\":\"ListItem\",\"position\":1,\"name\":\"Startseite\",\"item\":\"https:\\\/\\\/marktxxl.de\\\/markt\\\/\"},{\"@type\":\"ListItem\",\"position\":2,\"name\":\"Markt\",\"item\":\"https:\\\/\\\/marktxxl.de\\\/markt\\\/\"},{\"@type\":\"ListItem\",\"position\":3,\"name\":\"Amagabeli Tragetasche f\u00fcr Brennholz, gewachstes Segeltuch, Holztragetasche, mit Griffen, Sicherheitsgurt f\u00fcr Camping, Innenbereich, Brennholz, Holzscheite, Holzhalter, Birkenholzst\u00e4nder, Grau\"}]},{\"@type\":\"WebSite\",\"@id\":\"https:\\\/\\\/marktxxl.de\\\/markt\\\/#website\",\"url\":\"https:\\\/\\\/marktxxl.de\\\/markt\\\/\",\"name\":\"Markt-XXL\",\"description\":\"Ihr Markt Online\",\"publisher\":{\"@id\":\"https:\\\/\\\/marktxxl.de\\\/markt\\\/#organization\"},\"potentialAction\":[{\"@type\":\"SearchAction\",\"target\":{\"@type\":\"EntryPoint\",\"urlTemplate\":\"https:\\\/\\\/marktxxl.de\\\/markt\\\/?s={search_term_string}\"},\"query-input\":{\"@type\":\"PropertyValueSpecification\",\"valueRequired\":true,\"valueName\":\"search_term_string\"}}],\"inLanguage\":\"de\"},{\"@type\":\"Organization\",\"@id\":\"https:\\\/\\\/marktxxl.de\\\/markt\\\/#organization\",\"name\":\"Markt-XXL\",\"url\":\"https:\\\/\\\/marktxxl.de\\\/markt\\\/\",\"logo\":{\"@type\":\"ImageObject\",\"inLanguage\":\"de\",\"@id\":\"https:\\\/\\\/marktxxl.de\\\/markt\\\/#\\\/schema\\\/logo\\\/image\\\/\",\"url\":\"https:\\\/\\\/marktxxl.de\\\/markt\\\/wp-content\\\/uploads\\\/sites\\\/3\\\/2020\\\/12\\\/logo.png\",\"contentUrl\":\"https:\\\/\\\/marktxxl.de\\\/markt\\\/wp-content\\\/uploads\\\/sites\\\/3\\\/2020\\\/12\\\/logo.png\",\"width\":200,\"height\":70,\"caption\":\"Markt-XXL\"},\"image\":{\"@id\":\"https:\\\/\\\/marktxxl.de\\\/markt\\\/#\\\/schema\\\/logo\\\/image\\\/\"}}]}<\/script>\n<!-- \/ Yoast SEO plugin. -->","yoast_head_json":{"title":"Amagabeli Tragetasche f\u00fcr Brennholz, gewachstes Segeltuch, Holztragetasche, mit Griffen, Sicherheitsgurt f\u00fcr Camping, Innenbereich, Brennholz, Holzscheite, Holzhalter, Birkenholzst\u00e4nder, Grau - Markt-XXL","description":"Markt-XXL Amagabeli Tragetasche f\u00fcr Brennholz, gewachstes Segeltuch, Holztragetasche, mit Griffen, Sicherheitsgurt f\u00fcr Camping, Innenbereich, Brennholz, Holzscheite, Holzhalter, Birkenholzst\u00e4nder, Grau","robots":{"index":"index","follow":"follow","max-snippet":"max-snippet:-1","max-image-preview":"max-image-preview:large","max-video-preview":"max-video-preview:-1"},"canonical":"https:\/\/marktxxl.de\/markt\/produkt\/amagabeli-tragetasche-fuer-brennholz-gewachstes-segeltuch-holztragetasche-mit-griffen-sicherheitsgurt-fuer-camping-innenbereich-brennholz-holzscheite-holzhalter-birkenholzstaender-grau\/","og_locale":"de_DE","og_type":"article","og_title":"Amagabeli Tragetasche f\u00fcr Brennholz, gewachstes Segeltuch, Holztragetasche, mit Griffen, Sicherheitsgurt f\u00fcr Camping, Innenbereich, Brennholz, Holzscheite, Holzhalter, Birkenholzst\u00e4nder, Grau - Markt-XXL","og_description":"Markt-XXL Amagabeli Tragetasche f\u00fcr Brennholz, gewachstes Segeltuch, Holztragetasche, mit Griffen, Sicherheitsgurt f\u00fcr Camping, Innenbereich, Brennholz, Holzscheite, Holzhalter, Birkenholzst\u00e4nder, Grau","og_url":"https:\/\/marktxxl.de\/markt\/produkt\/amagabeli-tragetasche-fuer-brennholz-gewachstes-segeltuch-holztragetasche-mit-griffen-sicherheitsgurt-fuer-camping-innenbereich-brennholz-holzscheite-holzhalter-birkenholzstaender-grau\/","og_site_name":"Markt-XXL","twitter_card":"summary_large_image","twitter_misc":{"Gesch\u00e4tzte Lesezeit":"1\u00a0Minute"},"schema":{"@context":"https:\/\/schema.org","@graph":[{"@type":"WebPage","@id":"https:\/\/marktxxl.de\/markt\/produkt\/amagabeli-tragetasche-fuer-brennholz-gewachstes-segeltuch-holztragetasche-mit-griffen-sicherheitsgurt-fuer-camping-innenbereich-brennholz-holzscheite-holzhalter-birkenholzstaender-grau\/","url":"https:\/\/marktxxl.de\/markt\/produkt\/amagabeli-tragetasche-fuer-brennholz-gewachstes-segeltuch-holztragetasche-mit-griffen-sicherheitsgurt-fuer-camping-innenbereich-brennholz-holzscheite-holzhalter-birkenholzstaender-grau\/","name":"Amagabeli Tragetasche f\u00fcr Brennholz, gewachstes Segeltuch, Holztragetasche, mit Griffen, Sicherheitsgurt f\u00fcr Camping, Innenbereich, Brennholz, Holzscheite, Holzhalter, Birkenholzst\u00e4nder, Grau - Markt-XXL","isPartOf":{"@id":"https:\/\/marktxxl.de\/markt\/#website"},"primaryImageOfPage":{"@id":"https:\/\/marktxxl.de\/markt\/produkt\/amagabeli-tragetasche-fuer-brennholz-gewachstes-segeltuch-holztragetasche-mit-griffen-sicherheitsgurt-fuer-camping-innenbereich-brennholz-holzscheite-holzhalter-birkenholzstaender-grau\/#primaryimage"},"image":{"@id":"https:\/\/marktxxl.de\/markt\/produkt\/amagabeli-tragetasche-fuer-brennholz-gewachstes-segeltuch-holztragetasche-mit-griffen-sicherheitsgurt-fuer-camping-innenbereich-brennholz-holzscheite-holzhalter-birkenholzstaender-grau\/#primaryimage"},"thumbnailUrl":"https:\/\/m.media-amazon.com\/images\/I\/513Mk7XXRiL._SL500_.jpg","datePublished":"2024-07-28T04:35:48+00:00","description":"Markt-XXL Amagabeli Tragetasche f\u00fcr Brennholz, gewachstes Segeltuch, Holztragetasche, mit Griffen, Sicherheitsgurt f\u00fcr Camping, Innenbereich, Brennholz, Holzscheite, Holzhalter, Birkenholzst\u00e4nder, Grau","breadcrumb":{"@id":"https:\/\/marktxxl.de\/markt\/produkt\/amagabeli-tragetasche-fuer-brennholz-gewachstes-segeltuch-holztragetasche-mit-griffen-sicherheitsgurt-fuer-camping-innenbereich-brennholz-holzscheite-holzhalter-birkenholzstaender-grau\/#breadcrumb"},"inLanguage":"de","potentialAction":[{"@type":"ReadAction","target":["https:\/\/marktxxl.de\/markt\/produkt\/amagabeli-tragetasche-fuer-brennholz-gewachstes-segeltuch-holztragetasche-mit-griffen-sicherheitsgurt-fuer-camping-innenbereich-brennholz-holzscheite-holzhalter-birkenholzstaender-grau\/"]}]},{"@type":"ImageObject","inLanguage":"de","@id":"https:\/\/marktxxl.de\/markt\/produkt\/amagabeli-tragetasche-fuer-brennholz-gewachstes-segeltuch-holztragetasche-mit-griffen-sicherheitsgurt-fuer-camping-innenbereich-brennholz-holzscheite-holzhalter-birkenholzstaender-grau\/#primaryimage","url":"https:\/\/m.media-amazon.com\/images\/I\/513Mk7XXRiL._SL500_.jpg","contentUrl":"https:\/\/m.media-amazon.com\/images\/I\/513Mk7XXRiL._SL500_.jpg","width":500,"height":500},{"@type":"BreadcrumbList","@id":"https:\/\/marktxxl.de\/markt\/produkt\/amagabeli-tragetasche-fuer-brennholz-gewachstes-segeltuch-holztragetasche-mit-griffen-sicherheitsgurt-fuer-camping-innenbereich-brennholz-holzscheite-holzhalter-birkenholzstaender-grau\/#breadcrumb","itemListElement":[{"@type":"ListItem","position":1,"name":"Startseite","item":"https:\/\/marktxxl.de\/markt\/"},{"@type":"ListItem","position":2,"name":"Markt","item":"https:\/\/marktxxl.de\/markt\/"},{"@type":"ListItem","position":3,"name":"Amagabeli Tragetasche f\u00fcr Brennholz, gewachstes Segeltuch, Holztragetasche, mit Griffen, Sicherheitsgurt f\u00fcr Camping, Innenbereich, Brennholz, Holzscheite, Holzhalter, Birkenholzst\u00e4nder, Grau"}]},{"@type":"WebSite","@id":"https:\/\/marktxxl.de\/markt\/#website","url":"https:\/\/marktxxl.de\/markt\/","name":"Markt-XXL","description":"Ihr Markt Online","publisher":{"@id":"https:\/\/marktxxl.de\/markt\/#organization"},"potentialAction":[{"@type":"SearchAction","target":{"@type":"EntryPoint","urlTemplate":"https:\/\/marktxxl.de\/markt\/?s={search_term_string}"},"query-input":{"@type":"PropertyValueSpecification","valueRequired":true,"valueName":"search_term_string"}}],"inLanguage":"de"},{"@type":"Organization","@id":"https:\/\/marktxxl.de\/markt\/#organization","name":"Markt-XXL","url":"https:\/\/marktxxl.de\/markt\/","logo":{"@type":"ImageObject","inLanguage":"de","@id":"https:\/\/marktxxl.de\/markt\/#\/schema\/logo\/image\/","url":"https:\/\/marktxxl.de\/markt\/wp-content\/uploads\/sites\/3\/2020\/12\/logo.png","contentUrl":"https:\/\/marktxxl.de\/markt\/wp-content\/uploads\/sites\/3\/2020\/12\/logo.png","width":200,"height":70,"caption":"Markt-XXL"},"image":{"@id":"https:\/\/marktxxl.de\/markt\/#\/schema\/logo\/image\/"}}]}},"_links":{"self":[{"href":"https:\/\/marktxxl.de\/markt\/wp-json\/wp\/v2\/product\/216761","targetHints":{"allow":["GET"]}}],"collection":[{"href":"https:\/\/marktxxl.de\/markt\/wp-json\/wp\/v2\/product"}],"about":[{"href":"https:\/\/marktxxl.de\/markt\/wp-json\/wp\/v2\/types\/product"}],"replies":[{"embeddable":true,"href":"https:\/\/marktxxl.de\/markt\/wp-json\/wp\/v2\/comments?post=216761"}],"wp:featuredmedia":[{"embeddable":true,"href":"https:\/\/marktxxl.de\/markt\/wp-json\/wp\/v2\/media\/216762"}],"wp:attachment":[{"href":"https:\/\/marktxxl.de\/markt\/wp-json\/wp\/v2\/media?parent=216761"}],"wp:term":[{"taxonomy":"product_brand","embeddable":true,"href":"https:\/\/marktxxl.de\/markt\/wp-json\/wp\/v2\/product_brand?post=216761"},{"taxonomy":"product_cat","embeddable":true,"href":"https:\/\/marktxxl.de\/markt\/wp-json\/wp\/v2\/product_cat?post=216761"},{"taxonomy":"product_tag","embeddable":true,"href":"https:\/\/marktxxl.de\/markt\/wp-json\/wp\/v2\/product_tag?post=216761"}],"curies":[{"name":"wp","href":"https:\/\/api.w.org\/{rel}","templated":true}]}}