{"id":216689,"date":"2024-07-28T05:58:29","date_gmt":"2024-07-28T03:58:29","guid":{"rendered":"https:\/\/marktxxl.de\/markt\/produkt\/tragbare-wickelunterlage-fuer-baby-abnehmbare-reise-wickelunterlage-mit-feuchttuecher-tasche-geschenke-fuer-babyparty-neugeborene-maedchen-und-jungen\/"},"modified":"2024-07-28T05:58:29","modified_gmt":"2024-07-28T03:58:29","slug":"tragbare-wickelunterlage-fuer-baby-abnehmbare-reise-wickelunterlage-mit-feuchttuecher-tasche-geschenke-fuer-babyparty-neugeborene-maedchen-und-jungen","status":"publish","type":"product","link":"https:\/\/marktxxl.de\/markt\/produkt\/tragbare-wickelunterlage-fuer-baby-abnehmbare-reise-wickelunterlage-mit-feuchttuecher-tasche-geschenke-fuer-babyparty-neugeborene-maedchen-und-jungen\/","title":{"rendered":"Tragbare Wickelunterlage f\u00fcr Baby, abnehmbare Reise-Wickelunterlage mit Feuchtt\u00fccher-Tasche, Geschenke f\u00fcr Babyparty, neugeborene M\u00e4dchen und Jungen"},"content":{"rendered":"<p>Perfektes Geschenk f\u00fcr Babypartys. Dies ist das perfekte Geschenk f\u00fcr eine neue Mutter: praktisch, bequem und bequem f\u00fcr das Baby. Unsere Reise-Wickelunterlage ist Ihre beste Wahl; das moderne, geschlechtsneutrale Design ist f\u00fcr alle Bed\u00fcrfnisse geeignet; Diese Baby-Wickelunterlage ist ein absolutes Must-Have f\u00fcr Neugeborenen-Zubeh\u00f6r f\u00fcr Eltern!<br \/>\nEinh\u00e4ndiger Komfort; die tragbaren Wickelunterlagen von Alatino erleichtern die Arbeit h\u00e4ufiger Wechsel; eine schnell zu \u00f6ffnende Schnalle macht die tragbare Baby-Wickelunterlage einfach mit einer Hand zu \u00f6ffnen und zu entfalten. Sie ist perfekt f\u00fcr vielbesch\u00e4ftigte M\u00fctter oder V\u00e4ter, die oft unterwegs sind und ist so konzipiert, dass Sie die Windel Ihres Babys jederzeit und \u00fcberall schnell wechseln k\u00f6nnen<br \/>\nLeicht zu reinigen und bequem f\u00fcr das Baby; die tragbare Wickelunterlage von Alatino ist aus hochwertigen Materialien hergestellt. Die hochwertige, gepolsterte Oberfl\u00e4che verf\u00fcgt \u00fcber ein integriertes 1,2 cm Memory-Schaum-Kissen, um den Kopf Ihres Babys zu polstern. Die wasserdichte Materialoberfl\u00e4che macht es einfach zu reinigen mit einem schnellen Abwischen, wenn Unordnung passieren<br \/>\nSchneller Zugriff auf Feuchtt\u00fccher unterwegs: Die tragbare Wickelunterlage f\u00fcr Babys hat eine super praktische, integrierte, intelligente Feuchtt\u00fccher-\u00d6ffnung, die den Zugang zu Feuchtt\u00fcchern erm\u00f6glicht, auch wenn die Wickelunterlage gefaltet ist. Stecken Sie einfach ein Paket T\u00fccher in die Tasche und ziehen Sie die T\u00fccher durch die \u00d6ffnung f\u00fcr schnellen Zugriff unterwegs. Die Tasche bietet Platz f\u00fcr gro\u00dfe und kleine Feuchtt\u00fccher; ein intelligent gestalteter, vielseitiger Griff erm\u00f6glicht es Ihnen, sie als Clutch zu tragen oder an Kinderwagen, Wickeltaschen oder der R\u00fcckseite der Kopfst\u00fctze in Ihrem Auto zu befestigen<br \/>\n<div class=\"main-cross-sell\" data-asin=\"B08N4W4CFC\">\n\n\t<div class=\"WooZone-cross-sell-loader\">\n\t\t<div>\n\t\t\t<div id=\"floatingBarsG\">\n\t\t\t\t<div class=\"blockG\" id=\"rotateG_01\"><\/div>\n\t\t\t\t<div class=\"blockG\" id=\"rotateG_02\"><\/div>\n\t\t\t\t<div class=\"blockG\" id=\"rotateG_03\"><\/div>\n\t\t\t\t<div class=\"blockG\" id=\"rotateG_04\"><\/div>\n\t\t\t\t<div class=\"blockG\" id=\"rotateG_05\"><\/div>\n\t\t\t\t<div class=\"blockG\" id=\"rotateG_06\"><\/div>\n\t\t\t\t<div class=\"blockG\" id=\"rotateG_07\"><\/div>\n\t\t\t\t<div class=\"blockG\" id=\"rotateG_08\"><\/div>\n\t\t\t<\/div>\n\t\t\t<div class=\"WooZone-cross-sell-loader-text\"><\/div>\n\t\t<\/div>\n\t<\/div>\n\n\t\t\n<\/div>\n<div style=\"clear:both;\"><\/div><\/p>\n","protected":false},"excerpt":{"rendered":"<p>Perfektes Geschenk f\u00fcr Babypartys. Dies ist das perfekte Geschenk f\u00fcr eine neue Mutter: praktisch, bequem und bequem f\u00fcr das Baby. Unsere Reise-Wickelunterlage ist Ihre beste Wahl; das moderne, geschlechtsneutrale Design ist f\u00fcr alle Bed\u00fcrfnisse geeignet; Diese Baby-Wickelunterlage ist ein absolutes Must-Have f\u00fcr Neugeborenen-Zubeh\u00f6r f\u00fcr Eltern!<br \/>\nEinh\u00e4ndiger Komfort; die tragbaren Wickelunterlagen von Alatino erleichtern die Arbeit h\u00e4ufiger Wechsel; eine schnell zu \u00f6ffnende Schnalle macht die tragbare Baby-Wickelunterlage einfach mit einer Hand zu \u00f6ffnen und zu entfalten. Sie ist perfekt f\u00fcr vielbesch\u00e4ftigte M\u00fctter oder V\u00e4ter, die oft unterwegs sind und ist so konzipiert, dass Sie die Windel Ihres Babys jederzeit und \u00fcberall schnell wechseln k\u00f6nnen<br \/>\nLeicht zu reinigen und bequem f\u00fcr das Baby; die tragbare Wickelunterlage von Alatino ist aus hochwertigen Materialien hergestellt. Die hochwertige, gepolsterte Oberfl\u00e4che verf\u00fcgt \u00fcber ein integriertes 1,2 cm Memory-Schaum-Kissen, um den Kopf Ihres Babys zu polstern. Die wasserdichte Materialoberfl\u00e4che macht es einfach zu reinigen mit einem schnellen Abwischen, wenn Unordnung passieren<\/p>\n","protected":false},"featured_media":216690,"comment_status":"open","ping_status":"closed","template":"","meta":[],"product_brand":[],"product_cat":[21,9520],"product_tag":[],"class_list":{"0":"post-216689","1":"product","2":"type-product","3":"status-publish","4":"has-post-thumbnail","6":"product_cat-baby","7":"product_cat-wickeln-baby","8":"pa_binding-babyartikel","9":"pa_brand-alatino","10":"pa_color-grau","11":"pa_height-2-8-zoll","12":"pa_length-12-zoll","13":"pa_manufacturer-alatino","14":"pa_model-al001","15":"pa_weight-0-68-pfund","16":"pa_width-8-zoll","18":"first","19":"instock","20":"shipping-taxable","21":"purchasable","22":"product-type-simple","23":"customify-col","24":"product-has-gallery"},"yoast_head":"<!-- This site is optimized with the Yoast SEO plugin v27.4 - https:\/\/yoast.com\/product\/yoast-seo-wordpress\/ -->\n<title>Tragbare Wickelunterlage f\u00fcr Baby, abnehmbare Reise-Wickelunterlage mit Feuchtt\u00fccher-Tasche, Geschenke f\u00fcr Babyparty, neugeborene M\u00e4dchen und Jungen - Markt-XXL<\/title>\n<meta name=\"description\" content=\"Markt-XXL Tragbare Wickelunterlage f\u00fcr Baby, abnehmbare Reise-Wickelunterlage mit Feuchtt\u00fccher-Tasche, Geschenke f\u00fcr Babyparty, neugeborene M\u00e4dchen und Jungen\" \/>\n<meta name=\"robots\" content=\"index, follow, max-snippet:-1, max-image-preview:large, max-video-preview:-1\" \/>\n<link rel=\"canonical\" href=\"https:\/\/marktxxl.de\/markt\/produkt\/tragbare-wickelunterlage-fuer-baby-abnehmbare-reise-wickelunterlage-mit-feuchttuecher-tasche-geschenke-fuer-babyparty-neugeborene-maedchen-und-jungen\/\" \/>\n<meta property=\"og:locale\" content=\"de_DE\" \/>\n<meta property=\"og:type\" content=\"article\" \/>\n<meta property=\"og:title\" content=\"Tragbare Wickelunterlage f\u00fcr Baby, abnehmbare Reise-Wickelunterlage mit Feuchtt\u00fccher-Tasche, Geschenke f\u00fcr Babyparty, neugeborene M\u00e4dchen und Jungen - Markt-XXL\" \/>\n<meta property=\"og:description\" content=\"Markt-XXL Tragbare Wickelunterlage f\u00fcr Baby, abnehmbare Reise-Wickelunterlage mit Feuchtt\u00fccher-Tasche, Geschenke f\u00fcr Babyparty, neugeborene M\u00e4dchen und Jungen\" \/>\n<meta property=\"og:url\" content=\"https:\/\/marktxxl.de\/markt\/produkt\/tragbare-wickelunterlage-fuer-baby-abnehmbare-reise-wickelunterlage-mit-feuchttuecher-tasche-geschenke-fuer-babyparty-neugeborene-maedchen-und-jungen\/\" \/>\n<meta property=\"og:site_name\" content=\"Markt-XXL\" \/>\n<meta name=\"twitter:card\" content=\"summary_large_image\" \/>\n<meta name=\"twitter:label1\" content=\"Gesch\u00e4tzte Lesezeit\" \/>\n\t<meta name=\"twitter:data1\" content=\"1\u00a0Minute\" \/>\n<script type=\"application\/ld+json\" class=\"yoast-schema-graph\">{\"@context\":\"https:\\\/\\\/schema.org\",\"@graph\":[{\"@type\":\"WebPage\",\"@id\":\"https:\\\/\\\/marktxxl.de\\\/markt\\\/produkt\\\/tragbare-wickelunterlage-fuer-baby-abnehmbare-reise-wickelunterlage-mit-feuchttuecher-tasche-geschenke-fuer-babyparty-neugeborene-maedchen-und-jungen\\\/\",\"url\":\"https:\\\/\\\/marktxxl.de\\\/markt\\\/produkt\\\/tragbare-wickelunterlage-fuer-baby-abnehmbare-reise-wickelunterlage-mit-feuchttuecher-tasche-geschenke-fuer-babyparty-neugeborene-maedchen-und-jungen\\\/\",\"name\":\"Tragbare Wickelunterlage f\u00fcr Baby, abnehmbare Reise-Wickelunterlage mit Feuchtt\u00fccher-Tasche, Geschenke f\u00fcr Babyparty, neugeborene M\u00e4dchen und Jungen - Markt-XXL\",\"isPartOf\":{\"@id\":\"https:\\\/\\\/marktxxl.de\\\/markt\\\/#website\"},\"primaryImageOfPage\":{\"@id\":\"https:\\\/\\\/marktxxl.de\\\/markt\\\/produkt\\\/tragbare-wickelunterlage-fuer-baby-abnehmbare-reise-wickelunterlage-mit-feuchttuecher-tasche-geschenke-fuer-babyparty-neugeborene-maedchen-und-jungen\\\/#primaryimage\"},\"image\":{\"@id\":\"https:\\\/\\\/marktxxl.de\\\/markt\\\/produkt\\\/tragbare-wickelunterlage-fuer-baby-abnehmbare-reise-wickelunterlage-mit-feuchttuecher-tasche-geschenke-fuer-babyparty-neugeborene-maedchen-und-jungen\\\/#primaryimage\"},\"thumbnailUrl\":\"https:\\\/\\\/m.media-amazon.com\\\/images\\\/I\\\/51vHXXugc9L._SL500_.jpg\",\"datePublished\":\"2024-07-28T03:58:29+00:00\",\"description\":\"Markt-XXL Tragbare Wickelunterlage f\u00fcr Baby, abnehmbare Reise-Wickelunterlage mit Feuchtt\u00fccher-Tasche, Geschenke f\u00fcr Babyparty, neugeborene M\u00e4dchen und Jungen\",\"breadcrumb\":{\"@id\":\"https:\\\/\\\/marktxxl.de\\\/markt\\\/produkt\\\/tragbare-wickelunterlage-fuer-baby-abnehmbare-reise-wickelunterlage-mit-feuchttuecher-tasche-geschenke-fuer-babyparty-neugeborene-maedchen-und-jungen\\\/#breadcrumb\"},\"inLanguage\":\"de\",\"potentialAction\":[{\"@type\":\"ReadAction\",\"target\":[\"https:\\\/\\\/marktxxl.de\\\/markt\\\/produkt\\\/tragbare-wickelunterlage-fuer-baby-abnehmbare-reise-wickelunterlage-mit-feuchttuecher-tasche-geschenke-fuer-babyparty-neugeborene-maedchen-und-jungen\\\/\"]}]},{\"@type\":\"ImageObject\",\"inLanguage\":\"de\",\"@id\":\"https:\\\/\\\/marktxxl.de\\\/markt\\\/produkt\\\/tragbare-wickelunterlage-fuer-baby-abnehmbare-reise-wickelunterlage-mit-feuchttuecher-tasche-geschenke-fuer-babyparty-neugeborene-maedchen-und-jungen\\\/#primaryimage\",\"url\":\"https:\\\/\\\/m.media-amazon.com\\\/images\\\/I\\\/51vHXXugc9L._SL500_.jpg\",\"contentUrl\":\"https:\\\/\\\/m.media-amazon.com\\\/images\\\/I\\\/51vHXXugc9L._SL500_.jpg\",\"width\":500,\"height\":500},{\"@type\":\"BreadcrumbList\",\"@id\":\"https:\\\/\\\/marktxxl.de\\\/markt\\\/produkt\\\/tragbare-wickelunterlage-fuer-baby-abnehmbare-reise-wickelunterlage-mit-feuchttuecher-tasche-geschenke-fuer-babyparty-neugeborene-maedchen-und-jungen\\\/#breadcrumb\",\"itemListElement\":[{\"@type\":\"ListItem\",\"position\":1,\"name\":\"Startseite\",\"item\":\"https:\\\/\\\/marktxxl.de\\\/markt\\\/\"},{\"@type\":\"ListItem\",\"position\":2,\"name\":\"Markt\",\"item\":\"https:\\\/\\\/marktxxl.de\\\/markt\\\/\"},{\"@type\":\"ListItem\",\"position\":3,\"name\":\"Tragbare Wickelunterlage f\u00fcr Baby, abnehmbare Reise-Wickelunterlage mit Feuchtt\u00fccher-Tasche, Geschenke f\u00fcr Babyparty, neugeborene M\u00e4dchen und Jungen\"}]},{\"@type\":\"WebSite\",\"@id\":\"https:\\\/\\\/marktxxl.de\\\/markt\\\/#website\",\"url\":\"https:\\\/\\\/marktxxl.de\\\/markt\\\/\",\"name\":\"Markt-XXL\",\"description\":\"Ihr Markt Online\",\"publisher\":{\"@id\":\"https:\\\/\\\/marktxxl.de\\\/markt\\\/#organization\"},\"potentialAction\":[{\"@type\":\"SearchAction\",\"target\":{\"@type\":\"EntryPoint\",\"urlTemplate\":\"https:\\\/\\\/marktxxl.de\\\/markt\\\/?s={search_term_string}\"},\"query-input\":{\"@type\":\"PropertyValueSpecification\",\"valueRequired\":true,\"valueName\":\"search_term_string\"}}],\"inLanguage\":\"de\"},{\"@type\":\"Organization\",\"@id\":\"https:\\\/\\\/marktxxl.de\\\/markt\\\/#organization\",\"name\":\"Markt-XXL\",\"url\":\"https:\\\/\\\/marktxxl.de\\\/markt\\\/\",\"logo\":{\"@type\":\"ImageObject\",\"inLanguage\":\"de\",\"@id\":\"https:\\\/\\\/marktxxl.de\\\/markt\\\/#\\\/schema\\\/logo\\\/image\\\/\",\"url\":\"https:\\\/\\\/marktxxl.de\\\/markt\\\/wp-content\\\/uploads\\\/sites\\\/3\\\/2020\\\/12\\\/logo.png\",\"contentUrl\":\"https:\\\/\\\/marktxxl.de\\\/markt\\\/wp-content\\\/uploads\\\/sites\\\/3\\\/2020\\\/12\\\/logo.png\",\"width\":200,\"height\":70,\"caption\":\"Markt-XXL\"},\"image\":{\"@id\":\"https:\\\/\\\/marktxxl.de\\\/markt\\\/#\\\/schema\\\/logo\\\/image\\\/\"}}]}<\/script>\n<!-- \/ Yoast SEO plugin. -->","yoast_head_json":{"title":"Tragbare Wickelunterlage f\u00fcr Baby, abnehmbare Reise-Wickelunterlage mit Feuchtt\u00fccher-Tasche, Geschenke f\u00fcr Babyparty, neugeborene M\u00e4dchen und Jungen - Markt-XXL","description":"Markt-XXL Tragbare Wickelunterlage f\u00fcr Baby, abnehmbare Reise-Wickelunterlage mit Feuchtt\u00fccher-Tasche, Geschenke f\u00fcr Babyparty, neugeborene M\u00e4dchen und Jungen","robots":{"index":"index","follow":"follow","max-snippet":"max-snippet:-1","max-image-preview":"max-image-preview:large","max-video-preview":"max-video-preview:-1"},"canonical":"https:\/\/marktxxl.de\/markt\/produkt\/tragbare-wickelunterlage-fuer-baby-abnehmbare-reise-wickelunterlage-mit-feuchttuecher-tasche-geschenke-fuer-babyparty-neugeborene-maedchen-und-jungen\/","og_locale":"de_DE","og_type":"article","og_title":"Tragbare Wickelunterlage f\u00fcr Baby, abnehmbare Reise-Wickelunterlage mit Feuchtt\u00fccher-Tasche, Geschenke f\u00fcr Babyparty, neugeborene M\u00e4dchen und Jungen - Markt-XXL","og_description":"Markt-XXL Tragbare Wickelunterlage f\u00fcr Baby, abnehmbare Reise-Wickelunterlage mit Feuchtt\u00fccher-Tasche, Geschenke f\u00fcr Babyparty, neugeborene M\u00e4dchen und Jungen","og_url":"https:\/\/marktxxl.de\/markt\/produkt\/tragbare-wickelunterlage-fuer-baby-abnehmbare-reise-wickelunterlage-mit-feuchttuecher-tasche-geschenke-fuer-babyparty-neugeborene-maedchen-und-jungen\/","og_site_name":"Markt-XXL","twitter_card":"summary_large_image","twitter_misc":{"Gesch\u00e4tzte Lesezeit":"1\u00a0Minute"},"schema":{"@context":"https:\/\/schema.org","@graph":[{"@type":"WebPage","@id":"https:\/\/marktxxl.de\/markt\/produkt\/tragbare-wickelunterlage-fuer-baby-abnehmbare-reise-wickelunterlage-mit-feuchttuecher-tasche-geschenke-fuer-babyparty-neugeborene-maedchen-und-jungen\/","url":"https:\/\/marktxxl.de\/markt\/produkt\/tragbare-wickelunterlage-fuer-baby-abnehmbare-reise-wickelunterlage-mit-feuchttuecher-tasche-geschenke-fuer-babyparty-neugeborene-maedchen-und-jungen\/","name":"Tragbare Wickelunterlage f\u00fcr Baby, abnehmbare Reise-Wickelunterlage mit Feuchtt\u00fccher-Tasche, Geschenke f\u00fcr Babyparty, neugeborene M\u00e4dchen und Jungen - Markt-XXL","isPartOf":{"@id":"https:\/\/marktxxl.de\/markt\/#website"},"primaryImageOfPage":{"@id":"https:\/\/marktxxl.de\/markt\/produkt\/tragbare-wickelunterlage-fuer-baby-abnehmbare-reise-wickelunterlage-mit-feuchttuecher-tasche-geschenke-fuer-babyparty-neugeborene-maedchen-und-jungen\/#primaryimage"},"image":{"@id":"https:\/\/marktxxl.de\/markt\/produkt\/tragbare-wickelunterlage-fuer-baby-abnehmbare-reise-wickelunterlage-mit-feuchttuecher-tasche-geschenke-fuer-babyparty-neugeborene-maedchen-und-jungen\/#primaryimage"},"thumbnailUrl":"https:\/\/m.media-amazon.com\/images\/I\/51vHXXugc9L._SL500_.jpg","datePublished":"2024-07-28T03:58:29+00:00","description":"Markt-XXL Tragbare Wickelunterlage f\u00fcr Baby, abnehmbare Reise-Wickelunterlage mit Feuchtt\u00fccher-Tasche, Geschenke f\u00fcr Babyparty, neugeborene M\u00e4dchen und Jungen","breadcrumb":{"@id":"https:\/\/marktxxl.de\/markt\/produkt\/tragbare-wickelunterlage-fuer-baby-abnehmbare-reise-wickelunterlage-mit-feuchttuecher-tasche-geschenke-fuer-babyparty-neugeborene-maedchen-und-jungen\/#breadcrumb"},"inLanguage":"de","potentialAction":[{"@type":"ReadAction","target":["https:\/\/marktxxl.de\/markt\/produkt\/tragbare-wickelunterlage-fuer-baby-abnehmbare-reise-wickelunterlage-mit-feuchttuecher-tasche-geschenke-fuer-babyparty-neugeborene-maedchen-und-jungen\/"]}]},{"@type":"ImageObject","inLanguage":"de","@id":"https:\/\/marktxxl.de\/markt\/produkt\/tragbare-wickelunterlage-fuer-baby-abnehmbare-reise-wickelunterlage-mit-feuchttuecher-tasche-geschenke-fuer-babyparty-neugeborene-maedchen-und-jungen\/#primaryimage","url":"https:\/\/m.media-amazon.com\/images\/I\/51vHXXugc9L._SL500_.jpg","contentUrl":"https:\/\/m.media-amazon.com\/images\/I\/51vHXXugc9L._SL500_.jpg","width":500,"height":500},{"@type":"BreadcrumbList","@id":"https:\/\/marktxxl.de\/markt\/produkt\/tragbare-wickelunterlage-fuer-baby-abnehmbare-reise-wickelunterlage-mit-feuchttuecher-tasche-geschenke-fuer-babyparty-neugeborene-maedchen-und-jungen\/#breadcrumb","itemListElement":[{"@type":"ListItem","position":1,"name":"Startseite","item":"https:\/\/marktxxl.de\/markt\/"},{"@type":"ListItem","position":2,"name":"Markt","item":"https:\/\/marktxxl.de\/markt\/"},{"@type":"ListItem","position":3,"name":"Tragbare Wickelunterlage f\u00fcr Baby, abnehmbare Reise-Wickelunterlage mit Feuchtt\u00fccher-Tasche, Geschenke f\u00fcr Babyparty, neugeborene M\u00e4dchen und Jungen"}]},{"@type":"WebSite","@id":"https:\/\/marktxxl.de\/markt\/#website","url":"https:\/\/marktxxl.de\/markt\/","name":"Markt-XXL","description":"Ihr Markt Online","publisher":{"@id":"https:\/\/marktxxl.de\/markt\/#organization"},"potentialAction":[{"@type":"SearchAction","target":{"@type":"EntryPoint","urlTemplate":"https:\/\/marktxxl.de\/markt\/?s={search_term_string}"},"query-input":{"@type":"PropertyValueSpecification","valueRequired":true,"valueName":"search_term_string"}}],"inLanguage":"de"},{"@type":"Organization","@id":"https:\/\/marktxxl.de\/markt\/#organization","name":"Markt-XXL","url":"https:\/\/marktxxl.de\/markt\/","logo":{"@type":"ImageObject","inLanguage":"de","@id":"https:\/\/marktxxl.de\/markt\/#\/schema\/logo\/image\/","url":"https:\/\/marktxxl.de\/markt\/wp-content\/uploads\/sites\/3\/2020\/12\/logo.png","contentUrl":"https:\/\/marktxxl.de\/markt\/wp-content\/uploads\/sites\/3\/2020\/12\/logo.png","width":200,"height":70,"caption":"Markt-XXL"},"image":{"@id":"https:\/\/marktxxl.de\/markt\/#\/schema\/logo\/image\/"}}]}},"_links":{"self":[{"href":"https:\/\/marktxxl.de\/markt\/wp-json\/wp\/v2\/product\/216689","targetHints":{"allow":["GET"]}}],"collection":[{"href":"https:\/\/marktxxl.de\/markt\/wp-json\/wp\/v2\/product"}],"about":[{"href":"https:\/\/marktxxl.de\/markt\/wp-json\/wp\/v2\/types\/product"}],"replies":[{"embeddable":true,"href":"https:\/\/marktxxl.de\/markt\/wp-json\/wp\/v2\/comments?post=216689"}],"wp:featuredmedia":[{"embeddable":true,"href":"https:\/\/marktxxl.de\/markt\/wp-json\/wp\/v2\/media\/216690"}],"wp:attachment":[{"href":"https:\/\/marktxxl.de\/markt\/wp-json\/wp\/v2\/media?parent=216689"}],"wp:term":[{"taxonomy":"product_brand","embeddable":true,"href":"https:\/\/marktxxl.de\/markt\/wp-json\/wp\/v2\/product_brand?post=216689"},{"taxonomy":"product_cat","embeddable":true,"href":"https:\/\/marktxxl.de\/markt\/wp-json\/wp\/v2\/product_cat?post=216689"},{"taxonomy":"product_tag","embeddable":true,"href":"https:\/\/marktxxl.de\/markt\/wp-json\/wp\/v2\/product_tag?post=216689"}],"curies":[{"name":"wp","href":"https:\/\/api.w.org\/{rel}","templated":true}]}}