{"id":216634,"date":"2024-07-28T05:37:20","date_gmt":"2024-07-28T03:37:20","guid":{"rendered":"https:\/\/marktxxl.de\/markt\/produkt\/12-stueck-beutel-fuer-neugeborene-krankenhaus-mit-verschluss-beutel-transparent-38-x-25-cm-geschenke-fuer-neugeborene-rosa\/"},"modified":"2024-07-28T05:37:20","modified_gmt":"2024-07-28T03:37:20","slug":"12-stueck-beutel-fuer-neugeborene-krankenhaus-mit-verschluss-beutel-transparent-38-x-25-cm-geschenke-fuer-neugeborene-rosa","status":"publish","type":"product","link":"https:\/\/marktxxl.de\/markt\/produkt\/12-stueck-beutel-fuer-neugeborene-krankenhaus-mit-verschluss-beutel-transparent-38-x-25-cm-geschenke-fuer-neugeborene-rosa\/","title":{"rendered":"12 St\u00fcck Beutel f\u00fcr Neugeborene, Krankenhaus, mit Verschluss, Beutel, transparent, 38 x 25 cm, Geschenke f\u00fcr Neugeborene (Rosa)"},"content":{"rendered":"<p>Packungsinhalt : 12 St\u00fcck Baby-S\u00e4ckchen mit rosa und Elefanten-Motiv. Bequem und gut f\u00fcr den Einsatz im Krankenhaus bei der Geburt eines Babys.<br \/>\nGro\u00dfe Kapazit\u00e4t: Gr\u00f6\u00dfe: 38 x 25 cm. Niedlich zu sehen und ger\u00e4umig genug, um wirklich alles zu halten, was Sie f\u00fcr jeden Wechsel im Krankenhaus ben\u00f6tigen.<br \/>\nDer Rei\u00dfverschluss: Der luftdichte Rei\u00dfverschluss erm\u00f6glicht es Ihnen, sowohl Body und Strampler als auch alle \u00d6le oder Cremes zu verpacken, die sich versehentlich \u00f6ffnen k\u00f6nnten.<br \/>\nLuftdicht: Wasserdichte Tragetaschen f\u00fcr Neugeborene, sch\u00fctzen die Kleidung und Windeln des Babys vor Feuchtigkeit und halten sie sauber und hygienisch.<br \/>\nGeschenk f\u00fcr Neugeborene Diese Babytaschen sind ein sehr praktisches Geschenk f\u00fcr werdende M\u00fctter. Wenn Sie nach Taschen suchen, um die Krankenhaustasche f\u00fcr die Ankunft Ihres Kindes zu organisieren, ist dieses Produkt genau das, was Sie brauchen. Bequem auch in Zukunft um den Schalthebel oder das Nest zu tragen.<br \/>\n<div class=\"main-cross-sell\" data-asin=\"B0BKZ51681\">\n\n\t<div class=\"WooZone-cross-sell-loader\">\n\t\t<div>\n\t\t\t<div id=\"floatingBarsG\">\n\t\t\t\t<div class=\"blockG\" id=\"rotateG_01\"><\/div>\n\t\t\t\t<div class=\"blockG\" id=\"rotateG_02\"><\/div>\n\t\t\t\t<div class=\"blockG\" id=\"rotateG_03\"><\/div>\n\t\t\t\t<div class=\"blockG\" id=\"rotateG_04\"><\/div>\n\t\t\t\t<div class=\"blockG\" id=\"rotateG_05\"><\/div>\n\t\t\t\t<div class=\"blockG\" id=\"rotateG_06\"><\/div>\n\t\t\t\t<div class=\"blockG\" id=\"rotateG_07\"><\/div>\n\t\t\t\t<div class=\"blockG\" id=\"rotateG_08\"><\/div>\n\t\t\t<\/div>\n\t\t\t<div class=\"WooZone-cross-sell-loader-text\"><\/div>\n\t\t<\/div>\n\t<\/div>\n\n\t\t\n<\/div>\n<div style=\"clear:both;\"><\/div><\/p>\n","protected":false},"excerpt":{"rendered":"<p>Packungsinhalt : 12 St\u00fcck Baby-S\u00e4ckchen mit rosa und Elefanten-Motiv. Bequem und gut f\u00fcr den Einsatz im Krankenhaus bei der Geburt eines Babys.<br \/>\nGro\u00dfe Kapazit\u00e4t: Gr\u00f6\u00dfe: 38 x 25 cm. Niedlich zu sehen und ger\u00e4umig genug, um wirklich alles zu halten, was Sie f\u00fcr jeden Wechsel im Krankenhaus ben\u00f6tigen.<br \/>\nDer Rei\u00dfverschluss: Der luftdichte Rei\u00dfverschluss erm\u00f6glicht es Ihnen, sowohl Body und Strampler als auch alle \u00d6le oder Cremes zu verpacken, die sich versehentlich \u00f6ffnen k\u00f6nnten.<\/p>\n","protected":false},"featured_media":216635,"comment_status":"open","ping_status":"closed","template":"","meta":[],"product_brand":[],"product_cat":[21,9520],"product_tag":[],"class_list":{"0":"post-216634","1":"product","2":"type-product","3":"status-publish","4":"has-post-thumbnail","6":"product_cat-baby","7":"product_cat-wickeln-baby","8":"pa_binding-werkzeug","9":"pa_brand-gudotra","10":"pa_color-rosa","11":"pa_manufacturer-gudotra","12":"pa_weight-0-440924524-pfund","14":"first","15":"instock","16":"shipping-taxable","17":"purchasable","18":"product-type-simple","19":"customify-col","20":"product-has-gallery"},"yoast_head":"<!-- This site is optimized with the Yoast SEO plugin v27.4 - https:\/\/yoast.com\/product\/yoast-seo-wordpress\/ -->\n<title>12 St\u00fcck Beutel f\u00fcr Neugeborene, Krankenhaus, mit Verschluss, Beutel, transparent, 38 x 25 cm, Geschenke f\u00fcr Neugeborene (Rosa) - Markt-XXL<\/title>\n<meta name=\"description\" content=\"Markt-XXL 12 St\u00fcck Beutel f\u00fcr Neugeborene, Krankenhaus, mit Verschluss, Beutel, transparent, 38 x 25 cm, Geschenke f\u00fcr Neugeborene (Rosa)\" \/>\n<meta name=\"robots\" content=\"index, follow, max-snippet:-1, max-image-preview:large, max-video-preview:-1\" \/>\n<link rel=\"canonical\" href=\"https:\/\/marktxxl.de\/markt\/produkt\/12-stueck-beutel-fuer-neugeborene-krankenhaus-mit-verschluss-beutel-transparent-38-x-25-cm-geschenke-fuer-neugeborene-rosa\/\" \/>\n<meta property=\"og:locale\" content=\"de_DE\" \/>\n<meta property=\"og:type\" content=\"article\" \/>\n<meta property=\"og:title\" content=\"12 St\u00fcck Beutel f\u00fcr Neugeborene, Krankenhaus, mit Verschluss, Beutel, transparent, 38 x 25 cm, Geschenke f\u00fcr Neugeborene (Rosa) - Markt-XXL\" \/>\n<meta property=\"og:description\" content=\"Markt-XXL 12 St\u00fcck Beutel f\u00fcr Neugeborene, Krankenhaus, mit Verschluss, Beutel, transparent, 38 x 25 cm, Geschenke f\u00fcr Neugeborene (Rosa)\" \/>\n<meta property=\"og:url\" content=\"https:\/\/marktxxl.de\/markt\/produkt\/12-stueck-beutel-fuer-neugeborene-krankenhaus-mit-verschluss-beutel-transparent-38-x-25-cm-geschenke-fuer-neugeborene-rosa\/\" \/>\n<meta property=\"og:site_name\" content=\"Markt-XXL\" \/>\n<meta name=\"twitter:card\" content=\"summary_large_image\" \/>\n<meta name=\"twitter:label1\" content=\"Gesch\u00e4tzte Lesezeit\" \/>\n\t<meta name=\"twitter:data1\" content=\"1\u00a0Minute\" \/>\n<script type=\"application\/ld+json\" class=\"yoast-schema-graph\">{\"@context\":\"https:\\\/\\\/schema.org\",\"@graph\":[{\"@type\":\"WebPage\",\"@id\":\"https:\\\/\\\/marktxxl.de\\\/markt\\\/produkt\\\/12-stueck-beutel-fuer-neugeborene-krankenhaus-mit-verschluss-beutel-transparent-38-x-25-cm-geschenke-fuer-neugeborene-rosa\\\/\",\"url\":\"https:\\\/\\\/marktxxl.de\\\/markt\\\/produkt\\\/12-stueck-beutel-fuer-neugeborene-krankenhaus-mit-verschluss-beutel-transparent-38-x-25-cm-geschenke-fuer-neugeborene-rosa\\\/\",\"name\":\"12 St\u00fcck Beutel f\u00fcr Neugeborene, Krankenhaus, mit Verschluss, Beutel, transparent, 38 x 25 cm, Geschenke f\u00fcr Neugeborene (Rosa) - Markt-XXL\",\"isPartOf\":{\"@id\":\"https:\\\/\\\/marktxxl.de\\\/markt\\\/#website\"},\"primaryImageOfPage\":{\"@id\":\"https:\\\/\\\/marktxxl.de\\\/markt\\\/produkt\\\/12-stueck-beutel-fuer-neugeborene-krankenhaus-mit-verschluss-beutel-transparent-38-x-25-cm-geschenke-fuer-neugeborene-rosa\\\/#primaryimage\"},\"image\":{\"@id\":\"https:\\\/\\\/marktxxl.de\\\/markt\\\/produkt\\\/12-stueck-beutel-fuer-neugeborene-krankenhaus-mit-verschluss-beutel-transparent-38-x-25-cm-geschenke-fuer-neugeborene-rosa\\\/#primaryimage\"},\"thumbnailUrl\":\"https:\\\/\\\/m.media-amazon.com\\\/images\\\/I\\\/41JYMOGdFDL._SL500_.jpg\",\"datePublished\":\"2024-07-28T03:37:20+00:00\",\"description\":\"Markt-XXL 12 St\u00fcck Beutel f\u00fcr Neugeborene, Krankenhaus, mit Verschluss, Beutel, transparent, 38 x 25 cm, Geschenke f\u00fcr Neugeborene (Rosa)\",\"breadcrumb\":{\"@id\":\"https:\\\/\\\/marktxxl.de\\\/markt\\\/produkt\\\/12-stueck-beutel-fuer-neugeborene-krankenhaus-mit-verschluss-beutel-transparent-38-x-25-cm-geschenke-fuer-neugeborene-rosa\\\/#breadcrumb\"},\"inLanguage\":\"de\",\"potentialAction\":[{\"@type\":\"ReadAction\",\"target\":[\"https:\\\/\\\/marktxxl.de\\\/markt\\\/produkt\\\/12-stueck-beutel-fuer-neugeborene-krankenhaus-mit-verschluss-beutel-transparent-38-x-25-cm-geschenke-fuer-neugeborene-rosa\\\/\"]}]},{\"@type\":\"ImageObject\",\"inLanguage\":\"de\",\"@id\":\"https:\\\/\\\/marktxxl.de\\\/markt\\\/produkt\\\/12-stueck-beutel-fuer-neugeborene-krankenhaus-mit-verschluss-beutel-transparent-38-x-25-cm-geschenke-fuer-neugeborene-rosa\\\/#primaryimage\",\"url\":\"https:\\\/\\\/m.media-amazon.com\\\/images\\\/I\\\/41JYMOGdFDL._SL500_.jpg\",\"contentUrl\":\"https:\\\/\\\/m.media-amazon.com\\\/images\\\/I\\\/41JYMOGdFDL._SL500_.jpg\",\"width\":500,\"height\":500},{\"@type\":\"BreadcrumbList\",\"@id\":\"https:\\\/\\\/marktxxl.de\\\/markt\\\/produkt\\\/12-stueck-beutel-fuer-neugeborene-krankenhaus-mit-verschluss-beutel-transparent-38-x-25-cm-geschenke-fuer-neugeborene-rosa\\\/#breadcrumb\",\"itemListElement\":[{\"@type\":\"ListItem\",\"position\":1,\"name\":\"Startseite\",\"item\":\"https:\\\/\\\/marktxxl.de\\\/markt\\\/\"},{\"@type\":\"ListItem\",\"position\":2,\"name\":\"Markt\",\"item\":\"https:\\\/\\\/marktxxl.de\\\/markt\\\/\"},{\"@type\":\"ListItem\",\"position\":3,\"name\":\"12 St\u00fcck Beutel f\u00fcr Neugeborene, Krankenhaus, mit Verschluss, Beutel, transparent, 38 x 25 cm, Geschenke f\u00fcr Neugeborene (Rosa)\"}]},{\"@type\":\"WebSite\",\"@id\":\"https:\\\/\\\/marktxxl.de\\\/markt\\\/#website\",\"url\":\"https:\\\/\\\/marktxxl.de\\\/markt\\\/\",\"name\":\"Markt-XXL\",\"description\":\"Ihr Markt Online\",\"publisher\":{\"@id\":\"https:\\\/\\\/marktxxl.de\\\/markt\\\/#organization\"},\"potentialAction\":[{\"@type\":\"SearchAction\",\"target\":{\"@type\":\"EntryPoint\",\"urlTemplate\":\"https:\\\/\\\/marktxxl.de\\\/markt\\\/?s={search_term_string}\"},\"query-input\":{\"@type\":\"PropertyValueSpecification\",\"valueRequired\":true,\"valueName\":\"search_term_string\"}}],\"inLanguage\":\"de\"},{\"@type\":\"Organization\",\"@id\":\"https:\\\/\\\/marktxxl.de\\\/markt\\\/#organization\",\"name\":\"Markt-XXL\",\"url\":\"https:\\\/\\\/marktxxl.de\\\/markt\\\/\",\"logo\":{\"@type\":\"ImageObject\",\"inLanguage\":\"de\",\"@id\":\"https:\\\/\\\/marktxxl.de\\\/markt\\\/#\\\/schema\\\/logo\\\/image\\\/\",\"url\":\"https:\\\/\\\/marktxxl.de\\\/markt\\\/wp-content\\\/uploads\\\/sites\\\/3\\\/2020\\\/12\\\/logo.png\",\"contentUrl\":\"https:\\\/\\\/marktxxl.de\\\/markt\\\/wp-content\\\/uploads\\\/sites\\\/3\\\/2020\\\/12\\\/logo.png\",\"width\":200,\"height\":70,\"caption\":\"Markt-XXL\"},\"image\":{\"@id\":\"https:\\\/\\\/marktxxl.de\\\/markt\\\/#\\\/schema\\\/logo\\\/image\\\/\"}}]}<\/script>\n<!-- \/ Yoast SEO plugin. -->","yoast_head_json":{"title":"12 St\u00fcck Beutel f\u00fcr Neugeborene, Krankenhaus, mit Verschluss, Beutel, transparent, 38 x 25 cm, Geschenke f\u00fcr Neugeborene (Rosa) - Markt-XXL","description":"Markt-XXL 12 St\u00fcck Beutel f\u00fcr Neugeborene, Krankenhaus, mit Verschluss, Beutel, transparent, 38 x 25 cm, Geschenke f\u00fcr Neugeborene (Rosa)","robots":{"index":"index","follow":"follow","max-snippet":"max-snippet:-1","max-image-preview":"max-image-preview:large","max-video-preview":"max-video-preview:-1"},"canonical":"https:\/\/marktxxl.de\/markt\/produkt\/12-stueck-beutel-fuer-neugeborene-krankenhaus-mit-verschluss-beutel-transparent-38-x-25-cm-geschenke-fuer-neugeborene-rosa\/","og_locale":"de_DE","og_type":"article","og_title":"12 St\u00fcck Beutel f\u00fcr Neugeborene, Krankenhaus, mit Verschluss, Beutel, transparent, 38 x 25 cm, Geschenke f\u00fcr Neugeborene (Rosa) - Markt-XXL","og_description":"Markt-XXL 12 St\u00fcck Beutel f\u00fcr Neugeborene, Krankenhaus, mit Verschluss, Beutel, transparent, 38 x 25 cm, Geschenke f\u00fcr Neugeborene (Rosa)","og_url":"https:\/\/marktxxl.de\/markt\/produkt\/12-stueck-beutel-fuer-neugeborene-krankenhaus-mit-verschluss-beutel-transparent-38-x-25-cm-geschenke-fuer-neugeborene-rosa\/","og_site_name":"Markt-XXL","twitter_card":"summary_large_image","twitter_misc":{"Gesch\u00e4tzte Lesezeit":"1\u00a0Minute"},"schema":{"@context":"https:\/\/schema.org","@graph":[{"@type":"WebPage","@id":"https:\/\/marktxxl.de\/markt\/produkt\/12-stueck-beutel-fuer-neugeborene-krankenhaus-mit-verschluss-beutel-transparent-38-x-25-cm-geschenke-fuer-neugeborene-rosa\/","url":"https:\/\/marktxxl.de\/markt\/produkt\/12-stueck-beutel-fuer-neugeborene-krankenhaus-mit-verschluss-beutel-transparent-38-x-25-cm-geschenke-fuer-neugeborene-rosa\/","name":"12 St\u00fcck Beutel f\u00fcr Neugeborene, Krankenhaus, mit Verschluss, Beutel, transparent, 38 x 25 cm, Geschenke f\u00fcr Neugeborene (Rosa) - Markt-XXL","isPartOf":{"@id":"https:\/\/marktxxl.de\/markt\/#website"},"primaryImageOfPage":{"@id":"https:\/\/marktxxl.de\/markt\/produkt\/12-stueck-beutel-fuer-neugeborene-krankenhaus-mit-verschluss-beutel-transparent-38-x-25-cm-geschenke-fuer-neugeborene-rosa\/#primaryimage"},"image":{"@id":"https:\/\/marktxxl.de\/markt\/produkt\/12-stueck-beutel-fuer-neugeborene-krankenhaus-mit-verschluss-beutel-transparent-38-x-25-cm-geschenke-fuer-neugeborene-rosa\/#primaryimage"},"thumbnailUrl":"https:\/\/m.media-amazon.com\/images\/I\/41JYMOGdFDL._SL500_.jpg","datePublished":"2024-07-28T03:37:20+00:00","description":"Markt-XXL 12 St\u00fcck Beutel f\u00fcr Neugeborene, Krankenhaus, mit Verschluss, Beutel, transparent, 38 x 25 cm, Geschenke f\u00fcr Neugeborene (Rosa)","breadcrumb":{"@id":"https:\/\/marktxxl.de\/markt\/produkt\/12-stueck-beutel-fuer-neugeborene-krankenhaus-mit-verschluss-beutel-transparent-38-x-25-cm-geschenke-fuer-neugeborene-rosa\/#breadcrumb"},"inLanguage":"de","potentialAction":[{"@type":"ReadAction","target":["https:\/\/marktxxl.de\/markt\/produkt\/12-stueck-beutel-fuer-neugeborene-krankenhaus-mit-verschluss-beutel-transparent-38-x-25-cm-geschenke-fuer-neugeborene-rosa\/"]}]},{"@type":"ImageObject","inLanguage":"de","@id":"https:\/\/marktxxl.de\/markt\/produkt\/12-stueck-beutel-fuer-neugeborene-krankenhaus-mit-verschluss-beutel-transparent-38-x-25-cm-geschenke-fuer-neugeborene-rosa\/#primaryimage","url":"https:\/\/m.media-amazon.com\/images\/I\/41JYMOGdFDL._SL500_.jpg","contentUrl":"https:\/\/m.media-amazon.com\/images\/I\/41JYMOGdFDL._SL500_.jpg","width":500,"height":500},{"@type":"BreadcrumbList","@id":"https:\/\/marktxxl.de\/markt\/produkt\/12-stueck-beutel-fuer-neugeborene-krankenhaus-mit-verschluss-beutel-transparent-38-x-25-cm-geschenke-fuer-neugeborene-rosa\/#breadcrumb","itemListElement":[{"@type":"ListItem","position":1,"name":"Startseite","item":"https:\/\/marktxxl.de\/markt\/"},{"@type":"ListItem","position":2,"name":"Markt","item":"https:\/\/marktxxl.de\/markt\/"},{"@type":"ListItem","position":3,"name":"12 St\u00fcck Beutel f\u00fcr Neugeborene, Krankenhaus, mit Verschluss, Beutel, transparent, 38 x 25 cm, Geschenke f\u00fcr Neugeborene (Rosa)"}]},{"@type":"WebSite","@id":"https:\/\/marktxxl.de\/markt\/#website","url":"https:\/\/marktxxl.de\/markt\/","name":"Markt-XXL","description":"Ihr Markt Online","publisher":{"@id":"https:\/\/marktxxl.de\/markt\/#organization"},"potentialAction":[{"@type":"SearchAction","target":{"@type":"EntryPoint","urlTemplate":"https:\/\/marktxxl.de\/markt\/?s={search_term_string}"},"query-input":{"@type":"PropertyValueSpecification","valueRequired":true,"valueName":"search_term_string"}}],"inLanguage":"de"},{"@type":"Organization","@id":"https:\/\/marktxxl.de\/markt\/#organization","name":"Markt-XXL","url":"https:\/\/marktxxl.de\/markt\/","logo":{"@type":"ImageObject","inLanguage":"de","@id":"https:\/\/marktxxl.de\/markt\/#\/schema\/logo\/image\/","url":"https:\/\/marktxxl.de\/markt\/wp-content\/uploads\/sites\/3\/2020\/12\/logo.png","contentUrl":"https:\/\/marktxxl.de\/markt\/wp-content\/uploads\/sites\/3\/2020\/12\/logo.png","width":200,"height":70,"caption":"Markt-XXL"},"image":{"@id":"https:\/\/marktxxl.de\/markt\/#\/schema\/logo\/image\/"}}]}},"_links":{"self":[{"href":"https:\/\/marktxxl.de\/markt\/wp-json\/wp\/v2\/product\/216634","targetHints":{"allow":["GET"]}}],"collection":[{"href":"https:\/\/marktxxl.de\/markt\/wp-json\/wp\/v2\/product"}],"about":[{"href":"https:\/\/marktxxl.de\/markt\/wp-json\/wp\/v2\/types\/product"}],"replies":[{"embeddable":true,"href":"https:\/\/marktxxl.de\/markt\/wp-json\/wp\/v2\/comments?post=216634"}],"wp:featuredmedia":[{"embeddable":true,"href":"https:\/\/marktxxl.de\/markt\/wp-json\/wp\/v2\/media\/216635"}],"wp:attachment":[{"href":"https:\/\/marktxxl.de\/markt\/wp-json\/wp\/v2\/media?parent=216634"}],"wp:term":[{"taxonomy":"product_brand","embeddable":true,"href":"https:\/\/marktxxl.de\/markt\/wp-json\/wp\/v2\/product_brand?post=216634"},{"taxonomy":"product_cat","embeddable":true,"href":"https:\/\/marktxxl.de\/markt\/wp-json\/wp\/v2\/product_cat?post=216634"},{"taxonomy":"product_tag","embeddable":true,"href":"https:\/\/marktxxl.de\/markt\/wp-json\/wp\/v2\/product_tag?post=216634"}],"curies":[{"name":"wp","href":"https:\/\/api.w.org\/{rel}","templated":true}]}}