{"id":216603,"date":"2024-07-28T05:36:24","date_gmt":"2024-07-28T03:36:24","guid":{"rendered":"https:\/\/marktxxl.de\/markt\/produkt\/little-unicorn-baumwoll-musselin-bezug-406-x-813-cm-100-baumwolle-maschinenwaschbar-standardgroesse-genaehte-loecher-fuer-sicherheitsgurte-leichtes-atmungsaktives-design-tropisches-bl\/"},"modified":"2024-07-28T05:36:24","modified_gmt":"2024-07-28T03:36:24","slug":"little-unicorn-baumwoll-musselin-bezug-406-x-813-cm-100-baumwolle-maschinenwaschbar-standardgroesse-genaehte-loecher-fuer-sicherheitsgurte-leichtes-atmungsaktives-design-tropisches-bl","status":"publish","type":"product","link":"https:\/\/marktxxl.de\/markt\/produkt\/little-unicorn-baumwoll-musselin-bezug-406-x-813-cm-100-baumwolle-maschinenwaschbar-standardgroesse-genaehte-loecher-fuer-sicherheitsgurte-leichtes-atmungsaktives-design-tropisches-bl\/","title":{"rendered":"Little Unicorn Baumwoll-Musselin-Bezug &#8211; 40,6 x 81,3 cm &#8211; 100 % Baumwolle &#8211; maschinenwaschbar &#8211; Standardgr\u00f6\u00dfe &#8211; gen\u00e4hte L\u00f6cher f\u00fcr Sicherheitsgurte &#8211; leichtes, atmungsaktives Design (Tropisches Blatt)"},"content":{"rendered":"<p>Bezaubernd und funktional: Unsere Berry and Bloom Wickelauflage ist aus 100 % Baumwollmusselin, die der empfindlichen Haut Ihres Neugeborenen Weichheit und W\u00e4rme verleiht. Babys werden es lieben, die Farbe und das Design beim Windelwechsel zu betrachten. Dieser Bezug misst 40,6 x 81,3 cm und passt auf Standard-Wickelunterlagen.<br \/>\nSicherheit geht vor: Als Eltern steht die Sicherheit Ihres Kindes an erster Stelle. Mehrere Facetten tragen zur Sicherheit unserer Wickelauflagen bei. Erstens umschlie\u00dft Premium-Gummi die Abdeckung und Kanten f\u00fcr eine gute Passform. Zweitens ist unser Bezug mit L\u00f6chern vern\u00e4ht, um Sicherheitsgurte der Wickelunterlage unterzubringen. Die beruhigenden, sch\u00fctzenden Aspekte unserer Abdeckung geben Ihnen Sicherheit beim Wickeln.<br \/>\nPremium-Qualit\u00e4t: Wir entwickeln ausschlie\u00dflich Premium-Baumwoll-Musselin, um sicherzustellen, dass die empfindliche Haut Ihres Babys auf einem weichen, atmungsaktiven Stoff ruht, der W\u00e4rme entweichen l\u00e4sst und frische Luft eindringen kann.<br \/>\nPflegeleicht: Unsere Wickelauflagen sind f\u00fcr den t\u00e4glichen Gebrauch gemacht, daher sind Langlebigkeit und problemlose Reinigung ein Muss. Sie sind maschinenwaschbar und die farbechten Designs verblassen nicht. Machen Sie sich keine Sorgen, diese k\u00f6nnen auch sicher in Ihrem Trockner gesponnen werden. Der Musselin-Stoff kann beim Waschen weicher werden.<br \/>\nDas perfekte Geschenk: Ein entz\u00fcckendes Geschenk f\u00fcr eine Babyparty, Geburtstag oder Urlaub. Unsere Baumwoll-Musselin-Wickelauflagen sind immer eine Freude. Mit so vielen bezaubernden Designs und Farben finden Sie genau das Richtige, das zu einem Kinderzimmer passt. Unser originelles Kunstwerk ist f\u00fcr Jungen und M\u00e4dchen geschaffen, viele sind f\u00fcr beide geeignet.<br \/>\n<div class=\"main-cross-sell\" data-asin=\"B07VCCDH4V\">\n\n\t<div class=\"WooZone-cross-sell-loader\">\n\t\t<div>\n\t\t\t<div id=\"floatingBarsG\">\n\t\t\t\t<div class=\"blockG\" id=\"rotateG_01\"><\/div>\n\t\t\t\t<div class=\"blockG\" id=\"rotateG_02\"><\/div>\n\t\t\t\t<div class=\"blockG\" id=\"rotateG_03\"><\/div>\n\t\t\t\t<div class=\"blockG\" id=\"rotateG_04\"><\/div>\n\t\t\t\t<div class=\"blockG\" id=\"rotateG_05\"><\/div>\n\t\t\t\t<div class=\"blockG\" id=\"rotateG_06\"><\/div>\n\t\t\t\t<div class=\"blockG\" id=\"rotateG_07\"><\/div>\n\t\t\t\t<div class=\"blockG\" id=\"rotateG_08\"><\/div>\n\t\t\t<\/div>\n\t\t\t<div class=\"WooZone-cross-sell-loader-text\"><\/div>\n\t\t<\/div>\n\t<\/div>\n\n\t\t\n<\/div>\n<div style=\"clear:both;\"><\/div><\/p>\n","protected":false},"excerpt":{"rendered":"<p>Bezaubernd und funktional: Unsere Berry and Bloom Wickelauflage ist aus 100 % Baumwollmusselin, die der empfindlichen Haut Ihres Neugeborenen Weichheit und W\u00e4rme verleiht. Babys werden es lieben, die Farbe und das Design beim Windelwechsel zu betrachten. Dieser Bezug misst 40,6 x 81,3 cm und passt auf Standard-Wickelunterlagen.<br \/>\nSicherheit geht vor: Als Eltern steht die Sicherheit Ihres Kindes an erster Stelle. Mehrere Facetten tragen zur Sicherheit unserer Wickelauflagen bei. Erstens umschlie\u00dft Premium-Gummi die Abdeckung und Kanten f\u00fcr eine gute Passform. Zweitens ist unser Bezug mit L\u00f6chern vern\u00e4ht, um Sicherheitsgurte der Wickelunterlage unterzubringen. Die beruhigenden, sch\u00fctzenden Aspekte unserer Abdeckung geben Ihnen Sicherheit beim Wickeln.<br \/>\nPremium-Qualit\u00e4t: Wir entwickeln ausschlie\u00dflich Premium-Baumwoll-Musselin, um sicherzustellen, dass die empfindliche Haut Ihres Babys auf einem weichen, atmungsaktiven Stoff ruht, der W\u00e4rme entweichen l\u00e4sst und frische Luft eindringen kann.<\/p>\n","protected":false},"featured_media":216604,"comment_status":"open","ping_status":"closed","template":"","meta":[],"product_brand":[],"product_cat":[21,9520],"product_tag":[],"class_list":{"0":"post-216603","1":"product","2":"type-product","3":"status-publish","4":"has-post-thumbnail","6":"product_cat-baby","7":"product_cat-wickeln-baby","8":"pa_binding-babyartikel","9":"pa_brand-little-unicorn","10":"pa_color-tropisches-blatt","11":"pa_height-2-5-zoll","12":"pa_length-8-1-zoll","13":"pa_manufacturer-little-unicorn","14":"pa_model-un0501","15":"pa_size-16x32-inch-pack-of-1","16":"pa_width-7-zoll","18":"first","19":"instock","20":"shipping-taxable","21":"purchasable","22":"product-type-simple","23":"customify-col","24":"product-has-gallery"},"yoast_head":"<!-- This site is optimized with the Yoast SEO plugin v27.4 - https:\/\/yoast.com\/product\/yoast-seo-wordpress\/ -->\n<title>Little Unicorn Baumwoll-Musselin-Bezug - 40,6 x 81,3 cm - 100 % Baumwolle - maschinenwaschbar - Standardgr\u00f6\u00dfe - gen\u00e4hte L\u00f6cher f\u00fcr Sicherheitsgurte - leichtes, atmungsaktives Design (Tropisches Blatt) - Markt-XXL<\/title>\n<meta name=\"description\" content=\"Markt-XXL Little Unicorn Baumwoll-Musselin-Bezug - 40,6 x 81,3 cm - 100 % Baumwolle - maschinenwaschbar - Standardgr\u00f6\u00dfe - gen\u00e4hte L\u00f6cher f\u00fcr Sicherheitsgurte - leichtes, atmungsaktives Design (Tropisches Blatt)\" \/>\n<meta name=\"robots\" content=\"index, follow, max-snippet:-1, max-image-preview:large, max-video-preview:-1\" \/>\n<link rel=\"canonical\" href=\"https:\/\/marktxxl.de\/markt\/produkt\/little-unicorn-baumwoll-musselin-bezug-406-x-813-cm-100-baumwolle-maschinenwaschbar-standardgroesse-genaehte-loecher-fuer-sicherheitsgurte-leichtes-atmungsaktives-design-tropisches-bl\/\" \/>\n<meta property=\"og:locale\" content=\"de_DE\" \/>\n<meta property=\"og:type\" content=\"article\" \/>\n<meta property=\"og:title\" content=\"Little Unicorn Baumwoll-Musselin-Bezug - 40,6 x 81,3 cm - 100 % Baumwolle - maschinenwaschbar - Standardgr\u00f6\u00dfe - gen\u00e4hte L\u00f6cher f\u00fcr Sicherheitsgurte - leichtes, atmungsaktives Design (Tropisches Blatt) - Markt-XXL\" \/>\n<meta property=\"og:description\" content=\"Markt-XXL Little Unicorn Baumwoll-Musselin-Bezug - 40,6 x 81,3 cm - 100 % Baumwolle - maschinenwaschbar - Standardgr\u00f6\u00dfe - gen\u00e4hte L\u00f6cher f\u00fcr Sicherheitsgurte - leichtes, atmungsaktives Design (Tropisches Blatt)\" \/>\n<meta property=\"og:url\" content=\"https:\/\/marktxxl.de\/markt\/produkt\/little-unicorn-baumwoll-musselin-bezug-406-x-813-cm-100-baumwolle-maschinenwaschbar-standardgroesse-genaehte-loecher-fuer-sicherheitsgurte-leichtes-atmungsaktives-design-tropisches-bl\/\" \/>\n<meta property=\"og:site_name\" content=\"Markt-XXL\" \/>\n<meta name=\"twitter:card\" content=\"summary_large_image\" \/>\n<meta name=\"twitter:label1\" content=\"Gesch\u00e4tzte Lesezeit\" \/>\n\t<meta name=\"twitter:data1\" content=\"1\u00a0Minute\" \/>\n<script type=\"application\/ld+json\" class=\"yoast-schema-graph\">{\"@context\":\"https:\\\/\\\/schema.org\",\"@graph\":[{\"@type\":\"WebPage\",\"@id\":\"https:\\\/\\\/marktxxl.de\\\/markt\\\/produkt\\\/little-unicorn-baumwoll-musselin-bezug-406-x-813-cm-100-baumwolle-maschinenwaschbar-standardgroesse-genaehte-loecher-fuer-sicherheitsgurte-leichtes-atmungsaktives-design-tropisches-bl\\\/\",\"url\":\"https:\\\/\\\/marktxxl.de\\\/markt\\\/produkt\\\/little-unicorn-baumwoll-musselin-bezug-406-x-813-cm-100-baumwolle-maschinenwaschbar-standardgroesse-genaehte-loecher-fuer-sicherheitsgurte-leichtes-atmungsaktives-design-tropisches-bl\\\/\",\"name\":\"Little Unicorn Baumwoll-Musselin-Bezug - 40,6 x 81,3 cm - 100 % Baumwolle - maschinenwaschbar - Standardgr\u00f6\u00dfe - gen\u00e4hte L\u00f6cher f\u00fcr Sicherheitsgurte - leichtes, atmungsaktives Design (Tropisches Blatt) - Markt-XXL\",\"isPartOf\":{\"@id\":\"https:\\\/\\\/marktxxl.de\\\/markt\\\/#website\"},\"primaryImageOfPage\":{\"@id\":\"https:\\\/\\\/marktxxl.de\\\/markt\\\/produkt\\\/little-unicorn-baumwoll-musselin-bezug-406-x-813-cm-100-baumwolle-maschinenwaschbar-standardgroesse-genaehte-loecher-fuer-sicherheitsgurte-leichtes-atmungsaktives-design-tropisches-bl\\\/#primaryimage\"},\"image\":{\"@id\":\"https:\\\/\\\/marktxxl.de\\\/markt\\\/produkt\\\/little-unicorn-baumwoll-musselin-bezug-406-x-813-cm-100-baumwolle-maschinenwaschbar-standardgroesse-genaehte-loecher-fuer-sicherheitsgurte-leichtes-atmungsaktives-design-tropisches-bl\\\/#primaryimage\"},\"thumbnailUrl\":\"https:\\\/\\\/m.media-amazon.com\\\/images\\\/I\\\/41ZFlvtibwL._SL500_.jpg\",\"datePublished\":\"2024-07-28T03:36:24+00:00\",\"description\":\"Markt-XXL Little Unicorn Baumwoll-Musselin-Bezug - 40,6 x 81,3 cm - 100 % Baumwolle - maschinenwaschbar - Standardgr\u00f6\u00dfe - gen\u00e4hte L\u00f6cher f\u00fcr Sicherheitsgurte - leichtes, atmungsaktives Design (Tropisches Blatt)\",\"breadcrumb\":{\"@id\":\"https:\\\/\\\/marktxxl.de\\\/markt\\\/produkt\\\/little-unicorn-baumwoll-musselin-bezug-406-x-813-cm-100-baumwolle-maschinenwaschbar-standardgroesse-genaehte-loecher-fuer-sicherheitsgurte-leichtes-atmungsaktives-design-tropisches-bl\\\/#breadcrumb\"},\"inLanguage\":\"de\",\"potentialAction\":[{\"@type\":\"ReadAction\",\"target\":[\"https:\\\/\\\/marktxxl.de\\\/markt\\\/produkt\\\/little-unicorn-baumwoll-musselin-bezug-406-x-813-cm-100-baumwolle-maschinenwaschbar-standardgroesse-genaehte-loecher-fuer-sicherheitsgurte-leichtes-atmungsaktives-design-tropisches-bl\\\/\"]}]},{\"@type\":\"ImageObject\",\"inLanguage\":\"de\",\"@id\":\"https:\\\/\\\/marktxxl.de\\\/markt\\\/produkt\\\/little-unicorn-baumwoll-musselin-bezug-406-x-813-cm-100-baumwolle-maschinenwaschbar-standardgroesse-genaehte-loecher-fuer-sicherheitsgurte-leichtes-atmungsaktives-design-tropisches-bl\\\/#primaryimage\",\"url\":\"https:\\\/\\\/m.media-amazon.com\\\/images\\\/I\\\/41ZFlvtibwL._SL500_.jpg\",\"contentUrl\":\"https:\\\/\\\/m.media-amazon.com\\\/images\\\/I\\\/41ZFlvtibwL._SL500_.jpg\",\"width\":500,\"height\":500},{\"@type\":\"BreadcrumbList\",\"@id\":\"https:\\\/\\\/marktxxl.de\\\/markt\\\/produkt\\\/little-unicorn-baumwoll-musselin-bezug-406-x-813-cm-100-baumwolle-maschinenwaschbar-standardgroesse-genaehte-loecher-fuer-sicherheitsgurte-leichtes-atmungsaktives-design-tropisches-bl\\\/#breadcrumb\",\"itemListElement\":[{\"@type\":\"ListItem\",\"position\":1,\"name\":\"Startseite\",\"item\":\"https:\\\/\\\/marktxxl.de\\\/markt\\\/\"},{\"@type\":\"ListItem\",\"position\":2,\"name\":\"Markt\",\"item\":\"https:\\\/\\\/marktxxl.de\\\/markt\\\/\"},{\"@type\":\"ListItem\",\"position\":3,\"name\":\"Little Unicorn Baumwoll-Musselin-Bezug &#8211; 40,6 x 81,3 cm &#8211; 100 % Baumwolle &#8211; maschinenwaschbar &#8211; Standardgr\u00f6\u00dfe &#8211; gen\u00e4hte L\u00f6cher f\u00fcr Sicherheitsgurte &#8211; leichtes, atmungsaktives Design (Tropisches Blatt)\"}]},{\"@type\":\"WebSite\",\"@id\":\"https:\\\/\\\/marktxxl.de\\\/markt\\\/#website\",\"url\":\"https:\\\/\\\/marktxxl.de\\\/markt\\\/\",\"name\":\"Markt-XXL\",\"description\":\"Ihr Markt Online\",\"publisher\":{\"@id\":\"https:\\\/\\\/marktxxl.de\\\/markt\\\/#organization\"},\"potentialAction\":[{\"@type\":\"SearchAction\",\"target\":{\"@type\":\"EntryPoint\",\"urlTemplate\":\"https:\\\/\\\/marktxxl.de\\\/markt\\\/?s={search_term_string}\"},\"query-input\":{\"@type\":\"PropertyValueSpecification\",\"valueRequired\":true,\"valueName\":\"search_term_string\"}}],\"inLanguage\":\"de\"},{\"@type\":\"Organization\",\"@id\":\"https:\\\/\\\/marktxxl.de\\\/markt\\\/#organization\",\"name\":\"Markt-XXL\",\"url\":\"https:\\\/\\\/marktxxl.de\\\/markt\\\/\",\"logo\":{\"@type\":\"ImageObject\",\"inLanguage\":\"de\",\"@id\":\"https:\\\/\\\/marktxxl.de\\\/markt\\\/#\\\/schema\\\/logo\\\/image\\\/\",\"url\":\"https:\\\/\\\/marktxxl.de\\\/markt\\\/wp-content\\\/uploads\\\/sites\\\/3\\\/2020\\\/12\\\/logo.png\",\"contentUrl\":\"https:\\\/\\\/marktxxl.de\\\/markt\\\/wp-content\\\/uploads\\\/sites\\\/3\\\/2020\\\/12\\\/logo.png\",\"width\":200,\"height\":70,\"caption\":\"Markt-XXL\"},\"image\":{\"@id\":\"https:\\\/\\\/marktxxl.de\\\/markt\\\/#\\\/schema\\\/logo\\\/image\\\/\"}}]}<\/script>\n<!-- \/ Yoast SEO plugin. -->","yoast_head_json":{"title":"Little Unicorn Baumwoll-Musselin-Bezug - 40,6 x 81,3 cm - 100 % Baumwolle - maschinenwaschbar - Standardgr\u00f6\u00dfe - gen\u00e4hte L\u00f6cher f\u00fcr Sicherheitsgurte - leichtes, atmungsaktives Design (Tropisches Blatt) - Markt-XXL","description":"Markt-XXL Little Unicorn Baumwoll-Musselin-Bezug - 40,6 x 81,3 cm - 100 % Baumwolle - maschinenwaschbar - Standardgr\u00f6\u00dfe - gen\u00e4hte L\u00f6cher f\u00fcr Sicherheitsgurte - leichtes, atmungsaktives Design (Tropisches Blatt)","robots":{"index":"index","follow":"follow","max-snippet":"max-snippet:-1","max-image-preview":"max-image-preview:large","max-video-preview":"max-video-preview:-1"},"canonical":"https:\/\/marktxxl.de\/markt\/produkt\/little-unicorn-baumwoll-musselin-bezug-406-x-813-cm-100-baumwolle-maschinenwaschbar-standardgroesse-genaehte-loecher-fuer-sicherheitsgurte-leichtes-atmungsaktives-design-tropisches-bl\/","og_locale":"de_DE","og_type":"article","og_title":"Little Unicorn Baumwoll-Musselin-Bezug - 40,6 x 81,3 cm - 100 % Baumwolle - maschinenwaschbar - Standardgr\u00f6\u00dfe - gen\u00e4hte L\u00f6cher f\u00fcr Sicherheitsgurte - leichtes, atmungsaktives Design (Tropisches Blatt) - Markt-XXL","og_description":"Markt-XXL Little Unicorn Baumwoll-Musselin-Bezug - 40,6 x 81,3 cm - 100 % Baumwolle - maschinenwaschbar - Standardgr\u00f6\u00dfe - gen\u00e4hte L\u00f6cher f\u00fcr Sicherheitsgurte - leichtes, atmungsaktives Design (Tropisches Blatt)","og_url":"https:\/\/marktxxl.de\/markt\/produkt\/little-unicorn-baumwoll-musselin-bezug-406-x-813-cm-100-baumwolle-maschinenwaschbar-standardgroesse-genaehte-loecher-fuer-sicherheitsgurte-leichtes-atmungsaktives-design-tropisches-bl\/","og_site_name":"Markt-XXL","twitter_card":"summary_large_image","twitter_misc":{"Gesch\u00e4tzte Lesezeit":"1\u00a0Minute"},"schema":{"@context":"https:\/\/schema.org","@graph":[{"@type":"WebPage","@id":"https:\/\/marktxxl.de\/markt\/produkt\/little-unicorn-baumwoll-musselin-bezug-406-x-813-cm-100-baumwolle-maschinenwaschbar-standardgroesse-genaehte-loecher-fuer-sicherheitsgurte-leichtes-atmungsaktives-design-tropisches-bl\/","url":"https:\/\/marktxxl.de\/markt\/produkt\/little-unicorn-baumwoll-musselin-bezug-406-x-813-cm-100-baumwolle-maschinenwaschbar-standardgroesse-genaehte-loecher-fuer-sicherheitsgurte-leichtes-atmungsaktives-design-tropisches-bl\/","name":"Little Unicorn Baumwoll-Musselin-Bezug - 40,6 x 81,3 cm - 100 % Baumwolle - maschinenwaschbar - Standardgr\u00f6\u00dfe - gen\u00e4hte L\u00f6cher f\u00fcr Sicherheitsgurte - leichtes, atmungsaktives Design (Tropisches Blatt) - Markt-XXL","isPartOf":{"@id":"https:\/\/marktxxl.de\/markt\/#website"},"primaryImageOfPage":{"@id":"https:\/\/marktxxl.de\/markt\/produkt\/little-unicorn-baumwoll-musselin-bezug-406-x-813-cm-100-baumwolle-maschinenwaschbar-standardgroesse-genaehte-loecher-fuer-sicherheitsgurte-leichtes-atmungsaktives-design-tropisches-bl\/#primaryimage"},"image":{"@id":"https:\/\/marktxxl.de\/markt\/produkt\/little-unicorn-baumwoll-musselin-bezug-406-x-813-cm-100-baumwolle-maschinenwaschbar-standardgroesse-genaehte-loecher-fuer-sicherheitsgurte-leichtes-atmungsaktives-design-tropisches-bl\/#primaryimage"},"thumbnailUrl":"https:\/\/m.media-amazon.com\/images\/I\/41ZFlvtibwL._SL500_.jpg","datePublished":"2024-07-28T03:36:24+00:00","description":"Markt-XXL Little Unicorn Baumwoll-Musselin-Bezug - 40,6 x 81,3 cm - 100 % Baumwolle - maschinenwaschbar - Standardgr\u00f6\u00dfe - gen\u00e4hte L\u00f6cher f\u00fcr Sicherheitsgurte - leichtes, atmungsaktives Design (Tropisches Blatt)","breadcrumb":{"@id":"https:\/\/marktxxl.de\/markt\/produkt\/little-unicorn-baumwoll-musselin-bezug-406-x-813-cm-100-baumwolle-maschinenwaschbar-standardgroesse-genaehte-loecher-fuer-sicherheitsgurte-leichtes-atmungsaktives-design-tropisches-bl\/#breadcrumb"},"inLanguage":"de","potentialAction":[{"@type":"ReadAction","target":["https:\/\/marktxxl.de\/markt\/produkt\/little-unicorn-baumwoll-musselin-bezug-406-x-813-cm-100-baumwolle-maschinenwaschbar-standardgroesse-genaehte-loecher-fuer-sicherheitsgurte-leichtes-atmungsaktives-design-tropisches-bl\/"]}]},{"@type":"ImageObject","inLanguage":"de","@id":"https:\/\/marktxxl.de\/markt\/produkt\/little-unicorn-baumwoll-musselin-bezug-406-x-813-cm-100-baumwolle-maschinenwaschbar-standardgroesse-genaehte-loecher-fuer-sicherheitsgurte-leichtes-atmungsaktives-design-tropisches-bl\/#primaryimage","url":"https:\/\/m.media-amazon.com\/images\/I\/41ZFlvtibwL._SL500_.jpg","contentUrl":"https:\/\/m.media-amazon.com\/images\/I\/41ZFlvtibwL._SL500_.jpg","width":500,"height":500},{"@type":"BreadcrumbList","@id":"https:\/\/marktxxl.de\/markt\/produkt\/little-unicorn-baumwoll-musselin-bezug-406-x-813-cm-100-baumwolle-maschinenwaschbar-standardgroesse-genaehte-loecher-fuer-sicherheitsgurte-leichtes-atmungsaktives-design-tropisches-bl\/#breadcrumb","itemListElement":[{"@type":"ListItem","position":1,"name":"Startseite","item":"https:\/\/marktxxl.de\/markt\/"},{"@type":"ListItem","position":2,"name":"Markt","item":"https:\/\/marktxxl.de\/markt\/"},{"@type":"ListItem","position":3,"name":"Little Unicorn Baumwoll-Musselin-Bezug &#8211; 40,6 x 81,3 cm &#8211; 100 % Baumwolle &#8211; maschinenwaschbar &#8211; Standardgr\u00f6\u00dfe &#8211; gen\u00e4hte L\u00f6cher f\u00fcr Sicherheitsgurte &#8211; leichtes, atmungsaktives Design (Tropisches Blatt)"}]},{"@type":"WebSite","@id":"https:\/\/marktxxl.de\/markt\/#website","url":"https:\/\/marktxxl.de\/markt\/","name":"Markt-XXL","description":"Ihr Markt Online","publisher":{"@id":"https:\/\/marktxxl.de\/markt\/#organization"},"potentialAction":[{"@type":"SearchAction","target":{"@type":"EntryPoint","urlTemplate":"https:\/\/marktxxl.de\/markt\/?s={search_term_string}"},"query-input":{"@type":"PropertyValueSpecification","valueRequired":true,"valueName":"search_term_string"}}],"inLanguage":"de"},{"@type":"Organization","@id":"https:\/\/marktxxl.de\/markt\/#organization","name":"Markt-XXL","url":"https:\/\/marktxxl.de\/markt\/","logo":{"@type":"ImageObject","inLanguage":"de","@id":"https:\/\/marktxxl.de\/markt\/#\/schema\/logo\/image\/","url":"https:\/\/marktxxl.de\/markt\/wp-content\/uploads\/sites\/3\/2020\/12\/logo.png","contentUrl":"https:\/\/marktxxl.de\/markt\/wp-content\/uploads\/sites\/3\/2020\/12\/logo.png","width":200,"height":70,"caption":"Markt-XXL"},"image":{"@id":"https:\/\/marktxxl.de\/markt\/#\/schema\/logo\/image\/"}}]}},"_links":{"self":[{"href":"https:\/\/marktxxl.de\/markt\/wp-json\/wp\/v2\/product\/216603","targetHints":{"allow":["GET"]}}],"collection":[{"href":"https:\/\/marktxxl.de\/markt\/wp-json\/wp\/v2\/product"}],"about":[{"href":"https:\/\/marktxxl.de\/markt\/wp-json\/wp\/v2\/types\/product"}],"replies":[{"embeddable":true,"href":"https:\/\/marktxxl.de\/markt\/wp-json\/wp\/v2\/comments?post=216603"}],"wp:featuredmedia":[{"embeddable":true,"href":"https:\/\/marktxxl.de\/markt\/wp-json\/wp\/v2\/media\/216604"}],"wp:attachment":[{"href":"https:\/\/marktxxl.de\/markt\/wp-json\/wp\/v2\/media?parent=216603"}],"wp:term":[{"taxonomy":"product_brand","embeddable":true,"href":"https:\/\/marktxxl.de\/markt\/wp-json\/wp\/v2\/product_brand?post=216603"},{"taxonomy":"product_cat","embeddable":true,"href":"https:\/\/marktxxl.de\/markt\/wp-json\/wp\/v2\/product_cat?post=216603"},{"taxonomy":"product_tag","embeddable":true,"href":"https:\/\/marktxxl.de\/markt\/wp-json\/wp\/v2\/product_tag?post=216603"}],"curies":[{"name":"wp","href":"https:\/\/api.w.org\/{rel}","templated":true}]}}