{"id":216589,"date":"2024-07-28T05:35:55","date_gmt":"2024-07-28T03:35:55","guid":{"rendered":"https:\/\/marktxxl.de\/markt\/produkt\/pobi-baby-2-stueck-premium-qualitaet-wickelauflagenbezug-ultraweiche-baumwollmischung-stilvolles-tier-waldmuster-sicher-und-kuschelig-fuer-baby-magisch\/"},"modified":"2024-07-28T05:35:55","modified_gmt":"2024-07-28T03:35:55","slug":"pobi-baby-2-stueck-premium-qualitaet-wickelauflagenbezug-ultraweiche-baumwollmischung-stilvolles-tier-waldmuster-sicher-und-kuschelig-fuer-baby-magisch","status":"publish","type":"product","link":"https:\/\/marktxxl.de\/markt\/produkt\/pobi-baby-2-stueck-premium-qualitaet-wickelauflagenbezug-ultraweiche-baumwollmischung-stilvolles-tier-waldmuster-sicher-und-kuschelig-fuer-baby-magisch\/","title":{"rendered":"Pobi Baby \u2013 2 St\u00fcck Premium Qualit\u00e4t Wickelauflagenbezug \u2013 ultraweiche Baumwollmischung, stilvolles Tier-Waldmuster, sicher und kuschelig f\u00fcr Baby (magisch)"},"content":{"rendered":"<p>Weich, stilvoll und sicher \u2013 Das erste, was Sie \u00fcber unsere hochwertigen Wickeltischbez\u00fcge bemerken werden, ist der luxuri\u00f6s weiche, atmungsaktive Stoff. Sie werden das Gef\u00fchl und die Passform lieben, wenn Sie den Bezug eng ziehen und erkennen, dass das elastische Band um die Wickelunterlage gewickelt und sogar Schlitze f\u00fcr die Sicherheitsgurte enth\u00e4lt<br \/>\nEntworfen von M\u00fcttern f\u00fcr M\u00fctter: Bei Pobi Baby wissen wir, wie schwer es sein kann, eine Wickelauflage zu finden, die einfach zu bedienen und sch\u00f6n gestaltet ist. Wir haben dieses Unternehmen gegr\u00fcndet, weil wir Kunden genau wie Sie sind, und wir wussten, dass wir ein \u00fcberlegenes Produkt anbieten k\u00f6nnen, indem wir auf die Details achten und keine Kompromisse eingehen.<br \/>\nEinfache Pflege \u2013 Unf\u00e4lle passieren und die Bez\u00fcge m\u00fcssen gewaschen werden. Wir haben zwei komplement\u00e4re Designs in jedem Paket enthalten, um sicherzustellen, dass Sie immer eins zur Hand haben. Das Beste daran ist, dass unsere Bez\u00fcge auch bei vielen W\u00e4schen nicht knittern, schrumpfen oder ausdehnen.<br \/>\nSch\u00f6ne, lange Lebensdauer \u2013 Im Gegensatz zu vielen anderen Wickelauflagenbez\u00fcgen wird unsere hochwertige Baumwoll-Elasthan-Mischung im Laufe der Zeit nicht pilling oder seine lebendigen Farben verlieren. Diese Bez\u00fcge sind f\u00fcr eine lange Lebensdauer ausgelegt. F\u00fcllen Sie Ihre Welt mit Sch\u00f6nheit, indem Sie sie mit anderen Accessoires von Pobi Baby kombinieren k\u00f6nnen: Bettlaken, Stubenwagenlaken, tragbare Bettlaken, Mehrzweck-Autositz- und Stillbez\u00fcge.<br \/>\nM\u00fctter verdienen das Beste \u2013 diese hochwertigen Wickeltischhussen sind ein absolutes Muss f\u00fcr Ihre Babysch\u00fcssel; das perfekte Geschenk f\u00fcr eine Mutter, die Sie lieben. Sie k\u00f6nnen sicher sein, mit vollem Vertrauen zu kaufen, wenn Sie aus irgendeinem Grund mit der Qualit\u00e4t Ihres Kaufs nicht zufrieden sind, k\u00f6nnen Sie sich auf unsere 30-Tage-Geld-zur\u00fcck-Garantie verlassen. Eine Mutter zu sein ist hart genug; Online-Shopping sollte einfach sein, und wir sind hier, um Ihnen zu helfen<br \/>\n<div class=\"main-cross-sell\" data-asin=\"B0813W6NPT\">\n\n\t<div class=\"WooZone-cross-sell-loader\">\n\t\t<div>\n\t\t\t<div id=\"floatingBarsG\">\n\t\t\t\t<div class=\"blockG\" id=\"rotateG_01\"><\/div>\n\t\t\t\t<div class=\"blockG\" id=\"rotateG_02\"><\/div>\n\t\t\t\t<div class=\"blockG\" id=\"rotateG_03\"><\/div>\n\t\t\t\t<div class=\"blockG\" id=\"rotateG_04\"><\/div>\n\t\t\t\t<div class=\"blockG\" id=\"rotateG_05\"><\/div>\n\t\t\t\t<div class=\"blockG\" id=\"rotateG_06\"><\/div>\n\t\t\t\t<div class=\"blockG\" id=\"rotateG_07\"><\/div>\n\t\t\t\t<div class=\"blockG\" id=\"rotateG_08\"><\/div>\n\t\t\t<\/div>\n\t\t\t<div class=\"WooZone-cross-sell-loader-text\"><\/div>\n\t\t<\/div>\n\t<\/div>\n\n\t\t\n<\/div>\n<div style=\"clear:both;\"><\/div><\/p>\n","protected":false},"excerpt":{"rendered":"<p>Weich, stilvoll und sicher \u2013 Das erste, was Sie \u00fcber unsere hochwertigen Wickeltischbez\u00fcge bemerken werden, ist der luxuri\u00f6s weiche, atmungsaktive Stoff. Sie werden das Gef\u00fchl und die Passform lieben, wenn Sie den Bezug eng ziehen und erkennen, dass das elastische Band um die Wickelunterlage gewickelt und sogar Schlitze f\u00fcr die Sicherheitsgurte enth\u00e4lt<br \/>\nEntworfen von M\u00fcttern f\u00fcr M\u00fctter: Bei Pobi Baby wissen wir, wie schwer es sein kann, eine Wickelauflage zu finden, die einfach zu bedienen und sch\u00f6n gestaltet ist. Wir haben dieses Unternehmen gegr\u00fcndet, weil wir Kunden genau wie Sie sind, und wir wussten, dass wir ein \u00fcberlegenes Produkt anbieten k\u00f6nnen, indem wir auf die Details achten und keine Kompromisse eingehen.<br \/>\nEinfache Pflege \u2013 Unf\u00e4lle passieren und die Bez\u00fcge m\u00fcssen gewaschen werden. Wir haben zwei komplement\u00e4re Designs in jedem Paket enthalten, um sicherzustellen, dass Sie immer eins zur Hand haben. Das Beste daran ist, dass unsere Bez\u00fcge auch bei vielen W\u00e4schen nicht knittern, schrumpfen oder ausdehnen.<\/p>\n","protected":false},"featured_media":216590,"comment_status":"open","ping_status":"closed","template":"","meta":[],"product_brand":[],"product_cat":[21,9520],"product_tag":[],"class_list":{"0":"post-216589","1":"product","2":"type-product","3":"status-publish","4":"has-post-thumbnail","6":"product_cat-baby","7":"product_cat-wickeln-baby","8":"pa_brand-pobibaby","9":"pa_color-wickelunterlagen","10":"pa_height-4-zoll","11":"pa_length-32-zoll","12":"pa_manufacturer-pobi-baby-inc","13":"pa_size-change-pad-covers-2pack","14":"pa_width-16-zoll","16":"first","17":"instock","18":"shipping-taxable","19":"purchasable","20":"product-type-simple","21":"customify-col","22":"product-has-gallery"},"yoast_head":"<!-- This site is optimized with the Yoast SEO plugin v27.4 - https:\/\/yoast.com\/product\/yoast-seo-wordpress\/ -->\n<title>Pobi Baby \u2013 2 St\u00fcck Premium Qualit\u00e4t Wickelauflagenbezug \u2013 ultraweiche Baumwollmischung, stilvolles Tier-Waldmuster, sicher und kuschelig f\u00fcr Baby (magisch) - Markt-XXL<\/title>\n<meta name=\"description\" content=\"Markt-XXL Pobi Baby \u2013 2 St\u00fcck Premium Qualit\u00e4t Wickelauflagenbezug \u2013 ultraweiche Baumwollmischung, stilvolles Tier-Waldmuster, sicher und kuschelig f\u00fcr Baby (magisch)\" \/>\n<meta name=\"robots\" content=\"index, follow, max-snippet:-1, max-image-preview:large, max-video-preview:-1\" \/>\n<link rel=\"canonical\" href=\"https:\/\/marktxxl.de\/markt\/produkt\/pobi-baby-2-stueck-premium-qualitaet-wickelauflagenbezug-ultraweiche-baumwollmischung-stilvolles-tier-waldmuster-sicher-und-kuschelig-fuer-baby-magisch\/\" \/>\n<meta property=\"og:locale\" content=\"de_DE\" \/>\n<meta property=\"og:type\" content=\"article\" \/>\n<meta property=\"og:title\" content=\"Pobi Baby \u2013 2 St\u00fcck Premium Qualit\u00e4t Wickelauflagenbezug \u2013 ultraweiche Baumwollmischung, stilvolles Tier-Waldmuster, sicher und kuschelig f\u00fcr Baby (magisch) - Markt-XXL\" \/>\n<meta property=\"og:description\" content=\"Markt-XXL Pobi Baby \u2013 2 St\u00fcck Premium Qualit\u00e4t Wickelauflagenbezug \u2013 ultraweiche Baumwollmischung, stilvolles Tier-Waldmuster, sicher und kuschelig f\u00fcr Baby (magisch)\" \/>\n<meta property=\"og:url\" content=\"https:\/\/marktxxl.de\/markt\/produkt\/pobi-baby-2-stueck-premium-qualitaet-wickelauflagenbezug-ultraweiche-baumwollmischung-stilvolles-tier-waldmuster-sicher-und-kuschelig-fuer-baby-magisch\/\" \/>\n<meta property=\"og:site_name\" content=\"Markt-XXL\" \/>\n<meta name=\"twitter:card\" content=\"summary_large_image\" \/>\n<meta name=\"twitter:label1\" content=\"Gesch\u00e4tzte Lesezeit\" \/>\n\t<meta name=\"twitter:data1\" content=\"2\u00a0Minuten\" \/>\n<script type=\"application\/ld+json\" class=\"yoast-schema-graph\">{\"@context\":\"https:\\\/\\\/schema.org\",\"@graph\":[{\"@type\":\"WebPage\",\"@id\":\"https:\\\/\\\/marktxxl.de\\\/markt\\\/produkt\\\/pobi-baby-2-stueck-premium-qualitaet-wickelauflagenbezug-ultraweiche-baumwollmischung-stilvolles-tier-waldmuster-sicher-und-kuschelig-fuer-baby-magisch\\\/\",\"url\":\"https:\\\/\\\/marktxxl.de\\\/markt\\\/produkt\\\/pobi-baby-2-stueck-premium-qualitaet-wickelauflagenbezug-ultraweiche-baumwollmischung-stilvolles-tier-waldmuster-sicher-und-kuschelig-fuer-baby-magisch\\\/\",\"name\":\"Pobi Baby \u2013 2 St\u00fcck Premium Qualit\u00e4t Wickelauflagenbezug \u2013 ultraweiche Baumwollmischung, stilvolles Tier-Waldmuster, sicher und kuschelig f\u00fcr Baby (magisch) - Markt-XXL\",\"isPartOf\":{\"@id\":\"https:\\\/\\\/marktxxl.de\\\/markt\\\/#website\"},\"primaryImageOfPage\":{\"@id\":\"https:\\\/\\\/marktxxl.de\\\/markt\\\/produkt\\\/pobi-baby-2-stueck-premium-qualitaet-wickelauflagenbezug-ultraweiche-baumwollmischung-stilvolles-tier-waldmuster-sicher-und-kuschelig-fuer-baby-magisch\\\/#primaryimage\"},\"image\":{\"@id\":\"https:\\\/\\\/marktxxl.de\\\/markt\\\/produkt\\\/pobi-baby-2-stueck-premium-qualitaet-wickelauflagenbezug-ultraweiche-baumwollmischung-stilvolles-tier-waldmuster-sicher-und-kuschelig-fuer-baby-magisch\\\/#primaryimage\"},\"thumbnailUrl\":\"https:\\\/\\\/m.media-amazon.com\\\/images\\\/I\\\/51VHmaYRAML._SL500_.jpg\",\"datePublished\":\"2024-07-28T03:35:55+00:00\",\"description\":\"Markt-XXL Pobi Baby \u2013 2 St\u00fcck Premium Qualit\u00e4t Wickelauflagenbezug \u2013 ultraweiche Baumwollmischung, stilvolles Tier-Waldmuster, sicher und kuschelig f\u00fcr Baby (magisch)\",\"breadcrumb\":{\"@id\":\"https:\\\/\\\/marktxxl.de\\\/markt\\\/produkt\\\/pobi-baby-2-stueck-premium-qualitaet-wickelauflagenbezug-ultraweiche-baumwollmischung-stilvolles-tier-waldmuster-sicher-und-kuschelig-fuer-baby-magisch\\\/#breadcrumb\"},\"inLanguage\":\"de\",\"potentialAction\":[{\"@type\":\"ReadAction\",\"target\":[\"https:\\\/\\\/marktxxl.de\\\/markt\\\/produkt\\\/pobi-baby-2-stueck-premium-qualitaet-wickelauflagenbezug-ultraweiche-baumwollmischung-stilvolles-tier-waldmuster-sicher-und-kuschelig-fuer-baby-magisch\\\/\"]}]},{\"@type\":\"ImageObject\",\"inLanguage\":\"de\",\"@id\":\"https:\\\/\\\/marktxxl.de\\\/markt\\\/produkt\\\/pobi-baby-2-stueck-premium-qualitaet-wickelauflagenbezug-ultraweiche-baumwollmischung-stilvolles-tier-waldmuster-sicher-und-kuschelig-fuer-baby-magisch\\\/#primaryimage\",\"url\":\"https:\\\/\\\/m.media-amazon.com\\\/images\\\/I\\\/51VHmaYRAML._SL500_.jpg\",\"contentUrl\":\"https:\\\/\\\/m.media-amazon.com\\\/images\\\/I\\\/51VHmaYRAML._SL500_.jpg\",\"width\":500,\"height\":500},{\"@type\":\"BreadcrumbList\",\"@id\":\"https:\\\/\\\/marktxxl.de\\\/markt\\\/produkt\\\/pobi-baby-2-stueck-premium-qualitaet-wickelauflagenbezug-ultraweiche-baumwollmischung-stilvolles-tier-waldmuster-sicher-und-kuschelig-fuer-baby-magisch\\\/#breadcrumb\",\"itemListElement\":[{\"@type\":\"ListItem\",\"position\":1,\"name\":\"Startseite\",\"item\":\"https:\\\/\\\/marktxxl.de\\\/markt\\\/\"},{\"@type\":\"ListItem\",\"position\":2,\"name\":\"Markt\",\"item\":\"https:\\\/\\\/marktxxl.de\\\/markt\\\/\"},{\"@type\":\"ListItem\",\"position\":3,\"name\":\"Pobi Baby \u2013 2 St\u00fcck Premium Qualit\u00e4t Wickelauflagenbezug \u2013 ultraweiche Baumwollmischung, stilvolles Tier-Waldmuster, sicher und kuschelig f\u00fcr Baby (magisch)\"}]},{\"@type\":\"WebSite\",\"@id\":\"https:\\\/\\\/marktxxl.de\\\/markt\\\/#website\",\"url\":\"https:\\\/\\\/marktxxl.de\\\/markt\\\/\",\"name\":\"Markt-XXL\",\"description\":\"Ihr Markt Online\",\"publisher\":{\"@id\":\"https:\\\/\\\/marktxxl.de\\\/markt\\\/#organization\"},\"potentialAction\":[{\"@type\":\"SearchAction\",\"target\":{\"@type\":\"EntryPoint\",\"urlTemplate\":\"https:\\\/\\\/marktxxl.de\\\/markt\\\/?s={search_term_string}\"},\"query-input\":{\"@type\":\"PropertyValueSpecification\",\"valueRequired\":true,\"valueName\":\"search_term_string\"}}],\"inLanguage\":\"de\"},{\"@type\":\"Organization\",\"@id\":\"https:\\\/\\\/marktxxl.de\\\/markt\\\/#organization\",\"name\":\"Markt-XXL\",\"url\":\"https:\\\/\\\/marktxxl.de\\\/markt\\\/\",\"logo\":{\"@type\":\"ImageObject\",\"inLanguage\":\"de\",\"@id\":\"https:\\\/\\\/marktxxl.de\\\/markt\\\/#\\\/schema\\\/logo\\\/image\\\/\",\"url\":\"https:\\\/\\\/marktxxl.de\\\/markt\\\/wp-content\\\/uploads\\\/sites\\\/3\\\/2020\\\/12\\\/logo.png\",\"contentUrl\":\"https:\\\/\\\/marktxxl.de\\\/markt\\\/wp-content\\\/uploads\\\/sites\\\/3\\\/2020\\\/12\\\/logo.png\",\"width\":200,\"height\":70,\"caption\":\"Markt-XXL\"},\"image\":{\"@id\":\"https:\\\/\\\/marktxxl.de\\\/markt\\\/#\\\/schema\\\/logo\\\/image\\\/\"}}]}<\/script>\n<!-- \/ Yoast SEO plugin. -->","yoast_head_json":{"title":"Pobi Baby \u2013 2 St\u00fcck Premium Qualit\u00e4t Wickelauflagenbezug \u2013 ultraweiche Baumwollmischung, stilvolles Tier-Waldmuster, sicher und kuschelig f\u00fcr Baby (magisch) - Markt-XXL","description":"Markt-XXL Pobi Baby \u2013 2 St\u00fcck Premium Qualit\u00e4t Wickelauflagenbezug \u2013 ultraweiche Baumwollmischung, stilvolles Tier-Waldmuster, sicher und kuschelig f\u00fcr Baby (magisch)","robots":{"index":"index","follow":"follow","max-snippet":"max-snippet:-1","max-image-preview":"max-image-preview:large","max-video-preview":"max-video-preview:-1"},"canonical":"https:\/\/marktxxl.de\/markt\/produkt\/pobi-baby-2-stueck-premium-qualitaet-wickelauflagenbezug-ultraweiche-baumwollmischung-stilvolles-tier-waldmuster-sicher-und-kuschelig-fuer-baby-magisch\/","og_locale":"de_DE","og_type":"article","og_title":"Pobi Baby \u2013 2 St\u00fcck Premium Qualit\u00e4t Wickelauflagenbezug \u2013 ultraweiche Baumwollmischung, stilvolles Tier-Waldmuster, sicher und kuschelig f\u00fcr Baby (magisch) - Markt-XXL","og_description":"Markt-XXL Pobi Baby \u2013 2 St\u00fcck Premium Qualit\u00e4t Wickelauflagenbezug \u2013 ultraweiche Baumwollmischung, stilvolles Tier-Waldmuster, sicher und kuschelig f\u00fcr Baby (magisch)","og_url":"https:\/\/marktxxl.de\/markt\/produkt\/pobi-baby-2-stueck-premium-qualitaet-wickelauflagenbezug-ultraweiche-baumwollmischung-stilvolles-tier-waldmuster-sicher-und-kuschelig-fuer-baby-magisch\/","og_site_name":"Markt-XXL","twitter_card":"summary_large_image","twitter_misc":{"Gesch\u00e4tzte Lesezeit":"2\u00a0Minuten"},"schema":{"@context":"https:\/\/schema.org","@graph":[{"@type":"WebPage","@id":"https:\/\/marktxxl.de\/markt\/produkt\/pobi-baby-2-stueck-premium-qualitaet-wickelauflagenbezug-ultraweiche-baumwollmischung-stilvolles-tier-waldmuster-sicher-und-kuschelig-fuer-baby-magisch\/","url":"https:\/\/marktxxl.de\/markt\/produkt\/pobi-baby-2-stueck-premium-qualitaet-wickelauflagenbezug-ultraweiche-baumwollmischung-stilvolles-tier-waldmuster-sicher-und-kuschelig-fuer-baby-magisch\/","name":"Pobi Baby \u2013 2 St\u00fcck Premium Qualit\u00e4t Wickelauflagenbezug \u2013 ultraweiche Baumwollmischung, stilvolles Tier-Waldmuster, sicher und kuschelig f\u00fcr Baby (magisch) - Markt-XXL","isPartOf":{"@id":"https:\/\/marktxxl.de\/markt\/#website"},"primaryImageOfPage":{"@id":"https:\/\/marktxxl.de\/markt\/produkt\/pobi-baby-2-stueck-premium-qualitaet-wickelauflagenbezug-ultraweiche-baumwollmischung-stilvolles-tier-waldmuster-sicher-und-kuschelig-fuer-baby-magisch\/#primaryimage"},"image":{"@id":"https:\/\/marktxxl.de\/markt\/produkt\/pobi-baby-2-stueck-premium-qualitaet-wickelauflagenbezug-ultraweiche-baumwollmischung-stilvolles-tier-waldmuster-sicher-und-kuschelig-fuer-baby-magisch\/#primaryimage"},"thumbnailUrl":"https:\/\/m.media-amazon.com\/images\/I\/51VHmaYRAML._SL500_.jpg","datePublished":"2024-07-28T03:35:55+00:00","description":"Markt-XXL Pobi Baby \u2013 2 St\u00fcck Premium Qualit\u00e4t Wickelauflagenbezug \u2013 ultraweiche Baumwollmischung, stilvolles Tier-Waldmuster, sicher und kuschelig f\u00fcr Baby (magisch)","breadcrumb":{"@id":"https:\/\/marktxxl.de\/markt\/produkt\/pobi-baby-2-stueck-premium-qualitaet-wickelauflagenbezug-ultraweiche-baumwollmischung-stilvolles-tier-waldmuster-sicher-und-kuschelig-fuer-baby-magisch\/#breadcrumb"},"inLanguage":"de","potentialAction":[{"@type":"ReadAction","target":["https:\/\/marktxxl.de\/markt\/produkt\/pobi-baby-2-stueck-premium-qualitaet-wickelauflagenbezug-ultraweiche-baumwollmischung-stilvolles-tier-waldmuster-sicher-und-kuschelig-fuer-baby-magisch\/"]}]},{"@type":"ImageObject","inLanguage":"de","@id":"https:\/\/marktxxl.de\/markt\/produkt\/pobi-baby-2-stueck-premium-qualitaet-wickelauflagenbezug-ultraweiche-baumwollmischung-stilvolles-tier-waldmuster-sicher-und-kuschelig-fuer-baby-magisch\/#primaryimage","url":"https:\/\/m.media-amazon.com\/images\/I\/51VHmaYRAML._SL500_.jpg","contentUrl":"https:\/\/m.media-amazon.com\/images\/I\/51VHmaYRAML._SL500_.jpg","width":500,"height":500},{"@type":"BreadcrumbList","@id":"https:\/\/marktxxl.de\/markt\/produkt\/pobi-baby-2-stueck-premium-qualitaet-wickelauflagenbezug-ultraweiche-baumwollmischung-stilvolles-tier-waldmuster-sicher-und-kuschelig-fuer-baby-magisch\/#breadcrumb","itemListElement":[{"@type":"ListItem","position":1,"name":"Startseite","item":"https:\/\/marktxxl.de\/markt\/"},{"@type":"ListItem","position":2,"name":"Markt","item":"https:\/\/marktxxl.de\/markt\/"},{"@type":"ListItem","position":3,"name":"Pobi Baby \u2013 2 St\u00fcck Premium Qualit\u00e4t Wickelauflagenbezug \u2013 ultraweiche Baumwollmischung, stilvolles Tier-Waldmuster, sicher und kuschelig f\u00fcr Baby (magisch)"}]},{"@type":"WebSite","@id":"https:\/\/marktxxl.de\/markt\/#website","url":"https:\/\/marktxxl.de\/markt\/","name":"Markt-XXL","description":"Ihr Markt Online","publisher":{"@id":"https:\/\/marktxxl.de\/markt\/#organization"},"potentialAction":[{"@type":"SearchAction","target":{"@type":"EntryPoint","urlTemplate":"https:\/\/marktxxl.de\/markt\/?s={search_term_string}"},"query-input":{"@type":"PropertyValueSpecification","valueRequired":true,"valueName":"search_term_string"}}],"inLanguage":"de"},{"@type":"Organization","@id":"https:\/\/marktxxl.de\/markt\/#organization","name":"Markt-XXL","url":"https:\/\/marktxxl.de\/markt\/","logo":{"@type":"ImageObject","inLanguage":"de","@id":"https:\/\/marktxxl.de\/markt\/#\/schema\/logo\/image\/","url":"https:\/\/marktxxl.de\/markt\/wp-content\/uploads\/sites\/3\/2020\/12\/logo.png","contentUrl":"https:\/\/marktxxl.de\/markt\/wp-content\/uploads\/sites\/3\/2020\/12\/logo.png","width":200,"height":70,"caption":"Markt-XXL"},"image":{"@id":"https:\/\/marktxxl.de\/markt\/#\/schema\/logo\/image\/"}}]}},"_links":{"self":[{"href":"https:\/\/marktxxl.de\/markt\/wp-json\/wp\/v2\/product\/216589","targetHints":{"allow":["GET"]}}],"collection":[{"href":"https:\/\/marktxxl.de\/markt\/wp-json\/wp\/v2\/product"}],"about":[{"href":"https:\/\/marktxxl.de\/markt\/wp-json\/wp\/v2\/types\/product"}],"replies":[{"embeddable":true,"href":"https:\/\/marktxxl.de\/markt\/wp-json\/wp\/v2\/comments?post=216589"}],"wp:featuredmedia":[{"embeddable":true,"href":"https:\/\/marktxxl.de\/markt\/wp-json\/wp\/v2\/media\/216590"}],"wp:attachment":[{"href":"https:\/\/marktxxl.de\/markt\/wp-json\/wp\/v2\/media?parent=216589"}],"wp:term":[{"taxonomy":"product_brand","embeddable":true,"href":"https:\/\/marktxxl.de\/markt\/wp-json\/wp\/v2\/product_brand?post=216589"},{"taxonomy":"product_cat","embeddable":true,"href":"https:\/\/marktxxl.de\/markt\/wp-json\/wp\/v2\/product_cat?post=216589"},{"taxonomy":"product_tag","embeddable":true,"href":"https:\/\/marktxxl.de\/markt\/wp-json\/wp\/v2\/product_tag?post=216589"}],"curies":[{"name":"wp","href":"https:\/\/api.w.org\/{rel}","templated":true}]}}