{"id":216549,"date":"2024-07-28T02:49:19","date_gmt":"2024-07-28T00:49:19","guid":{"rendered":"https:\/\/marktxxl.de\/markt\/produkt\/vtopmart-2-stueck-schubladen-organizer-transparent-badezimmer-organizer-mit-16-rutschfeste-matte-schminktisch-organizer-fuer-badezimmer-schminktisch-unter-waschbecken\/"},"modified":"2024-07-28T02:49:19","modified_gmt":"2024-07-28T00:49:19","slug":"vtopmart-2-stueck-schubladen-organizer-transparent-badezimmer-organizer-mit-16-rutschfeste-matte-schminktisch-organizer-fuer-badezimmer-schminktisch-unter-waschbecken","status":"publish","type":"product","link":"https:\/\/marktxxl.de\/markt\/produkt\/vtopmart-2-stueck-schubladen-organizer-transparent-badezimmer-organizer-mit-16-rutschfeste-matte-schminktisch-organizer-fuer-badezimmer-schminktisch-unter-waschbecken\/","title":{"rendered":"Vtopmart 2 St\u00fcck Schubladen Organizer, Transparent Badezimmer Organizer mit 16 Rutschfeste Matte, Schminktisch Organizer f\u00fcr Badezimmer, Schminktisch, Unter Waschbecken"},"content":{"rendered":"<p>\u3010Transparentes &amp; Ausziehbares Design\u3011Die insgesamt elegante, transparente Farbe der Organizer Bad kann Ihnen helfen, Gegenst\u00e4nde leicht zu identifizieren und schnell und bequem auf Gegenst\u00e4nde zuzugreifen. Sie m\u00fcssen nicht mehr nach Gegenst\u00e4nden suchen, die Sie zerlegen m\u00f6chten, und Sie m\u00fcssen sich auch keine Gedanken mehr \u00fcber das l\u00e4stige Durchw\u00fchlen von Kisten und Schr\u00e4nken machen.<br \/>\n\u3010Stapelbar &amp; Stabil\u3011Die Gr\u00f6\u00dfe der Kosmetik Organizer betr\u00e4gt 18,9 x 15.3 x 11.2 cm. Durch das stapelbare Design k\u00f6nnen Sie den Platz maximieren, indem Sie eine vertikale Aufbewahrung schaffen. Spezielle Anti-Rutsch-Pads an der Unterseite sorgen daf\u00fcr, dass die Aufbewahrungsbox beim Herausziehen stabil und stabil bleibt.<br \/>\n\u3010Multifunktionaler Einsatz\u3011Diese Schminktisch Organizer ist ein langlebiges und vielseitiges Aufbewahrungswerkzeug, das Ihren Aufbewahrungsbedarf in verschiedenen Szenarien erf\u00fcllen kann; wie zum Beispiel die Aufbewahrung von Hautpflegeprodukten im Badezimmer; Aufbewahrung von Kosmetika auf dem Schminktisch; Aufbewahrung von M\u00fclls\u00e4cken und Reinigungsmitteln unter der Sp\u00fcle; Aufbewahrung von Snacks in Schr\u00e4nken etc.<br \/>\n\u3010Langlebig &amp; Leicht zu Reinigen\u3011 Die Aufbewahrung Badezimmer besteht aus langlebigem, BPA-freiem, bruchsicherem Kunststoff f\u00fcr Langlebigkeit\uff0cein zufriedenstellendes Nutzungserlebnis. Geben Sie es nicht in die Sp\u00fclmaschine, sondern reinigen Sie es einfach mit Wasser und Seife.<br \/>\n\u3010Halten Sie Ihr Zuhause organisiert\u3011Das transparente Design des Hauptk\u00f6rpers verleiht der Organizer mit Schubladen ein raffiniertes Aussehen und macht sie zu einer Wohndekoration, die nicht nur praktisch, sondern auch sch\u00f6n ist. Sollten w\u00e4hrend des Gebrauchs Probleme auftreten, k\u00f6nnen Sie sich jederzeit an uns wenden und wir bieten Ihnen einen 100% zufriedenstellenden Kundendienst<br \/>\n<div class=\"main-cross-sell\" data-asin=\"B09J2QWHC2\">\n\n\t<div class=\"WooZone-cross-sell-loader\">\n\t\t<div>\n\t\t\t<div id=\"floatingBarsG\">\n\t\t\t\t<div class=\"blockG\" id=\"rotateG_01\"><\/div>\n\t\t\t\t<div class=\"blockG\" id=\"rotateG_02\"><\/div>\n\t\t\t\t<div class=\"blockG\" id=\"rotateG_03\"><\/div>\n\t\t\t\t<div class=\"blockG\" id=\"rotateG_04\"><\/div>\n\t\t\t\t<div class=\"blockG\" id=\"rotateG_05\"><\/div>\n\t\t\t\t<div class=\"blockG\" id=\"rotateG_06\"><\/div>\n\t\t\t\t<div class=\"blockG\" id=\"rotateG_07\"><\/div>\n\t\t\t\t<div class=\"blockG\" id=\"rotateG_08\"><\/div>\n\t\t\t<\/div>\n\t\t\t<div class=\"WooZone-cross-sell-loader-text\"><\/div>\n\t\t<\/div>\n\t<\/div>\n\n\t\t\n<\/div>\n<div style=\"clear:both;\"><\/div><\/p>\n","protected":false},"excerpt":{"rendered":"<p>\u3010Transparentes &amp; Ausziehbares Design\u3011Die insgesamt elegante, transparente Farbe der Organizer Bad kann Ihnen helfen, Gegenst\u00e4nde leicht zu identifizieren und schnell und bequem auf Gegenst\u00e4nde zuzugreifen. Sie m\u00fcssen nicht mehr nach Gegenst\u00e4nden suchen, die Sie zerlegen m\u00f6chten, und Sie m\u00fcssen sich auch keine Gedanken mehr \u00fcber das l\u00e4stige Durchw\u00fchlen von Kisten und Schr\u00e4nken machen.<br \/>\n\u3010Stapelbar &amp; Stabil\u3011Die Gr\u00f6\u00dfe der Kosmetik Organizer betr\u00e4gt 18,9 x 15.3 x 11.2 cm. Durch das stapelbare Design k\u00f6nnen Sie den Platz maximieren, indem Sie eine vertikale Aufbewahrung schaffen. Spezielle Anti-Rutsch-Pads an der Unterseite sorgen daf\u00fcr, dass die Aufbewahrungsbox beim Herausziehen stabil und stabil bleibt.<br \/>\n\u3010Multifunktionaler Einsatz\u3011Diese Schminktisch Organizer ist ein langlebiges und vielseitiges Aufbewahrungswerkzeug, das Ihren Aufbewahrungsbedarf in verschiedenen Szenarien erf\u00fcllen kann; wie zum Beispiel die Aufbewahrung von Hautpflegeprodukten im Badezimmer; Aufbewahrung von Kosmetika auf dem Schminktisch; Aufbewahrung von M\u00fclls\u00e4cken und Reinigungsmitteln unter der Sp\u00fcle; Aufbewahrung von Snacks in Schr\u00e4nken etc.<\/p>\n","protected":false},"featured_media":216550,"comment_status":"open","ping_status":"closed","template":"","meta":[],"product_brand":[],"product_cat":[2858,7726],"product_tag":[],"class_list":{"0":"post-216549","1":"product","2":"type-product","3":"status-publish","4":"has-post-thumbnail","6":"product_cat-beauty","7":"product_cat-zubehoer-beauty","8":"pa_brand-vtopmart","9":"pa_color-transparent-transparent","10":"pa_height-6-0236220411-zoll","11":"pa_length-7-4409448743-zoll","12":"pa_manufacturer-vtopmart","13":"pa_model-svm04004","14":"pa_size-2-pack","15":"pa_weight-2-6565702571-pounds","16":"pa_width-4-4094488144-zoll","18":"first","19":"instock","20":"shipping-taxable","21":"purchasable","22":"product-type-simple","23":"customify-col","24":"product-has-gallery"},"yoast_head":"<!-- This site is optimized with the Yoast SEO plugin v27.4 - https:\/\/yoast.com\/product\/yoast-seo-wordpress\/ -->\n<title>Vtopmart 2 St\u00fcck Schubladen Organizer, Transparent Badezimmer Organizer mit 16 Rutschfeste Matte, Schminktisch Organizer f\u00fcr Badezimmer, Schminktisch, Unter Waschbecken - Markt-XXL<\/title>\n<meta name=\"description\" content=\"Markt-XXL Vtopmart 2 St\u00fcck Schubladen Organizer, Transparent Badezimmer Organizer mit 16 Rutschfeste Matte, Schminktisch Organizer f\u00fcr Badezimmer, Schminktisch, Unter Waschbecken\" \/>\n<meta name=\"robots\" content=\"index, follow, max-snippet:-1, max-image-preview:large, max-video-preview:-1\" \/>\n<link rel=\"canonical\" href=\"https:\/\/marktxxl.de\/markt\/produkt\/vtopmart-2-stueck-schubladen-organizer-transparent-badezimmer-organizer-mit-16-rutschfeste-matte-schminktisch-organizer-fuer-badezimmer-schminktisch-unter-waschbecken\/\" \/>\n<meta property=\"og:locale\" content=\"de_DE\" \/>\n<meta property=\"og:type\" content=\"article\" \/>\n<meta property=\"og:title\" content=\"Vtopmart 2 St\u00fcck Schubladen Organizer, Transparent Badezimmer Organizer mit 16 Rutschfeste Matte, Schminktisch Organizer f\u00fcr Badezimmer, Schminktisch, Unter Waschbecken - Markt-XXL\" \/>\n<meta property=\"og:description\" content=\"Markt-XXL Vtopmart 2 St\u00fcck Schubladen Organizer, Transparent Badezimmer Organizer mit 16 Rutschfeste Matte, Schminktisch Organizer f\u00fcr Badezimmer, Schminktisch, Unter Waschbecken\" \/>\n<meta property=\"og:url\" content=\"https:\/\/marktxxl.de\/markt\/produkt\/vtopmart-2-stueck-schubladen-organizer-transparent-badezimmer-organizer-mit-16-rutschfeste-matte-schminktisch-organizer-fuer-badezimmer-schminktisch-unter-waschbecken\/\" \/>\n<meta property=\"og:site_name\" content=\"Markt-XXL\" \/>\n<meta name=\"twitter:card\" content=\"summary_large_image\" \/>\n<meta name=\"twitter:label1\" content=\"Gesch\u00e4tzte Lesezeit\" \/>\n\t<meta name=\"twitter:data1\" content=\"1\u00a0Minute\" \/>\n<script type=\"application\/ld+json\" class=\"yoast-schema-graph\">{\"@context\":\"https:\\\/\\\/schema.org\",\"@graph\":[{\"@type\":\"WebPage\",\"@id\":\"https:\\\/\\\/marktxxl.de\\\/markt\\\/produkt\\\/vtopmart-2-stueck-schubladen-organizer-transparent-badezimmer-organizer-mit-16-rutschfeste-matte-schminktisch-organizer-fuer-badezimmer-schminktisch-unter-waschbecken\\\/\",\"url\":\"https:\\\/\\\/marktxxl.de\\\/markt\\\/produkt\\\/vtopmart-2-stueck-schubladen-organizer-transparent-badezimmer-organizer-mit-16-rutschfeste-matte-schminktisch-organizer-fuer-badezimmer-schminktisch-unter-waschbecken\\\/\",\"name\":\"Vtopmart 2 St\u00fcck Schubladen Organizer, Transparent Badezimmer Organizer mit 16 Rutschfeste Matte, Schminktisch Organizer f\u00fcr Badezimmer, Schminktisch, Unter Waschbecken - Markt-XXL\",\"isPartOf\":{\"@id\":\"https:\\\/\\\/marktxxl.de\\\/markt\\\/#website\"},\"primaryImageOfPage\":{\"@id\":\"https:\\\/\\\/marktxxl.de\\\/markt\\\/produkt\\\/vtopmart-2-stueck-schubladen-organizer-transparent-badezimmer-organizer-mit-16-rutschfeste-matte-schminktisch-organizer-fuer-badezimmer-schminktisch-unter-waschbecken\\\/#primaryimage\"},\"image\":{\"@id\":\"https:\\\/\\\/marktxxl.de\\\/markt\\\/produkt\\\/vtopmart-2-stueck-schubladen-organizer-transparent-badezimmer-organizer-mit-16-rutschfeste-matte-schminktisch-organizer-fuer-badezimmer-schminktisch-unter-waschbecken\\\/#primaryimage\"},\"thumbnailUrl\":\"https:\\\/\\\/m.media-amazon.com\\\/images\\\/I\\\/31XzOOWFjyL._SL500_.jpg\",\"datePublished\":\"2024-07-28T00:49:19+00:00\",\"description\":\"Markt-XXL Vtopmart 2 St\u00fcck Schubladen Organizer, Transparent Badezimmer Organizer mit 16 Rutschfeste Matte, Schminktisch Organizer f\u00fcr Badezimmer, Schminktisch, Unter Waschbecken\",\"breadcrumb\":{\"@id\":\"https:\\\/\\\/marktxxl.de\\\/markt\\\/produkt\\\/vtopmart-2-stueck-schubladen-organizer-transparent-badezimmer-organizer-mit-16-rutschfeste-matte-schminktisch-organizer-fuer-badezimmer-schminktisch-unter-waschbecken\\\/#breadcrumb\"},\"inLanguage\":\"de\",\"potentialAction\":[{\"@type\":\"ReadAction\",\"target\":[\"https:\\\/\\\/marktxxl.de\\\/markt\\\/produkt\\\/vtopmart-2-stueck-schubladen-organizer-transparent-badezimmer-organizer-mit-16-rutschfeste-matte-schminktisch-organizer-fuer-badezimmer-schminktisch-unter-waschbecken\\\/\"]}]},{\"@type\":\"ImageObject\",\"inLanguage\":\"de\",\"@id\":\"https:\\\/\\\/marktxxl.de\\\/markt\\\/produkt\\\/vtopmart-2-stueck-schubladen-organizer-transparent-badezimmer-organizer-mit-16-rutschfeste-matte-schminktisch-organizer-fuer-badezimmer-schminktisch-unter-waschbecken\\\/#primaryimage\",\"url\":\"https:\\\/\\\/m.media-amazon.com\\\/images\\\/I\\\/31XzOOWFjyL._SL500_.jpg\",\"contentUrl\":\"https:\\\/\\\/m.media-amazon.com\\\/images\\\/I\\\/31XzOOWFjyL._SL500_.jpg\",\"width\":500,\"height\":500},{\"@type\":\"BreadcrumbList\",\"@id\":\"https:\\\/\\\/marktxxl.de\\\/markt\\\/produkt\\\/vtopmart-2-stueck-schubladen-organizer-transparent-badezimmer-organizer-mit-16-rutschfeste-matte-schminktisch-organizer-fuer-badezimmer-schminktisch-unter-waschbecken\\\/#breadcrumb\",\"itemListElement\":[{\"@type\":\"ListItem\",\"position\":1,\"name\":\"Startseite\",\"item\":\"https:\\\/\\\/marktxxl.de\\\/markt\\\/\"},{\"@type\":\"ListItem\",\"position\":2,\"name\":\"Markt\",\"item\":\"https:\\\/\\\/marktxxl.de\\\/markt\\\/\"},{\"@type\":\"ListItem\",\"position\":3,\"name\":\"Vtopmart 2 St\u00fcck Schubladen Organizer, Transparent Badezimmer Organizer mit 16 Rutschfeste Matte, Schminktisch Organizer f\u00fcr Badezimmer, Schminktisch, Unter Waschbecken\"}]},{\"@type\":\"WebSite\",\"@id\":\"https:\\\/\\\/marktxxl.de\\\/markt\\\/#website\",\"url\":\"https:\\\/\\\/marktxxl.de\\\/markt\\\/\",\"name\":\"Markt-XXL\",\"description\":\"Ihr Markt Online\",\"publisher\":{\"@id\":\"https:\\\/\\\/marktxxl.de\\\/markt\\\/#organization\"},\"potentialAction\":[{\"@type\":\"SearchAction\",\"target\":{\"@type\":\"EntryPoint\",\"urlTemplate\":\"https:\\\/\\\/marktxxl.de\\\/markt\\\/?s={search_term_string}\"},\"query-input\":{\"@type\":\"PropertyValueSpecification\",\"valueRequired\":true,\"valueName\":\"search_term_string\"}}],\"inLanguage\":\"de\"},{\"@type\":\"Organization\",\"@id\":\"https:\\\/\\\/marktxxl.de\\\/markt\\\/#organization\",\"name\":\"Markt-XXL\",\"url\":\"https:\\\/\\\/marktxxl.de\\\/markt\\\/\",\"logo\":{\"@type\":\"ImageObject\",\"inLanguage\":\"de\",\"@id\":\"https:\\\/\\\/marktxxl.de\\\/markt\\\/#\\\/schema\\\/logo\\\/image\\\/\",\"url\":\"https:\\\/\\\/marktxxl.de\\\/markt\\\/wp-content\\\/uploads\\\/sites\\\/3\\\/2020\\\/12\\\/logo.png\",\"contentUrl\":\"https:\\\/\\\/marktxxl.de\\\/markt\\\/wp-content\\\/uploads\\\/sites\\\/3\\\/2020\\\/12\\\/logo.png\",\"width\":200,\"height\":70,\"caption\":\"Markt-XXL\"},\"image\":{\"@id\":\"https:\\\/\\\/marktxxl.de\\\/markt\\\/#\\\/schema\\\/logo\\\/image\\\/\"}}]}<\/script>\n<!-- \/ Yoast SEO plugin. -->","yoast_head_json":{"title":"Vtopmart 2 St\u00fcck Schubladen Organizer, Transparent Badezimmer Organizer mit 16 Rutschfeste Matte, Schminktisch Organizer f\u00fcr Badezimmer, Schminktisch, Unter Waschbecken - Markt-XXL","description":"Markt-XXL Vtopmart 2 St\u00fcck Schubladen Organizer, Transparent Badezimmer Organizer mit 16 Rutschfeste Matte, Schminktisch Organizer f\u00fcr Badezimmer, Schminktisch, Unter Waschbecken","robots":{"index":"index","follow":"follow","max-snippet":"max-snippet:-1","max-image-preview":"max-image-preview:large","max-video-preview":"max-video-preview:-1"},"canonical":"https:\/\/marktxxl.de\/markt\/produkt\/vtopmart-2-stueck-schubladen-organizer-transparent-badezimmer-organizer-mit-16-rutschfeste-matte-schminktisch-organizer-fuer-badezimmer-schminktisch-unter-waschbecken\/","og_locale":"de_DE","og_type":"article","og_title":"Vtopmart 2 St\u00fcck Schubladen Organizer, Transparent Badezimmer Organizer mit 16 Rutschfeste Matte, Schminktisch Organizer f\u00fcr Badezimmer, Schminktisch, Unter Waschbecken - Markt-XXL","og_description":"Markt-XXL Vtopmart 2 St\u00fcck Schubladen Organizer, Transparent Badezimmer Organizer mit 16 Rutschfeste Matte, Schminktisch Organizer f\u00fcr Badezimmer, Schminktisch, Unter Waschbecken","og_url":"https:\/\/marktxxl.de\/markt\/produkt\/vtopmart-2-stueck-schubladen-organizer-transparent-badezimmer-organizer-mit-16-rutschfeste-matte-schminktisch-organizer-fuer-badezimmer-schminktisch-unter-waschbecken\/","og_site_name":"Markt-XXL","twitter_card":"summary_large_image","twitter_misc":{"Gesch\u00e4tzte Lesezeit":"1\u00a0Minute"},"schema":{"@context":"https:\/\/schema.org","@graph":[{"@type":"WebPage","@id":"https:\/\/marktxxl.de\/markt\/produkt\/vtopmart-2-stueck-schubladen-organizer-transparent-badezimmer-organizer-mit-16-rutschfeste-matte-schminktisch-organizer-fuer-badezimmer-schminktisch-unter-waschbecken\/","url":"https:\/\/marktxxl.de\/markt\/produkt\/vtopmart-2-stueck-schubladen-organizer-transparent-badezimmer-organizer-mit-16-rutschfeste-matte-schminktisch-organizer-fuer-badezimmer-schminktisch-unter-waschbecken\/","name":"Vtopmart 2 St\u00fcck Schubladen Organizer, Transparent Badezimmer Organizer mit 16 Rutschfeste Matte, Schminktisch Organizer f\u00fcr Badezimmer, Schminktisch, Unter Waschbecken - Markt-XXL","isPartOf":{"@id":"https:\/\/marktxxl.de\/markt\/#website"},"primaryImageOfPage":{"@id":"https:\/\/marktxxl.de\/markt\/produkt\/vtopmart-2-stueck-schubladen-organizer-transparent-badezimmer-organizer-mit-16-rutschfeste-matte-schminktisch-organizer-fuer-badezimmer-schminktisch-unter-waschbecken\/#primaryimage"},"image":{"@id":"https:\/\/marktxxl.de\/markt\/produkt\/vtopmart-2-stueck-schubladen-organizer-transparent-badezimmer-organizer-mit-16-rutschfeste-matte-schminktisch-organizer-fuer-badezimmer-schminktisch-unter-waschbecken\/#primaryimage"},"thumbnailUrl":"https:\/\/m.media-amazon.com\/images\/I\/31XzOOWFjyL._SL500_.jpg","datePublished":"2024-07-28T00:49:19+00:00","description":"Markt-XXL Vtopmart 2 St\u00fcck Schubladen Organizer, Transparent Badezimmer Organizer mit 16 Rutschfeste Matte, Schminktisch Organizer f\u00fcr Badezimmer, Schminktisch, Unter Waschbecken","breadcrumb":{"@id":"https:\/\/marktxxl.de\/markt\/produkt\/vtopmart-2-stueck-schubladen-organizer-transparent-badezimmer-organizer-mit-16-rutschfeste-matte-schminktisch-organizer-fuer-badezimmer-schminktisch-unter-waschbecken\/#breadcrumb"},"inLanguage":"de","potentialAction":[{"@type":"ReadAction","target":["https:\/\/marktxxl.de\/markt\/produkt\/vtopmart-2-stueck-schubladen-organizer-transparent-badezimmer-organizer-mit-16-rutschfeste-matte-schminktisch-organizer-fuer-badezimmer-schminktisch-unter-waschbecken\/"]}]},{"@type":"ImageObject","inLanguage":"de","@id":"https:\/\/marktxxl.de\/markt\/produkt\/vtopmart-2-stueck-schubladen-organizer-transparent-badezimmer-organizer-mit-16-rutschfeste-matte-schminktisch-organizer-fuer-badezimmer-schminktisch-unter-waschbecken\/#primaryimage","url":"https:\/\/m.media-amazon.com\/images\/I\/31XzOOWFjyL._SL500_.jpg","contentUrl":"https:\/\/m.media-amazon.com\/images\/I\/31XzOOWFjyL._SL500_.jpg","width":500,"height":500},{"@type":"BreadcrumbList","@id":"https:\/\/marktxxl.de\/markt\/produkt\/vtopmart-2-stueck-schubladen-organizer-transparent-badezimmer-organizer-mit-16-rutschfeste-matte-schminktisch-organizer-fuer-badezimmer-schminktisch-unter-waschbecken\/#breadcrumb","itemListElement":[{"@type":"ListItem","position":1,"name":"Startseite","item":"https:\/\/marktxxl.de\/markt\/"},{"@type":"ListItem","position":2,"name":"Markt","item":"https:\/\/marktxxl.de\/markt\/"},{"@type":"ListItem","position":3,"name":"Vtopmart 2 St\u00fcck Schubladen Organizer, Transparent Badezimmer Organizer mit 16 Rutschfeste Matte, Schminktisch Organizer f\u00fcr Badezimmer, Schminktisch, Unter Waschbecken"}]},{"@type":"WebSite","@id":"https:\/\/marktxxl.de\/markt\/#website","url":"https:\/\/marktxxl.de\/markt\/","name":"Markt-XXL","description":"Ihr Markt Online","publisher":{"@id":"https:\/\/marktxxl.de\/markt\/#organization"},"potentialAction":[{"@type":"SearchAction","target":{"@type":"EntryPoint","urlTemplate":"https:\/\/marktxxl.de\/markt\/?s={search_term_string}"},"query-input":{"@type":"PropertyValueSpecification","valueRequired":true,"valueName":"search_term_string"}}],"inLanguage":"de"},{"@type":"Organization","@id":"https:\/\/marktxxl.de\/markt\/#organization","name":"Markt-XXL","url":"https:\/\/marktxxl.de\/markt\/","logo":{"@type":"ImageObject","inLanguage":"de","@id":"https:\/\/marktxxl.de\/markt\/#\/schema\/logo\/image\/","url":"https:\/\/marktxxl.de\/markt\/wp-content\/uploads\/sites\/3\/2020\/12\/logo.png","contentUrl":"https:\/\/marktxxl.de\/markt\/wp-content\/uploads\/sites\/3\/2020\/12\/logo.png","width":200,"height":70,"caption":"Markt-XXL"},"image":{"@id":"https:\/\/marktxxl.de\/markt\/#\/schema\/logo\/image\/"}}]}},"_links":{"self":[{"href":"https:\/\/marktxxl.de\/markt\/wp-json\/wp\/v2\/product\/216549","targetHints":{"allow":["GET"]}}],"collection":[{"href":"https:\/\/marktxxl.de\/markt\/wp-json\/wp\/v2\/product"}],"about":[{"href":"https:\/\/marktxxl.de\/markt\/wp-json\/wp\/v2\/types\/product"}],"replies":[{"embeddable":true,"href":"https:\/\/marktxxl.de\/markt\/wp-json\/wp\/v2\/comments?post=216549"}],"wp:featuredmedia":[{"embeddable":true,"href":"https:\/\/marktxxl.de\/markt\/wp-json\/wp\/v2\/media\/216550"}],"wp:attachment":[{"href":"https:\/\/marktxxl.de\/markt\/wp-json\/wp\/v2\/media?parent=216549"}],"wp:term":[{"taxonomy":"product_brand","embeddable":true,"href":"https:\/\/marktxxl.de\/markt\/wp-json\/wp\/v2\/product_brand?post=216549"},{"taxonomy":"product_cat","embeddable":true,"href":"https:\/\/marktxxl.de\/markt\/wp-json\/wp\/v2\/product_cat?post=216549"},{"taxonomy":"product_tag","embeddable":true,"href":"https:\/\/marktxxl.de\/markt\/wp-json\/wp\/v2\/product_tag?post=216549"}],"curies":[{"name":"wp","href":"https:\/\/api.w.org\/{rel}","templated":true}]}}