{"id":216541,"date":"2024-07-28T02:49:04","date_gmt":"2024-07-28T00:49:04","guid":{"rendered":"https:\/\/marktxxl.de\/markt\/produkt\/newaner-6-stueck-5ml-parfuemzerstaeuber-nachfuellbarer-parfuem-zerstaeuber-taschenvernebler-portable-mini-parfuem-spruehflasche-parfuemzerstaeuber-mit-sichtfenster-gut-fuer-spaziergaenge-reisen-un\/"},"modified":"2024-07-28T02:49:04","modified_gmt":"2024-07-28T00:49:04","slug":"newaner-6-stueck-5ml-parfuemzerstaeuber-nachfuellbarer-parfuem-zerstaeuber-taschenvernebler-portable-mini-parfuem-spruehflasche-parfuemzerstaeuber-mit-sichtfenster-gut-fuer-spaziergaenge-reisen-un","status":"publish","type":"product","link":"https:\/\/marktxxl.de\/markt\/produkt\/newaner-6-stueck-5ml-parfuemzerstaeuber-nachfuellbarer-parfuem-zerstaeuber-taschenvernebler-portable-mini-parfuem-spruehflasche-parfuemzerstaeuber-mit-sichtfenster-gut-fuer-spaziergaenge-reisen-un\/","title":{"rendered":"Newaner 6 St\u00fcck 5ml Parf\u00fcmzerst\u00e4uber, Nachf\u00fcllbarer Parf\u00fcm Zerst\u00e4uber Taschenvernebler, Portable Mini Parf\u00fcm-Spr\u00fchflasche, Parf\u00fcmzerst\u00e4uber mit Sichtfenster Gut f\u00fcr Spazierg\u00e4nge, Reisen und Ausgehen"},"content":{"rendered":"<p>\u3010Hohe Qualit\u00e4t\u3011 Diese Zerst\u00e4uberflasche besteht aus Spritzguss + Aluminium-Flaschenk\u00f6rper + elektrochemischer Aluminiumd\u00fcse. Sie m\u00fcssen sich keine Sorgen machen, dass sie auf den Boden fallen und besch\u00e4digt werden. Die Flaschenm\u00fcndung ist nicht leicht zu lecken oder zu brechen. Robust und langlebig .<br \/>\n\u3010Visualisierungsfenster\u3011 Die Vorderseite des Zerst\u00e4ubers ist ein transparentes Injektionsrohr, mit dem Sie die verbleibende Fl\u00fcssigkeitsmenge oder F\u00fcllmenge leicht erkennen k\u00f6nnen.<br \/>\n\u3010Kompakt\u3011 Das Fassungsverm\u00f6gen der Spr\u00fchflasche betr\u00e4gt 5 ml, die Gr\u00f6\u00dfe 17 * 80 mm und das Gewicht nur 14 g. Es ist so klein, dass es in eine Handtasche, Handtasche oder Sporttasche passt und ist perfekt zum Aufbewahren von Parf\u00fcm, Lotion, Make-up-Entferner usw.<br \/>\n\u3010Einfach zu f\u00fcllen\u3011 Entfernen Sie die Kappe der Parf\u00fcmflasche, dr\u00fccken Sie ein paar Mal, um die Luft in der Spr\u00fchflasche auszutreiben, richten Sie dann das Einf\u00fcllloch am Boden der Spr\u00fchflasche mit dem Parf\u00fcmflaschenrohr aus, dr\u00fccken Sie, um die Flasche zu f\u00fcllen. Das transparente Fenster kann sehen, wie viel Parf\u00fcm gepresst wird, geeignet f\u00fcr Parf\u00fcmschl\u00e4uche mit einem Durchmesser von weniger als 3 mm und einer L\u00e4nge von mehr als 7 mm.<br \/>\n\u3010Gute Wahl f\u00fcr unterwegs\u3011 3 S\u00e4tze Highlight-Farben (Schwarz, Gold, Silber) oder 6 S\u00e4tze Highlight-Farben (Schwarz, Lila, Pink, Gold, Silber, Blau) zur Auswahl. Eine Spr\u00fchflasche ist eine gute Wahl f\u00fcr Reisen, Camping-Repellent (voller Repellent), Urlaub oder Gesch\u00e4ftsreisen.<br \/>\n<div class=\"main-cross-sell\" data-asin=\"B09Y8Z2BNG\">\n\n\t<div class=\"WooZone-cross-sell-loader\">\n\t\t<div>\n\t\t\t<div id=\"floatingBarsG\">\n\t\t\t\t<div class=\"blockG\" id=\"rotateG_01\"><\/div>\n\t\t\t\t<div class=\"blockG\" id=\"rotateG_02\"><\/div>\n\t\t\t\t<div class=\"blockG\" id=\"rotateG_03\"><\/div>\n\t\t\t\t<div class=\"blockG\" id=\"rotateG_04\"><\/div>\n\t\t\t\t<div class=\"blockG\" id=\"rotateG_05\"><\/div>\n\t\t\t\t<div class=\"blockG\" id=\"rotateG_06\"><\/div>\n\t\t\t\t<div class=\"blockG\" id=\"rotateG_07\"><\/div>\n\t\t\t\t<div class=\"blockG\" id=\"rotateG_08\"><\/div>\n\t\t\t<\/div>\n\t\t\t<div class=\"WooZone-cross-sell-loader-text\"><\/div>\n\t\t<\/div>\n\t<\/div>\n\n\t\t\n<\/div>\n<div style=\"clear:both;\"><\/div><\/p>\n","protected":false},"excerpt":{"rendered":"<p>\u3010Hohe Qualit\u00e4t\u3011 Diese Zerst\u00e4uberflasche besteht aus Spritzguss + Aluminium-Flaschenk\u00f6rper + elektrochemischer Aluminiumd\u00fcse. Sie m\u00fcssen sich keine Sorgen machen, dass sie auf den Boden fallen und besch\u00e4digt werden. Die Flaschenm\u00fcndung ist nicht leicht zu lecken oder zu brechen. Robust und langlebig .<br \/>\n\u3010Visualisierungsfenster\u3011 Die Vorderseite des Zerst\u00e4ubers ist ein transparentes Injektionsrohr, mit dem Sie die verbleibende Fl\u00fcssigkeitsmenge oder F\u00fcllmenge leicht erkennen k\u00f6nnen.<br \/>\n\u3010Kompakt\u3011 Das Fassungsverm\u00f6gen der Spr\u00fchflasche betr\u00e4gt 5 ml, die Gr\u00f6\u00dfe 17 * 80 mm und das Gewicht nur 14 g. Es ist so klein, dass es in eine Handtasche, Handtasche oder Sporttasche passt und ist perfekt zum Aufbewahren von Parf\u00fcm, Lotion, Make-up-Entferner usw.<\/p>\n","protected":false},"featured_media":216542,"comment_status":"open","ping_status":"closed","template":"","meta":[],"product_brand":[],"product_cat":[2858,7726],"product_tag":[],"class_list":{"0":"post-216541","1":"product","2":"type-product","3":"status-publish","4":"has-post-thumbnail","6":"product_cat-beauty","7":"product_cat-zubehoer-beauty","8":"pa_binding-werkzeug","9":"pa_brand-newaner","10":"pa_color-schwarz","11":"pa_height-0-6692913379-zoll","12":"pa_length-5-511811018-zoll","13":"pa_manufacturer-newaner","14":"pa_model-xsp-01","15":"pa_weight-0-03086471668-pounds","16":"pa_width-4-330708657-zoll","18":"first","19":"instock","20":"shipping-taxable","21":"purchasable","22":"product-type-simple","23":"customify-col","24":"product-has-gallery"},"yoast_head":"<!-- This site is optimized with the Yoast SEO plugin v27.4 - https:\/\/yoast.com\/product\/yoast-seo-wordpress\/ -->\n<title>Newaner 6 St\u00fcck 5ml Parf\u00fcmzerst\u00e4uber, Nachf\u00fcllbarer Parf\u00fcm Zerst\u00e4uber Taschenvernebler, Portable Mini Parf\u00fcm-Spr\u00fchflasche, Parf\u00fcmzerst\u00e4uber mit Sichtfenster Gut f\u00fcr Spazierg\u00e4nge, Reisen und Ausgehen - Markt-XXL<\/title>\n<meta name=\"description\" content=\"Markt-XXL Newaner 6 St\u00fcck 5ml Parf\u00fcmzerst\u00e4uber, Nachf\u00fcllbarer Parf\u00fcm Zerst\u00e4uber Taschenvernebler, Portable Mini Parf\u00fcm-Spr\u00fchflasche, Parf\u00fcmzerst\u00e4uber mit Sichtfenster Gut f\u00fcr Spazierg\u00e4nge, Reisen und Ausgehen\" \/>\n<meta name=\"robots\" content=\"index, follow, max-snippet:-1, max-image-preview:large, max-video-preview:-1\" \/>\n<link rel=\"canonical\" href=\"https:\/\/marktxxl.de\/markt\/produkt\/newaner-6-stueck-5ml-parfuemzerstaeuber-nachfuellbarer-parfuem-zerstaeuber-taschenvernebler-portable-mini-parfuem-spruehflasche-parfuemzerstaeuber-mit-sichtfenster-gut-fuer-spaziergaenge-reisen-un\/\" \/>\n<meta property=\"og:locale\" content=\"de_DE\" \/>\n<meta property=\"og:type\" content=\"article\" \/>\n<meta property=\"og:title\" content=\"Newaner 6 St\u00fcck 5ml Parf\u00fcmzerst\u00e4uber, Nachf\u00fcllbarer Parf\u00fcm Zerst\u00e4uber Taschenvernebler, Portable Mini Parf\u00fcm-Spr\u00fchflasche, Parf\u00fcmzerst\u00e4uber mit Sichtfenster Gut f\u00fcr Spazierg\u00e4nge, Reisen und Ausgehen - Markt-XXL\" \/>\n<meta property=\"og:description\" content=\"Markt-XXL Newaner 6 St\u00fcck 5ml Parf\u00fcmzerst\u00e4uber, Nachf\u00fcllbarer Parf\u00fcm Zerst\u00e4uber Taschenvernebler, Portable Mini Parf\u00fcm-Spr\u00fchflasche, Parf\u00fcmzerst\u00e4uber mit Sichtfenster Gut f\u00fcr Spazierg\u00e4nge, Reisen und Ausgehen\" \/>\n<meta property=\"og:url\" content=\"https:\/\/marktxxl.de\/markt\/produkt\/newaner-6-stueck-5ml-parfuemzerstaeuber-nachfuellbarer-parfuem-zerstaeuber-taschenvernebler-portable-mini-parfuem-spruehflasche-parfuemzerstaeuber-mit-sichtfenster-gut-fuer-spaziergaenge-reisen-un\/\" \/>\n<meta property=\"og:site_name\" content=\"Markt-XXL\" \/>\n<meta name=\"twitter:card\" content=\"summary_large_image\" \/>\n<meta name=\"twitter:label1\" content=\"Gesch\u00e4tzte Lesezeit\" \/>\n\t<meta name=\"twitter:data1\" content=\"1\u00a0Minute\" \/>\n<script type=\"application\/ld+json\" class=\"yoast-schema-graph\">{\"@context\":\"https:\\\/\\\/schema.org\",\"@graph\":[{\"@type\":\"WebPage\",\"@id\":\"https:\\\/\\\/marktxxl.de\\\/markt\\\/produkt\\\/newaner-6-stueck-5ml-parfuemzerstaeuber-nachfuellbarer-parfuem-zerstaeuber-taschenvernebler-portable-mini-parfuem-spruehflasche-parfuemzerstaeuber-mit-sichtfenster-gut-fuer-spaziergaenge-reisen-un\\\/\",\"url\":\"https:\\\/\\\/marktxxl.de\\\/markt\\\/produkt\\\/newaner-6-stueck-5ml-parfuemzerstaeuber-nachfuellbarer-parfuem-zerstaeuber-taschenvernebler-portable-mini-parfuem-spruehflasche-parfuemzerstaeuber-mit-sichtfenster-gut-fuer-spaziergaenge-reisen-un\\\/\",\"name\":\"Newaner 6 St\u00fcck 5ml Parf\u00fcmzerst\u00e4uber, Nachf\u00fcllbarer Parf\u00fcm Zerst\u00e4uber Taschenvernebler, Portable Mini Parf\u00fcm-Spr\u00fchflasche, Parf\u00fcmzerst\u00e4uber mit Sichtfenster Gut f\u00fcr Spazierg\u00e4nge, Reisen und Ausgehen - Markt-XXL\",\"isPartOf\":{\"@id\":\"https:\\\/\\\/marktxxl.de\\\/markt\\\/#website\"},\"primaryImageOfPage\":{\"@id\":\"https:\\\/\\\/marktxxl.de\\\/markt\\\/produkt\\\/newaner-6-stueck-5ml-parfuemzerstaeuber-nachfuellbarer-parfuem-zerstaeuber-taschenvernebler-portable-mini-parfuem-spruehflasche-parfuemzerstaeuber-mit-sichtfenster-gut-fuer-spaziergaenge-reisen-un\\\/#primaryimage\"},\"image\":{\"@id\":\"https:\\\/\\\/marktxxl.de\\\/markt\\\/produkt\\\/newaner-6-stueck-5ml-parfuemzerstaeuber-nachfuellbarer-parfuem-zerstaeuber-taschenvernebler-portable-mini-parfuem-spruehflasche-parfuemzerstaeuber-mit-sichtfenster-gut-fuer-spaziergaenge-reisen-un\\\/#primaryimage\"},\"thumbnailUrl\":\"https:\\\/\\\/m.media-amazon.com\\\/images\\\/I\\\/419vutxcMPL._SL500_.jpg\",\"datePublished\":\"2024-07-28T00:49:04+00:00\",\"description\":\"Markt-XXL Newaner 6 St\u00fcck 5ml Parf\u00fcmzerst\u00e4uber, Nachf\u00fcllbarer Parf\u00fcm Zerst\u00e4uber Taschenvernebler, Portable Mini Parf\u00fcm-Spr\u00fchflasche, Parf\u00fcmzerst\u00e4uber mit Sichtfenster Gut f\u00fcr Spazierg\u00e4nge, Reisen und Ausgehen\",\"breadcrumb\":{\"@id\":\"https:\\\/\\\/marktxxl.de\\\/markt\\\/produkt\\\/newaner-6-stueck-5ml-parfuemzerstaeuber-nachfuellbarer-parfuem-zerstaeuber-taschenvernebler-portable-mini-parfuem-spruehflasche-parfuemzerstaeuber-mit-sichtfenster-gut-fuer-spaziergaenge-reisen-un\\\/#breadcrumb\"},\"inLanguage\":\"de\",\"potentialAction\":[{\"@type\":\"ReadAction\",\"target\":[\"https:\\\/\\\/marktxxl.de\\\/markt\\\/produkt\\\/newaner-6-stueck-5ml-parfuemzerstaeuber-nachfuellbarer-parfuem-zerstaeuber-taschenvernebler-portable-mini-parfuem-spruehflasche-parfuemzerstaeuber-mit-sichtfenster-gut-fuer-spaziergaenge-reisen-un\\\/\"]}]},{\"@type\":\"ImageObject\",\"inLanguage\":\"de\",\"@id\":\"https:\\\/\\\/marktxxl.de\\\/markt\\\/produkt\\\/newaner-6-stueck-5ml-parfuemzerstaeuber-nachfuellbarer-parfuem-zerstaeuber-taschenvernebler-portable-mini-parfuem-spruehflasche-parfuemzerstaeuber-mit-sichtfenster-gut-fuer-spaziergaenge-reisen-un\\\/#primaryimage\",\"url\":\"https:\\\/\\\/m.media-amazon.com\\\/images\\\/I\\\/419vutxcMPL._SL500_.jpg\",\"contentUrl\":\"https:\\\/\\\/m.media-amazon.com\\\/images\\\/I\\\/419vutxcMPL._SL500_.jpg\",\"width\":500,\"height\":500},{\"@type\":\"BreadcrumbList\",\"@id\":\"https:\\\/\\\/marktxxl.de\\\/markt\\\/produkt\\\/newaner-6-stueck-5ml-parfuemzerstaeuber-nachfuellbarer-parfuem-zerstaeuber-taschenvernebler-portable-mini-parfuem-spruehflasche-parfuemzerstaeuber-mit-sichtfenster-gut-fuer-spaziergaenge-reisen-un\\\/#breadcrumb\",\"itemListElement\":[{\"@type\":\"ListItem\",\"position\":1,\"name\":\"Startseite\",\"item\":\"https:\\\/\\\/marktxxl.de\\\/markt\\\/\"},{\"@type\":\"ListItem\",\"position\":2,\"name\":\"Markt\",\"item\":\"https:\\\/\\\/marktxxl.de\\\/markt\\\/\"},{\"@type\":\"ListItem\",\"position\":3,\"name\":\"Newaner 6 St\u00fcck 5ml Parf\u00fcmzerst\u00e4uber, Nachf\u00fcllbarer Parf\u00fcm Zerst\u00e4uber Taschenvernebler, Portable Mini Parf\u00fcm-Spr\u00fchflasche, Parf\u00fcmzerst\u00e4uber mit Sichtfenster Gut f\u00fcr Spazierg\u00e4nge, Reisen und Ausgehen\"}]},{\"@type\":\"WebSite\",\"@id\":\"https:\\\/\\\/marktxxl.de\\\/markt\\\/#website\",\"url\":\"https:\\\/\\\/marktxxl.de\\\/markt\\\/\",\"name\":\"Markt-XXL\",\"description\":\"Ihr Markt Online\",\"publisher\":{\"@id\":\"https:\\\/\\\/marktxxl.de\\\/markt\\\/#organization\"},\"potentialAction\":[{\"@type\":\"SearchAction\",\"target\":{\"@type\":\"EntryPoint\",\"urlTemplate\":\"https:\\\/\\\/marktxxl.de\\\/markt\\\/?s={search_term_string}\"},\"query-input\":{\"@type\":\"PropertyValueSpecification\",\"valueRequired\":true,\"valueName\":\"search_term_string\"}}],\"inLanguage\":\"de\"},{\"@type\":\"Organization\",\"@id\":\"https:\\\/\\\/marktxxl.de\\\/markt\\\/#organization\",\"name\":\"Markt-XXL\",\"url\":\"https:\\\/\\\/marktxxl.de\\\/markt\\\/\",\"logo\":{\"@type\":\"ImageObject\",\"inLanguage\":\"de\",\"@id\":\"https:\\\/\\\/marktxxl.de\\\/markt\\\/#\\\/schema\\\/logo\\\/image\\\/\",\"url\":\"https:\\\/\\\/marktxxl.de\\\/markt\\\/wp-content\\\/uploads\\\/sites\\\/3\\\/2020\\\/12\\\/logo.png\",\"contentUrl\":\"https:\\\/\\\/marktxxl.de\\\/markt\\\/wp-content\\\/uploads\\\/sites\\\/3\\\/2020\\\/12\\\/logo.png\",\"width\":200,\"height\":70,\"caption\":\"Markt-XXL\"},\"image\":{\"@id\":\"https:\\\/\\\/marktxxl.de\\\/markt\\\/#\\\/schema\\\/logo\\\/image\\\/\"}}]}<\/script>\n<!-- \/ Yoast SEO plugin. -->","yoast_head_json":{"title":"Newaner 6 St\u00fcck 5ml Parf\u00fcmzerst\u00e4uber, Nachf\u00fcllbarer Parf\u00fcm Zerst\u00e4uber Taschenvernebler, Portable Mini Parf\u00fcm-Spr\u00fchflasche, Parf\u00fcmzerst\u00e4uber mit Sichtfenster Gut f\u00fcr Spazierg\u00e4nge, Reisen und Ausgehen - Markt-XXL","description":"Markt-XXL Newaner 6 St\u00fcck 5ml Parf\u00fcmzerst\u00e4uber, Nachf\u00fcllbarer Parf\u00fcm Zerst\u00e4uber Taschenvernebler, Portable Mini Parf\u00fcm-Spr\u00fchflasche, Parf\u00fcmzerst\u00e4uber mit Sichtfenster Gut f\u00fcr Spazierg\u00e4nge, Reisen und Ausgehen","robots":{"index":"index","follow":"follow","max-snippet":"max-snippet:-1","max-image-preview":"max-image-preview:large","max-video-preview":"max-video-preview:-1"},"canonical":"https:\/\/marktxxl.de\/markt\/produkt\/newaner-6-stueck-5ml-parfuemzerstaeuber-nachfuellbarer-parfuem-zerstaeuber-taschenvernebler-portable-mini-parfuem-spruehflasche-parfuemzerstaeuber-mit-sichtfenster-gut-fuer-spaziergaenge-reisen-un\/","og_locale":"de_DE","og_type":"article","og_title":"Newaner 6 St\u00fcck 5ml Parf\u00fcmzerst\u00e4uber, Nachf\u00fcllbarer Parf\u00fcm Zerst\u00e4uber Taschenvernebler, Portable Mini Parf\u00fcm-Spr\u00fchflasche, Parf\u00fcmzerst\u00e4uber mit Sichtfenster Gut f\u00fcr Spazierg\u00e4nge, Reisen und Ausgehen - Markt-XXL","og_description":"Markt-XXL Newaner 6 St\u00fcck 5ml Parf\u00fcmzerst\u00e4uber, Nachf\u00fcllbarer Parf\u00fcm Zerst\u00e4uber Taschenvernebler, Portable Mini Parf\u00fcm-Spr\u00fchflasche, Parf\u00fcmzerst\u00e4uber mit Sichtfenster Gut f\u00fcr Spazierg\u00e4nge, Reisen und Ausgehen","og_url":"https:\/\/marktxxl.de\/markt\/produkt\/newaner-6-stueck-5ml-parfuemzerstaeuber-nachfuellbarer-parfuem-zerstaeuber-taschenvernebler-portable-mini-parfuem-spruehflasche-parfuemzerstaeuber-mit-sichtfenster-gut-fuer-spaziergaenge-reisen-un\/","og_site_name":"Markt-XXL","twitter_card":"summary_large_image","twitter_misc":{"Gesch\u00e4tzte Lesezeit":"1\u00a0Minute"},"schema":{"@context":"https:\/\/schema.org","@graph":[{"@type":"WebPage","@id":"https:\/\/marktxxl.de\/markt\/produkt\/newaner-6-stueck-5ml-parfuemzerstaeuber-nachfuellbarer-parfuem-zerstaeuber-taschenvernebler-portable-mini-parfuem-spruehflasche-parfuemzerstaeuber-mit-sichtfenster-gut-fuer-spaziergaenge-reisen-un\/","url":"https:\/\/marktxxl.de\/markt\/produkt\/newaner-6-stueck-5ml-parfuemzerstaeuber-nachfuellbarer-parfuem-zerstaeuber-taschenvernebler-portable-mini-parfuem-spruehflasche-parfuemzerstaeuber-mit-sichtfenster-gut-fuer-spaziergaenge-reisen-un\/","name":"Newaner 6 St\u00fcck 5ml Parf\u00fcmzerst\u00e4uber, Nachf\u00fcllbarer Parf\u00fcm Zerst\u00e4uber Taschenvernebler, Portable Mini Parf\u00fcm-Spr\u00fchflasche, Parf\u00fcmzerst\u00e4uber mit Sichtfenster Gut f\u00fcr Spazierg\u00e4nge, Reisen und Ausgehen - Markt-XXL","isPartOf":{"@id":"https:\/\/marktxxl.de\/markt\/#website"},"primaryImageOfPage":{"@id":"https:\/\/marktxxl.de\/markt\/produkt\/newaner-6-stueck-5ml-parfuemzerstaeuber-nachfuellbarer-parfuem-zerstaeuber-taschenvernebler-portable-mini-parfuem-spruehflasche-parfuemzerstaeuber-mit-sichtfenster-gut-fuer-spaziergaenge-reisen-un\/#primaryimage"},"image":{"@id":"https:\/\/marktxxl.de\/markt\/produkt\/newaner-6-stueck-5ml-parfuemzerstaeuber-nachfuellbarer-parfuem-zerstaeuber-taschenvernebler-portable-mini-parfuem-spruehflasche-parfuemzerstaeuber-mit-sichtfenster-gut-fuer-spaziergaenge-reisen-un\/#primaryimage"},"thumbnailUrl":"https:\/\/m.media-amazon.com\/images\/I\/419vutxcMPL._SL500_.jpg","datePublished":"2024-07-28T00:49:04+00:00","description":"Markt-XXL Newaner 6 St\u00fcck 5ml Parf\u00fcmzerst\u00e4uber, Nachf\u00fcllbarer Parf\u00fcm Zerst\u00e4uber Taschenvernebler, Portable Mini Parf\u00fcm-Spr\u00fchflasche, Parf\u00fcmzerst\u00e4uber mit Sichtfenster Gut f\u00fcr Spazierg\u00e4nge, Reisen und Ausgehen","breadcrumb":{"@id":"https:\/\/marktxxl.de\/markt\/produkt\/newaner-6-stueck-5ml-parfuemzerstaeuber-nachfuellbarer-parfuem-zerstaeuber-taschenvernebler-portable-mini-parfuem-spruehflasche-parfuemzerstaeuber-mit-sichtfenster-gut-fuer-spaziergaenge-reisen-un\/#breadcrumb"},"inLanguage":"de","potentialAction":[{"@type":"ReadAction","target":["https:\/\/marktxxl.de\/markt\/produkt\/newaner-6-stueck-5ml-parfuemzerstaeuber-nachfuellbarer-parfuem-zerstaeuber-taschenvernebler-portable-mini-parfuem-spruehflasche-parfuemzerstaeuber-mit-sichtfenster-gut-fuer-spaziergaenge-reisen-un\/"]}]},{"@type":"ImageObject","inLanguage":"de","@id":"https:\/\/marktxxl.de\/markt\/produkt\/newaner-6-stueck-5ml-parfuemzerstaeuber-nachfuellbarer-parfuem-zerstaeuber-taschenvernebler-portable-mini-parfuem-spruehflasche-parfuemzerstaeuber-mit-sichtfenster-gut-fuer-spaziergaenge-reisen-un\/#primaryimage","url":"https:\/\/m.media-amazon.com\/images\/I\/419vutxcMPL._SL500_.jpg","contentUrl":"https:\/\/m.media-amazon.com\/images\/I\/419vutxcMPL._SL500_.jpg","width":500,"height":500},{"@type":"BreadcrumbList","@id":"https:\/\/marktxxl.de\/markt\/produkt\/newaner-6-stueck-5ml-parfuemzerstaeuber-nachfuellbarer-parfuem-zerstaeuber-taschenvernebler-portable-mini-parfuem-spruehflasche-parfuemzerstaeuber-mit-sichtfenster-gut-fuer-spaziergaenge-reisen-un\/#breadcrumb","itemListElement":[{"@type":"ListItem","position":1,"name":"Startseite","item":"https:\/\/marktxxl.de\/markt\/"},{"@type":"ListItem","position":2,"name":"Markt","item":"https:\/\/marktxxl.de\/markt\/"},{"@type":"ListItem","position":3,"name":"Newaner 6 St\u00fcck 5ml Parf\u00fcmzerst\u00e4uber, Nachf\u00fcllbarer Parf\u00fcm Zerst\u00e4uber Taschenvernebler, Portable Mini Parf\u00fcm-Spr\u00fchflasche, Parf\u00fcmzerst\u00e4uber mit Sichtfenster Gut f\u00fcr Spazierg\u00e4nge, Reisen und Ausgehen"}]},{"@type":"WebSite","@id":"https:\/\/marktxxl.de\/markt\/#website","url":"https:\/\/marktxxl.de\/markt\/","name":"Markt-XXL","description":"Ihr Markt Online","publisher":{"@id":"https:\/\/marktxxl.de\/markt\/#organization"},"potentialAction":[{"@type":"SearchAction","target":{"@type":"EntryPoint","urlTemplate":"https:\/\/marktxxl.de\/markt\/?s={search_term_string}"},"query-input":{"@type":"PropertyValueSpecification","valueRequired":true,"valueName":"search_term_string"}}],"inLanguage":"de"},{"@type":"Organization","@id":"https:\/\/marktxxl.de\/markt\/#organization","name":"Markt-XXL","url":"https:\/\/marktxxl.de\/markt\/","logo":{"@type":"ImageObject","inLanguage":"de","@id":"https:\/\/marktxxl.de\/markt\/#\/schema\/logo\/image\/","url":"https:\/\/marktxxl.de\/markt\/wp-content\/uploads\/sites\/3\/2020\/12\/logo.png","contentUrl":"https:\/\/marktxxl.de\/markt\/wp-content\/uploads\/sites\/3\/2020\/12\/logo.png","width":200,"height":70,"caption":"Markt-XXL"},"image":{"@id":"https:\/\/marktxxl.de\/markt\/#\/schema\/logo\/image\/"}}]}},"_links":{"self":[{"href":"https:\/\/marktxxl.de\/markt\/wp-json\/wp\/v2\/product\/216541","targetHints":{"allow":["GET"]}}],"collection":[{"href":"https:\/\/marktxxl.de\/markt\/wp-json\/wp\/v2\/product"}],"about":[{"href":"https:\/\/marktxxl.de\/markt\/wp-json\/wp\/v2\/types\/product"}],"replies":[{"embeddable":true,"href":"https:\/\/marktxxl.de\/markt\/wp-json\/wp\/v2\/comments?post=216541"}],"wp:featuredmedia":[{"embeddable":true,"href":"https:\/\/marktxxl.de\/markt\/wp-json\/wp\/v2\/media\/216542"}],"wp:attachment":[{"href":"https:\/\/marktxxl.de\/markt\/wp-json\/wp\/v2\/media?parent=216541"}],"wp:term":[{"taxonomy":"product_brand","embeddable":true,"href":"https:\/\/marktxxl.de\/markt\/wp-json\/wp\/v2\/product_brand?post=216541"},{"taxonomy":"product_cat","embeddable":true,"href":"https:\/\/marktxxl.de\/markt\/wp-json\/wp\/v2\/product_cat?post=216541"},{"taxonomy":"product_tag","embeddable":true,"href":"https:\/\/marktxxl.de\/markt\/wp-json\/wp\/v2\/product_tag?post=216541"}],"curies":[{"name":"wp","href":"https:\/\/api.w.org\/{rel}","templated":true}]}}