{"id":216508,"date":"2024-07-28T02:20:08","date_gmt":"2024-07-28T00:20:08","guid":{"rendered":"https:\/\/marktxxl.de\/markt\/produkt\/45-90-grad-winkel-linie-messgeraet-genaue-ablesung-premium-aluminiumlegierung-centerline-messwerkzeug-runde-herz-lineal-runde-herz-messgeraet-tragbares-diy-holzbearbeitungswerkzeug\/"},"modified":"2024-07-28T02:20:08","modified_gmt":"2024-07-28T00:20:08","slug":"45-90-grad-winkel-linie-messgeraet-genaue-ablesung-premium-aluminiumlegierung-centerline-messwerkzeug-runde-herz-lineal-runde-herz-messgeraet-tragbares-diy-holzbearbeitungswerkzeug","status":"publish","type":"product","link":"https:\/\/marktxxl.de\/markt\/produkt\/45-90-grad-winkel-linie-messgeraet-genaue-ablesung-premium-aluminiumlegierung-centerline-messwerkzeug-runde-herz-lineal-runde-herz-messgeraet-tragbares-diy-holzbearbeitungswerkzeug\/","title":{"rendered":"45\/90 Grad Winkel Linie Messger\u00e4t, genaue Ablesung, Premium Aluminiumlegierung, Centerline Messwerkzeug, Runde Herz Lineal, Runde Herz Messger\u00e4t, tragbares DIY Holzbearbeitungswerkzeug"},"content":{"rendered":"<p>Material: Aus hochwertiger Aluminiumlegierung, robust und langlebig. L\u00e4nge: ca. 200 mm.Diese industrielle Mittelwinkelmessung hat eine Gravurlinie f\u00fcr einfaches Messen.Spezielle Prozessskala, klare und genaue Ablesung.<br \/>\nFeine Handwerkskunst:Die rechtwinklige Linienlehre ist aus feinem Handwerk, zuverl\u00e4ssig und die Qualit\u00e4t ist gew\u00e4hrleistet.Dies ist ein genaues Messger\u00e4t, was bedeutet, dass Sie schnell genaue Ergebnisse nach Ihren Bed\u00fcrfnissen erhalten.<br \/>\nPr\u00e4zise Zentrierung:Schnelle und einfache Bedienung Es kann ein weiches Metall, Holz markieren und es ist perfekt, um pr\u00e4zise Zentrierungen zu finden.Diese industrielle Pr\u00e4zisions-Mittelwinkellehre kann verwendet werden, um Regale und externe Ecken zu messen, um die Nivellierung w\u00e4hrend der Installation zu erleichtern.<br \/>\nHauptrolle: Metall 90 Grad 45 Grad Holzbearbeitung rechtwinklig Werkzeug Holzbearbeitung Schwei\u00dfmesser zum Markieren von Zentren auf runden Scheiben und Wellen.Mit diesem Zentrierwinkel kann man blitzschnell pr\u00e4zise den Mittelpunkt von Rundst\u00e4ben markieren oder eine 45\/90\u00b0 Linie ziehen.Das Zentrierwinkel ist stabil, exakt und tut was es soll.Mittelpunkt passt genau.<br \/>\nSteigerung der Effizienz: Dies ist ein Lineal, das einfach zu handhaben ist und eine gute Arbeitseffizienz bietet, die die Effizienz steigern und Zeit spart.<br \/>\n<div class=\"main-cross-sell\" data-asin=\"B07SYGLZ54\">\n\n\t<div class=\"WooZone-cross-sell-loader\">\n\t\t<div>\n\t\t\t<div id=\"floatingBarsG\">\n\t\t\t\t<div class=\"blockG\" id=\"rotateG_01\"><\/div>\n\t\t\t\t<div class=\"blockG\" id=\"rotateG_02\"><\/div>\n\t\t\t\t<div class=\"blockG\" id=\"rotateG_03\"><\/div>\n\t\t\t\t<div class=\"blockG\" id=\"rotateG_04\"><\/div>\n\t\t\t\t<div class=\"blockG\" id=\"rotateG_05\"><\/div>\n\t\t\t\t<div class=\"blockG\" id=\"rotateG_06\"><\/div>\n\t\t\t\t<div class=\"blockG\" id=\"rotateG_07\"><\/div>\n\t\t\t\t<div class=\"blockG\" id=\"rotateG_08\"><\/div>\n\t\t\t<\/div>\n\t\t\t<div class=\"WooZone-cross-sell-loader-text\"><\/div>\n\t\t<\/div>\n\t<\/div>\n\n\t\t\n<\/div>\n<div style=\"clear:both;\"><\/div><\/p>\n","protected":false},"excerpt":{"rendered":"<p>Material: Aus hochwertiger Aluminiumlegierung, robust und langlebig. L\u00e4nge: ca. 200 mm.Diese industrielle Mittelwinkelmessung hat eine Gravurlinie f\u00fcr einfaches Messen.Spezielle Prozessskala, klare und genaue Ablesung.<br \/>\nFeine Handwerkskunst:Die rechtwinklige Linienlehre ist aus feinem Handwerk, zuverl\u00e4ssig und die Qualit\u00e4t ist gew\u00e4hrleistet.Dies ist ein genaues Messger\u00e4t, was bedeutet, dass Sie schnell genaue Ergebnisse nach Ihren Bed\u00fcrfnissen erhalten.<br \/>\nPr\u00e4zise Zentrierung:Schnelle und einfache Bedienung Es kann ein weiches Metall, Holz markieren und es ist perfekt, um pr\u00e4zise Zentrierungen zu finden.Diese industrielle Pr\u00e4zisions-Mittelwinkellehre kann verwendet werden, um Regale und externe Ecken zu messen, um die Nivellierung w\u00e4hrend der Installation zu erleichtern.<\/p>\n","protected":false},"featured_media":216509,"comment_status":"open","ping_status":"closed","template":"","meta":[],"product_brand":[],"product_cat":[1983,10970],"product_tag":[],"class_list":{"0":"post-216508","1":"product","2":"type-product","3":"status-publish","4":"has-post-thumbnail","6":"product_cat-baumarkt","7":"product_cat-elektro-handwerkzeuge","8":"pa_binding-misc","9":"pa_brand-hyuduo","10":"pa_color-rot","11":"pa_height-1-181102361-zoll","12":"pa_length-7-87401574-zoll","13":"pa_manufacturer-hyuduo","14":"pa_weight-0-220462262-pfund","15":"pa_width-4-724409444-zoll","17":"first","18":"instock","19":"shipping-taxable","20":"purchasable","21":"product-type-simple","22":"customify-col","23":"product-has-gallery"},"yoast_head":"<!-- This site is optimized with the Yoast SEO plugin v27.4 - https:\/\/yoast.com\/product\/yoast-seo-wordpress\/ -->\n<title>45\/90 Grad Winkel Linie Messger\u00e4t, genaue Ablesung, Premium Aluminiumlegierung, Centerline Messwerkzeug, Runde Herz Lineal, Runde Herz Messger\u00e4t, tragbares DIY Holzbearbeitungswerkzeug - Markt-XXL<\/title>\n<meta name=\"description\" content=\"Markt-XXL 45\/90 Grad Winkel Linie Messger\u00e4t, genaue Ablesung, Premium Aluminiumlegierung, Centerline Messwerkzeug, Runde Herz Lineal, Runde Herz Messger\u00e4t, tragbares DIY Holzbearbeitungswerkzeug\" \/>\n<meta name=\"robots\" content=\"index, follow, max-snippet:-1, max-image-preview:large, max-video-preview:-1\" \/>\n<link rel=\"canonical\" href=\"https:\/\/marktxxl.de\/markt\/produkt\/45-90-grad-winkel-linie-messgeraet-genaue-ablesung-premium-aluminiumlegierung-centerline-messwerkzeug-runde-herz-lineal-runde-herz-messgeraet-tragbares-diy-holzbearbeitungswerkzeug\/\" \/>\n<meta property=\"og:locale\" content=\"de_DE\" \/>\n<meta property=\"og:type\" content=\"article\" \/>\n<meta property=\"og:title\" content=\"45\/90 Grad Winkel Linie Messger\u00e4t, genaue Ablesung, Premium Aluminiumlegierung, Centerline Messwerkzeug, Runde Herz Lineal, Runde Herz Messger\u00e4t, tragbares DIY Holzbearbeitungswerkzeug - Markt-XXL\" \/>\n<meta property=\"og:description\" content=\"Markt-XXL 45\/90 Grad Winkel Linie Messger\u00e4t, genaue Ablesung, Premium Aluminiumlegierung, Centerline Messwerkzeug, Runde Herz Lineal, Runde Herz Messger\u00e4t, tragbares DIY Holzbearbeitungswerkzeug\" \/>\n<meta property=\"og:url\" content=\"https:\/\/marktxxl.de\/markt\/produkt\/45-90-grad-winkel-linie-messgeraet-genaue-ablesung-premium-aluminiumlegierung-centerline-messwerkzeug-runde-herz-lineal-runde-herz-messgeraet-tragbares-diy-holzbearbeitungswerkzeug\/\" \/>\n<meta property=\"og:site_name\" content=\"Markt-XXL\" \/>\n<meta name=\"twitter:card\" content=\"summary_large_image\" \/>\n<meta name=\"twitter:label1\" content=\"Gesch\u00e4tzte Lesezeit\" \/>\n\t<meta name=\"twitter:data1\" content=\"1\u00a0Minute\" \/>\n<script type=\"application\/ld+json\" class=\"yoast-schema-graph\">{\"@context\":\"https:\\\/\\\/schema.org\",\"@graph\":[{\"@type\":\"WebPage\",\"@id\":\"https:\\\/\\\/marktxxl.de\\\/markt\\\/produkt\\\/45-90-grad-winkel-linie-messgeraet-genaue-ablesung-premium-aluminiumlegierung-centerline-messwerkzeug-runde-herz-lineal-runde-herz-messgeraet-tragbares-diy-holzbearbeitungswerkzeug\\\/\",\"url\":\"https:\\\/\\\/marktxxl.de\\\/markt\\\/produkt\\\/45-90-grad-winkel-linie-messgeraet-genaue-ablesung-premium-aluminiumlegierung-centerline-messwerkzeug-runde-herz-lineal-runde-herz-messgeraet-tragbares-diy-holzbearbeitungswerkzeug\\\/\",\"name\":\"45\\\/90 Grad Winkel Linie Messger\u00e4t, genaue Ablesung, Premium Aluminiumlegierung, Centerline Messwerkzeug, Runde Herz Lineal, Runde Herz Messger\u00e4t, tragbares DIY Holzbearbeitungswerkzeug - Markt-XXL\",\"isPartOf\":{\"@id\":\"https:\\\/\\\/marktxxl.de\\\/markt\\\/#website\"},\"primaryImageOfPage\":{\"@id\":\"https:\\\/\\\/marktxxl.de\\\/markt\\\/produkt\\\/45-90-grad-winkel-linie-messgeraet-genaue-ablesung-premium-aluminiumlegierung-centerline-messwerkzeug-runde-herz-lineal-runde-herz-messgeraet-tragbares-diy-holzbearbeitungswerkzeug\\\/#primaryimage\"},\"image\":{\"@id\":\"https:\\\/\\\/marktxxl.de\\\/markt\\\/produkt\\\/45-90-grad-winkel-linie-messgeraet-genaue-ablesung-premium-aluminiumlegierung-centerline-messwerkzeug-runde-herz-lineal-runde-herz-messgeraet-tragbares-diy-holzbearbeitungswerkzeug\\\/#primaryimage\"},\"thumbnailUrl\":\"https:\\\/\\\/m.media-amazon.com\\\/images\\\/I\\\/41h+RgHzF6L._SL500_.jpg\",\"datePublished\":\"2024-07-28T00:20:08+00:00\",\"description\":\"Markt-XXL 45\\\/90 Grad Winkel Linie Messger\u00e4t, genaue Ablesung, Premium Aluminiumlegierung, Centerline Messwerkzeug, Runde Herz Lineal, Runde Herz Messger\u00e4t, tragbares DIY Holzbearbeitungswerkzeug\",\"breadcrumb\":{\"@id\":\"https:\\\/\\\/marktxxl.de\\\/markt\\\/produkt\\\/45-90-grad-winkel-linie-messgeraet-genaue-ablesung-premium-aluminiumlegierung-centerline-messwerkzeug-runde-herz-lineal-runde-herz-messgeraet-tragbares-diy-holzbearbeitungswerkzeug\\\/#breadcrumb\"},\"inLanguage\":\"de\",\"potentialAction\":[{\"@type\":\"ReadAction\",\"target\":[\"https:\\\/\\\/marktxxl.de\\\/markt\\\/produkt\\\/45-90-grad-winkel-linie-messgeraet-genaue-ablesung-premium-aluminiumlegierung-centerline-messwerkzeug-runde-herz-lineal-runde-herz-messgeraet-tragbares-diy-holzbearbeitungswerkzeug\\\/\"]}]},{\"@type\":\"ImageObject\",\"inLanguage\":\"de\",\"@id\":\"https:\\\/\\\/marktxxl.de\\\/markt\\\/produkt\\\/45-90-grad-winkel-linie-messgeraet-genaue-ablesung-premium-aluminiumlegierung-centerline-messwerkzeug-runde-herz-lineal-runde-herz-messgeraet-tragbares-diy-holzbearbeitungswerkzeug\\\/#primaryimage\",\"url\":\"https:\\\/\\\/m.media-amazon.com\\\/images\\\/I\\\/41h+RgHzF6L._SL500_.jpg\",\"contentUrl\":\"https:\\\/\\\/m.media-amazon.com\\\/images\\\/I\\\/41h+RgHzF6L._SL500_.jpg\",\"width\":500,\"height\":500},{\"@type\":\"BreadcrumbList\",\"@id\":\"https:\\\/\\\/marktxxl.de\\\/markt\\\/produkt\\\/45-90-grad-winkel-linie-messgeraet-genaue-ablesung-premium-aluminiumlegierung-centerline-messwerkzeug-runde-herz-lineal-runde-herz-messgeraet-tragbares-diy-holzbearbeitungswerkzeug\\\/#breadcrumb\",\"itemListElement\":[{\"@type\":\"ListItem\",\"position\":1,\"name\":\"Startseite\",\"item\":\"https:\\\/\\\/marktxxl.de\\\/markt\\\/\"},{\"@type\":\"ListItem\",\"position\":2,\"name\":\"Markt\",\"item\":\"https:\\\/\\\/marktxxl.de\\\/markt\\\/\"},{\"@type\":\"ListItem\",\"position\":3,\"name\":\"45\\\/90 Grad Winkel Linie Messger\u00e4t, genaue Ablesung, Premium Aluminiumlegierung, Centerline Messwerkzeug, Runde Herz Lineal, Runde Herz Messger\u00e4t, tragbares DIY Holzbearbeitungswerkzeug\"}]},{\"@type\":\"WebSite\",\"@id\":\"https:\\\/\\\/marktxxl.de\\\/markt\\\/#website\",\"url\":\"https:\\\/\\\/marktxxl.de\\\/markt\\\/\",\"name\":\"Markt-XXL\",\"description\":\"Ihr Markt Online\",\"publisher\":{\"@id\":\"https:\\\/\\\/marktxxl.de\\\/markt\\\/#organization\"},\"potentialAction\":[{\"@type\":\"SearchAction\",\"target\":{\"@type\":\"EntryPoint\",\"urlTemplate\":\"https:\\\/\\\/marktxxl.de\\\/markt\\\/?s={search_term_string}\"},\"query-input\":{\"@type\":\"PropertyValueSpecification\",\"valueRequired\":true,\"valueName\":\"search_term_string\"}}],\"inLanguage\":\"de\"},{\"@type\":\"Organization\",\"@id\":\"https:\\\/\\\/marktxxl.de\\\/markt\\\/#organization\",\"name\":\"Markt-XXL\",\"url\":\"https:\\\/\\\/marktxxl.de\\\/markt\\\/\",\"logo\":{\"@type\":\"ImageObject\",\"inLanguage\":\"de\",\"@id\":\"https:\\\/\\\/marktxxl.de\\\/markt\\\/#\\\/schema\\\/logo\\\/image\\\/\",\"url\":\"https:\\\/\\\/marktxxl.de\\\/markt\\\/wp-content\\\/uploads\\\/sites\\\/3\\\/2020\\\/12\\\/logo.png\",\"contentUrl\":\"https:\\\/\\\/marktxxl.de\\\/markt\\\/wp-content\\\/uploads\\\/sites\\\/3\\\/2020\\\/12\\\/logo.png\",\"width\":200,\"height\":70,\"caption\":\"Markt-XXL\"},\"image\":{\"@id\":\"https:\\\/\\\/marktxxl.de\\\/markt\\\/#\\\/schema\\\/logo\\\/image\\\/\"}}]}<\/script>\n<!-- \/ Yoast SEO plugin. -->","yoast_head_json":{"title":"45\/90 Grad Winkel Linie Messger\u00e4t, genaue Ablesung, Premium Aluminiumlegierung, Centerline Messwerkzeug, Runde Herz Lineal, Runde Herz Messger\u00e4t, tragbares DIY Holzbearbeitungswerkzeug - Markt-XXL","description":"Markt-XXL 45\/90 Grad Winkel Linie Messger\u00e4t, genaue Ablesung, Premium Aluminiumlegierung, Centerline Messwerkzeug, Runde Herz Lineal, Runde Herz Messger\u00e4t, tragbares DIY Holzbearbeitungswerkzeug","robots":{"index":"index","follow":"follow","max-snippet":"max-snippet:-1","max-image-preview":"max-image-preview:large","max-video-preview":"max-video-preview:-1"},"canonical":"https:\/\/marktxxl.de\/markt\/produkt\/45-90-grad-winkel-linie-messgeraet-genaue-ablesung-premium-aluminiumlegierung-centerline-messwerkzeug-runde-herz-lineal-runde-herz-messgeraet-tragbares-diy-holzbearbeitungswerkzeug\/","og_locale":"de_DE","og_type":"article","og_title":"45\/90 Grad Winkel Linie Messger\u00e4t, genaue Ablesung, Premium Aluminiumlegierung, Centerline Messwerkzeug, Runde Herz Lineal, Runde Herz Messger\u00e4t, tragbares DIY Holzbearbeitungswerkzeug - Markt-XXL","og_description":"Markt-XXL 45\/90 Grad Winkel Linie Messger\u00e4t, genaue Ablesung, Premium Aluminiumlegierung, Centerline Messwerkzeug, Runde Herz Lineal, Runde Herz Messger\u00e4t, tragbares DIY Holzbearbeitungswerkzeug","og_url":"https:\/\/marktxxl.de\/markt\/produkt\/45-90-grad-winkel-linie-messgeraet-genaue-ablesung-premium-aluminiumlegierung-centerline-messwerkzeug-runde-herz-lineal-runde-herz-messgeraet-tragbares-diy-holzbearbeitungswerkzeug\/","og_site_name":"Markt-XXL","twitter_card":"summary_large_image","twitter_misc":{"Gesch\u00e4tzte Lesezeit":"1\u00a0Minute"},"schema":{"@context":"https:\/\/schema.org","@graph":[{"@type":"WebPage","@id":"https:\/\/marktxxl.de\/markt\/produkt\/45-90-grad-winkel-linie-messgeraet-genaue-ablesung-premium-aluminiumlegierung-centerline-messwerkzeug-runde-herz-lineal-runde-herz-messgeraet-tragbares-diy-holzbearbeitungswerkzeug\/","url":"https:\/\/marktxxl.de\/markt\/produkt\/45-90-grad-winkel-linie-messgeraet-genaue-ablesung-premium-aluminiumlegierung-centerline-messwerkzeug-runde-herz-lineal-runde-herz-messgeraet-tragbares-diy-holzbearbeitungswerkzeug\/","name":"45\/90 Grad Winkel Linie Messger\u00e4t, genaue Ablesung, Premium Aluminiumlegierung, Centerline Messwerkzeug, Runde Herz Lineal, Runde Herz Messger\u00e4t, tragbares DIY Holzbearbeitungswerkzeug - Markt-XXL","isPartOf":{"@id":"https:\/\/marktxxl.de\/markt\/#website"},"primaryImageOfPage":{"@id":"https:\/\/marktxxl.de\/markt\/produkt\/45-90-grad-winkel-linie-messgeraet-genaue-ablesung-premium-aluminiumlegierung-centerline-messwerkzeug-runde-herz-lineal-runde-herz-messgeraet-tragbares-diy-holzbearbeitungswerkzeug\/#primaryimage"},"image":{"@id":"https:\/\/marktxxl.de\/markt\/produkt\/45-90-grad-winkel-linie-messgeraet-genaue-ablesung-premium-aluminiumlegierung-centerline-messwerkzeug-runde-herz-lineal-runde-herz-messgeraet-tragbares-diy-holzbearbeitungswerkzeug\/#primaryimage"},"thumbnailUrl":"https:\/\/m.media-amazon.com\/images\/I\/41h+RgHzF6L._SL500_.jpg","datePublished":"2024-07-28T00:20:08+00:00","description":"Markt-XXL 45\/90 Grad Winkel Linie Messger\u00e4t, genaue Ablesung, Premium Aluminiumlegierung, Centerline Messwerkzeug, Runde Herz Lineal, Runde Herz Messger\u00e4t, tragbares DIY Holzbearbeitungswerkzeug","breadcrumb":{"@id":"https:\/\/marktxxl.de\/markt\/produkt\/45-90-grad-winkel-linie-messgeraet-genaue-ablesung-premium-aluminiumlegierung-centerline-messwerkzeug-runde-herz-lineal-runde-herz-messgeraet-tragbares-diy-holzbearbeitungswerkzeug\/#breadcrumb"},"inLanguage":"de","potentialAction":[{"@type":"ReadAction","target":["https:\/\/marktxxl.de\/markt\/produkt\/45-90-grad-winkel-linie-messgeraet-genaue-ablesung-premium-aluminiumlegierung-centerline-messwerkzeug-runde-herz-lineal-runde-herz-messgeraet-tragbares-diy-holzbearbeitungswerkzeug\/"]}]},{"@type":"ImageObject","inLanguage":"de","@id":"https:\/\/marktxxl.de\/markt\/produkt\/45-90-grad-winkel-linie-messgeraet-genaue-ablesung-premium-aluminiumlegierung-centerline-messwerkzeug-runde-herz-lineal-runde-herz-messgeraet-tragbares-diy-holzbearbeitungswerkzeug\/#primaryimage","url":"https:\/\/m.media-amazon.com\/images\/I\/41h+RgHzF6L._SL500_.jpg","contentUrl":"https:\/\/m.media-amazon.com\/images\/I\/41h+RgHzF6L._SL500_.jpg","width":500,"height":500},{"@type":"BreadcrumbList","@id":"https:\/\/marktxxl.de\/markt\/produkt\/45-90-grad-winkel-linie-messgeraet-genaue-ablesung-premium-aluminiumlegierung-centerline-messwerkzeug-runde-herz-lineal-runde-herz-messgeraet-tragbares-diy-holzbearbeitungswerkzeug\/#breadcrumb","itemListElement":[{"@type":"ListItem","position":1,"name":"Startseite","item":"https:\/\/marktxxl.de\/markt\/"},{"@type":"ListItem","position":2,"name":"Markt","item":"https:\/\/marktxxl.de\/markt\/"},{"@type":"ListItem","position":3,"name":"45\/90 Grad Winkel Linie Messger\u00e4t, genaue Ablesung, Premium Aluminiumlegierung, Centerline Messwerkzeug, Runde Herz Lineal, Runde Herz Messger\u00e4t, tragbares DIY Holzbearbeitungswerkzeug"}]},{"@type":"WebSite","@id":"https:\/\/marktxxl.de\/markt\/#website","url":"https:\/\/marktxxl.de\/markt\/","name":"Markt-XXL","description":"Ihr Markt Online","publisher":{"@id":"https:\/\/marktxxl.de\/markt\/#organization"},"potentialAction":[{"@type":"SearchAction","target":{"@type":"EntryPoint","urlTemplate":"https:\/\/marktxxl.de\/markt\/?s={search_term_string}"},"query-input":{"@type":"PropertyValueSpecification","valueRequired":true,"valueName":"search_term_string"}}],"inLanguage":"de"},{"@type":"Organization","@id":"https:\/\/marktxxl.de\/markt\/#organization","name":"Markt-XXL","url":"https:\/\/marktxxl.de\/markt\/","logo":{"@type":"ImageObject","inLanguage":"de","@id":"https:\/\/marktxxl.de\/markt\/#\/schema\/logo\/image\/","url":"https:\/\/marktxxl.de\/markt\/wp-content\/uploads\/sites\/3\/2020\/12\/logo.png","contentUrl":"https:\/\/marktxxl.de\/markt\/wp-content\/uploads\/sites\/3\/2020\/12\/logo.png","width":200,"height":70,"caption":"Markt-XXL"},"image":{"@id":"https:\/\/marktxxl.de\/markt\/#\/schema\/logo\/image\/"}}]}},"_links":{"self":[{"href":"https:\/\/marktxxl.de\/markt\/wp-json\/wp\/v2\/product\/216508","targetHints":{"allow":["GET"]}}],"collection":[{"href":"https:\/\/marktxxl.de\/markt\/wp-json\/wp\/v2\/product"}],"about":[{"href":"https:\/\/marktxxl.de\/markt\/wp-json\/wp\/v2\/types\/product"}],"replies":[{"embeddable":true,"href":"https:\/\/marktxxl.de\/markt\/wp-json\/wp\/v2\/comments?post=216508"}],"wp:featuredmedia":[{"embeddable":true,"href":"https:\/\/marktxxl.de\/markt\/wp-json\/wp\/v2\/media\/216509"}],"wp:attachment":[{"href":"https:\/\/marktxxl.de\/markt\/wp-json\/wp\/v2\/media?parent=216508"}],"wp:term":[{"taxonomy":"product_brand","embeddable":true,"href":"https:\/\/marktxxl.de\/markt\/wp-json\/wp\/v2\/product_brand?post=216508"},{"taxonomy":"product_cat","embeddable":true,"href":"https:\/\/marktxxl.de\/markt\/wp-json\/wp\/v2\/product_cat?post=216508"},{"taxonomy":"product_tag","embeddable":true,"href":"https:\/\/marktxxl.de\/markt\/wp-json\/wp\/v2\/product_tag?post=216508"}],"curies":[{"name":"wp","href":"https:\/\/api.w.org\/{rel}","templated":true}]}}