{"id":216331,"date":"2024-07-28T01:26:58","date_gmt":"2024-07-27T23:26:58","guid":{"rendered":"https:\/\/marktxxl.de\/markt\/produkt\/mehrfachsteckdose-mit-4-usb-netzsteckerdoppelstecker-fuer-usb-steckdosemehrfachstecker-fuer-usb-steckdose-und-usb-c-adapter-wand-ladegeraet-steckdosenleiste-mit-usb\/"},"modified":"2024-07-28T01:26:58","modified_gmt":"2024-07-27T23:26:58","slug":"mehrfachsteckdose-mit-4-usb-netzsteckerdoppelstecker-fuer-usb-steckdosemehrfachstecker-fuer-usb-steckdose-und-usb-c-adapter-wand-ladegeraet-steckdosenleiste-mit-usb","status":"publish","type":"product","link":"https:\/\/marktxxl.de\/markt\/produkt\/mehrfachsteckdose-mit-4-usb-netzsteckerdoppelstecker-fuer-usb-steckdosemehrfachstecker-fuer-usb-steckdose-und-usb-c-adapter-wand-ladegeraet-steckdosenleiste-mit-usb\/","title":{"rendered":"Mehrfachsteckdose mit 4 USB Netzstecker,Doppelstecker f\u00fcr USB Steckdose,Mehrfachstecker f\u00fcr USB Steckdose und USB C Adapter, Wand Ladeger\u00e4t, Steckdosenleiste mit USB"},"content":{"rendered":"<p>\u3010Mehrfachsteckdose Schnellladung\u3011 Die maximale leistung des USB-A Anschlusses des steckdosenadapter betr\u00e4gt 17W und die maximale Leistung des steckdosenleiste USB C Anschlusses betr\u00e4gt 3.4. Steckdosenadapter USB C Anschlusses ist kompatibel mit MacBook, iPad, iPhone, iWatch, Airpods und mehr.<br \/>\n\u30106 In 1 Mehrfachstecker\u3011Doppelstecker f\u00fcr steckdose verf\u00fcgt \u00fcber 2-Schuko Stecker (E\/F) + 1 Typ C + 3 USB Anschl\u00fcsse. Doppelsteckdose mit usb k\u00f6nnen 6 Ger\u00e4te gleichzeitig laden. Mehrfachsteckdose ohne kabel des steckdosenadapter ist praktischer als die Wandsteckdosen. Machen Sie sich also keine Sorgen, dass Sie nicht gen\u00fcgend USB C steckdose haben.<br \/>\n\u3010Designstruktur\u3011Verteilersteckdose ohne kabel des bestes dienstprogramm f\u00fcr mehrere Ger\u00e4te. Elegantes Erscheinungsbild mit sehr geringem Platzbedarf. Wenn Sie es nicht verwenden, k\u00f6nnen Sie es zur\u00fcckstellen. Steckdosenleiste mit usb fast keinen Platz einnimmt.<br \/>\n\u3010Sichere Leistung\u3011Isoliermaterial h\u00e4lt Spannungen bis zu 4250 W stand und verhindert eine \u00dcberhitzung Ihres Steckdose. 2 Fach Steckdosenverteiler \u00dcberhitzungs- und \u00dcberspannungsschutz unterbricht automatisch die Stromversorgung, wenn Stromst\u00f6\u00dfe auftreten. Kann benutzen mehrfachsteckdose set ob im Schlafzimmer, Badezimmer, in der K\u00fcche.<br \/>\n\u3010Kompakte und tragbare Gr\u00f6\u00dfe\u3011Mehrfachsteckdose mit usb das 6-in-1-Design verbessert die Funktion erheblich und spart Platz. In der oberen linken Ecke des USB Steckdose befindet sich eine Kontrollleuchte, mit der Sie deutlich erkennen k\u00f6nnen, ob Ihr steckdosenadapter ein- oder ausgeschaltet ist. Minigr\u00f6\u00dfe des steckdosenerweiterung betr\u00e4gt nur 65 x 70 x 77 mm, wodurch er sehr platzsparend und leicht zu transportieren ist.<br \/>\n<div class=\"main-cross-sell\" data-asin=\"B0D8VH6XVN\">\n\n\t<div class=\"WooZone-cross-sell-loader\">\n\t\t<div>\n\t\t\t<div id=\"floatingBarsG\">\n\t\t\t\t<div class=\"blockG\" id=\"rotateG_01\"><\/div>\n\t\t\t\t<div class=\"blockG\" id=\"rotateG_02\"><\/div>\n\t\t\t\t<div class=\"blockG\" id=\"rotateG_03\"><\/div>\n\t\t\t\t<div class=\"blockG\" id=\"rotateG_04\"><\/div>\n\t\t\t\t<div class=\"blockG\" id=\"rotateG_05\"><\/div>\n\t\t\t\t<div class=\"blockG\" id=\"rotateG_06\"><\/div>\n\t\t\t\t<div class=\"blockG\" id=\"rotateG_07\"><\/div>\n\t\t\t\t<div class=\"blockG\" id=\"rotateG_08\"><\/div>\n\t\t\t<\/div>\n\t\t\t<div class=\"WooZone-cross-sell-loader-text\"><\/div>\n\t\t<\/div>\n\t<\/div>\n\n\t\t\n<\/div>\n<div style=\"clear:both;\"><\/div><\/p>\n","protected":false},"excerpt":{"rendered":"<p>\u3010Mehrfachsteckdose Schnellladung\u3011 Die maximale leistung des USB-A Anschlusses des steckdosenadapter betr\u00e4gt 17W und die maximale Leistung des steckdosenleiste USB C Anschlusses betr\u00e4gt 3.4. Steckdosenadapter USB C Anschlusses ist kompatibel mit MacBook, iPad, iPhone, iWatch, Airpods und mehr.<br \/>\n\u30106 In 1 Mehrfachstecker\u3011Doppelstecker f\u00fcr steckdose verf\u00fcgt \u00fcber 2-Schuko Stecker (E\/F) + 1 Typ C + 3 USB Anschl\u00fcsse. Doppelsteckdose mit usb k\u00f6nnen 6 Ger\u00e4te gleichzeitig laden. Mehrfachsteckdose ohne kabel des steckdosenadapter ist praktischer als die Wandsteckdosen. Machen Sie sich also keine Sorgen, dass Sie nicht gen\u00fcgend USB C steckdose haben.<br \/>\n\u3010Designstruktur\u3011Verteilersteckdose ohne kabel des bestes dienstprogramm f\u00fcr mehrere Ger\u00e4te. Elegantes Erscheinungsbild mit sehr geringem Platzbedarf. Wenn Sie es nicht verwenden, k\u00f6nnen Sie es zur\u00fcckstellen. Steckdosenleiste mit usb fast keinen Platz einnimmt.<\/p>\n","protected":false},"featured_media":216332,"comment_status":"open","ping_status":"closed","template":"","meta":[],"product_brand":[],"product_cat":[1983],"product_tag":[],"class_list":{"0":"post-216331","1":"product","2":"type-product","3":"status-publish","4":"has-post-thumbnail","6":"product_cat-baumarkt","7":"pa_brand-rwest-x","8":"pa_manufacturer-guangzhou-leishen-electric-co-ltd","10":"first","11":"instock","12":"shipping-taxable","13":"product-type-simple","14":"customify-col","15":"product-has-gallery"},"yoast_head":"<!-- This site is optimized with the Yoast SEO plugin v27.4 - https:\/\/yoast.com\/product\/yoast-seo-wordpress\/ -->\n<title>Mehrfachsteckdose mit 4 USB Netzstecker,Doppelstecker f\u00fcr USB Steckdose,Mehrfachstecker f\u00fcr USB Steckdose und USB C Adapter, Wand Ladeger\u00e4t, Steckdosenleiste mit USB - Markt-XXL<\/title>\n<meta name=\"description\" content=\"Markt-XXL Mehrfachsteckdose mit 4 USB Netzstecker,Doppelstecker f\u00fcr USB Steckdose,Mehrfachstecker f\u00fcr USB Steckdose und USB C Adapter, Wand Ladeger\u00e4t, Steckdosenleiste mit USB\" \/>\n<meta name=\"robots\" content=\"index, follow, max-snippet:-1, max-image-preview:large, max-video-preview:-1\" \/>\n<link rel=\"canonical\" href=\"https:\/\/marktxxl.de\/markt\/produkt\/mehrfachsteckdose-mit-4-usb-netzsteckerdoppelstecker-fuer-usb-steckdosemehrfachstecker-fuer-usb-steckdose-und-usb-c-adapter-wand-ladegeraet-steckdosenleiste-mit-usb\/\" \/>\n<meta property=\"og:locale\" content=\"de_DE\" \/>\n<meta property=\"og:type\" content=\"article\" \/>\n<meta property=\"og:title\" content=\"Mehrfachsteckdose mit 4 USB Netzstecker,Doppelstecker f\u00fcr USB Steckdose,Mehrfachstecker f\u00fcr USB Steckdose und USB C Adapter, Wand Ladeger\u00e4t, Steckdosenleiste mit USB - Markt-XXL\" \/>\n<meta property=\"og:description\" content=\"Markt-XXL Mehrfachsteckdose mit 4 USB Netzstecker,Doppelstecker f\u00fcr USB Steckdose,Mehrfachstecker f\u00fcr USB Steckdose und USB C Adapter, Wand Ladeger\u00e4t, Steckdosenleiste mit USB\" \/>\n<meta property=\"og:url\" content=\"https:\/\/marktxxl.de\/markt\/produkt\/mehrfachsteckdose-mit-4-usb-netzsteckerdoppelstecker-fuer-usb-steckdosemehrfachstecker-fuer-usb-steckdose-und-usb-c-adapter-wand-ladegeraet-steckdosenleiste-mit-usb\/\" \/>\n<meta property=\"og:site_name\" content=\"Markt-XXL\" \/>\n<meta name=\"twitter:card\" content=\"summary_large_image\" \/>\n<meta name=\"twitter:label1\" content=\"Gesch\u00e4tzte Lesezeit\" \/>\n\t<meta name=\"twitter:data1\" content=\"1\u00a0Minute\" \/>\n<script type=\"application\/ld+json\" class=\"yoast-schema-graph\">{\"@context\":\"https:\\\/\\\/schema.org\",\"@graph\":[{\"@type\":\"WebPage\",\"@id\":\"https:\\\/\\\/marktxxl.de\\\/markt\\\/produkt\\\/mehrfachsteckdose-mit-4-usb-netzsteckerdoppelstecker-fuer-usb-steckdosemehrfachstecker-fuer-usb-steckdose-und-usb-c-adapter-wand-ladegeraet-steckdosenleiste-mit-usb\\\/\",\"url\":\"https:\\\/\\\/marktxxl.de\\\/markt\\\/produkt\\\/mehrfachsteckdose-mit-4-usb-netzsteckerdoppelstecker-fuer-usb-steckdosemehrfachstecker-fuer-usb-steckdose-und-usb-c-adapter-wand-ladegeraet-steckdosenleiste-mit-usb\\\/\",\"name\":\"Mehrfachsteckdose mit 4 USB Netzstecker,Doppelstecker f\u00fcr USB Steckdose,Mehrfachstecker f\u00fcr USB Steckdose und USB C Adapter, Wand Ladeger\u00e4t, Steckdosenleiste mit USB - Markt-XXL\",\"isPartOf\":{\"@id\":\"https:\\\/\\\/marktxxl.de\\\/markt\\\/#website\"},\"primaryImageOfPage\":{\"@id\":\"https:\\\/\\\/marktxxl.de\\\/markt\\\/produkt\\\/mehrfachsteckdose-mit-4-usb-netzsteckerdoppelstecker-fuer-usb-steckdosemehrfachstecker-fuer-usb-steckdose-und-usb-c-adapter-wand-ladegeraet-steckdosenleiste-mit-usb\\\/#primaryimage\"},\"image\":{\"@id\":\"https:\\\/\\\/marktxxl.de\\\/markt\\\/produkt\\\/mehrfachsteckdose-mit-4-usb-netzsteckerdoppelstecker-fuer-usb-steckdosemehrfachstecker-fuer-usb-steckdose-und-usb-c-adapter-wand-ladegeraet-steckdosenleiste-mit-usb\\\/#primaryimage\"},\"thumbnailUrl\":\"https:\\\/\\\/m.media-amazon.com\\\/images\\\/I\\\/31sPneJg86L._SL500_.jpg\",\"datePublished\":\"2024-07-27T23:26:58+00:00\",\"description\":\"Markt-XXL Mehrfachsteckdose mit 4 USB Netzstecker,Doppelstecker f\u00fcr USB Steckdose,Mehrfachstecker f\u00fcr USB Steckdose und USB C Adapter, Wand Ladeger\u00e4t, Steckdosenleiste mit USB\",\"breadcrumb\":{\"@id\":\"https:\\\/\\\/marktxxl.de\\\/markt\\\/produkt\\\/mehrfachsteckdose-mit-4-usb-netzsteckerdoppelstecker-fuer-usb-steckdosemehrfachstecker-fuer-usb-steckdose-und-usb-c-adapter-wand-ladegeraet-steckdosenleiste-mit-usb\\\/#breadcrumb\"},\"inLanguage\":\"de\",\"potentialAction\":[{\"@type\":\"ReadAction\",\"target\":[\"https:\\\/\\\/marktxxl.de\\\/markt\\\/produkt\\\/mehrfachsteckdose-mit-4-usb-netzsteckerdoppelstecker-fuer-usb-steckdosemehrfachstecker-fuer-usb-steckdose-und-usb-c-adapter-wand-ladegeraet-steckdosenleiste-mit-usb\\\/\"]}]},{\"@type\":\"ImageObject\",\"inLanguage\":\"de\",\"@id\":\"https:\\\/\\\/marktxxl.de\\\/markt\\\/produkt\\\/mehrfachsteckdose-mit-4-usb-netzsteckerdoppelstecker-fuer-usb-steckdosemehrfachstecker-fuer-usb-steckdose-und-usb-c-adapter-wand-ladegeraet-steckdosenleiste-mit-usb\\\/#primaryimage\",\"url\":\"https:\\\/\\\/m.media-amazon.com\\\/images\\\/I\\\/31sPneJg86L._SL500_.jpg\",\"contentUrl\":\"https:\\\/\\\/m.media-amazon.com\\\/images\\\/I\\\/31sPneJg86L._SL500_.jpg\",\"width\":500,\"height\":500},{\"@type\":\"BreadcrumbList\",\"@id\":\"https:\\\/\\\/marktxxl.de\\\/markt\\\/produkt\\\/mehrfachsteckdose-mit-4-usb-netzsteckerdoppelstecker-fuer-usb-steckdosemehrfachstecker-fuer-usb-steckdose-und-usb-c-adapter-wand-ladegeraet-steckdosenleiste-mit-usb\\\/#breadcrumb\",\"itemListElement\":[{\"@type\":\"ListItem\",\"position\":1,\"name\":\"Startseite\",\"item\":\"https:\\\/\\\/marktxxl.de\\\/markt\\\/\"},{\"@type\":\"ListItem\",\"position\":2,\"name\":\"Markt\",\"item\":\"https:\\\/\\\/marktxxl.de\\\/markt\\\/\"},{\"@type\":\"ListItem\",\"position\":3,\"name\":\"Mehrfachsteckdose mit 4 USB Netzstecker,Doppelstecker f\u00fcr USB Steckdose,Mehrfachstecker f\u00fcr USB Steckdose und USB C Adapter, Wand Ladeger\u00e4t, Steckdosenleiste mit USB\"}]},{\"@type\":\"WebSite\",\"@id\":\"https:\\\/\\\/marktxxl.de\\\/markt\\\/#website\",\"url\":\"https:\\\/\\\/marktxxl.de\\\/markt\\\/\",\"name\":\"Markt-XXL\",\"description\":\"Ihr Markt Online\",\"publisher\":{\"@id\":\"https:\\\/\\\/marktxxl.de\\\/markt\\\/#organization\"},\"potentialAction\":[{\"@type\":\"SearchAction\",\"target\":{\"@type\":\"EntryPoint\",\"urlTemplate\":\"https:\\\/\\\/marktxxl.de\\\/markt\\\/?s={search_term_string}\"},\"query-input\":{\"@type\":\"PropertyValueSpecification\",\"valueRequired\":true,\"valueName\":\"search_term_string\"}}],\"inLanguage\":\"de\"},{\"@type\":\"Organization\",\"@id\":\"https:\\\/\\\/marktxxl.de\\\/markt\\\/#organization\",\"name\":\"Markt-XXL\",\"url\":\"https:\\\/\\\/marktxxl.de\\\/markt\\\/\",\"logo\":{\"@type\":\"ImageObject\",\"inLanguage\":\"de\",\"@id\":\"https:\\\/\\\/marktxxl.de\\\/markt\\\/#\\\/schema\\\/logo\\\/image\\\/\",\"url\":\"https:\\\/\\\/marktxxl.de\\\/markt\\\/wp-content\\\/uploads\\\/sites\\\/3\\\/2020\\\/12\\\/logo.png\",\"contentUrl\":\"https:\\\/\\\/marktxxl.de\\\/markt\\\/wp-content\\\/uploads\\\/sites\\\/3\\\/2020\\\/12\\\/logo.png\",\"width\":200,\"height\":70,\"caption\":\"Markt-XXL\"},\"image\":{\"@id\":\"https:\\\/\\\/marktxxl.de\\\/markt\\\/#\\\/schema\\\/logo\\\/image\\\/\"}}]}<\/script>\n<!-- \/ Yoast SEO plugin. -->","yoast_head_json":{"title":"Mehrfachsteckdose mit 4 USB Netzstecker,Doppelstecker f\u00fcr USB Steckdose,Mehrfachstecker f\u00fcr USB Steckdose und USB C Adapter, Wand Ladeger\u00e4t, Steckdosenleiste mit USB - Markt-XXL","description":"Markt-XXL Mehrfachsteckdose mit 4 USB Netzstecker,Doppelstecker f\u00fcr USB Steckdose,Mehrfachstecker f\u00fcr USB Steckdose und USB C Adapter, Wand Ladeger\u00e4t, Steckdosenleiste mit USB","robots":{"index":"index","follow":"follow","max-snippet":"max-snippet:-1","max-image-preview":"max-image-preview:large","max-video-preview":"max-video-preview:-1"},"canonical":"https:\/\/marktxxl.de\/markt\/produkt\/mehrfachsteckdose-mit-4-usb-netzsteckerdoppelstecker-fuer-usb-steckdosemehrfachstecker-fuer-usb-steckdose-und-usb-c-adapter-wand-ladegeraet-steckdosenleiste-mit-usb\/","og_locale":"de_DE","og_type":"article","og_title":"Mehrfachsteckdose mit 4 USB Netzstecker,Doppelstecker f\u00fcr USB Steckdose,Mehrfachstecker f\u00fcr USB Steckdose und USB C Adapter, Wand Ladeger\u00e4t, Steckdosenleiste mit USB - Markt-XXL","og_description":"Markt-XXL Mehrfachsteckdose mit 4 USB Netzstecker,Doppelstecker f\u00fcr USB Steckdose,Mehrfachstecker f\u00fcr USB Steckdose und USB C Adapter, Wand Ladeger\u00e4t, Steckdosenleiste mit USB","og_url":"https:\/\/marktxxl.de\/markt\/produkt\/mehrfachsteckdose-mit-4-usb-netzsteckerdoppelstecker-fuer-usb-steckdosemehrfachstecker-fuer-usb-steckdose-und-usb-c-adapter-wand-ladegeraet-steckdosenleiste-mit-usb\/","og_site_name":"Markt-XXL","twitter_card":"summary_large_image","twitter_misc":{"Gesch\u00e4tzte Lesezeit":"1\u00a0Minute"},"schema":{"@context":"https:\/\/schema.org","@graph":[{"@type":"WebPage","@id":"https:\/\/marktxxl.de\/markt\/produkt\/mehrfachsteckdose-mit-4-usb-netzsteckerdoppelstecker-fuer-usb-steckdosemehrfachstecker-fuer-usb-steckdose-und-usb-c-adapter-wand-ladegeraet-steckdosenleiste-mit-usb\/","url":"https:\/\/marktxxl.de\/markt\/produkt\/mehrfachsteckdose-mit-4-usb-netzsteckerdoppelstecker-fuer-usb-steckdosemehrfachstecker-fuer-usb-steckdose-und-usb-c-adapter-wand-ladegeraet-steckdosenleiste-mit-usb\/","name":"Mehrfachsteckdose mit 4 USB Netzstecker,Doppelstecker f\u00fcr USB Steckdose,Mehrfachstecker f\u00fcr USB Steckdose und USB C Adapter, Wand Ladeger\u00e4t, Steckdosenleiste mit USB - Markt-XXL","isPartOf":{"@id":"https:\/\/marktxxl.de\/markt\/#website"},"primaryImageOfPage":{"@id":"https:\/\/marktxxl.de\/markt\/produkt\/mehrfachsteckdose-mit-4-usb-netzsteckerdoppelstecker-fuer-usb-steckdosemehrfachstecker-fuer-usb-steckdose-und-usb-c-adapter-wand-ladegeraet-steckdosenleiste-mit-usb\/#primaryimage"},"image":{"@id":"https:\/\/marktxxl.de\/markt\/produkt\/mehrfachsteckdose-mit-4-usb-netzsteckerdoppelstecker-fuer-usb-steckdosemehrfachstecker-fuer-usb-steckdose-und-usb-c-adapter-wand-ladegeraet-steckdosenleiste-mit-usb\/#primaryimage"},"thumbnailUrl":"https:\/\/m.media-amazon.com\/images\/I\/31sPneJg86L._SL500_.jpg","datePublished":"2024-07-27T23:26:58+00:00","description":"Markt-XXL Mehrfachsteckdose mit 4 USB Netzstecker,Doppelstecker f\u00fcr USB Steckdose,Mehrfachstecker f\u00fcr USB Steckdose und USB C Adapter, Wand Ladeger\u00e4t, Steckdosenleiste mit USB","breadcrumb":{"@id":"https:\/\/marktxxl.de\/markt\/produkt\/mehrfachsteckdose-mit-4-usb-netzsteckerdoppelstecker-fuer-usb-steckdosemehrfachstecker-fuer-usb-steckdose-und-usb-c-adapter-wand-ladegeraet-steckdosenleiste-mit-usb\/#breadcrumb"},"inLanguage":"de","potentialAction":[{"@type":"ReadAction","target":["https:\/\/marktxxl.de\/markt\/produkt\/mehrfachsteckdose-mit-4-usb-netzsteckerdoppelstecker-fuer-usb-steckdosemehrfachstecker-fuer-usb-steckdose-und-usb-c-adapter-wand-ladegeraet-steckdosenleiste-mit-usb\/"]}]},{"@type":"ImageObject","inLanguage":"de","@id":"https:\/\/marktxxl.de\/markt\/produkt\/mehrfachsteckdose-mit-4-usb-netzsteckerdoppelstecker-fuer-usb-steckdosemehrfachstecker-fuer-usb-steckdose-und-usb-c-adapter-wand-ladegeraet-steckdosenleiste-mit-usb\/#primaryimage","url":"https:\/\/m.media-amazon.com\/images\/I\/31sPneJg86L._SL500_.jpg","contentUrl":"https:\/\/m.media-amazon.com\/images\/I\/31sPneJg86L._SL500_.jpg","width":500,"height":500},{"@type":"BreadcrumbList","@id":"https:\/\/marktxxl.de\/markt\/produkt\/mehrfachsteckdose-mit-4-usb-netzsteckerdoppelstecker-fuer-usb-steckdosemehrfachstecker-fuer-usb-steckdose-und-usb-c-adapter-wand-ladegeraet-steckdosenleiste-mit-usb\/#breadcrumb","itemListElement":[{"@type":"ListItem","position":1,"name":"Startseite","item":"https:\/\/marktxxl.de\/markt\/"},{"@type":"ListItem","position":2,"name":"Markt","item":"https:\/\/marktxxl.de\/markt\/"},{"@type":"ListItem","position":3,"name":"Mehrfachsteckdose mit 4 USB Netzstecker,Doppelstecker f\u00fcr USB Steckdose,Mehrfachstecker f\u00fcr USB Steckdose und USB C Adapter, Wand Ladeger\u00e4t, Steckdosenleiste mit USB"}]},{"@type":"WebSite","@id":"https:\/\/marktxxl.de\/markt\/#website","url":"https:\/\/marktxxl.de\/markt\/","name":"Markt-XXL","description":"Ihr Markt Online","publisher":{"@id":"https:\/\/marktxxl.de\/markt\/#organization"},"potentialAction":[{"@type":"SearchAction","target":{"@type":"EntryPoint","urlTemplate":"https:\/\/marktxxl.de\/markt\/?s={search_term_string}"},"query-input":{"@type":"PropertyValueSpecification","valueRequired":true,"valueName":"search_term_string"}}],"inLanguage":"de"},{"@type":"Organization","@id":"https:\/\/marktxxl.de\/markt\/#organization","name":"Markt-XXL","url":"https:\/\/marktxxl.de\/markt\/","logo":{"@type":"ImageObject","inLanguage":"de","@id":"https:\/\/marktxxl.de\/markt\/#\/schema\/logo\/image\/","url":"https:\/\/marktxxl.de\/markt\/wp-content\/uploads\/sites\/3\/2020\/12\/logo.png","contentUrl":"https:\/\/marktxxl.de\/markt\/wp-content\/uploads\/sites\/3\/2020\/12\/logo.png","width":200,"height":70,"caption":"Markt-XXL"},"image":{"@id":"https:\/\/marktxxl.de\/markt\/#\/schema\/logo\/image\/"}}]}},"_links":{"self":[{"href":"https:\/\/marktxxl.de\/markt\/wp-json\/wp\/v2\/product\/216331","targetHints":{"allow":["GET"]}}],"collection":[{"href":"https:\/\/marktxxl.de\/markt\/wp-json\/wp\/v2\/product"}],"about":[{"href":"https:\/\/marktxxl.de\/markt\/wp-json\/wp\/v2\/types\/product"}],"replies":[{"embeddable":true,"href":"https:\/\/marktxxl.de\/markt\/wp-json\/wp\/v2\/comments?post=216331"}],"wp:featuredmedia":[{"embeddable":true,"href":"https:\/\/marktxxl.de\/markt\/wp-json\/wp\/v2\/media\/216332"}],"wp:attachment":[{"href":"https:\/\/marktxxl.de\/markt\/wp-json\/wp\/v2\/media?parent=216331"}],"wp:term":[{"taxonomy":"product_brand","embeddable":true,"href":"https:\/\/marktxxl.de\/markt\/wp-json\/wp\/v2\/product_brand?post=216331"},{"taxonomy":"product_cat","embeddable":true,"href":"https:\/\/marktxxl.de\/markt\/wp-json\/wp\/v2\/product_cat?post=216331"},{"taxonomy":"product_tag","embeddable":true,"href":"https:\/\/marktxxl.de\/markt\/wp-json\/wp\/v2\/product_tag?post=216331"}],"curies":[{"name":"wp","href":"https:\/\/api.w.org\/{rel}","templated":true}]}}