{"id":216298,"date":"2024-07-28T01:26:25","date_gmt":"2024-07-27T23:26:25","guid":{"rendered":"https:\/\/marktxxl.de\/markt\/produkt\/outrav-booster-sitz-reisetasche-fuer-flugzeug-gate-check-bag-cover-fuer-booster-autositz-strapazierfaehig-tragbar-reise-autositz-transporttasche-universal-reissverschluss-flughafen-check-tasche-m\/"},"modified":"2024-07-28T01:26:25","modified_gmt":"2024-07-27T23:26:25","slug":"outrav-booster-sitz-reisetasche-fuer-flugzeug-gate-check-bag-cover-fuer-booster-autositz-strapazierfaehig-tragbar-reise-autositz-transporttasche-universal-reissverschluss-flughafen-check-tasche-m","status":"publish","type":"product","link":"https:\/\/marktxxl.de\/markt\/produkt\/outrav-booster-sitz-reisetasche-fuer-flugzeug-gate-check-bag-cover-fuer-booster-autositz-strapazierfaehig-tragbar-reise-autositz-transporttasche-universal-reissverschluss-flughafen-check-tasche-m\/","title":{"rendered":"Outrav Booster-Sitz-Reisetasche f\u00fcr Flugzeug, Gate Check Bag Cover f\u00fcr Booster Autositz, strapazierf\u00e4hig, tragbar, Reise-Autositz-Transporttasche, Universal-Rei\u00dfverschluss-Flughafen-Check-Tasche mit"},"content":{"rendered":"<p>Universelle Standard-Einheitsgr\u00f6\u00dfe: Outrav&#8217;s Gate Check Bag f\u00fcr Kindersitze ist kompatibel mit den meisten Kindersitzerh\u00f6hungen und Baby-Sitzerh\u00f6hungen, einschlie\u00dflich Modellen von Evenflo, Graco und Chicco. Ma\u00dfe: 43,2 cm hoch, 40,6 cm breit, 24,1 cm tief.<br \/>\nHergestellt aus robustem Material: Hergestellt aus extra starkem Nylon und mit verst\u00e4rkten Doppeln\u00e4hten. Unser Flugzeug-Sitzbezug mit Rucksackgurten ist zuverl\u00e4ssig und langlebig. Die beste Wahl unter reisenden Familien<br \/>\nTragegriff und Rucksackgurte: Die wandelbare Universal-Autositz-Reisetasche kann mit der Handschlaufe getragen werden oder wie eine Weste f\u00fcr freih\u00e4ndiges Tragen getragen werden. Verstellbare Tr\u00e4ger erm\u00f6glichen das Tragen als Rucksack.<br \/>\nEinfach zu falten und im Handgelenk zu verstauen: sch\u00fctzend und einfach zu bedienen. Beste Tragetasche f\u00fcr Reisen mit dem Baby. Der faltbare Sitzsack passt in die mitgelieferte Aufbewahrungstasche mit Handgelenkschlaufe f\u00fcr einfaches Tragen, wenn er nicht in Gebrauch ist.<br \/>\nAusweisfenster vorne, starke Schnallen: Unsere Sitzerh\u00f6hungen f\u00fcr Flugreisen verf\u00fcgen \u00fcber ein Frontfenster f\u00fcr Gep\u00e4ckanh\u00e4nger (um den Verlust von Gep\u00e4ck zu verhindern). Schnellverschluss-Schnallen machen das An- und Ausziehen des Tr\u00e4gers einfach und einfach.<br \/>\n<div class=\"main-cross-sell\" data-asin=\"B0BKNGCB6V\">\n\n\t<div class=\"WooZone-cross-sell-loader\">\n\t\t<div>\n\t\t\t<div id=\"floatingBarsG\">\n\t\t\t\t<div class=\"blockG\" id=\"rotateG_01\"><\/div>\n\t\t\t\t<div class=\"blockG\" id=\"rotateG_02\"><\/div>\n\t\t\t\t<div class=\"blockG\" id=\"rotateG_03\"><\/div>\n\t\t\t\t<div class=\"blockG\" id=\"rotateG_04\"><\/div>\n\t\t\t\t<div class=\"blockG\" id=\"rotateG_05\"><\/div>\n\t\t\t\t<div class=\"blockG\" id=\"rotateG_06\"><\/div>\n\t\t\t\t<div class=\"blockG\" id=\"rotateG_07\"><\/div>\n\t\t\t\t<div class=\"blockG\" id=\"rotateG_08\"><\/div>\n\t\t\t<\/div>\n\t\t\t<div class=\"WooZone-cross-sell-loader-text\"><\/div>\n\t\t<\/div>\n\t<\/div>\n\n\t\t\n<\/div>\n<div style=\"clear:both;\"><\/div><\/p>\n","protected":false},"excerpt":{"rendered":"<p>Universelle Standard-Einheitsgr\u00f6\u00dfe: Outrav&#8217;s Gate Check Bag f\u00fcr Kindersitze ist kompatibel mit den meisten Kindersitzerh\u00f6hungen und Baby-Sitzerh\u00f6hungen, einschlie\u00dflich Modellen von Evenflo, Graco und Chicco. Ma\u00dfe: 43,2 cm hoch, 40,6 cm breit, 24,1 cm tief.<br \/>\nHergestellt aus robustem Material: Hergestellt aus extra starkem Nylon und mit verst\u00e4rkten Doppeln\u00e4hten. Unser Flugzeug-Sitzbezug mit Rucksackgurten ist zuverl\u00e4ssig und langlebig. Die beste Wahl unter reisenden Familien<br \/>\nTragegriff und Rucksackgurte: Die wandelbare Universal-Autositz-Reisetasche kann mit der Handschlaufe getragen werden oder wie eine Weste f\u00fcr freih\u00e4ndiges Tragen getragen werden. Verstellbare Tr\u00e4ger erm\u00f6glichen das Tragen als Rucksack.<\/p>\n","protected":false},"featured_media":216299,"comment_status":"open","ping_status":"closed","template":"","meta":[],"product_brand":[],"product_cat":[21,9329],"product_tag":[],"class_list":{"0":"post-216298","1":"product","2":"type-product","3":"status-publish","4":"has-post-thumbnail","6":"product_cat-baby","7":"product_cat-kinderwagen-buggys-zubehoer-baby","8":"pa_binding-luggage","9":"pa_brand-outrav","10":"pa_color-schwarz","11":"pa_height-17-zoll","12":"pa_length-16-zoll","13":"pa_manufacturer-outrav","14":"pa_model-booster-seat-travel-bag","15":"pa_width-9-5-zoll","17":"first","18":"instock","19":"shipping-taxable","20":"purchasable","21":"product-type-simple","22":"customify-col","23":"product-has-gallery"},"yoast_head":"<!-- This site is optimized with the Yoast SEO plugin v27.4 - https:\/\/yoast.com\/product\/yoast-seo-wordpress\/ -->\n<title>Outrav Booster-Sitz-Reisetasche f\u00fcr Flugzeug, Gate Check Bag Cover f\u00fcr Booster Autositz, strapazierf\u00e4hig, tragbar, Reise-Autositz-Transporttasche, Universal-Rei\u00dfverschluss-Flughafen-Check-Tasche mit - Markt-XXL<\/title>\n<meta name=\"description\" content=\"Markt-XXL Outrav Booster-Sitz-Reisetasche f\u00fcr Flugzeug, Gate Check Bag Cover f\u00fcr Booster Autositz, strapazierf\u00e4hig, tragbar, Reise-Autositz-Transporttasche, Universal-Rei\u00dfverschluss-Flughafen-Check-Tasche mit\" \/>\n<meta name=\"robots\" content=\"index, follow, max-snippet:-1, max-image-preview:large, max-video-preview:-1\" \/>\n<link rel=\"canonical\" href=\"https:\/\/marktxxl.de\/markt\/produkt\/outrav-booster-sitz-reisetasche-fuer-flugzeug-gate-check-bag-cover-fuer-booster-autositz-strapazierfaehig-tragbar-reise-autositz-transporttasche-universal-reissverschluss-flughafen-check-tasche-m\/\" \/>\n<meta property=\"og:locale\" content=\"de_DE\" \/>\n<meta property=\"og:type\" content=\"article\" \/>\n<meta property=\"og:title\" content=\"Outrav Booster-Sitz-Reisetasche f\u00fcr Flugzeug, Gate Check Bag Cover f\u00fcr Booster Autositz, strapazierf\u00e4hig, tragbar, Reise-Autositz-Transporttasche, Universal-Rei\u00dfverschluss-Flughafen-Check-Tasche mit - Markt-XXL\" \/>\n<meta property=\"og:description\" content=\"Markt-XXL Outrav Booster-Sitz-Reisetasche f\u00fcr Flugzeug, Gate Check Bag Cover f\u00fcr Booster Autositz, strapazierf\u00e4hig, tragbar, Reise-Autositz-Transporttasche, Universal-Rei\u00dfverschluss-Flughafen-Check-Tasche mit\" \/>\n<meta property=\"og:url\" content=\"https:\/\/marktxxl.de\/markt\/produkt\/outrav-booster-sitz-reisetasche-fuer-flugzeug-gate-check-bag-cover-fuer-booster-autositz-strapazierfaehig-tragbar-reise-autositz-transporttasche-universal-reissverschluss-flughafen-check-tasche-m\/\" \/>\n<meta property=\"og:site_name\" content=\"Markt-XXL\" \/>\n<meta name=\"twitter:card\" content=\"summary_large_image\" \/>\n<meta name=\"twitter:label1\" content=\"Gesch\u00e4tzte Lesezeit\" \/>\n\t<meta name=\"twitter:data1\" content=\"1\u00a0Minute\" \/>\n<script type=\"application\/ld+json\" class=\"yoast-schema-graph\">{\"@context\":\"https:\\\/\\\/schema.org\",\"@graph\":[{\"@type\":\"WebPage\",\"@id\":\"https:\\\/\\\/marktxxl.de\\\/markt\\\/produkt\\\/outrav-booster-sitz-reisetasche-fuer-flugzeug-gate-check-bag-cover-fuer-booster-autositz-strapazierfaehig-tragbar-reise-autositz-transporttasche-universal-reissverschluss-flughafen-check-tasche-m\\\/\",\"url\":\"https:\\\/\\\/marktxxl.de\\\/markt\\\/produkt\\\/outrav-booster-sitz-reisetasche-fuer-flugzeug-gate-check-bag-cover-fuer-booster-autositz-strapazierfaehig-tragbar-reise-autositz-transporttasche-universal-reissverschluss-flughafen-check-tasche-m\\\/\",\"name\":\"Outrav Booster-Sitz-Reisetasche f\u00fcr Flugzeug, Gate Check Bag Cover f\u00fcr Booster Autositz, strapazierf\u00e4hig, tragbar, Reise-Autositz-Transporttasche, Universal-Rei\u00dfverschluss-Flughafen-Check-Tasche mit - Markt-XXL\",\"isPartOf\":{\"@id\":\"https:\\\/\\\/marktxxl.de\\\/markt\\\/#website\"},\"primaryImageOfPage\":{\"@id\":\"https:\\\/\\\/marktxxl.de\\\/markt\\\/produkt\\\/outrav-booster-sitz-reisetasche-fuer-flugzeug-gate-check-bag-cover-fuer-booster-autositz-strapazierfaehig-tragbar-reise-autositz-transporttasche-universal-reissverschluss-flughafen-check-tasche-m\\\/#primaryimage\"},\"image\":{\"@id\":\"https:\\\/\\\/marktxxl.de\\\/markt\\\/produkt\\\/outrav-booster-sitz-reisetasche-fuer-flugzeug-gate-check-bag-cover-fuer-booster-autositz-strapazierfaehig-tragbar-reise-autositz-transporttasche-universal-reissverschluss-flughafen-check-tasche-m\\\/#primaryimage\"},\"thumbnailUrl\":\"https:\\\/\\\/m.media-amazon.com\\\/images\\\/I\\\/41I+vVjULjL._SL500_.jpg\",\"datePublished\":\"2024-07-27T23:26:25+00:00\",\"description\":\"Markt-XXL Outrav Booster-Sitz-Reisetasche f\u00fcr Flugzeug, Gate Check Bag Cover f\u00fcr Booster Autositz, strapazierf\u00e4hig, tragbar, Reise-Autositz-Transporttasche, Universal-Rei\u00dfverschluss-Flughafen-Check-Tasche mit\",\"breadcrumb\":{\"@id\":\"https:\\\/\\\/marktxxl.de\\\/markt\\\/produkt\\\/outrav-booster-sitz-reisetasche-fuer-flugzeug-gate-check-bag-cover-fuer-booster-autositz-strapazierfaehig-tragbar-reise-autositz-transporttasche-universal-reissverschluss-flughafen-check-tasche-m\\\/#breadcrumb\"},\"inLanguage\":\"de\",\"potentialAction\":[{\"@type\":\"ReadAction\",\"target\":[\"https:\\\/\\\/marktxxl.de\\\/markt\\\/produkt\\\/outrav-booster-sitz-reisetasche-fuer-flugzeug-gate-check-bag-cover-fuer-booster-autositz-strapazierfaehig-tragbar-reise-autositz-transporttasche-universal-reissverschluss-flughafen-check-tasche-m\\\/\"]}]},{\"@type\":\"ImageObject\",\"inLanguage\":\"de\",\"@id\":\"https:\\\/\\\/marktxxl.de\\\/markt\\\/produkt\\\/outrav-booster-sitz-reisetasche-fuer-flugzeug-gate-check-bag-cover-fuer-booster-autositz-strapazierfaehig-tragbar-reise-autositz-transporttasche-universal-reissverschluss-flughafen-check-tasche-m\\\/#primaryimage\",\"url\":\"https:\\\/\\\/m.media-amazon.com\\\/images\\\/I\\\/41I+vVjULjL._SL500_.jpg\",\"contentUrl\":\"https:\\\/\\\/m.media-amazon.com\\\/images\\\/I\\\/41I+vVjULjL._SL500_.jpg\",\"width\":500,\"height\":500},{\"@type\":\"BreadcrumbList\",\"@id\":\"https:\\\/\\\/marktxxl.de\\\/markt\\\/produkt\\\/outrav-booster-sitz-reisetasche-fuer-flugzeug-gate-check-bag-cover-fuer-booster-autositz-strapazierfaehig-tragbar-reise-autositz-transporttasche-universal-reissverschluss-flughafen-check-tasche-m\\\/#breadcrumb\",\"itemListElement\":[{\"@type\":\"ListItem\",\"position\":1,\"name\":\"Startseite\",\"item\":\"https:\\\/\\\/marktxxl.de\\\/markt\\\/\"},{\"@type\":\"ListItem\",\"position\":2,\"name\":\"Markt\",\"item\":\"https:\\\/\\\/marktxxl.de\\\/markt\\\/\"},{\"@type\":\"ListItem\",\"position\":3,\"name\":\"Outrav Booster-Sitz-Reisetasche f\u00fcr Flugzeug, Gate Check Bag Cover f\u00fcr Booster Autositz, strapazierf\u00e4hig, tragbar, Reise-Autositz-Transporttasche, Universal-Rei\u00dfverschluss-Flughafen-Check-Tasche mit\"}]},{\"@type\":\"WebSite\",\"@id\":\"https:\\\/\\\/marktxxl.de\\\/markt\\\/#website\",\"url\":\"https:\\\/\\\/marktxxl.de\\\/markt\\\/\",\"name\":\"Markt-XXL\",\"description\":\"Ihr Markt Online\",\"publisher\":{\"@id\":\"https:\\\/\\\/marktxxl.de\\\/markt\\\/#organization\"},\"potentialAction\":[{\"@type\":\"SearchAction\",\"target\":{\"@type\":\"EntryPoint\",\"urlTemplate\":\"https:\\\/\\\/marktxxl.de\\\/markt\\\/?s={search_term_string}\"},\"query-input\":{\"@type\":\"PropertyValueSpecification\",\"valueRequired\":true,\"valueName\":\"search_term_string\"}}],\"inLanguage\":\"de\"},{\"@type\":\"Organization\",\"@id\":\"https:\\\/\\\/marktxxl.de\\\/markt\\\/#organization\",\"name\":\"Markt-XXL\",\"url\":\"https:\\\/\\\/marktxxl.de\\\/markt\\\/\",\"logo\":{\"@type\":\"ImageObject\",\"inLanguage\":\"de\",\"@id\":\"https:\\\/\\\/marktxxl.de\\\/markt\\\/#\\\/schema\\\/logo\\\/image\\\/\",\"url\":\"https:\\\/\\\/marktxxl.de\\\/markt\\\/wp-content\\\/uploads\\\/sites\\\/3\\\/2020\\\/12\\\/logo.png\",\"contentUrl\":\"https:\\\/\\\/marktxxl.de\\\/markt\\\/wp-content\\\/uploads\\\/sites\\\/3\\\/2020\\\/12\\\/logo.png\",\"width\":200,\"height\":70,\"caption\":\"Markt-XXL\"},\"image\":{\"@id\":\"https:\\\/\\\/marktxxl.de\\\/markt\\\/#\\\/schema\\\/logo\\\/image\\\/\"}}]}<\/script>\n<!-- \/ Yoast SEO plugin. -->","yoast_head_json":{"title":"Outrav Booster-Sitz-Reisetasche f\u00fcr Flugzeug, Gate Check Bag Cover f\u00fcr Booster Autositz, strapazierf\u00e4hig, tragbar, Reise-Autositz-Transporttasche, Universal-Rei\u00dfverschluss-Flughafen-Check-Tasche mit - Markt-XXL","description":"Markt-XXL Outrav Booster-Sitz-Reisetasche f\u00fcr Flugzeug, Gate Check Bag Cover f\u00fcr Booster Autositz, strapazierf\u00e4hig, tragbar, Reise-Autositz-Transporttasche, Universal-Rei\u00dfverschluss-Flughafen-Check-Tasche mit","robots":{"index":"index","follow":"follow","max-snippet":"max-snippet:-1","max-image-preview":"max-image-preview:large","max-video-preview":"max-video-preview:-1"},"canonical":"https:\/\/marktxxl.de\/markt\/produkt\/outrav-booster-sitz-reisetasche-fuer-flugzeug-gate-check-bag-cover-fuer-booster-autositz-strapazierfaehig-tragbar-reise-autositz-transporttasche-universal-reissverschluss-flughafen-check-tasche-m\/","og_locale":"de_DE","og_type":"article","og_title":"Outrav Booster-Sitz-Reisetasche f\u00fcr Flugzeug, Gate Check Bag Cover f\u00fcr Booster Autositz, strapazierf\u00e4hig, tragbar, Reise-Autositz-Transporttasche, Universal-Rei\u00dfverschluss-Flughafen-Check-Tasche mit - Markt-XXL","og_description":"Markt-XXL Outrav Booster-Sitz-Reisetasche f\u00fcr Flugzeug, Gate Check Bag Cover f\u00fcr Booster Autositz, strapazierf\u00e4hig, tragbar, Reise-Autositz-Transporttasche, Universal-Rei\u00dfverschluss-Flughafen-Check-Tasche mit","og_url":"https:\/\/marktxxl.de\/markt\/produkt\/outrav-booster-sitz-reisetasche-fuer-flugzeug-gate-check-bag-cover-fuer-booster-autositz-strapazierfaehig-tragbar-reise-autositz-transporttasche-universal-reissverschluss-flughafen-check-tasche-m\/","og_site_name":"Markt-XXL","twitter_card":"summary_large_image","twitter_misc":{"Gesch\u00e4tzte Lesezeit":"1\u00a0Minute"},"schema":{"@context":"https:\/\/schema.org","@graph":[{"@type":"WebPage","@id":"https:\/\/marktxxl.de\/markt\/produkt\/outrav-booster-sitz-reisetasche-fuer-flugzeug-gate-check-bag-cover-fuer-booster-autositz-strapazierfaehig-tragbar-reise-autositz-transporttasche-universal-reissverschluss-flughafen-check-tasche-m\/","url":"https:\/\/marktxxl.de\/markt\/produkt\/outrav-booster-sitz-reisetasche-fuer-flugzeug-gate-check-bag-cover-fuer-booster-autositz-strapazierfaehig-tragbar-reise-autositz-transporttasche-universal-reissverschluss-flughafen-check-tasche-m\/","name":"Outrav Booster-Sitz-Reisetasche f\u00fcr Flugzeug, Gate Check Bag Cover f\u00fcr Booster Autositz, strapazierf\u00e4hig, tragbar, Reise-Autositz-Transporttasche, Universal-Rei\u00dfverschluss-Flughafen-Check-Tasche mit - Markt-XXL","isPartOf":{"@id":"https:\/\/marktxxl.de\/markt\/#website"},"primaryImageOfPage":{"@id":"https:\/\/marktxxl.de\/markt\/produkt\/outrav-booster-sitz-reisetasche-fuer-flugzeug-gate-check-bag-cover-fuer-booster-autositz-strapazierfaehig-tragbar-reise-autositz-transporttasche-universal-reissverschluss-flughafen-check-tasche-m\/#primaryimage"},"image":{"@id":"https:\/\/marktxxl.de\/markt\/produkt\/outrav-booster-sitz-reisetasche-fuer-flugzeug-gate-check-bag-cover-fuer-booster-autositz-strapazierfaehig-tragbar-reise-autositz-transporttasche-universal-reissverschluss-flughafen-check-tasche-m\/#primaryimage"},"thumbnailUrl":"https:\/\/m.media-amazon.com\/images\/I\/41I+vVjULjL._SL500_.jpg","datePublished":"2024-07-27T23:26:25+00:00","description":"Markt-XXL Outrav Booster-Sitz-Reisetasche f\u00fcr Flugzeug, Gate Check Bag Cover f\u00fcr Booster Autositz, strapazierf\u00e4hig, tragbar, Reise-Autositz-Transporttasche, Universal-Rei\u00dfverschluss-Flughafen-Check-Tasche mit","breadcrumb":{"@id":"https:\/\/marktxxl.de\/markt\/produkt\/outrav-booster-sitz-reisetasche-fuer-flugzeug-gate-check-bag-cover-fuer-booster-autositz-strapazierfaehig-tragbar-reise-autositz-transporttasche-universal-reissverschluss-flughafen-check-tasche-m\/#breadcrumb"},"inLanguage":"de","potentialAction":[{"@type":"ReadAction","target":["https:\/\/marktxxl.de\/markt\/produkt\/outrav-booster-sitz-reisetasche-fuer-flugzeug-gate-check-bag-cover-fuer-booster-autositz-strapazierfaehig-tragbar-reise-autositz-transporttasche-universal-reissverschluss-flughafen-check-tasche-m\/"]}]},{"@type":"ImageObject","inLanguage":"de","@id":"https:\/\/marktxxl.de\/markt\/produkt\/outrav-booster-sitz-reisetasche-fuer-flugzeug-gate-check-bag-cover-fuer-booster-autositz-strapazierfaehig-tragbar-reise-autositz-transporttasche-universal-reissverschluss-flughafen-check-tasche-m\/#primaryimage","url":"https:\/\/m.media-amazon.com\/images\/I\/41I+vVjULjL._SL500_.jpg","contentUrl":"https:\/\/m.media-amazon.com\/images\/I\/41I+vVjULjL._SL500_.jpg","width":500,"height":500},{"@type":"BreadcrumbList","@id":"https:\/\/marktxxl.de\/markt\/produkt\/outrav-booster-sitz-reisetasche-fuer-flugzeug-gate-check-bag-cover-fuer-booster-autositz-strapazierfaehig-tragbar-reise-autositz-transporttasche-universal-reissverschluss-flughafen-check-tasche-m\/#breadcrumb","itemListElement":[{"@type":"ListItem","position":1,"name":"Startseite","item":"https:\/\/marktxxl.de\/markt\/"},{"@type":"ListItem","position":2,"name":"Markt","item":"https:\/\/marktxxl.de\/markt\/"},{"@type":"ListItem","position":3,"name":"Outrav Booster-Sitz-Reisetasche f\u00fcr Flugzeug, Gate Check Bag Cover f\u00fcr Booster Autositz, strapazierf\u00e4hig, tragbar, Reise-Autositz-Transporttasche, Universal-Rei\u00dfverschluss-Flughafen-Check-Tasche mit"}]},{"@type":"WebSite","@id":"https:\/\/marktxxl.de\/markt\/#website","url":"https:\/\/marktxxl.de\/markt\/","name":"Markt-XXL","description":"Ihr Markt Online","publisher":{"@id":"https:\/\/marktxxl.de\/markt\/#organization"},"potentialAction":[{"@type":"SearchAction","target":{"@type":"EntryPoint","urlTemplate":"https:\/\/marktxxl.de\/markt\/?s={search_term_string}"},"query-input":{"@type":"PropertyValueSpecification","valueRequired":true,"valueName":"search_term_string"}}],"inLanguage":"de"},{"@type":"Organization","@id":"https:\/\/marktxxl.de\/markt\/#organization","name":"Markt-XXL","url":"https:\/\/marktxxl.de\/markt\/","logo":{"@type":"ImageObject","inLanguage":"de","@id":"https:\/\/marktxxl.de\/markt\/#\/schema\/logo\/image\/","url":"https:\/\/marktxxl.de\/markt\/wp-content\/uploads\/sites\/3\/2020\/12\/logo.png","contentUrl":"https:\/\/marktxxl.de\/markt\/wp-content\/uploads\/sites\/3\/2020\/12\/logo.png","width":200,"height":70,"caption":"Markt-XXL"},"image":{"@id":"https:\/\/marktxxl.de\/markt\/#\/schema\/logo\/image\/"}}]}},"_links":{"self":[{"href":"https:\/\/marktxxl.de\/markt\/wp-json\/wp\/v2\/product\/216298","targetHints":{"allow":["GET"]}}],"collection":[{"href":"https:\/\/marktxxl.de\/markt\/wp-json\/wp\/v2\/product"}],"about":[{"href":"https:\/\/marktxxl.de\/markt\/wp-json\/wp\/v2\/types\/product"}],"replies":[{"embeddable":true,"href":"https:\/\/marktxxl.de\/markt\/wp-json\/wp\/v2\/comments?post=216298"}],"wp:featuredmedia":[{"embeddable":true,"href":"https:\/\/marktxxl.de\/markt\/wp-json\/wp\/v2\/media\/216299"}],"wp:attachment":[{"href":"https:\/\/marktxxl.de\/markt\/wp-json\/wp\/v2\/media?parent=216298"}],"wp:term":[{"taxonomy":"product_brand","embeddable":true,"href":"https:\/\/marktxxl.de\/markt\/wp-json\/wp\/v2\/product_brand?post=216298"},{"taxonomy":"product_cat","embeddable":true,"href":"https:\/\/marktxxl.de\/markt\/wp-json\/wp\/v2\/product_cat?post=216298"},{"taxonomy":"product_tag","embeddable":true,"href":"https:\/\/marktxxl.de\/markt\/wp-json\/wp\/v2\/product_tag?post=216298"}],"curies":[{"name":"wp","href":"https:\/\/api.w.org\/{rel}","templated":true}]}}