{"id":216265,"date":"2024-07-28T01:26:05","date_gmt":"2024-07-27T23:26:05","guid":{"rendered":"https:\/\/marktxxl.de\/markt\/produkt\/talinu-bunte-kinderwagenkette-babyspielkette-wagenkette-kinderwagenspielzeug\/"},"modified":"2024-07-28T01:26:05","modified_gmt":"2024-07-27T23:26:05","slug":"talinu-bunte-kinderwagenkette-babyspielkette-wagenkette-kinderwagenspielzeug","status":"publish","type":"product","link":"https:\/\/marktxxl.de\/markt\/produkt\/talinu-bunte-kinderwagenkette-babyspielkette-wagenkette-kinderwagenspielzeug\/","title":{"rendered":"talinu bunte Kinderwagenkette | Babyspielkette, Wagenkette, Kinderwagenspielzeug"},"content":{"rendered":"<p>SPIELKETTE: Die talinu Kinderwagenkette bunte Teile aus hochwertigem Kunststoff mit 6 verschiedenen Farben und Oberfl\u00e4chen zum Ertasten, &#8211; schmecken oder \u2013 f\u00fchlen.<br \/>\nMOTORIK: Die Greif- und Tastsinne Ihres Babys werden durch die Spielkette trainiert und sogar Zahnungsschmerzen k\u00f6nnen durch das Kauen auf der Kette gelindert werden.<br \/>\nBPA-FREI, F\u00dcR KINDER AB 3 MONATEN: Selbstverst\u00e4ndlich ist die Kinderwagenkette von talinu frei von sch\u00e4dlichem BPA und kann bereits den Kleinsten zum Spielen gegeben werden.<br \/>\nVARIABEL EINSETZBAR: Sie k\u00f6nnen die Kette am Kinderwagen anbringen am Laufstall oder Sie Ihrem Baby einfach so zum Spielen geben. Die Kette kann variabel zusammengesetzt werden in unterschiedlichen L\u00e4ngen als eine lange Kette, zwei k\u00fcrzere, usw. Dabei sind der Fantasie Ihres Babys keine Grenzen gesetzt.<br \/>\n<div class=\"main-cross-sell\" data-asin=\"B07VLB5JQM\">\n\n\t<div class=\"WooZone-cross-sell-loader\">\n\t\t<div>\n\t\t\t<div id=\"floatingBarsG\">\n\t\t\t\t<div class=\"blockG\" id=\"rotateG_01\"><\/div>\n\t\t\t\t<div class=\"blockG\" id=\"rotateG_02\"><\/div>\n\t\t\t\t<div class=\"blockG\" id=\"rotateG_03\"><\/div>\n\t\t\t\t<div class=\"blockG\" id=\"rotateG_04\"><\/div>\n\t\t\t\t<div class=\"blockG\" id=\"rotateG_05\"><\/div>\n\t\t\t\t<div class=\"blockG\" id=\"rotateG_06\"><\/div>\n\t\t\t\t<div class=\"blockG\" id=\"rotateG_07\"><\/div>\n\t\t\t\t<div class=\"blockG\" id=\"rotateG_08\"><\/div>\n\t\t\t<\/div>\n\t\t\t<div class=\"WooZone-cross-sell-loader-text\"><\/div>\n\t\t<\/div>\n\t<\/div>\n\n\t\t\n<\/div>\n<div style=\"clear:both;\"><\/div><\/p>\n","protected":false},"excerpt":{"rendered":"<p>SPIELKETTE: Die talinu Kinderwagenkette bunte Teile aus hochwertigem Kunststoff mit 6 verschiedenen Farben und Oberfl\u00e4chen zum Ertasten, &#8211; schmecken oder \u2013 f\u00fchlen.<br \/>\nMOTORIK: Die Greif- und Tastsinne Ihres Babys werden durch die Spielkette trainiert und sogar Zahnungsschmerzen k\u00f6nnen durch das Kauen auf der Kette gelindert werden.<br \/>\nBPA-FREI, F\u00dcR KINDER AB 3 MONATEN: Selbstverst\u00e4ndlich ist die Kinderwagenkette von talinu frei von sch\u00e4dlichem BPA und kann bereits den Kleinsten zum Spielen gegeben werden.<\/p>\n","protected":false},"featured_media":216266,"comment_status":"open","ping_status":"closed","template":"","meta":[],"product_brand":[],"product_cat":[21,9329],"product_tag":[],"class_list":{"0":"post-216265","1":"product","2":"type-product","3":"status-publish","4":"has-post-thumbnail","6":"product_cat-baby","7":"product_cat-kinderwagen-buggys-zubehoer-baby","8":"pa_binding-babyartikel","9":"pa_brand-talinu","10":"pa_manufacturer-espring-gmbh","12":"first","13":"instock","14":"shipping-taxable","15":"product-type-simple","16":"customify-col","17":"product-has-gallery"},"yoast_head":"<!-- This site is optimized with the Yoast SEO plugin v27.4 - https:\/\/yoast.com\/product\/yoast-seo-wordpress\/ -->\n<title>talinu bunte Kinderwagenkette | Babyspielkette, Wagenkette, Kinderwagenspielzeug - Markt-XXL<\/title>\n<meta name=\"description\" content=\"Markt-XXL talinu bunte Kinderwagenkette | Babyspielkette, Wagenkette, Kinderwagenspielzeug\" \/>\n<meta name=\"robots\" content=\"index, follow, max-snippet:-1, max-image-preview:large, max-video-preview:-1\" \/>\n<link rel=\"canonical\" href=\"https:\/\/marktxxl.de\/markt\/produkt\/talinu-bunte-kinderwagenkette-babyspielkette-wagenkette-kinderwagenspielzeug\/\" \/>\n<meta property=\"og:locale\" content=\"de_DE\" \/>\n<meta property=\"og:type\" content=\"article\" \/>\n<meta property=\"og:title\" content=\"talinu bunte Kinderwagenkette | Babyspielkette, Wagenkette, Kinderwagenspielzeug - Markt-XXL\" \/>\n<meta property=\"og:description\" content=\"Markt-XXL talinu bunte Kinderwagenkette | Babyspielkette, Wagenkette, Kinderwagenspielzeug\" \/>\n<meta property=\"og:url\" content=\"https:\/\/marktxxl.de\/markt\/produkt\/talinu-bunte-kinderwagenkette-babyspielkette-wagenkette-kinderwagenspielzeug\/\" \/>\n<meta property=\"og:site_name\" content=\"Markt-XXL\" \/>\n<meta name=\"twitter:card\" content=\"summary_large_image\" \/>\n<meta name=\"twitter:label1\" content=\"Gesch\u00e4tzte Lesezeit\" \/>\n\t<meta name=\"twitter:data1\" content=\"1\u00a0Minute\" \/>\n<script type=\"application\/ld+json\" class=\"yoast-schema-graph\">{\"@context\":\"https:\\\/\\\/schema.org\",\"@graph\":[{\"@type\":\"WebPage\",\"@id\":\"https:\\\/\\\/marktxxl.de\\\/markt\\\/produkt\\\/talinu-bunte-kinderwagenkette-babyspielkette-wagenkette-kinderwagenspielzeug\\\/\",\"url\":\"https:\\\/\\\/marktxxl.de\\\/markt\\\/produkt\\\/talinu-bunte-kinderwagenkette-babyspielkette-wagenkette-kinderwagenspielzeug\\\/\",\"name\":\"talinu bunte Kinderwagenkette | Babyspielkette, Wagenkette, Kinderwagenspielzeug - Markt-XXL\",\"isPartOf\":{\"@id\":\"https:\\\/\\\/marktxxl.de\\\/markt\\\/#website\"},\"primaryImageOfPage\":{\"@id\":\"https:\\\/\\\/marktxxl.de\\\/markt\\\/produkt\\\/talinu-bunte-kinderwagenkette-babyspielkette-wagenkette-kinderwagenspielzeug\\\/#primaryimage\"},\"image\":{\"@id\":\"https:\\\/\\\/marktxxl.de\\\/markt\\\/produkt\\\/talinu-bunte-kinderwagenkette-babyspielkette-wagenkette-kinderwagenspielzeug\\\/#primaryimage\"},\"thumbnailUrl\":\"https:\\\/\\\/m.media-amazon.com\\\/images\\\/I\\\/410SN+eqLHL._SL500_.jpg\",\"datePublished\":\"2024-07-27T23:26:05+00:00\",\"description\":\"Markt-XXL talinu bunte Kinderwagenkette | Babyspielkette, Wagenkette, Kinderwagenspielzeug\",\"breadcrumb\":{\"@id\":\"https:\\\/\\\/marktxxl.de\\\/markt\\\/produkt\\\/talinu-bunte-kinderwagenkette-babyspielkette-wagenkette-kinderwagenspielzeug\\\/#breadcrumb\"},\"inLanguage\":\"de\",\"potentialAction\":[{\"@type\":\"ReadAction\",\"target\":[\"https:\\\/\\\/marktxxl.de\\\/markt\\\/produkt\\\/talinu-bunte-kinderwagenkette-babyspielkette-wagenkette-kinderwagenspielzeug\\\/\"]}]},{\"@type\":\"ImageObject\",\"inLanguage\":\"de\",\"@id\":\"https:\\\/\\\/marktxxl.de\\\/markt\\\/produkt\\\/talinu-bunte-kinderwagenkette-babyspielkette-wagenkette-kinderwagenspielzeug\\\/#primaryimage\",\"url\":\"https:\\\/\\\/m.media-amazon.com\\\/images\\\/I\\\/410SN+eqLHL._SL500_.jpg\",\"contentUrl\":\"https:\\\/\\\/m.media-amazon.com\\\/images\\\/I\\\/410SN+eqLHL._SL500_.jpg\",\"width\":500,\"height\":500},{\"@type\":\"BreadcrumbList\",\"@id\":\"https:\\\/\\\/marktxxl.de\\\/markt\\\/produkt\\\/talinu-bunte-kinderwagenkette-babyspielkette-wagenkette-kinderwagenspielzeug\\\/#breadcrumb\",\"itemListElement\":[{\"@type\":\"ListItem\",\"position\":1,\"name\":\"Startseite\",\"item\":\"https:\\\/\\\/marktxxl.de\\\/markt\\\/\"},{\"@type\":\"ListItem\",\"position\":2,\"name\":\"Markt\",\"item\":\"https:\\\/\\\/marktxxl.de\\\/markt\\\/\"},{\"@type\":\"ListItem\",\"position\":3,\"name\":\"talinu bunte Kinderwagenkette | Babyspielkette, Wagenkette, Kinderwagenspielzeug\"}]},{\"@type\":\"WebSite\",\"@id\":\"https:\\\/\\\/marktxxl.de\\\/markt\\\/#website\",\"url\":\"https:\\\/\\\/marktxxl.de\\\/markt\\\/\",\"name\":\"Markt-XXL\",\"description\":\"Ihr Markt Online\",\"publisher\":{\"@id\":\"https:\\\/\\\/marktxxl.de\\\/markt\\\/#organization\"},\"potentialAction\":[{\"@type\":\"SearchAction\",\"target\":{\"@type\":\"EntryPoint\",\"urlTemplate\":\"https:\\\/\\\/marktxxl.de\\\/markt\\\/?s={search_term_string}\"},\"query-input\":{\"@type\":\"PropertyValueSpecification\",\"valueRequired\":true,\"valueName\":\"search_term_string\"}}],\"inLanguage\":\"de\"},{\"@type\":\"Organization\",\"@id\":\"https:\\\/\\\/marktxxl.de\\\/markt\\\/#organization\",\"name\":\"Markt-XXL\",\"url\":\"https:\\\/\\\/marktxxl.de\\\/markt\\\/\",\"logo\":{\"@type\":\"ImageObject\",\"inLanguage\":\"de\",\"@id\":\"https:\\\/\\\/marktxxl.de\\\/markt\\\/#\\\/schema\\\/logo\\\/image\\\/\",\"url\":\"https:\\\/\\\/marktxxl.de\\\/markt\\\/wp-content\\\/uploads\\\/sites\\\/3\\\/2020\\\/12\\\/logo.png\",\"contentUrl\":\"https:\\\/\\\/marktxxl.de\\\/markt\\\/wp-content\\\/uploads\\\/sites\\\/3\\\/2020\\\/12\\\/logo.png\",\"width\":200,\"height\":70,\"caption\":\"Markt-XXL\"},\"image\":{\"@id\":\"https:\\\/\\\/marktxxl.de\\\/markt\\\/#\\\/schema\\\/logo\\\/image\\\/\"}}]}<\/script>\n<!-- \/ Yoast SEO plugin. -->","yoast_head_json":{"title":"talinu bunte Kinderwagenkette | Babyspielkette, Wagenkette, Kinderwagenspielzeug - Markt-XXL","description":"Markt-XXL talinu bunte Kinderwagenkette | Babyspielkette, Wagenkette, Kinderwagenspielzeug","robots":{"index":"index","follow":"follow","max-snippet":"max-snippet:-1","max-image-preview":"max-image-preview:large","max-video-preview":"max-video-preview:-1"},"canonical":"https:\/\/marktxxl.de\/markt\/produkt\/talinu-bunte-kinderwagenkette-babyspielkette-wagenkette-kinderwagenspielzeug\/","og_locale":"de_DE","og_type":"article","og_title":"talinu bunte Kinderwagenkette | Babyspielkette, Wagenkette, Kinderwagenspielzeug - Markt-XXL","og_description":"Markt-XXL talinu bunte Kinderwagenkette | Babyspielkette, Wagenkette, Kinderwagenspielzeug","og_url":"https:\/\/marktxxl.de\/markt\/produkt\/talinu-bunte-kinderwagenkette-babyspielkette-wagenkette-kinderwagenspielzeug\/","og_site_name":"Markt-XXL","twitter_card":"summary_large_image","twitter_misc":{"Gesch\u00e4tzte Lesezeit":"1\u00a0Minute"},"schema":{"@context":"https:\/\/schema.org","@graph":[{"@type":"WebPage","@id":"https:\/\/marktxxl.de\/markt\/produkt\/talinu-bunte-kinderwagenkette-babyspielkette-wagenkette-kinderwagenspielzeug\/","url":"https:\/\/marktxxl.de\/markt\/produkt\/talinu-bunte-kinderwagenkette-babyspielkette-wagenkette-kinderwagenspielzeug\/","name":"talinu bunte Kinderwagenkette | Babyspielkette, Wagenkette, Kinderwagenspielzeug - Markt-XXL","isPartOf":{"@id":"https:\/\/marktxxl.de\/markt\/#website"},"primaryImageOfPage":{"@id":"https:\/\/marktxxl.de\/markt\/produkt\/talinu-bunte-kinderwagenkette-babyspielkette-wagenkette-kinderwagenspielzeug\/#primaryimage"},"image":{"@id":"https:\/\/marktxxl.de\/markt\/produkt\/talinu-bunte-kinderwagenkette-babyspielkette-wagenkette-kinderwagenspielzeug\/#primaryimage"},"thumbnailUrl":"https:\/\/m.media-amazon.com\/images\/I\/410SN+eqLHL._SL500_.jpg","datePublished":"2024-07-27T23:26:05+00:00","description":"Markt-XXL talinu bunte Kinderwagenkette | Babyspielkette, Wagenkette, Kinderwagenspielzeug","breadcrumb":{"@id":"https:\/\/marktxxl.de\/markt\/produkt\/talinu-bunte-kinderwagenkette-babyspielkette-wagenkette-kinderwagenspielzeug\/#breadcrumb"},"inLanguage":"de","potentialAction":[{"@type":"ReadAction","target":["https:\/\/marktxxl.de\/markt\/produkt\/talinu-bunte-kinderwagenkette-babyspielkette-wagenkette-kinderwagenspielzeug\/"]}]},{"@type":"ImageObject","inLanguage":"de","@id":"https:\/\/marktxxl.de\/markt\/produkt\/talinu-bunte-kinderwagenkette-babyspielkette-wagenkette-kinderwagenspielzeug\/#primaryimage","url":"https:\/\/m.media-amazon.com\/images\/I\/410SN+eqLHL._SL500_.jpg","contentUrl":"https:\/\/m.media-amazon.com\/images\/I\/410SN+eqLHL._SL500_.jpg","width":500,"height":500},{"@type":"BreadcrumbList","@id":"https:\/\/marktxxl.de\/markt\/produkt\/talinu-bunte-kinderwagenkette-babyspielkette-wagenkette-kinderwagenspielzeug\/#breadcrumb","itemListElement":[{"@type":"ListItem","position":1,"name":"Startseite","item":"https:\/\/marktxxl.de\/markt\/"},{"@type":"ListItem","position":2,"name":"Markt","item":"https:\/\/marktxxl.de\/markt\/"},{"@type":"ListItem","position":3,"name":"talinu bunte Kinderwagenkette | Babyspielkette, Wagenkette, Kinderwagenspielzeug"}]},{"@type":"WebSite","@id":"https:\/\/marktxxl.de\/markt\/#website","url":"https:\/\/marktxxl.de\/markt\/","name":"Markt-XXL","description":"Ihr Markt Online","publisher":{"@id":"https:\/\/marktxxl.de\/markt\/#organization"},"potentialAction":[{"@type":"SearchAction","target":{"@type":"EntryPoint","urlTemplate":"https:\/\/marktxxl.de\/markt\/?s={search_term_string}"},"query-input":{"@type":"PropertyValueSpecification","valueRequired":true,"valueName":"search_term_string"}}],"inLanguage":"de"},{"@type":"Organization","@id":"https:\/\/marktxxl.de\/markt\/#organization","name":"Markt-XXL","url":"https:\/\/marktxxl.de\/markt\/","logo":{"@type":"ImageObject","inLanguage":"de","@id":"https:\/\/marktxxl.de\/markt\/#\/schema\/logo\/image\/","url":"https:\/\/marktxxl.de\/markt\/wp-content\/uploads\/sites\/3\/2020\/12\/logo.png","contentUrl":"https:\/\/marktxxl.de\/markt\/wp-content\/uploads\/sites\/3\/2020\/12\/logo.png","width":200,"height":70,"caption":"Markt-XXL"},"image":{"@id":"https:\/\/marktxxl.de\/markt\/#\/schema\/logo\/image\/"}}]}},"_links":{"self":[{"href":"https:\/\/marktxxl.de\/markt\/wp-json\/wp\/v2\/product\/216265","targetHints":{"allow":["GET"]}}],"collection":[{"href":"https:\/\/marktxxl.de\/markt\/wp-json\/wp\/v2\/product"}],"about":[{"href":"https:\/\/marktxxl.de\/markt\/wp-json\/wp\/v2\/types\/product"}],"replies":[{"embeddable":true,"href":"https:\/\/marktxxl.de\/markt\/wp-json\/wp\/v2\/comments?post=216265"}],"wp:featuredmedia":[{"embeddable":true,"href":"https:\/\/marktxxl.de\/markt\/wp-json\/wp\/v2\/media\/216266"}],"wp:attachment":[{"href":"https:\/\/marktxxl.de\/markt\/wp-json\/wp\/v2\/media?parent=216265"}],"wp:term":[{"taxonomy":"product_brand","embeddable":true,"href":"https:\/\/marktxxl.de\/markt\/wp-json\/wp\/v2\/product_brand?post=216265"},{"taxonomy":"product_cat","embeddable":true,"href":"https:\/\/marktxxl.de\/markt\/wp-json\/wp\/v2\/product_cat?post=216265"},{"taxonomy":"product_tag","embeddable":true,"href":"https:\/\/marktxxl.de\/markt\/wp-json\/wp\/v2\/product_tag?post=216265"}],"curies":[{"name":"wp","href":"https:\/\/api.w.org\/{rel}","templated":true}]}}