{"id":216236,"date":"2024-07-28T01:16:48","date_gmt":"2024-07-27T23:16:48","guid":{"rendered":"https:\/\/marktxxl.de\/markt\/produkt\/grosser-buggy-clip-2-stueck-168-cm-kinderwagen-clip-einkaufs-zubehoer-taschenhalter-haken-schwarz\/"},"modified":"2024-07-28T01:16:48","modified_gmt":"2024-07-27T23:16:48","slug":"grosser-buggy-clip-2-stueck-168-cm-kinderwagen-clip-einkaufs-zubehoer-taschenhalter-haken-schwarz","status":"publish","type":"product","link":"https:\/\/marktxxl.de\/markt\/produkt\/grosser-buggy-clip-2-stueck-168-cm-kinderwagen-clip-einkaufs-zubehoer-taschenhalter-haken-schwarz\/","title":{"rendered":"Gro\u00dfer Buggy-Clip, 2 St\u00fcck, 16,8 cm, Kinderwagen-Clip, Einkaufs-Zubeh\u00f6r, Taschenhalter, Haken, Schwarz"},"content":{"rendered":"<p>Hochwertiges Material: Die gro\u00dfen Kinderwagenhaken sind aus strapazierf\u00e4higer, leichter Aluminiumlegierung mit einem Schaumstoffgriff, um ein Verrutschen oder Verrutschen zu verhindern. Gr\u00f6\u00dfe: 16,8 x 9,9 cm, gr\u00f6\u00dfer als jeder andere Stil. Langlebig und h\u00e4lt ewig<br \/>\nTragbar: bis zu 30 kg. Zum Einkaufen, f\u00fcr Einkaufswagen, Kinderwagenhaken, Kinderwagen-Haken, geeignet zum Tragen von Einkaufstaschen, zum Verbinden von Taschen mit Gep\u00e4ck, Wandern, Camping, Reisen, zum Verbinden mehrerer Hundeleinen und mehr. Gehhilfen und Rollst\u00fchle sind auch einfach zu bedienen<br \/>\nLanglebiges D-f\u00f6rmiges Design: verf\u00fcgt \u00fcber Schwingt\u00fcren, die schnell und sicher mit verschiedenen Fixpunkten verbunden werden k\u00f6nnen, wodurch es einfach ist, wichtige Gegenst\u00e4nde an Rucks\u00e4cken oder G\u00fcrteln f\u00fcr eine lange Lebensdauer zu befestigen.<br \/>\n\u3010Humanisiertes Design\u3011Erhalten Sie freih\u00e4ndige Kontrolle auf Ihren Einkaufsreisen und Besorgungen, indem Sie alle Taschen an den Kinderwagenhaken h\u00e4ngen, anstatt mehrere Taschen zu halten. Jede Familie verdient es, einen zu haben.<br \/>\nWenn es irgendein Problem bei der Verwendung gibt, z\u00f6gern Sie nicht, uns zu kontaktieren, wir werden Ihnen helfen, so schnell wie m\u00f6glich zu l\u00f6sen, Ihnen einen zufriedenstellenden Service zu bieten, glauben Sie bitte, dass Funbliss Ihnen das beste Einkaufserlebnis bringen wird!<br \/>\n<div class=\"main-cross-sell\" data-asin=\"B07XZF341N\">\n\n\t<div class=\"WooZone-cross-sell-loader\">\n\t\t<div>\n\t\t\t<div id=\"floatingBarsG\">\n\t\t\t\t<div class=\"blockG\" id=\"rotateG_01\"><\/div>\n\t\t\t\t<div class=\"blockG\" id=\"rotateG_02\"><\/div>\n\t\t\t\t<div class=\"blockG\" id=\"rotateG_03\"><\/div>\n\t\t\t\t<div class=\"blockG\" id=\"rotateG_04\"><\/div>\n\t\t\t\t<div class=\"blockG\" id=\"rotateG_05\"><\/div>\n\t\t\t\t<div class=\"blockG\" id=\"rotateG_06\"><\/div>\n\t\t\t\t<div class=\"blockG\" id=\"rotateG_07\"><\/div>\n\t\t\t\t<div class=\"blockG\" id=\"rotateG_08\"><\/div>\n\t\t\t<\/div>\n\t\t\t<div class=\"WooZone-cross-sell-loader-text\"><\/div>\n\t\t<\/div>\n\t<\/div>\n\n\t\t\n<\/div>\n<div style=\"clear:both;\"><\/div><\/p>\n","protected":false},"excerpt":{"rendered":"<p>Hochwertiges Material: Die gro\u00dfen Kinderwagenhaken sind aus strapazierf\u00e4higer, leichter Aluminiumlegierung mit einem Schaumstoffgriff, um ein Verrutschen oder Verrutschen zu verhindern. Gr\u00f6\u00dfe: 16,8 x 9,9 cm, gr\u00f6\u00dfer als jeder andere Stil. Langlebig und h\u00e4lt ewig<br \/>\nTragbar: bis zu 30 kg. Zum Einkaufen, f\u00fcr Einkaufswagen, Kinderwagenhaken, Kinderwagen-Haken, geeignet zum Tragen von Einkaufstaschen, zum Verbinden von Taschen mit Gep\u00e4ck, Wandern, Camping, Reisen, zum Verbinden mehrerer Hundeleinen und mehr. Gehhilfen und Rollst\u00fchle sind auch einfach zu bedienen<br \/>\nLanglebiges D-f\u00f6rmiges Design: verf\u00fcgt \u00fcber Schwingt\u00fcren, die schnell und sicher mit verschiedenen Fixpunkten verbunden werden k\u00f6nnen, wodurch es einfach ist, wichtige Gegenst\u00e4nde an Rucks\u00e4cken oder G\u00fcrteln f\u00fcr eine lange Lebensdauer zu befestigen.<\/p>\n","protected":false},"featured_media":216237,"comment_status":"open","ping_status":"closed","template":"","meta":[],"product_brand":[],"product_cat":[21,9329],"product_tag":[],"class_list":{"0":"post-216236","1":"product","2":"type-product","3":"status-publish","4":"has-post-thumbnail","6":"product_cat-baby","7":"product_cat-kinderwagen-buggys-zubehoer-baby","8":"pa_binding-babyartikel","9":"pa_brand-funbliss","10":"pa_color-schwarz","11":"pa_manufacturer-hg-department-store","12":"pa_size-l-pack-of-1","14":"first","15":"instock","16":"shipping-taxable","17":"purchasable","18":"product-type-simple","19":"customify-col","20":"product-has-gallery"},"yoast_head":"<!-- This site is optimized with the Yoast SEO plugin v27.3 - https:\/\/yoast.com\/product\/yoast-seo-wordpress\/ -->\n<title>Gro\u00dfer Buggy-Clip, 2 St\u00fcck, 16,8 cm, Kinderwagen-Clip, Einkaufs-Zubeh\u00f6r, Taschenhalter, Haken, Schwarz - Markt-XXL<\/title>\n<meta name=\"description\" content=\"Markt-XXL Gro\u00dfer Buggy-Clip, 2 St\u00fcck, 16,8 cm, Kinderwagen-Clip, Einkaufs-Zubeh\u00f6r, Taschenhalter, Haken, Schwarz\" \/>\n<meta name=\"robots\" content=\"index, follow, max-snippet:-1, max-image-preview:large, max-video-preview:-1\" \/>\n<link rel=\"canonical\" href=\"https:\/\/marktxxl.de\/markt\/produkt\/grosser-buggy-clip-2-stueck-168-cm-kinderwagen-clip-einkaufs-zubehoer-taschenhalter-haken-schwarz\/\" \/>\n<meta property=\"og:locale\" content=\"de_DE\" \/>\n<meta property=\"og:type\" content=\"article\" \/>\n<meta property=\"og:title\" content=\"Gro\u00dfer Buggy-Clip, 2 St\u00fcck, 16,8 cm, Kinderwagen-Clip, Einkaufs-Zubeh\u00f6r, Taschenhalter, Haken, Schwarz - Markt-XXL\" \/>\n<meta property=\"og:description\" content=\"Markt-XXL Gro\u00dfer Buggy-Clip, 2 St\u00fcck, 16,8 cm, Kinderwagen-Clip, Einkaufs-Zubeh\u00f6r, Taschenhalter, Haken, Schwarz\" \/>\n<meta property=\"og:url\" content=\"https:\/\/marktxxl.de\/markt\/produkt\/grosser-buggy-clip-2-stueck-168-cm-kinderwagen-clip-einkaufs-zubehoer-taschenhalter-haken-schwarz\/\" \/>\n<meta property=\"og:site_name\" content=\"Markt-XXL\" \/>\n<meta name=\"twitter:card\" content=\"summary_large_image\" \/>\n<meta name=\"twitter:label1\" content=\"Gesch\u00e4tzte Lesezeit\" \/>\n\t<meta name=\"twitter:data1\" content=\"1\u00a0Minute\" \/>\n<script type=\"application\/ld+json\" class=\"yoast-schema-graph\">{\"@context\":\"https:\\\/\\\/schema.org\",\"@graph\":[{\"@type\":\"WebPage\",\"@id\":\"https:\\\/\\\/marktxxl.de\\\/markt\\\/produkt\\\/grosser-buggy-clip-2-stueck-168-cm-kinderwagen-clip-einkaufs-zubehoer-taschenhalter-haken-schwarz\\\/\",\"url\":\"https:\\\/\\\/marktxxl.de\\\/markt\\\/produkt\\\/grosser-buggy-clip-2-stueck-168-cm-kinderwagen-clip-einkaufs-zubehoer-taschenhalter-haken-schwarz\\\/\",\"name\":\"Gro\u00dfer Buggy-Clip, 2 St\u00fcck, 16,8 cm, Kinderwagen-Clip, Einkaufs-Zubeh\u00f6r, Taschenhalter, Haken, Schwarz - Markt-XXL\",\"isPartOf\":{\"@id\":\"https:\\\/\\\/marktxxl.de\\\/markt\\\/#website\"},\"primaryImageOfPage\":{\"@id\":\"https:\\\/\\\/marktxxl.de\\\/markt\\\/produkt\\\/grosser-buggy-clip-2-stueck-168-cm-kinderwagen-clip-einkaufs-zubehoer-taschenhalter-haken-schwarz\\\/#primaryimage\"},\"image\":{\"@id\":\"https:\\\/\\\/marktxxl.de\\\/markt\\\/produkt\\\/grosser-buggy-clip-2-stueck-168-cm-kinderwagen-clip-einkaufs-zubehoer-taschenhalter-haken-schwarz\\\/#primaryimage\"},\"thumbnailUrl\":\"https:\\\/\\\/m.media-amazon.com\\\/images\\\/I\\\/41kVQdJ13kL._SL500_.jpg\",\"datePublished\":\"2024-07-27T23:16:48+00:00\",\"description\":\"Markt-XXL Gro\u00dfer Buggy-Clip, 2 St\u00fcck, 16,8 cm, Kinderwagen-Clip, Einkaufs-Zubeh\u00f6r, Taschenhalter, Haken, Schwarz\",\"breadcrumb\":{\"@id\":\"https:\\\/\\\/marktxxl.de\\\/markt\\\/produkt\\\/grosser-buggy-clip-2-stueck-168-cm-kinderwagen-clip-einkaufs-zubehoer-taschenhalter-haken-schwarz\\\/#breadcrumb\"},\"inLanguage\":\"de\",\"potentialAction\":[{\"@type\":\"ReadAction\",\"target\":[\"https:\\\/\\\/marktxxl.de\\\/markt\\\/produkt\\\/grosser-buggy-clip-2-stueck-168-cm-kinderwagen-clip-einkaufs-zubehoer-taschenhalter-haken-schwarz\\\/\"]}]},{\"@type\":\"ImageObject\",\"inLanguage\":\"de\",\"@id\":\"https:\\\/\\\/marktxxl.de\\\/markt\\\/produkt\\\/grosser-buggy-clip-2-stueck-168-cm-kinderwagen-clip-einkaufs-zubehoer-taschenhalter-haken-schwarz\\\/#primaryimage\",\"url\":\"https:\\\/\\\/m.media-amazon.com\\\/images\\\/I\\\/41kVQdJ13kL._SL500_.jpg\",\"contentUrl\":\"https:\\\/\\\/m.media-amazon.com\\\/images\\\/I\\\/41kVQdJ13kL._SL500_.jpg\",\"width\":500,\"height\":500},{\"@type\":\"BreadcrumbList\",\"@id\":\"https:\\\/\\\/marktxxl.de\\\/markt\\\/produkt\\\/grosser-buggy-clip-2-stueck-168-cm-kinderwagen-clip-einkaufs-zubehoer-taschenhalter-haken-schwarz\\\/#breadcrumb\",\"itemListElement\":[{\"@type\":\"ListItem\",\"position\":1,\"name\":\"Startseite\",\"item\":\"https:\\\/\\\/marktxxl.de\\\/markt\\\/\"},{\"@type\":\"ListItem\",\"position\":2,\"name\":\"Markt\",\"item\":\"https:\\\/\\\/marktxxl.de\\\/markt\\\/\"},{\"@type\":\"ListItem\",\"position\":3,\"name\":\"Gro\u00dfer Buggy-Clip, 2 St\u00fcck, 16,8 cm, Kinderwagen-Clip, Einkaufs-Zubeh\u00f6r, Taschenhalter, Haken, Schwarz\"}]},{\"@type\":\"WebSite\",\"@id\":\"https:\\\/\\\/marktxxl.de\\\/markt\\\/#website\",\"url\":\"https:\\\/\\\/marktxxl.de\\\/markt\\\/\",\"name\":\"Markt-XXL\",\"description\":\"Ihr Markt Online\",\"publisher\":{\"@id\":\"https:\\\/\\\/marktxxl.de\\\/markt\\\/#organization\"},\"potentialAction\":[{\"@type\":\"SearchAction\",\"target\":{\"@type\":\"EntryPoint\",\"urlTemplate\":\"https:\\\/\\\/marktxxl.de\\\/markt\\\/?s={search_term_string}\"},\"query-input\":{\"@type\":\"PropertyValueSpecification\",\"valueRequired\":true,\"valueName\":\"search_term_string\"}}],\"inLanguage\":\"de\"},{\"@type\":\"Organization\",\"@id\":\"https:\\\/\\\/marktxxl.de\\\/markt\\\/#organization\",\"name\":\"Markt-XXL\",\"url\":\"https:\\\/\\\/marktxxl.de\\\/markt\\\/\",\"logo\":{\"@type\":\"ImageObject\",\"inLanguage\":\"de\",\"@id\":\"https:\\\/\\\/marktxxl.de\\\/markt\\\/#\\\/schema\\\/logo\\\/image\\\/\",\"url\":\"https:\\\/\\\/marktxxl.de\\\/markt\\\/wp-content\\\/uploads\\\/sites\\\/3\\\/2020\\\/12\\\/logo.png\",\"contentUrl\":\"https:\\\/\\\/marktxxl.de\\\/markt\\\/wp-content\\\/uploads\\\/sites\\\/3\\\/2020\\\/12\\\/logo.png\",\"width\":200,\"height\":70,\"caption\":\"Markt-XXL\"},\"image\":{\"@id\":\"https:\\\/\\\/marktxxl.de\\\/markt\\\/#\\\/schema\\\/logo\\\/image\\\/\"}}]}<\/script>\n<!-- \/ Yoast SEO plugin. -->","yoast_head_json":{"title":"Gro\u00dfer Buggy-Clip, 2 St\u00fcck, 16,8 cm, Kinderwagen-Clip, Einkaufs-Zubeh\u00f6r, Taschenhalter, Haken, Schwarz - Markt-XXL","description":"Markt-XXL Gro\u00dfer Buggy-Clip, 2 St\u00fcck, 16,8 cm, Kinderwagen-Clip, Einkaufs-Zubeh\u00f6r, Taschenhalter, Haken, Schwarz","robots":{"index":"index","follow":"follow","max-snippet":"max-snippet:-1","max-image-preview":"max-image-preview:large","max-video-preview":"max-video-preview:-1"},"canonical":"https:\/\/marktxxl.de\/markt\/produkt\/grosser-buggy-clip-2-stueck-168-cm-kinderwagen-clip-einkaufs-zubehoer-taschenhalter-haken-schwarz\/","og_locale":"de_DE","og_type":"article","og_title":"Gro\u00dfer Buggy-Clip, 2 St\u00fcck, 16,8 cm, Kinderwagen-Clip, Einkaufs-Zubeh\u00f6r, Taschenhalter, Haken, Schwarz - Markt-XXL","og_description":"Markt-XXL Gro\u00dfer Buggy-Clip, 2 St\u00fcck, 16,8 cm, Kinderwagen-Clip, Einkaufs-Zubeh\u00f6r, Taschenhalter, Haken, Schwarz","og_url":"https:\/\/marktxxl.de\/markt\/produkt\/grosser-buggy-clip-2-stueck-168-cm-kinderwagen-clip-einkaufs-zubehoer-taschenhalter-haken-schwarz\/","og_site_name":"Markt-XXL","twitter_card":"summary_large_image","twitter_misc":{"Gesch\u00e4tzte Lesezeit":"1\u00a0Minute"},"schema":{"@context":"https:\/\/schema.org","@graph":[{"@type":"WebPage","@id":"https:\/\/marktxxl.de\/markt\/produkt\/grosser-buggy-clip-2-stueck-168-cm-kinderwagen-clip-einkaufs-zubehoer-taschenhalter-haken-schwarz\/","url":"https:\/\/marktxxl.de\/markt\/produkt\/grosser-buggy-clip-2-stueck-168-cm-kinderwagen-clip-einkaufs-zubehoer-taschenhalter-haken-schwarz\/","name":"Gro\u00dfer Buggy-Clip, 2 St\u00fcck, 16,8 cm, Kinderwagen-Clip, Einkaufs-Zubeh\u00f6r, Taschenhalter, Haken, Schwarz - Markt-XXL","isPartOf":{"@id":"https:\/\/marktxxl.de\/markt\/#website"},"primaryImageOfPage":{"@id":"https:\/\/marktxxl.de\/markt\/produkt\/grosser-buggy-clip-2-stueck-168-cm-kinderwagen-clip-einkaufs-zubehoer-taschenhalter-haken-schwarz\/#primaryimage"},"image":{"@id":"https:\/\/marktxxl.de\/markt\/produkt\/grosser-buggy-clip-2-stueck-168-cm-kinderwagen-clip-einkaufs-zubehoer-taschenhalter-haken-schwarz\/#primaryimage"},"thumbnailUrl":"https:\/\/m.media-amazon.com\/images\/I\/41kVQdJ13kL._SL500_.jpg","datePublished":"2024-07-27T23:16:48+00:00","description":"Markt-XXL Gro\u00dfer Buggy-Clip, 2 St\u00fcck, 16,8 cm, Kinderwagen-Clip, Einkaufs-Zubeh\u00f6r, Taschenhalter, Haken, Schwarz","breadcrumb":{"@id":"https:\/\/marktxxl.de\/markt\/produkt\/grosser-buggy-clip-2-stueck-168-cm-kinderwagen-clip-einkaufs-zubehoer-taschenhalter-haken-schwarz\/#breadcrumb"},"inLanguage":"de","potentialAction":[{"@type":"ReadAction","target":["https:\/\/marktxxl.de\/markt\/produkt\/grosser-buggy-clip-2-stueck-168-cm-kinderwagen-clip-einkaufs-zubehoer-taschenhalter-haken-schwarz\/"]}]},{"@type":"ImageObject","inLanguage":"de","@id":"https:\/\/marktxxl.de\/markt\/produkt\/grosser-buggy-clip-2-stueck-168-cm-kinderwagen-clip-einkaufs-zubehoer-taschenhalter-haken-schwarz\/#primaryimage","url":"https:\/\/m.media-amazon.com\/images\/I\/41kVQdJ13kL._SL500_.jpg","contentUrl":"https:\/\/m.media-amazon.com\/images\/I\/41kVQdJ13kL._SL500_.jpg","width":500,"height":500},{"@type":"BreadcrumbList","@id":"https:\/\/marktxxl.de\/markt\/produkt\/grosser-buggy-clip-2-stueck-168-cm-kinderwagen-clip-einkaufs-zubehoer-taschenhalter-haken-schwarz\/#breadcrumb","itemListElement":[{"@type":"ListItem","position":1,"name":"Startseite","item":"https:\/\/marktxxl.de\/markt\/"},{"@type":"ListItem","position":2,"name":"Markt","item":"https:\/\/marktxxl.de\/markt\/"},{"@type":"ListItem","position":3,"name":"Gro\u00dfer Buggy-Clip, 2 St\u00fcck, 16,8 cm, Kinderwagen-Clip, Einkaufs-Zubeh\u00f6r, Taschenhalter, Haken, Schwarz"}]},{"@type":"WebSite","@id":"https:\/\/marktxxl.de\/markt\/#website","url":"https:\/\/marktxxl.de\/markt\/","name":"Markt-XXL","description":"Ihr Markt Online","publisher":{"@id":"https:\/\/marktxxl.de\/markt\/#organization"},"potentialAction":[{"@type":"SearchAction","target":{"@type":"EntryPoint","urlTemplate":"https:\/\/marktxxl.de\/markt\/?s={search_term_string}"},"query-input":{"@type":"PropertyValueSpecification","valueRequired":true,"valueName":"search_term_string"}}],"inLanguage":"de"},{"@type":"Organization","@id":"https:\/\/marktxxl.de\/markt\/#organization","name":"Markt-XXL","url":"https:\/\/marktxxl.de\/markt\/","logo":{"@type":"ImageObject","inLanguage":"de","@id":"https:\/\/marktxxl.de\/markt\/#\/schema\/logo\/image\/","url":"https:\/\/marktxxl.de\/markt\/wp-content\/uploads\/sites\/3\/2020\/12\/logo.png","contentUrl":"https:\/\/marktxxl.de\/markt\/wp-content\/uploads\/sites\/3\/2020\/12\/logo.png","width":200,"height":70,"caption":"Markt-XXL"},"image":{"@id":"https:\/\/marktxxl.de\/markt\/#\/schema\/logo\/image\/"}}]}},"_links":{"self":[{"href":"https:\/\/marktxxl.de\/markt\/wp-json\/wp\/v2\/product\/216236","targetHints":{"allow":["GET"]}}],"collection":[{"href":"https:\/\/marktxxl.de\/markt\/wp-json\/wp\/v2\/product"}],"about":[{"href":"https:\/\/marktxxl.de\/markt\/wp-json\/wp\/v2\/types\/product"}],"replies":[{"embeddable":true,"href":"https:\/\/marktxxl.de\/markt\/wp-json\/wp\/v2\/comments?post=216236"}],"wp:featuredmedia":[{"embeddable":true,"href":"https:\/\/marktxxl.de\/markt\/wp-json\/wp\/v2\/media\/216237"}],"wp:attachment":[{"href":"https:\/\/marktxxl.de\/markt\/wp-json\/wp\/v2\/media?parent=216236"}],"wp:term":[{"taxonomy":"product_brand","embeddable":true,"href":"https:\/\/marktxxl.de\/markt\/wp-json\/wp\/v2\/product_brand?post=216236"},{"taxonomy":"product_cat","embeddable":true,"href":"https:\/\/marktxxl.de\/markt\/wp-json\/wp\/v2\/product_cat?post=216236"},{"taxonomy":"product_tag","embeddable":true,"href":"https:\/\/marktxxl.de\/markt\/wp-json\/wp\/v2\/product_tag?post=216236"}],"curies":[{"name":"wp","href":"https:\/\/api.w.org\/{rel}","templated":true}]}}