{"id":216221,"date":"2024-07-28T01:16:35","date_gmt":"2024-07-27T23:16:35","guid":{"rendered":"https:\/\/marktxxl.de\/markt\/produkt\/fairy-baby-baby-fusssack-kinderwagen-universal-wintersack-kinderwagen-fusssack-babyschale\/"},"modified":"2024-07-28T01:16:35","modified_gmt":"2024-07-27T23:16:35","slug":"fairy-baby-baby-fusssack-kinderwagen-universal-wintersack-kinderwagen-fusssack-babyschale","status":"publish","type":"product","link":"https:\/\/marktxxl.de\/markt\/produkt\/fairy-baby-baby-fusssack-kinderwagen-universal-wintersack-kinderwagen-fusssack-babyschale\/","title":{"rendered":"Fairy Baby Baby Fusssack Kinderwagen Universal Wintersack Kinderwagen Fu\u00dfsack Babyschale"},"content":{"rendered":"<p>\u3010Weich und warm\u3011Das dicke doppelseitige Korallenfleece-Futter und die winddichte Kapuze mit Kordelzug halten Ihr Baby auch an kalten Wintertagen bequem und warm. Das Au\u00dfenmaterial ist nicht nur winddicht, sondern auch wasserdicht, so dass die Kinder vor extremen Wetterbedingungen gesch\u00fctzt sind.<br \/>\n\u3010Universeller Baby-Fu\u00dfsack\u3011 Dieser kuschelige Fu\u00dfsack f\u00fcr Kleinkinder ist so konzipiert, dass er auf die meisten Kinderwagen, Buggys, Babytragetaschen und Autositze passt. Erh\u00e4ltlich in zwei Gr\u00f6\u00dfen, klein ist 82cm und gro\u00df ist 102cm. Erh\u00e4ltlich in zwei Gr\u00f6\u00dfen, klein ist 82cm in der L\u00e4nge und gro\u00df ist 102cm in der L\u00e4nge.<br \/>\n\u3010Unique design\u30113-In-1 DESIGN\uff1aFu\u00dfsack, Schlafsack, Baumwollkissen, 3 in 1 Funktion. Geeignet f\u00fcr Innen und Au\u00dfen. Vier Rei\u00dfverschl\u00fcsse, nicht nur ist es einfach, Windeln zu wechseln, aber der Boden zieht sich heraus, um schlammige Schuhe zu offenbaren, einfach zu installieren und zu entfernen.<br \/>\n\u3010Perfektes Geschenk f\u00fcr Baby\u3011: Dieser Kinderwagenfu\u00dfmff kann an Babys von Freunden und Familie verschenkt werden. Erh\u00e4ltlich in drei Farben, schwarz, grau und dunkelblau. H\u00e4lt sie auch bei kaltem Wetter warm.<br \/>\n\u3010After-sales Guarantee\u3011. Wenn Sie irgendwelche Fragen haben, kontaktieren Sie uns bitte so schnell wie m\u00f6glich, und wir werden Ihnen eine zufriedenstellende Antwort geben.<br \/>\n<div class=\"main-cross-sell\" data-asin=\"B0CBS8RL9Z\">\n\n\t<div class=\"WooZone-cross-sell-loader\">\n\t\t<div>\n\t\t\t<div id=\"floatingBarsG\">\n\t\t\t\t<div class=\"blockG\" id=\"rotateG_01\"><\/div>\n\t\t\t\t<div class=\"blockG\" id=\"rotateG_02\"><\/div>\n\t\t\t\t<div class=\"blockG\" id=\"rotateG_03\"><\/div>\n\t\t\t\t<div class=\"blockG\" id=\"rotateG_04\"><\/div>\n\t\t\t\t<div class=\"blockG\" id=\"rotateG_05\"><\/div>\n\t\t\t\t<div class=\"blockG\" id=\"rotateG_06\"><\/div>\n\t\t\t\t<div class=\"blockG\" id=\"rotateG_07\"><\/div>\n\t\t\t\t<div class=\"blockG\" id=\"rotateG_08\"><\/div>\n\t\t\t<\/div>\n\t\t\t<div class=\"WooZone-cross-sell-loader-text\"><\/div>\n\t\t<\/div>\n\t<\/div>\n\n\t\t\n<\/div>\n<div style=\"clear:both;\"><\/div><\/p>\n","protected":false},"excerpt":{"rendered":"<p>\u3010Weich und warm\u3011Das dicke doppelseitige Korallenfleece-Futter und die winddichte Kapuze mit Kordelzug halten Ihr Baby auch an kalten Wintertagen bequem und warm. Das Au\u00dfenmaterial ist nicht nur winddicht, sondern auch wasserdicht, so dass die Kinder vor extremen Wetterbedingungen gesch\u00fctzt sind.<br \/>\n\u3010Universeller Baby-Fu\u00dfsack\u3011 Dieser kuschelige Fu\u00dfsack f\u00fcr Kleinkinder ist so konzipiert, dass er auf die meisten Kinderwagen, Buggys, Babytragetaschen und Autositze passt. Erh\u00e4ltlich in zwei Gr\u00f6\u00dfen, klein ist 82cm und gro\u00df ist 102cm. Erh\u00e4ltlich in zwei Gr\u00f6\u00dfen, klein ist 82cm in der L\u00e4nge und gro\u00df ist 102cm in der L\u00e4nge.<br \/>\n\u3010Unique design\u30113-In-1 DESIGN\uff1aFu\u00dfsack, Schlafsack, Baumwollkissen, 3 in 1 Funktion. Geeignet f\u00fcr Innen und Au\u00dfen. Vier Rei\u00dfverschl\u00fcsse, nicht nur ist es einfach, Windeln zu wechseln, aber der Boden zieht sich heraus, um schlammige Schuhe zu offenbaren, einfach zu installieren und zu entfernen.<\/p>\n","protected":false},"featured_media":216222,"comment_status":"open","ping_status":"closed","template":"","meta":[],"product_brand":[],"product_cat":[21,9329],"product_tag":[],"class_list":{"0":"post-216221","1":"product","2":"type-product","3":"status-publish","4":"has-post-thumbnail","6":"product_cat-baby","7":"product_cat-kinderwagen-buggys-zubehoer-baby","8":"pa_binding-babyartikel","9":"pa_brand-fairy-baby","10":"pa_manufacturer-fairy-baby","12":"first","13":"instock","14":"shipping-taxable","15":"product-type-simple","16":"customify-col","17":"product-has-gallery"},"yoast_head":"<!-- This site is optimized with the Yoast SEO plugin v27.3 - https:\/\/yoast.com\/product\/yoast-seo-wordpress\/ -->\n<title>Fairy Baby Baby Fusssack Kinderwagen Universal Wintersack Kinderwagen Fu\u00dfsack Babyschale - Markt-XXL<\/title>\n<meta name=\"description\" content=\"Markt-XXL Fairy Baby Baby Fusssack Kinderwagen Universal Wintersack Kinderwagen Fu\u00dfsack Babyschale\" \/>\n<meta name=\"robots\" content=\"index, follow, max-snippet:-1, max-image-preview:large, max-video-preview:-1\" \/>\n<link rel=\"canonical\" href=\"https:\/\/marktxxl.de\/markt\/produkt\/fairy-baby-baby-fusssack-kinderwagen-universal-wintersack-kinderwagen-fusssack-babyschale\/\" \/>\n<meta property=\"og:locale\" content=\"de_DE\" \/>\n<meta property=\"og:type\" content=\"article\" \/>\n<meta property=\"og:title\" content=\"Fairy Baby Baby Fusssack Kinderwagen Universal Wintersack Kinderwagen Fu\u00dfsack Babyschale - Markt-XXL\" \/>\n<meta property=\"og:description\" content=\"Markt-XXL Fairy Baby Baby Fusssack Kinderwagen Universal Wintersack Kinderwagen Fu\u00dfsack Babyschale\" \/>\n<meta property=\"og:url\" content=\"https:\/\/marktxxl.de\/markt\/produkt\/fairy-baby-baby-fusssack-kinderwagen-universal-wintersack-kinderwagen-fusssack-babyschale\/\" \/>\n<meta property=\"og:site_name\" content=\"Markt-XXL\" \/>\n<meta name=\"twitter:card\" content=\"summary_large_image\" \/>\n<meta name=\"twitter:label1\" content=\"Gesch\u00e4tzte Lesezeit\" \/>\n\t<meta name=\"twitter:data1\" content=\"1\u00a0Minute\" \/>\n<script type=\"application\/ld+json\" class=\"yoast-schema-graph\">{\"@context\":\"https:\\\/\\\/schema.org\",\"@graph\":[{\"@type\":\"WebPage\",\"@id\":\"https:\\\/\\\/marktxxl.de\\\/markt\\\/produkt\\\/fairy-baby-baby-fusssack-kinderwagen-universal-wintersack-kinderwagen-fusssack-babyschale\\\/\",\"url\":\"https:\\\/\\\/marktxxl.de\\\/markt\\\/produkt\\\/fairy-baby-baby-fusssack-kinderwagen-universal-wintersack-kinderwagen-fusssack-babyschale\\\/\",\"name\":\"Fairy Baby Baby Fusssack Kinderwagen Universal Wintersack Kinderwagen Fu\u00dfsack Babyschale - Markt-XXL\",\"isPartOf\":{\"@id\":\"https:\\\/\\\/marktxxl.de\\\/markt\\\/#website\"},\"primaryImageOfPage\":{\"@id\":\"https:\\\/\\\/marktxxl.de\\\/markt\\\/produkt\\\/fairy-baby-baby-fusssack-kinderwagen-universal-wintersack-kinderwagen-fusssack-babyschale\\\/#primaryimage\"},\"image\":{\"@id\":\"https:\\\/\\\/marktxxl.de\\\/markt\\\/produkt\\\/fairy-baby-baby-fusssack-kinderwagen-universal-wintersack-kinderwagen-fusssack-babyschale\\\/#primaryimage\"},\"thumbnailUrl\":\"https:\\\/\\\/m.media-amazon.com\\\/images\\\/I\\\/51wq46P3o7L._SL500_.jpg\",\"datePublished\":\"2024-07-27T23:16:35+00:00\",\"description\":\"Markt-XXL Fairy Baby Baby Fusssack Kinderwagen Universal Wintersack Kinderwagen Fu\u00dfsack Babyschale\",\"breadcrumb\":{\"@id\":\"https:\\\/\\\/marktxxl.de\\\/markt\\\/produkt\\\/fairy-baby-baby-fusssack-kinderwagen-universal-wintersack-kinderwagen-fusssack-babyschale\\\/#breadcrumb\"},\"inLanguage\":\"de\",\"potentialAction\":[{\"@type\":\"ReadAction\",\"target\":[\"https:\\\/\\\/marktxxl.de\\\/markt\\\/produkt\\\/fairy-baby-baby-fusssack-kinderwagen-universal-wintersack-kinderwagen-fusssack-babyschale\\\/\"]}]},{\"@type\":\"ImageObject\",\"inLanguage\":\"de\",\"@id\":\"https:\\\/\\\/marktxxl.de\\\/markt\\\/produkt\\\/fairy-baby-baby-fusssack-kinderwagen-universal-wintersack-kinderwagen-fusssack-babyschale\\\/#primaryimage\",\"url\":\"https:\\\/\\\/m.media-amazon.com\\\/images\\\/I\\\/51wq46P3o7L._SL500_.jpg\",\"contentUrl\":\"https:\\\/\\\/m.media-amazon.com\\\/images\\\/I\\\/51wq46P3o7L._SL500_.jpg\",\"width\":500,\"height\":500},{\"@type\":\"BreadcrumbList\",\"@id\":\"https:\\\/\\\/marktxxl.de\\\/markt\\\/produkt\\\/fairy-baby-baby-fusssack-kinderwagen-universal-wintersack-kinderwagen-fusssack-babyschale\\\/#breadcrumb\",\"itemListElement\":[{\"@type\":\"ListItem\",\"position\":1,\"name\":\"Startseite\",\"item\":\"https:\\\/\\\/marktxxl.de\\\/markt\\\/\"},{\"@type\":\"ListItem\",\"position\":2,\"name\":\"Markt\",\"item\":\"https:\\\/\\\/marktxxl.de\\\/markt\\\/\"},{\"@type\":\"ListItem\",\"position\":3,\"name\":\"Fairy Baby Baby Fusssack Kinderwagen Universal Wintersack Kinderwagen Fu\u00dfsack Babyschale\"}]},{\"@type\":\"WebSite\",\"@id\":\"https:\\\/\\\/marktxxl.de\\\/markt\\\/#website\",\"url\":\"https:\\\/\\\/marktxxl.de\\\/markt\\\/\",\"name\":\"Markt-XXL\",\"description\":\"Ihr Markt Online\",\"publisher\":{\"@id\":\"https:\\\/\\\/marktxxl.de\\\/markt\\\/#organization\"},\"potentialAction\":[{\"@type\":\"SearchAction\",\"target\":{\"@type\":\"EntryPoint\",\"urlTemplate\":\"https:\\\/\\\/marktxxl.de\\\/markt\\\/?s={search_term_string}\"},\"query-input\":{\"@type\":\"PropertyValueSpecification\",\"valueRequired\":true,\"valueName\":\"search_term_string\"}}],\"inLanguage\":\"de\"},{\"@type\":\"Organization\",\"@id\":\"https:\\\/\\\/marktxxl.de\\\/markt\\\/#organization\",\"name\":\"Markt-XXL\",\"url\":\"https:\\\/\\\/marktxxl.de\\\/markt\\\/\",\"logo\":{\"@type\":\"ImageObject\",\"inLanguage\":\"de\",\"@id\":\"https:\\\/\\\/marktxxl.de\\\/markt\\\/#\\\/schema\\\/logo\\\/image\\\/\",\"url\":\"https:\\\/\\\/marktxxl.de\\\/markt\\\/wp-content\\\/uploads\\\/sites\\\/3\\\/2020\\\/12\\\/logo.png\",\"contentUrl\":\"https:\\\/\\\/marktxxl.de\\\/markt\\\/wp-content\\\/uploads\\\/sites\\\/3\\\/2020\\\/12\\\/logo.png\",\"width\":200,\"height\":70,\"caption\":\"Markt-XXL\"},\"image\":{\"@id\":\"https:\\\/\\\/marktxxl.de\\\/markt\\\/#\\\/schema\\\/logo\\\/image\\\/\"}}]}<\/script>\n<!-- \/ Yoast SEO plugin. -->","yoast_head_json":{"title":"Fairy Baby Baby Fusssack Kinderwagen Universal Wintersack Kinderwagen Fu\u00dfsack Babyschale - Markt-XXL","description":"Markt-XXL Fairy Baby Baby Fusssack Kinderwagen Universal Wintersack Kinderwagen Fu\u00dfsack Babyschale","robots":{"index":"index","follow":"follow","max-snippet":"max-snippet:-1","max-image-preview":"max-image-preview:large","max-video-preview":"max-video-preview:-1"},"canonical":"https:\/\/marktxxl.de\/markt\/produkt\/fairy-baby-baby-fusssack-kinderwagen-universal-wintersack-kinderwagen-fusssack-babyschale\/","og_locale":"de_DE","og_type":"article","og_title":"Fairy Baby Baby Fusssack Kinderwagen Universal Wintersack Kinderwagen Fu\u00dfsack Babyschale - Markt-XXL","og_description":"Markt-XXL Fairy Baby Baby Fusssack Kinderwagen Universal Wintersack Kinderwagen Fu\u00dfsack Babyschale","og_url":"https:\/\/marktxxl.de\/markt\/produkt\/fairy-baby-baby-fusssack-kinderwagen-universal-wintersack-kinderwagen-fusssack-babyschale\/","og_site_name":"Markt-XXL","twitter_card":"summary_large_image","twitter_misc":{"Gesch\u00e4tzte Lesezeit":"1\u00a0Minute"},"schema":{"@context":"https:\/\/schema.org","@graph":[{"@type":"WebPage","@id":"https:\/\/marktxxl.de\/markt\/produkt\/fairy-baby-baby-fusssack-kinderwagen-universal-wintersack-kinderwagen-fusssack-babyschale\/","url":"https:\/\/marktxxl.de\/markt\/produkt\/fairy-baby-baby-fusssack-kinderwagen-universal-wintersack-kinderwagen-fusssack-babyschale\/","name":"Fairy Baby Baby Fusssack Kinderwagen Universal Wintersack Kinderwagen Fu\u00dfsack Babyschale - Markt-XXL","isPartOf":{"@id":"https:\/\/marktxxl.de\/markt\/#website"},"primaryImageOfPage":{"@id":"https:\/\/marktxxl.de\/markt\/produkt\/fairy-baby-baby-fusssack-kinderwagen-universal-wintersack-kinderwagen-fusssack-babyschale\/#primaryimage"},"image":{"@id":"https:\/\/marktxxl.de\/markt\/produkt\/fairy-baby-baby-fusssack-kinderwagen-universal-wintersack-kinderwagen-fusssack-babyschale\/#primaryimage"},"thumbnailUrl":"https:\/\/m.media-amazon.com\/images\/I\/51wq46P3o7L._SL500_.jpg","datePublished":"2024-07-27T23:16:35+00:00","description":"Markt-XXL Fairy Baby Baby Fusssack Kinderwagen Universal Wintersack Kinderwagen Fu\u00dfsack Babyschale","breadcrumb":{"@id":"https:\/\/marktxxl.de\/markt\/produkt\/fairy-baby-baby-fusssack-kinderwagen-universal-wintersack-kinderwagen-fusssack-babyschale\/#breadcrumb"},"inLanguage":"de","potentialAction":[{"@type":"ReadAction","target":["https:\/\/marktxxl.de\/markt\/produkt\/fairy-baby-baby-fusssack-kinderwagen-universal-wintersack-kinderwagen-fusssack-babyschale\/"]}]},{"@type":"ImageObject","inLanguage":"de","@id":"https:\/\/marktxxl.de\/markt\/produkt\/fairy-baby-baby-fusssack-kinderwagen-universal-wintersack-kinderwagen-fusssack-babyschale\/#primaryimage","url":"https:\/\/m.media-amazon.com\/images\/I\/51wq46P3o7L._SL500_.jpg","contentUrl":"https:\/\/m.media-amazon.com\/images\/I\/51wq46P3o7L._SL500_.jpg","width":500,"height":500},{"@type":"BreadcrumbList","@id":"https:\/\/marktxxl.de\/markt\/produkt\/fairy-baby-baby-fusssack-kinderwagen-universal-wintersack-kinderwagen-fusssack-babyschale\/#breadcrumb","itemListElement":[{"@type":"ListItem","position":1,"name":"Startseite","item":"https:\/\/marktxxl.de\/markt\/"},{"@type":"ListItem","position":2,"name":"Markt","item":"https:\/\/marktxxl.de\/markt\/"},{"@type":"ListItem","position":3,"name":"Fairy Baby Baby Fusssack Kinderwagen Universal Wintersack Kinderwagen Fu\u00dfsack Babyschale"}]},{"@type":"WebSite","@id":"https:\/\/marktxxl.de\/markt\/#website","url":"https:\/\/marktxxl.de\/markt\/","name":"Markt-XXL","description":"Ihr Markt Online","publisher":{"@id":"https:\/\/marktxxl.de\/markt\/#organization"},"potentialAction":[{"@type":"SearchAction","target":{"@type":"EntryPoint","urlTemplate":"https:\/\/marktxxl.de\/markt\/?s={search_term_string}"},"query-input":{"@type":"PropertyValueSpecification","valueRequired":true,"valueName":"search_term_string"}}],"inLanguage":"de"},{"@type":"Organization","@id":"https:\/\/marktxxl.de\/markt\/#organization","name":"Markt-XXL","url":"https:\/\/marktxxl.de\/markt\/","logo":{"@type":"ImageObject","inLanguage":"de","@id":"https:\/\/marktxxl.de\/markt\/#\/schema\/logo\/image\/","url":"https:\/\/marktxxl.de\/markt\/wp-content\/uploads\/sites\/3\/2020\/12\/logo.png","contentUrl":"https:\/\/marktxxl.de\/markt\/wp-content\/uploads\/sites\/3\/2020\/12\/logo.png","width":200,"height":70,"caption":"Markt-XXL"},"image":{"@id":"https:\/\/marktxxl.de\/markt\/#\/schema\/logo\/image\/"}}]}},"_links":{"self":[{"href":"https:\/\/marktxxl.de\/markt\/wp-json\/wp\/v2\/product\/216221","targetHints":{"allow":["GET"]}}],"collection":[{"href":"https:\/\/marktxxl.de\/markt\/wp-json\/wp\/v2\/product"}],"about":[{"href":"https:\/\/marktxxl.de\/markt\/wp-json\/wp\/v2\/types\/product"}],"replies":[{"embeddable":true,"href":"https:\/\/marktxxl.de\/markt\/wp-json\/wp\/v2\/comments?post=216221"}],"wp:featuredmedia":[{"embeddable":true,"href":"https:\/\/marktxxl.de\/markt\/wp-json\/wp\/v2\/media\/216222"}],"wp:attachment":[{"href":"https:\/\/marktxxl.de\/markt\/wp-json\/wp\/v2\/media?parent=216221"}],"wp:term":[{"taxonomy":"product_brand","embeddable":true,"href":"https:\/\/marktxxl.de\/markt\/wp-json\/wp\/v2\/product_brand?post=216221"},{"taxonomy":"product_cat","embeddable":true,"href":"https:\/\/marktxxl.de\/markt\/wp-json\/wp\/v2\/product_cat?post=216221"},{"taxonomy":"product_tag","embeddable":true,"href":"https:\/\/marktxxl.de\/markt\/wp-json\/wp\/v2\/product_tag?post=216221"}],"curies":[{"name":"wp","href":"https:\/\/api.w.org\/{rel}","templated":true}]}}