{"id":216213,"date":"2024-07-28T01:16:29","date_gmt":"2024-07-27T23:16:29","guid":{"rendered":"https:\/\/marktxxl.de\/markt\/produkt\/sophie-la-girafe-abakus-spirale-spielzeug-kinderwagen-230831-mehrfarbig-6-stueck\/"},"modified":"2024-07-28T01:16:29","modified_gmt":"2024-07-27T23:16:29","slug":"sophie-la-girafe-abakus-spirale-spielzeug-kinderwagen-230831-mehrfarbig-6-stueck","status":"publish","type":"product","link":"https:\/\/marktxxl.de\/markt\/produkt\/sophie-la-girafe-abakus-spirale-spielzeug-kinderwagen-230831-mehrfarbig-6-stueck\/","title":{"rendered":"Sophie la Girafe &#8211; Abakus Spirale Spielzeug Kinderwagen 230831, mehrfarbig, 6 St\u00fcck"},"content":{"rendered":"<p>Entdecken Sie den Sophie la Girafe Abakus, der das Baby auf all seinen Reisen begleitet<br \/>\nUm dem Baby mehr Weichheit zu verleihen, wurde dieser Abakus aus 100 % Textil entworfen. Es besteht aus verschiedenen Texturen, um die Tastsinne zu variieren und Ihr Kind zu wecken<br \/>\nDie verschiedenen Farben, Texturen und Aktivit\u00e4ten dieser Aktivit\u00e4tsspirale werden dazu beitragen, die Sinne f\u00fcr Kleinkinder zu wecken<br \/>\nPraktisch, l\u00e4sst sich beliebig dehnen und l\u00e4sst sich dank 2 Klettverschl\u00fcssen einfach an allen Halterungen befestigen. L\u00e4nge variabel von 20 bis 80 cm<br \/>\nOberfl\u00e4che waschbar<br \/>\n<div class=\"main-cross-sell\" data-asin=\"B08WKT2YWL\">\n\n\t<div class=\"WooZone-cross-sell-loader\">\n\t\t<div>\n\t\t\t<div id=\"floatingBarsG\">\n\t\t\t\t<div class=\"blockG\" id=\"rotateG_01\"><\/div>\n\t\t\t\t<div class=\"blockG\" id=\"rotateG_02\"><\/div>\n\t\t\t\t<div class=\"blockG\" id=\"rotateG_03\"><\/div>\n\t\t\t\t<div class=\"blockG\" id=\"rotateG_04\"><\/div>\n\t\t\t\t<div class=\"blockG\" id=\"rotateG_05\"><\/div>\n\t\t\t\t<div class=\"blockG\" id=\"rotateG_06\"><\/div>\n\t\t\t\t<div class=\"blockG\" id=\"rotateG_07\"><\/div>\n\t\t\t\t<div class=\"blockG\" id=\"rotateG_08\"><\/div>\n\t\t\t<\/div>\n\t\t\t<div class=\"WooZone-cross-sell-loader-text\"><\/div>\n\t\t<\/div>\n\t<\/div>\n\n\t\t\n<\/div>\n<div style=\"clear:both;\"><\/div><\/p>\n","protected":false},"excerpt":{"rendered":"<p>Entdecken Sie den Sophie la Girafe Abakus, der das Baby auf all seinen Reisen begleitet<br \/>\nUm dem Baby mehr Weichheit zu verleihen, wurde dieser Abakus aus 100 % Textil entworfen. Es besteht aus verschiedenen Texturen, um die Tastsinne zu variieren und Ihr Kind zu wecken<br \/>\nDie verschiedenen Farben, Texturen und Aktivit\u00e4ten dieser Aktivit\u00e4tsspirale werden dazu beitragen, die Sinne f\u00fcr Kleinkinder zu wecken<\/p>\n","protected":false},"featured_media":216214,"comment_status":"open","ping_status":"closed","template":"","meta":[],"product_brand":[],"product_cat":[21,9329],"product_tag":[],"class_list":{"0":"post-216213","1":"product","2":"type-product","3":"status-publish","4":"has-post-thumbnail","6":"product_cat-baby","7":"product_cat-kinderwagen-buggys-zubehoer-baby","8":"pa_binding-babyartikel","9":"pa_brand-sophie-la-girafe","10":"pa_brand-thames-hudson","11":"pa_height-9-842519675-zoll","12":"pa_length-31-49606296-zoll","13":"pa_manufacturer-vulli","14":"pa_model-54463","15":"pa_size-6-unite-lot-de-1","16":"pa_weight-0-3968320716-pfund","17":"pa_width-3-149606296-zoll","19":"first","20":"instock","21":"shipping-taxable","22":"purchasable","23":"product-type-simple","24":"customify-col","25":"product-has-gallery"},"yoast_head":"<!-- This site is optimized with the Yoast SEO plugin v27.3 - https:\/\/yoast.com\/product\/yoast-seo-wordpress\/ -->\n<title>Sophie la Girafe - Abakus Spirale Spielzeug Kinderwagen 230831, mehrfarbig, 6 St\u00fcck - Markt-XXL<\/title>\n<meta name=\"description\" content=\"Markt-XXL Sophie la Girafe - Abakus Spirale Spielzeug Kinderwagen 230831, mehrfarbig, 6 St\u00fcck\" \/>\n<meta name=\"robots\" content=\"index, follow, max-snippet:-1, max-image-preview:large, max-video-preview:-1\" \/>\n<link rel=\"canonical\" href=\"https:\/\/marktxxl.de\/markt\/produkt\/sophie-la-girafe-abakus-spirale-spielzeug-kinderwagen-230831-mehrfarbig-6-stueck\/\" \/>\n<meta property=\"og:locale\" content=\"de_DE\" \/>\n<meta property=\"og:type\" content=\"article\" \/>\n<meta property=\"og:title\" content=\"Sophie la Girafe - Abakus Spirale Spielzeug Kinderwagen 230831, mehrfarbig, 6 St\u00fcck - Markt-XXL\" \/>\n<meta property=\"og:description\" content=\"Markt-XXL Sophie la Girafe - Abakus Spirale Spielzeug Kinderwagen 230831, mehrfarbig, 6 St\u00fcck\" \/>\n<meta property=\"og:url\" content=\"https:\/\/marktxxl.de\/markt\/produkt\/sophie-la-girafe-abakus-spirale-spielzeug-kinderwagen-230831-mehrfarbig-6-stueck\/\" \/>\n<meta property=\"og:site_name\" content=\"Markt-XXL\" \/>\n<meta name=\"twitter:card\" content=\"summary_large_image\" \/>\n<script type=\"application\/ld+json\" class=\"yoast-schema-graph\">{\"@context\":\"https:\\\/\\\/schema.org\",\"@graph\":[{\"@type\":\"WebPage\",\"@id\":\"https:\\\/\\\/marktxxl.de\\\/markt\\\/produkt\\\/sophie-la-girafe-abakus-spirale-spielzeug-kinderwagen-230831-mehrfarbig-6-stueck\\\/\",\"url\":\"https:\\\/\\\/marktxxl.de\\\/markt\\\/produkt\\\/sophie-la-girafe-abakus-spirale-spielzeug-kinderwagen-230831-mehrfarbig-6-stueck\\\/\",\"name\":\"Sophie la Girafe - Abakus Spirale Spielzeug Kinderwagen 230831, mehrfarbig, 6 St\u00fcck - Markt-XXL\",\"isPartOf\":{\"@id\":\"https:\\\/\\\/marktxxl.de\\\/markt\\\/#website\"},\"primaryImageOfPage\":{\"@id\":\"https:\\\/\\\/marktxxl.de\\\/markt\\\/produkt\\\/sophie-la-girafe-abakus-spirale-spielzeug-kinderwagen-230831-mehrfarbig-6-stueck\\\/#primaryimage\"},\"image\":{\"@id\":\"https:\\\/\\\/marktxxl.de\\\/markt\\\/produkt\\\/sophie-la-girafe-abakus-spirale-spielzeug-kinderwagen-230831-mehrfarbig-6-stueck\\\/#primaryimage\"},\"thumbnailUrl\":\"https:\\\/\\\/m.media-amazon.com\\\/images\\\/I\\\/41wToKfTfRL._SL500_.jpg\",\"datePublished\":\"2024-07-27T23:16:29+00:00\",\"description\":\"Markt-XXL Sophie la Girafe - Abakus Spirale Spielzeug Kinderwagen 230831, mehrfarbig, 6 St\u00fcck\",\"breadcrumb\":{\"@id\":\"https:\\\/\\\/marktxxl.de\\\/markt\\\/produkt\\\/sophie-la-girafe-abakus-spirale-spielzeug-kinderwagen-230831-mehrfarbig-6-stueck\\\/#breadcrumb\"},\"inLanguage\":\"de\",\"potentialAction\":[{\"@type\":\"ReadAction\",\"target\":[\"https:\\\/\\\/marktxxl.de\\\/markt\\\/produkt\\\/sophie-la-girafe-abakus-spirale-spielzeug-kinderwagen-230831-mehrfarbig-6-stueck\\\/\"]}]},{\"@type\":\"ImageObject\",\"inLanguage\":\"de\",\"@id\":\"https:\\\/\\\/marktxxl.de\\\/markt\\\/produkt\\\/sophie-la-girafe-abakus-spirale-spielzeug-kinderwagen-230831-mehrfarbig-6-stueck\\\/#primaryimage\",\"url\":\"https:\\\/\\\/m.media-amazon.com\\\/images\\\/I\\\/41wToKfTfRL._SL500_.jpg\",\"contentUrl\":\"https:\\\/\\\/m.media-amazon.com\\\/images\\\/I\\\/41wToKfTfRL._SL500_.jpg\",\"width\":500,\"height\":500},{\"@type\":\"BreadcrumbList\",\"@id\":\"https:\\\/\\\/marktxxl.de\\\/markt\\\/produkt\\\/sophie-la-girafe-abakus-spirale-spielzeug-kinderwagen-230831-mehrfarbig-6-stueck\\\/#breadcrumb\",\"itemListElement\":[{\"@type\":\"ListItem\",\"position\":1,\"name\":\"Startseite\",\"item\":\"https:\\\/\\\/marktxxl.de\\\/markt\\\/\"},{\"@type\":\"ListItem\",\"position\":2,\"name\":\"Markt\",\"item\":\"https:\\\/\\\/marktxxl.de\\\/markt\\\/\"},{\"@type\":\"ListItem\",\"position\":3,\"name\":\"Sophie la Girafe &#8211; Abakus Spirale Spielzeug Kinderwagen 230831, mehrfarbig, 6 St\u00fcck\"}]},{\"@type\":\"WebSite\",\"@id\":\"https:\\\/\\\/marktxxl.de\\\/markt\\\/#website\",\"url\":\"https:\\\/\\\/marktxxl.de\\\/markt\\\/\",\"name\":\"Markt-XXL\",\"description\":\"Ihr Markt Online\",\"publisher\":{\"@id\":\"https:\\\/\\\/marktxxl.de\\\/markt\\\/#organization\"},\"potentialAction\":[{\"@type\":\"SearchAction\",\"target\":{\"@type\":\"EntryPoint\",\"urlTemplate\":\"https:\\\/\\\/marktxxl.de\\\/markt\\\/?s={search_term_string}\"},\"query-input\":{\"@type\":\"PropertyValueSpecification\",\"valueRequired\":true,\"valueName\":\"search_term_string\"}}],\"inLanguage\":\"de\"},{\"@type\":\"Organization\",\"@id\":\"https:\\\/\\\/marktxxl.de\\\/markt\\\/#organization\",\"name\":\"Markt-XXL\",\"url\":\"https:\\\/\\\/marktxxl.de\\\/markt\\\/\",\"logo\":{\"@type\":\"ImageObject\",\"inLanguage\":\"de\",\"@id\":\"https:\\\/\\\/marktxxl.de\\\/markt\\\/#\\\/schema\\\/logo\\\/image\\\/\",\"url\":\"https:\\\/\\\/marktxxl.de\\\/markt\\\/wp-content\\\/uploads\\\/sites\\\/3\\\/2020\\\/12\\\/logo.png\",\"contentUrl\":\"https:\\\/\\\/marktxxl.de\\\/markt\\\/wp-content\\\/uploads\\\/sites\\\/3\\\/2020\\\/12\\\/logo.png\",\"width\":200,\"height\":70,\"caption\":\"Markt-XXL\"},\"image\":{\"@id\":\"https:\\\/\\\/marktxxl.de\\\/markt\\\/#\\\/schema\\\/logo\\\/image\\\/\"}}]}<\/script>\n<!-- \/ Yoast SEO plugin. -->","yoast_head_json":{"title":"Sophie la Girafe - Abakus Spirale Spielzeug Kinderwagen 230831, mehrfarbig, 6 St\u00fcck - Markt-XXL","description":"Markt-XXL Sophie la Girafe - Abakus Spirale Spielzeug Kinderwagen 230831, mehrfarbig, 6 St\u00fcck","robots":{"index":"index","follow":"follow","max-snippet":"max-snippet:-1","max-image-preview":"max-image-preview:large","max-video-preview":"max-video-preview:-1"},"canonical":"https:\/\/marktxxl.de\/markt\/produkt\/sophie-la-girafe-abakus-spirale-spielzeug-kinderwagen-230831-mehrfarbig-6-stueck\/","og_locale":"de_DE","og_type":"article","og_title":"Sophie la Girafe - Abakus Spirale Spielzeug Kinderwagen 230831, mehrfarbig, 6 St\u00fcck - Markt-XXL","og_description":"Markt-XXL Sophie la Girafe - Abakus Spirale Spielzeug Kinderwagen 230831, mehrfarbig, 6 St\u00fcck","og_url":"https:\/\/marktxxl.de\/markt\/produkt\/sophie-la-girafe-abakus-spirale-spielzeug-kinderwagen-230831-mehrfarbig-6-stueck\/","og_site_name":"Markt-XXL","twitter_card":"summary_large_image","schema":{"@context":"https:\/\/schema.org","@graph":[{"@type":"WebPage","@id":"https:\/\/marktxxl.de\/markt\/produkt\/sophie-la-girafe-abakus-spirale-spielzeug-kinderwagen-230831-mehrfarbig-6-stueck\/","url":"https:\/\/marktxxl.de\/markt\/produkt\/sophie-la-girafe-abakus-spirale-spielzeug-kinderwagen-230831-mehrfarbig-6-stueck\/","name":"Sophie la Girafe - Abakus Spirale Spielzeug Kinderwagen 230831, mehrfarbig, 6 St\u00fcck - Markt-XXL","isPartOf":{"@id":"https:\/\/marktxxl.de\/markt\/#website"},"primaryImageOfPage":{"@id":"https:\/\/marktxxl.de\/markt\/produkt\/sophie-la-girafe-abakus-spirale-spielzeug-kinderwagen-230831-mehrfarbig-6-stueck\/#primaryimage"},"image":{"@id":"https:\/\/marktxxl.de\/markt\/produkt\/sophie-la-girafe-abakus-spirale-spielzeug-kinderwagen-230831-mehrfarbig-6-stueck\/#primaryimage"},"thumbnailUrl":"https:\/\/m.media-amazon.com\/images\/I\/41wToKfTfRL._SL500_.jpg","datePublished":"2024-07-27T23:16:29+00:00","description":"Markt-XXL Sophie la Girafe - Abakus Spirale Spielzeug Kinderwagen 230831, mehrfarbig, 6 St\u00fcck","breadcrumb":{"@id":"https:\/\/marktxxl.de\/markt\/produkt\/sophie-la-girafe-abakus-spirale-spielzeug-kinderwagen-230831-mehrfarbig-6-stueck\/#breadcrumb"},"inLanguage":"de","potentialAction":[{"@type":"ReadAction","target":["https:\/\/marktxxl.de\/markt\/produkt\/sophie-la-girafe-abakus-spirale-spielzeug-kinderwagen-230831-mehrfarbig-6-stueck\/"]}]},{"@type":"ImageObject","inLanguage":"de","@id":"https:\/\/marktxxl.de\/markt\/produkt\/sophie-la-girafe-abakus-spirale-spielzeug-kinderwagen-230831-mehrfarbig-6-stueck\/#primaryimage","url":"https:\/\/m.media-amazon.com\/images\/I\/41wToKfTfRL._SL500_.jpg","contentUrl":"https:\/\/m.media-amazon.com\/images\/I\/41wToKfTfRL._SL500_.jpg","width":500,"height":500},{"@type":"BreadcrumbList","@id":"https:\/\/marktxxl.de\/markt\/produkt\/sophie-la-girafe-abakus-spirale-spielzeug-kinderwagen-230831-mehrfarbig-6-stueck\/#breadcrumb","itemListElement":[{"@type":"ListItem","position":1,"name":"Startseite","item":"https:\/\/marktxxl.de\/markt\/"},{"@type":"ListItem","position":2,"name":"Markt","item":"https:\/\/marktxxl.de\/markt\/"},{"@type":"ListItem","position":3,"name":"Sophie la Girafe &#8211; Abakus Spirale Spielzeug Kinderwagen 230831, mehrfarbig, 6 St\u00fcck"}]},{"@type":"WebSite","@id":"https:\/\/marktxxl.de\/markt\/#website","url":"https:\/\/marktxxl.de\/markt\/","name":"Markt-XXL","description":"Ihr Markt Online","publisher":{"@id":"https:\/\/marktxxl.de\/markt\/#organization"},"potentialAction":[{"@type":"SearchAction","target":{"@type":"EntryPoint","urlTemplate":"https:\/\/marktxxl.de\/markt\/?s={search_term_string}"},"query-input":{"@type":"PropertyValueSpecification","valueRequired":true,"valueName":"search_term_string"}}],"inLanguage":"de"},{"@type":"Organization","@id":"https:\/\/marktxxl.de\/markt\/#organization","name":"Markt-XXL","url":"https:\/\/marktxxl.de\/markt\/","logo":{"@type":"ImageObject","inLanguage":"de","@id":"https:\/\/marktxxl.de\/markt\/#\/schema\/logo\/image\/","url":"https:\/\/marktxxl.de\/markt\/wp-content\/uploads\/sites\/3\/2020\/12\/logo.png","contentUrl":"https:\/\/marktxxl.de\/markt\/wp-content\/uploads\/sites\/3\/2020\/12\/logo.png","width":200,"height":70,"caption":"Markt-XXL"},"image":{"@id":"https:\/\/marktxxl.de\/markt\/#\/schema\/logo\/image\/"}}]}},"_links":{"self":[{"href":"https:\/\/marktxxl.de\/markt\/wp-json\/wp\/v2\/product\/216213","targetHints":{"allow":["GET"]}}],"collection":[{"href":"https:\/\/marktxxl.de\/markt\/wp-json\/wp\/v2\/product"}],"about":[{"href":"https:\/\/marktxxl.de\/markt\/wp-json\/wp\/v2\/types\/product"}],"replies":[{"embeddable":true,"href":"https:\/\/marktxxl.de\/markt\/wp-json\/wp\/v2\/comments?post=216213"}],"wp:featuredmedia":[{"embeddable":true,"href":"https:\/\/marktxxl.de\/markt\/wp-json\/wp\/v2\/media\/216214"}],"wp:attachment":[{"href":"https:\/\/marktxxl.de\/markt\/wp-json\/wp\/v2\/media?parent=216213"}],"wp:term":[{"taxonomy":"product_brand","embeddable":true,"href":"https:\/\/marktxxl.de\/markt\/wp-json\/wp\/v2\/product_brand?post=216213"},{"taxonomy":"product_cat","embeddable":true,"href":"https:\/\/marktxxl.de\/markt\/wp-json\/wp\/v2\/product_cat?post=216213"},{"taxonomy":"product_tag","embeddable":true,"href":"https:\/\/marktxxl.de\/markt\/wp-json\/wp\/v2\/product_tag?post=216213"}],"curies":[{"name":"wp","href":"https:\/\/api.w.org\/{rel}","templated":true}]}}