{"id":216189,"date":"2024-07-28T01:16:02","date_gmt":"2024-07-27T23:16:02","guid":{"rendered":"https:\/\/marktxxl.de\/markt\/produkt\/tumama-kids-babyspielzeug-rasseln-0-12-monate-clip-auf-kinderwagen-und-kinderwagen-neugeborene-sensorisches-spielzeug-fuer-babys-jungen-und-maedchen\/"},"modified":"2024-07-28T01:16:02","modified_gmt":"2024-07-27T23:16:02","slug":"tumama-kids-babyspielzeug-rasseln-0-12-monate-clip-auf-kinderwagen-und-kinderwagen-neugeborene-sensorisches-spielzeug-fuer-babys-jungen-und-maedchen","status":"publish","type":"product","link":"https:\/\/marktxxl.de\/markt\/produkt\/tumama-kids-babyspielzeug-rasseln-0-12-monate-clip-auf-kinderwagen-und-kinderwagen-neugeborene-sensorisches-spielzeug-fuer-babys-jungen-und-maedchen\/","title":{"rendered":"TUMAMA KIDS Babyspielzeug Rasseln 0-12 Monate Clip auf Kinderwagen und Kinderwagen Neugeborene, sensorisches Spielzeug f\u00fcr Babys Jungen und M\u00e4dchen"},"content":{"rendered":"<p>F\u00f6rderung der sensorischen Entwicklung: Unsere Babyrassel-Spielzeuge zum Aufh\u00e4ngen sind darauf ausgelegt, die Sinne Ihres Kleinen zu stimulieren und zu f\u00f6rdern, einschlie\u00dflich Sehen, H\u00f6ren und Ber\u00fchren. Mit leuchtenden Farben, sanften Rasselger\u00e4uschen und verschiedenen Texturen bieten diese Spielzeuge sensorische Erkundung und f\u00f6rdern die kognitive Entwicklung<br \/>\nVielseitiges Aufh\u00e4ngedesign: Diese Rasselspielzeuge sind mit 4 Haken ausgestattet, die es leicht machen, sie an verschiedenen Babyausstattungen wie Kinderwagen, Autositzen, Kinderbetten oder Spielmatten zu befestigen. Das vielseitige Aufh\u00e4ngedesign sorgt daf\u00fcr, dass Ihr Baby die Spielzeuge sowohl zu Hause als auch unterwegs genie\u00dfen kann<br \/>\nSicher und babyfreundlich: Wir legen gro\u00dfen Wert auf die Sicherheit Ihres Babys. Unsere aufh\u00e4ngbaren Rasselspielzeuge bestehen aus weichen Materialien und sind mit abgerundeten Kanten versehen, um sicherzustellen, dass sie von kleinen H\u00e4nden sicher gegriffen und erkundet werden k\u00f6nnen<br \/>\nEntwicklungsf\u00f6rdernde Vorteile: Die Babyrassel-Spielzeuge zum Aufh\u00e4ngen sind mehr als nur unterhaltsam. Sie bieten zahlreiche Vorteile f\u00fcr die Entwicklung. Sie f\u00f6rdern feinmotorische F\u00e4higkeiten, wenn Babys nach den Spielzeugen greifen, verbessern die Hand-Augen-Koordination, wenn sie danach schlagen oder sie sch\u00fctteln, und f\u00f6rdern auditive und visuelle Stimulation, wenn sie den Rasselger\u00e4uschen lauschen und die bunten Muster betrachten<br \/>\nEinfach zu reinigen und zu pflegen: Wir wissen, dass Baby-Spielzeuge leicht schmutzig werden k\u00f6nnen. Daher sind unsere aufh\u00e4ngbaren Rasselspielzeuge einfach zu reinigen. Sie k\u00f6nnen in der Waschmaschine gewaschen oder mit einem feuchten Tuch abgewischt werden, um eine m\u00fchelose Pflege und Hygiene f\u00fcr Ihr Kleines zu gew\u00e4hrleisten<br \/>\nPerfektes Geschenkspielzeug-Set: Diese niedlichen sensorischen Babyspielzeuge kommen in einem Set mit 4 farbenfrohen Gem\u00fcsesorten (Mais, K\u00fcrbis, Zwiebel, Chili) und sind das perfekte Geschenk<br \/>\n<div class=\"main-cross-sell\" data-asin=\"B0CT5QLVF6\">\n\n\t<div class=\"WooZone-cross-sell-loader\">\n\t\t<div>\n\t\t\t<div id=\"floatingBarsG\">\n\t\t\t\t<div class=\"blockG\" id=\"rotateG_01\"><\/div>\n\t\t\t\t<div class=\"blockG\" id=\"rotateG_02\"><\/div>\n\t\t\t\t<div class=\"blockG\" id=\"rotateG_03\"><\/div>\n\t\t\t\t<div class=\"blockG\" id=\"rotateG_04\"><\/div>\n\t\t\t\t<div class=\"blockG\" id=\"rotateG_05\"><\/div>\n\t\t\t\t<div class=\"blockG\" id=\"rotateG_06\"><\/div>\n\t\t\t\t<div class=\"blockG\" id=\"rotateG_07\"><\/div>\n\t\t\t\t<div class=\"blockG\" id=\"rotateG_08\"><\/div>\n\t\t\t<\/div>\n\t\t\t<div class=\"WooZone-cross-sell-loader-text\"><\/div>\n\t\t<\/div>\n\t<\/div>\n\n\t\t\n<\/div>\n<div style=\"clear:both;\"><\/div><\/p>\n","protected":false},"excerpt":{"rendered":"<p>F\u00f6rderung der sensorischen Entwicklung: Unsere Babyrassel-Spielzeuge zum Aufh\u00e4ngen sind darauf ausgelegt, die Sinne Ihres Kleinen zu stimulieren und zu f\u00f6rdern, einschlie\u00dflich Sehen, H\u00f6ren und Ber\u00fchren. Mit leuchtenden Farben, sanften Rasselger\u00e4uschen und verschiedenen Texturen bieten diese Spielzeuge sensorische Erkundung und f\u00f6rdern die kognitive Entwicklung<br \/>\nVielseitiges Aufh\u00e4ngedesign: Diese Rasselspielzeuge sind mit 4 Haken ausgestattet, die es leicht machen, sie an verschiedenen Babyausstattungen wie Kinderwagen, Autositzen, Kinderbetten oder Spielmatten zu befestigen. Das vielseitige Aufh\u00e4ngedesign sorgt daf\u00fcr, dass Ihr Baby die Spielzeuge sowohl zu Hause als auch unterwegs genie\u00dfen kann<br \/>\nSicher und babyfreundlich: Wir legen gro\u00dfen Wert auf die Sicherheit Ihres Babys. Unsere aufh\u00e4ngbaren Rasselspielzeuge bestehen aus weichen Materialien und sind mit abgerundeten Kanten versehen, um sicherzustellen, dass sie von kleinen H\u00e4nden sicher gegriffen und erkundet werden k\u00f6nnen<\/p>\n","protected":false},"featured_media":216190,"comment_status":"open","ping_status":"closed","template":"","meta":[],"product_brand":[],"product_cat":[21,9329],"product_tag":[],"class_list":{"0":"post-216189","1":"product","2":"type-product","3":"status-publish","4":"has-post-thumbnail","6":"product_cat-baby","7":"product_cat-kinderwagen-buggys-zubehoer-baby","8":"pa_brand-tumama","9":"pa_color-buntes","10":"pa_height-10-629921249-zoll","11":"pa_length-6-299212592-zoll","12":"pa_manufacturer-tumama","13":"pa_model-as-tm450","14":"pa_warranty-180-tage-garantie","15":"pa_weight-0-771617917-pounds","16":"pa_width-2-2834645646-zoll","18":"first","19":"instock","20":"shipping-taxable","21":"purchasable","22":"product-type-simple","23":"customify-col","24":"product-has-gallery"},"yoast_head":"<!-- This site is optimized with the Yoast SEO plugin v27.4 - https:\/\/yoast.com\/product\/yoast-seo-wordpress\/ -->\n<title>TUMAMA KIDS Babyspielzeug Rasseln 0-12 Monate Clip auf Kinderwagen und Kinderwagen Neugeborene, sensorisches Spielzeug f\u00fcr Babys Jungen und M\u00e4dchen - Markt-XXL<\/title>\n<meta name=\"description\" content=\"Markt-XXL TUMAMA KIDS Babyspielzeug Rasseln 0-12 Monate Clip auf Kinderwagen und Kinderwagen Neugeborene, sensorisches Spielzeug f\u00fcr Babys Jungen und M\u00e4dchen\" \/>\n<meta name=\"robots\" content=\"index, follow, max-snippet:-1, max-image-preview:large, max-video-preview:-1\" \/>\n<link rel=\"canonical\" href=\"https:\/\/marktxxl.de\/markt\/produkt\/tumama-kids-babyspielzeug-rasseln-0-12-monate-clip-auf-kinderwagen-und-kinderwagen-neugeborene-sensorisches-spielzeug-fuer-babys-jungen-und-maedchen\/\" \/>\n<meta property=\"og:locale\" content=\"de_DE\" \/>\n<meta property=\"og:type\" content=\"article\" \/>\n<meta property=\"og:title\" content=\"TUMAMA KIDS Babyspielzeug Rasseln 0-12 Monate Clip auf Kinderwagen und Kinderwagen Neugeborene, sensorisches Spielzeug f\u00fcr Babys Jungen und M\u00e4dchen - Markt-XXL\" \/>\n<meta property=\"og:description\" content=\"Markt-XXL TUMAMA KIDS Babyspielzeug Rasseln 0-12 Monate Clip auf Kinderwagen und Kinderwagen Neugeborene, sensorisches Spielzeug f\u00fcr Babys Jungen und M\u00e4dchen\" \/>\n<meta property=\"og:url\" content=\"https:\/\/marktxxl.de\/markt\/produkt\/tumama-kids-babyspielzeug-rasseln-0-12-monate-clip-auf-kinderwagen-und-kinderwagen-neugeborene-sensorisches-spielzeug-fuer-babys-jungen-und-maedchen\/\" \/>\n<meta property=\"og:site_name\" content=\"Markt-XXL\" \/>\n<meta name=\"twitter:card\" content=\"summary_large_image\" \/>\n<meta name=\"twitter:label1\" content=\"Gesch\u00e4tzte Lesezeit\" \/>\n\t<meta name=\"twitter:data1\" content=\"1\u00a0Minute\" \/>\n<script type=\"application\/ld+json\" class=\"yoast-schema-graph\">{\"@context\":\"https:\\\/\\\/schema.org\",\"@graph\":[{\"@type\":\"WebPage\",\"@id\":\"https:\\\/\\\/marktxxl.de\\\/markt\\\/produkt\\\/tumama-kids-babyspielzeug-rasseln-0-12-monate-clip-auf-kinderwagen-und-kinderwagen-neugeborene-sensorisches-spielzeug-fuer-babys-jungen-und-maedchen\\\/\",\"url\":\"https:\\\/\\\/marktxxl.de\\\/markt\\\/produkt\\\/tumama-kids-babyspielzeug-rasseln-0-12-monate-clip-auf-kinderwagen-und-kinderwagen-neugeborene-sensorisches-spielzeug-fuer-babys-jungen-und-maedchen\\\/\",\"name\":\"TUMAMA KIDS Babyspielzeug Rasseln 0-12 Monate Clip auf Kinderwagen und Kinderwagen Neugeborene, sensorisches Spielzeug f\u00fcr Babys Jungen und M\u00e4dchen - Markt-XXL\",\"isPartOf\":{\"@id\":\"https:\\\/\\\/marktxxl.de\\\/markt\\\/#website\"},\"primaryImageOfPage\":{\"@id\":\"https:\\\/\\\/marktxxl.de\\\/markt\\\/produkt\\\/tumama-kids-babyspielzeug-rasseln-0-12-monate-clip-auf-kinderwagen-und-kinderwagen-neugeborene-sensorisches-spielzeug-fuer-babys-jungen-und-maedchen\\\/#primaryimage\"},\"image\":{\"@id\":\"https:\\\/\\\/marktxxl.de\\\/markt\\\/produkt\\\/tumama-kids-babyspielzeug-rasseln-0-12-monate-clip-auf-kinderwagen-und-kinderwagen-neugeborene-sensorisches-spielzeug-fuer-babys-jungen-und-maedchen\\\/#primaryimage\"},\"thumbnailUrl\":\"https:\\\/\\\/m.media-amazon.com\\\/images\\\/I\\\/51apzoYhPzL._SL500_.jpg\",\"datePublished\":\"2024-07-27T23:16:02+00:00\",\"description\":\"Markt-XXL TUMAMA KIDS Babyspielzeug Rasseln 0-12 Monate Clip auf Kinderwagen und Kinderwagen Neugeborene, sensorisches Spielzeug f\u00fcr Babys Jungen und M\u00e4dchen\",\"breadcrumb\":{\"@id\":\"https:\\\/\\\/marktxxl.de\\\/markt\\\/produkt\\\/tumama-kids-babyspielzeug-rasseln-0-12-monate-clip-auf-kinderwagen-und-kinderwagen-neugeborene-sensorisches-spielzeug-fuer-babys-jungen-und-maedchen\\\/#breadcrumb\"},\"inLanguage\":\"de\",\"potentialAction\":[{\"@type\":\"ReadAction\",\"target\":[\"https:\\\/\\\/marktxxl.de\\\/markt\\\/produkt\\\/tumama-kids-babyspielzeug-rasseln-0-12-monate-clip-auf-kinderwagen-und-kinderwagen-neugeborene-sensorisches-spielzeug-fuer-babys-jungen-und-maedchen\\\/\"]}]},{\"@type\":\"ImageObject\",\"inLanguage\":\"de\",\"@id\":\"https:\\\/\\\/marktxxl.de\\\/markt\\\/produkt\\\/tumama-kids-babyspielzeug-rasseln-0-12-monate-clip-auf-kinderwagen-und-kinderwagen-neugeborene-sensorisches-spielzeug-fuer-babys-jungen-und-maedchen\\\/#primaryimage\",\"url\":\"https:\\\/\\\/m.media-amazon.com\\\/images\\\/I\\\/51apzoYhPzL._SL500_.jpg\",\"contentUrl\":\"https:\\\/\\\/m.media-amazon.com\\\/images\\\/I\\\/51apzoYhPzL._SL500_.jpg\",\"width\":500,\"height\":500},{\"@type\":\"BreadcrumbList\",\"@id\":\"https:\\\/\\\/marktxxl.de\\\/markt\\\/produkt\\\/tumama-kids-babyspielzeug-rasseln-0-12-monate-clip-auf-kinderwagen-und-kinderwagen-neugeborene-sensorisches-spielzeug-fuer-babys-jungen-und-maedchen\\\/#breadcrumb\",\"itemListElement\":[{\"@type\":\"ListItem\",\"position\":1,\"name\":\"Startseite\",\"item\":\"https:\\\/\\\/marktxxl.de\\\/markt\\\/\"},{\"@type\":\"ListItem\",\"position\":2,\"name\":\"Markt\",\"item\":\"https:\\\/\\\/marktxxl.de\\\/markt\\\/\"},{\"@type\":\"ListItem\",\"position\":3,\"name\":\"TUMAMA KIDS Babyspielzeug Rasseln 0-12 Monate Clip auf Kinderwagen und Kinderwagen Neugeborene, sensorisches Spielzeug f\u00fcr Babys Jungen und M\u00e4dchen\"}]},{\"@type\":\"WebSite\",\"@id\":\"https:\\\/\\\/marktxxl.de\\\/markt\\\/#website\",\"url\":\"https:\\\/\\\/marktxxl.de\\\/markt\\\/\",\"name\":\"Markt-XXL\",\"description\":\"Ihr Markt Online\",\"publisher\":{\"@id\":\"https:\\\/\\\/marktxxl.de\\\/markt\\\/#organization\"},\"potentialAction\":[{\"@type\":\"SearchAction\",\"target\":{\"@type\":\"EntryPoint\",\"urlTemplate\":\"https:\\\/\\\/marktxxl.de\\\/markt\\\/?s={search_term_string}\"},\"query-input\":{\"@type\":\"PropertyValueSpecification\",\"valueRequired\":true,\"valueName\":\"search_term_string\"}}],\"inLanguage\":\"de\"},{\"@type\":\"Organization\",\"@id\":\"https:\\\/\\\/marktxxl.de\\\/markt\\\/#organization\",\"name\":\"Markt-XXL\",\"url\":\"https:\\\/\\\/marktxxl.de\\\/markt\\\/\",\"logo\":{\"@type\":\"ImageObject\",\"inLanguage\":\"de\",\"@id\":\"https:\\\/\\\/marktxxl.de\\\/markt\\\/#\\\/schema\\\/logo\\\/image\\\/\",\"url\":\"https:\\\/\\\/marktxxl.de\\\/markt\\\/wp-content\\\/uploads\\\/sites\\\/3\\\/2020\\\/12\\\/logo.png\",\"contentUrl\":\"https:\\\/\\\/marktxxl.de\\\/markt\\\/wp-content\\\/uploads\\\/sites\\\/3\\\/2020\\\/12\\\/logo.png\",\"width\":200,\"height\":70,\"caption\":\"Markt-XXL\"},\"image\":{\"@id\":\"https:\\\/\\\/marktxxl.de\\\/markt\\\/#\\\/schema\\\/logo\\\/image\\\/\"}}]}<\/script>\n<!-- \/ Yoast SEO plugin. -->","yoast_head_json":{"title":"TUMAMA KIDS Babyspielzeug Rasseln 0-12 Monate Clip auf Kinderwagen und Kinderwagen Neugeborene, sensorisches Spielzeug f\u00fcr Babys Jungen und M\u00e4dchen - Markt-XXL","description":"Markt-XXL TUMAMA KIDS Babyspielzeug Rasseln 0-12 Monate Clip auf Kinderwagen und Kinderwagen Neugeborene, sensorisches Spielzeug f\u00fcr Babys Jungen und M\u00e4dchen","robots":{"index":"index","follow":"follow","max-snippet":"max-snippet:-1","max-image-preview":"max-image-preview:large","max-video-preview":"max-video-preview:-1"},"canonical":"https:\/\/marktxxl.de\/markt\/produkt\/tumama-kids-babyspielzeug-rasseln-0-12-monate-clip-auf-kinderwagen-und-kinderwagen-neugeborene-sensorisches-spielzeug-fuer-babys-jungen-und-maedchen\/","og_locale":"de_DE","og_type":"article","og_title":"TUMAMA KIDS Babyspielzeug Rasseln 0-12 Monate Clip auf Kinderwagen und Kinderwagen Neugeborene, sensorisches Spielzeug f\u00fcr Babys Jungen und M\u00e4dchen - Markt-XXL","og_description":"Markt-XXL TUMAMA KIDS Babyspielzeug Rasseln 0-12 Monate Clip auf Kinderwagen und Kinderwagen Neugeborene, sensorisches Spielzeug f\u00fcr Babys Jungen und M\u00e4dchen","og_url":"https:\/\/marktxxl.de\/markt\/produkt\/tumama-kids-babyspielzeug-rasseln-0-12-monate-clip-auf-kinderwagen-und-kinderwagen-neugeborene-sensorisches-spielzeug-fuer-babys-jungen-und-maedchen\/","og_site_name":"Markt-XXL","twitter_card":"summary_large_image","twitter_misc":{"Gesch\u00e4tzte Lesezeit":"1\u00a0Minute"},"schema":{"@context":"https:\/\/schema.org","@graph":[{"@type":"WebPage","@id":"https:\/\/marktxxl.de\/markt\/produkt\/tumama-kids-babyspielzeug-rasseln-0-12-monate-clip-auf-kinderwagen-und-kinderwagen-neugeborene-sensorisches-spielzeug-fuer-babys-jungen-und-maedchen\/","url":"https:\/\/marktxxl.de\/markt\/produkt\/tumama-kids-babyspielzeug-rasseln-0-12-monate-clip-auf-kinderwagen-und-kinderwagen-neugeborene-sensorisches-spielzeug-fuer-babys-jungen-und-maedchen\/","name":"TUMAMA KIDS Babyspielzeug Rasseln 0-12 Monate Clip auf Kinderwagen und Kinderwagen Neugeborene, sensorisches Spielzeug f\u00fcr Babys Jungen und M\u00e4dchen - Markt-XXL","isPartOf":{"@id":"https:\/\/marktxxl.de\/markt\/#website"},"primaryImageOfPage":{"@id":"https:\/\/marktxxl.de\/markt\/produkt\/tumama-kids-babyspielzeug-rasseln-0-12-monate-clip-auf-kinderwagen-und-kinderwagen-neugeborene-sensorisches-spielzeug-fuer-babys-jungen-und-maedchen\/#primaryimage"},"image":{"@id":"https:\/\/marktxxl.de\/markt\/produkt\/tumama-kids-babyspielzeug-rasseln-0-12-monate-clip-auf-kinderwagen-und-kinderwagen-neugeborene-sensorisches-spielzeug-fuer-babys-jungen-und-maedchen\/#primaryimage"},"thumbnailUrl":"https:\/\/m.media-amazon.com\/images\/I\/51apzoYhPzL._SL500_.jpg","datePublished":"2024-07-27T23:16:02+00:00","description":"Markt-XXL TUMAMA KIDS Babyspielzeug Rasseln 0-12 Monate Clip auf Kinderwagen und Kinderwagen Neugeborene, sensorisches Spielzeug f\u00fcr Babys Jungen und M\u00e4dchen","breadcrumb":{"@id":"https:\/\/marktxxl.de\/markt\/produkt\/tumama-kids-babyspielzeug-rasseln-0-12-monate-clip-auf-kinderwagen-und-kinderwagen-neugeborene-sensorisches-spielzeug-fuer-babys-jungen-und-maedchen\/#breadcrumb"},"inLanguage":"de","potentialAction":[{"@type":"ReadAction","target":["https:\/\/marktxxl.de\/markt\/produkt\/tumama-kids-babyspielzeug-rasseln-0-12-monate-clip-auf-kinderwagen-und-kinderwagen-neugeborene-sensorisches-spielzeug-fuer-babys-jungen-und-maedchen\/"]}]},{"@type":"ImageObject","inLanguage":"de","@id":"https:\/\/marktxxl.de\/markt\/produkt\/tumama-kids-babyspielzeug-rasseln-0-12-monate-clip-auf-kinderwagen-und-kinderwagen-neugeborene-sensorisches-spielzeug-fuer-babys-jungen-und-maedchen\/#primaryimage","url":"https:\/\/m.media-amazon.com\/images\/I\/51apzoYhPzL._SL500_.jpg","contentUrl":"https:\/\/m.media-amazon.com\/images\/I\/51apzoYhPzL._SL500_.jpg","width":500,"height":500},{"@type":"BreadcrumbList","@id":"https:\/\/marktxxl.de\/markt\/produkt\/tumama-kids-babyspielzeug-rasseln-0-12-monate-clip-auf-kinderwagen-und-kinderwagen-neugeborene-sensorisches-spielzeug-fuer-babys-jungen-und-maedchen\/#breadcrumb","itemListElement":[{"@type":"ListItem","position":1,"name":"Startseite","item":"https:\/\/marktxxl.de\/markt\/"},{"@type":"ListItem","position":2,"name":"Markt","item":"https:\/\/marktxxl.de\/markt\/"},{"@type":"ListItem","position":3,"name":"TUMAMA KIDS Babyspielzeug Rasseln 0-12 Monate Clip auf Kinderwagen und Kinderwagen Neugeborene, sensorisches Spielzeug f\u00fcr Babys Jungen und M\u00e4dchen"}]},{"@type":"WebSite","@id":"https:\/\/marktxxl.de\/markt\/#website","url":"https:\/\/marktxxl.de\/markt\/","name":"Markt-XXL","description":"Ihr Markt Online","publisher":{"@id":"https:\/\/marktxxl.de\/markt\/#organization"},"potentialAction":[{"@type":"SearchAction","target":{"@type":"EntryPoint","urlTemplate":"https:\/\/marktxxl.de\/markt\/?s={search_term_string}"},"query-input":{"@type":"PropertyValueSpecification","valueRequired":true,"valueName":"search_term_string"}}],"inLanguage":"de"},{"@type":"Organization","@id":"https:\/\/marktxxl.de\/markt\/#organization","name":"Markt-XXL","url":"https:\/\/marktxxl.de\/markt\/","logo":{"@type":"ImageObject","inLanguage":"de","@id":"https:\/\/marktxxl.de\/markt\/#\/schema\/logo\/image\/","url":"https:\/\/marktxxl.de\/markt\/wp-content\/uploads\/sites\/3\/2020\/12\/logo.png","contentUrl":"https:\/\/marktxxl.de\/markt\/wp-content\/uploads\/sites\/3\/2020\/12\/logo.png","width":200,"height":70,"caption":"Markt-XXL"},"image":{"@id":"https:\/\/marktxxl.de\/markt\/#\/schema\/logo\/image\/"}}]}},"_links":{"self":[{"href":"https:\/\/marktxxl.de\/markt\/wp-json\/wp\/v2\/product\/216189","targetHints":{"allow":["GET"]}}],"collection":[{"href":"https:\/\/marktxxl.de\/markt\/wp-json\/wp\/v2\/product"}],"about":[{"href":"https:\/\/marktxxl.de\/markt\/wp-json\/wp\/v2\/types\/product"}],"replies":[{"embeddable":true,"href":"https:\/\/marktxxl.de\/markt\/wp-json\/wp\/v2\/comments?post=216189"}],"wp:featuredmedia":[{"embeddable":true,"href":"https:\/\/marktxxl.de\/markt\/wp-json\/wp\/v2\/media\/216190"}],"wp:attachment":[{"href":"https:\/\/marktxxl.de\/markt\/wp-json\/wp\/v2\/media?parent=216189"}],"wp:term":[{"taxonomy":"product_brand","embeddable":true,"href":"https:\/\/marktxxl.de\/markt\/wp-json\/wp\/v2\/product_brand?post=216189"},{"taxonomy":"product_cat","embeddable":true,"href":"https:\/\/marktxxl.de\/markt\/wp-json\/wp\/v2\/product_cat?post=216189"},{"taxonomy":"product_tag","embeddable":true,"href":"https:\/\/marktxxl.de\/markt\/wp-json\/wp\/v2\/product_tag?post=216189"}],"curies":[{"name":"wp","href":"https:\/\/api.w.org\/{rel}","templated":true}]}}