{"id":216181,"date":"2024-07-28T00:50:04","date_gmt":"2024-07-27T22:50:04","guid":{"rendered":"https:\/\/marktxxl.de\/markt\/produkt\/itzy-ritzy-verstellbarer-kinderwagen-2\/"},"modified":"2024-07-28T00:50:04","modified_gmt":"2024-07-27T22:50:04","slug":"itzy-ritzy-verstellbarer-kinderwagen-2","status":"publish","type":"product","link":"https:\/\/marktxxl.de\/markt\/produkt\/itzy-ritzy-verstellbarer-kinderwagen-2\/","title":{"rendered":"Itzy Ritzy Verstellbarer Kinderwagen"},"content":{"rendered":"<p>Verstellbare Gurte f\u00fcr ultimativen Komfort: Entdecken Sie Itzy Ritzy&#8217;s Kinderwagen-Caddy mit verstellbaren Riemen, die m\u00fchelos an die meisten Kinderwagengriffe passen und sich an die meisten Kinderwagengriffe anpassen. Positionieren Sie den Caddy einfach neu f\u00fcr sofortigen, zug\u00e4nglichen Kinderwagen-Stauraum.<br \/>\nEffizientes Innenleben mit mehreren Taschen: Unser Kinderwagen-Caddy verf\u00fcgt \u00fcber zwei Flaschentaschen und ein ger\u00e4umiges Mittelfach, damit wichtige Dinge griffbereit und ordentlich organisiert sind. Das smarte Innendesign sorgt daf\u00fcr, dass Sie alles, was Sie brauchen, in Reichweite haben.<br \/>\nEXTERNAL ZIPPERED POCKET: Itzy Ritzy understands the importance of keeping parent essentials close at hand. Unser Kinderwagen-Caddy verf\u00fcgt \u00fcber eine externe Rei\u00dfverschlusstasche auf der Vorderseite, die einen sicheren Platz f\u00fcr Ihr Handy, Schl\u00fcssel und andere pers\u00f6nliche Gegenst\u00e4nde bietet.<br \/>\nLeicht zu reinigen und stilvoll: Erhalten Sie einen polierten Look mit dem Kinderwagen-Caddy von Itzy Ritzy, der m\u00fchelos mit einem feuchten Tuch abgewischt werden kann. Funktionalit\u00e4t trifft Eleganz mit dieser kleinen Wickeltaschen-Alternative, die sowohl Komfort als auch \u00c4sthetik bietet.<br \/>\nErg\u00e4nzen Sie Ihre ITZY RITZY COLLECTION: Kombinieren Sie den verstellbaren Kinderwagen-Caddy mit passenden Artikeln aus unserer Kollektion f\u00fcr einen koh\u00e4siven, modischen Look. Erh\u00f6hen Sie Ihr Kinderwagen-Spiel m\u00fchelos und stellen Sie sicher, dass jede Reise Ihren pers\u00f6nlichen Stil zeigt.<br \/>\n<div class=\"main-cross-sell\" data-asin=\"B07WKBRGRN\">\n\n\t<div class=\"WooZone-cross-sell-loader\">\n\t\t<div>\n\t\t\t<div id=\"floatingBarsG\">\n\t\t\t\t<div class=\"blockG\" id=\"rotateG_01\"><\/div>\n\t\t\t\t<div class=\"blockG\" id=\"rotateG_02\"><\/div>\n\t\t\t\t<div class=\"blockG\" id=\"rotateG_03\"><\/div>\n\t\t\t\t<div class=\"blockG\" id=\"rotateG_04\"><\/div>\n\t\t\t\t<div class=\"blockG\" id=\"rotateG_05\"><\/div>\n\t\t\t\t<div class=\"blockG\" id=\"rotateG_06\"><\/div>\n\t\t\t\t<div class=\"blockG\" id=\"rotateG_07\"><\/div>\n\t\t\t\t<div class=\"blockG\" id=\"rotateG_08\"><\/div>\n\t\t\t<\/div>\n\t\t\t<div class=\"WooZone-cross-sell-loader-text\"><\/div>\n\t\t<\/div>\n\t<\/div>\n\n\t\t\n<\/div>\n<div style=\"clear:both;\"><\/div><\/p>\n","protected":false},"excerpt":{"rendered":"<p>Verstellbare Gurte f\u00fcr ultimativen Komfort: Entdecken Sie Itzy Ritzy&#8217;s Kinderwagen-Caddy mit verstellbaren Riemen, die m\u00fchelos an die meisten Kinderwagengriffe passen und sich an die meisten Kinderwagengriffe anpassen. Positionieren Sie den Caddy einfach neu f\u00fcr sofortigen, zug\u00e4nglichen Kinderwagen-Stauraum.<br \/>\nEffizientes Innenleben mit mehreren Taschen: Unser Kinderwagen-Caddy verf\u00fcgt \u00fcber zwei Flaschentaschen und ein ger\u00e4umiges Mittelfach, damit wichtige Dinge griffbereit und ordentlich organisiert sind. Das smarte Innendesign sorgt daf\u00fcr, dass Sie alles, was Sie brauchen, in Reichweite haben.<br \/>\nEXTERNAL ZIPPERED POCKET: Itzy Ritzy understands the importance of keeping parent essentials close at hand. Unser Kinderwagen-Caddy verf\u00fcgt \u00fcber eine externe Rei\u00dfverschlusstasche auf der Vorderseite, die einen sicheren Platz f\u00fcr Ihr Handy, Schl\u00fcssel und andere pers\u00f6nliche Gegenst\u00e4nde bietet.<\/p>\n","protected":false},"featured_media":216182,"comment_status":"open","ping_status":"closed","template":"","meta":[],"product_brand":[],"product_cat":[21,9329],"product_tag":[],"class_list":{"0":"post-216181","1":"product","2":"type-product","3":"status-publish","4":"has-post-thumbnail","6":"product_cat-baby","7":"product_cat-kinderwagen-buggys-zubehoer-baby","8":"pa_binding-babyartikel","9":"pa_brand-itzy-ritzy","10":"pa_color-blush","11":"pa_height-6-5-zoll","12":"pa_length-16-5-zoll","13":"pa_manufacturer-amazonus-itzad","14":"pa_model-cad9100","15":"pa_size-1-count-pack-of-1","16":"pa_weight-0-55-pfund","17":"pa_width-4-zoll","19":"first","20":"instock","21":"shipping-taxable","22":"purchasable","23":"product-type-simple","24":"customify-col","25":"product-has-gallery"},"yoast_head":"<!-- This site is optimized with the Yoast SEO plugin v27.3 - https:\/\/yoast.com\/product\/yoast-seo-wordpress\/ -->\n<title>Itzy Ritzy Verstellbarer Kinderwagen - Markt-XXL<\/title>\n<meta name=\"description\" content=\"Markt-XXL Itzy Ritzy Verstellbarer Kinderwagen\" \/>\n<meta name=\"robots\" content=\"index, follow, max-snippet:-1, max-image-preview:large, max-video-preview:-1\" \/>\n<link rel=\"canonical\" href=\"https:\/\/marktxxl.de\/markt\/produkt\/itzy-ritzy-verstellbarer-kinderwagen-2\/\" \/>\n<meta property=\"og:locale\" content=\"de_DE\" \/>\n<meta property=\"og:type\" content=\"article\" \/>\n<meta property=\"og:title\" content=\"Itzy Ritzy Verstellbarer Kinderwagen - Markt-XXL\" \/>\n<meta property=\"og:description\" content=\"Markt-XXL Itzy Ritzy Verstellbarer Kinderwagen\" \/>\n<meta property=\"og:url\" content=\"https:\/\/marktxxl.de\/markt\/produkt\/itzy-ritzy-verstellbarer-kinderwagen-2\/\" \/>\n<meta property=\"og:site_name\" content=\"Markt-XXL\" \/>\n<meta name=\"twitter:card\" content=\"summary_large_image\" \/>\n<meta name=\"twitter:label1\" content=\"Gesch\u00e4tzte Lesezeit\" \/>\n\t<meta name=\"twitter:data1\" content=\"1\u00a0Minute\" \/>\n<script type=\"application\/ld+json\" class=\"yoast-schema-graph\">{\"@context\":\"https:\\\/\\\/schema.org\",\"@graph\":[{\"@type\":\"WebPage\",\"@id\":\"https:\\\/\\\/marktxxl.de\\\/markt\\\/produkt\\\/itzy-ritzy-verstellbarer-kinderwagen-2\\\/\",\"url\":\"https:\\\/\\\/marktxxl.de\\\/markt\\\/produkt\\\/itzy-ritzy-verstellbarer-kinderwagen-2\\\/\",\"name\":\"Itzy Ritzy Verstellbarer Kinderwagen - Markt-XXL\",\"isPartOf\":{\"@id\":\"https:\\\/\\\/marktxxl.de\\\/markt\\\/#website\"},\"primaryImageOfPage\":{\"@id\":\"https:\\\/\\\/marktxxl.de\\\/markt\\\/produkt\\\/itzy-ritzy-verstellbarer-kinderwagen-2\\\/#primaryimage\"},\"image\":{\"@id\":\"https:\\\/\\\/marktxxl.de\\\/markt\\\/produkt\\\/itzy-ritzy-verstellbarer-kinderwagen-2\\\/#primaryimage\"},\"thumbnailUrl\":\"https:\\\/\\\/m.media-amazon.com\\\/images\\\/I\\\/31duXZhLYuL._SL500_.jpg\",\"datePublished\":\"2024-07-27T22:50:04+00:00\",\"description\":\"Markt-XXL Itzy Ritzy Verstellbarer Kinderwagen\",\"breadcrumb\":{\"@id\":\"https:\\\/\\\/marktxxl.de\\\/markt\\\/produkt\\\/itzy-ritzy-verstellbarer-kinderwagen-2\\\/#breadcrumb\"},\"inLanguage\":\"de\",\"potentialAction\":[{\"@type\":\"ReadAction\",\"target\":[\"https:\\\/\\\/marktxxl.de\\\/markt\\\/produkt\\\/itzy-ritzy-verstellbarer-kinderwagen-2\\\/\"]}]},{\"@type\":\"ImageObject\",\"inLanguage\":\"de\",\"@id\":\"https:\\\/\\\/marktxxl.de\\\/markt\\\/produkt\\\/itzy-ritzy-verstellbarer-kinderwagen-2\\\/#primaryimage\",\"url\":\"https:\\\/\\\/m.media-amazon.com\\\/images\\\/I\\\/31duXZhLYuL._SL500_.jpg\",\"contentUrl\":\"https:\\\/\\\/m.media-amazon.com\\\/images\\\/I\\\/31duXZhLYuL._SL500_.jpg\",\"width\":500,\"height\":241},{\"@type\":\"BreadcrumbList\",\"@id\":\"https:\\\/\\\/marktxxl.de\\\/markt\\\/produkt\\\/itzy-ritzy-verstellbarer-kinderwagen-2\\\/#breadcrumb\",\"itemListElement\":[{\"@type\":\"ListItem\",\"position\":1,\"name\":\"Startseite\",\"item\":\"https:\\\/\\\/marktxxl.de\\\/markt\\\/\"},{\"@type\":\"ListItem\",\"position\":2,\"name\":\"Markt\",\"item\":\"https:\\\/\\\/marktxxl.de\\\/markt\\\/\"},{\"@type\":\"ListItem\",\"position\":3,\"name\":\"Itzy Ritzy Verstellbarer Kinderwagen\"}]},{\"@type\":\"WebSite\",\"@id\":\"https:\\\/\\\/marktxxl.de\\\/markt\\\/#website\",\"url\":\"https:\\\/\\\/marktxxl.de\\\/markt\\\/\",\"name\":\"Markt-XXL\",\"description\":\"Ihr Markt Online\",\"publisher\":{\"@id\":\"https:\\\/\\\/marktxxl.de\\\/markt\\\/#organization\"},\"potentialAction\":[{\"@type\":\"SearchAction\",\"target\":{\"@type\":\"EntryPoint\",\"urlTemplate\":\"https:\\\/\\\/marktxxl.de\\\/markt\\\/?s={search_term_string}\"},\"query-input\":{\"@type\":\"PropertyValueSpecification\",\"valueRequired\":true,\"valueName\":\"search_term_string\"}}],\"inLanguage\":\"de\"},{\"@type\":\"Organization\",\"@id\":\"https:\\\/\\\/marktxxl.de\\\/markt\\\/#organization\",\"name\":\"Markt-XXL\",\"url\":\"https:\\\/\\\/marktxxl.de\\\/markt\\\/\",\"logo\":{\"@type\":\"ImageObject\",\"inLanguage\":\"de\",\"@id\":\"https:\\\/\\\/marktxxl.de\\\/markt\\\/#\\\/schema\\\/logo\\\/image\\\/\",\"url\":\"https:\\\/\\\/marktxxl.de\\\/markt\\\/wp-content\\\/uploads\\\/sites\\\/3\\\/2020\\\/12\\\/logo.png\",\"contentUrl\":\"https:\\\/\\\/marktxxl.de\\\/markt\\\/wp-content\\\/uploads\\\/sites\\\/3\\\/2020\\\/12\\\/logo.png\",\"width\":200,\"height\":70,\"caption\":\"Markt-XXL\"},\"image\":{\"@id\":\"https:\\\/\\\/marktxxl.de\\\/markt\\\/#\\\/schema\\\/logo\\\/image\\\/\"}}]}<\/script>\n<!-- \/ Yoast SEO plugin. -->","yoast_head_json":{"title":"Itzy Ritzy Verstellbarer Kinderwagen - Markt-XXL","description":"Markt-XXL Itzy Ritzy Verstellbarer Kinderwagen","robots":{"index":"index","follow":"follow","max-snippet":"max-snippet:-1","max-image-preview":"max-image-preview:large","max-video-preview":"max-video-preview:-1"},"canonical":"https:\/\/marktxxl.de\/markt\/produkt\/itzy-ritzy-verstellbarer-kinderwagen-2\/","og_locale":"de_DE","og_type":"article","og_title":"Itzy Ritzy Verstellbarer Kinderwagen - Markt-XXL","og_description":"Markt-XXL Itzy Ritzy Verstellbarer Kinderwagen","og_url":"https:\/\/marktxxl.de\/markt\/produkt\/itzy-ritzy-verstellbarer-kinderwagen-2\/","og_site_name":"Markt-XXL","twitter_card":"summary_large_image","twitter_misc":{"Gesch\u00e4tzte Lesezeit":"1\u00a0Minute"},"schema":{"@context":"https:\/\/schema.org","@graph":[{"@type":"WebPage","@id":"https:\/\/marktxxl.de\/markt\/produkt\/itzy-ritzy-verstellbarer-kinderwagen-2\/","url":"https:\/\/marktxxl.de\/markt\/produkt\/itzy-ritzy-verstellbarer-kinderwagen-2\/","name":"Itzy Ritzy Verstellbarer Kinderwagen - Markt-XXL","isPartOf":{"@id":"https:\/\/marktxxl.de\/markt\/#website"},"primaryImageOfPage":{"@id":"https:\/\/marktxxl.de\/markt\/produkt\/itzy-ritzy-verstellbarer-kinderwagen-2\/#primaryimage"},"image":{"@id":"https:\/\/marktxxl.de\/markt\/produkt\/itzy-ritzy-verstellbarer-kinderwagen-2\/#primaryimage"},"thumbnailUrl":"https:\/\/m.media-amazon.com\/images\/I\/31duXZhLYuL._SL500_.jpg","datePublished":"2024-07-27T22:50:04+00:00","description":"Markt-XXL Itzy Ritzy Verstellbarer Kinderwagen","breadcrumb":{"@id":"https:\/\/marktxxl.de\/markt\/produkt\/itzy-ritzy-verstellbarer-kinderwagen-2\/#breadcrumb"},"inLanguage":"de","potentialAction":[{"@type":"ReadAction","target":["https:\/\/marktxxl.de\/markt\/produkt\/itzy-ritzy-verstellbarer-kinderwagen-2\/"]}]},{"@type":"ImageObject","inLanguage":"de","@id":"https:\/\/marktxxl.de\/markt\/produkt\/itzy-ritzy-verstellbarer-kinderwagen-2\/#primaryimage","url":"https:\/\/m.media-amazon.com\/images\/I\/31duXZhLYuL._SL500_.jpg","contentUrl":"https:\/\/m.media-amazon.com\/images\/I\/31duXZhLYuL._SL500_.jpg","width":500,"height":241},{"@type":"BreadcrumbList","@id":"https:\/\/marktxxl.de\/markt\/produkt\/itzy-ritzy-verstellbarer-kinderwagen-2\/#breadcrumb","itemListElement":[{"@type":"ListItem","position":1,"name":"Startseite","item":"https:\/\/marktxxl.de\/markt\/"},{"@type":"ListItem","position":2,"name":"Markt","item":"https:\/\/marktxxl.de\/markt\/"},{"@type":"ListItem","position":3,"name":"Itzy Ritzy Verstellbarer Kinderwagen"}]},{"@type":"WebSite","@id":"https:\/\/marktxxl.de\/markt\/#website","url":"https:\/\/marktxxl.de\/markt\/","name":"Markt-XXL","description":"Ihr Markt Online","publisher":{"@id":"https:\/\/marktxxl.de\/markt\/#organization"},"potentialAction":[{"@type":"SearchAction","target":{"@type":"EntryPoint","urlTemplate":"https:\/\/marktxxl.de\/markt\/?s={search_term_string}"},"query-input":{"@type":"PropertyValueSpecification","valueRequired":true,"valueName":"search_term_string"}}],"inLanguage":"de"},{"@type":"Organization","@id":"https:\/\/marktxxl.de\/markt\/#organization","name":"Markt-XXL","url":"https:\/\/marktxxl.de\/markt\/","logo":{"@type":"ImageObject","inLanguage":"de","@id":"https:\/\/marktxxl.de\/markt\/#\/schema\/logo\/image\/","url":"https:\/\/marktxxl.de\/markt\/wp-content\/uploads\/sites\/3\/2020\/12\/logo.png","contentUrl":"https:\/\/marktxxl.de\/markt\/wp-content\/uploads\/sites\/3\/2020\/12\/logo.png","width":200,"height":70,"caption":"Markt-XXL"},"image":{"@id":"https:\/\/marktxxl.de\/markt\/#\/schema\/logo\/image\/"}}]}},"_links":{"self":[{"href":"https:\/\/marktxxl.de\/markt\/wp-json\/wp\/v2\/product\/216181","targetHints":{"allow":["GET"]}}],"collection":[{"href":"https:\/\/marktxxl.de\/markt\/wp-json\/wp\/v2\/product"}],"about":[{"href":"https:\/\/marktxxl.de\/markt\/wp-json\/wp\/v2\/types\/product"}],"replies":[{"embeddable":true,"href":"https:\/\/marktxxl.de\/markt\/wp-json\/wp\/v2\/comments?post=216181"}],"wp:featuredmedia":[{"embeddable":true,"href":"https:\/\/marktxxl.de\/markt\/wp-json\/wp\/v2\/media\/216182"}],"wp:attachment":[{"href":"https:\/\/marktxxl.de\/markt\/wp-json\/wp\/v2\/media?parent=216181"}],"wp:term":[{"taxonomy":"product_brand","embeddable":true,"href":"https:\/\/marktxxl.de\/markt\/wp-json\/wp\/v2\/product_brand?post=216181"},{"taxonomy":"product_cat","embeddable":true,"href":"https:\/\/marktxxl.de\/markt\/wp-json\/wp\/v2\/product_cat?post=216181"},{"taxonomy":"product_tag","embeddable":true,"href":"https:\/\/marktxxl.de\/markt\/wp-json\/wp\/v2\/product_tag?post=216181"}],"curies":[{"name":"wp","href":"https:\/\/api.w.org\/{rel}","templated":true}]}}