{"id":215655,"date":"2024-06-29T04:59:30","date_gmt":"2024-06-29T02:59:30","guid":{"rendered":"https:\/\/marktxxl.de\/markt\/produkt\/scrub-daddy-scrub-mommy-special-edition-herbst-halloween\/"},"modified":"2024-06-29T04:59:30","modified_gmt":"2024-06-29T02:59:30","slug":"scrub-daddy-scrub-mommy-special-edition-herbst-halloween","status":"publish","type":"product","link":"https:\/\/marktxxl.de\/markt\/produkt\/scrub-daddy-scrub-mommy-special-edition-herbst-halloween\/","title":{"rendered":"Scrub Daddy Scrub Mommy Special Edition Herbst + Halloween"},"content":{"rendered":"<p>Temperaturgesteuertes Schrubben \u2013 Mit Scrub Daddy kontrollieren Sie im Gegensatz zu so vielen g\u00e4ngigen K\u00fcchenschwamm- und Geschirrschrubber Ihre Schrubbkraft. Scrub Daddy&#8217;s FlexTexture Schaum ist fest in kaltem Wasser f\u00fcr hartes Schrubben und weich in warmem Wasser f\u00fcr leichte Reinigung. Mit FlexTexture haben Sie f\u00fcr jedes Chaos das richtige Werkzeug.<br \/>\nKratzfrei \u2013 sicher in der Anwendung auf \u00fcber einem Dutzend verschiedenen Oberfl\u00e4chen (z. B. Glas, Edelstahl, Gusseisen, Antihaftbeschichtungen, Kupfer, Chrom, Leder) Verwenden Sie ihn, um alles zu waschen, vom Abendessen bis zum Auto. Scrub Daddy Schrubber sind nicht wie Ihre typischen Schw\u00e4mme f\u00fcr Geschirr!<br \/>\nGeruchsresistent \u2013 bei richtiger Pflege kann der Scrub Daddy Reinigungsschwamm Ger\u00fcchen und Flecken f\u00fcr bis zu 8 Wochen widerstehen<br \/>\nFlexibel \u2013 Reinigen Sie schnell und effizient Utensilien, Geschirr, M\u00f6bel, Verkleidungen, Turnschuhe, Badewannen und mehr. \u00dcberall dort, wo Schmutz, Dreck oder Schmutz vorhanden ist, kann Scrub Daddy helfen. Und ja, es ist ein gro\u00dfartiger Badschrubber<br \/>\nErgonomisch und funktional \u2013 Dieser einzigartige Sp\u00fclschwamm und mehr ist so konzipiert, dass er bequem in der Hand liegt und guten Halt und Abdeckung bietet, sodass Sie weniger Zeit mit dem Schrubben verbringen k\u00f6nnen. Mit einem niedlichen und funktionalen Design, ist es schwer, nicht zur\u00fcckzul\u00e4cheln. Seine Augen halten Sie f\u00fcr eine 360-Grad-Reichweite fest und der Mund reinigt beide Seiten Ihrer Utensilien.<br \/>\n<div class=\"main-cross-sell\" data-asin=\"B0CMJXLM6B\">\n\n\t<div class=\"WooZone-cross-sell-loader\">\n\t\t<div>\n\t\t\t<div id=\"floatingBarsG\">\n\t\t\t\t<div class=\"blockG\" id=\"rotateG_01\"><\/div>\n\t\t\t\t<div class=\"blockG\" id=\"rotateG_02\"><\/div>\n\t\t\t\t<div class=\"blockG\" id=\"rotateG_03\"><\/div>\n\t\t\t\t<div class=\"blockG\" id=\"rotateG_04\"><\/div>\n\t\t\t\t<div class=\"blockG\" id=\"rotateG_05\"><\/div>\n\t\t\t\t<div class=\"blockG\" id=\"rotateG_06\"><\/div>\n\t\t\t\t<div class=\"blockG\" id=\"rotateG_07\"><\/div>\n\t\t\t\t<div class=\"blockG\" id=\"rotateG_08\"><\/div>\n\t\t\t<\/div>\n\t\t\t<div class=\"WooZone-cross-sell-loader-text\"><\/div>\n\t\t<\/div>\n\t<\/div>\n\n\t\t\n<\/div>\n<div style=\"clear:both;\"><\/div><\/p>\n","protected":false},"excerpt":{"rendered":"<p>Temperaturgesteuertes Schrubben \u2013 Mit Scrub Daddy kontrollieren Sie im Gegensatz zu so vielen g\u00e4ngigen K\u00fcchenschwamm- und Geschirrschrubber Ihre Schrubbkraft. Scrub Daddy&#8217;s FlexTexture Schaum ist fest in kaltem Wasser f\u00fcr hartes Schrubben und weich in warmem Wasser f\u00fcr leichte Reinigung. Mit FlexTexture haben Sie f\u00fcr jedes Chaos das richtige Werkzeug.<br \/>\nKratzfrei \u2013 sicher in der Anwendung auf \u00fcber einem Dutzend verschiedenen Oberfl\u00e4chen (z. B. Glas, Edelstahl, Gusseisen, Antihaftbeschichtungen, Kupfer, Chrom, Leder) Verwenden Sie ihn, um alles zu waschen, vom Abendessen bis zum Auto. Scrub Daddy Schrubber sind nicht wie Ihre typischen Schw\u00e4mme f\u00fcr Geschirr!<br \/>\nGeruchsresistent \u2013 bei richtiger Pflege kann der Scrub Daddy Reinigungsschwamm Ger\u00fcchen und Flecken f\u00fcr bis zu 8 Wochen widerstehen<\/p>\n","protected":false},"featured_media":215658,"comment_status":"open","ping_status":"closed","template":"","meta":[],"product_brand":[],"product_cat":[566,6496],"product_tag":[],"class_list":{"0":"post-215655","1":"product","2":"type-product","3":"status-publish","4":"has-post-thumbnail","6":"product_cat-drogerie-koerperpflege","7":"product_cat-wellness","8":"pa_binding-haushaltswaren","9":"pa_brand-scrub-daddy","10":"pa_manufacturer-scrub-daddy","11":"pa_stil-halloween","12":"pa_stil-herbst-plus-halloween","14":"first","15":"instock","16":"shipping-taxable","17":"purchasable","18":"product-type-variable","19":"customify-col","20":"product-has-gallery"},"yoast_head":"<!-- This site is optimized with the Yoast SEO plugin v27.3 - https:\/\/yoast.com\/product\/yoast-seo-wordpress\/ -->\n<title>Scrub Daddy Scrub Mommy Special Edition Herbst + Halloween - Markt-XXL<\/title>\n<meta name=\"description\" content=\"Markt-XXL Scrub Daddy Scrub Mommy Special Edition Herbst + Halloween\" \/>\n<meta name=\"robots\" content=\"index, follow, max-snippet:-1, max-image-preview:large, max-video-preview:-1\" \/>\n<link rel=\"canonical\" href=\"https:\/\/marktxxl.de\/markt\/produkt\/scrub-daddy-scrub-mommy-special-edition-herbst-halloween\/\" \/>\n<meta property=\"og:locale\" content=\"de_DE\" \/>\n<meta property=\"og:type\" content=\"article\" \/>\n<meta property=\"og:title\" content=\"Scrub Daddy Scrub Mommy Special Edition Herbst + Halloween - Markt-XXL\" \/>\n<meta property=\"og:description\" content=\"Markt-XXL Scrub Daddy Scrub Mommy Special Edition Herbst + Halloween\" \/>\n<meta property=\"og:url\" content=\"https:\/\/marktxxl.de\/markt\/produkt\/scrub-daddy-scrub-mommy-special-edition-herbst-halloween\/\" \/>\n<meta property=\"og:site_name\" content=\"Markt-XXL\" \/>\n<meta name=\"twitter:card\" content=\"summary_large_image\" \/>\n<meta name=\"twitter:label1\" content=\"Gesch\u00e4tzte Lesezeit\" \/>\n\t<meta name=\"twitter:data1\" content=\"1\u00a0Minute\" \/>\n<script type=\"application\/ld+json\" class=\"yoast-schema-graph\">{\"@context\":\"https:\\\/\\\/schema.org\",\"@graph\":[{\"@type\":\"WebPage\",\"@id\":\"https:\\\/\\\/marktxxl.de\\\/markt\\\/produkt\\\/scrub-daddy-scrub-mommy-special-edition-herbst-halloween\\\/\",\"url\":\"https:\\\/\\\/marktxxl.de\\\/markt\\\/produkt\\\/scrub-daddy-scrub-mommy-special-edition-herbst-halloween\\\/\",\"name\":\"Scrub Daddy Scrub Mommy Special Edition Herbst + Halloween - Markt-XXL\",\"isPartOf\":{\"@id\":\"https:\\\/\\\/marktxxl.de\\\/markt\\\/#website\"},\"primaryImageOfPage\":{\"@id\":\"https:\\\/\\\/marktxxl.de\\\/markt\\\/produkt\\\/scrub-daddy-scrub-mommy-special-edition-herbst-halloween\\\/#primaryimage\"},\"image\":{\"@id\":\"https:\\\/\\\/marktxxl.de\\\/markt\\\/produkt\\\/scrub-daddy-scrub-mommy-special-edition-herbst-halloween\\\/#primaryimage\"},\"thumbnailUrl\":\"https:\\\/\\\/m.media-amazon.com\\\/images\\\/I\\\/21o3h0yCiML._SL500_.jpg\",\"datePublished\":\"2024-06-29T02:59:30+00:00\",\"description\":\"Markt-XXL Scrub Daddy Scrub Mommy Special Edition Herbst + Halloween\",\"breadcrumb\":{\"@id\":\"https:\\\/\\\/marktxxl.de\\\/markt\\\/produkt\\\/scrub-daddy-scrub-mommy-special-edition-herbst-halloween\\\/#breadcrumb\"},\"inLanguage\":\"de\",\"potentialAction\":[{\"@type\":\"ReadAction\",\"target\":[\"https:\\\/\\\/marktxxl.de\\\/markt\\\/produkt\\\/scrub-daddy-scrub-mommy-special-edition-herbst-halloween\\\/\"]}]},{\"@type\":\"ImageObject\",\"inLanguage\":\"de\",\"@id\":\"https:\\\/\\\/marktxxl.de\\\/markt\\\/produkt\\\/scrub-daddy-scrub-mommy-special-edition-herbst-halloween\\\/#primaryimage\",\"url\":\"https:\\\/\\\/m.media-amazon.com\\\/images\\\/I\\\/21o3h0yCiML._SL500_.jpg\",\"contentUrl\":\"https:\\\/\\\/m.media-amazon.com\\\/images\\\/I\\\/21o3h0yCiML._SL500_.jpg\",\"width\":500,\"height\":334},{\"@type\":\"BreadcrumbList\",\"@id\":\"https:\\\/\\\/marktxxl.de\\\/markt\\\/produkt\\\/scrub-daddy-scrub-mommy-special-edition-herbst-halloween\\\/#breadcrumb\",\"itemListElement\":[{\"@type\":\"ListItem\",\"position\":1,\"name\":\"Startseite\",\"item\":\"https:\\\/\\\/marktxxl.de\\\/markt\\\/\"},{\"@type\":\"ListItem\",\"position\":2,\"name\":\"Markt\",\"item\":\"https:\\\/\\\/marktxxl.de\\\/markt\\\/\"},{\"@type\":\"ListItem\",\"position\":3,\"name\":\"Scrub Daddy Scrub Mommy Special Edition Herbst + Halloween\"}]},{\"@type\":\"WebSite\",\"@id\":\"https:\\\/\\\/marktxxl.de\\\/markt\\\/#website\",\"url\":\"https:\\\/\\\/marktxxl.de\\\/markt\\\/\",\"name\":\"Markt-XXL\",\"description\":\"Ihr Markt Online\",\"publisher\":{\"@id\":\"https:\\\/\\\/marktxxl.de\\\/markt\\\/#organization\"},\"potentialAction\":[{\"@type\":\"SearchAction\",\"target\":{\"@type\":\"EntryPoint\",\"urlTemplate\":\"https:\\\/\\\/marktxxl.de\\\/markt\\\/?s={search_term_string}\"},\"query-input\":{\"@type\":\"PropertyValueSpecification\",\"valueRequired\":true,\"valueName\":\"search_term_string\"}}],\"inLanguage\":\"de\"},{\"@type\":\"Organization\",\"@id\":\"https:\\\/\\\/marktxxl.de\\\/markt\\\/#organization\",\"name\":\"Markt-XXL\",\"url\":\"https:\\\/\\\/marktxxl.de\\\/markt\\\/\",\"logo\":{\"@type\":\"ImageObject\",\"inLanguage\":\"de\",\"@id\":\"https:\\\/\\\/marktxxl.de\\\/markt\\\/#\\\/schema\\\/logo\\\/image\\\/\",\"url\":\"https:\\\/\\\/marktxxl.de\\\/markt\\\/wp-content\\\/uploads\\\/sites\\\/3\\\/2020\\\/12\\\/logo.png\",\"contentUrl\":\"https:\\\/\\\/marktxxl.de\\\/markt\\\/wp-content\\\/uploads\\\/sites\\\/3\\\/2020\\\/12\\\/logo.png\",\"width\":200,\"height\":70,\"caption\":\"Markt-XXL\"},\"image\":{\"@id\":\"https:\\\/\\\/marktxxl.de\\\/markt\\\/#\\\/schema\\\/logo\\\/image\\\/\"}}]}<\/script>\n<!-- \/ Yoast SEO plugin. -->","yoast_head_json":{"title":"Scrub Daddy Scrub Mommy Special Edition Herbst + Halloween - Markt-XXL","description":"Markt-XXL Scrub Daddy Scrub Mommy Special Edition Herbst + Halloween","robots":{"index":"index","follow":"follow","max-snippet":"max-snippet:-1","max-image-preview":"max-image-preview:large","max-video-preview":"max-video-preview:-1"},"canonical":"https:\/\/marktxxl.de\/markt\/produkt\/scrub-daddy-scrub-mommy-special-edition-herbst-halloween\/","og_locale":"de_DE","og_type":"article","og_title":"Scrub Daddy Scrub Mommy Special Edition Herbst + Halloween - Markt-XXL","og_description":"Markt-XXL Scrub Daddy Scrub Mommy Special Edition Herbst + Halloween","og_url":"https:\/\/marktxxl.de\/markt\/produkt\/scrub-daddy-scrub-mommy-special-edition-herbst-halloween\/","og_site_name":"Markt-XXL","twitter_card":"summary_large_image","twitter_misc":{"Gesch\u00e4tzte Lesezeit":"1\u00a0Minute"},"schema":{"@context":"https:\/\/schema.org","@graph":[{"@type":"WebPage","@id":"https:\/\/marktxxl.de\/markt\/produkt\/scrub-daddy-scrub-mommy-special-edition-herbst-halloween\/","url":"https:\/\/marktxxl.de\/markt\/produkt\/scrub-daddy-scrub-mommy-special-edition-herbst-halloween\/","name":"Scrub Daddy Scrub Mommy Special Edition Herbst + Halloween - Markt-XXL","isPartOf":{"@id":"https:\/\/marktxxl.de\/markt\/#website"},"primaryImageOfPage":{"@id":"https:\/\/marktxxl.de\/markt\/produkt\/scrub-daddy-scrub-mommy-special-edition-herbst-halloween\/#primaryimage"},"image":{"@id":"https:\/\/marktxxl.de\/markt\/produkt\/scrub-daddy-scrub-mommy-special-edition-herbst-halloween\/#primaryimage"},"thumbnailUrl":"https:\/\/m.media-amazon.com\/images\/I\/21o3h0yCiML._SL500_.jpg","datePublished":"2024-06-29T02:59:30+00:00","description":"Markt-XXL Scrub Daddy Scrub Mommy Special Edition Herbst + Halloween","breadcrumb":{"@id":"https:\/\/marktxxl.de\/markt\/produkt\/scrub-daddy-scrub-mommy-special-edition-herbst-halloween\/#breadcrumb"},"inLanguage":"de","potentialAction":[{"@type":"ReadAction","target":["https:\/\/marktxxl.de\/markt\/produkt\/scrub-daddy-scrub-mommy-special-edition-herbst-halloween\/"]}]},{"@type":"ImageObject","inLanguage":"de","@id":"https:\/\/marktxxl.de\/markt\/produkt\/scrub-daddy-scrub-mommy-special-edition-herbst-halloween\/#primaryimage","url":"https:\/\/m.media-amazon.com\/images\/I\/21o3h0yCiML._SL500_.jpg","contentUrl":"https:\/\/m.media-amazon.com\/images\/I\/21o3h0yCiML._SL500_.jpg","width":500,"height":334},{"@type":"BreadcrumbList","@id":"https:\/\/marktxxl.de\/markt\/produkt\/scrub-daddy-scrub-mommy-special-edition-herbst-halloween\/#breadcrumb","itemListElement":[{"@type":"ListItem","position":1,"name":"Startseite","item":"https:\/\/marktxxl.de\/markt\/"},{"@type":"ListItem","position":2,"name":"Markt","item":"https:\/\/marktxxl.de\/markt\/"},{"@type":"ListItem","position":3,"name":"Scrub Daddy Scrub Mommy Special Edition Herbst + Halloween"}]},{"@type":"WebSite","@id":"https:\/\/marktxxl.de\/markt\/#website","url":"https:\/\/marktxxl.de\/markt\/","name":"Markt-XXL","description":"Ihr Markt Online","publisher":{"@id":"https:\/\/marktxxl.de\/markt\/#organization"},"potentialAction":[{"@type":"SearchAction","target":{"@type":"EntryPoint","urlTemplate":"https:\/\/marktxxl.de\/markt\/?s={search_term_string}"},"query-input":{"@type":"PropertyValueSpecification","valueRequired":true,"valueName":"search_term_string"}}],"inLanguage":"de"},{"@type":"Organization","@id":"https:\/\/marktxxl.de\/markt\/#organization","name":"Markt-XXL","url":"https:\/\/marktxxl.de\/markt\/","logo":{"@type":"ImageObject","inLanguage":"de","@id":"https:\/\/marktxxl.de\/markt\/#\/schema\/logo\/image\/","url":"https:\/\/marktxxl.de\/markt\/wp-content\/uploads\/sites\/3\/2020\/12\/logo.png","contentUrl":"https:\/\/marktxxl.de\/markt\/wp-content\/uploads\/sites\/3\/2020\/12\/logo.png","width":200,"height":70,"caption":"Markt-XXL"},"image":{"@id":"https:\/\/marktxxl.de\/markt\/#\/schema\/logo\/image\/"}}]}},"_links":{"self":[{"href":"https:\/\/marktxxl.de\/markt\/wp-json\/wp\/v2\/product\/215655","targetHints":{"allow":["GET"]}}],"collection":[{"href":"https:\/\/marktxxl.de\/markt\/wp-json\/wp\/v2\/product"}],"about":[{"href":"https:\/\/marktxxl.de\/markt\/wp-json\/wp\/v2\/types\/product"}],"replies":[{"embeddable":true,"href":"https:\/\/marktxxl.de\/markt\/wp-json\/wp\/v2\/comments?post=215655"}],"wp:featuredmedia":[{"embeddable":true,"href":"https:\/\/marktxxl.de\/markt\/wp-json\/wp\/v2\/media\/215658"}],"wp:attachment":[{"href":"https:\/\/marktxxl.de\/markt\/wp-json\/wp\/v2\/media?parent=215655"}],"wp:term":[{"taxonomy":"product_brand","embeddable":true,"href":"https:\/\/marktxxl.de\/markt\/wp-json\/wp\/v2\/product_brand?post=215655"},{"taxonomy":"product_cat","embeddable":true,"href":"https:\/\/marktxxl.de\/markt\/wp-json\/wp\/v2\/product_cat?post=215655"},{"taxonomy":"product_tag","embeddable":true,"href":"https:\/\/marktxxl.de\/markt\/wp-json\/wp\/v2\/product_tag?post=215655"}],"curies":[{"name":"wp","href":"https:\/\/api.w.org\/{rel}","templated":true}]}}