{"id":215628,"date":"2024-06-29T04:58:57","date_gmt":"2024-06-29T02:58:57","guid":{"rendered":"https:\/\/marktxxl.de\/markt\/produkt\/philips-avent-ultra-soft-schnuller-2er-pack-bpa-freier-schnuller-fuer-babys-von-6-bis-18-monaten-dunkelgruen-dunkelorange-modell-scf091-04\/"},"modified":"2024-06-29T04:58:57","modified_gmt":"2024-06-29T02:58:57","slug":"philips-avent-ultra-soft-schnuller-2er-pack-bpa-freier-schnuller-fuer-babys-von-6-bis-18-monaten-dunkelgruen-dunkelorange-modell-scf091-04","status":"publish","type":"product","link":"https:\/\/marktxxl.de\/markt\/produkt\/philips-avent-ultra-soft-schnuller-2er-pack-bpa-freier-schnuller-fuer-babys-von-6-bis-18-monaten-dunkelgruen-dunkelorange-modell-scf091-04\/","title":{"rendered":"Philips Avent Ultra Soft Schnuller, 2er-Pack \u2013 BPA-freier Schnuller f\u00fcr Babys von 6 bis 18 Monaten, dunkelgr\u00fcn\/dunkelorange (Modell SCF091\/04)"},"content":{"rendered":"<p>Empfindliche Haut: Der Philips Avent Ultra Soft Air Schnuller nutzt eine Saugerschildtechnologie, mit der er sich den nat\u00fcrlichen Gesichtskonturen Ihres Babys anpasst, um Abdr\u00fccke auf der Haut und Hautirritationen zu vermeiden<br \/>\nEinfache Sterilisation: Die Ultra Soft Transporttasche dient als Sterilisator f\u00fcr die Reinigung des Schnullers Ihres Babys. Sie m\u00fcssen nur etwas Wasser hinzuf\u00fcgen und es f\u00fcr eine schnelle und einfache Reinigung in die Mikrowelle stellen<br \/>\n98 %-ige Annahme des Saugers: Wir haben M\u00fctter gefragt, wie ihre Kinder auf unsere Silikonsauger reagieren. 98 % gaben an, dass ihr Baby die Philips Avent Ultra Soft und Ultra Air Schnuller akzeptiert<br \/>\nMundhygiene: Achten Sie auf die Zahnentwicklung Ihres Babys mit einem symmetrischen Sauger, der die nat\u00fcrliche Form von Gaumen, Z\u00e4hnen und Zahnfleisch respektiert<br \/>\nDas Set enth\u00e4lt: 2 x Philips Avent Ultra Soft Schnuller und 1 x Ultra Soft Schnuller (Transporttasche), BPA-freier Schnuller f\u00fcr Kinder im Alter von 6 bis 18 Monaten, sp\u00fclmaschinenfest und \u00fcber den Sicherheitsring leicht zu reinigen<br \/>\n<div class=\"main-cross-sell\" data-asin=\"B09P1VDGG6\">\n\n\t<div class=\"WooZone-cross-sell-loader\">\n\t\t<div>\n\t\t\t<div id=\"floatingBarsG\">\n\t\t\t\t<div class=\"blockG\" id=\"rotateG_01\"><\/div>\n\t\t\t\t<div class=\"blockG\" id=\"rotateG_02\"><\/div>\n\t\t\t\t<div class=\"blockG\" id=\"rotateG_03\"><\/div>\n\t\t\t\t<div class=\"blockG\" id=\"rotateG_04\"><\/div>\n\t\t\t\t<div class=\"blockG\" id=\"rotateG_05\"><\/div>\n\t\t\t\t<div class=\"blockG\" id=\"rotateG_06\"><\/div>\n\t\t\t\t<div class=\"blockG\" id=\"rotateG_07\"><\/div>\n\t\t\t\t<div class=\"blockG\" id=\"rotateG_08\"><\/div>\n\t\t\t<\/div>\n\t\t\t<div class=\"WooZone-cross-sell-loader-text\"><\/div>\n\t\t<\/div>\n\t<\/div>\n\n\t\t\n<\/div>\n<div style=\"clear:both;\"><\/div><\/p>\n","protected":false},"excerpt":{"rendered":"<p>Empfindliche Haut: Der Philips Avent Ultra Soft Air Schnuller nutzt eine Saugerschildtechnologie, mit der er sich den nat\u00fcrlichen Gesichtskonturen Ihres Babys anpasst, um Abdr\u00fccke auf der Haut und Hautirritationen zu vermeiden<br \/>\nEinfache Sterilisation: Die Ultra Soft Transporttasche dient als Sterilisator f\u00fcr die Reinigung des Schnullers Ihres Babys. Sie m\u00fcssen nur etwas Wasser hinzuf\u00fcgen und es f\u00fcr eine schnelle und einfache Reinigung in die Mikrowelle stellen<br \/>\n98 %-ige Annahme des Saugers: Wir haben M\u00fctter gefragt, wie ihre Kinder auf unsere Silikonsauger reagieren. 98 % gaben an, dass ihr Baby die Philips Avent Ultra Soft und Ultra Air Schnuller akzeptiert<\/p>\n","protected":false},"featured_media":215637,"comment_status":"open","ping_status":"closed","template":"","meta":[],"product_brand":[],"product_cat":[566,5981],"product_tag":[],"class_list":{"0":"post-215628","1":"product","2":"type-product","3":"status-publish","4":"has-post-thumbnail","6":"product_cat-drogerie-koerperpflege","7":"product_cat-mund-zahnpflege","8":"pa_binding-babyartikel","9":"pa_brand-philips","10":"pa_color-dunkelgruen-dunkelorange","11":"pa_farbe-blau","12":"pa_farbe-dunkelgruen-dunkelorange","13":"pa_farbe-grau-petrol","14":"pa_farbe-gruen-creme","15":"pa_farbe-gruen-orange-pastell","16":"pa_farbe-hellrosa-lavendel","17":"pa_farbe-lila-orange","18":"pa_farbe-wal-stern","19":"pa_groesse-2-stueck-1er-pack","20":"pa_groesse-2er-pack","21":"pa_height-4-9606299162-zoll","22":"pa_languages-unbekannt-deutsch-unbekannt-englisch-unbekannt-franzoesisch","23":"pa_length-1-968503935-zoll","24":"pa_manufacturer-philips-consumer-lifestyle-b-v","25":"pa_model-scf091-04","26":"pa_size-2er-pack","27":"pa_width-4-2519684996-zoll","29":"first","30":"instock","31":"sale","32":"shipping-taxable","33":"purchasable","34":"product-type-variable","35":"customify-col","36":"product-has-gallery"},"yoast_head":"<!-- This site is optimized with the Yoast SEO plugin v27.3 - https:\/\/yoast.com\/product\/yoast-seo-wordpress\/ -->\n<title>Philips Avent Ultra Soft Schnuller, 2er-Pack \u2013 BPA-freier Schnuller f\u00fcr Babys von 6 bis 18 Monaten, dunkelgr\u00fcn\/dunkelorange (Modell SCF091\/04) - Markt-XXL<\/title>\n<meta name=\"description\" content=\"Markt-XXL Philips Avent Ultra Soft Schnuller, 2er-Pack \u2013 BPA-freier Schnuller f\u00fcr Babys von 6 bis 18 Monaten, dunkelgr\u00fcn\/dunkelorange (Modell SCF091\/04)\" \/>\n<meta name=\"robots\" content=\"index, follow, max-snippet:-1, max-image-preview:large, max-video-preview:-1\" \/>\n<link rel=\"canonical\" href=\"https:\/\/marktxxl.de\/markt\/produkt\/philips-avent-ultra-soft-schnuller-2er-pack-bpa-freier-schnuller-fuer-babys-von-6-bis-18-monaten-dunkelgruen-dunkelorange-modell-scf091-04\/\" \/>\n<meta property=\"og:locale\" content=\"de_DE\" \/>\n<meta property=\"og:type\" content=\"article\" \/>\n<meta property=\"og:title\" content=\"Philips Avent Ultra Soft Schnuller, 2er-Pack \u2013 BPA-freier Schnuller f\u00fcr Babys von 6 bis 18 Monaten, dunkelgr\u00fcn\/dunkelorange (Modell SCF091\/04) - Markt-XXL\" \/>\n<meta property=\"og:description\" content=\"Markt-XXL Philips Avent Ultra Soft Schnuller, 2er-Pack \u2013 BPA-freier Schnuller f\u00fcr Babys von 6 bis 18 Monaten, dunkelgr\u00fcn\/dunkelorange (Modell SCF091\/04)\" \/>\n<meta property=\"og:url\" content=\"https:\/\/marktxxl.de\/markt\/produkt\/philips-avent-ultra-soft-schnuller-2er-pack-bpa-freier-schnuller-fuer-babys-von-6-bis-18-monaten-dunkelgruen-dunkelorange-modell-scf091-04\/\" \/>\n<meta property=\"og:site_name\" content=\"Markt-XXL\" \/>\n<meta name=\"twitter:card\" content=\"summary_large_image\" \/>\n<meta name=\"twitter:label1\" content=\"Gesch\u00e4tzte Lesezeit\" \/>\n\t<meta name=\"twitter:data1\" content=\"1\u00a0Minute\" \/>\n<script type=\"application\/ld+json\" class=\"yoast-schema-graph\">{\"@context\":\"https:\\\/\\\/schema.org\",\"@graph\":[{\"@type\":\"WebPage\",\"@id\":\"https:\\\/\\\/marktxxl.de\\\/markt\\\/produkt\\\/philips-avent-ultra-soft-schnuller-2er-pack-bpa-freier-schnuller-fuer-babys-von-6-bis-18-monaten-dunkelgruen-dunkelorange-modell-scf091-04\\\/\",\"url\":\"https:\\\/\\\/marktxxl.de\\\/markt\\\/produkt\\\/philips-avent-ultra-soft-schnuller-2er-pack-bpa-freier-schnuller-fuer-babys-von-6-bis-18-monaten-dunkelgruen-dunkelorange-modell-scf091-04\\\/\",\"name\":\"Philips Avent Ultra Soft Schnuller, 2er-Pack \u2013 BPA-freier Schnuller f\u00fcr Babys von 6 bis 18 Monaten, dunkelgr\u00fcn\\\/dunkelorange (Modell SCF091\\\/04) - Markt-XXL\",\"isPartOf\":{\"@id\":\"https:\\\/\\\/marktxxl.de\\\/markt\\\/#website\"},\"primaryImageOfPage\":{\"@id\":\"https:\\\/\\\/marktxxl.de\\\/markt\\\/produkt\\\/philips-avent-ultra-soft-schnuller-2er-pack-bpa-freier-schnuller-fuer-babys-von-6-bis-18-monaten-dunkelgruen-dunkelorange-modell-scf091-04\\\/#primaryimage\"},\"image\":{\"@id\":\"https:\\\/\\\/marktxxl.de\\\/markt\\\/produkt\\\/philips-avent-ultra-soft-schnuller-2er-pack-bpa-freier-schnuller-fuer-babys-von-6-bis-18-monaten-dunkelgruen-dunkelorange-modell-scf091-04\\\/#primaryimage\"},\"thumbnailUrl\":\"https:\\\/\\\/m.media-amazon.com\\\/images\\\/I\\\/41AF2yr0T1L._SL500_.jpg\",\"datePublished\":\"2024-06-29T02:58:57+00:00\",\"description\":\"Markt-XXL Philips Avent Ultra Soft Schnuller, 2er-Pack \u2013 BPA-freier Schnuller f\u00fcr Babys von 6 bis 18 Monaten, dunkelgr\u00fcn\\\/dunkelorange (Modell SCF091\\\/04)\",\"breadcrumb\":{\"@id\":\"https:\\\/\\\/marktxxl.de\\\/markt\\\/produkt\\\/philips-avent-ultra-soft-schnuller-2er-pack-bpa-freier-schnuller-fuer-babys-von-6-bis-18-monaten-dunkelgruen-dunkelorange-modell-scf091-04\\\/#breadcrumb\"},\"inLanguage\":\"de\",\"potentialAction\":[{\"@type\":\"ReadAction\",\"target\":[\"https:\\\/\\\/marktxxl.de\\\/markt\\\/produkt\\\/philips-avent-ultra-soft-schnuller-2er-pack-bpa-freier-schnuller-fuer-babys-von-6-bis-18-monaten-dunkelgruen-dunkelorange-modell-scf091-04\\\/\"]}]},{\"@type\":\"ImageObject\",\"inLanguage\":\"de\",\"@id\":\"https:\\\/\\\/marktxxl.de\\\/markt\\\/produkt\\\/philips-avent-ultra-soft-schnuller-2er-pack-bpa-freier-schnuller-fuer-babys-von-6-bis-18-monaten-dunkelgruen-dunkelorange-modell-scf091-04\\\/#primaryimage\",\"url\":\"https:\\\/\\\/m.media-amazon.com\\\/images\\\/I\\\/41AF2yr0T1L._SL500_.jpg\",\"contentUrl\":\"https:\\\/\\\/m.media-amazon.com\\\/images\\\/I\\\/41AF2yr0T1L._SL500_.jpg\",\"width\":500,\"height\":500},{\"@type\":\"BreadcrumbList\",\"@id\":\"https:\\\/\\\/marktxxl.de\\\/markt\\\/produkt\\\/philips-avent-ultra-soft-schnuller-2er-pack-bpa-freier-schnuller-fuer-babys-von-6-bis-18-monaten-dunkelgruen-dunkelorange-modell-scf091-04\\\/#breadcrumb\",\"itemListElement\":[{\"@type\":\"ListItem\",\"position\":1,\"name\":\"Startseite\",\"item\":\"https:\\\/\\\/marktxxl.de\\\/markt\\\/\"},{\"@type\":\"ListItem\",\"position\":2,\"name\":\"Markt\",\"item\":\"https:\\\/\\\/marktxxl.de\\\/markt\\\/\"},{\"@type\":\"ListItem\",\"position\":3,\"name\":\"Philips Avent Ultra Soft Schnuller, 2er-Pack \u2013 BPA-freier Schnuller f\u00fcr Babys von 6 bis 18 Monaten, dunkelgr\u00fcn\\\/dunkelorange (Modell SCF091\\\/04)\"}]},{\"@type\":\"WebSite\",\"@id\":\"https:\\\/\\\/marktxxl.de\\\/markt\\\/#website\",\"url\":\"https:\\\/\\\/marktxxl.de\\\/markt\\\/\",\"name\":\"Markt-XXL\",\"description\":\"Ihr Markt Online\",\"publisher\":{\"@id\":\"https:\\\/\\\/marktxxl.de\\\/markt\\\/#organization\"},\"potentialAction\":[{\"@type\":\"SearchAction\",\"target\":{\"@type\":\"EntryPoint\",\"urlTemplate\":\"https:\\\/\\\/marktxxl.de\\\/markt\\\/?s={search_term_string}\"},\"query-input\":{\"@type\":\"PropertyValueSpecification\",\"valueRequired\":true,\"valueName\":\"search_term_string\"}}],\"inLanguage\":\"de\"},{\"@type\":\"Organization\",\"@id\":\"https:\\\/\\\/marktxxl.de\\\/markt\\\/#organization\",\"name\":\"Markt-XXL\",\"url\":\"https:\\\/\\\/marktxxl.de\\\/markt\\\/\",\"logo\":{\"@type\":\"ImageObject\",\"inLanguage\":\"de\",\"@id\":\"https:\\\/\\\/marktxxl.de\\\/markt\\\/#\\\/schema\\\/logo\\\/image\\\/\",\"url\":\"https:\\\/\\\/marktxxl.de\\\/markt\\\/wp-content\\\/uploads\\\/sites\\\/3\\\/2020\\\/12\\\/logo.png\",\"contentUrl\":\"https:\\\/\\\/marktxxl.de\\\/markt\\\/wp-content\\\/uploads\\\/sites\\\/3\\\/2020\\\/12\\\/logo.png\",\"width\":200,\"height\":70,\"caption\":\"Markt-XXL\"},\"image\":{\"@id\":\"https:\\\/\\\/marktxxl.de\\\/markt\\\/#\\\/schema\\\/logo\\\/image\\\/\"}}]}<\/script>\n<!-- \/ Yoast SEO plugin. -->","yoast_head_json":{"title":"Philips Avent Ultra Soft Schnuller, 2er-Pack \u2013 BPA-freier Schnuller f\u00fcr Babys von 6 bis 18 Monaten, dunkelgr\u00fcn\/dunkelorange (Modell SCF091\/04) - Markt-XXL","description":"Markt-XXL Philips Avent Ultra Soft Schnuller, 2er-Pack \u2013 BPA-freier Schnuller f\u00fcr Babys von 6 bis 18 Monaten, dunkelgr\u00fcn\/dunkelorange (Modell SCF091\/04)","robots":{"index":"index","follow":"follow","max-snippet":"max-snippet:-1","max-image-preview":"max-image-preview:large","max-video-preview":"max-video-preview:-1"},"canonical":"https:\/\/marktxxl.de\/markt\/produkt\/philips-avent-ultra-soft-schnuller-2er-pack-bpa-freier-schnuller-fuer-babys-von-6-bis-18-monaten-dunkelgruen-dunkelorange-modell-scf091-04\/","og_locale":"de_DE","og_type":"article","og_title":"Philips Avent Ultra Soft Schnuller, 2er-Pack \u2013 BPA-freier Schnuller f\u00fcr Babys von 6 bis 18 Monaten, dunkelgr\u00fcn\/dunkelorange (Modell SCF091\/04) - Markt-XXL","og_description":"Markt-XXL Philips Avent Ultra Soft Schnuller, 2er-Pack \u2013 BPA-freier Schnuller f\u00fcr Babys von 6 bis 18 Monaten, dunkelgr\u00fcn\/dunkelorange (Modell SCF091\/04)","og_url":"https:\/\/marktxxl.de\/markt\/produkt\/philips-avent-ultra-soft-schnuller-2er-pack-bpa-freier-schnuller-fuer-babys-von-6-bis-18-monaten-dunkelgruen-dunkelorange-modell-scf091-04\/","og_site_name":"Markt-XXL","twitter_card":"summary_large_image","twitter_misc":{"Gesch\u00e4tzte Lesezeit":"1\u00a0Minute"},"schema":{"@context":"https:\/\/schema.org","@graph":[{"@type":"WebPage","@id":"https:\/\/marktxxl.de\/markt\/produkt\/philips-avent-ultra-soft-schnuller-2er-pack-bpa-freier-schnuller-fuer-babys-von-6-bis-18-monaten-dunkelgruen-dunkelorange-modell-scf091-04\/","url":"https:\/\/marktxxl.de\/markt\/produkt\/philips-avent-ultra-soft-schnuller-2er-pack-bpa-freier-schnuller-fuer-babys-von-6-bis-18-monaten-dunkelgruen-dunkelorange-modell-scf091-04\/","name":"Philips Avent Ultra Soft Schnuller, 2er-Pack \u2013 BPA-freier Schnuller f\u00fcr Babys von 6 bis 18 Monaten, dunkelgr\u00fcn\/dunkelorange (Modell SCF091\/04) - Markt-XXL","isPartOf":{"@id":"https:\/\/marktxxl.de\/markt\/#website"},"primaryImageOfPage":{"@id":"https:\/\/marktxxl.de\/markt\/produkt\/philips-avent-ultra-soft-schnuller-2er-pack-bpa-freier-schnuller-fuer-babys-von-6-bis-18-monaten-dunkelgruen-dunkelorange-modell-scf091-04\/#primaryimage"},"image":{"@id":"https:\/\/marktxxl.de\/markt\/produkt\/philips-avent-ultra-soft-schnuller-2er-pack-bpa-freier-schnuller-fuer-babys-von-6-bis-18-monaten-dunkelgruen-dunkelorange-modell-scf091-04\/#primaryimage"},"thumbnailUrl":"https:\/\/m.media-amazon.com\/images\/I\/41AF2yr0T1L._SL500_.jpg","datePublished":"2024-06-29T02:58:57+00:00","description":"Markt-XXL Philips Avent Ultra Soft Schnuller, 2er-Pack \u2013 BPA-freier Schnuller f\u00fcr Babys von 6 bis 18 Monaten, dunkelgr\u00fcn\/dunkelorange (Modell SCF091\/04)","breadcrumb":{"@id":"https:\/\/marktxxl.de\/markt\/produkt\/philips-avent-ultra-soft-schnuller-2er-pack-bpa-freier-schnuller-fuer-babys-von-6-bis-18-monaten-dunkelgruen-dunkelorange-modell-scf091-04\/#breadcrumb"},"inLanguage":"de","potentialAction":[{"@type":"ReadAction","target":["https:\/\/marktxxl.de\/markt\/produkt\/philips-avent-ultra-soft-schnuller-2er-pack-bpa-freier-schnuller-fuer-babys-von-6-bis-18-monaten-dunkelgruen-dunkelorange-modell-scf091-04\/"]}]},{"@type":"ImageObject","inLanguage":"de","@id":"https:\/\/marktxxl.de\/markt\/produkt\/philips-avent-ultra-soft-schnuller-2er-pack-bpa-freier-schnuller-fuer-babys-von-6-bis-18-monaten-dunkelgruen-dunkelorange-modell-scf091-04\/#primaryimage","url":"https:\/\/m.media-amazon.com\/images\/I\/41AF2yr0T1L._SL500_.jpg","contentUrl":"https:\/\/m.media-amazon.com\/images\/I\/41AF2yr0T1L._SL500_.jpg","width":500,"height":500},{"@type":"BreadcrumbList","@id":"https:\/\/marktxxl.de\/markt\/produkt\/philips-avent-ultra-soft-schnuller-2er-pack-bpa-freier-schnuller-fuer-babys-von-6-bis-18-monaten-dunkelgruen-dunkelorange-modell-scf091-04\/#breadcrumb","itemListElement":[{"@type":"ListItem","position":1,"name":"Startseite","item":"https:\/\/marktxxl.de\/markt\/"},{"@type":"ListItem","position":2,"name":"Markt","item":"https:\/\/marktxxl.de\/markt\/"},{"@type":"ListItem","position":3,"name":"Philips Avent Ultra Soft Schnuller, 2er-Pack \u2013 BPA-freier Schnuller f\u00fcr Babys von 6 bis 18 Monaten, dunkelgr\u00fcn\/dunkelorange (Modell SCF091\/04)"}]},{"@type":"WebSite","@id":"https:\/\/marktxxl.de\/markt\/#website","url":"https:\/\/marktxxl.de\/markt\/","name":"Markt-XXL","description":"Ihr Markt Online","publisher":{"@id":"https:\/\/marktxxl.de\/markt\/#organization"},"potentialAction":[{"@type":"SearchAction","target":{"@type":"EntryPoint","urlTemplate":"https:\/\/marktxxl.de\/markt\/?s={search_term_string}"},"query-input":{"@type":"PropertyValueSpecification","valueRequired":true,"valueName":"search_term_string"}}],"inLanguage":"de"},{"@type":"Organization","@id":"https:\/\/marktxxl.de\/markt\/#organization","name":"Markt-XXL","url":"https:\/\/marktxxl.de\/markt\/","logo":{"@type":"ImageObject","inLanguage":"de","@id":"https:\/\/marktxxl.de\/markt\/#\/schema\/logo\/image\/","url":"https:\/\/marktxxl.de\/markt\/wp-content\/uploads\/sites\/3\/2020\/12\/logo.png","contentUrl":"https:\/\/marktxxl.de\/markt\/wp-content\/uploads\/sites\/3\/2020\/12\/logo.png","width":200,"height":70,"caption":"Markt-XXL"},"image":{"@id":"https:\/\/marktxxl.de\/markt\/#\/schema\/logo\/image\/"}}]}},"_links":{"self":[{"href":"https:\/\/marktxxl.de\/markt\/wp-json\/wp\/v2\/product\/215628","targetHints":{"allow":["GET"]}}],"collection":[{"href":"https:\/\/marktxxl.de\/markt\/wp-json\/wp\/v2\/product"}],"about":[{"href":"https:\/\/marktxxl.de\/markt\/wp-json\/wp\/v2\/types\/product"}],"replies":[{"embeddable":true,"href":"https:\/\/marktxxl.de\/markt\/wp-json\/wp\/v2\/comments?post=215628"}],"wp:featuredmedia":[{"embeddable":true,"href":"https:\/\/marktxxl.de\/markt\/wp-json\/wp\/v2\/media\/215637"}],"wp:attachment":[{"href":"https:\/\/marktxxl.de\/markt\/wp-json\/wp\/v2\/media?parent=215628"}],"wp:term":[{"taxonomy":"product_brand","embeddable":true,"href":"https:\/\/marktxxl.de\/markt\/wp-json\/wp\/v2\/product_brand?post=215628"},{"taxonomy":"product_cat","embeddable":true,"href":"https:\/\/marktxxl.de\/markt\/wp-json\/wp\/v2\/product_cat?post=215628"},{"taxonomy":"product_tag","embeddable":true,"href":"https:\/\/marktxxl.de\/markt\/wp-json\/wp\/v2\/product_tag?post=215628"}],"curies":[{"name":"wp","href":"https:\/\/api.w.org\/{rel}","templated":true}]}}