{"id":215621,"date":"2024-06-29T04:58:41","date_gmt":"2024-06-29T02:58:41","guid":{"rendered":"https:\/\/marktxxl.de\/markt\/produkt\/philips-avent-ultra-soft-schnuller-2er-pack-bpa-freier-extra-weicher-schnuller-fuer-babys-von-0-6-monaten-inklusive-transport-und-sterilisationsbox-gruen-creme-modell-scf091-05\/"},"modified":"2024-06-29T04:58:41","modified_gmt":"2024-06-29T02:58:41","slug":"philips-avent-ultra-soft-schnuller-2er-pack-bpa-freier-extra-weicher-schnuller-fuer-babys-von-0-6-monaten-inklusive-transport-und-sterilisationsbox-gruen-creme-modell-scf091-05","status":"publish","type":"product","link":"https:\/\/marktxxl.de\/markt\/produkt\/philips-avent-ultra-soft-schnuller-2er-pack-bpa-freier-extra-weicher-schnuller-fuer-babys-von-0-6-monaten-inklusive-transport-und-sterilisationsbox-gruen-creme-modell-scf091-05\/","title":{"rendered":"Philips Avent ultra soft Schnuller &#8211; 2er Pack, BPA-freier, extra weicher Schnuller f\u00fcr Babys von 0-6 Monaten, inklusive Transport- und Sterilisationsbox, gr\u00fcn\/creme (Modell SCF091\/05)"},"content":{"rendered":"<p>Weiches, flexibles Saugerschild: Dank des ultraweichen, flexiblen Saugerschilds passt sich der ultra soft Schnuller den nat\u00fcrlichen Gesichtskonturen Deines Babys an, sodass weniger Druckstellen auf der Haut zur\u00fcckbleiben und die Reizungen auf den Wangen reduziert werden.<br \/>\nAbgerundetes Saugerschild: Unser abgerundetes Saugerschild minimiert den Druck auf die Wangen und schont so zus\u00e4tzlich die zarte Haut Deines Babys.<br \/>\nBPA-frei: Unsere Philips Avent ultra soft und ultra air Sauger bestehen zu 100 % aus lebensmitteltauglichem Silikon. Sie sind frei von gef\u00e4hrlichen Chemikalien und Substanzen wie BPA und Allergenen.<br \/>\nNat\u00fcrliche Dentalentwicklung: Unsere kiefergerechten, symmetrischen und weichen Sauger aus Silikon sind f\u00fcr eine nat\u00fcrliche Dentalentwicklung ausgelegt.<br \/>\nBeruhigendes Sauggef\u00fchl f\u00fcr Dein Baby: Nat\u00fcrliches, angenehmes Gef\u00fchl f\u00fcr Dein Baby mit unserem strukturierten Sauger aus Silikon, der das Gef\u00fchl einer Brust nachahmt.<br \/>\n<div class=\"main-cross-sell\" data-asin=\"B0CDLNBBJQ\">\n\n\t<div class=\"WooZone-cross-sell-loader\">\n\t\t<div>\n\t\t\t<div id=\"floatingBarsG\">\n\t\t\t\t<div class=\"blockG\" id=\"rotateG_01\"><\/div>\n\t\t\t\t<div class=\"blockG\" id=\"rotateG_02\"><\/div>\n\t\t\t\t<div class=\"blockG\" id=\"rotateG_03\"><\/div>\n\t\t\t\t<div class=\"blockG\" id=\"rotateG_04\"><\/div>\n\t\t\t\t<div class=\"blockG\" id=\"rotateG_05\"><\/div>\n\t\t\t\t<div class=\"blockG\" id=\"rotateG_06\"><\/div>\n\t\t\t\t<div class=\"blockG\" id=\"rotateG_07\"><\/div>\n\t\t\t\t<div class=\"blockG\" id=\"rotateG_08\"><\/div>\n\t\t\t<\/div>\n\t\t\t<div class=\"WooZone-cross-sell-loader-text\"><\/div>\n\t\t<\/div>\n\t<\/div>\n\n\t\t\n<\/div>\n<div style=\"clear:both;\"><\/div><\/p>\n","protected":false},"excerpt":{"rendered":"<p>Weiches, flexibles Saugerschild: Dank des ultraweichen, flexiblen Saugerschilds passt sich der ultra soft Schnuller den nat\u00fcrlichen Gesichtskonturen Deines Babys an, sodass weniger Druckstellen auf der Haut zur\u00fcckbleiben und die Reizungen auf den Wangen reduziert werden.<br \/>\nAbgerundetes Saugerschild: Unser abgerundetes Saugerschild minimiert den Druck auf die Wangen und schont so zus\u00e4tzlich die zarte Haut Deines Babys.<br \/>\nBPA-frei: Unsere Philips Avent ultra soft und ultra air Sauger bestehen zu 100 % aus lebensmitteltauglichem Silikon. Sie sind frei von gef\u00e4hrlichen Chemikalien und Substanzen wie BPA und Allergenen.<\/p>\n","protected":false},"featured_media":215622,"comment_status":"open","ping_status":"closed","template":"","meta":[],"product_brand":[],"product_cat":[566,5981],"product_tag":[],"class_list":{"0":"post-215621","1":"product","2":"type-product","3":"status-publish","4":"has-post-thumbnail","6":"product_cat-drogerie-koerperpflege","7":"product_cat-mund-zahnpflege","8":"pa_binding-babyartikel","9":"pa_brand-philips","10":"pa_color-gruen-creme","11":"pa_height-4-9606299162-zoll","12":"pa_languages-unbekannt-mehrsprachig","13":"pa_length-1-968503935-zoll","14":"pa_manufacturer-philips-consumer-lifestyle-b-v","15":"pa_model-scf091-05","16":"pa_size-2er-pack","17":"pa_weight-0-0881849048-pfund","18":"pa_width-4-2519684996-zoll","20":"first","21":"instock","22":"shipping-taxable","23":"purchasable","24":"product-type-simple","25":"customify-col","26":"product-has-gallery"},"yoast_head":"<!-- This site is optimized with the Yoast SEO plugin v27.4 - https:\/\/yoast.com\/product\/yoast-seo-wordpress\/ -->\n<title>Philips Avent ultra soft Schnuller - 2er Pack, BPA-freier, extra weicher Schnuller f\u00fcr Babys von 0-6 Monaten, inklusive Transport- und Sterilisationsbox, gr\u00fcn\/creme (Modell SCF091\/05) - Markt-XXL<\/title>\n<meta name=\"description\" content=\"Markt-XXL Philips Avent ultra soft Schnuller - 2er Pack, BPA-freier, extra weicher Schnuller f\u00fcr Babys von 0-6 Monaten, inklusive Transport- und Sterilisationsbox, gr\u00fcn\/creme (Modell SCF091\/05)\" \/>\n<meta name=\"robots\" content=\"index, follow, max-snippet:-1, max-image-preview:large, max-video-preview:-1\" \/>\n<link rel=\"canonical\" href=\"https:\/\/marktxxl.de\/markt\/produkt\/philips-avent-ultra-soft-schnuller-2er-pack-bpa-freier-extra-weicher-schnuller-fuer-babys-von-0-6-monaten-inklusive-transport-und-sterilisationsbox-gruen-creme-modell-scf091-05\/\" \/>\n<meta property=\"og:locale\" content=\"de_DE\" \/>\n<meta property=\"og:type\" content=\"article\" \/>\n<meta property=\"og:title\" content=\"Philips Avent ultra soft Schnuller - 2er Pack, BPA-freier, extra weicher Schnuller f\u00fcr Babys von 0-6 Monaten, inklusive Transport- und Sterilisationsbox, gr\u00fcn\/creme (Modell SCF091\/05) - Markt-XXL\" \/>\n<meta property=\"og:description\" content=\"Markt-XXL Philips Avent ultra soft Schnuller - 2er Pack, BPA-freier, extra weicher Schnuller f\u00fcr Babys von 0-6 Monaten, inklusive Transport- und Sterilisationsbox, gr\u00fcn\/creme (Modell SCF091\/05)\" \/>\n<meta property=\"og:url\" content=\"https:\/\/marktxxl.de\/markt\/produkt\/philips-avent-ultra-soft-schnuller-2er-pack-bpa-freier-extra-weicher-schnuller-fuer-babys-von-0-6-monaten-inklusive-transport-und-sterilisationsbox-gruen-creme-modell-scf091-05\/\" \/>\n<meta property=\"og:site_name\" content=\"Markt-XXL\" \/>\n<meta name=\"twitter:card\" content=\"summary_large_image\" \/>\n<meta name=\"twitter:label1\" content=\"Gesch\u00e4tzte Lesezeit\" \/>\n\t<meta name=\"twitter:data1\" content=\"1\u00a0Minute\" \/>\n<script type=\"application\/ld+json\" class=\"yoast-schema-graph\">{\"@context\":\"https:\\\/\\\/schema.org\",\"@graph\":[{\"@type\":\"WebPage\",\"@id\":\"https:\\\/\\\/marktxxl.de\\\/markt\\\/produkt\\\/philips-avent-ultra-soft-schnuller-2er-pack-bpa-freier-extra-weicher-schnuller-fuer-babys-von-0-6-monaten-inklusive-transport-und-sterilisationsbox-gruen-creme-modell-scf091-05\\\/\",\"url\":\"https:\\\/\\\/marktxxl.de\\\/markt\\\/produkt\\\/philips-avent-ultra-soft-schnuller-2er-pack-bpa-freier-extra-weicher-schnuller-fuer-babys-von-0-6-monaten-inklusive-transport-und-sterilisationsbox-gruen-creme-modell-scf091-05\\\/\",\"name\":\"Philips Avent ultra soft Schnuller - 2er Pack, BPA-freier, extra weicher Schnuller f\u00fcr Babys von 0-6 Monaten, inklusive Transport- und Sterilisationsbox, gr\u00fcn\\\/creme (Modell SCF091\\\/05) - Markt-XXL\",\"isPartOf\":{\"@id\":\"https:\\\/\\\/marktxxl.de\\\/markt\\\/#website\"},\"primaryImageOfPage\":{\"@id\":\"https:\\\/\\\/marktxxl.de\\\/markt\\\/produkt\\\/philips-avent-ultra-soft-schnuller-2er-pack-bpa-freier-extra-weicher-schnuller-fuer-babys-von-0-6-monaten-inklusive-transport-und-sterilisationsbox-gruen-creme-modell-scf091-05\\\/#primaryimage\"},\"image\":{\"@id\":\"https:\\\/\\\/marktxxl.de\\\/markt\\\/produkt\\\/philips-avent-ultra-soft-schnuller-2er-pack-bpa-freier-extra-weicher-schnuller-fuer-babys-von-0-6-monaten-inklusive-transport-und-sterilisationsbox-gruen-creme-modell-scf091-05\\\/#primaryimage\"},\"thumbnailUrl\":\"https:\\\/\\\/m.media-amazon.com\\\/images\\\/I\\\/31gWPQS5kWL._SL500_.jpg\",\"datePublished\":\"2024-06-29T02:58:41+00:00\",\"description\":\"Markt-XXL Philips Avent ultra soft Schnuller - 2er Pack, BPA-freier, extra weicher Schnuller f\u00fcr Babys von 0-6 Monaten, inklusive Transport- und Sterilisationsbox, gr\u00fcn\\\/creme (Modell SCF091\\\/05)\",\"breadcrumb\":{\"@id\":\"https:\\\/\\\/marktxxl.de\\\/markt\\\/produkt\\\/philips-avent-ultra-soft-schnuller-2er-pack-bpa-freier-extra-weicher-schnuller-fuer-babys-von-0-6-monaten-inklusive-transport-und-sterilisationsbox-gruen-creme-modell-scf091-05\\\/#breadcrumb\"},\"inLanguage\":\"de\",\"potentialAction\":[{\"@type\":\"ReadAction\",\"target\":[\"https:\\\/\\\/marktxxl.de\\\/markt\\\/produkt\\\/philips-avent-ultra-soft-schnuller-2er-pack-bpa-freier-extra-weicher-schnuller-fuer-babys-von-0-6-monaten-inklusive-transport-und-sterilisationsbox-gruen-creme-modell-scf091-05\\\/\"]}]},{\"@type\":\"ImageObject\",\"inLanguage\":\"de\",\"@id\":\"https:\\\/\\\/marktxxl.de\\\/markt\\\/produkt\\\/philips-avent-ultra-soft-schnuller-2er-pack-bpa-freier-extra-weicher-schnuller-fuer-babys-von-0-6-monaten-inklusive-transport-und-sterilisationsbox-gruen-creme-modell-scf091-05\\\/#primaryimage\",\"url\":\"https:\\\/\\\/m.media-amazon.com\\\/images\\\/I\\\/31gWPQS5kWL._SL500_.jpg\",\"contentUrl\":\"https:\\\/\\\/m.media-amazon.com\\\/images\\\/I\\\/31gWPQS5kWL._SL500_.jpg\",\"width\":500,\"height\":500},{\"@type\":\"BreadcrumbList\",\"@id\":\"https:\\\/\\\/marktxxl.de\\\/markt\\\/produkt\\\/philips-avent-ultra-soft-schnuller-2er-pack-bpa-freier-extra-weicher-schnuller-fuer-babys-von-0-6-monaten-inklusive-transport-und-sterilisationsbox-gruen-creme-modell-scf091-05\\\/#breadcrumb\",\"itemListElement\":[{\"@type\":\"ListItem\",\"position\":1,\"name\":\"Startseite\",\"item\":\"https:\\\/\\\/marktxxl.de\\\/markt\\\/\"},{\"@type\":\"ListItem\",\"position\":2,\"name\":\"Markt\",\"item\":\"https:\\\/\\\/marktxxl.de\\\/markt\\\/\"},{\"@type\":\"ListItem\",\"position\":3,\"name\":\"Philips Avent ultra soft Schnuller &#8211; 2er Pack, BPA-freier, extra weicher Schnuller f\u00fcr Babys von 0-6 Monaten, inklusive Transport- und Sterilisationsbox, gr\u00fcn\\\/creme (Modell SCF091\\\/05)\"}]},{\"@type\":\"WebSite\",\"@id\":\"https:\\\/\\\/marktxxl.de\\\/markt\\\/#website\",\"url\":\"https:\\\/\\\/marktxxl.de\\\/markt\\\/\",\"name\":\"Markt-XXL\",\"description\":\"Ihr Markt Online\",\"publisher\":{\"@id\":\"https:\\\/\\\/marktxxl.de\\\/markt\\\/#organization\"},\"potentialAction\":[{\"@type\":\"SearchAction\",\"target\":{\"@type\":\"EntryPoint\",\"urlTemplate\":\"https:\\\/\\\/marktxxl.de\\\/markt\\\/?s={search_term_string}\"},\"query-input\":{\"@type\":\"PropertyValueSpecification\",\"valueRequired\":true,\"valueName\":\"search_term_string\"}}],\"inLanguage\":\"de\"},{\"@type\":\"Organization\",\"@id\":\"https:\\\/\\\/marktxxl.de\\\/markt\\\/#organization\",\"name\":\"Markt-XXL\",\"url\":\"https:\\\/\\\/marktxxl.de\\\/markt\\\/\",\"logo\":{\"@type\":\"ImageObject\",\"inLanguage\":\"de\",\"@id\":\"https:\\\/\\\/marktxxl.de\\\/markt\\\/#\\\/schema\\\/logo\\\/image\\\/\",\"url\":\"https:\\\/\\\/marktxxl.de\\\/markt\\\/wp-content\\\/uploads\\\/sites\\\/3\\\/2020\\\/12\\\/logo.png\",\"contentUrl\":\"https:\\\/\\\/marktxxl.de\\\/markt\\\/wp-content\\\/uploads\\\/sites\\\/3\\\/2020\\\/12\\\/logo.png\",\"width\":200,\"height\":70,\"caption\":\"Markt-XXL\"},\"image\":{\"@id\":\"https:\\\/\\\/marktxxl.de\\\/markt\\\/#\\\/schema\\\/logo\\\/image\\\/\"}}]}<\/script>\n<!-- \/ Yoast SEO plugin. -->","yoast_head_json":{"title":"Philips Avent ultra soft Schnuller - 2er Pack, BPA-freier, extra weicher Schnuller f\u00fcr Babys von 0-6 Monaten, inklusive Transport- und Sterilisationsbox, gr\u00fcn\/creme (Modell SCF091\/05) - Markt-XXL","description":"Markt-XXL Philips Avent ultra soft Schnuller - 2er Pack, BPA-freier, extra weicher Schnuller f\u00fcr Babys von 0-6 Monaten, inklusive Transport- und Sterilisationsbox, gr\u00fcn\/creme (Modell SCF091\/05)","robots":{"index":"index","follow":"follow","max-snippet":"max-snippet:-1","max-image-preview":"max-image-preview:large","max-video-preview":"max-video-preview:-1"},"canonical":"https:\/\/marktxxl.de\/markt\/produkt\/philips-avent-ultra-soft-schnuller-2er-pack-bpa-freier-extra-weicher-schnuller-fuer-babys-von-0-6-monaten-inklusive-transport-und-sterilisationsbox-gruen-creme-modell-scf091-05\/","og_locale":"de_DE","og_type":"article","og_title":"Philips Avent ultra soft Schnuller - 2er Pack, BPA-freier, extra weicher Schnuller f\u00fcr Babys von 0-6 Monaten, inklusive Transport- und Sterilisationsbox, gr\u00fcn\/creme (Modell SCF091\/05) - Markt-XXL","og_description":"Markt-XXL Philips Avent ultra soft Schnuller - 2er Pack, BPA-freier, extra weicher Schnuller f\u00fcr Babys von 0-6 Monaten, inklusive Transport- und Sterilisationsbox, gr\u00fcn\/creme (Modell SCF091\/05)","og_url":"https:\/\/marktxxl.de\/markt\/produkt\/philips-avent-ultra-soft-schnuller-2er-pack-bpa-freier-extra-weicher-schnuller-fuer-babys-von-0-6-monaten-inklusive-transport-und-sterilisationsbox-gruen-creme-modell-scf091-05\/","og_site_name":"Markt-XXL","twitter_card":"summary_large_image","twitter_misc":{"Gesch\u00e4tzte Lesezeit":"1\u00a0Minute"},"schema":{"@context":"https:\/\/schema.org","@graph":[{"@type":"WebPage","@id":"https:\/\/marktxxl.de\/markt\/produkt\/philips-avent-ultra-soft-schnuller-2er-pack-bpa-freier-extra-weicher-schnuller-fuer-babys-von-0-6-monaten-inklusive-transport-und-sterilisationsbox-gruen-creme-modell-scf091-05\/","url":"https:\/\/marktxxl.de\/markt\/produkt\/philips-avent-ultra-soft-schnuller-2er-pack-bpa-freier-extra-weicher-schnuller-fuer-babys-von-0-6-monaten-inklusive-transport-und-sterilisationsbox-gruen-creme-modell-scf091-05\/","name":"Philips Avent ultra soft Schnuller - 2er Pack, BPA-freier, extra weicher Schnuller f\u00fcr Babys von 0-6 Monaten, inklusive Transport- und Sterilisationsbox, gr\u00fcn\/creme (Modell SCF091\/05) - Markt-XXL","isPartOf":{"@id":"https:\/\/marktxxl.de\/markt\/#website"},"primaryImageOfPage":{"@id":"https:\/\/marktxxl.de\/markt\/produkt\/philips-avent-ultra-soft-schnuller-2er-pack-bpa-freier-extra-weicher-schnuller-fuer-babys-von-0-6-monaten-inklusive-transport-und-sterilisationsbox-gruen-creme-modell-scf091-05\/#primaryimage"},"image":{"@id":"https:\/\/marktxxl.de\/markt\/produkt\/philips-avent-ultra-soft-schnuller-2er-pack-bpa-freier-extra-weicher-schnuller-fuer-babys-von-0-6-monaten-inklusive-transport-und-sterilisationsbox-gruen-creme-modell-scf091-05\/#primaryimage"},"thumbnailUrl":"https:\/\/m.media-amazon.com\/images\/I\/31gWPQS5kWL._SL500_.jpg","datePublished":"2024-06-29T02:58:41+00:00","description":"Markt-XXL Philips Avent ultra soft Schnuller - 2er Pack, BPA-freier, extra weicher Schnuller f\u00fcr Babys von 0-6 Monaten, inklusive Transport- und Sterilisationsbox, gr\u00fcn\/creme (Modell SCF091\/05)","breadcrumb":{"@id":"https:\/\/marktxxl.de\/markt\/produkt\/philips-avent-ultra-soft-schnuller-2er-pack-bpa-freier-extra-weicher-schnuller-fuer-babys-von-0-6-monaten-inklusive-transport-und-sterilisationsbox-gruen-creme-modell-scf091-05\/#breadcrumb"},"inLanguage":"de","potentialAction":[{"@type":"ReadAction","target":["https:\/\/marktxxl.de\/markt\/produkt\/philips-avent-ultra-soft-schnuller-2er-pack-bpa-freier-extra-weicher-schnuller-fuer-babys-von-0-6-monaten-inklusive-transport-und-sterilisationsbox-gruen-creme-modell-scf091-05\/"]}]},{"@type":"ImageObject","inLanguage":"de","@id":"https:\/\/marktxxl.de\/markt\/produkt\/philips-avent-ultra-soft-schnuller-2er-pack-bpa-freier-extra-weicher-schnuller-fuer-babys-von-0-6-monaten-inklusive-transport-und-sterilisationsbox-gruen-creme-modell-scf091-05\/#primaryimage","url":"https:\/\/m.media-amazon.com\/images\/I\/31gWPQS5kWL._SL500_.jpg","contentUrl":"https:\/\/m.media-amazon.com\/images\/I\/31gWPQS5kWL._SL500_.jpg","width":500,"height":500},{"@type":"BreadcrumbList","@id":"https:\/\/marktxxl.de\/markt\/produkt\/philips-avent-ultra-soft-schnuller-2er-pack-bpa-freier-extra-weicher-schnuller-fuer-babys-von-0-6-monaten-inklusive-transport-und-sterilisationsbox-gruen-creme-modell-scf091-05\/#breadcrumb","itemListElement":[{"@type":"ListItem","position":1,"name":"Startseite","item":"https:\/\/marktxxl.de\/markt\/"},{"@type":"ListItem","position":2,"name":"Markt","item":"https:\/\/marktxxl.de\/markt\/"},{"@type":"ListItem","position":3,"name":"Philips Avent ultra soft Schnuller &#8211; 2er Pack, BPA-freier, extra weicher Schnuller f\u00fcr Babys von 0-6 Monaten, inklusive Transport- und Sterilisationsbox, gr\u00fcn\/creme (Modell SCF091\/05)"}]},{"@type":"WebSite","@id":"https:\/\/marktxxl.de\/markt\/#website","url":"https:\/\/marktxxl.de\/markt\/","name":"Markt-XXL","description":"Ihr Markt Online","publisher":{"@id":"https:\/\/marktxxl.de\/markt\/#organization"},"potentialAction":[{"@type":"SearchAction","target":{"@type":"EntryPoint","urlTemplate":"https:\/\/marktxxl.de\/markt\/?s={search_term_string}"},"query-input":{"@type":"PropertyValueSpecification","valueRequired":true,"valueName":"search_term_string"}}],"inLanguage":"de"},{"@type":"Organization","@id":"https:\/\/marktxxl.de\/markt\/#organization","name":"Markt-XXL","url":"https:\/\/marktxxl.de\/markt\/","logo":{"@type":"ImageObject","inLanguage":"de","@id":"https:\/\/marktxxl.de\/markt\/#\/schema\/logo\/image\/","url":"https:\/\/marktxxl.de\/markt\/wp-content\/uploads\/sites\/3\/2020\/12\/logo.png","contentUrl":"https:\/\/marktxxl.de\/markt\/wp-content\/uploads\/sites\/3\/2020\/12\/logo.png","width":200,"height":70,"caption":"Markt-XXL"},"image":{"@id":"https:\/\/marktxxl.de\/markt\/#\/schema\/logo\/image\/"}}]}},"_links":{"self":[{"href":"https:\/\/marktxxl.de\/markt\/wp-json\/wp\/v2\/product\/215621","targetHints":{"allow":["GET"]}}],"collection":[{"href":"https:\/\/marktxxl.de\/markt\/wp-json\/wp\/v2\/product"}],"about":[{"href":"https:\/\/marktxxl.de\/markt\/wp-json\/wp\/v2\/types\/product"}],"replies":[{"embeddable":true,"href":"https:\/\/marktxxl.de\/markt\/wp-json\/wp\/v2\/comments?post=215621"}],"wp:featuredmedia":[{"embeddable":true,"href":"https:\/\/marktxxl.de\/markt\/wp-json\/wp\/v2\/media\/215622"}],"wp:attachment":[{"href":"https:\/\/marktxxl.de\/markt\/wp-json\/wp\/v2\/media?parent=215621"}],"wp:term":[{"taxonomy":"product_brand","embeddable":true,"href":"https:\/\/marktxxl.de\/markt\/wp-json\/wp\/v2\/product_brand?post=215621"},{"taxonomy":"product_cat","embeddable":true,"href":"https:\/\/marktxxl.de\/markt\/wp-json\/wp\/v2\/product_cat?post=215621"},{"taxonomy":"product_tag","embeddable":true,"href":"https:\/\/marktxxl.de\/markt\/wp-json\/wp\/v2\/product_tag?post=215621"}],"curies":[{"name":"wp","href":"https:\/\/api.w.org\/{rel}","templated":true}]}}