{"id":215584,"date":"2024-06-29T04:56:53","date_gmt":"2024-06-29T02:56:53","guid":{"rendered":"https:\/\/marktxxl.de\/markt\/produkt\/zechstein-inside-magnesium-flakes-6kg-aus-dem-zechsteinmeer-magnesiumkristalle-aus-magnesiumchlorid-u-a-zur-herstellung-von-magnesium-fussbad-magnesium-vollbad-uvm\/"},"modified":"2024-06-29T04:56:53","modified_gmt":"2024-06-29T02:56:53","slug":"zechstein-inside-magnesium-flakes-6kg-aus-dem-zechsteinmeer-magnesiumkristalle-aus-magnesiumchlorid-u-a-zur-herstellung-von-magnesium-fussbad-magnesium-vollbad-uvm","status":"publish","type":"product","link":"https:\/\/marktxxl.de\/markt\/produkt\/zechstein-inside-magnesium-flakes-6kg-aus-dem-zechsteinmeer-magnesiumkristalle-aus-magnesiumchlorid-u-a-zur-herstellung-von-magnesium-fussbad-magnesium-vollbad-uvm\/","title":{"rendered":"Zechstein Inside Magnesium Flakes 6kg aus dem Zechsteinmeer &#8211; Magnesiumkristalle aus Magnesiumchlorid &#8211; u.a. zur Herstellung von Magnesium Fu\u00dfbad, Magnesium Vollbad uvm"},"content":{"rendered":"<p>ORIGINAL ZECHSTEIN: Unsere Original Zechstein Magnesium Flakes (auch Magnesiumflocken, Magnesiumschuppen oder Magnesiumkristalle genannt) aus dem Diacleanshop bestehen zu 47% aus Magnesiumchlorid Hexahydrat und zu 53% aus Wasser. Das Magnesiumchlorid wird unterirdisch abgebaut und w\u00e4hrend des Verdunstungsprozesses entsteht die bekannte Schuppenform.<br \/>\nREINES NATURPRODUKT: 100% naturbelassen | 100% ohne Zus\u00e4tze | 100% ohne Konservierungsstoffe | 100% Zechstein! Bei den Original Zechstein Magnesium Flakes handelt es sich um ein reines Naturprodukt aus dem ehemaligen Zechstein Meer. Alle im Zechstein Meer angereicherten Mineralstoffe sind in den Magnesium Flakes enthalten. Durch sein Zechstein Inside Siegel wird eine gleichbleibend hohe Qualit\u00e4t garantiert.<br \/>\nANWENDUNG: Verwenden Sie die Magnesiumkristalle beispielsweise f\u00fcr Magnesium- Fu\u00dfb\u00e4der und Magnesium-Vollb\u00e4der.<br \/>\nGUT &amp; G\u00dcNSTIG: Unsere Zechstein Magnesium Flakes aus dem Diacleanshop \u00fcberzeugen mit einem hervorragenden Preis-Leistungs-Verh\u00e4ltnis.<br \/>\nPRAKTISCH: Wir liefern Ihnen 6kg der Magnesiumflakes in einem lichtundurchl\u00e4ssigen, Luft- und Wasserdichten Beh\u00e4lter, so dass Sie auch daheim die hohe Qualit\u00e4t dauerhaft erhalten k\u00f6nnen.<br \/>\n<div class=\"main-cross-sell\" data-asin=\"B01MUBCR3Q\">\n\n\t<div class=\"WooZone-cross-sell-loader\">\n\t\t<div>\n\t\t\t<div id=\"floatingBarsG\">\n\t\t\t\t<div class=\"blockG\" id=\"rotateG_01\"><\/div>\n\t\t\t\t<div class=\"blockG\" id=\"rotateG_02\"><\/div>\n\t\t\t\t<div class=\"blockG\" id=\"rotateG_03\"><\/div>\n\t\t\t\t<div class=\"blockG\" id=\"rotateG_04\"><\/div>\n\t\t\t\t<div class=\"blockG\" id=\"rotateG_05\"><\/div>\n\t\t\t\t<div class=\"blockG\" id=\"rotateG_06\"><\/div>\n\t\t\t\t<div class=\"blockG\" id=\"rotateG_07\"><\/div>\n\t\t\t\t<div class=\"blockG\" id=\"rotateG_08\"><\/div>\n\t\t\t<\/div>\n\t\t\t<div class=\"WooZone-cross-sell-loader-text\"><\/div>\n\t\t<\/div>\n\t<\/div>\n\n\t\t\n<\/div>\n<div style=\"clear:both;\"><\/div><\/p>\n","protected":false},"excerpt":{"rendered":"<p>ORIGINAL ZECHSTEIN: Unsere Original Zechstein Magnesium Flakes (auch Magnesiumflocken, Magnesiumschuppen oder Magnesiumkristalle genannt) aus dem Diacleanshop bestehen zu 47% aus Magnesiumchlorid Hexahydrat und zu 53% aus Wasser. Das Magnesiumchlorid wird unterirdisch abgebaut und w\u00e4hrend des Verdunstungsprozesses entsteht die bekannte Schuppenform.<br \/>\nREINES NATURPRODUKT: 100% naturbelassen | 100% ohne Zus\u00e4tze | 100% ohne Konservierungsstoffe | 100% Zechstein! Bei den Original Zechstein Magnesium Flakes handelt es sich um ein reines Naturprodukt aus dem ehemaligen Zechstein Meer. Alle im Zechstein Meer angereicherten Mineralstoffe sind in den Magnesium Flakes enthalten. Durch sein Zechstein Inside Siegel wird eine gleichbleibend hohe Qualit\u00e4t garantiert.<br \/>\nANWENDUNG: Verwenden Sie die Magnesiumkristalle beispielsweise f\u00fcr Magnesium- Fu\u00dfb\u00e4der und Magnesium-Vollb\u00e4der.<\/p>\n","protected":false},"featured_media":215585,"comment_status":"open","ping_status":"closed","template":"","meta":[],"product_brand":[],"product_cat":[566,6375],"product_tag":[],"class_list":{"0":"post-215584","1":"product","2":"type-product","3":"status-publish","4":"has-post-thumbnail","6":"product_cat-drogerie-koerperpflege","7":"product_cat-vitamine-mineralien-ergaenzungsmittel","8":"pa_binding-haushaltswaren","9":"pa_brand-diacleanshop","10":"pa_manufacturer-dr-lohmann-diaclean-gmbh","11":"pa_size-6-kg-1er-pack","12":"pa_weight-13-22773572-pounds","14":"first","15":"instock","16":"shipping-taxable","17":"purchasable","18":"product-type-simple","19":"customify-col","20":"product-has-gallery"},"yoast_head":"<!-- This site is optimized with the Yoast SEO plugin v27.4 - https:\/\/yoast.com\/product\/yoast-seo-wordpress\/ -->\n<title>Zechstein Inside Magnesium Flakes 6kg aus dem Zechsteinmeer - Magnesiumkristalle aus Magnesiumchlorid - u.a. zur Herstellung von Magnesium Fu\u00dfbad, Magnesium Vollbad uvm - Markt-XXL<\/title>\n<meta name=\"description\" content=\"Markt-XXL Zechstein Inside Magnesium Flakes 6kg aus dem Zechsteinmeer - Magnesiumkristalle aus Magnesiumchlorid - u.a. zur Herstellung von Magnesium Fu\u00dfbad, Magnesium Vollbad uvm\" \/>\n<meta name=\"robots\" content=\"index, follow, max-snippet:-1, max-image-preview:large, max-video-preview:-1\" \/>\n<link rel=\"canonical\" href=\"https:\/\/marktxxl.de\/markt\/produkt\/zechstein-inside-magnesium-flakes-6kg-aus-dem-zechsteinmeer-magnesiumkristalle-aus-magnesiumchlorid-u-a-zur-herstellung-von-magnesium-fussbad-magnesium-vollbad-uvm\/\" \/>\n<meta property=\"og:locale\" content=\"de_DE\" \/>\n<meta property=\"og:type\" content=\"article\" \/>\n<meta property=\"og:title\" content=\"Zechstein Inside Magnesium Flakes 6kg aus dem Zechsteinmeer - Magnesiumkristalle aus Magnesiumchlorid - u.a. zur Herstellung von Magnesium Fu\u00dfbad, Magnesium Vollbad uvm - Markt-XXL\" \/>\n<meta property=\"og:description\" content=\"Markt-XXL Zechstein Inside Magnesium Flakes 6kg aus dem Zechsteinmeer - Magnesiumkristalle aus Magnesiumchlorid - u.a. zur Herstellung von Magnesium Fu\u00dfbad, Magnesium Vollbad uvm\" \/>\n<meta property=\"og:url\" content=\"https:\/\/marktxxl.de\/markt\/produkt\/zechstein-inside-magnesium-flakes-6kg-aus-dem-zechsteinmeer-magnesiumkristalle-aus-magnesiumchlorid-u-a-zur-herstellung-von-magnesium-fussbad-magnesium-vollbad-uvm\/\" \/>\n<meta property=\"og:site_name\" content=\"Markt-XXL\" \/>\n<meta name=\"twitter:card\" content=\"summary_large_image\" \/>\n<meta name=\"twitter:label1\" content=\"Gesch\u00e4tzte Lesezeit\" \/>\n\t<meta name=\"twitter:data1\" content=\"1\u00a0Minute\" \/>\n<script type=\"application\/ld+json\" class=\"yoast-schema-graph\">{\"@context\":\"https:\\\/\\\/schema.org\",\"@graph\":[{\"@type\":\"WebPage\",\"@id\":\"https:\\\/\\\/marktxxl.de\\\/markt\\\/produkt\\\/zechstein-inside-magnesium-flakes-6kg-aus-dem-zechsteinmeer-magnesiumkristalle-aus-magnesiumchlorid-u-a-zur-herstellung-von-magnesium-fussbad-magnesium-vollbad-uvm\\\/\",\"url\":\"https:\\\/\\\/marktxxl.de\\\/markt\\\/produkt\\\/zechstein-inside-magnesium-flakes-6kg-aus-dem-zechsteinmeer-magnesiumkristalle-aus-magnesiumchlorid-u-a-zur-herstellung-von-magnesium-fussbad-magnesium-vollbad-uvm\\\/\",\"name\":\"Zechstein Inside Magnesium Flakes 6kg aus dem Zechsteinmeer - Magnesiumkristalle aus Magnesiumchlorid - u.a. zur Herstellung von Magnesium Fu\u00dfbad, Magnesium Vollbad uvm - Markt-XXL\",\"isPartOf\":{\"@id\":\"https:\\\/\\\/marktxxl.de\\\/markt\\\/#website\"},\"primaryImageOfPage\":{\"@id\":\"https:\\\/\\\/marktxxl.de\\\/markt\\\/produkt\\\/zechstein-inside-magnesium-flakes-6kg-aus-dem-zechsteinmeer-magnesiumkristalle-aus-magnesiumchlorid-u-a-zur-herstellung-von-magnesium-fussbad-magnesium-vollbad-uvm\\\/#primaryimage\"},\"image\":{\"@id\":\"https:\\\/\\\/marktxxl.de\\\/markt\\\/produkt\\\/zechstein-inside-magnesium-flakes-6kg-aus-dem-zechsteinmeer-magnesiumkristalle-aus-magnesiumchlorid-u-a-zur-herstellung-von-magnesium-fussbad-magnesium-vollbad-uvm\\\/#primaryimage\"},\"thumbnailUrl\":\"https:\\\/\\\/m.media-amazon.com\\\/images\\\/I\\\/41xEPJFLwXL._SL500_.jpg\",\"datePublished\":\"2024-06-29T02:56:53+00:00\",\"description\":\"Markt-XXL Zechstein Inside Magnesium Flakes 6kg aus dem Zechsteinmeer - Magnesiumkristalle aus Magnesiumchlorid - u.a. zur Herstellung von Magnesium Fu\u00dfbad, Magnesium Vollbad uvm\",\"breadcrumb\":{\"@id\":\"https:\\\/\\\/marktxxl.de\\\/markt\\\/produkt\\\/zechstein-inside-magnesium-flakes-6kg-aus-dem-zechsteinmeer-magnesiumkristalle-aus-magnesiumchlorid-u-a-zur-herstellung-von-magnesium-fussbad-magnesium-vollbad-uvm\\\/#breadcrumb\"},\"inLanguage\":\"de\",\"potentialAction\":[{\"@type\":\"ReadAction\",\"target\":[\"https:\\\/\\\/marktxxl.de\\\/markt\\\/produkt\\\/zechstein-inside-magnesium-flakes-6kg-aus-dem-zechsteinmeer-magnesiumkristalle-aus-magnesiumchlorid-u-a-zur-herstellung-von-magnesium-fussbad-magnesium-vollbad-uvm\\\/\"]}]},{\"@type\":\"ImageObject\",\"inLanguage\":\"de\",\"@id\":\"https:\\\/\\\/marktxxl.de\\\/markt\\\/produkt\\\/zechstein-inside-magnesium-flakes-6kg-aus-dem-zechsteinmeer-magnesiumkristalle-aus-magnesiumchlorid-u-a-zur-herstellung-von-magnesium-fussbad-magnesium-vollbad-uvm\\\/#primaryimage\",\"url\":\"https:\\\/\\\/m.media-amazon.com\\\/images\\\/I\\\/41xEPJFLwXL._SL500_.jpg\",\"contentUrl\":\"https:\\\/\\\/m.media-amazon.com\\\/images\\\/I\\\/41xEPJFLwXL._SL500_.jpg\",\"width\":500,\"height\":500},{\"@type\":\"BreadcrumbList\",\"@id\":\"https:\\\/\\\/marktxxl.de\\\/markt\\\/produkt\\\/zechstein-inside-magnesium-flakes-6kg-aus-dem-zechsteinmeer-magnesiumkristalle-aus-magnesiumchlorid-u-a-zur-herstellung-von-magnesium-fussbad-magnesium-vollbad-uvm\\\/#breadcrumb\",\"itemListElement\":[{\"@type\":\"ListItem\",\"position\":1,\"name\":\"Startseite\",\"item\":\"https:\\\/\\\/marktxxl.de\\\/markt\\\/\"},{\"@type\":\"ListItem\",\"position\":2,\"name\":\"Markt\",\"item\":\"https:\\\/\\\/marktxxl.de\\\/markt\\\/\"},{\"@type\":\"ListItem\",\"position\":3,\"name\":\"Zechstein Inside Magnesium Flakes 6kg aus dem Zechsteinmeer &#8211; Magnesiumkristalle aus Magnesiumchlorid &#8211; u.a. zur Herstellung von Magnesium Fu\u00dfbad, Magnesium Vollbad uvm\"}]},{\"@type\":\"WebSite\",\"@id\":\"https:\\\/\\\/marktxxl.de\\\/markt\\\/#website\",\"url\":\"https:\\\/\\\/marktxxl.de\\\/markt\\\/\",\"name\":\"Markt-XXL\",\"description\":\"Ihr Markt Online\",\"publisher\":{\"@id\":\"https:\\\/\\\/marktxxl.de\\\/markt\\\/#organization\"},\"potentialAction\":[{\"@type\":\"SearchAction\",\"target\":{\"@type\":\"EntryPoint\",\"urlTemplate\":\"https:\\\/\\\/marktxxl.de\\\/markt\\\/?s={search_term_string}\"},\"query-input\":{\"@type\":\"PropertyValueSpecification\",\"valueRequired\":true,\"valueName\":\"search_term_string\"}}],\"inLanguage\":\"de\"},{\"@type\":\"Organization\",\"@id\":\"https:\\\/\\\/marktxxl.de\\\/markt\\\/#organization\",\"name\":\"Markt-XXL\",\"url\":\"https:\\\/\\\/marktxxl.de\\\/markt\\\/\",\"logo\":{\"@type\":\"ImageObject\",\"inLanguage\":\"de\",\"@id\":\"https:\\\/\\\/marktxxl.de\\\/markt\\\/#\\\/schema\\\/logo\\\/image\\\/\",\"url\":\"https:\\\/\\\/marktxxl.de\\\/markt\\\/wp-content\\\/uploads\\\/sites\\\/3\\\/2020\\\/12\\\/logo.png\",\"contentUrl\":\"https:\\\/\\\/marktxxl.de\\\/markt\\\/wp-content\\\/uploads\\\/sites\\\/3\\\/2020\\\/12\\\/logo.png\",\"width\":200,\"height\":70,\"caption\":\"Markt-XXL\"},\"image\":{\"@id\":\"https:\\\/\\\/marktxxl.de\\\/markt\\\/#\\\/schema\\\/logo\\\/image\\\/\"}}]}<\/script>\n<!-- \/ Yoast SEO plugin. -->","yoast_head_json":{"title":"Zechstein Inside Magnesium Flakes 6kg aus dem Zechsteinmeer - Magnesiumkristalle aus Magnesiumchlorid - u.a. zur Herstellung von Magnesium Fu\u00dfbad, Magnesium Vollbad uvm - Markt-XXL","description":"Markt-XXL Zechstein Inside Magnesium Flakes 6kg aus dem Zechsteinmeer - Magnesiumkristalle aus Magnesiumchlorid - u.a. zur Herstellung von Magnesium Fu\u00dfbad, Magnesium Vollbad uvm","robots":{"index":"index","follow":"follow","max-snippet":"max-snippet:-1","max-image-preview":"max-image-preview:large","max-video-preview":"max-video-preview:-1"},"canonical":"https:\/\/marktxxl.de\/markt\/produkt\/zechstein-inside-magnesium-flakes-6kg-aus-dem-zechsteinmeer-magnesiumkristalle-aus-magnesiumchlorid-u-a-zur-herstellung-von-magnesium-fussbad-magnesium-vollbad-uvm\/","og_locale":"de_DE","og_type":"article","og_title":"Zechstein Inside Magnesium Flakes 6kg aus dem Zechsteinmeer - Magnesiumkristalle aus Magnesiumchlorid - u.a. zur Herstellung von Magnesium Fu\u00dfbad, Magnesium Vollbad uvm - Markt-XXL","og_description":"Markt-XXL Zechstein Inside Magnesium Flakes 6kg aus dem Zechsteinmeer - Magnesiumkristalle aus Magnesiumchlorid - u.a. zur Herstellung von Magnesium Fu\u00dfbad, Magnesium Vollbad uvm","og_url":"https:\/\/marktxxl.de\/markt\/produkt\/zechstein-inside-magnesium-flakes-6kg-aus-dem-zechsteinmeer-magnesiumkristalle-aus-magnesiumchlorid-u-a-zur-herstellung-von-magnesium-fussbad-magnesium-vollbad-uvm\/","og_site_name":"Markt-XXL","twitter_card":"summary_large_image","twitter_misc":{"Gesch\u00e4tzte Lesezeit":"1\u00a0Minute"},"schema":{"@context":"https:\/\/schema.org","@graph":[{"@type":"WebPage","@id":"https:\/\/marktxxl.de\/markt\/produkt\/zechstein-inside-magnesium-flakes-6kg-aus-dem-zechsteinmeer-magnesiumkristalle-aus-magnesiumchlorid-u-a-zur-herstellung-von-magnesium-fussbad-magnesium-vollbad-uvm\/","url":"https:\/\/marktxxl.de\/markt\/produkt\/zechstein-inside-magnesium-flakes-6kg-aus-dem-zechsteinmeer-magnesiumkristalle-aus-magnesiumchlorid-u-a-zur-herstellung-von-magnesium-fussbad-magnesium-vollbad-uvm\/","name":"Zechstein Inside Magnesium Flakes 6kg aus dem Zechsteinmeer - Magnesiumkristalle aus Magnesiumchlorid - u.a. zur Herstellung von Magnesium Fu\u00dfbad, Magnesium Vollbad uvm - Markt-XXL","isPartOf":{"@id":"https:\/\/marktxxl.de\/markt\/#website"},"primaryImageOfPage":{"@id":"https:\/\/marktxxl.de\/markt\/produkt\/zechstein-inside-magnesium-flakes-6kg-aus-dem-zechsteinmeer-magnesiumkristalle-aus-magnesiumchlorid-u-a-zur-herstellung-von-magnesium-fussbad-magnesium-vollbad-uvm\/#primaryimage"},"image":{"@id":"https:\/\/marktxxl.de\/markt\/produkt\/zechstein-inside-magnesium-flakes-6kg-aus-dem-zechsteinmeer-magnesiumkristalle-aus-magnesiumchlorid-u-a-zur-herstellung-von-magnesium-fussbad-magnesium-vollbad-uvm\/#primaryimage"},"thumbnailUrl":"https:\/\/m.media-amazon.com\/images\/I\/41xEPJFLwXL._SL500_.jpg","datePublished":"2024-06-29T02:56:53+00:00","description":"Markt-XXL Zechstein Inside Magnesium Flakes 6kg aus dem Zechsteinmeer - Magnesiumkristalle aus Magnesiumchlorid - u.a. zur Herstellung von Magnesium Fu\u00dfbad, Magnesium Vollbad uvm","breadcrumb":{"@id":"https:\/\/marktxxl.de\/markt\/produkt\/zechstein-inside-magnesium-flakes-6kg-aus-dem-zechsteinmeer-magnesiumkristalle-aus-magnesiumchlorid-u-a-zur-herstellung-von-magnesium-fussbad-magnesium-vollbad-uvm\/#breadcrumb"},"inLanguage":"de","potentialAction":[{"@type":"ReadAction","target":["https:\/\/marktxxl.de\/markt\/produkt\/zechstein-inside-magnesium-flakes-6kg-aus-dem-zechsteinmeer-magnesiumkristalle-aus-magnesiumchlorid-u-a-zur-herstellung-von-magnesium-fussbad-magnesium-vollbad-uvm\/"]}]},{"@type":"ImageObject","inLanguage":"de","@id":"https:\/\/marktxxl.de\/markt\/produkt\/zechstein-inside-magnesium-flakes-6kg-aus-dem-zechsteinmeer-magnesiumkristalle-aus-magnesiumchlorid-u-a-zur-herstellung-von-magnesium-fussbad-magnesium-vollbad-uvm\/#primaryimage","url":"https:\/\/m.media-amazon.com\/images\/I\/41xEPJFLwXL._SL500_.jpg","contentUrl":"https:\/\/m.media-amazon.com\/images\/I\/41xEPJFLwXL._SL500_.jpg","width":500,"height":500},{"@type":"BreadcrumbList","@id":"https:\/\/marktxxl.de\/markt\/produkt\/zechstein-inside-magnesium-flakes-6kg-aus-dem-zechsteinmeer-magnesiumkristalle-aus-magnesiumchlorid-u-a-zur-herstellung-von-magnesium-fussbad-magnesium-vollbad-uvm\/#breadcrumb","itemListElement":[{"@type":"ListItem","position":1,"name":"Startseite","item":"https:\/\/marktxxl.de\/markt\/"},{"@type":"ListItem","position":2,"name":"Markt","item":"https:\/\/marktxxl.de\/markt\/"},{"@type":"ListItem","position":3,"name":"Zechstein Inside Magnesium Flakes 6kg aus dem Zechsteinmeer &#8211; Magnesiumkristalle aus Magnesiumchlorid &#8211; u.a. zur Herstellung von Magnesium Fu\u00dfbad, Magnesium Vollbad uvm"}]},{"@type":"WebSite","@id":"https:\/\/marktxxl.de\/markt\/#website","url":"https:\/\/marktxxl.de\/markt\/","name":"Markt-XXL","description":"Ihr Markt Online","publisher":{"@id":"https:\/\/marktxxl.de\/markt\/#organization"},"potentialAction":[{"@type":"SearchAction","target":{"@type":"EntryPoint","urlTemplate":"https:\/\/marktxxl.de\/markt\/?s={search_term_string}"},"query-input":{"@type":"PropertyValueSpecification","valueRequired":true,"valueName":"search_term_string"}}],"inLanguage":"de"},{"@type":"Organization","@id":"https:\/\/marktxxl.de\/markt\/#organization","name":"Markt-XXL","url":"https:\/\/marktxxl.de\/markt\/","logo":{"@type":"ImageObject","inLanguage":"de","@id":"https:\/\/marktxxl.de\/markt\/#\/schema\/logo\/image\/","url":"https:\/\/marktxxl.de\/markt\/wp-content\/uploads\/sites\/3\/2020\/12\/logo.png","contentUrl":"https:\/\/marktxxl.de\/markt\/wp-content\/uploads\/sites\/3\/2020\/12\/logo.png","width":200,"height":70,"caption":"Markt-XXL"},"image":{"@id":"https:\/\/marktxxl.de\/markt\/#\/schema\/logo\/image\/"}}]}},"_links":{"self":[{"href":"https:\/\/marktxxl.de\/markt\/wp-json\/wp\/v2\/product\/215584","targetHints":{"allow":["GET"]}}],"collection":[{"href":"https:\/\/marktxxl.de\/markt\/wp-json\/wp\/v2\/product"}],"about":[{"href":"https:\/\/marktxxl.de\/markt\/wp-json\/wp\/v2\/types\/product"}],"replies":[{"embeddable":true,"href":"https:\/\/marktxxl.de\/markt\/wp-json\/wp\/v2\/comments?post=215584"}],"wp:featuredmedia":[{"embeddable":true,"href":"https:\/\/marktxxl.de\/markt\/wp-json\/wp\/v2\/media\/215585"}],"wp:attachment":[{"href":"https:\/\/marktxxl.de\/markt\/wp-json\/wp\/v2\/media?parent=215584"}],"wp:term":[{"taxonomy":"product_brand","embeddable":true,"href":"https:\/\/marktxxl.de\/markt\/wp-json\/wp\/v2\/product_brand?post=215584"},{"taxonomy":"product_cat","embeddable":true,"href":"https:\/\/marktxxl.de\/markt\/wp-json\/wp\/v2\/product_cat?post=215584"},{"taxonomy":"product_tag","embeddable":true,"href":"https:\/\/marktxxl.de\/markt\/wp-json\/wp\/v2\/product_tag?post=215584"}],"curies":[{"name":"wp","href":"https:\/\/api.w.org\/{rel}","templated":true}]}}