{"id":215559,"date":"2024-06-29T04:35:33","date_gmt":"2024-06-29T02:35:33","guid":{"rendered":"https:\/\/marktxxl.de\/markt\/produkt\/clo-omega-3-250-ml\/"},"modified":"2024-06-29T04:35:33","modified_gmt":"2024-06-29T02:35:33","slug":"clo-omega-3-250-ml","status":"publish","type":"product","link":"https:\/\/marktxxl.de\/markt\/produkt\/clo-omega-3-250-ml\/","title":{"rendered":"CLO Omega 3 250 ml"},"content":{"rendered":"<p>QUALIT\u00c4T &#8211; H\u00f6chste Reinheit, daher ideal f\u00fcr Frauen w\u00e4hrend der Schwangerschaft und f\u00fcr Kinder. Ein Teel\u00f6ffel deckt den t\u00e4glichen Bedarf an Omega 3. M\u00f6ller&#8217;s Lebertran ist g\u00e4nzlich nat\u00fcrlich und nachhaltig sowie ohne Laktose, Gluten und Gentechni<br \/>\nESSENTIELLE VITAMINE &#8211; Lebertran enth\u00e4lt nat\u00fcrliche Elemente, die zu einem nat\u00fcrlichen und gesunden K\u00f6rper beitragen. Vitamin A tr\u00e4gt zur Entwicklung der Zellen und Haut bei. Vitamin E sch\u00fctzt unsere Zellen vor oxidativem Stress, w\u00e4hrend Vitamin D zur Aufrechterhaltung eines gesunden Immunsystems und starker Knochen beitr\u00e4gt<br \/>\nWICHTIG &#8211; Jeder braucht ein Leben lang Omega 3 Fetts\u00e4uren, um normal funktionieren zu k\u00f6nnen. Omega-3-Fetts\u00e4uren geh\u00f6ren zur Familie der Fetts\u00e4uren, die der K\u00f6rper nicht selbst produzieren kann und die aus M\u00f6ller&#8217;s besonders starkem Lebertran gewonnen werden k\u00f6nnen<br \/>\nNACHHALTIG &#8211; M\u00f6ller&#8217;s Lebertran wird aus nachhaltig gefangenem norwegisch-arktischem Kabeljau aus der MSC-zertifizierten Fischerei in Lofoten hergestellt \u2013 einem der saubersten Gew\u00e4sser der Welt. Unsere Produkte unterliegen einem der h\u00f6chsten Standards der Welt. M\u00f6ller&#8217;s Omega-3-Lebertran ist daher aufgrund seiner hohen Qualit\u00e4t und der Kontrolle in allen Phasen der Wertsch\u00f6pfungskette ein sicheres Produkt<br \/>\n165 JAHRE ERFAHRUNG &#8211; M\u00f6ller&#8217;s ist eine traditionsreiche norwegische Marke, die seit 1854 Lebertran herstellt und damit einer der \u00e4ltesten und gr\u00f6\u00dften Hersteller von Nahrungserg\u00e4nzungsmitteln in Skandinavien ist. Dank langj\u00e4hriger Erfahrung und st\u00e4ndiger Modernisierung erreicht M\u00f6ller&#8217;s h\u00f6chste Qualit\u00e4t und Reinheit, damit Sie sich sicher und gesund f\u00fchlen k\u00f6nnen<br \/>\n<div class=\"main-cross-sell\" data-asin=\"B0BLY1PFRL\">\n\n\t<div class=\"WooZone-cross-sell-loader\">\n\t\t<div>\n\t\t\t<div id=\"floatingBarsG\">\n\t\t\t\t<div class=\"blockG\" id=\"rotateG_01\"><\/div>\n\t\t\t\t<div class=\"blockG\" id=\"rotateG_02\"><\/div>\n\t\t\t\t<div class=\"blockG\" id=\"rotateG_03\"><\/div>\n\t\t\t\t<div class=\"blockG\" id=\"rotateG_04\"><\/div>\n\t\t\t\t<div class=\"blockG\" id=\"rotateG_05\"><\/div>\n\t\t\t\t<div class=\"blockG\" id=\"rotateG_06\"><\/div>\n\t\t\t\t<div class=\"blockG\" id=\"rotateG_07\"><\/div>\n\t\t\t\t<div class=\"blockG\" id=\"rotateG_08\"><\/div>\n\t\t\t<\/div>\n\t\t\t<div class=\"WooZone-cross-sell-loader-text\"><\/div>\n\t\t<\/div>\n\t<\/div>\n\n\t\t\n<\/div>\n<div style=\"clear:both;\"><\/div><\/p>\n","protected":false},"excerpt":{"rendered":"<p>QUALIT\u00c4T &#8211; H\u00f6chste Reinheit, daher ideal f\u00fcr Frauen w\u00e4hrend der Schwangerschaft und f\u00fcr Kinder. Ein Teel\u00f6ffel deckt den t\u00e4glichen Bedarf an Omega 3. M\u00f6ller&#8217;s Lebertran ist g\u00e4nzlich nat\u00fcrlich und nachhaltig sowie ohne Laktose, Gluten und Gentechni<br \/>\nESSENTIELLE VITAMINE &#8211; Lebertran enth\u00e4lt nat\u00fcrliche Elemente, die zu einem nat\u00fcrlichen und gesunden K\u00f6rper beitragen. Vitamin A tr\u00e4gt zur Entwicklung der Zellen und Haut bei. Vitamin E sch\u00fctzt unsere Zellen vor oxidativem Stress, w\u00e4hrend Vitamin D zur Aufrechterhaltung eines gesunden Immunsystems und starker Knochen beitr\u00e4gt<br \/>\nWICHTIG &#8211; Jeder braucht ein Leben lang Omega 3 Fetts\u00e4uren, um normal funktionieren zu k\u00f6nnen. Omega-3-Fetts\u00e4uren geh\u00f6ren zur Familie der Fetts\u00e4uren, die der K\u00f6rper nicht selbst produzieren kann und die aus M\u00f6ller&#8217;s besonders starkem Lebertran gewonnen werden k\u00f6nnen<\/p>\n","protected":false},"featured_media":215567,"comment_status":"open","ping_status":"closed","template":"","meta":[],"product_brand":[],"product_cat":[566,6375],"product_tag":[],"class_list":{"0":"post-215559","1":"product","2":"type-product","3":"status-publish","4":"has-post-thumbnail","6":"product_cat-drogerie-koerperpflege","7":"product_cat-vitamine-mineralien-ergaenzungsmittel","8":"pa_brand-moellers","9":"pa_geschmack-apfel","10":"pa_geschmack-neutraler","11":"pa_geschmack-tutti-frutti","12":"pa_geschmack-zitrone","13":"pa_groesse-250-ml-1er-pack","14":"pa_groesse-500-ml-1er-pack","15":"pa_languages-unbekannt-deutsch","16":"pa_manufacturer-mollers","17":"pa_size-250-ml-1er-pack","19":"first","20":"instock","21":"sale","22":"shipping-taxable","23":"purchasable","24":"product-type-variable","25":"customify-col","26":"product-has-gallery"},"yoast_head":"<!-- This site is optimized with the Yoast SEO plugin v27.4 - https:\/\/yoast.com\/product\/yoast-seo-wordpress\/ -->\n<title>CLO Omega 3 250 ml - Markt-XXL<\/title>\n<meta name=\"description\" content=\"Markt-XXL CLO Omega 3 250 ml\" \/>\n<meta name=\"robots\" content=\"index, follow, max-snippet:-1, max-image-preview:large, max-video-preview:-1\" \/>\n<link rel=\"canonical\" href=\"https:\/\/marktxxl.de\/markt\/produkt\/clo-omega-3-250-ml\/\" \/>\n<meta property=\"og:locale\" content=\"de_DE\" \/>\n<meta property=\"og:type\" content=\"article\" \/>\n<meta property=\"og:title\" content=\"CLO Omega 3 250 ml - Markt-XXL\" \/>\n<meta property=\"og:description\" content=\"Markt-XXL CLO Omega 3 250 ml\" \/>\n<meta property=\"og:url\" content=\"https:\/\/marktxxl.de\/markt\/produkt\/clo-omega-3-250-ml\/\" \/>\n<meta property=\"og:site_name\" content=\"Markt-XXL\" \/>\n<meta name=\"twitter:card\" content=\"summary_large_image\" \/>\n<meta name=\"twitter:label1\" content=\"Gesch\u00e4tzte Lesezeit\" \/>\n\t<meta name=\"twitter:data1\" content=\"1\u00a0Minute\" \/>\n<script type=\"application\/ld+json\" class=\"yoast-schema-graph\">{\"@context\":\"https:\\\/\\\/schema.org\",\"@graph\":[{\"@type\":\"WebPage\",\"@id\":\"https:\\\/\\\/marktxxl.de\\\/markt\\\/produkt\\\/clo-omega-3-250-ml\\\/\",\"url\":\"https:\\\/\\\/marktxxl.de\\\/markt\\\/produkt\\\/clo-omega-3-250-ml\\\/\",\"name\":\"CLO Omega 3 250 ml - Markt-XXL\",\"isPartOf\":{\"@id\":\"https:\\\/\\\/marktxxl.de\\\/markt\\\/#website\"},\"primaryImageOfPage\":{\"@id\":\"https:\\\/\\\/marktxxl.de\\\/markt\\\/produkt\\\/clo-omega-3-250-ml\\\/#primaryimage\"},\"image\":{\"@id\":\"https:\\\/\\\/marktxxl.de\\\/markt\\\/produkt\\\/clo-omega-3-250-ml\\\/#primaryimage\"},\"thumbnailUrl\":\"https:\\\/\\\/m.media-amazon.com\\\/images\\\/I\\\/41fCXajQ--L._SL500_.jpg\",\"datePublished\":\"2024-06-29T02:35:33+00:00\",\"description\":\"Markt-XXL CLO Omega 3 250 ml\",\"breadcrumb\":{\"@id\":\"https:\\\/\\\/marktxxl.de\\\/markt\\\/produkt\\\/clo-omega-3-250-ml\\\/#breadcrumb\"},\"inLanguage\":\"de\",\"potentialAction\":[{\"@type\":\"ReadAction\",\"target\":[\"https:\\\/\\\/marktxxl.de\\\/markt\\\/produkt\\\/clo-omega-3-250-ml\\\/\"]}]},{\"@type\":\"ImageObject\",\"inLanguage\":\"de\",\"@id\":\"https:\\\/\\\/marktxxl.de\\\/markt\\\/produkt\\\/clo-omega-3-250-ml\\\/#primaryimage\",\"url\":\"https:\\\/\\\/m.media-amazon.com\\\/images\\\/I\\\/41fCXajQ--L._SL500_.jpg\",\"contentUrl\":\"https:\\\/\\\/m.media-amazon.com\\\/images\\\/I\\\/41fCXajQ--L._SL500_.jpg\",\"width\":500,\"height\":500},{\"@type\":\"BreadcrumbList\",\"@id\":\"https:\\\/\\\/marktxxl.de\\\/markt\\\/produkt\\\/clo-omega-3-250-ml\\\/#breadcrumb\",\"itemListElement\":[{\"@type\":\"ListItem\",\"position\":1,\"name\":\"Startseite\",\"item\":\"https:\\\/\\\/marktxxl.de\\\/markt\\\/\"},{\"@type\":\"ListItem\",\"position\":2,\"name\":\"Markt\",\"item\":\"https:\\\/\\\/marktxxl.de\\\/markt\\\/\"},{\"@type\":\"ListItem\",\"position\":3,\"name\":\"CLO Omega 3 250 ml\"}]},{\"@type\":\"WebSite\",\"@id\":\"https:\\\/\\\/marktxxl.de\\\/markt\\\/#website\",\"url\":\"https:\\\/\\\/marktxxl.de\\\/markt\\\/\",\"name\":\"Markt-XXL\",\"description\":\"Ihr Markt Online\",\"publisher\":{\"@id\":\"https:\\\/\\\/marktxxl.de\\\/markt\\\/#organization\"},\"potentialAction\":[{\"@type\":\"SearchAction\",\"target\":{\"@type\":\"EntryPoint\",\"urlTemplate\":\"https:\\\/\\\/marktxxl.de\\\/markt\\\/?s={search_term_string}\"},\"query-input\":{\"@type\":\"PropertyValueSpecification\",\"valueRequired\":true,\"valueName\":\"search_term_string\"}}],\"inLanguage\":\"de\"},{\"@type\":\"Organization\",\"@id\":\"https:\\\/\\\/marktxxl.de\\\/markt\\\/#organization\",\"name\":\"Markt-XXL\",\"url\":\"https:\\\/\\\/marktxxl.de\\\/markt\\\/\",\"logo\":{\"@type\":\"ImageObject\",\"inLanguage\":\"de\",\"@id\":\"https:\\\/\\\/marktxxl.de\\\/markt\\\/#\\\/schema\\\/logo\\\/image\\\/\",\"url\":\"https:\\\/\\\/marktxxl.de\\\/markt\\\/wp-content\\\/uploads\\\/sites\\\/3\\\/2020\\\/12\\\/logo.png\",\"contentUrl\":\"https:\\\/\\\/marktxxl.de\\\/markt\\\/wp-content\\\/uploads\\\/sites\\\/3\\\/2020\\\/12\\\/logo.png\",\"width\":200,\"height\":70,\"caption\":\"Markt-XXL\"},\"image\":{\"@id\":\"https:\\\/\\\/marktxxl.de\\\/markt\\\/#\\\/schema\\\/logo\\\/image\\\/\"}}]}<\/script>\n<!-- \/ Yoast SEO plugin. -->","yoast_head_json":{"title":"CLO Omega 3 250 ml - Markt-XXL","description":"Markt-XXL CLO Omega 3 250 ml","robots":{"index":"index","follow":"follow","max-snippet":"max-snippet:-1","max-image-preview":"max-image-preview:large","max-video-preview":"max-video-preview:-1"},"canonical":"https:\/\/marktxxl.de\/markt\/produkt\/clo-omega-3-250-ml\/","og_locale":"de_DE","og_type":"article","og_title":"CLO Omega 3 250 ml - Markt-XXL","og_description":"Markt-XXL CLO Omega 3 250 ml","og_url":"https:\/\/marktxxl.de\/markt\/produkt\/clo-omega-3-250-ml\/","og_site_name":"Markt-XXL","twitter_card":"summary_large_image","twitter_misc":{"Gesch\u00e4tzte Lesezeit":"1\u00a0Minute"},"schema":{"@context":"https:\/\/schema.org","@graph":[{"@type":"WebPage","@id":"https:\/\/marktxxl.de\/markt\/produkt\/clo-omega-3-250-ml\/","url":"https:\/\/marktxxl.de\/markt\/produkt\/clo-omega-3-250-ml\/","name":"CLO Omega 3 250 ml - Markt-XXL","isPartOf":{"@id":"https:\/\/marktxxl.de\/markt\/#website"},"primaryImageOfPage":{"@id":"https:\/\/marktxxl.de\/markt\/produkt\/clo-omega-3-250-ml\/#primaryimage"},"image":{"@id":"https:\/\/marktxxl.de\/markt\/produkt\/clo-omega-3-250-ml\/#primaryimage"},"thumbnailUrl":"https:\/\/m.media-amazon.com\/images\/I\/41fCXajQ--L._SL500_.jpg","datePublished":"2024-06-29T02:35:33+00:00","description":"Markt-XXL CLO Omega 3 250 ml","breadcrumb":{"@id":"https:\/\/marktxxl.de\/markt\/produkt\/clo-omega-3-250-ml\/#breadcrumb"},"inLanguage":"de","potentialAction":[{"@type":"ReadAction","target":["https:\/\/marktxxl.de\/markt\/produkt\/clo-omega-3-250-ml\/"]}]},{"@type":"ImageObject","inLanguage":"de","@id":"https:\/\/marktxxl.de\/markt\/produkt\/clo-omega-3-250-ml\/#primaryimage","url":"https:\/\/m.media-amazon.com\/images\/I\/41fCXajQ--L._SL500_.jpg","contentUrl":"https:\/\/m.media-amazon.com\/images\/I\/41fCXajQ--L._SL500_.jpg","width":500,"height":500},{"@type":"BreadcrumbList","@id":"https:\/\/marktxxl.de\/markt\/produkt\/clo-omega-3-250-ml\/#breadcrumb","itemListElement":[{"@type":"ListItem","position":1,"name":"Startseite","item":"https:\/\/marktxxl.de\/markt\/"},{"@type":"ListItem","position":2,"name":"Markt","item":"https:\/\/marktxxl.de\/markt\/"},{"@type":"ListItem","position":3,"name":"CLO Omega 3 250 ml"}]},{"@type":"WebSite","@id":"https:\/\/marktxxl.de\/markt\/#website","url":"https:\/\/marktxxl.de\/markt\/","name":"Markt-XXL","description":"Ihr Markt Online","publisher":{"@id":"https:\/\/marktxxl.de\/markt\/#organization"},"potentialAction":[{"@type":"SearchAction","target":{"@type":"EntryPoint","urlTemplate":"https:\/\/marktxxl.de\/markt\/?s={search_term_string}"},"query-input":{"@type":"PropertyValueSpecification","valueRequired":true,"valueName":"search_term_string"}}],"inLanguage":"de"},{"@type":"Organization","@id":"https:\/\/marktxxl.de\/markt\/#organization","name":"Markt-XXL","url":"https:\/\/marktxxl.de\/markt\/","logo":{"@type":"ImageObject","inLanguage":"de","@id":"https:\/\/marktxxl.de\/markt\/#\/schema\/logo\/image\/","url":"https:\/\/marktxxl.de\/markt\/wp-content\/uploads\/sites\/3\/2020\/12\/logo.png","contentUrl":"https:\/\/marktxxl.de\/markt\/wp-content\/uploads\/sites\/3\/2020\/12\/logo.png","width":200,"height":70,"caption":"Markt-XXL"},"image":{"@id":"https:\/\/marktxxl.de\/markt\/#\/schema\/logo\/image\/"}}]}},"_links":{"self":[{"href":"https:\/\/marktxxl.de\/markt\/wp-json\/wp\/v2\/product\/215559","targetHints":{"allow":["GET"]}}],"collection":[{"href":"https:\/\/marktxxl.de\/markt\/wp-json\/wp\/v2\/product"}],"about":[{"href":"https:\/\/marktxxl.de\/markt\/wp-json\/wp\/v2\/types\/product"}],"replies":[{"embeddable":true,"href":"https:\/\/marktxxl.de\/markt\/wp-json\/wp\/v2\/comments?post=215559"}],"wp:featuredmedia":[{"embeddable":true,"href":"https:\/\/marktxxl.de\/markt\/wp-json\/wp\/v2\/media\/215567"}],"wp:attachment":[{"href":"https:\/\/marktxxl.de\/markt\/wp-json\/wp\/v2\/media?parent=215559"}],"wp:term":[{"taxonomy":"product_brand","embeddable":true,"href":"https:\/\/marktxxl.de\/markt\/wp-json\/wp\/v2\/product_brand?post=215559"},{"taxonomy":"product_cat","embeddable":true,"href":"https:\/\/marktxxl.de\/markt\/wp-json\/wp\/v2\/product_cat?post=215559"},{"taxonomy":"product_tag","embeddable":true,"href":"https:\/\/marktxxl.de\/markt\/wp-json\/wp\/v2\/product_tag?post=215559"}],"curies":[{"name":"wp","href":"https:\/\/api.w.org\/{rel}","templated":true}]}}