{"id":215535,"date":"2024-06-29T04:17:32","date_gmt":"2024-06-29T02:17:32","guid":{"rendered":"https:\/\/marktxxl.de\/markt\/produkt\/cholesterin-nahrungsergaenzungsmittel-roter-reis-caigua-%ce%b3-oryzanol-policosanol-coenzym-q10-und-chrom-90-tabletten-qualitaet-vitastrong\/"},"modified":"2024-06-29T04:17:32","modified_gmt":"2024-06-29T02:17:32","slug":"cholesterin-nahrungsergaenzungsmittel-roter-reis-caigua-%ce%b3-oryzanol-policosanol-coenzym-q10-und-chrom-90-tabletten-qualitaet-vitastrong","status":"publish","type":"product","link":"https:\/\/marktxxl.de\/markt\/produkt\/cholesterin-nahrungsergaenzungsmittel-roter-reis-caigua-%ce%b3-oryzanol-policosanol-coenzym-q10-und-chrom-90-tabletten-qualitaet-vitastrong\/","title":{"rendered":"CHOLESTERIN &#8211; Nahrungserg\u00e4nzungsmittel &#8211; Roter Reis, Caigua, \u03b3-Oryzanol, Policosanol, Coenzym Q10 und Chrom &#8211; 90 Tabletten &#8211; Qualit\u00e4t Vitastrong"},"content":{"rendered":"<p>\u2764\ufe0f ROTER REIS &#8211; DAS HERZ UNSERER MISCHUNG: Eine S\u00e4ule traditioneller Wellness-Praktiken, rote Reishefe wurde wegen ihrer F\u00e4higkeit, den Cholesterinstoffwechsel nat\u00fcrlich zu unterst\u00fctzen, f\u00fcr unsere Mischung gew\u00e4hlt. Dieser Inhaltsstoff wird seit Jahrhunderten verwendet, bekannt f\u00fcr sein Potenzial, gesunde Blutfettwerte zu erhalten und zu Ihrem Wohlbefinden beizutragen.<br \/>\n\u2764\ufe0f EINZIGARTIGE SYNERGIE F\u00dcR IHRE GESUNDHEIT: Unsere exklusive Mischung kombiniert Rote Reishefe, Caigua, \u03b3-Oryzanol, Policosanol, Coenzym Q10 und Chrom in einer pr\u00e4zisen Formel. Entwickelt, um Blutfette nat\u00fcrlich auszugleichen, tr\u00e4gt unsere einzigartige Mischung zu Ihrem Cholesterinstoffwechsel und Kreislauf bei, und positioniert unser Produkt einzigartig.<br \/>\n\u2764\ufe0f CAIGUA &amp; CoQ10: Caigua, ein nat\u00fcrlicher Verb\u00fcndeter, der zum richtigen Cholesterinstoffwechsel beitr\u00e4gt und sich mit den antioxidativen Eigenschaften von CoQ10 vereint, schafft eine Grundlage f\u00fcr Ihr Wohlbefinden.<br \/>\n\ud83c\udf3f AUS DER NATUR, MIT SORGFALT: Unser Engagement f\u00fcr Ihr Wohlbefinden spiegelt sich in unserer Wahl reiner, nat\u00fcrlicher Inhaltsstoffe wider. Jedes Element unseres Produkts ist sorgf\u00e4ltig ausgew\u00e4hlt, um mit der Weisheit der Natur in Einklang zu sein und Ihnen eine Mischung zu bieten, die im Einklang mit den nat\u00fcrlichen Rhythmen Ihres K\u00f6rpers steht.<br \/>\n\ud83c\udfc6 VITASTRONG EXZELLENZ: Mit Strenge und Hingabe produziert, werden alle unsere Erg\u00e4nzungsmittel in nach GMP und HACCP zertifizierten Laboren formuliert, wobei nur hochwertige und reine Rohstoffe verwendet werden.<br \/>\n<div class=\"main-cross-sell\" data-asin=\"B0CY2XS7XN\">\n\n\t<div class=\"WooZone-cross-sell-loader\">\n\t\t<div>\n\t\t\t<div id=\"floatingBarsG\">\n\t\t\t\t<div class=\"blockG\" id=\"rotateG_01\"><\/div>\n\t\t\t\t<div class=\"blockG\" id=\"rotateG_02\"><\/div>\n\t\t\t\t<div class=\"blockG\" id=\"rotateG_03\"><\/div>\n\t\t\t\t<div class=\"blockG\" id=\"rotateG_04\"><\/div>\n\t\t\t\t<div class=\"blockG\" id=\"rotateG_05\"><\/div>\n\t\t\t\t<div class=\"blockG\" id=\"rotateG_06\"><\/div>\n\t\t\t\t<div class=\"blockG\" id=\"rotateG_07\"><\/div>\n\t\t\t\t<div class=\"blockG\" id=\"rotateG_08\"><\/div>\n\t\t\t<\/div>\n\t\t\t<div class=\"WooZone-cross-sell-loader-text\"><\/div>\n\t\t<\/div>\n\t<\/div>\n\n\t\t\n<\/div>\n<div style=\"clear:both;\"><\/div><\/p>\n","protected":false},"excerpt":{"rendered":"<p>\u2764\ufe0f ROTER REIS &#8211; DAS HERZ UNSERER MISCHUNG: Eine S\u00e4ule traditioneller Wellness-Praktiken, rote Reishefe wurde wegen ihrer F\u00e4higkeit, den Cholesterinstoffwechsel nat\u00fcrlich zu unterst\u00fctzen, f\u00fcr unsere Mischung gew\u00e4hlt. Dieser Inhaltsstoff wird seit Jahrhunderten verwendet, bekannt f\u00fcr sein Potenzial, gesunde Blutfettwerte zu erhalten und zu Ihrem Wohlbefinden beizutragen.<br \/>\n\u2764\ufe0f EINZIGARTIGE SYNERGIE F\u00dcR IHRE GESUNDHEIT: Unsere exklusive Mischung kombiniert Rote Reishefe, Caigua, \u03b3-Oryzanol, Policosanol, Coenzym Q10 und Chrom in einer pr\u00e4zisen Formel. Entwickelt, um Blutfette nat\u00fcrlich auszugleichen, tr\u00e4gt unsere einzigartige Mischung zu Ihrem Cholesterinstoffwechsel und Kreislauf bei, und positioniert unser Produkt einzigartig.<br \/>\n\u2764\ufe0f CAIGUA &amp; CoQ10: Caigua, ein nat\u00fcrlicher Verb\u00fcndeter, der zum richtigen Cholesterinstoffwechsel beitr\u00e4gt und sich mit den antioxidativen Eigenschaften von CoQ10 vereint, schafft eine Grundlage f\u00fcr Ihr Wohlbefinden.<\/p>\n","protected":false},"featured_media":215536,"comment_status":"open","ping_status":"closed","template":"","meta":[],"product_brand":[],"product_cat":[566,6375],"product_tag":[],"class_list":{"0":"post-215535","1":"product","2":"type-product","3":"status-publish","4":"has-post-thumbnail","6":"product_cat-drogerie-koerperpflege","7":"product_cat-vitamine-mineralien-ergaenzungsmittel","8":"pa_binding-badartikel","9":"pa_brand-vitastrong","10":"pa_height-2-4015748007-zoll","11":"pa_length-4-4094488144-zoll","12":"pa_manufacturer-vitastrong","13":"pa_width-2-4409448794-zoll","15":"first","16":"instock","17":"shipping-taxable","18":"purchasable","19":"product-type-simple","20":"customify-col","21":"product-has-gallery"},"yoast_head":"<!-- This site is optimized with the Yoast SEO plugin v27.3 - https:\/\/yoast.com\/product\/yoast-seo-wordpress\/ -->\n<title>CHOLESTERIN - Nahrungserg\u00e4nzungsmittel - Roter Reis, Caigua, \u03b3-Oryzanol, Policosanol, Coenzym Q10 und Chrom - 90 Tabletten - Qualit\u00e4t Vitastrong - Markt-XXL<\/title>\n<meta name=\"description\" content=\"Markt-XXL CHOLESTERIN - Nahrungserg\u00e4nzungsmittel - Roter Reis, Caigua, \u03b3-Oryzanol, Policosanol, Coenzym Q10 und Chrom - 90 Tabletten - Qualit\u00e4t Vitastrong\" \/>\n<meta name=\"robots\" content=\"index, follow, max-snippet:-1, max-image-preview:large, max-video-preview:-1\" \/>\n<link rel=\"canonical\" href=\"https:\/\/marktxxl.de\/markt\/produkt\/cholesterin-nahrungsergaenzungsmittel-roter-reis-caigua-\u03b3-oryzanol-policosanol-coenzym-q10-und-chrom-90-tabletten-qualitaet-vitastrong\/\" \/>\n<meta property=\"og:locale\" content=\"de_DE\" \/>\n<meta property=\"og:type\" content=\"article\" \/>\n<meta property=\"og:title\" content=\"CHOLESTERIN - Nahrungserg\u00e4nzungsmittel - Roter Reis, Caigua, \u03b3-Oryzanol, Policosanol, Coenzym Q10 und Chrom - 90 Tabletten - Qualit\u00e4t Vitastrong - Markt-XXL\" \/>\n<meta property=\"og:description\" content=\"Markt-XXL CHOLESTERIN - Nahrungserg\u00e4nzungsmittel - Roter Reis, Caigua, \u03b3-Oryzanol, Policosanol, Coenzym Q10 und Chrom - 90 Tabletten - Qualit\u00e4t Vitastrong\" \/>\n<meta property=\"og:url\" content=\"https:\/\/marktxxl.de\/markt\/produkt\/cholesterin-nahrungsergaenzungsmittel-roter-reis-caigua-\u03b3-oryzanol-policosanol-coenzym-q10-und-chrom-90-tabletten-qualitaet-vitastrong\/\" \/>\n<meta property=\"og:site_name\" content=\"Markt-XXL\" \/>\n<meta name=\"twitter:card\" content=\"summary_large_image\" \/>\n<meta name=\"twitter:label1\" content=\"Gesch\u00e4tzte Lesezeit\" \/>\n\t<meta name=\"twitter:data1\" content=\"1\u00a0Minute\" \/>\n<script type=\"application\/ld+json\" class=\"yoast-schema-graph\">{\"@context\":\"https:\\\/\\\/schema.org\",\"@graph\":[{\"@type\":\"WebPage\",\"@id\":\"https:\\\/\\\/marktxxl.de\\\/markt\\\/produkt\\\/cholesterin-nahrungsergaenzungsmittel-roter-reis-caigua-%ce%b3-oryzanol-policosanol-coenzym-q10-und-chrom-90-tabletten-qualitaet-vitastrong\\\/\",\"url\":\"https:\\\/\\\/marktxxl.de\\\/markt\\\/produkt\\\/cholesterin-nahrungsergaenzungsmittel-roter-reis-caigua-%ce%b3-oryzanol-policosanol-coenzym-q10-und-chrom-90-tabletten-qualitaet-vitastrong\\\/\",\"name\":\"CHOLESTERIN - Nahrungserg\u00e4nzungsmittel - Roter Reis, Caigua, \u03b3-Oryzanol, Policosanol, Coenzym Q10 und Chrom - 90 Tabletten - Qualit\u00e4t Vitastrong - Markt-XXL\",\"isPartOf\":{\"@id\":\"https:\\\/\\\/marktxxl.de\\\/markt\\\/#website\"},\"primaryImageOfPage\":{\"@id\":\"https:\\\/\\\/marktxxl.de\\\/markt\\\/produkt\\\/cholesterin-nahrungsergaenzungsmittel-roter-reis-caigua-%ce%b3-oryzanol-policosanol-coenzym-q10-und-chrom-90-tabletten-qualitaet-vitastrong\\\/#primaryimage\"},\"image\":{\"@id\":\"https:\\\/\\\/marktxxl.de\\\/markt\\\/produkt\\\/cholesterin-nahrungsergaenzungsmittel-roter-reis-caigua-%ce%b3-oryzanol-policosanol-coenzym-q10-und-chrom-90-tabletten-qualitaet-vitastrong\\\/#primaryimage\"},\"thumbnailUrl\":\"https:\\\/\\\/m.media-amazon.com\\\/images\\\/I\\\/414Ct54V53L._SL500_.jpg\",\"datePublished\":\"2024-06-29T02:17:32+00:00\",\"description\":\"Markt-XXL CHOLESTERIN - Nahrungserg\u00e4nzungsmittel - Roter Reis, Caigua, \u03b3-Oryzanol, Policosanol, Coenzym Q10 und Chrom - 90 Tabletten - Qualit\u00e4t Vitastrong\",\"breadcrumb\":{\"@id\":\"https:\\\/\\\/marktxxl.de\\\/markt\\\/produkt\\\/cholesterin-nahrungsergaenzungsmittel-roter-reis-caigua-%ce%b3-oryzanol-policosanol-coenzym-q10-und-chrom-90-tabletten-qualitaet-vitastrong\\\/#breadcrumb\"},\"inLanguage\":\"de\",\"potentialAction\":[{\"@type\":\"ReadAction\",\"target\":[\"https:\\\/\\\/marktxxl.de\\\/markt\\\/produkt\\\/cholesterin-nahrungsergaenzungsmittel-roter-reis-caigua-%ce%b3-oryzanol-policosanol-coenzym-q10-und-chrom-90-tabletten-qualitaet-vitastrong\\\/\"]}]},{\"@type\":\"ImageObject\",\"inLanguage\":\"de\",\"@id\":\"https:\\\/\\\/marktxxl.de\\\/markt\\\/produkt\\\/cholesterin-nahrungsergaenzungsmittel-roter-reis-caigua-%ce%b3-oryzanol-policosanol-coenzym-q10-und-chrom-90-tabletten-qualitaet-vitastrong\\\/#primaryimage\",\"url\":\"https:\\\/\\\/m.media-amazon.com\\\/images\\\/I\\\/414Ct54V53L._SL500_.jpg\",\"contentUrl\":\"https:\\\/\\\/m.media-amazon.com\\\/images\\\/I\\\/414Ct54V53L._SL500_.jpg\",\"width\":318,\"height\":500},{\"@type\":\"BreadcrumbList\",\"@id\":\"https:\\\/\\\/marktxxl.de\\\/markt\\\/produkt\\\/cholesterin-nahrungsergaenzungsmittel-roter-reis-caigua-%ce%b3-oryzanol-policosanol-coenzym-q10-und-chrom-90-tabletten-qualitaet-vitastrong\\\/#breadcrumb\",\"itemListElement\":[{\"@type\":\"ListItem\",\"position\":1,\"name\":\"Startseite\",\"item\":\"https:\\\/\\\/marktxxl.de\\\/markt\\\/\"},{\"@type\":\"ListItem\",\"position\":2,\"name\":\"Markt\",\"item\":\"https:\\\/\\\/marktxxl.de\\\/markt\\\/\"},{\"@type\":\"ListItem\",\"position\":3,\"name\":\"CHOLESTERIN &#8211; Nahrungserg\u00e4nzungsmittel &#8211; Roter Reis, Caigua, \u03b3-Oryzanol, Policosanol, Coenzym Q10 und Chrom &#8211; 90 Tabletten &#8211; Qualit\u00e4t Vitastrong\"}]},{\"@type\":\"WebSite\",\"@id\":\"https:\\\/\\\/marktxxl.de\\\/markt\\\/#website\",\"url\":\"https:\\\/\\\/marktxxl.de\\\/markt\\\/\",\"name\":\"Markt-XXL\",\"description\":\"Ihr Markt Online\",\"publisher\":{\"@id\":\"https:\\\/\\\/marktxxl.de\\\/markt\\\/#organization\"},\"potentialAction\":[{\"@type\":\"SearchAction\",\"target\":{\"@type\":\"EntryPoint\",\"urlTemplate\":\"https:\\\/\\\/marktxxl.de\\\/markt\\\/?s={search_term_string}\"},\"query-input\":{\"@type\":\"PropertyValueSpecification\",\"valueRequired\":true,\"valueName\":\"search_term_string\"}}],\"inLanguage\":\"de\"},{\"@type\":\"Organization\",\"@id\":\"https:\\\/\\\/marktxxl.de\\\/markt\\\/#organization\",\"name\":\"Markt-XXL\",\"url\":\"https:\\\/\\\/marktxxl.de\\\/markt\\\/\",\"logo\":{\"@type\":\"ImageObject\",\"inLanguage\":\"de\",\"@id\":\"https:\\\/\\\/marktxxl.de\\\/markt\\\/#\\\/schema\\\/logo\\\/image\\\/\",\"url\":\"https:\\\/\\\/marktxxl.de\\\/markt\\\/wp-content\\\/uploads\\\/sites\\\/3\\\/2020\\\/12\\\/logo.png\",\"contentUrl\":\"https:\\\/\\\/marktxxl.de\\\/markt\\\/wp-content\\\/uploads\\\/sites\\\/3\\\/2020\\\/12\\\/logo.png\",\"width\":200,\"height\":70,\"caption\":\"Markt-XXL\"},\"image\":{\"@id\":\"https:\\\/\\\/marktxxl.de\\\/markt\\\/#\\\/schema\\\/logo\\\/image\\\/\"}}]}<\/script>\n<!-- \/ Yoast SEO plugin. -->","yoast_head_json":{"title":"CHOLESTERIN - Nahrungserg\u00e4nzungsmittel - Roter Reis, Caigua, \u03b3-Oryzanol, Policosanol, Coenzym Q10 und Chrom - 90 Tabletten - Qualit\u00e4t Vitastrong - Markt-XXL","description":"Markt-XXL CHOLESTERIN - Nahrungserg\u00e4nzungsmittel - Roter Reis, Caigua, \u03b3-Oryzanol, Policosanol, Coenzym Q10 und Chrom - 90 Tabletten - Qualit\u00e4t Vitastrong","robots":{"index":"index","follow":"follow","max-snippet":"max-snippet:-1","max-image-preview":"max-image-preview:large","max-video-preview":"max-video-preview:-1"},"canonical":"https:\/\/marktxxl.de\/markt\/produkt\/cholesterin-nahrungsergaenzungsmittel-roter-reis-caigua-\u03b3-oryzanol-policosanol-coenzym-q10-und-chrom-90-tabletten-qualitaet-vitastrong\/","og_locale":"de_DE","og_type":"article","og_title":"CHOLESTERIN - Nahrungserg\u00e4nzungsmittel - Roter Reis, Caigua, \u03b3-Oryzanol, Policosanol, Coenzym Q10 und Chrom - 90 Tabletten - Qualit\u00e4t Vitastrong - Markt-XXL","og_description":"Markt-XXL CHOLESTERIN - Nahrungserg\u00e4nzungsmittel - Roter Reis, Caigua, \u03b3-Oryzanol, Policosanol, Coenzym Q10 und Chrom - 90 Tabletten - Qualit\u00e4t Vitastrong","og_url":"https:\/\/marktxxl.de\/markt\/produkt\/cholesterin-nahrungsergaenzungsmittel-roter-reis-caigua-\u03b3-oryzanol-policosanol-coenzym-q10-und-chrom-90-tabletten-qualitaet-vitastrong\/","og_site_name":"Markt-XXL","twitter_card":"summary_large_image","twitter_misc":{"Gesch\u00e4tzte Lesezeit":"1\u00a0Minute"},"schema":{"@context":"https:\/\/schema.org","@graph":[{"@type":"WebPage","@id":"https:\/\/marktxxl.de\/markt\/produkt\/cholesterin-nahrungsergaenzungsmittel-roter-reis-caigua-%ce%b3-oryzanol-policosanol-coenzym-q10-und-chrom-90-tabletten-qualitaet-vitastrong\/","url":"https:\/\/marktxxl.de\/markt\/produkt\/cholesterin-nahrungsergaenzungsmittel-roter-reis-caigua-%ce%b3-oryzanol-policosanol-coenzym-q10-und-chrom-90-tabletten-qualitaet-vitastrong\/","name":"CHOLESTERIN - Nahrungserg\u00e4nzungsmittel - Roter Reis, Caigua, \u03b3-Oryzanol, Policosanol, Coenzym Q10 und Chrom - 90 Tabletten - Qualit\u00e4t Vitastrong - Markt-XXL","isPartOf":{"@id":"https:\/\/marktxxl.de\/markt\/#website"},"primaryImageOfPage":{"@id":"https:\/\/marktxxl.de\/markt\/produkt\/cholesterin-nahrungsergaenzungsmittel-roter-reis-caigua-%ce%b3-oryzanol-policosanol-coenzym-q10-und-chrom-90-tabletten-qualitaet-vitastrong\/#primaryimage"},"image":{"@id":"https:\/\/marktxxl.de\/markt\/produkt\/cholesterin-nahrungsergaenzungsmittel-roter-reis-caigua-%ce%b3-oryzanol-policosanol-coenzym-q10-und-chrom-90-tabletten-qualitaet-vitastrong\/#primaryimage"},"thumbnailUrl":"https:\/\/m.media-amazon.com\/images\/I\/414Ct54V53L._SL500_.jpg","datePublished":"2024-06-29T02:17:32+00:00","description":"Markt-XXL CHOLESTERIN - Nahrungserg\u00e4nzungsmittel - Roter Reis, Caigua, \u03b3-Oryzanol, Policosanol, Coenzym Q10 und Chrom - 90 Tabletten - Qualit\u00e4t Vitastrong","breadcrumb":{"@id":"https:\/\/marktxxl.de\/markt\/produkt\/cholesterin-nahrungsergaenzungsmittel-roter-reis-caigua-%ce%b3-oryzanol-policosanol-coenzym-q10-und-chrom-90-tabletten-qualitaet-vitastrong\/#breadcrumb"},"inLanguage":"de","potentialAction":[{"@type":"ReadAction","target":["https:\/\/marktxxl.de\/markt\/produkt\/cholesterin-nahrungsergaenzungsmittel-roter-reis-caigua-%ce%b3-oryzanol-policosanol-coenzym-q10-und-chrom-90-tabletten-qualitaet-vitastrong\/"]}]},{"@type":"ImageObject","inLanguage":"de","@id":"https:\/\/marktxxl.de\/markt\/produkt\/cholesterin-nahrungsergaenzungsmittel-roter-reis-caigua-%ce%b3-oryzanol-policosanol-coenzym-q10-und-chrom-90-tabletten-qualitaet-vitastrong\/#primaryimage","url":"https:\/\/m.media-amazon.com\/images\/I\/414Ct54V53L._SL500_.jpg","contentUrl":"https:\/\/m.media-amazon.com\/images\/I\/414Ct54V53L._SL500_.jpg","width":318,"height":500},{"@type":"BreadcrumbList","@id":"https:\/\/marktxxl.de\/markt\/produkt\/cholesterin-nahrungsergaenzungsmittel-roter-reis-caigua-%ce%b3-oryzanol-policosanol-coenzym-q10-und-chrom-90-tabletten-qualitaet-vitastrong\/#breadcrumb","itemListElement":[{"@type":"ListItem","position":1,"name":"Startseite","item":"https:\/\/marktxxl.de\/markt\/"},{"@type":"ListItem","position":2,"name":"Markt","item":"https:\/\/marktxxl.de\/markt\/"},{"@type":"ListItem","position":3,"name":"CHOLESTERIN &#8211; Nahrungserg\u00e4nzungsmittel &#8211; Roter Reis, Caigua, \u03b3-Oryzanol, Policosanol, Coenzym Q10 und Chrom &#8211; 90 Tabletten &#8211; Qualit\u00e4t Vitastrong"}]},{"@type":"WebSite","@id":"https:\/\/marktxxl.de\/markt\/#website","url":"https:\/\/marktxxl.de\/markt\/","name":"Markt-XXL","description":"Ihr Markt Online","publisher":{"@id":"https:\/\/marktxxl.de\/markt\/#organization"},"potentialAction":[{"@type":"SearchAction","target":{"@type":"EntryPoint","urlTemplate":"https:\/\/marktxxl.de\/markt\/?s={search_term_string}"},"query-input":{"@type":"PropertyValueSpecification","valueRequired":true,"valueName":"search_term_string"}}],"inLanguage":"de"},{"@type":"Organization","@id":"https:\/\/marktxxl.de\/markt\/#organization","name":"Markt-XXL","url":"https:\/\/marktxxl.de\/markt\/","logo":{"@type":"ImageObject","inLanguage":"de","@id":"https:\/\/marktxxl.de\/markt\/#\/schema\/logo\/image\/","url":"https:\/\/marktxxl.de\/markt\/wp-content\/uploads\/sites\/3\/2020\/12\/logo.png","contentUrl":"https:\/\/marktxxl.de\/markt\/wp-content\/uploads\/sites\/3\/2020\/12\/logo.png","width":200,"height":70,"caption":"Markt-XXL"},"image":{"@id":"https:\/\/marktxxl.de\/markt\/#\/schema\/logo\/image\/"}}]}},"_links":{"self":[{"href":"https:\/\/marktxxl.de\/markt\/wp-json\/wp\/v2\/product\/215535","targetHints":{"allow":["GET"]}}],"collection":[{"href":"https:\/\/marktxxl.de\/markt\/wp-json\/wp\/v2\/product"}],"about":[{"href":"https:\/\/marktxxl.de\/markt\/wp-json\/wp\/v2\/types\/product"}],"replies":[{"embeddable":true,"href":"https:\/\/marktxxl.de\/markt\/wp-json\/wp\/v2\/comments?post=215535"}],"wp:featuredmedia":[{"embeddable":true,"href":"https:\/\/marktxxl.de\/markt\/wp-json\/wp\/v2\/media\/215536"}],"wp:attachment":[{"href":"https:\/\/marktxxl.de\/markt\/wp-json\/wp\/v2\/media?parent=215535"}],"wp:term":[{"taxonomy":"product_brand","embeddable":true,"href":"https:\/\/marktxxl.de\/markt\/wp-json\/wp\/v2\/product_brand?post=215535"},{"taxonomy":"product_cat","embeddable":true,"href":"https:\/\/marktxxl.de\/markt\/wp-json\/wp\/v2\/product_cat?post=215535"},{"taxonomy":"product_tag","embeddable":true,"href":"https:\/\/marktxxl.de\/markt\/wp-json\/wp\/v2\/product_tag?post=215535"}],"curies":[{"name":"wp","href":"https:\/\/api.w.org\/{rel}","templated":true}]}}