{"id":215453,"date":"2024-06-29T04:08:27","date_gmt":"2024-06-29T02:08:27","guid":{"rendered":"https:\/\/marktxxl.de\/markt\/produkt\/grey-lcolourful-fackelpapier-faengt-farbe-vor-unfaellen-waschen-packung-mit-4-x-40-blatt-300-g\/"},"modified":"2024-06-29T04:08:27","modified_gmt":"2024-06-29T02:08:27","slug":"grey-lcolourful-fackelpapier-faengt-farbe-vor-unfaellen-waschen-packung-mit-4-x-40-blatt-300-g","status":"publish","type":"product","link":"https:\/\/marktxxl.de\/markt\/produkt\/grey-lcolourful-fackelpapier-faengt-farbe-vor-unfaellen-waschen-packung-mit-4-x-40-blatt-300-g\/","title":{"rendered":"Grey L&#8217;Colourful Fackelpapier f\u00e4ngt Farbe vor Unf\u00e4llen, Waschen, Packung mit 4 x 40 Blatt, 300 g"},"content":{"rendered":"<p>Waschlappen-L\u00f6sung \u2013 maschinenwaschbare Bl\u00e4tter sorgen f\u00fcr Glanz und Sauberkeit jeder Art von Kleidungsst\u00fccken; keine Flecken, kein Schmutz, kein Verschlei\u00df.<br \/>\nUltra-saugf\u00e4hige Fasern \u2013 die Farbenf\u00e4nger absorbieren farbliche Mikropartikel, die Ihre Kleidung verschmutzen k\u00f6nnen und so mehrfarbige W\u00e4sche erm\u00f6glichen.<br \/>\nFarbschutzfolie \u2013 graue F\u00e4rbungsfolie absorbiert die Farben und Schmutz im Waschwasser<br \/>\nGegen Vergrauung \u2013 Die Farbf\u00e4ngerfolie sch\u00fctzt Textilien vor Vergrauung, verhindert die Ablagerung von Schmutz und anderen Farbpartikeln w\u00e4hrend des Waschens.<br \/>\nLieferumfang &#8211; grey the colour f\u00e4nger, farbabsorbierende Naturfaser, f\u00fcr alle Temperaturen und f\u00fcr jede Art von Waschung, 4 x 40 Blatt<br \/>\n<div class=\"main-cross-sell\" data-asin=\"B089WX75MX\">\n\n\t<div class=\"WooZone-cross-sell-loader\">\n\t\t<div>\n\t\t\t<div id=\"floatingBarsG\">\n\t\t\t\t<div class=\"blockG\" id=\"rotateG_01\"><\/div>\n\t\t\t\t<div class=\"blockG\" id=\"rotateG_02\"><\/div>\n\t\t\t\t<div class=\"blockG\" id=\"rotateG_03\"><\/div>\n\t\t\t\t<div class=\"blockG\" id=\"rotateG_04\"><\/div>\n\t\t\t\t<div class=\"blockG\" id=\"rotateG_05\"><\/div>\n\t\t\t\t<div class=\"blockG\" id=\"rotateG_06\"><\/div>\n\t\t\t\t<div class=\"blockG\" id=\"rotateG_07\"><\/div>\n\t\t\t\t<div class=\"blockG\" id=\"rotateG_08\"><\/div>\n\t\t\t<\/div>\n\t\t\t<div class=\"WooZone-cross-sell-loader-text\"><\/div>\n\t\t<\/div>\n\t<\/div>\n\n\t\t\n<\/div>\n<div style=\"clear:both;\"><\/div><\/p>\n","protected":false},"excerpt":{"rendered":"<p>Waschlappen-L\u00f6sung \u2013 maschinenwaschbare Bl\u00e4tter sorgen f\u00fcr Glanz und Sauberkeit jeder Art von Kleidungsst\u00fccken; keine Flecken, kein Schmutz, kein Verschlei\u00df.<br \/>\nUltra-saugf\u00e4hige Fasern \u2013 die Farbenf\u00e4nger absorbieren farbliche Mikropartikel, die Ihre Kleidung verschmutzen k\u00f6nnen und so mehrfarbige W\u00e4sche erm\u00f6glichen.<br \/>\nFarbschutzfolie \u2013 graue F\u00e4rbungsfolie absorbiert die Farben und Schmutz im Waschwasser<\/p>\n","protected":false},"featured_media":215454,"comment_status":"open","ping_status":"closed","template":"","meta":[],"product_brand":[],"product_cat":[566,5467],"product_tag":[],"class_list":{"0":"post-215453","1":"product","2":"type-product","3":"status-publish","4":"has-post-thumbnail","6":"product_cat-drogerie-koerperpflege","7":"product_cat-haushaltswaren-reinigungsmittel","8":"pa_binding-badartikel","9":"pa_brand-grey","10":"pa_height-6-8897637725-zoll","11":"pa_length-8-8976377862-zoll","12":"pa_manufacturer-henkel","13":"pa_model-54281","14":"pa_size-160-stueck-1er-pack","15":"pa_width-3-93700787-zoll","17":"first","18":"instock","19":"shipping-taxable","20":"purchasable","21":"product-type-simple","22":"customify-col","23":"product-has-gallery"},"yoast_head":"<!-- This site is optimized with the Yoast SEO plugin v27.4 - https:\/\/yoast.com\/product\/yoast-seo-wordpress\/ -->\n<title>Grey L&#039;Colourful Fackelpapier f\u00e4ngt Farbe vor Unf\u00e4llen, Waschen, Packung mit 4 x 40 Blatt, 300 g - Markt-XXL<\/title>\n<meta name=\"description\" content=\"Markt-XXL Grey L&#039;Colourful Fackelpapier f\u00e4ngt Farbe vor Unf\u00e4llen, Waschen, Packung mit 4 x 40 Blatt, 300 g\" \/>\n<meta name=\"robots\" content=\"index, follow, max-snippet:-1, max-image-preview:large, max-video-preview:-1\" \/>\n<link rel=\"canonical\" href=\"https:\/\/marktxxl.de\/markt\/produkt\/grey-lcolourful-fackelpapier-faengt-farbe-vor-unfaellen-waschen-packung-mit-4-x-40-blatt-300-g\/\" \/>\n<meta property=\"og:locale\" content=\"de_DE\" \/>\n<meta property=\"og:type\" content=\"article\" \/>\n<meta property=\"og:title\" content=\"Grey L&#039;Colourful Fackelpapier f\u00e4ngt Farbe vor Unf\u00e4llen, Waschen, Packung mit 4 x 40 Blatt, 300 g - Markt-XXL\" \/>\n<meta property=\"og:description\" content=\"Markt-XXL Grey L&#039;Colourful Fackelpapier f\u00e4ngt Farbe vor Unf\u00e4llen, Waschen, Packung mit 4 x 40 Blatt, 300 g\" \/>\n<meta property=\"og:url\" content=\"https:\/\/marktxxl.de\/markt\/produkt\/grey-lcolourful-fackelpapier-faengt-farbe-vor-unfaellen-waschen-packung-mit-4-x-40-blatt-300-g\/\" \/>\n<meta property=\"og:site_name\" content=\"Markt-XXL\" \/>\n<meta name=\"twitter:card\" content=\"summary_large_image\" \/>\n<meta name=\"twitter:label1\" content=\"Gesch\u00e4tzte Lesezeit\" \/>\n\t<meta name=\"twitter:data1\" content=\"1\u00a0Minute\" \/>\n<script type=\"application\/ld+json\" class=\"yoast-schema-graph\">{\"@context\":\"https:\\\/\\\/schema.org\",\"@graph\":[{\"@type\":\"WebPage\",\"@id\":\"https:\\\/\\\/marktxxl.de\\\/markt\\\/produkt\\\/grey-lcolourful-fackelpapier-faengt-farbe-vor-unfaellen-waschen-packung-mit-4-x-40-blatt-300-g\\\/\",\"url\":\"https:\\\/\\\/marktxxl.de\\\/markt\\\/produkt\\\/grey-lcolourful-fackelpapier-faengt-farbe-vor-unfaellen-waschen-packung-mit-4-x-40-blatt-300-g\\\/\",\"name\":\"Grey L'Colourful Fackelpapier f\u00e4ngt Farbe vor Unf\u00e4llen, Waschen, Packung mit 4 x 40 Blatt, 300 g - Markt-XXL\",\"isPartOf\":{\"@id\":\"https:\\\/\\\/marktxxl.de\\\/markt\\\/#website\"},\"primaryImageOfPage\":{\"@id\":\"https:\\\/\\\/marktxxl.de\\\/markt\\\/produkt\\\/grey-lcolourful-fackelpapier-faengt-farbe-vor-unfaellen-waschen-packung-mit-4-x-40-blatt-300-g\\\/#primaryimage\"},\"image\":{\"@id\":\"https:\\\/\\\/marktxxl.de\\\/markt\\\/produkt\\\/grey-lcolourful-fackelpapier-faengt-farbe-vor-unfaellen-waschen-packung-mit-4-x-40-blatt-300-g\\\/#primaryimage\"},\"thumbnailUrl\":\"https:\\\/\\\/m.media-amazon.com\\\/images\\\/I\\\/51Hy2xfHkLL._SL500_.jpg\",\"datePublished\":\"2024-06-29T02:08:27+00:00\",\"description\":\"Markt-XXL Grey L'Colourful Fackelpapier f\u00e4ngt Farbe vor Unf\u00e4llen, Waschen, Packung mit 4 x 40 Blatt, 300 g\",\"breadcrumb\":{\"@id\":\"https:\\\/\\\/marktxxl.de\\\/markt\\\/produkt\\\/grey-lcolourful-fackelpapier-faengt-farbe-vor-unfaellen-waschen-packung-mit-4-x-40-blatt-300-g\\\/#breadcrumb\"},\"inLanguage\":\"de\",\"potentialAction\":[{\"@type\":\"ReadAction\",\"target\":[\"https:\\\/\\\/marktxxl.de\\\/markt\\\/produkt\\\/grey-lcolourful-fackelpapier-faengt-farbe-vor-unfaellen-waschen-packung-mit-4-x-40-blatt-300-g\\\/\"]}]},{\"@type\":\"ImageObject\",\"inLanguage\":\"de\",\"@id\":\"https:\\\/\\\/marktxxl.de\\\/markt\\\/produkt\\\/grey-lcolourful-fackelpapier-faengt-farbe-vor-unfaellen-waschen-packung-mit-4-x-40-blatt-300-g\\\/#primaryimage\",\"url\":\"https:\\\/\\\/m.media-amazon.com\\\/images\\\/I\\\/51Hy2xfHkLL._SL500_.jpg\",\"contentUrl\":\"https:\\\/\\\/m.media-amazon.com\\\/images\\\/I\\\/51Hy2xfHkLL._SL500_.jpg\",\"width\":500,\"height\":500},{\"@type\":\"BreadcrumbList\",\"@id\":\"https:\\\/\\\/marktxxl.de\\\/markt\\\/produkt\\\/grey-lcolourful-fackelpapier-faengt-farbe-vor-unfaellen-waschen-packung-mit-4-x-40-blatt-300-g\\\/#breadcrumb\",\"itemListElement\":[{\"@type\":\"ListItem\",\"position\":1,\"name\":\"Startseite\",\"item\":\"https:\\\/\\\/marktxxl.de\\\/markt\\\/\"},{\"@type\":\"ListItem\",\"position\":2,\"name\":\"Markt\",\"item\":\"https:\\\/\\\/marktxxl.de\\\/markt\\\/\"},{\"@type\":\"ListItem\",\"position\":3,\"name\":\"Grey L&#8217;Colourful Fackelpapier f\u00e4ngt Farbe vor Unf\u00e4llen, Waschen, Packung mit 4 x 40 Blatt, 300 g\"}]},{\"@type\":\"WebSite\",\"@id\":\"https:\\\/\\\/marktxxl.de\\\/markt\\\/#website\",\"url\":\"https:\\\/\\\/marktxxl.de\\\/markt\\\/\",\"name\":\"Markt-XXL\",\"description\":\"Ihr Markt Online\",\"publisher\":{\"@id\":\"https:\\\/\\\/marktxxl.de\\\/markt\\\/#organization\"},\"potentialAction\":[{\"@type\":\"SearchAction\",\"target\":{\"@type\":\"EntryPoint\",\"urlTemplate\":\"https:\\\/\\\/marktxxl.de\\\/markt\\\/?s={search_term_string}\"},\"query-input\":{\"@type\":\"PropertyValueSpecification\",\"valueRequired\":true,\"valueName\":\"search_term_string\"}}],\"inLanguage\":\"de\"},{\"@type\":\"Organization\",\"@id\":\"https:\\\/\\\/marktxxl.de\\\/markt\\\/#organization\",\"name\":\"Markt-XXL\",\"url\":\"https:\\\/\\\/marktxxl.de\\\/markt\\\/\",\"logo\":{\"@type\":\"ImageObject\",\"inLanguage\":\"de\",\"@id\":\"https:\\\/\\\/marktxxl.de\\\/markt\\\/#\\\/schema\\\/logo\\\/image\\\/\",\"url\":\"https:\\\/\\\/marktxxl.de\\\/markt\\\/wp-content\\\/uploads\\\/sites\\\/3\\\/2020\\\/12\\\/logo.png\",\"contentUrl\":\"https:\\\/\\\/marktxxl.de\\\/markt\\\/wp-content\\\/uploads\\\/sites\\\/3\\\/2020\\\/12\\\/logo.png\",\"width\":200,\"height\":70,\"caption\":\"Markt-XXL\"},\"image\":{\"@id\":\"https:\\\/\\\/marktxxl.de\\\/markt\\\/#\\\/schema\\\/logo\\\/image\\\/\"}}]}<\/script>\n<!-- \/ Yoast SEO plugin. -->","yoast_head_json":{"title":"Grey L'Colourful Fackelpapier f\u00e4ngt Farbe vor Unf\u00e4llen, Waschen, Packung mit 4 x 40 Blatt, 300 g - Markt-XXL","description":"Markt-XXL Grey L'Colourful Fackelpapier f\u00e4ngt Farbe vor Unf\u00e4llen, Waschen, Packung mit 4 x 40 Blatt, 300 g","robots":{"index":"index","follow":"follow","max-snippet":"max-snippet:-1","max-image-preview":"max-image-preview:large","max-video-preview":"max-video-preview:-1"},"canonical":"https:\/\/marktxxl.de\/markt\/produkt\/grey-lcolourful-fackelpapier-faengt-farbe-vor-unfaellen-waschen-packung-mit-4-x-40-blatt-300-g\/","og_locale":"de_DE","og_type":"article","og_title":"Grey L'Colourful Fackelpapier f\u00e4ngt Farbe vor Unf\u00e4llen, Waschen, Packung mit 4 x 40 Blatt, 300 g - Markt-XXL","og_description":"Markt-XXL Grey L'Colourful Fackelpapier f\u00e4ngt Farbe vor Unf\u00e4llen, Waschen, Packung mit 4 x 40 Blatt, 300 g","og_url":"https:\/\/marktxxl.de\/markt\/produkt\/grey-lcolourful-fackelpapier-faengt-farbe-vor-unfaellen-waschen-packung-mit-4-x-40-blatt-300-g\/","og_site_name":"Markt-XXL","twitter_card":"summary_large_image","twitter_misc":{"Gesch\u00e4tzte Lesezeit":"1\u00a0Minute"},"schema":{"@context":"https:\/\/schema.org","@graph":[{"@type":"WebPage","@id":"https:\/\/marktxxl.de\/markt\/produkt\/grey-lcolourful-fackelpapier-faengt-farbe-vor-unfaellen-waschen-packung-mit-4-x-40-blatt-300-g\/","url":"https:\/\/marktxxl.de\/markt\/produkt\/grey-lcolourful-fackelpapier-faengt-farbe-vor-unfaellen-waschen-packung-mit-4-x-40-blatt-300-g\/","name":"Grey L'Colourful Fackelpapier f\u00e4ngt Farbe vor Unf\u00e4llen, Waschen, Packung mit 4 x 40 Blatt, 300 g - Markt-XXL","isPartOf":{"@id":"https:\/\/marktxxl.de\/markt\/#website"},"primaryImageOfPage":{"@id":"https:\/\/marktxxl.de\/markt\/produkt\/grey-lcolourful-fackelpapier-faengt-farbe-vor-unfaellen-waschen-packung-mit-4-x-40-blatt-300-g\/#primaryimage"},"image":{"@id":"https:\/\/marktxxl.de\/markt\/produkt\/grey-lcolourful-fackelpapier-faengt-farbe-vor-unfaellen-waschen-packung-mit-4-x-40-blatt-300-g\/#primaryimage"},"thumbnailUrl":"https:\/\/m.media-amazon.com\/images\/I\/51Hy2xfHkLL._SL500_.jpg","datePublished":"2024-06-29T02:08:27+00:00","description":"Markt-XXL Grey L'Colourful Fackelpapier f\u00e4ngt Farbe vor Unf\u00e4llen, Waschen, Packung mit 4 x 40 Blatt, 300 g","breadcrumb":{"@id":"https:\/\/marktxxl.de\/markt\/produkt\/grey-lcolourful-fackelpapier-faengt-farbe-vor-unfaellen-waschen-packung-mit-4-x-40-blatt-300-g\/#breadcrumb"},"inLanguage":"de","potentialAction":[{"@type":"ReadAction","target":["https:\/\/marktxxl.de\/markt\/produkt\/grey-lcolourful-fackelpapier-faengt-farbe-vor-unfaellen-waschen-packung-mit-4-x-40-blatt-300-g\/"]}]},{"@type":"ImageObject","inLanguage":"de","@id":"https:\/\/marktxxl.de\/markt\/produkt\/grey-lcolourful-fackelpapier-faengt-farbe-vor-unfaellen-waschen-packung-mit-4-x-40-blatt-300-g\/#primaryimage","url":"https:\/\/m.media-amazon.com\/images\/I\/51Hy2xfHkLL._SL500_.jpg","contentUrl":"https:\/\/m.media-amazon.com\/images\/I\/51Hy2xfHkLL._SL500_.jpg","width":500,"height":500},{"@type":"BreadcrumbList","@id":"https:\/\/marktxxl.de\/markt\/produkt\/grey-lcolourful-fackelpapier-faengt-farbe-vor-unfaellen-waschen-packung-mit-4-x-40-blatt-300-g\/#breadcrumb","itemListElement":[{"@type":"ListItem","position":1,"name":"Startseite","item":"https:\/\/marktxxl.de\/markt\/"},{"@type":"ListItem","position":2,"name":"Markt","item":"https:\/\/marktxxl.de\/markt\/"},{"@type":"ListItem","position":3,"name":"Grey L&#8217;Colourful Fackelpapier f\u00e4ngt Farbe vor Unf\u00e4llen, Waschen, Packung mit 4 x 40 Blatt, 300 g"}]},{"@type":"WebSite","@id":"https:\/\/marktxxl.de\/markt\/#website","url":"https:\/\/marktxxl.de\/markt\/","name":"Markt-XXL","description":"Ihr Markt Online","publisher":{"@id":"https:\/\/marktxxl.de\/markt\/#organization"},"potentialAction":[{"@type":"SearchAction","target":{"@type":"EntryPoint","urlTemplate":"https:\/\/marktxxl.de\/markt\/?s={search_term_string}"},"query-input":{"@type":"PropertyValueSpecification","valueRequired":true,"valueName":"search_term_string"}}],"inLanguage":"de"},{"@type":"Organization","@id":"https:\/\/marktxxl.de\/markt\/#organization","name":"Markt-XXL","url":"https:\/\/marktxxl.de\/markt\/","logo":{"@type":"ImageObject","inLanguage":"de","@id":"https:\/\/marktxxl.de\/markt\/#\/schema\/logo\/image\/","url":"https:\/\/marktxxl.de\/markt\/wp-content\/uploads\/sites\/3\/2020\/12\/logo.png","contentUrl":"https:\/\/marktxxl.de\/markt\/wp-content\/uploads\/sites\/3\/2020\/12\/logo.png","width":200,"height":70,"caption":"Markt-XXL"},"image":{"@id":"https:\/\/marktxxl.de\/markt\/#\/schema\/logo\/image\/"}}]}},"_links":{"self":[{"href":"https:\/\/marktxxl.de\/markt\/wp-json\/wp\/v2\/product\/215453","targetHints":{"allow":["GET"]}}],"collection":[{"href":"https:\/\/marktxxl.de\/markt\/wp-json\/wp\/v2\/product"}],"about":[{"href":"https:\/\/marktxxl.de\/markt\/wp-json\/wp\/v2\/types\/product"}],"replies":[{"embeddable":true,"href":"https:\/\/marktxxl.de\/markt\/wp-json\/wp\/v2\/comments?post=215453"}],"wp:featuredmedia":[{"embeddable":true,"href":"https:\/\/marktxxl.de\/markt\/wp-json\/wp\/v2\/media\/215454"}],"wp:attachment":[{"href":"https:\/\/marktxxl.de\/markt\/wp-json\/wp\/v2\/media?parent=215453"}],"wp:term":[{"taxonomy":"product_brand","embeddable":true,"href":"https:\/\/marktxxl.de\/markt\/wp-json\/wp\/v2\/product_brand?post=215453"},{"taxonomy":"product_cat","embeddable":true,"href":"https:\/\/marktxxl.de\/markt\/wp-json\/wp\/v2\/product_cat?post=215453"},{"taxonomy":"product_tag","embeddable":true,"href":"https:\/\/marktxxl.de\/markt\/wp-json\/wp\/v2\/product_tag?post=215453"}],"curies":[{"name":"wp","href":"https:\/\/api.w.org\/{rel}","templated":true}]}}