{"id":215436,"date":"2024-06-29T04:04:38","date_gmt":"2024-06-29T02:04:38","guid":{"rendered":"https:\/\/marktxxl.de\/markt\/produkt\/magnesium-komplex-400mg-5-in-1-magnesium-hochdosiert-magnesiumbisglycinat-magnesiumcitrat-magnesium-malat-pidolat-und-carbonat-optimale-bioverfuegbarkeit\/"},"modified":"2024-06-29T04:04:38","modified_gmt":"2024-06-29T02:04:38","slug":"magnesium-komplex-400mg-5-in-1-magnesium-hochdosiert-magnesiumbisglycinat-magnesiumcitrat-magnesium-malat-pidolat-und-carbonat-optimale-bioverfuegbarkeit","status":"publish","type":"product","link":"https:\/\/marktxxl.de\/markt\/produkt\/magnesium-komplex-400mg-5-in-1-magnesium-hochdosiert-magnesiumbisglycinat-magnesiumcitrat-magnesium-malat-pidolat-und-carbonat-optimale-bioverfuegbarkeit\/","title":{"rendered":"MAGNESIUM KOMPLEX 400mg &#8211; 5 in 1 Magnesium Hochdosiert &#8211; Magnesiumbisglycinat + Magnesiumcitrat + Magnesium Malat + Pidolat und Carbonat \u2013 Optimale Bioverf\u00fcgbarkeit"},"content":{"rendered":"<p>\ud83c\udf1f PREMIUM MAGNESIUMKOMPLEX: Unser Magnesiumkomplex beinhaltet die f\u00fcnf besten Formen von Magnesium &#8211; Citrat, Carbonat, Pidolat, Malat und Bisglycinat. Entwickelt f\u00fcr optimale Bioverf\u00fcgbarkeit und maximale Magnesiumzufuhr, bietet er unvergleichliche Vorteile und unterst\u00fctzt die Bed\u00fcrfnisse Ihres K\u00f6rpers auf jeder Ebene.<br \/>\n\ud83d\udd2c HOCH ABSORBIERBAR, AUSSERGEW\u00d6HNLICH REIN: Dieser Magnesiumkomplex zeichnet sich durch die Kombination der h\u00f6chsten Absorptionsraten mit der Reinheit der Inhaltsstoffe aus. Er erm\u00f6glicht eine hohe Magnesiumaufnahme in seinen am besten bioverf\u00fcgbaren Formen und stellt sicher, dass Ihr K\u00f6rper einen reinen und effizienten Magnesiumschub erh\u00e4lt.<br \/>\n\u26a1\ufe0f ENERGIE F\u00dcR IHREN TAG: Unser Magnesiumkomplex tr\u00e4gt aktiv zur Reduzierung von M\u00fcdigkeit und Ersch\u00f6pfung bei und unterst\u00fctzt gleichzeitig das Elektrolytgleichgewicht und den normalen Energiestoffwechsel. Bleiben Sie energiegeladen und fokussiert, egal was Ihr Tag mit sich bringt.<br \/>\n\ud83e\uddb4 F\u00dcR STARKE MUSKELN UND KNOCHEN: Unser Produkt ist darauf ausgelegt, zur normalen Muskelfunktion und zum Erhalt normaler Z\u00e4hne und Knochen beizutragen, damit Sie stark und widerstandsf\u00e4hig bleiben.<br \/>\n\ud83c\udfc6 VITASTRONG EXZELLENZ: Mit Strenge und Hingabe produziert, werden alle unsere Nahrungserg\u00e4nzungsmittel in nach GMP und HACCP zertifizierten Laboren formuliert, was den Einsatz von nur hochwertigen und reinen Rohstoffen garantiert. Rein, wirksam, Vitastrong.<br \/>\n<div class=\"main-cross-sell\" data-asin=\"B0D19KGFSD\">\n\n\t<div class=\"WooZone-cross-sell-loader\">\n\t\t<div>\n\t\t\t<div id=\"floatingBarsG\">\n\t\t\t\t<div class=\"blockG\" id=\"rotateG_01\"><\/div>\n\t\t\t\t<div class=\"blockG\" id=\"rotateG_02\"><\/div>\n\t\t\t\t<div class=\"blockG\" id=\"rotateG_03\"><\/div>\n\t\t\t\t<div class=\"blockG\" id=\"rotateG_04\"><\/div>\n\t\t\t\t<div class=\"blockG\" id=\"rotateG_05\"><\/div>\n\t\t\t\t<div class=\"blockG\" id=\"rotateG_06\"><\/div>\n\t\t\t\t<div class=\"blockG\" id=\"rotateG_07\"><\/div>\n\t\t\t\t<div class=\"blockG\" id=\"rotateG_08\"><\/div>\n\t\t\t<\/div>\n\t\t\t<div class=\"WooZone-cross-sell-loader-text\"><\/div>\n\t\t<\/div>\n\t<\/div>\n\n\t\t\n<\/div>\n<div style=\"clear:both;\"><\/div><\/p>\n","protected":false},"excerpt":{"rendered":"<p>\ud83c\udf1f PREMIUM MAGNESIUMKOMPLEX: Unser Magnesiumkomplex beinhaltet die f\u00fcnf besten Formen von Magnesium &#8211; Citrat, Carbonat, Pidolat, Malat und Bisglycinat. Entwickelt f\u00fcr optimale Bioverf\u00fcgbarkeit und maximale Magnesiumzufuhr, bietet er unvergleichliche Vorteile und unterst\u00fctzt die Bed\u00fcrfnisse Ihres K\u00f6rpers auf jeder Ebene.<br \/>\n\ud83d\udd2c HOCH ABSORBIERBAR, AUSSERGEW\u00d6HNLICH REIN: Dieser Magnesiumkomplex zeichnet sich durch die Kombination der h\u00f6chsten Absorptionsraten mit der Reinheit der Inhaltsstoffe aus. Er erm\u00f6glicht eine hohe Magnesiumaufnahme in seinen am besten bioverf\u00fcgbaren Formen und stellt sicher, dass Ihr K\u00f6rper einen reinen und effizienten Magnesiumschub erh\u00e4lt.<br \/>\n\u26a1\ufe0f ENERGIE F\u00dcR IHREN TAG: Unser Magnesiumkomplex tr\u00e4gt aktiv zur Reduzierung von M\u00fcdigkeit und Ersch\u00f6pfung bei und unterst\u00fctzt gleichzeitig das Elektrolytgleichgewicht und den normalen Energiestoffwechsel. Bleiben Sie energiegeladen und fokussiert, egal was Ihr Tag mit sich bringt.<\/p>\n","protected":false},"featured_media":215437,"comment_status":"open","ping_status":"closed","template":"","meta":[],"product_brand":[],"product_cat":[566],"product_tag":[],"class_list":{"0":"post-215436","1":"product","2":"type-product","3":"status-publish","4":"has-post-thumbnail","6":"product_cat-drogerie-koerperpflege","7":"pa_brand-vitastrong","8":"pa_manufacturer-vitastrong","9":"pa_size-150-stueck-1er-pack","11":"first","12":"instock","13":"shipping-taxable","14":"purchasable","15":"product-type-simple","16":"customify-col","17":"product-has-gallery"},"yoast_head":"<!-- This site is optimized with the Yoast SEO plugin v27.4 - https:\/\/yoast.com\/product\/yoast-seo-wordpress\/ -->\n<title>MAGNESIUM KOMPLEX 400mg - 5 in 1 Magnesium Hochdosiert - Magnesiumbisglycinat + Magnesiumcitrat + Magnesium Malat + Pidolat und Carbonat \u2013 Optimale Bioverf\u00fcgbarkeit - Markt-XXL<\/title>\n<meta name=\"description\" content=\"Markt-XXL MAGNESIUM KOMPLEX 400mg - 5 in 1 Magnesium Hochdosiert - Magnesiumbisglycinat + Magnesiumcitrat + Magnesium Malat + Pidolat und Carbonat \u2013 Optimale Bioverf\u00fcgbarkeit\" \/>\n<meta name=\"robots\" content=\"index, follow, max-snippet:-1, max-image-preview:large, max-video-preview:-1\" \/>\n<link rel=\"canonical\" href=\"https:\/\/marktxxl.de\/markt\/produkt\/magnesium-komplex-400mg-5-in-1-magnesium-hochdosiert-magnesiumbisglycinat-magnesiumcitrat-magnesium-malat-pidolat-und-carbonat-optimale-bioverfuegbarkeit\/\" \/>\n<meta property=\"og:locale\" content=\"de_DE\" \/>\n<meta property=\"og:type\" content=\"article\" \/>\n<meta property=\"og:title\" content=\"MAGNESIUM KOMPLEX 400mg - 5 in 1 Magnesium Hochdosiert - Magnesiumbisglycinat + Magnesiumcitrat + Magnesium Malat + Pidolat und Carbonat \u2013 Optimale Bioverf\u00fcgbarkeit - Markt-XXL\" \/>\n<meta property=\"og:description\" content=\"Markt-XXL MAGNESIUM KOMPLEX 400mg - 5 in 1 Magnesium Hochdosiert - Magnesiumbisglycinat + Magnesiumcitrat + Magnesium Malat + Pidolat und Carbonat \u2013 Optimale Bioverf\u00fcgbarkeit\" \/>\n<meta property=\"og:url\" content=\"https:\/\/marktxxl.de\/markt\/produkt\/magnesium-komplex-400mg-5-in-1-magnesium-hochdosiert-magnesiumbisglycinat-magnesiumcitrat-magnesium-malat-pidolat-und-carbonat-optimale-bioverfuegbarkeit\/\" \/>\n<meta property=\"og:site_name\" content=\"Markt-XXL\" \/>\n<meta name=\"twitter:card\" content=\"summary_large_image\" \/>\n<meta name=\"twitter:label1\" content=\"Gesch\u00e4tzte Lesezeit\" \/>\n\t<meta name=\"twitter:data1\" content=\"1\u00a0Minute\" \/>\n<script type=\"application\/ld+json\" class=\"yoast-schema-graph\">{\"@context\":\"https:\\\/\\\/schema.org\",\"@graph\":[{\"@type\":\"WebPage\",\"@id\":\"https:\\\/\\\/marktxxl.de\\\/markt\\\/produkt\\\/magnesium-komplex-400mg-5-in-1-magnesium-hochdosiert-magnesiumbisglycinat-magnesiumcitrat-magnesium-malat-pidolat-und-carbonat-optimale-bioverfuegbarkeit\\\/\",\"url\":\"https:\\\/\\\/marktxxl.de\\\/markt\\\/produkt\\\/magnesium-komplex-400mg-5-in-1-magnesium-hochdosiert-magnesiumbisglycinat-magnesiumcitrat-magnesium-malat-pidolat-und-carbonat-optimale-bioverfuegbarkeit\\\/\",\"name\":\"MAGNESIUM KOMPLEX 400mg - 5 in 1 Magnesium Hochdosiert - Magnesiumbisglycinat + Magnesiumcitrat + Magnesium Malat + Pidolat und Carbonat \u2013 Optimale Bioverf\u00fcgbarkeit - Markt-XXL\",\"isPartOf\":{\"@id\":\"https:\\\/\\\/marktxxl.de\\\/markt\\\/#website\"},\"primaryImageOfPage\":{\"@id\":\"https:\\\/\\\/marktxxl.de\\\/markt\\\/produkt\\\/magnesium-komplex-400mg-5-in-1-magnesium-hochdosiert-magnesiumbisglycinat-magnesiumcitrat-magnesium-malat-pidolat-und-carbonat-optimale-bioverfuegbarkeit\\\/#primaryimage\"},\"image\":{\"@id\":\"https:\\\/\\\/marktxxl.de\\\/markt\\\/produkt\\\/magnesium-komplex-400mg-5-in-1-magnesium-hochdosiert-magnesiumbisglycinat-magnesiumcitrat-magnesium-malat-pidolat-und-carbonat-optimale-bioverfuegbarkeit\\\/#primaryimage\"},\"thumbnailUrl\":\"https:\\\/\\\/m.media-amazon.com\\\/images\\\/I\\\/41qGeDWdMuL._SL500_.jpg\",\"datePublished\":\"2024-06-29T02:04:38+00:00\",\"description\":\"Markt-XXL MAGNESIUM KOMPLEX 400mg - 5 in 1 Magnesium Hochdosiert - Magnesiumbisglycinat + Magnesiumcitrat + Magnesium Malat + Pidolat und Carbonat \u2013 Optimale Bioverf\u00fcgbarkeit\",\"breadcrumb\":{\"@id\":\"https:\\\/\\\/marktxxl.de\\\/markt\\\/produkt\\\/magnesium-komplex-400mg-5-in-1-magnesium-hochdosiert-magnesiumbisglycinat-magnesiumcitrat-magnesium-malat-pidolat-und-carbonat-optimale-bioverfuegbarkeit\\\/#breadcrumb\"},\"inLanguage\":\"de\",\"potentialAction\":[{\"@type\":\"ReadAction\",\"target\":[\"https:\\\/\\\/marktxxl.de\\\/markt\\\/produkt\\\/magnesium-komplex-400mg-5-in-1-magnesium-hochdosiert-magnesiumbisglycinat-magnesiumcitrat-magnesium-malat-pidolat-und-carbonat-optimale-bioverfuegbarkeit\\\/\"]}]},{\"@type\":\"ImageObject\",\"inLanguage\":\"de\",\"@id\":\"https:\\\/\\\/marktxxl.de\\\/markt\\\/produkt\\\/magnesium-komplex-400mg-5-in-1-magnesium-hochdosiert-magnesiumbisglycinat-magnesiumcitrat-magnesium-malat-pidolat-und-carbonat-optimale-bioverfuegbarkeit\\\/#primaryimage\",\"url\":\"https:\\\/\\\/m.media-amazon.com\\\/images\\\/I\\\/41qGeDWdMuL._SL500_.jpg\",\"contentUrl\":\"https:\\\/\\\/m.media-amazon.com\\\/images\\\/I\\\/41qGeDWdMuL._SL500_.jpg\",\"width\":318,\"height\":500},{\"@type\":\"BreadcrumbList\",\"@id\":\"https:\\\/\\\/marktxxl.de\\\/markt\\\/produkt\\\/magnesium-komplex-400mg-5-in-1-magnesium-hochdosiert-magnesiumbisglycinat-magnesiumcitrat-magnesium-malat-pidolat-und-carbonat-optimale-bioverfuegbarkeit\\\/#breadcrumb\",\"itemListElement\":[{\"@type\":\"ListItem\",\"position\":1,\"name\":\"Startseite\",\"item\":\"https:\\\/\\\/marktxxl.de\\\/markt\\\/\"},{\"@type\":\"ListItem\",\"position\":2,\"name\":\"Markt\",\"item\":\"https:\\\/\\\/marktxxl.de\\\/markt\\\/\"},{\"@type\":\"ListItem\",\"position\":3,\"name\":\"MAGNESIUM KOMPLEX 400mg &#8211; 5 in 1 Magnesium Hochdosiert &#8211; Magnesiumbisglycinat + Magnesiumcitrat + Magnesium Malat + Pidolat und Carbonat \u2013 Optimale Bioverf\u00fcgbarkeit\"}]},{\"@type\":\"WebSite\",\"@id\":\"https:\\\/\\\/marktxxl.de\\\/markt\\\/#website\",\"url\":\"https:\\\/\\\/marktxxl.de\\\/markt\\\/\",\"name\":\"Markt-XXL\",\"description\":\"Ihr Markt Online\",\"publisher\":{\"@id\":\"https:\\\/\\\/marktxxl.de\\\/markt\\\/#organization\"},\"potentialAction\":[{\"@type\":\"SearchAction\",\"target\":{\"@type\":\"EntryPoint\",\"urlTemplate\":\"https:\\\/\\\/marktxxl.de\\\/markt\\\/?s={search_term_string}\"},\"query-input\":{\"@type\":\"PropertyValueSpecification\",\"valueRequired\":true,\"valueName\":\"search_term_string\"}}],\"inLanguage\":\"de\"},{\"@type\":\"Organization\",\"@id\":\"https:\\\/\\\/marktxxl.de\\\/markt\\\/#organization\",\"name\":\"Markt-XXL\",\"url\":\"https:\\\/\\\/marktxxl.de\\\/markt\\\/\",\"logo\":{\"@type\":\"ImageObject\",\"inLanguage\":\"de\",\"@id\":\"https:\\\/\\\/marktxxl.de\\\/markt\\\/#\\\/schema\\\/logo\\\/image\\\/\",\"url\":\"https:\\\/\\\/marktxxl.de\\\/markt\\\/wp-content\\\/uploads\\\/sites\\\/3\\\/2020\\\/12\\\/logo.png\",\"contentUrl\":\"https:\\\/\\\/marktxxl.de\\\/markt\\\/wp-content\\\/uploads\\\/sites\\\/3\\\/2020\\\/12\\\/logo.png\",\"width\":200,\"height\":70,\"caption\":\"Markt-XXL\"},\"image\":{\"@id\":\"https:\\\/\\\/marktxxl.de\\\/markt\\\/#\\\/schema\\\/logo\\\/image\\\/\"}}]}<\/script>\n<!-- \/ Yoast SEO plugin. -->","yoast_head_json":{"title":"MAGNESIUM KOMPLEX 400mg - 5 in 1 Magnesium Hochdosiert - Magnesiumbisglycinat + Magnesiumcitrat + Magnesium Malat + Pidolat und Carbonat \u2013 Optimale Bioverf\u00fcgbarkeit - Markt-XXL","description":"Markt-XXL MAGNESIUM KOMPLEX 400mg - 5 in 1 Magnesium Hochdosiert - Magnesiumbisglycinat + Magnesiumcitrat + Magnesium Malat + Pidolat und Carbonat \u2013 Optimale Bioverf\u00fcgbarkeit","robots":{"index":"index","follow":"follow","max-snippet":"max-snippet:-1","max-image-preview":"max-image-preview:large","max-video-preview":"max-video-preview:-1"},"canonical":"https:\/\/marktxxl.de\/markt\/produkt\/magnesium-komplex-400mg-5-in-1-magnesium-hochdosiert-magnesiumbisglycinat-magnesiumcitrat-magnesium-malat-pidolat-und-carbonat-optimale-bioverfuegbarkeit\/","og_locale":"de_DE","og_type":"article","og_title":"MAGNESIUM KOMPLEX 400mg - 5 in 1 Magnesium Hochdosiert - Magnesiumbisglycinat + Magnesiumcitrat + Magnesium Malat + Pidolat und Carbonat \u2013 Optimale Bioverf\u00fcgbarkeit - Markt-XXL","og_description":"Markt-XXL MAGNESIUM KOMPLEX 400mg - 5 in 1 Magnesium Hochdosiert - Magnesiumbisglycinat + Magnesiumcitrat + Magnesium Malat + Pidolat und Carbonat \u2013 Optimale Bioverf\u00fcgbarkeit","og_url":"https:\/\/marktxxl.de\/markt\/produkt\/magnesium-komplex-400mg-5-in-1-magnesium-hochdosiert-magnesiumbisglycinat-magnesiumcitrat-magnesium-malat-pidolat-und-carbonat-optimale-bioverfuegbarkeit\/","og_site_name":"Markt-XXL","twitter_card":"summary_large_image","twitter_misc":{"Gesch\u00e4tzte Lesezeit":"1\u00a0Minute"},"schema":{"@context":"https:\/\/schema.org","@graph":[{"@type":"WebPage","@id":"https:\/\/marktxxl.de\/markt\/produkt\/magnesium-komplex-400mg-5-in-1-magnesium-hochdosiert-magnesiumbisglycinat-magnesiumcitrat-magnesium-malat-pidolat-und-carbonat-optimale-bioverfuegbarkeit\/","url":"https:\/\/marktxxl.de\/markt\/produkt\/magnesium-komplex-400mg-5-in-1-magnesium-hochdosiert-magnesiumbisglycinat-magnesiumcitrat-magnesium-malat-pidolat-und-carbonat-optimale-bioverfuegbarkeit\/","name":"MAGNESIUM KOMPLEX 400mg - 5 in 1 Magnesium Hochdosiert - Magnesiumbisglycinat + Magnesiumcitrat + Magnesium Malat + Pidolat und Carbonat \u2013 Optimale Bioverf\u00fcgbarkeit - Markt-XXL","isPartOf":{"@id":"https:\/\/marktxxl.de\/markt\/#website"},"primaryImageOfPage":{"@id":"https:\/\/marktxxl.de\/markt\/produkt\/magnesium-komplex-400mg-5-in-1-magnesium-hochdosiert-magnesiumbisglycinat-magnesiumcitrat-magnesium-malat-pidolat-und-carbonat-optimale-bioverfuegbarkeit\/#primaryimage"},"image":{"@id":"https:\/\/marktxxl.de\/markt\/produkt\/magnesium-komplex-400mg-5-in-1-magnesium-hochdosiert-magnesiumbisglycinat-magnesiumcitrat-magnesium-malat-pidolat-und-carbonat-optimale-bioverfuegbarkeit\/#primaryimage"},"thumbnailUrl":"https:\/\/m.media-amazon.com\/images\/I\/41qGeDWdMuL._SL500_.jpg","datePublished":"2024-06-29T02:04:38+00:00","description":"Markt-XXL MAGNESIUM KOMPLEX 400mg - 5 in 1 Magnesium Hochdosiert - Magnesiumbisglycinat + Magnesiumcitrat + Magnesium Malat + Pidolat und Carbonat \u2013 Optimale Bioverf\u00fcgbarkeit","breadcrumb":{"@id":"https:\/\/marktxxl.de\/markt\/produkt\/magnesium-komplex-400mg-5-in-1-magnesium-hochdosiert-magnesiumbisglycinat-magnesiumcitrat-magnesium-malat-pidolat-und-carbonat-optimale-bioverfuegbarkeit\/#breadcrumb"},"inLanguage":"de","potentialAction":[{"@type":"ReadAction","target":["https:\/\/marktxxl.de\/markt\/produkt\/magnesium-komplex-400mg-5-in-1-magnesium-hochdosiert-magnesiumbisglycinat-magnesiumcitrat-magnesium-malat-pidolat-und-carbonat-optimale-bioverfuegbarkeit\/"]}]},{"@type":"ImageObject","inLanguage":"de","@id":"https:\/\/marktxxl.de\/markt\/produkt\/magnesium-komplex-400mg-5-in-1-magnesium-hochdosiert-magnesiumbisglycinat-magnesiumcitrat-magnesium-malat-pidolat-und-carbonat-optimale-bioverfuegbarkeit\/#primaryimage","url":"https:\/\/m.media-amazon.com\/images\/I\/41qGeDWdMuL._SL500_.jpg","contentUrl":"https:\/\/m.media-amazon.com\/images\/I\/41qGeDWdMuL._SL500_.jpg","width":318,"height":500},{"@type":"BreadcrumbList","@id":"https:\/\/marktxxl.de\/markt\/produkt\/magnesium-komplex-400mg-5-in-1-magnesium-hochdosiert-magnesiumbisglycinat-magnesiumcitrat-magnesium-malat-pidolat-und-carbonat-optimale-bioverfuegbarkeit\/#breadcrumb","itemListElement":[{"@type":"ListItem","position":1,"name":"Startseite","item":"https:\/\/marktxxl.de\/markt\/"},{"@type":"ListItem","position":2,"name":"Markt","item":"https:\/\/marktxxl.de\/markt\/"},{"@type":"ListItem","position":3,"name":"MAGNESIUM KOMPLEX 400mg &#8211; 5 in 1 Magnesium Hochdosiert &#8211; Magnesiumbisglycinat + Magnesiumcitrat + Magnesium Malat + Pidolat und Carbonat \u2013 Optimale Bioverf\u00fcgbarkeit"}]},{"@type":"WebSite","@id":"https:\/\/marktxxl.de\/markt\/#website","url":"https:\/\/marktxxl.de\/markt\/","name":"Markt-XXL","description":"Ihr Markt Online","publisher":{"@id":"https:\/\/marktxxl.de\/markt\/#organization"},"potentialAction":[{"@type":"SearchAction","target":{"@type":"EntryPoint","urlTemplate":"https:\/\/marktxxl.de\/markt\/?s={search_term_string}"},"query-input":{"@type":"PropertyValueSpecification","valueRequired":true,"valueName":"search_term_string"}}],"inLanguage":"de"},{"@type":"Organization","@id":"https:\/\/marktxxl.de\/markt\/#organization","name":"Markt-XXL","url":"https:\/\/marktxxl.de\/markt\/","logo":{"@type":"ImageObject","inLanguage":"de","@id":"https:\/\/marktxxl.de\/markt\/#\/schema\/logo\/image\/","url":"https:\/\/marktxxl.de\/markt\/wp-content\/uploads\/sites\/3\/2020\/12\/logo.png","contentUrl":"https:\/\/marktxxl.de\/markt\/wp-content\/uploads\/sites\/3\/2020\/12\/logo.png","width":200,"height":70,"caption":"Markt-XXL"},"image":{"@id":"https:\/\/marktxxl.de\/markt\/#\/schema\/logo\/image\/"}}]}},"_links":{"self":[{"href":"https:\/\/marktxxl.de\/markt\/wp-json\/wp\/v2\/product\/215436","targetHints":{"allow":["GET"]}}],"collection":[{"href":"https:\/\/marktxxl.de\/markt\/wp-json\/wp\/v2\/product"}],"about":[{"href":"https:\/\/marktxxl.de\/markt\/wp-json\/wp\/v2\/types\/product"}],"replies":[{"embeddable":true,"href":"https:\/\/marktxxl.de\/markt\/wp-json\/wp\/v2\/comments?post=215436"}],"wp:featuredmedia":[{"embeddable":true,"href":"https:\/\/marktxxl.de\/markt\/wp-json\/wp\/v2\/media\/215437"}],"wp:attachment":[{"href":"https:\/\/marktxxl.de\/markt\/wp-json\/wp\/v2\/media?parent=215436"}],"wp:term":[{"taxonomy":"product_brand","embeddable":true,"href":"https:\/\/marktxxl.de\/markt\/wp-json\/wp\/v2\/product_brand?post=215436"},{"taxonomy":"product_cat","embeddable":true,"href":"https:\/\/marktxxl.de\/markt\/wp-json\/wp\/v2\/product_cat?post=215436"},{"taxonomy":"product_tag","embeddable":true,"href":"https:\/\/marktxxl.de\/markt\/wp-json\/wp\/v2\/product_tag?post=215436"}],"curies":[{"name":"wp","href":"https:\/\/api.w.org\/{rel}","templated":true}]}}