{"id":215394,"date":"2024-06-29T04:02:10","date_gmt":"2024-06-29T02:02:10","guid":{"rendered":"https:\/\/marktxxl.de\/markt\/produkt\/gssusa-luftpolster-versandtaschen-152-x-254\/"},"modified":"2024-06-29T04:02:10","modified_gmt":"2024-06-29T02:02:10","slug":"gssusa-luftpolster-versandtaschen-152-x-254","status":"publish","type":"product","link":"https:\/\/marktxxl.de\/markt\/produkt\/gssusa-luftpolster-versandtaschen-152-x-254\/","title":{"rendered":"GSSUSA Luftpolster-Versandtaschen, 15,2 x 25,4"},"content":{"rendered":"<p>Pinke Luftpolster-Versandtaschen \u2013 unsere rosa Luftpolster-Versandtaschen sind eine zuverl\u00e4ssige Verpackungsl\u00f6sung f\u00fcr Ihren Einzelhandel oder Online-Unternehmen. Diese gepolsterten Versandtaschen messen 21,6 x 30,5 cm, 40 St\u00fcck. Diese rosa Luftpolster-Versandtaschen sind eine lustige und modische Art, Ihre Pakete zu versenden. Verleihen Sie jedem Paket, das Sie an Ihre Kunden senden, lebendige Farben und eine pers\u00f6nliche Note. Heben Sie Ihr Unternehmen von den anderen ab und hinterlassen Sie einen bleibenden Eindruck.<br \/>\nEinfach abziehen und versiegeln: Jeder Luftpolster-Versandbeutel hat einen starken, selbstklebenden Klebestreifen. Einfach abziehen und umklappen, um jedes Paket sicher zu verschlie\u00dfen. Luftpolster-Versandtaschen sind der effiziente Weg, um alle Ihre Pakete zu versenden. Ideal f\u00fcr den gewerblichen und Einzelhandel. Diese Luftpolster-Versandtaschen sind praktisch, leicht. Eliminieren Sie die Notwendigkeit f\u00fcr Versandkartons und Klebeband, indem Sie stattdessen Versandtaschen verwenden. Beobachten Sie, wie sich die Ersparnisse summieren und Ihr Endergebnis steigern<br \/>\nRobust und langlebig: Unsere Luftpolster-Versandtaschen sind aus guten Materialien gefertigt. Versenden Sie Ihre Pakete selbstbewusst mit unseren starken und langlebigen Versandtaschen. Jede Versandtasche ist mit einem starken, selbstklebenden Klebestreifen ausgestattet. Diese Luftpolster-Versandtaschen sind nicht leicht zu rei\u00dfen. Sie k\u00f6nnen sich darauf verlassen, dass unsere gepolsterten Luftpolsterversandtaschen Ihre Pakete sicher aufbewahren, bis sie ihr Ziel erreichen.<br \/>\nPraktisch und effizient: Versandtaschen sind eine g\u00fcnstige Alternative zu Standard-Verpackungen und helfen dabei, die Artikel Ihrer Kunden sicher aufzubewahren. Gepolsterte Luftpolster-Versandtaschen sind ideal f\u00fcr den Versand von leichten und weniger zerbrechlichen Produkten. Diese Versandtaschen sind perfekt f\u00fcr den Versand einer Vielzahl von Artikeln wie Bekleidung und Accessoires, handgefertigtem Schmuck, Nadeln, B\u00fcchern, Kosmetika und vielem mehr.<br \/>\nHinterlassen Sie einen bleibenden Eindruck \u2013 unsere pinkfarbenen gepolsterten Versandtaschen werden Ihr Gesch\u00e4ft von den anderen abheben. Hinterlassen Sie einen bleibenden Eindruck. Sie werden es lieben, sich auf Ihre Pakete mit der Post zu freuen. Farbige Luftpolster-Versandtaschen sind eine gro\u00dfartige M\u00f6glichkeit, ein Markenbild aufzubauen. Gestalten Sie Ihre Versandtaschen weiter mit Ihren eigenen Logo-Stempeln oder Aufklebern. Perfekt f\u00fcr Kleinunternehmen und E-H\u00e4ndler. Lassen Sie sich von unseren Versandtaschen helfen, Ihr Gesch\u00e4ft auszubauen und Ihre Marke aufzubauen.<br \/>\n<div class=\"main-cross-sell\" data-asin=\"B08YLWNCDH\">\n\n\t<div class=\"WooZone-cross-sell-loader\">\n\t\t<div>\n\t\t\t<div id=\"floatingBarsG\">\n\t\t\t\t<div class=\"blockG\" id=\"rotateG_01\"><\/div>\n\t\t\t\t<div class=\"blockG\" id=\"rotateG_02\"><\/div>\n\t\t\t\t<div class=\"blockG\" id=\"rotateG_03\"><\/div>\n\t\t\t\t<div class=\"blockG\" id=\"rotateG_04\"><\/div>\n\t\t\t\t<div class=\"blockG\" id=\"rotateG_05\"><\/div>\n\t\t\t\t<div class=\"blockG\" id=\"rotateG_06\"><\/div>\n\t\t\t\t<div class=\"blockG\" id=\"rotateG_07\"><\/div>\n\t\t\t\t<div class=\"blockG\" id=\"rotateG_08\"><\/div>\n\t\t\t<\/div>\n\t\t\t<div class=\"WooZone-cross-sell-loader-text\"><\/div>\n\t\t<\/div>\n\t<\/div>\n\n\t\t\n<\/div>\n<div style=\"clear:both;\"><\/div><\/p>\n","protected":false},"excerpt":{"rendered":"<p>Pinke Luftpolster-Versandtaschen \u2013 unsere rosa Luftpolster-Versandtaschen sind eine zuverl\u00e4ssige Verpackungsl\u00f6sung f\u00fcr Ihren Einzelhandel oder Online-Unternehmen. Diese gepolsterten Versandtaschen messen 21,6 x 30,5 cm, 40 St\u00fcck. Diese rosa Luftpolster-Versandtaschen sind eine lustige und modische Art, Ihre Pakete zu versenden. Verleihen Sie jedem Paket, das Sie an Ihre Kunden senden, lebendige Farben und eine pers\u00f6nliche Note. Heben Sie Ihr Unternehmen von den anderen ab und hinterlassen Sie einen bleibenden Eindruck.<br \/>\nEinfach abziehen und versiegeln: Jeder Luftpolster-Versandbeutel hat einen starken, selbstklebenden Klebestreifen. Einfach abziehen und umklappen, um jedes Paket sicher zu verschlie\u00dfen. Luftpolster-Versandtaschen sind der effiziente Weg, um alle Ihre Pakete zu versenden. Ideal f\u00fcr den gewerblichen und Einzelhandel. Diese Luftpolster-Versandtaschen sind praktisch, leicht. Eliminieren Sie die Notwendigkeit f\u00fcr Versandkartons und Klebeband, indem Sie stattdessen Versandtaschen verwenden. Beobachten Sie, wie sich die Ersparnisse summieren und Ihr Endergebnis steigern<br \/>\nRobust und langlebig: Unsere Luftpolster-Versandtaschen sind aus guten Materialien gefertigt. Versenden Sie Ihre Pakete selbstbewusst mit unseren starken und langlebigen Versandtaschen. Jede Versandtasche ist mit einem starken, selbstklebenden Klebestreifen ausgestattet. Diese Luftpolster-Versandtaschen sind nicht leicht zu rei\u00dfen. Sie k\u00f6nnen sich darauf verlassen, dass unsere gepolsterten Luftpolsterversandtaschen Ihre Pakete sicher aufbewahren, bis sie ihr Ziel erreichen.<\/p>\n","protected":false},"featured_media":215403,"comment_status":"open","ping_status":"closed","template":"","meta":[],"product_brand":[],"product_cat":[504,8703],"product_tag":[],"class_list":{"0":"post-215394","1":"product","2":"type-product","3":"status-publish","4":"has-post-thumbnail","6":"product_cat-buerobedarf-schreibwaren","7":"product_cat-umschlaege-versandzubehoer","8":"pa_binding-buerobedarf-schreibwaren","9":"pa_brand-gssusa","10":"pa_farbe-blaugruen","11":"pa_farbe-blaugruen-ein-hauch-von-paradies-trace-of-paradise","12":"pa_farbe-pink","13":"pa_farbe-schwarz","14":"pa_farbe-weiss-opulenter-garten","15":"pa_groesse-10-5x16-40pcs","16":"pa_groesse-4x8-100pc","17":"pa_groesse-4x8-50-pc","18":"pa_groesse-4x8-50pc","19":"pa_groesse-8-5x12-40pcs","20":"pa_manufacturer-gssusa","21":"pa_model-gssusa","23":"first","24":"instock","25":"shipping-taxable","26":"purchasable","27":"product-type-variable","28":"customify-col","29":"product-has-gallery"},"yoast_head":"<!-- This site is optimized with the Yoast SEO plugin v27.3 - https:\/\/yoast.com\/product\/yoast-seo-wordpress\/ -->\n<title>GSSUSA Luftpolster-Versandtaschen, 15,2 x 25,4 - Markt-XXL<\/title>\n<meta name=\"description\" content=\"Markt-XXL GSSUSA Luftpolster-Versandtaschen, 15,2 x 25,4\" \/>\n<meta name=\"robots\" content=\"index, follow, max-snippet:-1, max-image-preview:large, max-video-preview:-1\" \/>\n<link rel=\"canonical\" href=\"https:\/\/marktxxl.de\/markt\/produkt\/gssusa-luftpolster-versandtaschen-152-x-254\/\" \/>\n<meta property=\"og:locale\" content=\"de_DE\" \/>\n<meta property=\"og:type\" content=\"article\" \/>\n<meta property=\"og:title\" content=\"GSSUSA Luftpolster-Versandtaschen, 15,2 x 25,4 - Markt-XXL\" \/>\n<meta property=\"og:description\" content=\"Markt-XXL GSSUSA Luftpolster-Versandtaschen, 15,2 x 25,4\" \/>\n<meta property=\"og:url\" content=\"https:\/\/marktxxl.de\/markt\/produkt\/gssusa-luftpolster-versandtaschen-152-x-254\/\" \/>\n<meta property=\"og:site_name\" content=\"Markt-XXL\" \/>\n<meta name=\"twitter:card\" content=\"summary_large_image\" \/>\n<meta name=\"twitter:label1\" content=\"Gesch\u00e4tzte Lesezeit\" \/>\n\t<meta name=\"twitter:data1\" content=\"2\u00a0Minuten\" \/>\n<script type=\"application\/ld+json\" class=\"yoast-schema-graph\">{\"@context\":\"https:\\\/\\\/schema.org\",\"@graph\":[{\"@type\":\"WebPage\",\"@id\":\"https:\\\/\\\/marktxxl.de\\\/markt\\\/produkt\\\/gssusa-luftpolster-versandtaschen-152-x-254\\\/\",\"url\":\"https:\\\/\\\/marktxxl.de\\\/markt\\\/produkt\\\/gssusa-luftpolster-versandtaschen-152-x-254\\\/\",\"name\":\"GSSUSA Luftpolster-Versandtaschen, 15,2 x 25,4 - Markt-XXL\",\"isPartOf\":{\"@id\":\"https:\\\/\\\/marktxxl.de\\\/markt\\\/#website\"},\"primaryImageOfPage\":{\"@id\":\"https:\\\/\\\/marktxxl.de\\\/markt\\\/produkt\\\/gssusa-luftpolster-versandtaschen-152-x-254\\\/#primaryimage\"},\"image\":{\"@id\":\"https:\\\/\\\/marktxxl.de\\\/markt\\\/produkt\\\/gssusa-luftpolster-versandtaschen-152-x-254\\\/#primaryimage\"},\"thumbnailUrl\":\"https:\\\/\\\/m.media-amazon.com\\\/images\\\/I\\\/51Lyi5UZEhL._SL500_.jpg\",\"datePublished\":\"2024-06-29T02:02:10+00:00\",\"description\":\"Markt-XXL GSSUSA Luftpolster-Versandtaschen, 15,2 x 25,4\",\"breadcrumb\":{\"@id\":\"https:\\\/\\\/marktxxl.de\\\/markt\\\/produkt\\\/gssusa-luftpolster-versandtaschen-152-x-254\\\/#breadcrumb\"},\"inLanguage\":\"de\",\"potentialAction\":[{\"@type\":\"ReadAction\",\"target\":[\"https:\\\/\\\/marktxxl.de\\\/markt\\\/produkt\\\/gssusa-luftpolster-versandtaschen-152-x-254\\\/\"]}]},{\"@type\":\"ImageObject\",\"inLanguage\":\"de\",\"@id\":\"https:\\\/\\\/marktxxl.de\\\/markt\\\/produkt\\\/gssusa-luftpolster-versandtaschen-152-x-254\\\/#primaryimage\",\"url\":\"https:\\\/\\\/m.media-amazon.com\\\/images\\\/I\\\/51Lyi5UZEhL._SL500_.jpg\",\"contentUrl\":\"https:\\\/\\\/m.media-amazon.com\\\/images\\\/I\\\/51Lyi5UZEhL._SL500_.jpg\",\"width\":500,\"height\":500},{\"@type\":\"BreadcrumbList\",\"@id\":\"https:\\\/\\\/marktxxl.de\\\/markt\\\/produkt\\\/gssusa-luftpolster-versandtaschen-152-x-254\\\/#breadcrumb\",\"itemListElement\":[{\"@type\":\"ListItem\",\"position\":1,\"name\":\"Startseite\",\"item\":\"https:\\\/\\\/marktxxl.de\\\/markt\\\/\"},{\"@type\":\"ListItem\",\"position\":2,\"name\":\"Markt\",\"item\":\"https:\\\/\\\/marktxxl.de\\\/markt\\\/\"},{\"@type\":\"ListItem\",\"position\":3,\"name\":\"GSSUSA Luftpolster-Versandtaschen, 15,2 x 25,4\"}]},{\"@type\":\"WebSite\",\"@id\":\"https:\\\/\\\/marktxxl.de\\\/markt\\\/#website\",\"url\":\"https:\\\/\\\/marktxxl.de\\\/markt\\\/\",\"name\":\"Markt-XXL\",\"description\":\"Ihr Markt Online\",\"publisher\":{\"@id\":\"https:\\\/\\\/marktxxl.de\\\/markt\\\/#organization\"},\"potentialAction\":[{\"@type\":\"SearchAction\",\"target\":{\"@type\":\"EntryPoint\",\"urlTemplate\":\"https:\\\/\\\/marktxxl.de\\\/markt\\\/?s={search_term_string}\"},\"query-input\":{\"@type\":\"PropertyValueSpecification\",\"valueRequired\":true,\"valueName\":\"search_term_string\"}}],\"inLanguage\":\"de\"},{\"@type\":\"Organization\",\"@id\":\"https:\\\/\\\/marktxxl.de\\\/markt\\\/#organization\",\"name\":\"Markt-XXL\",\"url\":\"https:\\\/\\\/marktxxl.de\\\/markt\\\/\",\"logo\":{\"@type\":\"ImageObject\",\"inLanguage\":\"de\",\"@id\":\"https:\\\/\\\/marktxxl.de\\\/markt\\\/#\\\/schema\\\/logo\\\/image\\\/\",\"url\":\"https:\\\/\\\/marktxxl.de\\\/markt\\\/wp-content\\\/uploads\\\/sites\\\/3\\\/2020\\\/12\\\/logo.png\",\"contentUrl\":\"https:\\\/\\\/marktxxl.de\\\/markt\\\/wp-content\\\/uploads\\\/sites\\\/3\\\/2020\\\/12\\\/logo.png\",\"width\":200,\"height\":70,\"caption\":\"Markt-XXL\"},\"image\":{\"@id\":\"https:\\\/\\\/marktxxl.de\\\/markt\\\/#\\\/schema\\\/logo\\\/image\\\/\"}}]}<\/script>\n<!-- \/ Yoast SEO plugin. -->","yoast_head_json":{"title":"GSSUSA Luftpolster-Versandtaschen, 15,2 x 25,4 - Markt-XXL","description":"Markt-XXL GSSUSA Luftpolster-Versandtaschen, 15,2 x 25,4","robots":{"index":"index","follow":"follow","max-snippet":"max-snippet:-1","max-image-preview":"max-image-preview:large","max-video-preview":"max-video-preview:-1"},"canonical":"https:\/\/marktxxl.de\/markt\/produkt\/gssusa-luftpolster-versandtaschen-152-x-254\/","og_locale":"de_DE","og_type":"article","og_title":"GSSUSA Luftpolster-Versandtaschen, 15,2 x 25,4 - Markt-XXL","og_description":"Markt-XXL GSSUSA Luftpolster-Versandtaschen, 15,2 x 25,4","og_url":"https:\/\/marktxxl.de\/markt\/produkt\/gssusa-luftpolster-versandtaschen-152-x-254\/","og_site_name":"Markt-XXL","twitter_card":"summary_large_image","twitter_misc":{"Gesch\u00e4tzte Lesezeit":"2\u00a0Minuten"},"schema":{"@context":"https:\/\/schema.org","@graph":[{"@type":"WebPage","@id":"https:\/\/marktxxl.de\/markt\/produkt\/gssusa-luftpolster-versandtaschen-152-x-254\/","url":"https:\/\/marktxxl.de\/markt\/produkt\/gssusa-luftpolster-versandtaschen-152-x-254\/","name":"GSSUSA Luftpolster-Versandtaschen, 15,2 x 25,4 - Markt-XXL","isPartOf":{"@id":"https:\/\/marktxxl.de\/markt\/#website"},"primaryImageOfPage":{"@id":"https:\/\/marktxxl.de\/markt\/produkt\/gssusa-luftpolster-versandtaschen-152-x-254\/#primaryimage"},"image":{"@id":"https:\/\/marktxxl.de\/markt\/produkt\/gssusa-luftpolster-versandtaschen-152-x-254\/#primaryimage"},"thumbnailUrl":"https:\/\/m.media-amazon.com\/images\/I\/51Lyi5UZEhL._SL500_.jpg","datePublished":"2024-06-29T02:02:10+00:00","description":"Markt-XXL GSSUSA Luftpolster-Versandtaschen, 15,2 x 25,4","breadcrumb":{"@id":"https:\/\/marktxxl.de\/markt\/produkt\/gssusa-luftpolster-versandtaschen-152-x-254\/#breadcrumb"},"inLanguage":"de","potentialAction":[{"@type":"ReadAction","target":["https:\/\/marktxxl.de\/markt\/produkt\/gssusa-luftpolster-versandtaschen-152-x-254\/"]}]},{"@type":"ImageObject","inLanguage":"de","@id":"https:\/\/marktxxl.de\/markt\/produkt\/gssusa-luftpolster-versandtaschen-152-x-254\/#primaryimage","url":"https:\/\/m.media-amazon.com\/images\/I\/51Lyi5UZEhL._SL500_.jpg","contentUrl":"https:\/\/m.media-amazon.com\/images\/I\/51Lyi5UZEhL._SL500_.jpg","width":500,"height":500},{"@type":"BreadcrumbList","@id":"https:\/\/marktxxl.de\/markt\/produkt\/gssusa-luftpolster-versandtaschen-152-x-254\/#breadcrumb","itemListElement":[{"@type":"ListItem","position":1,"name":"Startseite","item":"https:\/\/marktxxl.de\/markt\/"},{"@type":"ListItem","position":2,"name":"Markt","item":"https:\/\/marktxxl.de\/markt\/"},{"@type":"ListItem","position":3,"name":"GSSUSA Luftpolster-Versandtaschen, 15,2 x 25,4"}]},{"@type":"WebSite","@id":"https:\/\/marktxxl.de\/markt\/#website","url":"https:\/\/marktxxl.de\/markt\/","name":"Markt-XXL","description":"Ihr Markt Online","publisher":{"@id":"https:\/\/marktxxl.de\/markt\/#organization"},"potentialAction":[{"@type":"SearchAction","target":{"@type":"EntryPoint","urlTemplate":"https:\/\/marktxxl.de\/markt\/?s={search_term_string}"},"query-input":{"@type":"PropertyValueSpecification","valueRequired":true,"valueName":"search_term_string"}}],"inLanguage":"de"},{"@type":"Organization","@id":"https:\/\/marktxxl.de\/markt\/#organization","name":"Markt-XXL","url":"https:\/\/marktxxl.de\/markt\/","logo":{"@type":"ImageObject","inLanguage":"de","@id":"https:\/\/marktxxl.de\/markt\/#\/schema\/logo\/image\/","url":"https:\/\/marktxxl.de\/markt\/wp-content\/uploads\/sites\/3\/2020\/12\/logo.png","contentUrl":"https:\/\/marktxxl.de\/markt\/wp-content\/uploads\/sites\/3\/2020\/12\/logo.png","width":200,"height":70,"caption":"Markt-XXL"},"image":{"@id":"https:\/\/marktxxl.de\/markt\/#\/schema\/logo\/image\/"}}]}},"_links":{"self":[{"href":"https:\/\/marktxxl.de\/markt\/wp-json\/wp\/v2\/product\/215394","targetHints":{"allow":["GET"]}}],"collection":[{"href":"https:\/\/marktxxl.de\/markt\/wp-json\/wp\/v2\/product"}],"about":[{"href":"https:\/\/marktxxl.de\/markt\/wp-json\/wp\/v2\/types\/product"}],"replies":[{"embeddable":true,"href":"https:\/\/marktxxl.de\/markt\/wp-json\/wp\/v2\/comments?post=215394"}],"wp:featuredmedia":[{"embeddable":true,"href":"https:\/\/marktxxl.de\/markt\/wp-json\/wp\/v2\/media\/215403"}],"wp:attachment":[{"href":"https:\/\/marktxxl.de\/markt\/wp-json\/wp\/v2\/media?parent=215394"}],"wp:term":[{"taxonomy":"product_brand","embeddable":true,"href":"https:\/\/marktxxl.de\/markt\/wp-json\/wp\/v2\/product_brand?post=215394"},{"taxonomy":"product_cat","embeddable":true,"href":"https:\/\/marktxxl.de\/markt\/wp-json\/wp\/v2\/product_cat?post=215394"},{"taxonomy":"product_tag","embeddable":true,"href":"https:\/\/marktxxl.de\/markt\/wp-json\/wp\/v2\/product_tag?post=215394"}],"curies":[{"name":"wp","href":"https:\/\/api.w.org\/{rel}","templated":true}]}}